{"id":9141,"date":"2022-02-22T12:36:16","date_gmt":"2022-02-22T12:36:16","guid":{"rendered":"https:\/\/deveho2.sfdbeta.be\/industrie\/"},"modified":"2022-10-27T17:11:25","modified_gmt":"2022-10-27T15:11:25","slug":"industrie","status":"publish","type":"page","link":"https:\/\/deveho.com\/fr\/secteurs\/industrie\/","title":{"rendered":"Industrie"},"content":{"rendered":"<br \/>\n<h3>Vos <b><red>atouts<\/b><\/red>   <\/h3>\n<p><p>Sage X3 g\u00e8re toutes vos activit\u00e9s (achats, entreposage, ventes et finances) plus rapidement et efficacement tout en rendant visibles co\u00fbts et marges. Le r\u00e9sultat en est un processus de vente rationalis\u00e9, une augmentation de vos revenus, un aper\u00e7u plus pr\u00e9cis des stocks et une meilleure planification des op\u00e9rations.<\/p>\n<p>&#8211; Technologie de pointe<br \/>\n&#8211; \u00c9quipement industriel<br \/>\n&#8211; Appareils m\u00e9dicaux<br \/>\n&#8211; Fabrication de m\u00e9taux<\/p>\n<\/p>\n<p>R\u00e9agissez plus rapidement aux demandes changeantes de la client\u00e8le et g\u00e9rez-en mieux la volatibilit\u00e9.<\/p>\n<p>Adaptez-vous rapidement aux nouvelles r\u00e9glementations et obligations en mati\u00e8re de conformit\u00e9.<\/p>\n<p>Minimisez d\u00e9chets, risques de contamination crois\u00e9e et co\u00fbts li\u00e9s aux d\u00e9versements.<\/p>\n<p>R\u00e9duisez les risques et l&rsquo;ampleur des retours en garantissant une qualit\u00e9 et une s\u00e9curit\u00e9 constantes de vos produits.<\/p>\n<h2><b><red><b>Fonctionnalit\u00e9s<\/b><\/red> <b>Sage X3<\/b><\/h2>\n<h3><\/h3>\n<p><p>Gestion des processus de fabrication (en continu ou en lots)<\/p>\n<\/p>\n<h3><\/h3>\n<p><p>Planification des besoins en capacit\u00e9 (CRP) et programme directeur de production (MPS)<\/p>\n<\/p>\n<h3><\/h3>\n<p><p>Planification des processus de production en mode mixte<\/p>\n<\/p>\n<h3><\/h3>\n<p><p>Gestion des recettes et formules et de leurs concentrations<\/p>\n<\/p>\n<h3><\/h3>\n<p><p>Contr\u00f4le approfondi de la qualit\u00e9 et tra\u00e7abilit\u00e9 des lots, sous-lots, ingr\u00e9dients et allerg\u00e8nes<\/p>\n<\/p>\n<h3><\/h3>\n<p><p>Planification et r\u00e9tro-planification en fonction de vos priorit\u00e9s<\/p>\n<\/p>\n<h3><\/h3>\n<p><p>\u00c9tat des stocks, gestion des dur\u00e9es de conservation et suivi des dates d&#8217;expiration pour garantir la qualit\u00e9 tout au long de la cha\u00eene d&#8217;approvisionnement<\/p>\n<\/p>\n<h3><\/h3>\n<p><p>R\u00e9approvisionnement et transferts entre sites<\/p>\n<\/p>\n<h2><\/h2>\n<h3>Pages Li\u00e9es<\/h3>\n<\/p>\n<h3><\/h3>\n<\/p>\n<h3><\/h3><\/p>\n","protected":false},"excerpt":{"rendered":"<p>Dans un march\u00e9 de plus en plus mondialis\u00e9, conqu\u00e9rir de nouveaux march\u00e9s, donner satisfaction aux clients, fournir des produits et services de haute qualit\u00e9 et orienter l&rsquo;activit\u00e9 dans la bonne direction sont des pr\u00e9occupations majeures pour les entreprises de la distribution. <\/p>\n","protected":false},"author":3,"featured_media":0,"parent":10353,"menu_order":0,"comment_status":"closed","ping_status":"closed","template":"templates\/template-inner.php","meta":{"_acf_changed":false,"footnotes":""},"class_list":["post-9141","page","type-page","status-publish","hentry"],"acf":[],"yoast_head":"<!-- This site is optimized with the Yoast SEO plugin v23.5 - https:\/\/yoast.com\/wordpress\/plugins\/seo\/ -->\n<title>Industrie - Deveho<\/title>\n<meta name=\"robots\" content=\"index, follow, max-snippet:-1, max-image-preview:large, max-video-preview:-1\" \/>\n<link rel=\"canonical\" href=\"https:\/\/deveho.com\/sectors\/industry\/\" \/>\n<meta property=\"og:locale\" content=\"fr_FR\" \/>\n<meta property=\"og:type\" content=\"article\" \/>\n<meta property=\"og:title\" content=\"Industrie - Deveho\" \/>\n<meta property=\"og:description\" content=\"Dans un march\u00e9 de plus en plus mondialis\u00e9, conqu\u00e9rir de nouveaux march\u00e9s, donner satisfaction aux clients, fournir des produits et services de haute qualit\u00e9 et orienter l&#039;activit\u00e9 dans la bonne direction sont des pr\u00e9occupations majeures pour les entreprises de la distribution.\" \/>\n<meta property=\"og:url\" content=\"https:\/\/deveho.com\/sectors\/industry\/\" \/>\n<meta property=\"og:site_name\" content=\"Deveho\" \/>\n<meta property=\"article:publisher\" content=\"https:\/\/www.facebook.com\/deveho\" \/>\n<meta property=\"article:modified_time\" content=\"2022-10-27T15:11:25+00:00\" \/>\n<meta name=\"twitter:card\" content=\"summary_large_image\" \/>\n<meta name=\"twitter:site\" content=\"@Deveho1\" \/>\n<meta name=\"twitter:label1\" content=\"Dur\u00e9e de lecture estim\u00e9e\" \/>\n\t<meta name=\"twitter:data1\" content=\"1 minute\" \/>\n<script type=\"application\/ld+json\" class=\"yoast-schema-graph\">{\"@context\":\"https:\/\/schema.org\",\"@graph\":[{\"@type\":\"WebPage\",\"@id\":\"https:\/\/deveho.com\/sectors\/industry\/\",\"url\":\"https:\/\/deveho.com\/sectors\/industry\/\",\"name\":\"Industrie - Deveho\",\"isPartOf\":{\"@id\":\"https:\/\/deveho.com\/#website\"},\"datePublished\":\"2022-02-22T12:36:16+00:00\",\"dateModified\":\"2022-10-27T15:11:25+00:00\",\"breadcrumb\":{\"@id\":\"https:\/\/deveho.com\/sectors\/industry\/#breadcrumb\"},\"inLanguage\":\"fr-FR\",\"potentialAction\":[{\"@type\":\"ReadAction\",\"target\":[\"https:\/\/deveho.com\/sectors\/industry\/\"]}]},{\"@type\":\"BreadcrumbList\",\"@id\":\"https:\/\/deveho.com\/sectors\/industry\/#breadcrumb\",\"itemListElement\":[{\"@type\":\"ListItem\",\"position\":1,\"name\":\"Home\",\"item\":\"https:\/\/deveho.com\/fr\/\"},{\"@type\":\"ListItem\",\"position\":2,\"name\":\"Secteurs\",\"item\":\"https:\/\/deveho.com\/sectors\/\"},{\"@type\":\"ListItem\",\"position\":3,\"name\":\"Industrie\"}]},{\"@type\":\"WebSite\",\"@id\":\"https:\/\/deveho.com\/#website\",\"url\":\"https:\/\/deveho.com\/\",\"name\":\"Deveho Consulting Group\",\"description\":\"Let\u2019s boost your growth\",\"publisher\":{\"@id\":\"https:\/\/deveho.com\/#organization\"},\"potentialAction\":[{\"@type\":\"SearchAction\",\"target\":{\"@type\":\"EntryPoint\",\"urlTemplate\":\"https:\/\/deveho.com\/?s={search_term_string}\"},\"query-input\":{\"@type\":\"PropertyValueSpecification\",\"valueRequired\":true,\"valueName\":\"search_term_string\"}}],\"inLanguage\":\"fr-FR\"},{\"@type\":\"Organization\",\"@id\":\"https:\/\/deveho.com\/#organization\",\"name\":\"Deveho Consulting Group\",\"url\":\"https:\/\/deveho.com\/\",\"logo\":{\"@type\":\"ImageObject\",\"inLanguage\":\"fr-FR\",\"@id\":\"https:\/\/deveho.com\/#\/schema\/logo\/image\/\",\"url\":\"https:\/\/deveho.com\/wp-content\/uploads\/2023\/02\/DEVEHO-LOGO-Baseline-COLOR.png\",\"contentUrl\":\"https:\/\/deveho.com\/wp-content\/uploads\/2023\/02\/DEVEHO-LOGO-Baseline-COLOR.png\",\"width\":2251,\"height\":585,\"caption\":\"Deveho Consulting Group\"},\"image\":{\"@id\":\"https:\/\/deveho.com\/#\/schema\/logo\/image\/\"},\"sameAs\":[\"https:\/\/www.facebook.com\/deveho\",\"https:\/\/x.com\/Deveho1\",\"https:\/\/www.linkedin.com\/company\/deveho-consulting\/\"]}]}<\/script>\n<!-- \/ Yoast SEO plugin. -->","yoast_head_json":{"title":"Industrie - Deveho","robots":{"index":"index","follow":"follow","max-snippet":"max-snippet:-1","max-image-preview":"max-image-preview:large","max-video-preview":"max-video-preview:-1"},"canonical":"https:\/\/deveho.com\/sectors\/industry\/","og_locale":"fr_FR","og_type":"article","og_title":"Industrie - Deveho","og_description":"Dans un march\u00e9 de plus en plus mondialis\u00e9, conqu\u00e9rir de nouveaux march\u00e9s, donner satisfaction aux clients, fournir des produits et services de haute qualit\u00e9 et orienter l'activit\u00e9 dans la bonne direction sont des pr\u00e9occupations majeures pour les entreprises de la distribution.","og_url":"https:\/\/deveho.com\/sectors\/industry\/","og_site_name":"Deveho","article_publisher":"https:\/\/www.facebook.com\/deveho","article_modified_time":"2022-10-27T15:11:25+00:00","twitter_card":"summary_large_image","twitter_site":"@Deveho1","twitter_misc":{"Dur\u00e9e de lecture estim\u00e9e":"1 minute"},"schema":{"@context":"https:\/\/schema.org","@graph":[{"@type":"WebPage","@id":"https:\/\/deveho.com\/sectors\/industry\/","url":"https:\/\/deveho.com\/sectors\/industry\/","name":"Industrie - Deveho","isPartOf":{"@id":"https:\/\/deveho.com\/#website"},"datePublished":"2022-02-22T12:36:16+00:00","dateModified":"2022-10-27T15:11:25+00:00","breadcrumb":{"@id":"https:\/\/deveho.com\/sectors\/industry\/#breadcrumb"},"inLanguage":"fr-FR","potentialAction":[{"@type":"ReadAction","target":["https:\/\/deveho.com\/sectors\/industry\/"]}]},{"@type":"BreadcrumbList","@id":"https:\/\/deveho.com\/sectors\/industry\/#breadcrumb","itemListElement":[{"@type":"ListItem","position":1,"name":"Home","item":"https:\/\/deveho.com\/fr\/"},{"@type":"ListItem","position":2,"name":"Secteurs","item":"https:\/\/deveho.com\/sectors\/"},{"@type":"ListItem","position":3,"name":"Industrie"}]},{"@type":"WebSite","@id":"https:\/\/deveho.com\/#website","url":"https:\/\/deveho.com\/","name":"Deveho Consulting Group","description":"Let\u2019s boost your growth","publisher":{"@id":"https:\/\/deveho.com\/#organization"},"potentialAction":[{"@type":"SearchAction","target":{"@type":"EntryPoint","urlTemplate":"https:\/\/deveho.com\/?s={search_term_string}"},"query-input":{"@type":"PropertyValueSpecification","valueRequired":true,"valueName":"search_term_string"}}],"inLanguage":"fr-FR"},{"@type":"Organization","@id":"https:\/\/deveho.com\/#organization","name":"Deveho Consulting Group","url":"https:\/\/deveho.com\/","logo":{"@type":"ImageObject","inLanguage":"fr-FR","@id":"https:\/\/deveho.com\/#\/schema\/logo\/image\/","url":"https:\/\/deveho.com\/wp-content\/uploads\/2023\/02\/DEVEHO-LOGO-Baseline-COLOR.png","contentUrl":"https:\/\/deveho.com\/wp-content\/uploads\/2023\/02\/DEVEHO-LOGO-Baseline-COLOR.png","width":2251,"height":585,"caption":"Deveho Consulting Group"},"image":{"@id":"https:\/\/deveho.com\/#\/schema\/logo\/image\/"},"sameAs":["https:\/\/www.facebook.com\/deveho","https:\/\/x.com\/Deveho1","https:\/\/www.linkedin.com\/company\/deveho-consulting\/"]}]}},"_links":{"self":[{"href":"https:\/\/deveho.com\/fr\/wp-json\/wp\/v2\/pages\/9141"}],"collection":[{"href":"https:\/\/deveho.com\/fr\/wp-json\/wp\/v2\/pages"}],"about":[{"href":"https:\/\/deveho.com\/fr\/wp-json\/wp\/v2\/types\/page"}],"author":[{"embeddable":true,"href":"https:\/\/deveho.com\/fr\/wp-json\/wp\/v2\/users\/3"}],"replies":[{"embeddable":true,"href":"https:\/\/deveho.com\/fr\/wp-json\/wp\/v2\/comments?post=9141"}],"version-history":[{"count":0,"href":"https:\/\/deveho.com\/fr\/wp-json\/wp\/v2\/pages\/9141\/revisions"}],"up":[{"embeddable":true,"href":"https:\/\/deveho.com\/fr\/wp-json\/wp\/v2\/pages\/10353"}],"wp:attachment":[{"href":"https:\/\/deveho.com\/fr\/wp-json\/wp\/v2\/media?parent=9141"}],"curies":[{"name":"wp","href":"https:\/\/api.w.org\/{rel}","templated":true}]}}