{"id":9156,"date":"2022-02-22T17:29:57","date_gmt":"2022-02-22T17:29:57","guid":{"rendered":"https:\/\/deveho2.sfdbeta.be\/aliments-boissons\/"},"modified":"2025-01-27T17:42:34","modified_gmt":"2025-01-27T15:42:34","slug":"aliments-boissons","status":"publish","type":"page","link":"https:\/\/deveho.com\/fr\/secteurs\/aliments-boissons\/","title":{"rendered":"Agro-alimentaire"},"content":{"rendered":"<br \/>\n<h2>Sage X3 pour les entreprises de l&rsquo;agro-alimentaire<\/h2>\n<p>Sage X3 est construit sur mesure pour l&rsquo;industrie agro-alimentaire. Sage X3 met l&rsquo;accent sur la r\u00e9duction des d\u00e9chets et des risques &#8211; tout en veillant \u00e0 la qualit\u00e9, la tra\u00e7abilit\u00e9 et la s\u00e9curit\u00e9 de vos ingr\u00e9dients.<\/p>\n<\/p>\n<h3>Vos <b><red>atouts<\/red><\/b> <\/h3>\n<p><p>Ajust\u00e9 pr\u00e9cis\u00e9ment aux exigences particuli\u00e8res de votre secteur, Sage X3 fournit les fonctionnalit\u00e9s avanc\u00e9es dont vous avez besoin pour rester comp\u00e9titif face \u00e0 des d\u00e9fis importants.<\/p>\n<p>&#8211; Op\u00e9rations<br \/>\n&#8211; Cha\u00eene d&#8217;approvisionnement<br \/>\n&#8211; Entrep\u00f4ts et stocks<br \/>\n&#8211; Comptabilit\u00e9 et finances<br \/>\n&#8211; Marketing et ventes<br \/>\n&#8211; Service client\u00e8le<\/p>\n<\/p>\n<p>Soyez en conformit\u00e9, tout en limitant les co\u00fbts<\/p>\n<p>Pr\u00e9parez-vous \u00e0 g\u00e9rer les retours produits<\/p>\n<p>Gagnez du temps (et de l&rsquo;argent !) tout en restant en conformit\u00e9<\/p>\n<p>Obtenez un meilleur aper\u00e7u des op\u00e9rations de votre entreprise d&rsquo;agro-alimentaire<\/p>\n<p>Contr\u00f4lez les co\u00fbts et r\u00e9duisez le gaspillage<\/p>\n<p>Inspirez confiance aux consommateurs gr\u00e2ce \u00e0 la tra\u00e7abilit\u00e9<\/p>\n<p>Minimisez les d\u00e9chets pour r\u00e9duire co\u00fbts et risques<\/p>\n<p>Acc\u00e9l\u00e9rez vos mises en conformit\u00e9<\/p>\n<h2>Fonctionnalit\u00e9s de Sage X3<\/h2>\n<h3><\/h3>\n<p><p>OP\u00c9RATIONS<\/p>\n<p>Tirez profit de nos solutions pour la gestion de la s\u00e9curit\u00e9, de la tra\u00e7abilit\u00e9 et du rappel des produits alimentaires, des d\u00e9clarations d&#8217;allerg\u00e8nes et plus encore.<\/p>\n<\/p>\n<h3><\/h3>\n<p><p>CHA\u00ceNE D&#8217;APPROVISIONNEMENT<\/p>\n<p>G\u00e9rez, coop\u00e9rez et veillez \u00e0 la conformit\u00e9 de vos fournisseurs internationaux impliqu\u00e9s dans votre production.<\/p>\n<\/p>\n<h3><\/h3>\n<p><p>ENTREP\u00d4TS ET STOCKS<\/p>\n<p>G\u00e9rez le suivi de l&#8217;inventaire des produits alimentaires ainsi que la rentabilit\u00e9 des produits, r\u00e9duisez les pertes en produits p\u00e9rissables.<\/p>\n<\/p>\n<h3><\/h3>\n<p><p>COMPTABILIT\u00c9 ET FINANCES<\/p>\n<p>G\u00e9rez la tr\u00e9sorerie, la conformit\u00e9, la rentabilit\u00e9, les immobilisations et les proc\u00e9dures comptables.<\/p>\n<\/p>\n<h3><\/h3>\n<p><p>MARKETING ET VENTES<\/p>\n<p>Combinez les fonctions de gestion des relations clients avec la puissance d&#8217;applications mobiles afin de b\u00e9n\u00e9ficier pleinement du potentiel de vos activit\u00e9s de marketing et de vente.<\/p>\n<\/p>\n<h3><\/h3>\n<p><p>SERVICE CLIENT<\/p>\n<p>Acc\u00e9dez rapidement aux donn\u00e9es et r\u00e9pondez efficacement aux demandes de vos clients<\/p>\n<\/p>\n<h2><\/h2>\n<h3><red>Pages li\u00e9es<\/red> <\/h3>\n<\/p>\n<h3><\/h3>\n<\/p>\n<h3><\/h3><\/p>\n","protected":false},"excerpt":{"rendered":"<p>Sage X3 pour les entreprises de l&rsquo;agro-alimentaire Sage X3 est construit sur mesure pour l&rsquo;industrie agro-alimentaire. Sage X3 met l&rsquo;accent sur la r\u00e9duction des d\u00e9chets et des risques &#8211; tout en veillant \u00e0 la qualit\u00e9, la tra\u00e7abilit\u00e9 et la s\u00e9curit\u00e9 de vos ingr\u00e9dients. Vos atouts Ajust\u00e9 pr\u00e9cis\u00e9ment aux exigences particuli\u00e8res de votre secteur, Sage X3 [&hellip;]<\/p>\n","protected":false},"author":3,"featured_media":0,"parent":10353,"menu_order":0,"comment_status":"closed","ping_status":"closed","template":"templates\/template-inner.php","meta":{"_acf_changed":false,"footnotes":""},"class_list":["post-9156","page","type-page","status-publish","hentry"],"acf":[],"yoast_head":"<!-- This site is optimized with the Yoast SEO plugin v23.5 - https:\/\/yoast.com\/wordpress\/plugins\/seo\/ -->\n<title>Agro-alimentaire - Deveho<\/title>\n<meta name=\"robots\" content=\"index, follow, max-snippet:-1, max-image-preview:large, max-video-preview:-1\" \/>\n<link rel=\"canonical\" href=\"https:\/\/deveho.com\/fr\/secteurs\/aliments-boissons\/\" \/>\n<meta property=\"og:locale\" content=\"fr_FR\" \/>\n<meta property=\"og:type\" content=\"article\" \/>\n<meta property=\"og:title\" content=\"Agro-alimentaire - Deveho\" \/>\n<meta property=\"og:description\" content=\"Sage X3 pour les entreprises de l&rsquo;agro-alimentaire Sage X3 est construit sur mesure pour l&rsquo;industrie agro-alimentaire. Sage X3 met l&rsquo;accent sur la r\u00e9duction des d\u00e9chets et des risques &#8211; tout en veillant \u00e0 la qualit\u00e9, la tra\u00e7abilit\u00e9 et la s\u00e9curit\u00e9 de vos ingr\u00e9dients. Vos atouts Ajust\u00e9 pr\u00e9cis\u00e9ment aux exigences particuli\u00e8res de votre secteur, Sage X3 [&hellip;]\" \/>\n<meta property=\"og:url\" content=\"https:\/\/deveho.com\/fr\/secteurs\/aliments-boissons\/\" \/>\n<meta property=\"og:site_name\" content=\"Deveho\" \/>\n<meta property=\"article:publisher\" content=\"https:\/\/www.facebook.com\/deveho\" \/>\n<meta property=\"article:modified_time\" content=\"2025-01-27T15:42:34+00:00\" \/>\n<meta name=\"twitter:card\" content=\"summary_large_image\" \/>\n<meta name=\"twitter:site\" content=\"@Deveho1\" \/>\n<meta name=\"twitter:label1\" content=\"Dur\u00e9e de lecture estim\u00e9e\" \/>\n\t<meta name=\"twitter:data1\" content=\"2 minutes\" \/>\n<script type=\"application\/ld+json\" class=\"yoast-schema-graph\">{\"@context\":\"https:\/\/schema.org\",\"@graph\":[{\"@type\":\"WebPage\",\"@id\":\"https:\/\/deveho.com\/fr\/secteurs\/aliments-boissons\/\",\"url\":\"https:\/\/deveho.com\/fr\/secteurs\/aliments-boissons\/\",\"name\":\"Agro-alimentaire - Deveho\",\"isPartOf\":{\"@id\":\"https:\/\/deveho.com\/#website\"},\"datePublished\":\"2022-02-22T17:29:57+00:00\",\"dateModified\":\"2025-01-27T15:42:34+00:00\",\"breadcrumb\":{\"@id\":\"https:\/\/deveho.com\/fr\/secteurs\/aliments-boissons\/#breadcrumb\"},\"inLanguage\":\"fr-FR\",\"potentialAction\":[{\"@type\":\"ReadAction\",\"target\":[\"https:\/\/deveho.com\/fr\/secteurs\/aliments-boissons\/\"]}]},{\"@type\":\"BreadcrumbList\",\"@id\":\"https:\/\/deveho.com\/fr\/secteurs\/aliments-boissons\/#breadcrumb\",\"itemListElement\":[{\"@type\":\"ListItem\",\"position\":1,\"name\":\"Home\",\"item\":\"https:\/\/deveho.com\/fr\/\"},{\"@type\":\"ListItem\",\"position\":2,\"name\":\"Secteurs\",\"item\":\"https:\/\/deveho.com\/sectors\/\"},{\"@type\":\"ListItem\",\"position\":3,\"name\":\"Agro-alimentaire\"}]},{\"@type\":\"WebSite\",\"@id\":\"https:\/\/deveho.com\/#website\",\"url\":\"https:\/\/deveho.com\/\",\"name\":\"Deveho Consulting Group\",\"description\":\"Let\u2019s boost your growth\",\"publisher\":{\"@id\":\"https:\/\/deveho.com\/#organization\"},\"potentialAction\":[{\"@type\":\"SearchAction\",\"target\":{\"@type\":\"EntryPoint\",\"urlTemplate\":\"https:\/\/deveho.com\/?s={search_term_string}\"},\"query-input\":{\"@type\":\"PropertyValueSpecification\",\"valueRequired\":true,\"valueName\":\"search_term_string\"}}],\"inLanguage\":\"fr-FR\"},{\"@type\":\"Organization\",\"@id\":\"https:\/\/deveho.com\/#organization\",\"name\":\"Deveho Consulting Group\",\"url\":\"https:\/\/deveho.com\/\",\"logo\":{\"@type\":\"ImageObject\",\"inLanguage\":\"fr-FR\",\"@id\":\"https:\/\/deveho.com\/#\/schema\/logo\/image\/\",\"url\":\"https:\/\/deveho.com\/wp-content\/uploads\/2023\/02\/DEVEHO-LOGO-Baseline-COLOR.png\",\"contentUrl\":\"https:\/\/deveho.com\/wp-content\/uploads\/2023\/02\/DEVEHO-LOGO-Baseline-COLOR.png\",\"width\":2251,\"height\":585,\"caption\":\"Deveho Consulting Group\"},\"image\":{\"@id\":\"https:\/\/deveho.com\/#\/schema\/logo\/image\/\"},\"sameAs\":[\"https:\/\/www.facebook.com\/deveho\",\"https:\/\/x.com\/Deveho1\",\"https:\/\/www.linkedin.com\/company\/deveho-consulting\/\"]}]}<\/script>\n<!-- \/ Yoast SEO plugin. -->","yoast_head_json":{"title":"Agro-alimentaire - Deveho","robots":{"index":"index","follow":"follow","max-snippet":"max-snippet:-1","max-image-preview":"max-image-preview:large","max-video-preview":"max-video-preview:-1"},"canonical":"https:\/\/deveho.com\/fr\/secteurs\/aliments-boissons\/","og_locale":"fr_FR","og_type":"article","og_title":"Agro-alimentaire - Deveho","og_description":"Sage X3 pour les entreprises de l&rsquo;agro-alimentaire Sage X3 est construit sur mesure pour l&rsquo;industrie agro-alimentaire. Sage X3 met l&rsquo;accent sur la r\u00e9duction des d\u00e9chets et des risques &#8211; tout en veillant \u00e0 la qualit\u00e9, la tra\u00e7abilit\u00e9 et la s\u00e9curit\u00e9 de vos ingr\u00e9dients. Vos atouts Ajust\u00e9 pr\u00e9cis\u00e9ment aux exigences particuli\u00e8res de votre secteur, Sage X3 [&hellip;]","og_url":"https:\/\/deveho.com\/fr\/secteurs\/aliments-boissons\/","og_site_name":"Deveho","article_publisher":"https:\/\/www.facebook.com\/deveho","article_modified_time":"2025-01-27T15:42:34+00:00","twitter_card":"summary_large_image","twitter_site":"@Deveho1","twitter_misc":{"Dur\u00e9e de lecture estim\u00e9e":"2 minutes"},"schema":{"@context":"https:\/\/schema.org","@graph":[{"@type":"WebPage","@id":"https:\/\/deveho.com\/fr\/secteurs\/aliments-boissons\/","url":"https:\/\/deveho.com\/fr\/secteurs\/aliments-boissons\/","name":"Agro-alimentaire - Deveho","isPartOf":{"@id":"https:\/\/deveho.com\/#website"},"datePublished":"2022-02-22T17:29:57+00:00","dateModified":"2025-01-27T15:42:34+00:00","breadcrumb":{"@id":"https:\/\/deveho.com\/fr\/secteurs\/aliments-boissons\/#breadcrumb"},"inLanguage":"fr-FR","potentialAction":[{"@type":"ReadAction","target":["https:\/\/deveho.com\/fr\/secteurs\/aliments-boissons\/"]}]},{"@type":"BreadcrumbList","@id":"https:\/\/deveho.com\/fr\/secteurs\/aliments-boissons\/#breadcrumb","itemListElement":[{"@type":"ListItem","position":1,"name":"Home","item":"https:\/\/deveho.com\/fr\/"},{"@type":"ListItem","position":2,"name":"Secteurs","item":"https:\/\/deveho.com\/sectors\/"},{"@type":"ListItem","position":3,"name":"Agro-alimentaire"}]},{"@type":"WebSite","@id":"https:\/\/deveho.com\/#website","url":"https:\/\/deveho.com\/","name":"Deveho Consulting Group","description":"Let\u2019s boost your growth","publisher":{"@id":"https:\/\/deveho.com\/#organization"},"potentialAction":[{"@type":"SearchAction","target":{"@type":"EntryPoint","urlTemplate":"https:\/\/deveho.com\/?s={search_term_string}"},"query-input":{"@type":"PropertyValueSpecification","valueRequired":true,"valueName":"search_term_string"}}],"inLanguage":"fr-FR"},{"@type":"Organization","@id":"https:\/\/deveho.com\/#organization","name":"Deveho Consulting Group","url":"https:\/\/deveho.com\/","logo":{"@type":"ImageObject","inLanguage":"fr-FR","@id":"https:\/\/deveho.com\/#\/schema\/logo\/image\/","url":"https:\/\/deveho.com\/wp-content\/uploads\/2023\/02\/DEVEHO-LOGO-Baseline-COLOR.png","contentUrl":"https:\/\/deveho.com\/wp-content\/uploads\/2023\/02\/DEVEHO-LOGO-Baseline-COLOR.png","width":2251,"height":585,"caption":"Deveho Consulting Group"},"image":{"@id":"https:\/\/deveho.com\/#\/schema\/logo\/image\/"},"sameAs":["https:\/\/www.facebook.com\/deveho","https:\/\/x.com\/Deveho1","https:\/\/www.linkedin.com\/company\/deveho-consulting\/"]}]}},"_links":{"self":[{"href":"https:\/\/deveho.com\/fr\/wp-json\/wp\/v2\/pages\/9156"}],"collection":[{"href":"https:\/\/deveho.com\/fr\/wp-json\/wp\/v2\/pages"}],"about":[{"href":"https:\/\/deveho.com\/fr\/wp-json\/wp\/v2\/types\/page"}],"author":[{"embeddable":true,"href":"https:\/\/deveho.com\/fr\/wp-json\/wp\/v2\/users\/3"}],"replies":[{"embeddable":true,"href":"https:\/\/deveho.com\/fr\/wp-json\/wp\/v2\/comments?post=9156"}],"version-history":[{"count":3,"href":"https:\/\/deveho.com\/fr\/wp-json\/wp\/v2\/pages\/9156\/revisions"}],"predecessor-version":[{"id":37130,"href":"https:\/\/deveho.com\/fr\/wp-json\/wp\/v2\/pages\/9156\/revisions\/37130"}],"up":[{"embeddable":true,"href":"https:\/\/deveho.com\/fr\/wp-json\/wp\/v2\/pages\/10353"}],"wp:attachment":[{"href":"https:\/\/deveho.com\/fr\/wp-json\/wp\/v2\/media?parent=9156"}],"curies":[{"name":"wp","href":"https:\/\/api.w.org\/{rel}","templated":true}]}}