{"id":9159,"date":"2022-02-22T21:47:08","date_gmt":"2022-02-22T21:47:08","guid":{"rendered":"https:\/\/deveho2.sfdbeta.be\/produits-chimiques-et-pharmaceutiques\/"},"modified":"2023-11-17T13:57:19","modified_gmt":"2023-11-17T11:57:19","slug":"produits-chimiques-et-pharmaceutiques","status":"publish","type":"page","link":"https:\/\/deveho.com\/fr\/secteurs\/produits-chimiques-et-pharmaceutiques\/","title":{"rendered":"Produits chimiques &#038; pharmaceutiques"},"content":{"rendered":"<br \/>\n<h2>Sage X3 pour le secteur de la chimie<\/h2>\n<p>Sage X3 offre des fonctionnalit\u00e9s int\u00e9gr\u00e9es telles que le contr\u00f4le qualit\u00e9, la conformit\u00e9 r\u00e9glementaire et le suivi des lots, aidant ainsi les entreprises de l&rsquo;industrie chimique \u00e0 maintenir leur rentabilit\u00e9 et \u00e0 s&rsquo;adapter face \u00e0 un avenir incertain.<\/p>\n<\/p>\n<h3>Vos <b><red>atouts<\/b><\/red>   <\/h3>\n<p><p>Sage X3 est une solution de gestion d&rsquo;entreprise de nouvelle g\u00e9n\u00e9ration con\u00e7ue sp\u00e9cifiquement pour r\u00e9pondre aux besoins des fabricants de produits chimiques. Elle rassemble toutes vos donn\u00e9es sensibles, r\u00e9duisant ainsi l&rsquo;inefficacit\u00e9 li\u00e9e \u00e0 la gestion distincte de laboratoires, de la cha\u00eene d&rsquo;approvisionnement, de la fabrication et des syst\u00e8mes financiers.<br \/>\nSage X3 offre des fonctionnalit\u00e9s int\u00e9gr\u00e9es telles que le contr\u00f4le qualit\u00e9, la conformit\u00e9 r\u00e9glementaire et le suivi des lots, aidant ainsi les entreprises de l&rsquo;industrie chimique \u00e0 maintenir leur rentabilit\u00e9 et \u00e0 s&rsquo;adapter face \u00e0 un avenir incertain. <\/p>\n<p>&#8211; Optimisation des approvisionnements<br \/>\n&#8211; Conformit\u00e9 sans faille \u00e0 tous niveaux<br \/>\n&#8211; Acc\u00e8s \u00e0 vos donn\u00e9es \u00e0 tout moment, en tout lieu<br \/>\n &#8211; Coh\u00e9rence des produits et des processus<\/p>\n<\/p>\n<p>Optimisation des approvisionnements<\/p>\n<p>Coh\u00e9rence des produits et des processus<\/p>\n<p>Conformit\u00e9 globale compl\u00e8te<\/p>\n<p>R\u00e9activit\u00e9 accrue<\/p>\n<p>R\u00e9duction des risques<\/p>\n<p>R\u00e9duction de vos co\u00fbts et de vos pertes<\/p>\n<p>Acc\u00e8s en tout temps et en tout lieu <\/p>\n<h2><b><red>Fonctionnalit\u00e9s<\/b><\/red> <b>Sage X3<\/b><\/h2>\n<h3><\/h3>\n<p><p>Optimisation des approvisionnements<\/p>\n<p>R\u00e9pondez plus rapidement aux exigences diverses de vos clients et g\u00e9rez au mieux les impr\u00e9vus en mati\u00e8re d&#8217;achat, de production et d&#8217;exp\u00e9dition.<\/p>\n<\/p>\n<h3><\/h3>\n<p><p>Coh\u00e9rence des produits et des processus<\/p>\n<p>Veillez \u00e0 ce que la technologie soit, \u00e0 tout moment, au service de la qualit\u00e9, de la s\u00e9curit\u00e9 et de l&#8217;efficacit\u00e9 de vos produits tout en vous offrant la flexibilit\u00e9 n\u00e9cessaire pour saisir chaque opportunit\u00e9.<\/p>\n<\/p>\n<h3><\/h3>\n<p><p>Conformit\u00e9 sans faille \u00e0 tous niveaux<\/p>\n<p>Constatez que le syst\u00e8me \u00e9volue efficacement dans le d\u00e9dale des lois et r\u00e8glementations internationales et abordez la conformit\u00e9 simplement, quelles que soient les devises, les r\u00e9gions et les normes.<\/p>\n<\/p>\n<h3><\/h3>\n<p><p>Acc\u00e9dez \u00e0 vos donn\u00e9es \u00e0 tout moment, en tout lieu<\/p>\n<p>Choisissez une solution rapide \u00e0 d\u00e9ployer et facile \u00e0 administrer, qui facilitera vos activit\u00e9s de gestion gr\u00e2ce \u00e0 une interface web accessible depuis n&#8217;importe quel appareil connect\u00e9.<\/p>\n<\/p>\n<h2><\/h2>\n<h3>Pages Li\u00e9es<\/h3>\n<\/p>\n<h3><\/h3>\n<\/p>\n<h3><\/h3><\/p>\n","protected":false},"excerpt":{"rendered":"<p>Diriger une entreprise de chimie peut \u00eatre complexe. Le Syst\u00e8me g\u00e9n\u00e9ral harmonis\u00e9 (GHS), les questions concernant exp\u00e9ditions et transport, s\u00e9curit\u00e9 au travail et bien d&rsquo;autres aspects encore sont des d\u00e9fis \u00e0 relever au quotidien. Pour r\u00e9sister \u00e0 la pression de la concurrence et optimiser vos ressources les plus pr\u00e9cieuses, vous avez besoin d&rsquo;une solution qui simplifiera radicalement vos op\u00e9rations, au lieu d&rsquo;ajouter des syst\u00e8mes plus complexes et des processus rigides.<\/p>\n","protected":false},"author":3,"featured_media":0,"parent":10353,"menu_order":0,"comment_status":"closed","ping_status":"closed","template":"templates\/template-inner.php","meta":{"_acf_changed":false,"footnotes":""},"class_list":["post-9159","page","type-page","status-publish","hentry"],"acf":[],"yoast_head":"<!-- This site is optimized with the Yoast SEO plugin v23.5 - https:\/\/yoast.com\/wordpress\/plugins\/seo\/ -->\n<title>Produits chimiques &amp; pharmaceutiques - Deveho<\/title>\n<meta name=\"robots\" content=\"index, follow, max-snippet:-1, max-image-preview:large, max-video-preview:-1\" \/>\n<link rel=\"canonical\" href=\"https:\/\/deveho.com\/sectors\/chemicals-pharmacy\/\" \/>\n<meta property=\"og:locale\" content=\"fr_FR\" \/>\n<meta property=\"og:type\" content=\"article\" \/>\n<meta property=\"og:title\" content=\"Produits chimiques &amp; pharmaceutiques - Deveho\" \/>\n<meta property=\"og:description\" content=\"Diriger une entreprise de chimie peut \u00eatre complexe. Le Syst\u00e8me g\u00e9n\u00e9ral harmonis\u00e9 (GHS), les questions concernant exp\u00e9ditions et transport, s\u00e9curit\u00e9 au travail et bien d&#039;autres aspects encore sont des d\u00e9fis \u00e0 relever au quotidien. Pour r\u00e9sister \u00e0 la pression de la concurrence et optimiser vos ressources les plus pr\u00e9cieuses, vous avez besoin d&#039;une solution qui simplifiera radicalement vos op\u00e9rations, au lieu d&#039;ajouter des syst\u00e8mes plus complexes et des processus rigides.\" \/>\n<meta property=\"og:url\" content=\"https:\/\/deveho.com\/sectors\/chemicals-pharmacy\/\" \/>\n<meta property=\"og:site_name\" content=\"Deveho\" \/>\n<meta property=\"article:publisher\" content=\"https:\/\/www.facebook.com\/deveho\" \/>\n<meta property=\"article:modified_time\" content=\"2023-11-17T11:57:19+00:00\" \/>\n<meta name=\"twitter:card\" content=\"summary_large_image\" \/>\n<meta name=\"twitter:site\" content=\"@Deveho1\" \/>\n<meta name=\"twitter:label1\" content=\"Dur\u00e9e de lecture estim\u00e9e\" \/>\n\t<meta name=\"twitter:data1\" content=\"2 minutes\" \/>\n<script type=\"application\/ld+json\" class=\"yoast-schema-graph\">{\"@context\":\"https:\/\/schema.org\",\"@graph\":[{\"@type\":\"WebPage\",\"@id\":\"https:\/\/deveho.com\/sectors\/chemicals-pharmacy\/\",\"url\":\"https:\/\/deveho.com\/sectors\/chemicals-pharmacy\/\",\"name\":\"Produits chimiques & pharmaceutiques - Deveho\",\"isPartOf\":{\"@id\":\"https:\/\/deveho.com\/#website\"},\"datePublished\":\"2022-02-22T21:47:08+00:00\",\"dateModified\":\"2023-11-17T11:57:19+00:00\",\"breadcrumb\":{\"@id\":\"https:\/\/deveho.com\/sectors\/chemicals-pharmacy\/#breadcrumb\"},\"inLanguage\":\"fr-FR\",\"potentialAction\":[{\"@type\":\"ReadAction\",\"target\":[\"https:\/\/deveho.com\/sectors\/chemicals-pharmacy\/\"]}]},{\"@type\":\"BreadcrumbList\",\"@id\":\"https:\/\/deveho.com\/sectors\/chemicals-pharmacy\/#breadcrumb\",\"itemListElement\":[{\"@type\":\"ListItem\",\"position\":1,\"name\":\"Home\",\"item\":\"https:\/\/deveho.com\/fr\/\"},{\"@type\":\"ListItem\",\"position\":2,\"name\":\"Secteurs\",\"item\":\"https:\/\/deveho.com\/sectors\/\"},{\"@type\":\"ListItem\",\"position\":3,\"name\":\"Produits chimiques &#038; pharmaceutiques\"}]},{\"@type\":\"WebSite\",\"@id\":\"https:\/\/deveho.com\/#website\",\"url\":\"https:\/\/deveho.com\/\",\"name\":\"Deveho Consulting Group\",\"description\":\"Let\u2019s boost your growth\",\"publisher\":{\"@id\":\"https:\/\/deveho.com\/#organization\"},\"potentialAction\":[{\"@type\":\"SearchAction\",\"target\":{\"@type\":\"EntryPoint\",\"urlTemplate\":\"https:\/\/deveho.com\/?s={search_term_string}\"},\"query-input\":{\"@type\":\"PropertyValueSpecification\",\"valueRequired\":true,\"valueName\":\"search_term_string\"}}],\"inLanguage\":\"fr-FR\"},{\"@type\":\"Organization\",\"@id\":\"https:\/\/deveho.com\/#organization\",\"name\":\"Deveho Consulting Group\",\"url\":\"https:\/\/deveho.com\/\",\"logo\":{\"@type\":\"ImageObject\",\"inLanguage\":\"fr-FR\",\"@id\":\"https:\/\/deveho.com\/#\/schema\/logo\/image\/\",\"url\":\"https:\/\/deveho.com\/wp-content\/uploads\/2023\/02\/DEVEHO-LOGO-Baseline-COLOR.png\",\"contentUrl\":\"https:\/\/deveho.com\/wp-content\/uploads\/2023\/02\/DEVEHO-LOGO-Baseline-COLOR.png\",\"width\":2251,\"height\":585,\"caption\":\"Deveho Consulting Group\"},\"image\":{\"@id\":\"https:\/\/deveho.com\/#\/schema\/logo\/image\/\"},\"sameAs\":[\"https:\/\/www.facebook.com\/deveho\",\"https:\/\/x.com\/Deveho1\",\"https:\/\/www.linkedin.com\/company\/deveho-consulting\/\"]}]}<\/script>\n<!-- \/ Yoast SEO plugin. -->","yoast_head_json":{"title":"Produits chimiques & pharmaceutiques - Deveho","robots":{"index":"index","follow":"follow","max-snippet":"max-snippet:-1","max-image-preview":"max-image-preview:large","max-video-preview":"max-video-preview:-1"},"canonical":"https:\/\/deveho.com\/sectors\/chemicals-pharmacy\/","og_locale":"fr_FR","og_type":"article","og_title":"Produits chimiques & pharmaceutiques - Deveho","og_description":"Diriger une entreprise de chimie peut \u00eatre complexe. Le Syst\u00e8me g\u00e9n\u00e9ral harmonis\u00e9 (GHS), les questions concernant exp\u00e9ditions et transport, s\u00e9curit\u00e9 au travail et bien d'autres aspects encore sont des d\u00e9fis \u00e0 relever au quotidien. Pour r\u00e9sister \u00e0 la pression de la concurrence et optimiser vos ressources les plus pr\u00e9cieuses, vous avez besoin d'une solution qui simplifiera radicalement vos op\u00e9rations, au lieu d'ajouter des syst\u00e8mes plus complexes et des processus rigides.","og_url":"https:\/\/deveho.com\/sectors\/chemicals-pharmacy\/","og_site_name":"Deveho","article_publisher":"https:\/\/www.facebook.com\/deveho","article_modified_time":"2023-11-17T11:57:19+00:00","twitter_card":"summary_large_image","twitter_site":"@Deveho1","twitter_misc":{"Dur\u00e9e de lecture estim\u00e9e":"2 minutes"},"schema":{"@context":"https:\/\/schema.org","@graph":[{"@type":"WebPage","@id":"https:\/\/deveho.com\/sectors\/chemicals-pharmacy\/","url":"https:\/\/deveho.com\/sectors\/chemicals-pharmacy\/","name":"Produits chimiques & pharmaceutiques - Deveho","isPartOf":{"@id":"https:\/\/deveho.com\/#website"},"datePublished":"2022-02-22T21:47:08+00:00","dateModified":"2023-11-17T11:57:19+00:00","breadcrumb":{"@id":"https:\/\/deveho.com\/sectors\/chemicals-pharmacy\/#breadcrumb"},"inLanguage":"fr-FR","potentialAction":[{"@type":"ReadAction","target":["https:\/\/deveho.com\/sectors\/chemicals-pharmacy\/"]}]},{"@type":"BreadcrumbList","@id":"https:\/\/deveho.com\/sectors\/chemicals-pharmacy\/#breadcrumb","itemListElement":[{"@type":"ListItem","position":1,"name":"Home","item":"https:\/\/deveho.com\/fr\/"},{"@type":"ListItem","position":2,"name":"Secteurs","item":"https:\/\/deveho.com\/sectors\/"},{"@type":"ListItem","position":3,"name":"Produits chimiques &#038; pharmaceutiques"}]},{"@type":"WebSite","@id":"https:\/\/deveho.com\/#website","url":"https:\/\/deveho.com\/","name":"Deveho Consulting Group","description":"Let\u2019s boost your growth","publisher":{"@id":"https:\/\/deveho.com\/#organization"},"potentialAction":[{"@type":"SearchAction","target":{"@type":"EntryPoint","urlTemplate":"https:\/\/deveho.com\/?s={search_term_string}"},"query-input":{"@type":"PropertyValueSpecification","valueRequired":true,"valueName":"search_term_string"}}],"inLanguage":"fr-FR"},{"@type":"Organization","@id":"https:\/\/deveho.com\/#organization","name":"Deveho Consulting Group","url":"https:\/\/deveho.com\/","logo":{"@type":"ImageObject","inLanguage":"fr-FR","@id":"https:\/\/deveho.com\/#\/schema\/logo\/image\/","url":"https:\/\/deveho.com\/wp-content\/uploads\/2023\/02\/DEVEHO-LOGO-Baseline-COLOR.png","contentUrl":"https:\/\/deveho.com\/wp-content\/uploads\/2023\/02\/DEVEHO-LOGO-Baseline-COLOR.png","width":2251,"height":585,"caption":"Deveho Consulting Group"},"image":{"@id":"https:\/\/deveho.com\/#\/schema\/logo\/image\/"},"sameAs":["https:\/\/www.facebook.com\/deveho","https:\/\/x.com\/Deveho1","https:\/\/www.linkedin.com\/company\/deveho-consulting\/"]}]}},"_links":{"self":[{"href":"https:\/\/deveho.com\/fr\/wp-json\/wp\/v2\/pages\/9159"}],"collection":[{"href":"https:\/\/deveho.com\/fr\/wp-json\/wp\/v2\/pages"}],"about":[{"href":"https:\/\/deveho.com\/fr\/wp-json\/wp\/v2\/types\/page"}],"author":[{"embeddable":true,"href":"https:\/\/deveho.com\/fr\/wp-json\/wp\/v2\/users\/3"}],"replies":[{"embeddable":true,"href":"https:\/\/deveho.com\/fr\/wp-json\/wp\/v2\/comments?post=9159"}],"version-history":[{"count":0,"href":"https:\/\/deveho.com\/fr\/wp-json\/wp\/v2\/pages\/9159\/revisions"}],"up":[{"embeddable":true,"href":"https:\/\/deveho.com\/fr\/wp-json\/wp\/v2\/pages\/10353"}],"wp:attachment":[{"href":"https:\/\/deveho.com\/fr\/wp-json\/wp\/v2\/media?parent=9159"}],"curies":[{"name":"wp","href":"https:\/\/api.w.org\/{rel}","templated":true}]}}