{"id":9245,"date":"2022-02-23T19:56:40","date_gmt":"2022-02-23T19:56:40","guid":{"rendered":"https:\/\/deveho2.sfdbeta.be\/services-professionnels\/"},"modified":"2022-10-28T10:02:04","modified_gmt":"2022-10-28T08:02:04","slug":"services-professionnels","status":"publish","type":"page","link":"https:\/\/deveho.com\/fr\/secteurs\/services-professionnels\/","title":{"rendered":"Services professionnels"},"content":{"rendered":"<br \/>\n<h3>Vos <b><red>atouts<\/b><\/red>   <\/h3>\n<p><p>Sage X3 sert \u00e0 simplifier la gestion des activit\u00e9s de services et \u00e0 suivre de pr\u00e8s les aspects op\u00e9rationnels, commerciaux et financiers des projets. Plus g\u00e9n\u00e9ralement, Sage X3 peut \u00eatre utilis\u00e9 pour g\u00e9rer le cycle de vie complet d&rsquo;un projet (devis, lancement, attribution, suivi, analyses fr\u00e9quentes, facturation et comptabilit\u00e9) et ainsi r\u00e9agir rapidement aux \u00e9volutions du march\u00e9, vous permettant de vous concentrer sur la qualit\u00e9 de l&rsquo;exp\u00e9rience client.<\/p>\n<\/p>\n<p>R\u00e9pondez plus rapidement aux demandes des clients gr\u00e2ce \u00e0 une plus grande pr\u00e9cision dans la tarification et le chiffrage des projets.<\/p>\n<p>En utilisant des appareils portables, contr\u00f4lez le temps et les fonds investis et obtenez, en temps r\u00e9el, un aper\u00e7u des t\u00e2ches r\u00e9alis\u00e9es.<\/p>\n<p>Am\u00e9liorez vos processus financiers gr\u00e2ce \u00e0 la cr\u00e9ation automatis\u00e9e des factures client\u00e8le, des \u00e9critures comptables des rentr\u00e9es et des ajustements budg\u00e9taires.<\/p>\n<p>Augmentez votre souplesse et adaptabilit\u00e9 commerciale<\/p>\n<p>Rendez votre entreprise de services p\u00e9renne<\/p>\n<p>Am\u00e9liorez la tr\u00e9sorerie de votre entreprise<\/p>\n<h2><b><red>Fonctionnalit\u00e9s<\/b><\/red> <b>Sage X3<\/b><\/h2>\n<h3><\/h3>\n<p><p>Nombreux mod\u00e8les de projets<\/p>\n<\/p>\n<h3><\/h3>\n<p><p>Gestion compl\u00e8te du cycle de vie de vos projets<\/p>\n<\/p>\n<h3><\/h3>\n<p><p>Calcul automatique des prix recommand\u00e9s<\/p>\n<\/p>\n<h3><\/h3>\n<p><p>Pr\u00e9visions budg\u00e9taires par t\u00e2che et par projet<\/p>\n<\/p>\n<h3><\/h3>\n<p><p>Enregistrement de toutes les adaptations et r\u00e9visions des projets<\/p>\n<\/p>\n<h3><\/h3>\n<p><p>Nombreuses m\u00e9thodes de facturation<\/p>\n<\/p>\n<h2><\/h2>\n<h3>Pages Li\u00e9es<\/h3>\n<\/p>\n<h3><\/h3>\n<\/p>\n<h3><\/h3><\/p>\n","protected":false},"excerpt":{"rendered":"<p>Vos atouts Sage X3 sert \u00e0 simplifier la gestion des activit\u00e9s de services et \u00e0 suivre de pr\u00e8s les aspects op\u00e9rationnels, commerciaux et financiers des projets. Plus g\u00e9n\u00e9ralement, Sage X3 peut \u00eatre utilis\u00e9 pour g\u00e9rer le cycle de vie complet d&rsquo;un projet (devis, lancement, attribution, suivi, analyses fr\u00e9quentes, facturation et comptabilit\u00e9) et ainsi r\u00e9agir rapidement [&hellip;]<\/p>\n","protected":false},"author":3,"featured_media":0,"parent":10353,"menu_order":0,"comment_status":"closed","ping_status":"closed","template":"templates\/template-inner.php","meta":{"_acf_changed":false,"footnotes":""},"class_list":["post-9245","page","type-page","status-publish","hentry"],"acf":[],"yoast_head":"<!-- This site is optimized with the Yoast SEO plugin v23.5 - https:\/\/yoast.com\/wordpress\/plugins\/seo\/ -->\n<title>Services professionnels - Deveho<\/title>\n<meta name=\"robots\" content=\"index, follow, max-snippet:-1, max-image-preview:large, max-video-preview:-1\" \/>\n<link rel=\"canonical\" href=\"https:\/\/deveho.com\/sectors\/professional-services\/\" \/>\n<meta property=\"og:locale\" content=\"fr_FR\" \/>\n<meta property=\"og:type\" content=\"article\" \/>\n<meta property=\"og:title\" content=\"Services professionnels - Deveho\" \/>\n<meta property=\"og:description\" content=\"Vos atouts Sage X3 sert \u00e0 simplifier la gestion des activit\u00e9s de services et \u00e0 suivre de pr\u00e8s les aspects op\u00e9rationnels, commerciaux et financiers des projets. Plus g\u00e9n\u00e9ralement, Sage X3 peut \u00eatre utilis\u00e9 pour g\u00e9rer le cycle de vie complet d&rsquo;un projet (devis, lancement, attribution, suivi, analyses fr\u00e9quentes, facturation et comptabilit\u00e9) et ainsi r\u00e9agir rapidement [&hellip;]\" \/>\n<meta property=\"og:url\" content=\"https:\/\/deveho.com\/sectors\/professional-services\/\" \/>\n<meta property=\"og:site_name\" content=\"Deveho\" \/>\n<meta property=\"article:publisher\" content=\"https:\/\/www.facebook.com\/deveho\" \/>\n<meta property=\"article:modified_time\" content=\"2022-10-28T08:02:04+00:00\" \/>\n<meta name=\"twitter:card\" content=\"summary_large_image\" \/>\n<meta name=\"twitter:site\" content=\"@Deveho1\" \/>\n<meta name=\"twitter:label1\" content=\"Dur\u00e9e de lecture estim\u00e9e\" \/>\n\t<meta name=\"twitter:data1\" content=\"1 minute\" \/>\n<script type=\"application\/ld+json\" class=\"yoast-schema-graph\">{\"@context\":\"https:\/\/schema.org\",\"@graph\":[{\"@type\":\"WebPage\",\"@id\":\"https:\/\/deveho.com\/sectors\/professional-services\/\",\"url\":\"https:\/\/deveho.com\/sectors\/professional-services\/\",\"name\":\"Services professionnels - Deveho\",\"isPartOf\":{\"@id\":\"https:\/\/deveho.com\/#website\"},\"datePublished\":\"2022-02-23T19:56:40+00:00\",\"dateModified\":\"2022-10-28T08:02:04+00:00\",\"breadcrumb\":{\"@id\":\"https:\/\/deveho.com\/sectors\/professional-services\/#breadcrumb\"},\"inLanguage\":\"fr-FR\",\"potentialAction\":[{\"@type\":\"ReadAction\",\"target\":[\"https:\/\/deveho.com\/sectors\/professional-services\/\"]}]},{\"@type\":\"BreadcrumbList\",\"@id\":\"https:\/\/deveho.com\/sectors\/professional-services\/#breadcrumb\",\"itemListElement\":[{\"@type\":\"ListItem\",\"position\":1,\"name\":\"Home\",\"item\":\"https:\/\/deveho.com\/fr\/\"},{\"@type\":\"ListItem\",\"position\":2,\"name\":\"Secteurs\",\"item\":\"https:\/\/deveho.com\/sectors\/\"},{\"@type\":\"ListItem\",\"position\":3,\"name\":\"Services professionnels\"}]},{\"@type\":\"WebSite\",\"@id\":\"https:\/\/deveho.com\/#website\",\"url\":\"https:\/\/deveho.com\/\",\"name\":\"Deveho Consulting Group\",\"description\":\"Let\u2019s boost your growth\",\"publisher\":{\"@id\":\"https:\/\/deveho.com\/#organization\"},\"potentialAction\":[{\"@type\":\"SearchAction\",\"target\":{\"@type\":\"EntryPoint\",\"urlTemplate\":\"https:\/\/deveho.com\/?s={search_term_string}\"},\"query-input\":{\"@type\":\"PropertyValueSpecification\",\"valueRequired\":true,\"valueName\":\"search_term_string\"}}],\"inLanguage\":\"fr-FR\"},{\"@type\":\"Organization\",\"@id\":\"https:\/\/deveho.com\/#organization\",\"name\":\"Deveho Consulting Group\",\"url\":\"https:\/\/deveho.com\/\",\"logo\":{\"@type\":\"ImageObject\",\"inLanguage\":\"fr-FR\",\"@id\":\"https:\/\/deveho.com\/#\/schema\/logo\/image\/\",\"url\":\"https:\/\/deveho.com\/wp-content\/uploads\/2023\/02\/DEVEHO-LOGO-Baseline-COLOR.png\",\"contentUrl\":\"https:\/\/deveho.com\/wp-content\/uploads\/2023\/02\/DEVEHO-LOGO-Baseline-COLOR.png\",\"width\":2251,\"height\":585,\"caption\":\"Deveho Consulting Group\"},\"image\":{\"@id\":\"https:\/\/deveho.com\/#\/schema\/logo\/image\/\"},\"sameAs\":[\"https:\/\/www.facebook.com\/deveho\",\"https:\/\/x.com\/Deveho1\",\"https:\/\/www.linkedin.com\/company\/deveho-consulting\/\"]}]}<\/script>\n<!-- \/ Yoast SEO plugin. -->","yoast_head_json":{"title":"Services professionnels - Deveho","robots":{"index":"index","follow":"follow","max-snippet":"max-snippet:-1","max-image-preview":"max-image-preview:large","max-video-preview":"max-video-preview:-1"},"canonical":"https:\/\/deveho.com\/sectors\/professional-services\/","og_locale":"fr_FR","og_type":"article","og_title":"Services professionnels - Deveho","og_description":"Vos atouts Sage X3 sert \u00e0 simplifier la gestion des activit\u00e9s de services et \u00e0 suivre de pr\u00e8s les aspects op\u00e9rationnels, commerciaux et financiers des projets. Plus g\u00e9n\u00e9ralement, Sage X3 peut \u00eatre utilis\u00e9 pour g\u00e9rer le cycle de vie complet d&rsquo;un projet (devis, lancement, attribution, suivi, analyses fr\u00e9quentes, facturation et comptabilit\u00e9) et ainsi r\u00e9agir rapidement [&hellip;]","og_url":"https:\/\/deveho.com\/sectors\/professional-services\/","og_site_name":"Deveho","article_publisher":"https:\/\/www.facebook.com\/deveho","article_modified_time":"2022-10-28T08:02:04+00:00","twitter_card":"summary_large_image","twitter_site":"@Deveho1","twitter_misc":{"Dur\u00e9e de lecture estim\u00e9e":"1 minute"},"schema":{"@context":"https:\/\/schema.org","@graph":[{"@type":"WebPage","@id":"https:\/\/deveho.com\/sectors\/professional-services\/","url":"https:\/\/deveho.com\/sectors\/professional-services\/","name":"Services professionnels - Deveho","isPartOf":{"@id":"https:\/\/deveho.com\/#website"},"datePublished":"2022-02-23T19:56:40+00:00","dateModified":"2022-10-28T08:02:04+00:00","breadcrumb":{"@id":"https:\/\/deveho.com\/sectors\/professional-services\/#breadcrumb"},"inLanguage":"fr-FR","potentialAction":[{"@type":"ReadAction","target":["https:\/\/deveho.com\/sectors\/professional-services\/"]}]},{"@type":"BreadcrumbList","@id":"https:\/\/deveho.com\/sectors\/professional-services\/#breadcrumb","itemListElement":[{"@type":"ListItem","position":1,"name":"Home","item":"https:\/\/deveho.com\/fr\/"},{"@type":"ListItem","position":2,"name":"Secteurs","item":"https:\/\/deveho.com\/sectors\/"},{"@type":"ListItem","position":3,"name":"Services professionnels"}]},{"@type":"WebSite","@id":"https:\/\/deveho.com\/#website","url":"https:\/\/deveho.com\/","name":"Deveho Consulting Group","description":"Let\u2019s boost your growth","publisher":{"@id":"https:\/\/deveho.com\/#organization"},"potentialAction":[{"@type":"SearchAction","target":{"@type":"EntryPoint","urlTemplate":"https:\/\/deveho.com\/?s={search_term_string}"},"query-input":{"@type":"PropertyValueSpecification","valueRequired":true,"valueName":"search_term_string"}}],"inLanguage":"fr-FR"},{"@type":"Organization","@id":"https:\/\/deveho.com\/#organization","name":"Deveho Consulting Group","url":"https:\/\/deveho.com\/","logo":{"@type":"ImageObject","inLanguage":"fr-FR","@id":"https:\/\/deveho.com\/#\/schema\/logo\/image\/","url":"https:\/\/deveho.com\/wp-content\/uploads\/2023\/02\/DEVEHO-LOGO-Baseline-COLOR.png","contentUrl":"https:\/\/deveho.com\/wp-content\/uploads\/2023\/02\/DEVEHO-LOGO-Baseline-COLOR.png","width":2251,"height":585,"caption":"Deveho Consulting Group"},"image":{"@id":"https:\/\/deveho.com\/#\/schema\/logo\/image\/"},"sameAs":["https:\/\/www.facebook.com\/deveho","https:\/\/x.com\/Deveho1","https:\/\/www.linkedin.com\/company\/deveho-consulting\/"]}]}},"_links":{"self":[{"href":"https:\/\/deveho.com\/fr\/wp-json\/wp\/v2\/pages\/9245"}],"collection":[{"href":"https:\/\/deveho.com\/fr\/wp-json\/wp\/v2\/pages"}],"about":[{"href":"https:\/\/deveho.com\/fr\/wp-json\/wp\/v2\/types\/page"}],"author":[{"embeddable":true,"href":"https:\/\/deveho.com\/fr\/wp-json\/wp\/v2\/users\/3"}],"replies":[{"embeddable":true,"href":"https:\/\/deveho.com\/fr\/wp-json\/wp\/v2\/comments?post=9245"}],"version-history":[{"count":0,"href":"https:\/\/deveho.com\/fr\/wp-json\/wp\/v2\/pages\/9245\/revisions"}],"up":[{"embeddable":true,"href":"https:\/\/deveho.com\/fr\/wp-json\/wp\/v2\/pages\/10353"}],"wp:attachment":[{"href":"https:\/\/deveho.com\/fr\/wp-json\/wp\/v2\/media?parent=9245"}],"curies":[{"name":"wp","href":"https:\/\/api.w.org\/{rel}","templated":true}]}}