{"id":9326,"date":"2022-03-02T11:43:34","date_gmt":"2022-03-02T11:43:34","guid":{"rendered":"https:\/\/deveho2.sfdbeta.be\/sage-x3\/"},"modified":"2025-12-09T10:04:32","modified_gmt":"2025-12-09T08:04:32","slug":"sage-x3","status":"publish","type":"page","link":"https:\/\/deveho.com\/fr\/produits\/sage-x3\/","title":{"rendered":"Sage X3"},"content":{"rendered":"<br \/>\n<h2>Le <b>PGI le plus souple<\/b>, le plus rapide et le plus simple<\/h2>\n<p>Le PGI Sage X3 vous donne le contr\u00f4le de l&rsquo;ensemble de votre entreprise, depuis la cha\u00eene d&rsquo;approvisionnement jusqu&rsquo;aux ventes, en passant par la production, les services et la comptabilit\u00e9. La solution est destin\u00e9e aux entreprises qui veulent augmenter leur efficacit\u00e9, leur souplesse et leur expertise.<\/p>\n<p>Sa capacit\u00e9 \u00e0 respecter un grand nombre de cadres r\u00e9glementaires et \u00e0 int\u00e9grer un large \u00e9ventail de secteurs d&rsquo;affaires lui permet d&rsquo;accompagner \u00e0 l&rsquo;international des structures complexes .<\/p>\n<p>Sage X3 permet aux entreprises de g\u00e9rer leurs activit\u00e9s en temps r\u00e9el, \u00e0 la fois dans leurs aspects financiers et op\u00e9rationnels.<\/p>\n<h2>QU&rsquo;Y A-T-IL DANS LA DERNI\u00c8RE MISE \u00c0 JOUR SAGE X3 V12 ?<\/h2>\n<h3>Sage X3 <br \/><red>nouvelle release 2025<\/red><\/h3>\n<h3>2025 R2 (12.0.38)<\/h3>\n<\/p>\n<h2>UTILISEZ-VOUS UNE ANCIENNE VERSION DE SAGE X3 ?<\/h2>\n<h3><red>Migrez vers<\/red> <br \/>Sage X3 V12 <\/h3>\n<h3>Migrer sur la derni\u00e8re version de votre ERP Sage X3, c&rsquo;est vous mettre en conformit\u00e9 avec l&rsquo;obligation de facture \u00e9lectronique, mais pas uniquement ! <br \/>C&rsquo;est aussi l&rsquo;occasion de digitaliser vos processus et de profiter d&rsquo;une multitude d&rsquo;automatisations, de tests de non-r\u00e9gression lors de la mise \u00e0 jour, de d\u00e9veloppements sp\u00e9cifiques, d\u2019industrialisation des add-ons, ainsi que de tests de non-r\u00e9gression pour la configuration d\u2019un nouveau mod\u00e8le de base et son d\u00e9ploiement.<\/h3>\n<p><p>&nbsp;<\/p>\n<p style=\"margin: 0in; font-family: Calibri; font-size: 11.0pt;\">Vous souhaitez en savoir plus ?<a href=\"https:\/\/deveho.com\/fr\/contact\/\"> Contactez-nous<\/a>.<\/p>\n<p>&nbsp;<\/p>\n<p><img loading=\"lazy\" decoding=\"async\" class=\"alignnone wp-image-33377\" src=\"https:\/\/deveho.com\/wp-content\/uploads\/2024\/09\/Posts-LinkedIn-e1726040958656.png\" alt=\"Migration Sage X3\" width=\"620\" height=\"460\" \/><\/p>\n<\/p>\n<h2>Plus qu&rsquo;un PGI<\/h2>\n<h3><red>Fonctionnalit\u00e9s<\/red> de X3    <\/h3>\n<h3><\/h3>\n<\/p>\n<h2>Sage X3 vous permet de d\u00e9velopper votre entreprise plus rapidement<\/h2>\n<p>Sage X3 est diff\u00e9rent des syst\u00e8mes PGI conventionnels et vous permet de rationaliser la gestion de votre entreprise en simplifiant tous les aspects op\u00e9rationnels.<\/p>\n<p><p>Solution unique et internationale pour les entreprises moyennes dans le monde entier, Sage X3 est la r\u00e9f\u00e9rence pour les PME &#8211; entreprises de taille moyenne ou filiales des grands groupes. Sage X3 est disponible dans une centaine de pays. C&#8217;est la solution de choix de plus de 5 200 entreprises et 240 000 utilisateurs, gr\u00e2ce \u00e0 sa facilit\u00e9 d&#8217;utilisation et sa mise en \u0153uvre rapide et \u00e9conomique.<\/p>\n<\/p>\n<p><p>Sage X3 concerne principalement les entreprises ayant de 100 \u00e0 500 employ\u00e9s dans les secteurs de la distribution, de la production et des services. Sage X3 peut accompagner les entreprises actives au niveau local ou international, qu&#8217;elles soient ind\u00e9pendantes ou qu&#8217;elles fassent partie d&#8217;un groupe plus large. R\u00e9sultats : rationalisation des op\u00e9rations, information en temps r\u00e9el sur votre entreprise et am\u00e9lioration de la performance. R\u00e9sultats : rationalisation des op\u00e9rations, information en temps r\u00e9el sur votre entreprise et am\u00e9lioration de la performance.<\/p>\n<\/p>\n<h2>Importance du choix de votre PGI<\/h2>\n<p>R\u00e9guli\u00e8rement, les entreprises moyennes doivent se contenter de donn\u00e9es internes de mauvaise qualit\u00e9, de plus difficile d&rsquo;acc\u00e8s et compliqu\u00e9es \u00e0 interpr\u00e9ter. Ce probl\u00e8me qui freine leur croissance et leur rentabilit\u00e9.<\/p>\n<p>\u00c0 cause de syst\u00e8mes de gestion obsol\u00e8tes et de solutions non adapt\u00e9es, les entreprises doivent mettre en \u0153uvre de nombreuses proc\u00e9dures manuels qui entra\u00eenent un manque structurel d&rsquo;efficacit\u00e9.<\/p>\n<h2><red>Qu&rsquo;attendez-vous d&rsquo;un PGI ?<\/red>   <\/h2>\n<p>Une entreprise a besoin d&rsquo;un progiciel de gestion int\u00e9gr\u00e9 (PGI) pour optimiser et simplifier toutes ses proc\u00e9dures de gestion, sa productivit\u00e9 ou m\u00eame ses ressources. Acqu\u00e9rir une solution PGI a de nombreux avantages pour toute organisation.<\/p>\n<h2><\/h2>\n<h3>Pages Li\u00e9es<\/h3>\n<\/p>\n<h3><\/h3>\n<\/p>\n<h3><\/h3>\n<\/p>\n<h2>Faites la visite interactive du produit Sage X3<\/h2>\n<p>Regardez la vid\u00e9o et d\u00e9couvrez comment Sage X3 soutient et renforce les industries de la distribution, de la fabrication et des services.<\/p><\/p>\n","protected":false},"excerpt":{"rendered":"<p>Sage X3 fournit des solutions de gestion d&rsquo;entreprise plus rapides, intuitives que les PGI conventionnels et aussi plus adapt\u00e9es aux entreprises orient\u00e9es produits, voulant prosp\u00e9rer et rester comp\u00e9titives dans un monde des affaires \u00e0 la complexit\u00e9 croissante. Sage X3 transforme la gestion des personnes, des processus et des op\u00e9rations, permettant aux entreprises de rapidement faire face aux changements.<\/p>\n","protected":false},"author":8,"featured_media":0,"parent":10307,"menu_order":0,"comment_status":"closed","ping_status":"closed","template":"templates\/template-prod_serv.php","meta":{"_acf_changed":false,"footnotes":""},"class_list":["post-9326","page","type-page","status-publish","hentry"],"acf":[],"yoast_head":"<!-- This site is optimized with the Yoast SEO plugin v23.5 - https:\/\/yoast.com\/wordpress\/plugins\/seo\/ -->\n<title>Sage X3, pour acc\u00e9l\u00e9rer la croissance de votre entreprise - Deveho<\/title>\n<meta name=\"description\" content=\"D\u00e9couvrez Sage X3, une solution unique et internationale qui vous permet de prendre le contr\u00f4le de l&#039;ensemble de votre entreprise.\" \/>\n<meta name=\"robots\" content=\"index, follow, max-snippet:-1, max-image-preview:large, max-video-preview:-1\" \/>\n<link rel=\"canonical\" href=\"https:\/\/deveho.com\/fr\/produits\/sage-x3\/\" \/>\n<meta property=\"og:locale\" content=\"fr_FR\" \/>\n<meta property=\"og:type\" content=\"article\" \/>\n<meta property=\"og:title\" content=\"Sage X3, pour acc\u00e9l\u00e9rer la croissance de votre entreprise - Deveho\" \/>\n<meta property=\"og:description\" content=\"D\u00e9couvrez Sage X3, une solution unique et internationale qui vous permet de prendre le contr\u00f4le de l&#039;ensemble de votre entreprise.\" \/>\n<meta property=\"og:url\" content=\"https:\/\/deveho.com\/fr\/produits\/sage-x3\/\" \/>\n<meta property=\"og:site_name\" content=\"Deveho\" \/>\n<meta property=\"article:publisher\" content=\"https:\/\/www.facebook.com\/deveho\" \/>\n<meta property=\"article:modified_time\" content=\"2025-12-09T08:04:32+00:00\" \/>\n<meta property=\"og:image\" content=\"https:\/\/deveho.com\/wp-content\/uploads\/2024\/09\/Posts-LinkedIn-e1726040958656.png\" \/>\n<meta name=\"twitter:card\" content=\"summary_large_image\" \/>\n<meta name=\"twitter:site\" content=\"@Deveho1\" \/>\n<meta name=\"twitter:label1\" content=\"Dur\u00e9e de lecture estim\u00e9e\" \/>\n\t<meta name=\"twitter:data1\" content=\"3 minutes\" \/>\n<script type=\"application\/ld+json\" class=\"yoast-schema-graph\">{\"@context\":\"https:\/\/schema.org\",\"@graph\":[{\"@type\":\"WebPage\",\"@id\":\"https:\/\/deveho.com\/fr\/produits\/sage-x3\/\",\"url\":\"https:\/\/deveho.com\/fr\/produits\/sage-x3\/\",\"name\":\"Sage X3, pour acc\u00e9l\u00e9rer la croissance de votre entreprise - Deveho\",\"isPartOf\":{\"@id\":\"https:\/\/deveho.com\/#website\"},\"primaryImageOfPage\":{\"@id\":\"https:\/\/deveho.com\/fr\/produits\/sage-x3\/#primaryimage\"},\"image\":{\"@id\":\"https:\/\/deveho.com\/fr\/produits\/sage-x3\/#primaryimage\"},\"thumbnailUrl\":\"https:\/\/deveho.com\/wp-content\/uploads\/2024\/09\/Posts-LinkedIn-e1726040958656.png\",\"datePublished\":\"2022-03-02T11:43:34+00:00\",\"dateModified\":\"2025-12-09T08:04:32+00:00\",\"description\":\"D\u00e9couvrez Sage X3, une solution unique et internationale qui vous permet de prendre le contr\u00f4le de l'ensemble de votre entreprise.\",\"breadcrumb\":{\"@id\":\"https:\/\/deveho.com\/fr\/produits\/sage-x3\/#breadcrumb\"},\"inLanguage\":\"fr-FR\",\"potentialAction\":[{\"@type\":\"ReadAction\",\"target\":[\"https:\/\/deveho.com\/fr\/produits\/sage-x3\/\"]}]},{\"@type\":\"ImageObject\",\"inLanguage\":\"fr-FR\",\"@id\":\"https:\/\/deveho.com\/fr\/produits\/sage-x3\/#primaryimage\",\"url\":\"https:\/\/deveho.com\/wp-content\/uploads\/2024\/09\/Posts-LinkedIn-e1726040958656.png\",\"contentUrl\":\"https:\/\/deveho.com\/wp-content\/uploads\/2024\/09\/Posts-LinkedIn-e1726040958656.png\"},{\"@type\":\"BreadcrumbList\",\"@id\":\"https:\/\/deveho.com\/fr\/produits\/sage-x3\/#breadcrumb\",\"itemListElement\":[{\"@type\":\"ListItem\",\"position\":1,\"name\":\"Home\",\"item\":\"https:\/\/deveho.com\/fr\/\"},{\"@type\":\"ListItem\",\"position\":2,\"name\":\"Produits\",\"item\":\"https:\/\/deveho.com\/fr\/produits\/\"},{\"@type\":\"ListItem\",\"position\":3,\"name\":\"Sage X3\"}]},{\"@type\":\"WebSite\",\"@id\":\"https:\/\/deveho.com\/#website\",\"url\":\"https:\/\/deveho.com\/\",\"name\":\"Deveho Consulting Group\",\"description\":\"Let\u2019s boost your growth\",\"publisher\":{\"@id\":\"https:\/\/deveho.com\/#organization\"},\"potentialAction\":[{\"@type\":\"SearchAction\",\"target\":{\"@type\":\"EntryPoint\",\"urlTemplate\":\"https:\/\/deveho.com\/?s={search_term_string}\"},\"query-input\":{\"@type\":\"PropertyValueSpecification\",\"valueRequired\":true,\"valueName\":\"search_term_string\"}}],\"inLanguage\":\"fr-FR\"},{\"@type\":\"Organization\",\"@id\":\"https:\/\/deveho.com\/#organization\",\"name\":\"Deveho Consulting Group\",\"url\":\"https:\/\/deveho.com\/\",\"logo\":{\"@type\":\"ImageObject\",\"inLanguage\":\"fr-FR\",\"@id\":\"https:\/\/deveho.com\/#\/schema\/logo\/image\/\",\"url\":\"https:\/\/deveho.com\/wp-content\/uploads\/2023\/02\/DEVEHO-LOGO-Baseline-COLOR.png\",\"contentUrl\":\"https:\/\/deveho.com\/wp-content\/uploads\/2023\/02\/DEVEHO-LOGO-Baseline-COLOR.png\",\"width\":2251,\"height\":585,\"caption\":\"Deveho Consulting Group\"},\"image\":{\"@id\":\"https:\/\/deveho.com\/#\/schema\/logo\/image\/\"},\"sameAs\":[\"https:\/\/www.facebook.com\/deveho\",\"https:\/\/x.com\/Deveho1\",\"https:\/\/www.linkedin.com\/company\/deveho-consulting\/\"]}]}<\/script>\n<!-- \/ Yoast SEO plugin. -->","yoast_head_json":{"title":"Sage X3, pour acc\u00e9l\u00e9rer la croissance de votre entreprise - Deveho","description":"D\u00e9couvrez Sage X3, une solution unique et internationale qui vous permet de prendre le contr\u00f4le de l'ensemble de votre entreprise.","robots":{"index":"index","follow":"follow","max-snippet":"max-snippet:-1","max-image-preview":"max-image-preview:large","max-video-preview":"max-video-preview:-1"},"canonical":"https:\/\/deveho.com\/fr\/produits\/sage-x3\/","og_locale":"fr_FR","og_type":"article","og_title":"Sage X3, pour acc\u00e9l\u00e9rer la croissance de votre entreprise - Deveho","og_description":"D\u00e9couvrez Sage X3, une solution unique et internationale qui vous permet de prendre le contr\u00f4le de l'ensemble de votre entreprise.","og_url":"https:\/\/deveho.com\/fr\/produits\/sage-x3\/","og_site_name":"Deveho","article_publisher":"https:\/\/www.facebook.com\/deveho","article_modified_time":"2025-12-09T08:04:32+00:00","og_image":[{"url":"https:\/\/deveho.com\/wp-content\/uploads\/2024\/09\/Posts-LinkedIn-e1726040958656.png"}],"twitter_card":"summary_large_image","twitter_site":"@Deveho1","twitter_misc":{"Dur\u00e9e de lecture estim\u00e9e":"3 minutes"},"schema":{"@context":"https:\/\/schema.org","@graph":[{"@type":"WebPage","@id":"https:\/\/deveho.com\/fr\/produits\/sage-x3\/","url":"https:\/\/deveho.com\/fr\/produits\/sage-x3\/","name":"Sage X3, pour acc\u00e9l\u00e9rer la croissance de votre entreprise - Deveho","isPartOf":{"@id":"https:\/\/deveho.com\/#website"},"primaryImageOfPage":{"@id":"https:\/\/deveho.com\/fr\/produits\/sage-x3\/#primaryimage"},"image":{"@id":"https:\/\/deveho.com\/fr\/produits\/sage-x3\/#primaryimage"},"thumbnailUrl":"https:\/\/deveho.com\/wp-content\/uploads\/2024\/09\/Posts-LinkedIn-e1726040958656.png","datePublished":"2022-03-02T11:43:34+00:00","dateModified":"2025-12-09T08:04:32+00:00","description":"D\u00e9couvrez Sage X3, une solution unique et internationale qui vous permet de prendre le contr\u00f4le de l'ensemble de votre entreprise.","breadcrumb":{"@id":"https:\/\/deveho.com\/fr\/produits\/sage-x3\/#breadcrumb"},"inLanguage":"fr-FR","potentialAction":[{"@type":"ReadAction","target":["https:\/\/deveho.com\/fr\/produits\/sage-x3\/"]}]},{"@type":"ImageObject","inLanguage":"fr-FR","@id":"https:\/\/deveho.com\/fr\/produits\/sage-x3\/#primaryimage","url":"https:\/\/deveho.com\/wp-content\/uploads\/2024\/09\/Posts-LinkedIn-e1726040958656.png","contentUrl":"https:\/\/deveho.com\/wp-content\/uploads\/2024\/09\/Posts-LinkedIn-e1726040958656.png"},{"@type":"BreadcrumbList","@id":"https:\/\/deveho.com\/fr\/produits\/sage-x3\/#breadcrumb","itemListElement":[{"@type":"ListItem","position":1,"name":"Home","item":"https:\/\/deveho.com\/fr\/"},{"@type":"ListItem","position":2,"name":"Produits","item":"https:\/\/deveho.com\/fr\/produits\/"},{"@type":"ListItem","position":3,"name":"Sage X3"}]},{"@type":"WebSite","@id":"https:\/\/deveho.com\/#website","url":"https:\/\/deveho.com\/","name":"Deveho Consulting Group","description":"Let\u2019s boost your growth","publisher":{"@id":"https:\/\/deveho.com\/#organization"},"potentialAction":[{"@type":"SearchAction","target":{"@type":"EntryPoint","urlTemplate":"https:\/\/deveho.com\/?s={search_term_string}"},"query-input":{"@type":"PropertyValueSpecification","valueRequired":true,"valueName":"search_term_string"}}],"inLanguage":"fr-FR"},{"@type":"Organization","@id":"https:\/\/deveho.com\/#organization","name":"Deveho Consulting Group","url":"https:\/\/deveho.com\/","logo":{"@type":"ImageObject","inLanguage":"fr-FR","@id":"https:\/\/deveho.com\/#\/schema\/logo\/image\/","url":"https:\/\/deveho.com\/wp-content\/uploads\/2023\/02\/DEVEHO-LOGO-Baseline-COLOR.png","contentUrl":"https:\/\/deveho.com\/wp-content\/uploads\/2023\/02\/DEVEHO-LOGO-Baseline-COLOR.png","width":2251,"height":585,"caption":"Deveho Consulting Group"},"image":{"@id":"https:\/\/deveho.com\/#\/schema\/logo\/image\/"},"sameAs":["https:\/\/www.facebook.com\/deveho","https:\/\/x.com\/Deveho1","https:\/\/www.linkedin.com\/company\/deveho-consulting\/"]}]}},"_links":{"self":[{"href":"https:\/\/deveho.com\/fr\/wp-json\/wp\/v2\/pages\/9326"}],"collection":[{"href":"https:\/\/deveho.com\/fr\/wp-json\/wp\/v2\/pages"}],"about":[{"href":"https:\/\/deveho.com\/fr\/wp-json\/wp\/v2\/types\/page"}],"author":[{"embeddable":true,"href":"https:\/\/deveho.com\/fr\/wp-json\/wp\/v2\/users\/8"}],"replies":[{"embeddable":true,"href":"https:\/\/deveho.com\/fr\/wp-json\/wp\/v2\/comments?post=9326"}],"version-history":[{"count":12,"href":"https:\/\/deveho.com\/fr\/wp-json\/wp\/v2\/pages\/9326\/revisions"}],"predecessor-version":[{"id":44536,"href":"https:\/\/deveho.com\/fr\/wp-json\/wp\/v2\/pages\/9326\/revisions\/44536"}],"up":[{"embeddable":true,"href":"https:\/\/deveho.com\/fr\/wp-json\/wp\/v2\/pages\/10307"}],"wp:attachment":[{"href":"https:\/\/deveho.com\/fr\/wp-json\/wp\/v2\/media?parent=9326"}],"curies":[{"name":"wp","href":"https:\/\/api.w.org\/{rel}","templated":true}]}}