{"id":9375,"date":"2022-03-08T22:05:28","date_gmt":"2022-03-08T22:05:28","guid":{"rendered":"https:\/\/deveho2.sfdbeta.be\/integration-dextensions-pour-les-entreprises\/"},"modified":"2026-04-07T09:23:39","modified_gmt":"2026-04-07T07:23:39","slug":"integration-d-extensions-pour-les-entreprises","status":"publish","type":"page","link":"https:\/\/deveho.com\/fr\/produits\/integration-d-extensions-pour-les-entreprises\/","title":{"rendered":"Extensions Sage X3"},"content":{"rendered":"<br \/>\n<h2><\/h2>\n<h3><red> Comptabilit\u00e9 fournisseurs automatis\u00e9e<\/red>   <\/h3>\n<h3><\/h3>\n<p><p>L&#8217;int\u00e9gration avec Sage X3 consiste \u00e0 partager, en partant de Sage X3, les donn\u00e9es de r\u00e9f\u00e9rence (fournisseurs, plan comptable, m\u00e9thodes de paiement&#8230;), les commandes et\/ou les re\u00e7us. En retour, la solution d\u00e9mat\u00e9rialis\u00e9e du fournisseur envoie les factures correspondant aux commandes et re\u00e7us. Enfin, Sage X3 a la capacit\u00e9 d&#8217;envoyer les donn\u00e9es de paiement \u00e0 la solution d\u00e9mat\u00e9rialis\u00e9e.<\/p>\n<p>En tenant compte des exigences de ses clients, Deveho r\u00e9alise r\u00e9guli\u00e8rement des projets d&#8217;int\u00e9gration avec les logiciels suivants :<\/p>\n<\/p>\n<h2><\/h2>\n<h3>Stripe<\/h3>\n<p><p>Infrastructure de paiement pour e-commerce. Utilisez le logiciel Stripe et ses interfaces API pour accepter des paiements, faire des transferts et g\u00e9rer vos affaires en ligne.<\/p>\n<p><a href=\"https:\/\/stripe.com\/\">https:\/\/stripe.com\/<\/a><\/p>\n<\/p>\n<h3><red>Int\u00e9gration d&rsquo;extensions pour Sage X3 par DEVEHO <\/red>      <\/h3>\n<p><p>Deveho a construit un certain nombre d&#8217;extensions pour encore renforcer votre outil X3. Les voici :<\/p>\n<\/p>\n<p>Un stock pour plusieurs fournisseurs <\/p>\n<p>Int\u00e9gration automatique des taux de change<\/p>\n<p>Envoi des factures de vente par courriel et par lots<\/p>\n<p>G\u00e8re un fournisseur par produit pour les points de vente<\/p>\n<p>Pr\u00e9pare des pr\u00e9visions en dupliquant la consommation des mat\u00e9riaux (planification des besoins &#8211; MRP)<\/p>\n<p>Plan de nommage des rapports<\/p>\n<p>\u00c9tablit un marquage actif\/inactif pour les conditions de paiement<\/p>\n<p>Rapport sur le stock avec quantit\u00e9s initiales et finales ainsi que valeur<\/p>\n<p>Solde des stocks (initial, p\u00e9riodique +\/-, final) par quantit\u00e9 &#038; montants<\/p>\n<p>EDI Edifact (messages INVRPT, DESADV, ANMOV, INVOIC, ORDER, IFTMIN)<\/p>\n<p>Extension Deveho sFTP (g\u00e8re le transfert des fichiers avec sFTP)<\/p>\n<h3>Compatibilit\u00e9 avec les plateformes des imp\u00f4ts <\/h3>\n<p><p>R\u00e9guli\u00e8rement, Deveho int\u00e8gre des solutions &#8220;administration fiscale&#8221; de Sage X3 telles que Kyriba and Sage XRT, pour les flux suivants :<\/p>\n<\/p>\n<p>Fichiers bancaires<\/p>\n<p>Taux de change<\/p>\n<p>Donn\u00e9es de r\u00e9f\u00e9rence (partenaires commerciaux)<\/p>\n<p>Paiements r\u00e9alis\u00e9s<\/p>\n<p>Relev\u00e9s bancaires<\/p>\n<h3><red>Int\u00e9gration avec les logiciels de paie et de gestion des frais de personnel<\/red>   <\/h3>\n<\/p>\n<p>Deveho int\u00e8gre les flux de la paie en tant qu&rsquo;entr\u00e9es comptables, gr\u00e2ce \u00e0 des mod\u00e8les standardis\u00e9s d&rsquo;importation.<\/p>\n<p>En utilisant le m\u00eame type de mod\u00e8les d&rsquo;importation, Deveho int\u00e8gre les frais du personnel en tant qu&rsquo;entr\u00e9es comptables.<\/p>\n<h3>Demandes de consolidation<\/h3>\n<\/p>\n<p>Gr\u00e2ce \u00e0 l&rsquo;utilisation de mod\u00e8les standardis\u00e9s pour l&rsquo;exportation des soldes, Deveho r\u00e9alise fr\u00e9quemment des int\u00e9grations avec des solutions de Consolidation.<\/p>\n<h2><\/h2>\n<h3><red>Ressources<\/red>  <\/h3>\n<\/p>\n<h3><\/h3>\n<\/p>\n<h3><\/h3><\/p>\n","protected":false},"excerpt":{"rendered":"<p>En tant qu&rsquo;int\u00e9grateur Sage X3, Deveho d\u00e9ploie r\u00e9guli\u00e8rement une vaste gamme d&rsquo;interfaces avec des produits tiers. Deveho a une longue exp\u00e9rience dans l&rsquo;int\u00e9gration avec des logiciels du march\u00e9 et m\u00eame des applications internes.<\/p>\n","protected":false},"author":3,"featured_media":0,"parent":10307,"menu_order":0,"comment_status":"closed","ping_status":"closed","template":"templates\/template-prod_serv.php","meta":{"_acf_changed":false,"footnotes":""},"class_list":["post-9375","page","type-page","status-publish","hentry"],"acf":[],"yoast_head":"<!-- This site is optimized with the Yoast SEO plugin v23.5 - https:\/\/yoast.com\/wordpress\/plugins\/seo\/ -->\n<title>Extensions Sage X3, faites \u00e9voluer votre solution - Deveho<\/title>\n<meta name=\"description\" content=\"Boostez votre business avec notre int\u00e9gration d&#039;extensions pour Sage X3 : int\u00e9grez Yooz, ou nos extensions Deveho pour gagner en productivit\u00e9.\" \/>\n<meta name=\"robots\" content=\"index, follow, max-snippet:-1, max-image-preview:large, max-video-preview:-1\" \/>\n<link rel=\"canonical\" href=\"https:\/\/deveho.com\/fr\/produits\/integration-d-extensions-pour-les-entreprises\/\" \/>\n<meta property=\"og:locale\" content=\"fr_FR\" \/>\n<meta property=\"og:type\" content=\"article\" \/>\n<meta property=\"og:title\" content=\"Extensions Sage X3, faites \u00e9voluer votre solution - Deveho\" \/>\n<meta property=\"og:description\" content=\"Boostez votre business avec notre int\u00e9gration d&#039;extensions pour Sage X3 : int\u00e9grez Yooz, ou nos extensions Deveho pour gagner en productivit\u00e9.\" \/>\n<meta property=\"og:url\" content=\"https:\/\/deveho.com\/fr\/produits\/integration-d-extensions-pour-les-entreprises\/\" \/>\n<meta property=\"og:site_name\" content=\"Deveho\" \/>\n<meta property=\"article:publisher\" content=\"https:\/\/www.facebook.com\/deveho\" \/>\n<meta property=\"article:modified_time\" content=\"2026-04-07T07:23:39+00:00\" \/>\n<meta name=\"twitter:card\" content=\"summary_large_image\" \/>\n<meta name=\"twitter:site\" content=\"@Deveho1\" \/>\n<meta name=\"twitter:label1\" content=\"Dur\u00e9e de lecture estim\u00e9e\" \/>\n\t<meta name=\"twitter:data1\" content=\"2 minutes\" \/>\n<script type=\"application\/ld+json\" class=\"yoast-schema-graph\">{\"@context\":\"https:\/\/schema.org\",\"@graph\":[{\"@type\":\"WebPage\",\"@id\":\"https:\/\/deveho.com\/fr\/produits\/integration-d-extensions-pour-les-entreprises\/\",\"url\":\"https:\/\/deveho.com\/fr\/produits\/integration-d-extensions-pour-les-entreprises\/\",\"name\":\"Extensions Sage X3, faites \u00e9voluer votre solution - Deveho\",\"isPartOf\":{\"@id\":\"https:\/\/deveho.com\/#website\"},\"datePublished\":\"2022-03-08T22:05:28+00:00\",\"dateModified\":\"2026-04-07T07:23:39+00:00\",\"description\":\"Boostez votre business avec notre int\u00e9gration d'extensions pour Sage X3 : int\u00e9grez Yooz, ou nos extensions Deveho pour gagner en productivit\u00e9.\",\"breadcrumb\":{\"@id\":\"https:\/\/deveho.com\/fr\/produits\/integration-d-extensions-pour-les-entreprises\/#breadcrumb\"},\"inLanguage\":\"fr-FR\",\"potentialAction\":[{\"@type\":\"ReadAction\",\"target\":[\"https:\/\/deveho.com\/fr\/produits\/integration-d-extensions-pour-les-entreprises\/\"]}]},{\"@type\":\"BreadcrumbList\",\"@id\":\"https:\/\/deveho.com\/fr\/produits\/integration-d-extensions-pour-les-entreprises\/#breadcrumb\",\"itemListElement\":[{\"@type\":\"ListItem\",\"position\":1,\"name\":\"Home\",\"item\":\"https:\/\/deveho.com\/fr\/\"},{\"@type\":\"ListItem\",\"position\":2,\"name\":\"Produits\",\"item\":\"https:\/\/deveho.com\/fr\/produits\/\"},{\"@type\":\"ListItem\",\"position\":3,\"name\":\"Extensions Sage X3\"}]},{\"@type\":\"WebSite\",\"@id\":\"https:\/\/deveho.com\/#website\",\"url\":\"https:\/\/deveho.com\/\",\"name\":\"Deveho Consulting Group\",\"description\":\"Let\u2019s boost your growth\",\"publisher\":{\"@id\":\"https:\/\/deveho.com\/#organization\"},\"potentialAction\":[{\"@type\":\"SearchAction\",\"target\":{\"@type\":\"EntryPoint\",\"urlTemplate\":\"https:\/\/deveho.com\/?s={search_term_string}\"},\"query-input\":{\"@type\":\"PropertyValueSpecification\",\"valueRequired\":true,\"valueName\":\"search_term_string\"}}],\"inLanguage\":\"fr-FR\"},{\"@type\":\"Organization\",\"@id\":\"https:\/\/deveho.com\/#organization\",\"name\":\"Deveho Consulting Group\",\"url\":\"https:\/\/deveho.com\/\",\"logo\":{\"@type\":\"ImageObject\",\"inLanguage\":\"fr-FR\",\"@id\":\"https:\/\/deveho.com\/#\/schema\/logo\/image\/\",\"url\":\"https:\/\/deveho.com\/wp-content\/uploads\/2023\/02\/DEVEHO-LOGO-Baseline-COLOR.png\",\"contentUrl\":\"https:\/\/deveho.com\/wp-content\/uploads\/2023\/02\/DEVEHO-LOGO-Baseline-COLOR.png\",\"width\":2251,\"height\":585,\"caption\":\"Deveho Consulting Group\"},\"image\":{\"@id\":\"https:\/\/deveho.com\/#\/schema\/logo\/image\/\"},\"sameAs\":[\"https:\/\/www.facebook.com\/deveho\",\"https:\/\/x.com\/Deveho1\",\"https:\/\/www.linkedin.com\/company\/deveho-consulting\/\"]}]}<\/script>\n<!-- \/ Yoast SEO plugin. -->","yoast_head_json":{"title":"Extensions Sage X3, faites \u00e9voluer votre solution - Deveho","description":"Boostez votre business avec notre int\u00e9gration d'extensions pour Sage X3 : int\u00e9grez Yooz, ou nos extensions Deveho pour gagner en productivit\u00e9.","robots":{"index":"index","follow":"follow","max-snippet":"max-snippet:-1","max-image-preview":"max-image-preview:large","max-video-preview":"max-video-preview:-1"},"canonical":"https:\/\/deveho.com\/fr\/produits\/integration-d-extensions-pour-les-entreprises\/","og_locale":"fr_FR","og_type":"article","og_title":"Extensions Sage X3, faites \u00e9voluer votre solution - Deveho","og_description":"Boostez votre business avec notre int\u00e9gration d'extensions pour Sage X3 : int\u00e9grez Yooz, ou nos extensions Deveho pour gagner en productivit\u00e9.","og_url":"https:\/\/deveho.com\/fr\/produits\/integration-d-extensions-pour-les-entreprises\/","og_site_name":"Deveho","article_publisher":"https:\/\/www.facebook.com\/deveho","article_modified_time":"2026-04-07T07:23:39+00:00","twitter_card":"summary_large_image","twitter_site":"@Deveho1","twitter_misc":{"Dur\u00e9e de lecture estim\u00e9e":"2 minutes"},"schema":{"@context":"https:\/\/schema.org","@graph":[{"@type":"WebPage","@id":"https:\/\/deveho.com\/fr\/produits\/integration-d-extensions-pour-les-entreprises\/","url":"https:\/\/deveho.com\/fr\/produits\/integration-d-extensions-pour-les-entreprises\/","name":"Extensions Sage X3, faites \u00e9voluer votre solution - Deveho","isPartOf":{"@id":"https:\/\/deveho.com\/#website"},"datePublished":"2022-03-08T22:05:28+00:00","dateModified":"2026-04-07T07:23:39+00:00","description":"Boostez votre business avec notre int\u00e9gration d'extensions pour Sage X3 : int\u00e9grez Yooz, ou nos extensions Deveho pour gagner en productivit\u00e9.","breadcrumb":{"@id":"https:\/\/deveho.com\/fr\/produits\/integration-d-extensions-pour-les-entreprises\/#breadcrumb"},"inLanguage":"fr-FR","potentialAction":[{"@type":"ReadAction","target":["https:\/\/deveho.com\/fr\/produits\/integration-d-extensions-pour-les-entreprises\/"]}]},{"@type":"BreadcrumbList","@id":"https:\/\/deveho.com\/fr\/produits\/integration-d-extensions-pour-les-entreprises\/#breadcrumb","itemListElement":[{"@type":"ListItem","position":1,"name":"Home","item":"https:\/\/deveho.com\/fr\/"},{"@type":"ListItem","position":2,"name":"Produits","item":"https:\/\/deveho.com\/fr\/produits\/"},{"@type":"ListItem","position":3,"name":"Extensions Sage X3"}]},{"@type":"WebSite","@id":"https:\/\/deveho.com\/#website","url":"https:\/\/deveho.com\/","name":"Deveho Consulting Group","description":"Let\u2019s boost your growth","publisher":{"@id":"https:\/\/deveho.com\/#organization"},"potentialAction":[{"@type":"SearchAction","target":{"@type":"EntryPoint","urlTemplate":"https:\/\/deveho.com\/?s={search_term_string}"},"query-input":{"@type":"PropertyValueSpecification","valueRequired":true,"valueName":"search_term_string"}}],"inLanguage":"fr-FR"},{"@type":"Organization","@id":"https:\/\/deveho.com\/#organization","name":"Deveho Consulting Group","url":"https:\/\/deveho.com\/","logo":{"@type":"ImageObject","inLanguage":"fr-FR","@id":"https:\/\/deveho.com\/#\/schema\/logo\/image\/","url":"https:\/\/deveho.com\/wp-content\/uploads\/2023\/02\/DEVEHO-LOGO-Baseline-COLOR.png","contentUrl":"https:\/\/deveho.com\/wp-content\/uploads\/2023\/02\/DEVEHO-LOGO-Baseline-COLOR.png","width":2251,"height":585,"caption":"Deveho Consulting Group"},"image":{"@id":"https:\/\/deveho.com\/#\/schema\/logo\/image\/"},"sameAs":["https:\/\/www.facebook.com\/deveho","https:\/\/x.com\/Deveho1","https:\/\/www.linkedin.com\/company\/deveho-consulting\/"]}]}},"_links":{"self":[{"href":"https:\/\/deveho.com\/fr\/wp-json\/wp\/v2\/pages\/9375"}],"collection":[{"href":"https:\/\/deveho.com\/fr\/wp-json\/wp\/v2\/pages"}],"about":[{"href":"https:\/\/deveho.com\/fr\/wp-json\/wp\/v2\/types\/page"}],"author":[{"embeddable":true,"href":"https:\/\/deveho.com\/fr\/wp-json\/wp\/v2\/users\/3"}],"replies":[{"embeddable":true,"href":"https:\/\/deveho.com\/fr\/wp-json\/wp\/v2\/comments?post=9375"}],"version-history":[{"count":8,"href":"https:\/\/deveho.com\/fr\/wp-json\/wp\/v2\/pages\/9375\/revisions"}],"predecessor-version":[{"id":48068,"href":"https:\/\/deveho.com\/fr\/wp-json\/wp\/v2\/pages\/9375\/revisions\/48068"}],"up":[{"embeddable":true,"href":"https:\/\/deveho.com\/fr\/wp-json\/wp\/v2\/pages\/10307"}],"wp:attachment":[{"href":"https:\/\/deveho.com\/fr\/wp-json\/wp\/v2\/media?parent=9375"}],"curies":[{"name":"wp","href":"https:\/\/api.w.org\/{rel}","templated":true}]}}