{"id":9526,"date":"2022-03-21T15:26:53","date_gmt":"2022-03-21T15:26:53","guid":{"rendered":"https:\/\/deveho2.sfdbeta.be\/systeme-dematerialise\/"},"modified":"2024-06-10T16:07:36","modified_gmt":"2024-06-10T14:07:36","slug":"systeme-dematerialise","status":"publish","type":"page","link":"https:\/\/deveho.com\/fr\/produits\/systeme-dematerialise\/","title":{"rendered":"Syst\u00e8me d\u00e9mat\u00e9rialis\u00e9"},"content":{"rendered":"<br \/>\n<h2>Obtenir un syst\u00e8me d\u00e9mat\u00e9rialis\u00e9 est un effort qui permet de r\u00e9duire le temps et les d\u00e9penses associ\u00e9es aux syst\u00e8mes utilisant du papier. <\/h2>\n<h3><\/h3>\n<h3>Au-del\u00e0 de la simple cr\u00e9ation de documents \u00e9lectroniques, la d\u00e9mat\u00e9rialisation offre d\u00e9sormais la possibilit\u00e9 d&rsquo;optimiser le partage de donn\u00e9es et les processus, dans un monde o\u00f9 le num\u00e9rique est le principal vecteur d&rsquo;information et de communication. Ainsi, commandes, devis, factures et autres documents sont produits \u00e9lectroniquement, ce qui facilite leur partage, leur consultation et leur stockage.<\/h3>\n<p><p>En utilisant des connexions standards avec les principales solutions du march\u00e9, Sage X3 offre l&#8217;option d&#8217;un syst\u00e8me int\u00e9gr\u00e9 de gestion \u00e9lectronique de documents (GED) efficace et s\u00e9curis\u00e9.<\/p>\n<p>Tous vos documents sont reli\u00e9s aux fonctionnalit\u00e9s concern\u00e9es dans Sage X3, \u00e9liminant ainsi les probl\u00e8mes de doublons et de versions diff\u00e9rentes, tout en optimisant les processus transversaux entre les diff\u00e9rents services de votre entreprise.<\/p>\n<\/p>\n<h2><\/h2>\n<h3>Pages Li\u00e9es<\/h3>\n<\/p>\n<h3><\/h3>\n<\/p>\n<h3><\/h3><\/p>\n","protected":false},"excerpt":{"rendered":"<p>Optimisez et s\u00e9curisez vos partages de documents &#8211; et de donn\u00e9es &#8211; avec vos partenaires, pour gagner en efficacit\u00e9 et r\u00e9aliser ainsi des \u00e9conomies. Face \u00e0 des volumes croissants de donn\u00e9es, le passage \u00e0 la d\u00e9mat\u00e9rialisation est une pr\u00e9occupation majeure des entreprises.<\/p>\n","protected":false},"author":3,"featured_media":0,"parent":10307,"menu_order":0,"comment_status":"closed","ping_status":"closed","template":"templates\/template-prod_serv.php","meta":{"_acf_changed":false,"footnotes":""},"class_list":["post-9526","page","type-page","status-publish","hentry"],"acf":[],"yoast_head":"<!-- This site is optimized with the Yoast SEO plugin v23.5 - https:\/\/yoast.com\/wordpress\/plugins\/seo\/ -->\n<title>Syst\u00e8me d\u00e9mat\u00e9rialis\u00e9 - Deveho<\/title>\n<meta name=\"robots\" content=\"index, follow, max-snippet:-1, max-image-preview:large, max-video-preview:-1\" \/>\n<link rel=\"canonical\" href=\"https:\/\/deveho.com\/fr\/produits\/systeme-dematerialise\/\" \/>\n<meta property=\"og:locale\" content=\"fr_FR\" \/>\n<meta property=\"og:type\" content=\"article\" \/>\n<meta property=\"og:title\" content=\"Syst\u00e8me d\u00e9mat\u00e9rialis\u00e9 - Deveho\" \/>\n<meta property=\"og:description\" content=\"Optimisez et s\u00e9curisez vos partages de documents - et de donn\u00e9es - avec vos partenaires, pour gagner en efficacit\u00e9 et r\u00e9aliser ainsi des \u00e9conomies. Face \u00e0 des volumes croissants de donn\u00e9es, le passage \u00e0 la d\u00e9mat\u00e9rialisation est une pr\u00e9occupation majeure des entreprises.\" \/>\n<meta property=\"og:url\" content=\"https:\/\/deveho.com\/fr\/produits\/systeme-dematerialise\/\" \/>\n<meta property=\"og:site_name\" content=\"Deveho\" \/>\n<meta property=\"article:publisher\" content=\"https:\/\/www.facebook.com\/deveho\" \/>\n<meta property=\"article:modified_time\" content=\"2024-06-10T14:07:36+00:00\" \/>\n<meta name=\"twitter:card\" content=\"summary_large_image\" \/>\n<meta name=\"twitter:site\" content=\"@Deveho1\" \/>\n<meta name=\"twitter:label1\" content=\"Dur\u00e9e de lecture estim\u00e9e\" \/>\n\t<meta name=\"twitter:data1\" content=\"1 minute\" \/>\n<script type=\"application\/ld+json\" class=\"yoast-schema-graph\">{\"@context\":\"https:\/\/schema.org\",\"@graph\":[{\"@type\":\"WebPage\",\"@id\":\"https:\/\/deveho.com\/fr\/produits\/systeme-dematerialise\/\",\"url\":\"https:\/\/deveho.com\/fr\/produits\/systeme-dematerialise\/\",\"name\":\"Syst\u00e8me d\u00e9mat\u00e9rialis\u00e9 - Deveho\",\"isPartOf\":{\"@id\":\"https:\/\/deveho.com\/#website\"},\"datePublished\":\"2022-03-21T15:26:53+00:00\",\"dateModified\":\"2024-06-10T14:07:36+00:00\",\"breadcrumb\":{\"@id\":\"https:\/\/deveho.com\/fr\/produits\/systeme-dematerialise\/#breadcrumb\"},\"inLanguage\":\"fr-FR\",\"potentialAction\":[{\"@type\":\"ReadAction\",\"target\":[\"https:\/\/deveho.com\/fr\/produits\/systeme-dematerialise\/\"]}]},{\"@type\":\"BreadcrumbList\",\"@id\":\"https:\/\/deveho.com\/fr\/produits\/systeme-dematerialise\/#breadcrumb\",\"itemListElement\":[{\"@type\":\"ListItem\",\"position\":1,\"name\":\"Home\",\"item\":\"https:\/\/deveho.com\/fr\/\"},{\"@type\":\"ListItem\",\"position\":2,\"name\":\"Produits\",\"item\":\"https:\/\/deveho.com\/fr\/produits\/\"},{\"@type\":\"ListItem\",\"position\":3,\"name\":\"Syst\u00e8me d\u00e9mat\u00e9rialis\u00e9\"}]},{\"@type\":\"WebSite\",\"@id\":\"https:\/\/deveho.com\/#website\",\"url\":\"https:\/\/deveho.com\/\",\"name\":\"Deveho Consulting Group\",\"description\":\"Let\u2019s boost your growth\",\"publisher\":{\"@id\":\"https:\/\/deveho.com\/#organization\"},\"potentialAction\":[{\"@type\":\"SearchAction\",\"target\":{\"@type\":\"EntryPoint\",\"urlTemplate\":\"https:\/\/deveho.com\/?s={search_term_string}\"},\"query-input\":{\"@type\":\"PropertyValueSpecification\",\"valueRequired\":true,\"valueName\":\"search_term_string\"}}],\"inLanguage\":\"fr-FR\"},{\"@type\":\"Organization\",\"@id\":\"https:\/\/deveho.com\/#organization\",\"name\":\"Deveho Consulting Group\",\"url\":\"https:\/\/deveho.com\/\",\"logo\":{\"@type\":\"ImageObject\",\"inLanguage\":\"fr-FR\",\"@id\":\"https:\/\/deveho.com\/#\/schema\/logo\/image\/\",\"url\":\"https:\/\/deveho.com\/wp-content\/uploads\/2023\/02\/DEVEHO-LOGO-Baseline-COLOR.png\",\"contentUrl\":\"https:\/\/deveho.com\/wp-content\/uploads\/2023\/02\/DEVEHO-LOGO-Baseline-COLOR.png\",\"width\":2251,\"height\":585,\"caption\":\"Deveho Consulting Group\"},\"image\":{\"@id\":\"https:\/\/deveho.com\/#\/schema\/logo\/image\/\"},\"sameAs\":[\"https:\/\/www.facebook.com\/deveho\",\"https:\/\/x.com\/Deveho1\",\"https:\/\/www.linkedin.com\/company\/deveho-consulting\/\"]}]}<\/script>\n<!-- \/ Yoast SEO plugin. -->","yoast_head_json":{"title":"Syst\u00e8me d\u00e9mat\u00e9rialis\u00e9 - Deveho","robots":{"index":"index","follow":"follow","max-snippet":"max-snippet:-1","max-image-preview":"max-image-preview:large","max-video-preview":"max-video-preview:-1"},"canonical":"https:\/\/deveho.com\/fr\/produits\/systeme-dematerialise\/","og_locale":"fr_FR","og_type":"article","og_title":"Syst\u00e8me d\u00e9mat\u00e9rialis\u00e9 - Deveho","og_description":"Optimisez et s\u00e9curisez vos partages de documents - et de donn\u00e9es - avec vos partenaires, pour gagner en efficacit\u00e9 et r\u00e9aliser ainsi des \u00e9conomies. Face \u00e0 des volumes croissants de donn\u00e9es, le passage \u00e0 la d\u00e9mat\u00e9rialisation est une pr\u00e9occupation majeure des entreprises.","og_url":"https:\/\/deveho.com\/fr\/produits\/systeme-dematerialise\/","og_site_name":"Deveho","article_publisher":"https:\/\/www.facebook.com\/deveho","article_modified_time":"2024-06-10T14:07:36+00:00","twitter_card":"summary_large_image","twitter_site":"@Deveho1","twitter_misc":{"Dur\u00e9e de lecture estim\u00e9e":"1 minute"},"schema":{"@context":"https:\/\/schema.org","@graph":[{"@type":"WebPage","@id":"https:\/\/deveho.com\/fr\/produits\/systeme-dematerialise\/","url":"https:\/\/deveho.com\/fr\/produits\/systeme-dematerialise\/","name":"Syst\u00e8me d\u00e9mat\u00e9rialis\u00e9 - Deveho","isPartOf":{"@id":"https:\/\/deveho.com\/#website"},"datePublished":"2022-03-21T15:26:53+00:00","dateModified":"2024-06-10T14:07:36+00:00","breadcrumb":{"@id":"https:\/\/deveho.com\/fr\/produits\/systeme-dematerialise\/#breadcrumb"},"inLanguage":"fr-FR","potentialAction":[{"@type":"ReadAction","target":["https:\/\/deveho.com\/fr\/produits\/systeme-dematerialise\/"]}]},{"@type":"BreadcrumbList","@id":"https:\/\/deveho.com\/fr\/produits\/systeme-dematerialise\/#breadcrumb","itemListElement":[{"@type":"ListItem","position":1,"name":"Home","item":"https:\/\/deveho.com\/fr\/"},{"@type":"ListItem","position":2,"name":"Produits","item":"https:\/\/deveho.com\/fr\/produits\/"},{"@type":"ListItem","position":3,"name":"Syst\u00e8me d\u00e9mat\u00e9rialis\u00e9"}]},{"@type":"WebSite","@id":"https:\/\/deveho.com\/#website","url":"https:\/\/deveho.com\/","name":"Deveho Consulting Group","description":"Let\u2019s boost your growth","publisher":{"@id":"https:\/\/deveho.com\/#organization"},"potentialAction":[{"@type":"SearchAction","target":{"@type":"EntryPoint","urlTemplate":"https:\/\/deveho.com\/?s={search_term_string}"},"query-input":{"@type":"PropertyValueSpecification","valueRequired":true,"valueName":"search_term_string"}}],"inLanguage":"fr-FR"},{"@type":"Organization","@id":"https:\/\/deveho.com\/#organization","name":"Deveho Consulting Group","url":"https:\/\/deveho.com\/","logo":{"@type":"ImageObject","inLanguage":"fr-FR","@id":"https:\/\/deveho.com\/#\/schema\/logo\/image\/","url":"https:\/\/deveho.com\/wp-content\/uploads\/2023\/02\/DEVEHO-LOGO-Baseline-COLOR.png","contentUrl":"https:\/\/deveho.com\/wp-content\/uploads\/2023\/02\/DEVEHO-LOGO-Baseline-COLOR.png","width":2251,"height":585,"caption":"Deveho Consulting Group"},"image":{"@id":"https:\/\/deveho.com\/#\/schema\/logo\/image\/"},"sameAs":["https:\/\/www.facebook.com\/deveho","https:\/\/x.com\/Deveho1","https:\/\/www.linkedin.com\/company\/deveho-consulting\/"]}]}},"_links":{"self":[{"href":"https:\/\/deveho.com\/fr\/wp-json\/wp\/v2\/pages\/9526"}],"collection":[{"href":"https:\/\/deveho.com\/fr\/wp-json\/wp\/v2\/pages"}],"about":[{"href":"https:\/\/deveho.com\/fr\/wp-json\/wp\/v2\/types\/page"}],"author":[{"embeddable":true,"href":"https:\/\/deveho.com\/fr\/wp-json\/wp\/v2\/users\/3"}],"replies":[{"embeddable":true,"href":"https:\/\/deveho.com\/fr\/wp-json\/wp\/v2\/comments?post=9526"}],"version-history":[{"count":2,"href":"https:\/\/deveho.com\/fr\/wp-json\/wp\/v2\/pages\/9526\/revisions"}],"predecessor-version":[{"id":29861,"href":"https:\/\/deveho.com\/fr\/wp-json\/wp\/v2\/pages\/9526\/revisions\/29861"}],"up":[{"embeddable":true,"href":"https:\/\/deveho.com\/fr\/wp-json\/wp\/v2\/pages\/10307"}],"wp:attachment":[{"href":"https:\/\/deveho.com\/fr\/wp-json\/wp\/v2\/media?parent=9526"}],"curies":[{"name":"wp","href":"https:\/\/api.w.org\/{rel}","templated":true}]}}