{"id":9536,"date":"2022-03-22T16:57:52","date_gmt":"2022-03-22T16:57:52","guid":{"rendered":"https:\/\/deveho2.sfdbeta.be\/sage-x3-marketplace-isv\/sage-crm\/"},"modified":"2023-09-28T16:00:02","modified_gmt":"2023-09-28T14:00:02","slug":"sage-crm","status":"publish","type":"page","link":"https:\/\/deveho.com\/fr\/produits\/marketplace-sage-x3\/sage-crm\/","title":{"rendered":"Sage CRM"},"content":{"rendered":"<br \/>\n<h2><\/h2>\n<h3><\/h3>\n<h3>La solution Sage CRM a \u00e9t\u00e9 con\u00e7ue selon les besoins des entreprises, en veillant \u00e0 ce qu&rsquo;elle reste abordable, adaptable et incroyablement simple \u00e0 utiliser, tout en pr\u00e9sentant un potentiel d&rsquo;\u00e9volutivit\u00e9 permettant de suivre l&rsquo;\u00e9volution de votre activit\u00e9.<\/h3>\n<\/p>\n<h2><\/h2>\n<h3> Pages li\u00e9es<\/h3><\/p>\n","protected":false},"excerpt":{"rendered":"<p>La solution Sage CRM a \u00e9t\u00e9 con\u00e7ue selon les besoins des entreprises, en veillant \u00e0 ce qu&rsquo;elle reste abordable, adaptable et incroyablement simple \u00e0 utiliser, tout en pr\u00e9sentant un potentiel d&rsquo;\u00e9volutivit\u00e9 permettant de suivre l&rsquo;\u00e9volution de votre activit\u00e9. Pages li\u00e9es<\/p>\n","protected":false},"author":3,"featured_media":0,"parent":9533,"menu_order":0,"comment_status":"closed","ping_status":"closed","template":"templates\/template-prod_serv.php","meta":{"_acf_changed":false,"footnotes":""},"class_list":["post-9536","page","type-page","status-publish","hentry"],"acf":[],"yoast_head":"<!-- This site is optimized with the Yoast SEO plugin v23.5 - https:\/\/yoast.com\/wordpress\/plugins\/seo\/ -->\n<title>Sage CRM - Deveho<\/title>\n<meta name=\"robots\" content=\"index, follow, max-snippet:-1, max-image-preview:large, max-video-preview:-1\" \/>\n<link rel=\"canonical\" href=\"https:\/\/deveho.com\/fr\/produits\/marketplace-sage-x3\/sage-crm\/\" \/>\n<meta property=\"og:locale\" content=\"fr_FR\" \/>\n<meta property=\"og:type\" content=\"article\" \/>\n<meta property=\"og:title\" content=\"Sage CRM - Deveho\" \/>\n<meta property=\"og:description\" content=\"La solution Sage CRM a \u00e9t\u00e9 con\u00e7ue selon les besoins des entreprises, en veillant \u00e0 ce qu&rsquo;elle reste abordable, adaptable et incroyablement simple \u00e0 utiliser, tout en pr\u00e9sentant un potentiel d&rsquo;\u00e9volutivit\u00e9 permettant de suivre l&rsquo;\u00e9volution de votre activit\u00e9. Pages li\u00e9es\" \/>\n<meta property=\"og:url\" content=\"https:\/\/deveho.com\/fr\/produits\/marketplace-sage-x3\/sage-crm\/\" \/>\n<meta property=\"og:site_name\" content=\"Deveho\" \/>\n<meta property=\"article:publisher\" content=\"https:\/\/www.facebook.com\/deveho\" \/>\n<meta property=\"article:modified_time\" content=\"2023-09-28T14:00:02+00:00\" \/>\n<meta name=\"twitter:card\" content=\"summary_large_image\" \/>\n<meta name=\"twitter:site\" content=\"@Deveho1\" \/>\n<meta name=\"twitter:label1\" content=\"Dur\u00e9e de lecture estim\u00e9e\" \/>\n\t<meta name=\"twitter:data1\" content=\"1 minute\" \/>\n<script type=\"application\/ld+json\" class=\"yoast-schema-graph\">{\"@context\":\"https:\/\/schema.org\",\"@graph\":[{\"@type\":\"WebPage\",\"@id\":\"https:\/\/deveho.com\/fr\/produits\/marketplace-sage-x3\/sage-crm\/\",\"url\":\"https:\/\/deveho.com\/fr\/produits\/marketplace-sage-x3\/sage-crm\/\",\"name\":\"Sage CRM - Deveho\",\"isPartOf\":{\"@id\":\"https:\/\/deveho.com\/#website\"},\"datePublished\":\"2022-03-22T16:57:52+00:00\",\"dateModified\":\"2023-09-28T14:00:02+00:00\",\"breadcrumb\":{\"@id\":\"https:\/\/deveho.com\/fr\/produits\/marketplace-sage-x3\/sage-crm\/#breadcrumb\"},\"inLanguage\":\"fr-FR\",\"potentialAction\":[{\"@type\":\"ReadAction\",\"target\":[\"https:\/\/deveho.com\/fr\/produits\/marketplace-sage-x3\/sage-crm\/\"]}]},{\"@type\":\"BreadcrumbList\",\"@id\":\"https:\/\/deveho.com\/fr\/produits\/marketplace-sage-x3\/sage-crm\/#breadcrumb\",\"itemListElement\":[{\"@type\":\"ListItem\",\"position\":1,\"name\":\"Home\",\"item\":\"https:\/\/deveho.com\/fr\/\"},{\"@type\":\"ListItem\",\"position\":2,\"name\":\"Produits\",\"item\":\"https:\/\/deveho.com\/fr\/produits\/\"},{\"@type\":\"ListItem\",\"position\":3,\"name\":\"Marketplace Sage X3\",\"item\":\"https:\/\/deveho.com\/fr\/produits\/marketplace-sage-x3\/\"},{\"@type\":\"ListItem\",\"position\":4,\"name\":\"Sage CRM\"}]},{\"@type\":\"WebSite\",\"@id\":\"https:\/\/deveho.com\/#website\",\"url\":\"https:\/\/deveho.com\/\",\"name\":\"Deveho Consulting Group\",\"description\":\"Let\u2019s boost your growth\",\"publisher\":{\"@id\":\"https:\/\/deveho.com\/#organization\"},\"potentialAction\":[{\"@type\":\"SearchAction\",\"target\":{\"@type\":\"EntryPoint\",\"urlTemplate\":\"https:\/\/deveho.com\/?s={search_term_string}\"},\"query-input\":{\"@type\":\"PropertyValueSpecification\",\"valueRequired\":true,\"valueName\":\"search_term_string\"}}],\"inLanguage\":\"fr-FR\"},{\"@type\":\"Organization\",\"@id\":\"https:\/\/deveho.com\/#organization\",\"name\":\"Deveho Consulting Group\",\"url\":\"https:\/\/deveho.com\/\",\"logo\":{\"@type\":\"ImageObject\",\"inLanguage\":\"fr-FR\",\"@id\":\"https:\/\/deveho.com\/#\/schema\/logo\/image\/\",\"url\":\"https:\/\/deveho.com\/wp-content\/uploads\/2023\/02\/DEVEHO-LOGO-Baseline-COLOR.png\",\"contentUrl\":\"https:\/\/deveho.com\/wp-content\/uploads\/2023\/02\/DEVEHO-LOGO-Baseline-COLOR.png\",\"width\":2251,\"height\":585,\"caption\":\"Deveho Consulting Group\"},\"image\":{\"@id\":\"https:\/\/deveho.com\/#\/schema\/logo\/image\/\"},\"sameAs\":[\"https:\/\/www.facebook.com\/deveho\",\"https:\/\/x.com\/Deveho1\",\"https:\/\/www.linkedin.com\/company\/deveho-consulting\/\"]}]}<\/script>\n<!-- \/ Yoast SEO plugin. -->","yoast_head_json":{"title":"Sage CRM - Deveho","robots":{"index":"index","follow":"follow","max-snippet":"max-snippet:-1","max-image-preview":"max-image-preview:large","max-video-preview":"max-video-preview:-1"},"canonical":"https:\/\/deveho.com\/fr\/produits\/marketplace-sage-x3\/sage-crm\/","og_locale":"fr_FR","og_type":"article","og_title":"Sage CRM - Deveho","og_description":"La solution Sage CRM a \u00e9t\u00e9 con\u00e7ue selon les besoins des entreprises, en veillant \u00e0 ce qu&rsquo;elle reste abordable, adaptable et incroyablement simple \u00e0 utiliser, tout en pr\u00e9sentant un potentiel d&rsquo;\u00e9volutivit\u00e9 permettant de suivre l&rsquo;\u00e9volution de votre activit\u00e9. Pages li\u00e9es","og_url":"https:\/\/deveho.com\/fr\/produits\/marketplace-sage-x3\/sage-crm\/","og_site_name":"Deveho","article_publisher":"https:\/\/www.facebook.com\/deveho","article_modified_time":"2023-09-28T14:00:02+00:00","twitter_card":"summary_large_image","twitter_site":"@Deveho1","twitter_misc":{"Dur\u00e9e de lecture estim\u00e9e":"1 minute"},"schema":{"@context":"https:\/\/schema.org","@graph":[{"@type":"WebPage","@id":"https:\/\/deveho.com\/fr\/produits\/marketplace-sage-x3\/sage-crm\/","url":"https:\/\/deveho.com\/fr\/produits\/marketplace-sage-x3\/sage-crm\/","name":"Sage CRM - Deveho","isPartOf":{"@id":"https:\/\/deveho.com\/#website"},"datePublished":"2022-03-22T16:57:52+00:00","dateModified":"2023-09-28T14:00:02+00:00","breadcrumb":{"@id":"https:\/\/deveho.com\/fr\/produits\/marketplace-sage-x3\/sage-crm\/#breadcrumb"},"inLanguage":"fr-FR","potentialAction":[{"@type":"ReadAction","target":["https:\/\/deveho.com\/fr\/produits\/marketplace-sage-x3\/sage-crm\/"]}]},{"@type":"BreadcrumbList","@id":"https:\/\/deveho.com\/fr\/produits\/marketplace-sage-x3\/sage-crm\/#breadcrumb","itemListElement":[{"@type":"ListItem","position":1,"name":"Home","item":"https:\/\/deveho.com\/fr\/"},{"@type":"ListItem","position":2,"name":"Produits","item":"https:\/\/deveho.com\/fr\/produits\/"},{"@type":"ListItem","position":3,"name":"Marketplace Sage X3","item":"https:\/\/deveho.com\/fr\/produits\/marketplace-sage-x3\/"},{"@type":"ListItem","position":4,"name":"Sage CRM"}]},{"@type":"WebSite","@id":"https:\/\/deveho.com\/#website","url":"https:\/\/deveho.com\/","name":"Deveho Consulting Group","description":"Let\u2019s boost your growth","publisher":{"@id":"https:\/\/deveho.com\/#organization"},"potentialAction":[{"@type":"SearchAction","target":{"@type":"EntryPoint","urlTemplate":"https:\/\/deveho.com\/?s={search_term_string}"},"query-input":{"@type":"PropertyValueSpecification","valueRequired":true,"valueName":"search_term_string"}}],"inLanguage":"fr-FR"},{"@type":"Organization","@id":"https:\/\/deveho.com\/#organization","name":"Deveho Consulting Group","url":"https:\/\/deveho.com\/","logo":{"@type":"ImageObject","inLanguage":"fr-FR","@id":"https:\/\/deveho.com\/#\/schema\/logo\/image\/","url":"https:\/\/deveho.com\/wp-content\/uploads\/2023\/02\/DEVEHO-LOGO-Baseline-COLOR.png","contentUrl":"https:\/\/deveho.com\/wp-content\/uploads\/2023\/02\/DEVEHO-LOGO-Baseline-COLOR.png","width":2251,"height":585,"caption":"Deveho Consulting Group"},"image":{"@id":"https:\/\/deveho.com\/#\/schema\/logo\/image\/"},"sameAs":["https:\/\/www.facebook.com\/deveho","https:\/\/x.com\/Deveho1","https:\/\/www.linkedin.com\/company\/deveho-consulting\/"]}]}},"_links":{"self":[{"href":"https:\/\/deveho.com\/fr\/wp-json\/wp\/v2\/pages\/9536"}],"collection":[{"href":"https:\/\/deveho.com\/fr\/wp-json\/wp\/v2\/pages"}],"about":[{"href":"https:\/\/deveho.com\/fr\/wp-json\/wp\/v2\/types\/page"}],"author":[{"embeddable":true,"href":"https:\/\/deveho.com\/fr\/wp-json\/wp\/v2\/users\/3"}],"replies":[{"embeddable":true,"href":"https:\/\/deveho.com\/fr\/wp-json\/wp\/v2\/comments?post=9536"}],"version-history":[{"count":0,"href":"https:\/\/deveho.com\/fr\/wp-json\/wp\/v2\/pages\/9536\/revisions"}],"up":[{"embeddable":true,"href":"https:\/\/deveho.com\/fr\/wp-json\/wp\/v2\/pages\/9533"}],"wp:attachment":[{"href":"https:\/\/deveho.com\/fr\/wp-json\/wp\/v2\/media?parent=9536"}],"curies":[{"name":"wp","href":"https:\/\/api.w.org\/{rel}","templated":true}]}}