{"id":9538,"date":"2022-03-23T10:12:13","date_gmt":"2022-03-23T10:12:13","guid":{"rendered":"https:\/\/deveho2.sfdbeta.be\/systeme-dinteroperabilite\/"},"modified":"2022-12-05T13:06:02","modified_gmt":"2022-12-05T11:06:02","slug":"systeme-dinteroperabilite","status":"publish","type":"page","link":"https:\/\/deveho.com\/fr\/services\/systeme-dinteroperabilite\/","title":{"rendered":"Syst\u00e8me d&rsquo;interop\u00e9rabilit\u00e9"},"content":{"rendered":"<br \/>\n<h2><\/h2>\n<h3><\/h3>\n<h3>Le PGI Sage X3 est une plateforme ouverte avec laquelle les applications professionnelles peuvent se connecter via des APIs. <\/h3>\n<\/p>\n<h2><\/h2>\n<h3>Pages Li\u00e9es<\/h3>\n<\/p>\n<h3><\/h3>\n<\/p>\n<h3><\/h3><\/p>\n","protected":false},"excerpt":{"rendered":"<p>L&rsquo;interop\u00e9rabilit\u00e9 est l&rsquo;\u00e9change de donn\u00e9es en temps r\u00e9el entre diff\u00e9rents syst\u00e8mes qui \u00e9changent directement dans la m\u00eame langue, interpr\u00e9tant instantan\u00e9ment les donn\u00e9es entrantes et les pr\u00e9sentant telles qu&rsquo;elles ont \u00e9t\u00e9 re\u00e7ues tout en pr\u00e9servant leur contexte d&rsquo;origine.<\/p>\n","protected":false},"author":3,"featured_media":0,"parent":10354,"menu_order":0,"comment_status":"closed","ping_status":"closed","template":"templates\/template-prod_serv.php","meta":{"_acf_changed":false,"footnotes":""},"class_list":["post-9538","page","type-page","status-publish","hentry"],"acf":[],"yoast_head":"<!-- This site is optimized with the Yoast SEO plugin v23.5 - https:\/\/yoast.com\/wordpress\/plugins\/seo\/ -->\n<title>Syst\u00e8me d&#039;interop\u00e9rabilit\u00e9 - Deveho<\/title>\n<meta name=\"robots\" content=\"index, follow, max-snippet:-1, max-image-preview:large, max-video-preview:-1\" \/>\n<link rel=\"canonical\" href=\"https:\/\/deveho.com\/services\/interoperability-system\/\" \/>\n<meta property=\"og:locale\" content=\"fr_FR\" \/>\n<meta property=\"og:type\" content=\"article\" \/>\n<meta property=\"og:title\" content=\"Syst\u00e8me d&#039;interop\u00e9rabilit\u00e9 - Deveho\" \/>\n<meta property=\"og:description\" content=\"L&#039;interop\u00e9rabilit\u00e9 est l&#039;\u00e9change de donn\u00e9es en temps r\u00e9el entre diff\u00e9rents syst\u00e8mes qui \u00e9changent directement dans la m\u00eame langue, interpr\u00e9tant instantan\u00e9ment les donn\u00e9es entrantes et les pr\u00e9sentant telles qu&#039;elles ont \u00e9t\u00e9 re\u00e7ues tout en pr\u00e9servant leur contexte d&#039;origine.\" \/>\n<meta property=\"og:url\" content=\"https:\/\/deveho.com\/services\/interoperability-system\/\" \/>\n<meta property=\"og:site_name\" content=\"Deveho\" \/>\n<meta property=\"article:publisher\" content=\"https:\/\/www.facebook.com\/deveho\" \/>\n<meta property=\"article:modified_time\" content=\"2022-12-05T11:06:02+00:00\" \/>\n<meta name=\"twitter:card\" content=\"summary_large_image\" \/>\n<meta name=\"twitter:site\" content=\"@Deveho1\" \/>\n<script type=\"application\/ld+json\" class=\"yoast-schema-graph\">{\"@context\":\"https:\/\/schema.org\",\"@graph\":[{\"@type\":\"WebPage\",\"@id\":\"https:\/\/deveho.com\/services\/interoperability-system\/\",\"url\":\"https:\/\/deveho.com\/services\/interoperability-system\/\",\"name\":\"Syst\u00e8me d'interop\u00e9rabilit\u00e9 - Deveho\",\"isPartOf\":{\"@id\":\"https:\/\/deveho.com\/#website\"},\"datePublished\":\"2022-03-23T10:12:13+00:00\",\"dateModified\":\"2022-12-05T11:06:02+00:00\",\"breadcrumb\":{\"@id\":\"https:\/\/deveho.com\/services\/interoperability-system\/#breadcrumb\"},\"inLanguage\":\"fr-FR\",\"potentialAction\":[{\"@type\":\"ReadAction\",\"target\":[\"https:\/\/deveho.com\/services\/interoperability-system\/\"]}]},{\"@type\":\"BreadcrumbList\",\"@id\":\"https:\/\/deveho.com\/services\/interoperability-system\/#breadcrumb\",\"itemListElement\":[{\"@type\":\"ListItem\",\"position\":1,\"name\":\"Home\",\"item\":\"https:\/\/deveho.com\/fr\/\"},{\"@type\":\"ListItem\",\"position\":2,\"name\":\"Services\",\"item\":\"https:\/\/deveho.com\/fr\/services\/\"},{\"@type\":\"ListItem\",\"position\":3,\"name\":\"Syst\u00e8me d&#8217;interop\u00e9rabilit\u00e9\"}]},{\"@type\":\"WebSite\",\"@id\":\"https:\/\/deveho.com\/#website\",\"url\":\"https:\/\/deveho.com\/\",\"name\":\"Deveho Consulting Group\",\"description\":\"Let\u2019s boost your growth\",\"publisher\":{\"@id\":\"https:\/\/deveho.com\/#organization\"},\"potentialAction\":[{\"@type\":\"SearchAction\",\"target\":{\"@type\":\"EntryPoint\",\"urlTemplate\":\"https:\/\/deveho.com\/?s={search_term_string}\"},\"query-input\":{\"@type\":\"PropertyValueSpecification\",\"valueRequired\":true,\"valueName\":\"search_term_string\"}}],\"inLanguage\":\"fr-FR\"},{\"@type\":\"Organization\",\"@id\":\"https:\/\/deveho.com\/#organization\",\"name\":\"Deveho Consulting Group\",\"url\":\"https:\/\/deveho.com\/\",\"logo\":{\"@type\":\"ImageObject\",\"inLanguage\":\"fr-FR\",\"@id\":\"https:\/\/deveho.com\/#\/schema\/logo\/image\/\",\"url\":\"https:\/\/deveho.com\/wp-content\/uploads\/2023\/02\/DEVEHO-LOGO-Baseline-COLOR.png\",\"contentUrl\":\"https:\/\/deveho.com\/wp-content\/uploads\/2023\/02\/DEVEHO-LOGO-Baseline-COLOR.png\",\"width\":2251,\"height\":585,\"caption\":\"Deveho Consulting Group\"},\"image\":{\"@id\":\"https:\/\/deveho.com\/#\/schema\/logo\/image\/\"},\"sameAs\":[\"https:\/\/www.facebook.com\/deveho\",\"https:\/\/x.com\/Deveho1\",\"https:\/\/www.linkedin.com\/company\/deveho-consulting\/\"]}]}<\/script>\n<!-- \/ Yoast SEO plugin. -->","yoast_head_json":{"title":"Syst\u00e8me d'interop\u00e9rabilit\u00e9 - Deveho","robots":{"index":"index","follow":"follow","max-snippet":"max-snippet:-1","max-image-preview":"max-image-preview:large","max-video-preview":"max-video-preview:-1"},"canonical":"https:\/\/deveho.com\/services\/interoperability-system\/","og_locale":"fr_FR","og_type":"article","og_title":"Syst\u00e8me d'interop\u00e9rabilit\u00e9 - Deveho","og_description":"L'interop\u00e9rabilit\u00e9 est l'\u00e9change de donn\u00e9es en temps r\u00e9el entre diff\u00e9rents syst\u00e8mes qui \u00e9changent directement dans la m\u00eame langue, interpr\u00e9tant instantan\u00e9ment les donn\u00e9es entrantes et les pr\u00e9sentant telles qu'elles ont \u00e9t\u00e9 re\u00e7ues tout en pr\u00e9servant leur contexte d'origine.","og_url":"https:\/\/deveho.com\/services\/interoperability-system\/","og_site_name":"Deveho","article_publisher":"https:\/\/www.facebook.com\/deveho","article_modified_time":"2022-12-05T11:06:02+00:00","twitter_card":"summary_large_image","twitter_site":"@Deveho1","schema":{"@context":"https:\/\/schema.org","@graph":[{"@type":"WebPage","@id":"https:\/\/deveho.com\/services\/interoperability-system\/","url":"https:\/\/deveho.com\/services\/interoperability-system\/","name":"Syst\u00e8me d'interop\u00e9rabilit\u00e9 - Deveho","isPartOf":{"@id":"https:\/\/deveho.com\/#website"},"datePublished":"2022-03-23T10:12:13+00:00","dateModified":"2022-12-05T11:06:02+00:00","breadcrumb":{"@id":"https:\/\/deveho.com\/services\/interoperability-system\/#breadcrumb"},"inLanguage":"fr-FR","potentialAction":[{"@type":"ReadAction","target":["https:\/\/deveho.com\/services\/interoperability-system\/"]}]},{"@type":"BreadcrumbList","@id":"https:\/\/deveho.com\/services\/interoperability-system\/#breadcrumb","itemListElement":[{"@type":"ListItem","position":1,"name":"Home","item":"https:\/\/deveho.com\/fr\/"},{"@type":"ListItem","position":2,"name":"Services","item":"https:\/\/deveho.com\/fr\/services\/"},{"@type":"ListItem","position":3,"name":"Syst\u00e8me d&#8217;interop\u00e9rabilit\u00e9"}]},{"@type":"WebSite","@id":"https:\/\/deveho.com\/#website","url":"https:\/\/deveho.com\/","name":"Deveho Consulting Group","description":"Let\u2019s boost your growth","publisher":{"@id":"https:\/\/deveho.com\/#organization"},"potentialAction":[{"@type":"SearchAction","target":{"@type":"EntryPoint","urlTemplate":"https:\/\/deveho.com\/?s={search_term_string}"},"query-input":{"@type":"PropertyValueSpecification","valueRequired":true,"valueName":"search_term_string"}}],"inLanguage":"fr-FR"},{"@type":"Organization","@id":"https:\/\/deveho.com\/#organization","name":"Deveho Consulting Group","url":"https:\/\/deveho.com\/","logo":{"@type":"ImageObject","inLanguage":"fr-FR","@id":"https:\/\/deveho.com\/#\/schema\/logo\/image\/","url":"https:\/\/deveho.com\/wp-content\/uploads\/2023\/02\/DEVEHO-LOGO-Baseline-COLOR.png","contentUrl":"https:\/\/deveho.com\/wp-content\/uploads\/2023\/02\/DEVEHO-LOGO-Baseline-COLOR.png","width":2251,"height":585,"caption":"Deveho Consulting Group"},"image":{"@id":"https:\/\/deveho.com\/#\/schema\/logo\/image\/"},"sameAs":["https:\/\/www.facebook.com\/deveho","https:\/\/x.com\/Deveho1","https:\/\/www.linkedin.com\/company\/deveho-consulting\/"]}]}},"_links":{"self":[{"href":"https:\/\/deveho.com\/fr\/wp-json\/wp\/v2\/pages\/9538"}],"collection":[{"href":"https:\/\/deveho.com\/fr\/wp-json\/wp\/v2\/pages"}],"about":[{"href":"https:\/\/deveho.com\/fr\/wp-json\/wp\/v2\/types\/page"}],"author":[{"embeddable":true,"href":"https:\/\/deveho.com\/fr\/wp-json\/wp\/v2\/users\/3"}],"replies":[{"embeddable":true,"href":"https:\/\/deveho.com\/fr\/wp-json\/wp\/v2\/comments?post=9538"}],"version-history":[{"count":0,"href":"https:\/\/deveho.com\/fr\/wp-json\/wp\/v2\/pages\/9538\/revisions"}],"up":[{"embeddable":true,"href":"https:\/\/deveho.com\/fr\/wp-json\/wp\/v2\/pages\/10354"}],"wp:attachment":[{"href":"https:\/\/deveho.com\/fr\/wp-json\/wp\/v2\/media?parent=9538"}],"curies":[{"name":"wp","href":"https:\/\/api.w.org\/{rel}","templated":true}]}}