{"id":9540,"date":"2022-03-23T11:09:52","date_gmt":"2022-03-23T11:09:52","guid":{"rendered":"https:\/\/deveho2.sfdbeta.be\/sage-x3-marketplace-isv\/sage-web-scheduling\/"},"modified":"2022-12-07T16:28:26","modified_gmt":"2022-12-07T14:28:26","slug":"sage-web-scheduling","status":"publish","type":"page","link":"https:\/\/deveho.com\/fr\/produits\/marketplace-sage-x3\/sage-web-scheduling\/","title":{"rendered":"Web Scheduling par Sage"},"content":{"rendered":"<br \/>\n<h2><\/h2>\n<h3><red>Avantages<\/red> de Web Scheduling par Sage<\/h3>\n<h3>Web Scheduling de Sage X3 synchronise l&rsquo;ensemble de la cha\u00eene de production &#8211; des commandes des clients \u00e0 la production &#8211; en identifiant les contraintes et les goulets d&rsquo;\u00e9tranglement concernant mat\u00e9riaux et outils. Gr\u00e2ce aux tableaux de bord qui facilitent analyses et simulations, vous g\u00e9rez efficacement les changements de priorit\u00e9s en d\u00e9veloppant des s\u00e9quences de production optimis\u00e9es.<\/h3>\n<ul>\n<li>Planificateur multicontraintes et cr\u00e9ation de simulations multiples<\/li>\n<li>Cr\u00e9ez des plans de production r\u00e9alisables et optimis\u00e9s dans Sage X3<\/li>\n<li>Respect des dates de livraison et utilisation des ressources de production de mani\u00e8re aussi efficiente et efficace que possible<\/li>\n<li>R\u00e9duction des p\u00e9riodes non-productives<\/li>\n<li>Synchronisation de l&#8217;ensemble de la cha\u00eene logistique<\/li>\n<li>Identification et \u00e9limination des goulets d&#8217;\u00e9tranglement et des mat\u00e9riaux ou ressources manquants<\/li>\n<li>Am\u00e9lioration de la r\u00e9activit\u00e9 aux impr\u00e9vus<\/li>\n<li>Interface internet conviviale et personnalisable pour la planification, le suivi et la r\u00e9alisation d&#8217;ajustements<\/li>\n<li>Cr\u00e9ation de simulations avec analyses en multisimulation selon des sc\u00e9narios bas\u00e9s sur diff\u00e9rentes heuristiques<\/li>\n<li>Rapports d\u00e9taill\u00e9s configurables pour l&#8217;analyse des simulations<\/li>\n<\/ul>\n<h2><\/h2>\n<h3><red>Principales fonctionnalit\u00e9s<\/red> de Web Scheduling par Sage <\/h3>\n<h3><\/h3>\n<\/p>\n<h2><\/h2>\n<h3>Pages Li\u00e9es<\/h3>\n<\/p>\n<h3><\/h3>\n<\/p>\n<h3><\/h3><\/p>\n","protected":false},"excerpt":{"rendered":"<p>Web Scheduling de Sage X3 est une solution web compl\u00e8te de planification qui optimise vos plans de production, r\u00e9duit vos temps de pr\u00e9paration, synchronise votre ligne de production et respecte vos dates de livraison. Web Scheduling de Sage X3 synchronise l&rsquo;ensemble de la cha\u00eene de production &#8211; des commandes des clients \u00e0 la production &#8211; en identifiant les contraintes et les goulets d&rsquo;\u00e9tranglement concernant mat\u00e9riaux et outils.<\/p>\n","protected":false},"author":3,"featured_media":0,"parent":9533,"menu_order":0,"comment_status":"closed","ping_status":"closed","template":"templates\/template-prod_serv.php","meta":{"_acf_changed":false,"footnotes":""},"class_list":["post-9540","page","type-page","status-publish","hentry"],"acf":[],"yoast_head":"<!-- This site is optimized with the Yoast SEO plugin v23.5 - https:\/\/yoast.com\/wordpress\/plugins\/seo\/ -->\n<title>Web Scheduling par Sage - Deveho<\/title>\n<meta name=\"robots\" content=\"index, follow, max-snippet:-1, max-image-preview:large, max-video-preview:-1\" \/>\n<link rel=\"canonical\" href=\"https:\/\/deveho.com\/fr\/produits\/marketplace-sage-x3\/sage-web-scheduling\/\" \/>\n<meta property=\"og:locale\" content=\"fr_FR\" \/>\n<meta property=\"og:type\" content=\"article\" \/>\n<meta property=\"og:title\" content=\"Web Scheduling par Sage - Deveho\" \/>\n<meta property=\"og:description\" content=\"Web Scheduling de Sage X3 est une solution web compl\u00e8te de planification qui optimise vos plans de production, r\u00e9duit vos temps de pr\u00e9paration, synchronise votre ligne de production et respecte vos dates de livraison. Web Scheduling de Sage X3 synchronise l&#039;ensemble de la cha\u00eene de production - des commandes des clients \u00e0 la production - en identifiant les contraintes et les goulets d&#039;\u00e9tranglement concernant mat\u00e9riaux et outils.\" \/>\n<meta property=\"og:url\" content=\"https:\/\/deveho.com\/fr\/produits\/marketplace-sage-x3\/sage-web-scheduling\/\" \/>\n<meta property=\"og:site_name\" content=\"Deveho\" \/>\n<meta property=\"article:publisher\" content=\"https:\/\/www.facebook.com\/deveho\" \/>\n<meta property=\"article:modified_time\" content=\"2022-12-07T14:28:26+00:00\" \/>\n<meta name=\"twitter:card\" content=\"summary_large_image\" \/>\n<meta name=\"twitter:site\" content=\"@Deveho1\" \/>\n<meta name=\"twitter:label1\" content=\"Dur\u00e9e de lecture estim\u00e9e\" \/>\n\t<meta name=\"twitter:data1\" content=\"1 minute\" \/>\n<script type=\"application\/ld+json\" class=\"yoast-schema-graph\">{\"@context\":\"https:\/\/schema.org\",\"@graph\":[{\"@type\":\"WebPage\",\"@id\":\"https:\/\/deveho.com\/fr\/produits\/marketplace-sage-x3\/sage-web-scheduling\/\",\"url\":\"https:\/\/deveho.com\/fr\/produits\/marketplace-sage-x3\/sage-web-scheduling\/\",\"name\":\"Web Scheduling par Sage - Deveho\",\"isPartOf\":{\"@id\":\"https:\/\/deveho.com\/#website\"},\"datePublished\":\"2022-03-23T11:09:52+00:00\",\"dateModified\":\"2022-12-07T14:28:26+00:00\",\"breadcrumb\":{\"@id\":\"https:\/\/deveho.com\/fr\/produits\/marketplace-sage-x3\/sage-web-scheduling\/#breadcrumb\"},\"inLanguage\":\"fr-FR\",\"potentialAction\":[{\"@type\":\"ReadAction\",\"target\":[\"https:\/\/deveho.com\/fr\/produits\/marketplace-sage-x3\/sage-web-scheduling\/\"]}]},{\"@type\":\"BreadcrumbList\",\"@id\":\"https:\/\/deveho.com\/fr\/produits\/marketplace-sage-x3\/sage-web-scheduling\/#breadcrumb\",\"itemListElement\":[{\"@type\":\"ListItem\",\"position\":1,\"name\":\"Home\",\"item\":\"https:\/\/deveho.com\/fr\/\"},{\"@type\":\"ListItem\",\"position\":2,\"name\":\"Produits\",\"item\":\"https:\/\/deveho.com\/fr\/produits\/\"},{\"@type\":\"ListItem\",\"position\":3,\"name\":\"Marketplace Sage X3\",\"item\":\"https:\/\/deveho.com\/fr\/produits\/marketplace-sage-x3\/\"},{\"@type\":\"ListItem\",\"position\":4,\"name\":\"Web Scheduling par Sage\"}]},{\"@type\":\"WebSite\",\"@id\":\"https:\/\/deveho.com\/#website\",\"url\":\"https:\/\/deveho.com\/\",\"name\":\"Deveho Consulting Group\",\"description\":\"Let\u2019s boost your growth\",\"publisher\":{\"@id\":\"https:\/\/deveho.com\/#organization\"},\"potentialAction\":[{\"@type\":\"SearchAction\",\"target\":{\"@type\":\"EntryPoint\",\"urlTemplate\":\"https:\/\/deveho.com\/?s={search_term_string}\"},\"query-input\":{\"@type\":\"PropertyValueSpecification\",\"valueRequired\":true,\"valueName\":\"search_term_string\"}}],\"inLanguage\":\"fr-FR\"},{\"@type\":\"Organization\",\"@id\":\"https:\/\/deveho.com\/#organization\",\"name\":\"Deveho Consulting Group\",\"url\":\"https:\/\/deveho.com\/\",\"logo\":{\"@type\":\"ImageObject\",\"inLanguage\":\"fr-FR\",\"@id\":\"https:\/\/deveho.com\/#\/schema\/logo\/image\/\",\"url\":\"https:\/\/deveho.com\/wp-content\/uploads\/2023\/02\/DEVEHO-LOGO-Baseline-COLOR.png\",\"contentUrl\":\"https:\/\/deveho.com\/wp-content\/uploads\/2023\/02\/DEVEHO-LOGO-Baseline-COLOR.png\",\"width\":2251,\"height\":585,\"caption\":\"Deveho Consulting Group\"},\"image\":{\"@id\":\"https:\/\/deveho.com\/#\/schema\/logo\/image\/\"},\"sameAs\":[\"https:\/\/www.facebook.com\/deveho\",\"https:\/\/x.com\/Deveho1\",\"https:\/\/www.linkedin.com\/company\/deveho-consulting\/\"]}]}<\/script>\n<!-- \/ Yoast SEO plugin. -->","yoast_head_json":{"title":"Web Scheduling par Sage - Deveho","robots":{"index":"index","follow":"follow","max-snippet":"max-snippet:-1","max-image-preview":"max-image-preview:large","max-video-preview":"max-video-preview:-1"},"canonical":"https:\/\/deveho.com\/fr\/produits\/marketplace-sage-x3\/sage-web-scheduling\/","og_locale":"fr_FR","og_type":"article","og_title":"Web Scheduling par Sage - Deveho","og_description":"Web Scheduling de Sage X3 est une solution web compl\u00e8te de planification qui optimise vos plans de production, r\u00e9duit vos temps de pr\u00e9paration, synchronise votre ligne de production et respecte vos dates de livraison. Web Scheduling de Sage X3 synchronise l'ensemble de la cha\u00eene de production - des commandes des clients \u00e0 la production - en identifiant les contraintes et les goulets d'\u00e9tranglement concernant mat\u00e9riaux et outils.","og_url":"https:\/\/deveho.com\/fr\/produits\/marketplace-sage-x3\/sage-web-scheduling\/","og_site_name":"Deveho","article_publisher":"https:\/\/www.facebook.com\/deveho","article_modified_time":"2022-12-07T14:28:26+00:00","twitter_card":"summary_large_image","twitter_site":"@Deveho1","twitter_misc":{"Dur\u00e9e de lecture estim\u00e9e":"1 minute"},"schema":{"@context":"https:\/\/schema.org","@graph":[{"@type":"WebPage","@id":"https:\/\/deveho.com\/fr\/produits\/marketplace-sage-x3\/sage-web-scheduling\/","url":"https:\/\/deveho.com\/fr\/produits\/marketplace-sage-x3\/sage-web-scheduling\/","name":"Web Scheduling par Sage - Deveho","isPartOf":{"@id":"https:\/\/deveho.com\/#website"},"datePublished":"2022-03-23T11:09:52+00:00","dateModified":"2022-12-07T14:28:26+00:00","breadcrumb":{"@id":"https:\/\/deveho.com\/fr\/produits\/marketplace-sage-x3\/sage-web-scheduling\/#breadcrumb"},"inLanguage":"fr-FR","potentialAction":[{"@type":"ReadAction","target":["https:\/\/deveho.com\/fr\/produits\/marketplace-sage-x3\/sage-web-scheduling\/"]}]},{"@type":"BreadcrumbList","@id":"https:\/\/deveho.com\/fr\/produits\/marketplace-sage-x3\/sage-web-scheduling\/#breadcrumb","itemListElement":[{"@type":"ListItem","position":1,"name":"Home","item":"https:\/\/deveho.com\/fr\/"},{"@type":"ListItem","position":2,"name":"Produits","item":"https:\/\/deveho.com\/fr\/produits\/"},{"@type":"ListItem","position":3,"name":"Marketplace Sage X3","item":"https:\/\/deveho.com\/fr\/produits\/marketplace-sage-x3\/"},{"@type":"ListItem","position":4,"name":"Web Scheduling par Sage"}]},{"@type":"WebSite","@id":"https:\/\/deveho.com\/#website","url":"https:\/\/deveho.com\/","name":"Deveho Consulting Group","description":"Let\u2019s boost your growth","publisher":{"@id":"https:\/\/deveho.com\/#organization"},"potentialAction":[{"@type":"SearchAction","target":{"@type":"EntryPoint","urlTemplate":"https:\/\/deveho.com\/?s={search_term_string}"},"query-input":{"@type":"PropertyValueSpecification","valueRequired":true,"valueName":"search_term_string"}}],"inLanguage":"fr-FR"},{"@type":"Organization","@id":"https:\/\/deveho.com\/#organization","name":"Deveho Consulting Group","url":"https:\/\/deveho.com\/","logo":{"@type":"ImageObject","inLanguage":"fr-FR","@id":"https:\/\/deveho.com\/#\/schema\/logo\/image\/","url":"https:\/\/deveho.com\/wp-content\/uploads\/2023\/02\/DEVEHO-LOGO-Baseline-COLOR.png","contentUrl":"https:\/\/deveho.com\/wp-content\/uploads\/2023\/02\/DEVEHO-LOGO-Baseline-COLOR.png","width":2251,"height":585,"caption":"Deveho Consulting Group"},"image":{"@id":"https:\/\/deveho.com\/#\/schema\/logo\/image\/"},"sameAs":["https:\/\/www.facebook.com\/deveho","https:\/\/x.com\/Deveho1","https:\/\/www.linkedin.com\/company\/deveho-consulting\/"]}]}},"_links":{"self":[{"href":"https:\/\/deveho.com\/fr\/wp-json\/wp\/v2\/pages\/9540"}],"collection":[{"href":"https:\/\/deveho.com\/fr\/wp-json\/wp\/v2\/pages"}],"about":[{"href":"https:\/\/deveho.com\/fr\/wp-json\/wp\/v2\/types\/page"}],"author":[{"embeddable":true,"href":"https:\/\/deveho.com\/fr\/wp-json\/wp\/v2\/users\/3"}],"replies":[{"embeddable":true,"href":"https:\/\/deveho.com\/fr\/wp-json\/wp\/v2\/comments?post=9540"}],"version-history":[{"count":0,"href":"https:\/\/deveho.com\/fr\/wp-json\/wp\/v2\/pages\/9540\/revisions"}],"up":[{"embeddable":true,"href":"https:\/\/deveho.com\/fr\/wp-json\/wp\/v2\/pages\/9533"}],"wp:attachment":[{"href":"https:\/\/deveho.com\/fr\/wp-json\/wp\/v2\/media?parent=9540"}],"curies":[{"name":"wp","href":"https:\/\/api.w.org\/{rel}","templated":true}]}}