{"id":9545,"date":"2022-03-23T19:24:16","date_gmt":"2022-03-23T19:24:16","guid":{"rendered":"https:\/\/deveho2.sfdbeta.be\/sage-x3-marketplace-isv\/systemes-informatiques-de-datalinx\/"},"modified":"2022-06-29T16:42:47","modified_gmt":"2022-06-29T16:42:47","slug":"systemes-informatiques-de-datalinx","status":"publish","type":"page","link":"https:\/\/deveho.com\/fr\/produits\/marketplace-sage-x3\/systemes-informatiques-de-datalinx\/","title":{"rendered":"Syst\u00e8mes informatiques de Datalinx"},"content":{"rendered":"<br \/>\n<h2>Con\u00e7us pour une vari\u00e9t\u00e9 de secteurs d&rsquo;activit\u00e9 tels que la fabrication, la vente au d\u00e9tail, la distribution et la pharmacie, nos syst\u00e8mes sont d\u00e9ploy\u00e9s sur site et int\u00e9gr\u00e9s \u00e0 votre syst\u00e8me de comptabilit\u00e9 Sage. Les op\u00e9rateurs sont connect\u00e9s sans fil au syst\u00e8me Sage central \u00e0 partir des entrep\u00f4ts, utilisant les plus r\u00e9centes technologies sans fil et des \u00e9crans Warehouse Manager d\u00e9di\u00e9s.<\/h2>\n<h3>Warehouse Manager X3 par Datalinx<\/h3>\n<h3>Int\u00e9gration dans Sage : lorsque l&rsquo;application Warehouse Manager de Datalinx est install\u00e9e, conform\u00e9ment aux instructions aux d\u00e9veloppeurs de Sage ISV, un certain nombre de champs de donn\u00e9es suppl\u00e9mentaires associ\u00e9s aux produits (par exemple les localisations) sont appliqu\u00e9s, ainsi qu&rsquo;une logique m\u00e9tier suppl\u00e9mentaire qui permet au syst\u00e8me de fournir les fonctionnalit\u00e9s dont les utilisateurs de l&rsquo;entrep\u00f4t ont besoin au sein m\u00eame du logiciel de base. <\/h3>\n<\/p>\n<p>Datalinx est le seul d\u00e9veloppeur SAGE sp\u00e9cialis\u00e9 uniquement dans les codes-barres et la gestion des entrep\u00f4ts, avec des solutions certifi\u00e9es et accr\u00e9dit\u00e9es Sage. Cela signifie que nous comprenons le fonctionnement de votre syst\u00e8me SAGE, y compris sa configuration et sa modification, et que nous utilisons ce savoir-faire pour nous assurer que nos produits Sage de codes-barres et de contr\u00f4le des stocks s&rsquo;int\u00e8grent pleinement et fonctionnent en harmonie avec le progiciel Sage.<\/p>\n<h2>Consultez notre blog et acc\u00e9dez \u00e0 des articles et informations ciblant les th\u00e8mes cl\u00e9s de votre entreprise.<\/h2>\n<h3><\/h3>\n<\/p>\n<h3>Profils connexes<\/h3>\n<p>D\u00e9couvrez votre espace conseil, organis\u00e9 selon votre profil, qui peut vous aider \u00e0 d\u00e9velopper votre entreprise.<\/p>\n<h3>Services connexes<\/h3>\n<p>D\u00e9couvrez les services connexes qui peuvent contribuer au d\u00e9veloppement de votre entreprise.<\/p>\n","protected":false},"excerpt":{"rendered":"<p>Warehouse Manager de Datalinx fournit une solution compl\u00e8te int\u00e9gr\u00e9e \u00e0 votre syst\u00e8me comptable Sage, avec des fonctionnalit\u00e9s \u00e9tendues pour g\u00e9rer le processus commercial depuis l&rsquo;arriv\u00e9e du produit, \u00e0 travers tous les mouvements transactionnels jusqu&rsquo;\u00e0 l&#8217;emballage et l&rsquo;exp\u00e9dition.<\/p>\n","protected":false},"author":6,"featured_media":0,"parent":9533,"menu_order":0,"comment_status":"closed","ping_status":"closed","template":"templates\/template-prod_serv.php","meta":{"_acf_changed":false,"footnotes":""},"class_list":["post-9545","page","type-page","status-publish","hentry"],"acf":[],"yoast_head":"<!-- This site is optimized with the Yoast SEO plugin v23.5 - https:\/\/yoast.com\/wordpress\/plugins\/seo\/ -->\n<title>Syst\u00e8mes informatiques de Datalinx - Deveho<\/title>\n<meta name=\"robots\" content=\"index, follow, max-snippet:-1, max-image-preview:large, max-video-preview:-1\" \/>\n<link rel=\"canonical\" href=\"https:\/\/deveho.com\/fr\/produits\/marketplace-sage-x3\/systemes-informatiques-de-datalinx\/\" \/>\n<meta property=\"og:locale\" content=\"fr_FR\" \/>\n<meta property=\"og:type\" content=\"article\" \/>\n<meta property=\"og:title\" content=\"Syst\u00e8mes informatiques de Datalinx - Deveho\" \/>\n<meta property=\"og:description\" content=\"Warehouse Manager de Datalinx fournit une solution compl\u00e8te int\u00e9gr\u00e9e \u00e0 votre syst\u00e8me comptable Sage, avec des fonctionnalit\u00e9s \u00e9tendues pour g\u00e9rer le processus commercial depuis l&#039;arriv\u00e9e du produit, \u00e0 travers tous les mouvements transactionnels jusqu&#039;\u00e0 l&#039;emballage et l&#039;exp\u00e9dition.\" \/>\n<meta property=\"og:url\" content=\"https:\/\/deveho.com\/fr\/produits\/marketplace-sage-x3\/systemes-informatiques-de-datalinx\/\" \/>\n<meta property=\"og:site_name\" content=\"Deveho\" \/>\n<meta property=\"article:publisher\" content=\"https:\/\/www.facebook.com\/deveho\" \/>\n<meta property=\"article:modified_time\" content=\"2022-06-29T16:42:47+00:00\" \/>\n<meta name=\"twitter:card\" content=\"summary_large_image\" \/>\n<meta name=\"twitter:site\" content=\"@Deveho1\" \/>\n<meta name=\"twitter:label1\" content=\"Dur\u00e9e de lecture estim\u00e9e\" \/>\n\t<meta name=\"twitter:data1\" content=\"1 minute\" \/>\n<script type=\"application\/ld+json\" class=\"yoast-schema-graph\">{\"@context\":\"https:\/\/schema.org\",\"@graph\":[{\"@type\":\"WebPage\",\"@id\":\"https:\/\/deveho.com\/fr\/produits\/marketplace-sage-x3\/systemes-informatiques-de-datalinx\/\",\"url\":\"https:\/\/deveho.com\/fr\/produits\/marketplace-sage-x3\/systemes-informatiques-de-datalinx\/\",\"name\":\"Syst\u00e8mes informatiques de Datalinx - Deveho\",\"isPartOf\":{\"@id\":\"https:\/\/deveho.com\/#website\"},\"datePublished\":\"2022-03-23T19:24:16+00:00\",\"dateModified\":\"2022-06-29T16:42:47+00:00\",\"breadcrumb\":{\"@id\":\"https:\/\/deveho.com\/fr\/produits\/marketplace-sage-x3\/systemes-informatiques-de-datalinx\/#breadcrumb\"},\"inLanguage\":\"fr-FR\",\"potentialAction\":[{\"@type\":\"ReadAction\",\"target\":[\"https:\/\/deveho.com\/fr\/produits\/marketplace-sage-x3\/systemes-informatiques-de-datalinx\/\"]}]},{\"@type\":\"BreadcrumbList\",\"@id\":\"https:\/\/deveho.com\/fr\/produits\/marketplace-sage-x3\/systemes-informatiques-de-datalinx\/#breadcrumb\",\"itemListElement\":[{\"@type\":\"ListItem\",\"position\":1,\"name\":\"Home\",\"item\":\"https:\/\/deveho.com\/fr\/\"},{\"@type\":\"ListItem\",\"position\":2,\"name\":\"Produits\",\"item\":\"https:\/\/deveho.com\/fr\/produits\/\"},{\"@type\":\"ListItem\",\"position\":3,\"name\":\"Marketplace Sage X3\",\"item\":\"https:\/\/deveho.com\/fr\/produits\/marketplace-sage-x3\/\"},{\"@type\":\"ListItem\",\"position\":4,\"name\":\"Syst\u00e8mes informatiques de Datalinx\"}]},{\"@type\":\"WebSite\",\"@id\":\"https:\/\/deveho.com\/#website\",\"url\":\"https:\/\/deveho.com\/\",\"name\":\"Deveho Consulting Group\",\"description\":\"Let\u2019s boost your growth\",\"publisher\":{\"@id\":\"https:\/\/deveho.com\/#organization\"},\"potentialAction\":[{\"@type\":\"SearchAction\",\"target\":{\"@type\":\"EntryPoint\",\"urlTemplate\":\"https:\/\/deveho.com\/?s={search_term_string}\"},\"query-input\":{\"@type\":\"PropertyValueSpecification\",\"valueRequired\":true,\"valueName\":\"search_term_string\"}}],\"inLanguage\":\"fr-FR\"},{\"@type\":\"Organization\",\"@id\":\"https:\/\/deveho.com\/#organization\",\"name\":\"Deveho Consulting Group\",\"url\":\"https:\/\/deveho.com\/\",\"logo\":{\"@type\":\"ImageObject\",\"inLanguage\":\"fr-FR\",\"@id\":\"https:\/\/deveho.com\/#\/schema\/logo\/image\/\",\"url\":\"https:\/\/deveho.com\/wp-content\/uploads\/2023\/02\/DEVEHO-LOGO-Baseline-COLOR.png\",\"contentUrl\":\"https:\/\/deveho.com\/wp-content\/uploads\/2023\/02\/DEVEHO-LOGO-Baseline-COLOR.png\",\"width\":2251,\"height\":585,\"caption\":\"Deveho Consulting Group\"},\"image\":{\"@id\":\"https:\/\/deveho.com\/#\/schema\/logo\/image\/\"},\"sameAs\":[\"https:\/\/www.facebook.com\/deveho\",\"https:\/\/x.com\/Deveho1\",\"https:\/\/www.linkedin.com\/company\/deveho-consulting\/\"]}]}<\/script>\n<!-- \/ Yoast SEO plugin. -->","yoast_head_json":{"title":"Syst\u00e8mes informatiques de Datalinx - Deveho","robots":{"index":"index","follow":"follow","max-snippet":"max-snippet:-1","max-image-preview":"max-image-preview:large","max-video-preview":"max-video-preview:-1"},"canonical":"https:\/\/deveho.com\/fr\/produits\/marketplace-sage-x3\/systemes-informatiques-de-datalinx\/","og_locale":"fr_FR","og_type":"article","og_title":"Syst\u00e8mes informatiques de Datalinx - Deveho","og_description":"Warehouse Manager de Datalinx fournit une solution compl\u00e8te int\u00e9gr\u00e9e \u00e0 votre syst\u00e8me comptable Sage, avec des fonctionnalit\u00e9s \u00e9tendues pour g\u00e9rer le processus commercial depuis l'arriv\u00e9e du produit, \u00e0 travers tous les mouvements transactionnels jusqu'\u00e0 l'emballage et l'exp\u00e9dition.","og_url":"https:\/\/deveho.com\/fr\/produits\/marketplace-sage-x3\/systemes-informatiques-de-datalinx\/","og_site_name":"Deveho","article_publisher":"https:\/\/www.facebook.com\/deveho","article_modified_time":"2022-06-29T16:42:47+00:00","twitter_card":"summary_large_image","twitter_site":"@Deveho1","twitter_misc":{"Dur\u00e9e de lecture estim\u00e9e":"1 minute"},"schema":{"@context":"https:\/\/schema.org","@graph":[{"@type":"WebPage","@id":"https:\/\/deveho.com\/fr\/produits\/marketplace-sage-x3\/systemes-informatiques-de-datalinx\/","url":"https:\/\/deveho.com\/fr\/produits\/marketplace-sage-x3\/systemes-informatiques-de-datalinx\/","name":"Syst\u00e8mes informatiques de Datalinx - Deveho","isPartOf":{"@id":"https:\/\/deveho.com\/#website"},"datePublished":"2022-03-23T19:24:16+00:00","dateModified":"2022-06-29T16:42:47+00:00","breadcrumb":{"@id":"https:\/\/deveho.com\/fr\/produits\/marketplace-sage-x3\/systemes-informatiques-de-datalinx\/#breadcrumb"},"inLanguage":"fr-FR","potentialAction":[{"@type":"ReadAction","target":["https:\/\/deveho.com\/fr\/produits\/marketplace-sage-x3\/systemes-informatiques-de-datalinx\/"]}]},{"@type":"BreadcrumbList","@id":"https:\/\/deveho.com\/fr\/produits\/marketplace-sage-x3\/systemes-informatiques-de-datalinx\/#breadcrumb","itemListElement":[{"@type":"ListItem","position":1,"name":"Home","item":"https:\/\/deveho.com\/fr\/"},{"@type":"ListItem","position":2,"name":"Produits","item":"https:\/\/deveho.com\/fr\/produits\/"},{"@type":"ListItem","position":3,"name":"Marketplace Sage X3","item":"https:\/\/deveho.com\/fr\/produits\/marketplace-sage-x3\/"},{"@type":"ListItem","position":4,"name":"Syst\u00e8mes informatiques de Datalinx"}]},{"@type":"WebSite","@id":"https:\/\/deveho.com\/#website","url":"https:\/\/deveho.com\/","name":"Deveho Consulting Group","description":"Let\u2019s boost your growth","publisher":{"@id":"https:\/\/deveho.com\/#organization"},"potentialAction":[{"@type":"SearchAction","target":{"@type":"EntryPoint","urlTemplate":"https:\/\/deveho.com\/?s={search_term_string}"},"query-input":{"@type":"PropertyValueSpecification","valueRequired":true,"valueName":"search_term_string"}}],"inLanguage":"fr-FR"},{"@type":"Organization","@id":"https:\/\/deveho.com\/#organization","name":"Deveho Consulting Group","url":"https:\/\/deveho.com\/","logo":{"@type":"ImageObject","inLanguage":"fr-FR","@id":"https:\/\/deveho.com\/#\/schema\/logo\/image\/","url":"https:\/\/deveho.com\/wp-content\/uploads\/2023\/02\/DEVEHO-LOGO-Baseline-COLOR.png","contentUrl":"https:\/\/deveho.com\/wp-content\/uploads\/2023\/02\/DEVEHO-LOGO-Baseline-COLOR.png","width":2251,"height":585,"caption":"Deveho Consulting Group"},"image":{"@id":"https:\/\/deveho.com\/#\/schema\/logo\/image\/"},"sameAs":["https:\/\/www.facebook.com\/deveho","https:\/\/x.com\/Deveho1","https:\/\/www.linkedin.com\/company\/deveho-consulting\/"]}]}},"_links":{"self":[{"href":"https:\/\/deveho.com\/fr\/wp-json\/wp\/v2\/pages\/9545"}],"collection":[{"href":"https:\/\/deveho.com\/fr\/wp-json\/wp\/v2\/pages"}],"about":[{"href":"https:\/\/deveho.com\/fr\/wp-json\/wp\/v2\/types\/page"}],"author":[{"embeddable":true,"href":"https:\/\/deveho.com\/fr\/wp-json\/wp\/v2\/users\/6"}],"replies":[{"embeddable":true,"href":"https:\/\/deveho.com\/fr\/wp-json\/wp\/v2\/comments?post=9545"}],"version-history":[{"count":0,"href":"https:\/\/deveho.com\/fr\/wp-json\/wp\/v2\/pages\/9545\/revisions"}],"up":[{"embeddable":true,"href":"https:\/\/deveho.com\/fr\/wp-json\/wp\/v2\/pages\/9533"}],"wp:attachment":[{"href":"https:\/\/deveho.com\/fr\/wp-json\/wp\/v2\/media?parent=9545"}],"curies":[{"name":"wp","href":"https:\/\/api.w.org\/{rel}","templated":true}]}}