{"id":9557,"date":"2022-03-24T20:01:37","date_gmt":"2022-03-24T20:01:37","guid":{"rendered":"https:\/\/deveho2.sfdbeta.be\/sage-x3-marketplace-isv\/sage-eloficash\/"},"modified":"2026-01-09T11:24:02","modified_gmt":"2026-01-09T09:24:02","slug":"sage-eloficash","status":"publish","type":"page","link":"https:\/\/deveho.com\/fr\/produits\/marketplace-sage-x3\/sage-eloficash\/","title":{"rendered":"Sage Eloficash"},"content":{"rendered":"<br \/>\n<h2><\/h2>\n<h3>Optimisez vos cr\u00e9ances clients<\/h3>\n<h3>Ergonomique, s\u00e9curis\u00e9e, collaborative et intuitive, la solution Sage Eloficash automatise toutes vos actions et facilite la prise de d\u00e9cision pour gagner en performance et en rentabilit\u00e9. <\/h3>\n<p><p>Dot\u00e9e d&#8217;une r\u00e9elle richesse fonctionnelle, la solution Sage Eloficash est un v\u00e9ritable CRM financier ; elle couvre l&#8217;ensemble des processus de gestion du poste client, depuis la centralisation des dossiers clients, l&#8217;analyse en temps r\u00e9el et les tableaux de bord personnalis\u00e9s et consolid\u00e9s jusqu&#8217;\u00e0 la facilitation du r\u00e8glement des litiges.<\/p>\n<p>La vision de bout en bout du cycle de gestion du poste clients fluidifie la circulation des informations, fiabilise l&#8217;ensemble de vos processus et raccourcit le cycle de recouvrement des cr\u00e9ances.<\/p>\n<\/p>\n<h2><\/h2>\n<h3> <red>Avantages<\/red> de Sage Eloficash<\/h3>\n<h3><\/h3>\n<ul>\n<li>Approche transversale de l&#8217;entreprise et vision \u00e0 360\u00b0 de la gestion des cr\u00e9ances<\/li>\n<li>Int\u00e9gration native dans SAGE X3, SAGE FRP 1000<\/li>\n<li>R\u00e9duction significative des d\u00e9lais moyens de paiement<\/li>\n<li>Tableaux de bord de pilotage incluant des analyses multi-dimensionnelles<\/li>\n<li>Sc\u00e9narios de relances optimis\u00e9s et adapt\u00e9s \u00e0 chaque type de client<\/li>\n<li>Conformit\u00e9 avec les normes de s\u00e9curit\u00e9 OWASP (Open Web Application Security Project)<\/li>\n<li>\u00c9volutivit\u00e9 fonctionnelle et structurelle, sans contraintes volum\u00e9triques<\/li>\n<li>Syst\u00e8me d&#8217;alerte pour anticiper et g\u00e9rer les risques de cr\u00e9dit<\/li>\n<li>Acc\u00e8s et personnalisation de l&#8217;\u00e9cran selon les profils utilisateurs<\/li>\n<li>Utilisation en mobilit\u00e9 (smartphone, tablette)<\/li>\n<\/ul>\n<h2> <red>Principales fonctionnalit\u00e9s<\/red> de Sage Eloficash<\/h2>\n<h3><\/h3>\n<p><p>Solution plurilingue, multi-bases de donn\u00e9es, multi-entit\u00e9s, multi-devises, multi-utilisateurs et multi-sessions.<\/p>\n<\/p>\n<h3><\/h3>\n<p><p>Tableaux de bord personnalisables pour chaque profil utilisateur.<\/p>\n<\/p>\n<h3><\/h3>\n<p><p>Analyse multidimensionnelle.<\/p>\n<\/p>\n<h3><\/h3>\n<p><p>Analyse avec notations et cotations.<\/p>\n<\/p>\n<h3><\/h3>\n<p><p>Int\u00e9gration de donn\u00e9es financi\u00e8res externes.<\/p>\n<\/p>\n<h3><\/h3>\n<p><p>\u00c9diteur interne de rapports (rapports dynamiques, cr\u00e9ation, personnalisation et envoi programm\u00e9 de rapports).<\/p>\n<\/p>\n<h2><\/h2>\n<h3>Pages Li\u00e9es<\/h3>\n<\/p>\n<h3><\/h3>\n<\/p>\n<h3><\/h3><\/p>\n","protected":false},"excerpt":{"rendered":"<p>Aenean eu leo quam. Pellentesque ornare sem lacinia quam venenatis vestibulum. Morbi leo risus, porta ac.<\/p>\n","protected":false},"author":3,"featured_media":0,"parent":9533,"menu_order":0,"comment_status":"closed","ping_status":"closed","template":"templates\/template-prod_serv.php","meta":{"_acf_changed":false,"footnotes":""},"class_list":["post-9557","page","type-page","status-publish","hentry"],"acf":[],"yoast_head":"<!-- This site is optimized with the Yoast SEO plugin v23.5 - https:\/\/yoast.com\/wordpress\/plugins\/seo\/ -->\n<title>Sage Eloficash - Deveho<\/title>\n<meta name=\"robots\" content=\"index, follow, max-snippet:-1, max-image-preview:large, max-video-preview:-1\" \/>\n<link rel=\"canonical\" href=\"https:\/\/deveho.com\/fr\/produits\/marketplace-sage-x3\/sage-eloficash\/\" \/>\n<meta property=\"og:locale\" content=\"fr_FR\" \/>\n<meta property=\"og:type\" content=\"article\" \/>\n<meta property=\"og:title\" content=\"Sage Eloficash - Deveho\" \/>\n<meta property=\"og:description\" content=\"Aenean eu leo quam. Pellentesque ornare sem lacinia quam venenatis vestibulum. Morbi leo risus, porta ac.\" \/>\n<meta property=\"og:url\" content=\"https:\/\/deveho.com\/fr\/produits\/marketplace-sage-x3\/sage-eloficash\/\" \/>\n<meta property=\"og:site_name\" content=\"Deveho\" \/>\n<meta property=\"article:publisher\" content=\"https:\/\/www.facebook.com\/deveho\" \/>\n<meta property=\"article:modified_time\" content=\"2026-01-09T09:24:02+00:00\" \/>\n<meta name=\"twitter:card\" content=\"summary_large_image\" \/>\n<meta name=\"twitter:site\" content=\"@Deveho1\" \/>\n<meta name=\"twitter:label1\" content=\"Dur\u00e9e de lecture estim\u00e9e\" \/>\n\t<meta name=\"twitter:data1\" content=\"2 minutes\" \/>\n<script type=\"application\/ld+json\" class=\"yoast-schema-graph\">{\"@context\":\"https:\/\/schema.org\",\"@graph\":[{\"@type\":\"WebPage\",\"@id\":\"https:\/\/deveho.com\/fr\/produits\/marketplace-sage-x3\/sage-eloficash\/\",\"url\":\"https:\/\/deveho.com\/fr\/produits\/marketplace-sage-x3\/sage-eloficash\/\",\"name\":\"Sage Eloficash - Deveho\",\"isPartOf\":{\"@id\":\"https:\/\/deveho.com\/#website\"},\"datePublished\":\"2022-03-24T20:01:37+00:00\",\"dateModified\":\"2026-01-09T09:24:02+00:00\",\"breadcrumb\":{\"@id\":\"https:\/\/deveho.com\/fr\/produits\/marketplace-sage-x3\/sage-eloficash\/#breadcrumb\"},\"inLanguage\":\"fr-FR\",\"potentialAction\":[{\"@type\":\"ReadAction\",\"target\":[\"https:\/\/deveho.com\/fr\/produits\/marketplace-sage-x3\/sage-eloficash\/\"]}]},{\"@type\":\"BreadcrumbList\",\"@id\":\"https:\/\/deveho.com\/fr\/produits\/marketplace-sage-x3\/sage-eloficash\/#breadcrumb\",\"itemListElement\":[{\"@type\":\"ListItem\",\"position\":1,\"name\":\"Home\",\"item\":\"https:\/\/deveho.com\/fr\/\"},{\"@type\":\"ListItem\",\"position\":2,\"name\":\"Produits\",\"item\":\"https:\/\/deveho.com\/fr\/produits\/\"},{\"@type\":\"ListItem\",\"position\":3,\"name\":\"Marketplace Sage X3\",\"item\":\"https:\/\/deveho.com\/fr\/produits\/marketplace-sage-x3\/\"},{\"@type\":\"ListItem\",\"position\":4,\"name\":\"Sage Eloficash\"}]},{\"@type\":\"WebSite\",\"@id\":\"https:\/\/deveho.com\/#website\",\"url\":\"https:\/\/deveho.com\/\",\"name\":\"Deveho Consulting Group\",\"description\":\"Let\u2019s boost your growth\",\"publisher\":{\"@id\":\"https:\/\/deveho.com\/#organization\"},\"potentialAction\":[{\"@type\":\"SearchAction\",\"target\":{\"@type\":\"EntryPoint\",\"urlTemplate\":\"https:\/\/deveho.com\/?s={search_term_string}\"},\"query-input\":{\"@type\":\"PropertyValueSpecification\",\"valueRequired\":true,\"valueName\":\"search_term_string\"}}],\"inLanguage\":\"fr-FR\"},{\"@type\":\"Organization\",\"@id\":\"https:\/\/deveho.com\/#organization\",\"name\":\"Deveho Consulting Group\",\"url\":\"https:\/\/deveho.com\/\",\"logo\":{\"@type\":\"ImageObject\",\"inLanguage\":\"fr-FR\",\"@id\":\"https:\/\/deveho.com\/#\/schema\/logo\/image\/\",\"url\":\"https:\/\/deveho.com\/wp-content\/uploads\/2023\/02\/DEVEHO-LOGO-Baseline-COLOR.png\",\"contentUrl\":\"https:\/\/deveho.com\/wp-content\/uploads\/2023\/02\/DEVEHO-LOGO-Baseline-COLOR.png\",\"width\":2251,\"height\":585,\"caption\":\"Deveho Consulting Group\"},\"image\":{\"@id\":\"https:\/\/deveho.com\/#\/schema\/logo\/image\/\"},\"sameAs\":[\"https:\/\/www.facebook.com\/deveho\",\"https:\/\/x.com\/Deveho1\",\"https:\/\/www.linkedin.com\/company\/deveho-consulting\/\"]}]}<\/script>\n<!-- \/ Yoast SEO plugin. -->","yoast_head_json":{"title":"Sage Eloficash - Deveho","robots":{"index":"index","follow":"follow","max-snippet":"max-snippet:-1","max-image-preview":"max-image-preview:large","max-video-preview":"max-video-preview:-1"},"canonical":"https:\/\/deveho.com\/fr\/produits\/marketplace-sage-x3\/sage-eloficash\/","og_locale":"fr_FR","og_type":"article","og_title":"Sage Eloficash - Deveho","og_description":"Aenean eu leo quam. Pellentesque ornare sem lacinia quam venenatis vestibulum. Morbi leo risus, porta ac.","og_url":"https:\/\/deveho.com\/fr\/produits\/marketplace-sage-x3\/sage-eloficash\/","og_site_name":"Deveho","article_publisher":"https:\/\/www.facebook.com\/deveho","article_modified_time":"2026-01-09T09:24:02+00:00","twitter_card":"summary_large_image","twitter_site":"@Deveho1","twitter_misc":{"Dur\u00e9e de lecture estim\u00e9e":"2 minutes"},"schema":{"@context":"https:\/\/schema.org","@graph":[{"@type":"WebPage","@id":"https:\/\/deveho.com\/fr\/produits\/marketplace-sage-x3\/sage-eloficash\/","url":"https:\/\/deveho.com\/fr\/produits\/marketplace-sage-x3\/sage-eloficash\/","name":"Sage Eloficash - Deveho","isPartOf":{"@id":"https:\/\/deveho.com\/#website"},"datePublished":"2022-03-24T20:01:37+00:00","dateModified":"2026-01-09T09:24:02+00:00","breadcrumb":{"@id":"https:\/\/deveho.com\/fr\/produits\/marketplace-sage-x3\/sage-eloficash\/#breadcrumb"},"inLanguage":"fr-FR","potentialAction":[{"@type":"ReadAction","target":["https:\/\/deveho.com\/fr\/produits\/marketplace-sage-x3\/sage-eloficash\/"]}]},{"@type":"BreadcrumbList","@id":"https:\/\/deveho.com\/fr\/produits\/marketplace-sage-x3\/sage-eloficash\/#breadcrumb","itemListElement":[{"@type":"ListItem","position":1,"name":"Home","item":"https:\/\/deveho.com\/fr\/"},{"@type":"ListItem","position":2,"name":"Produits","item":"https:\/\/deveho.com\/fr\/produits\/"},{"@type":"ListItem","position":3,"name":"Marketplace Sage X3","item":"https:\/\/deveho.com\/fr\/produits\/marketplace-sage-x3\/"},{"@type":"ListItem","position":4,"name":"Sage Eloficash"}]},{"@type":"WebSite","@id":"https:\/\/deveho.com\/#website","url":"https:\/\/deveho.com\/","name":"Deveho Consulting Group","description":"Let\u2019s boost your growth","publisher":{"@id":"https:\/\/deveho.com\/#organization"},"potentialAction":[{"@type":"SearchAction","target":{"@type":"EntryPoint","urlTemplate":"https:\/\/deveho.com\/?s={search_term_string}"},"query-input":{"@type":"PropertyValueSpecification","valueRequired":true,"valueName":"search_term_string"}}],"inLanguage":"fr-FR"},{"@type":"Organization","@id":"https:\/\/deveho.com\/#organization","name":"Deveho Consulting Group","url":"https:\/\/deveho.com\/","logo":{"@type":"ImageObject","inLanguage":"fr-FR","@id":"https:\/\/deveho.com\/#\/schema\/logo\/image\/","url":"https:\/\/deveho.com\/wp-content\/uploads\/2023\/02\/DEVEHO-LOGO-Baseline-COLOR.png","contentUrl":"https:\/\/deveho.com\/wp-content\/uploads\/2023\/02\/DEVEHO-LOGO-Baseline-COLOR.png","width":2251,"height":585,"caption":"Deveho Consulting Group"},"image":{"@id":"https:\/\/deveho.com\/#\/schema\/logo\/image\/"},"sameAs":["https:\/\/www.facebook.com\/deveho","https:\/\/x.com\/Deveho1","https:\/\/www.linkedin.com\/company\/deveho-consulting\/"]}]}},"_links":{"self":[{"href":"https:\/\/deveho.com\/fr\/wp-json\/wp\/v2\/pages\/9557"}],"collection":[{"href":"https:\/\/deveho.com\/fr\/wp-json\/wp\/v2\/pages"}],"about":[{"href":"https:\/\/deveho.com\/fr\/wp-json\/wp\/v2\/types\/page"}],"author":[{"embeddable":true,"href":"https:\/\/deveho.com\/fr\/wp-json\/wp\/v2\/users\/3"}],"replies":[{"embeddable":true,"href":"https:\/\/deveho.com\/fr\/wp-json\/wp\/v2\/comments?post=9557"}],"version-history":[{"count":2,"href":"https:\/\/deveho.com\/fr\/wp-json\/wp\/v2\/pages\/9557\/revisions"}],"predecessor-version":[{"id":45324,"href":"https:\/\/deveho.com\/fr\/wp-json\/wp\/v2\/pages\/9557\/revisions\/45324"}],"up":[{"embeddable":true,"href":"https:\/\/deveho.com\/fr\/wp-json\/wp\/v2\/pages\/9533"}],"wp:attachment":[{"href":"https:\/\/deveho.com\/fr\/wp-json\/wp\/v2\/media?parent=9557"}],"curies":[{"name":"wp","href":"https:\/\/api.w.org\/{rel}","templated":true}]}}