{"id":9560,"date":"2022-03-25T08:10:34","date_gmt":"2022-03-25T08:10:34","guid":{"rendered":"https:\/\/deveho2.sfdbeta.be\/sage-x3-marketplace-isv\/sage-enterprise-intelligence\/"},"modified":"2025-03-28T12:08:35","modified_gmt":"2025-03-28T10:08:35","slug":"sage-enterprise-intelligence","status":"publish","type":"page","link":"https:\/\/deveho.com\/fr\/produits\/marketplace-sage-x3\/sage-enterprise-intelligence\/","title":{"rendered":"Sage Enterprise Intelligence"},"content":{"rendered":"<br \/>\n<h2><\/h2>\n<h3>Sage Enterprise Intelligence peut vous aider<\/h3>\n<h3>Quels sont les avantages du module veille \u00e9conomique du PGI ?<\/h3>\n<\/p>\n<h3><red><b>Avantages<\/b><\/red> de Sage Enterprise Intelligence<\/h3>\n<\/p>\n<p><b>Facile<\/b> : les utilisateurs ont un acc\u00e8s libre aux informations et peuvent les analyser et g\u00e9n\u00e9rer des rapports, gr\u00e2ce \u00e0 cette solution de veille \u00e9conomique intuitive et facile \u00e0 utiliser.<\/p>\n<p><b>Rapide<\/b> : moins de temps pass\u00e9 en analyse et r\u00e9daction de rapport, pour des prises de d\u00e9cisions plus rapide et plus ajust\u00e9es au sein de votre organisation, car les utilisateurs un acc\u00e8s rapide \u00e0 l&rsquo;information.<\/p>\n<p><b>Complet<\/b> : obtenez une image claire de l&rsquo;ensemble de votre entreprise et d\u00e9veloppez la coop\u00e9ration inter-services. L&rsquo;int\u00e9gration \u00e9troite et s\u00e9curis\u00e9e avec Sage Business Cloud X3 garantit la fiabilit\u00e9 des informations commerciales critiques, fournit aux utilisateurs professionnels un aper\u00e7u coh\u00e9rent des informations en temps r\u00e9el sur l&rsquo;entreprise, accompagne une prise de d\u00e9cision coh\u00e9rente et favorise une am\u00e9lioration permanente \u00e0 travers toutes les fonctions.<\/p>\n<h3><red><b>Fonctionnalit\u00e9s<\/b><\/red> de Sage Enterprise Intelligence<\/h3>\n<\/p>\n<p>Interface utilisateur intuitive<\/p>\n<p>Adaptation \u00e0 de nombreux navigateurs<\/p>\n<p>Donn\u00e9es accessibles en temps r\u00e9el, enti\u00e8rement int\u00e9gr\u00e9es \u00e0 Sage X3<\/p>\n<p>Traitement rapide de grandes quantit\u00e9s de donn\u00e9es<\/p>\n<p>Mod\u00e8les et Indicateurs cl\u00e9s de performance pr\u00e9d\u00e9finis<\/p>\n<p>Visualisation large des donn\u00e9es (jauges, cartes, graphiques)<\/p>\n<p>Vastes capacit\u00e9s de recherche<\/p>\n<p>Capacit\u00e9s de mobilit\u00e9<\/p>\n<p>Extension Microsoft\u00ae Excel\u00ae<\/p>\n<p>Int\u00e9gration \u00e0 votre solution de gestion d&rsquo;entreprise et autres sources<\/p>\n<p>Donn\u00e9es analytiques en pr\u00eat-\u00e0-partager<\/p>\n<h3>Sage Enterprise Intelligence est en conformit\u00e9 avec : <\/h3>\n<p><p>Sage Enterprise Intelligence (SEI) est une solution de gestion de donn\u00e9es et de veille \u00e9conomique qui aide les organisations \u00e0 prendre des d\u00e9cisions r\u00e9fl\u00e9chies sur la base d&#8217;informations en temps r\u00e9el.<br \/>\nElle constitue pour les utilisateurs une interface simple pour acc\u00e9der \u00e0 et analyser les donn\u00e9es de fa\u00e7on autonome et \u00e9limine le besoin d&#8217;outils h\u00e9t\u00e9rog\u00e8nes et de comp\u00e9tences sp\u00e9cialis\u00e9es.<\/p>\n<\/p>\n<p>Sage X3<\/p>\n<p>Sage 100<\/p>\n<p>Sage 200<\/p>\n<p>Sage 500<\/p>\n<p>Sage 300<\/p>\n<p>Sage CRM<\/p>\n<p>Sage XRT<\/p>\n<h2><\/h2>\n<h3>Pages Li\u00e9es<\/h3>\n<\/p>\n<h3><\/h3>\n<\/p>\n<h3><\/h3><\/p>\n","protected":false},"excerpt":{"rendered":"<p>Sage Enterprise Intelligence, solution int\u00e9gr\u00e9e de veille \u00e9conomique, aide les utilisateurs \u00e0 prendre les meilleures d\u00e9cisions le plus vite possible, en leur donnant acc\u00e8s \u00e0 toutes les informations dont ils ont besoin.<br \/>\nAvec SEI, les donn\u00e9es sont extraites, transform\u00e9es, consolid\u00e9es, migr\u00e9es et pr\u00e9sent\u00e9es de fa\u00e7on simple, accessibles en temps r\u00e9el, en mode acc\u00e8s libre et ce, en seulement quelques clics.<br \/>\nErgonomique, la solution SEI solution promeut l&rsquo;autonomie des utilisateurs, sans avoir de besoin de comp\u00e9tences sp\u00e9cialis\u00e9es.<\/p>\n","protected":false},"author":3,"featured_media":0,"parent":9533,"menu_order":0,"comment_status":"closed","ping_status":"closed","template":"templates\/template-prod_serv.php","meta":{"_acf_changed":false,"footnotes":""},"class_list":["post-9560","page","type-page","status-publish","hentry"],"acf":[],"yoast_head":"<!-- This site is optimized with the Yoast SEO plugin v23.5 - https:\/\/yoast.com\/wordpress\/plugins\/seo\/ -->\n<title>Sage Enterprise Intelligence , plus intelligent et plus rapide - Deveho<\/title>\n<meta name=\"description\" content=\"Garantissez la fiabilit\u00e9 des informations commerciales essentielles avec Sage Enterprise Intelligence et acc\u00e9dez aux donn\u00e9es sans effort.\" \/>\n<meta name=\"robots\" content=\"index, follow, max-snippet:-1, max-image-preview:large, max-video-preview:-1\" \/>\n<link rel=\"canonical\" href=\"https:\/\/deveho.com\/fr\/produits\/marketplace-sage-x3\/sage-enterprise-intelligence\/\" \/>\n<meta property=\"og:locale\" content=\"fr_FR\" \/>\n<meta property=\"og:type\" content=\"article\" \/>\n<meta property=\"og:title\" content=\"Sage Enterprise Intelligence , plus intelligent et plus rapide - Deveho\" \/>\n<meta property=\"og:description\" content=\"Garantissez la fiabilit\u00e9 des informations commerciales essentielles avec Sage Enterprise Intelligence et acc\u00e9dez aux donn\u00e9es sans effort.\" \/>\n<meta property=\"og:url\" content=\"https:\/\/deveho.com\/fr\/produits\/marketplace-sage-x3\/sage-enterprise-intelligence\/\" \/>\n<meta property=\"og:site_name\" content=\"Deveho\" \/>\n<meta property=\"article:publisher\" content=\"https:\/\/www.facebook.com\/deveho\" \/>\n<meta property=\"article:modified_time\" content=\"2025-03-28T10:08:35+00:00\" \/>\n<meta name=\"twitter:card\" content=\"summary_large_image\" \/>\n<meta name=\"twitter:site\" content=\"@Deveho1\" \/>\n<meta name=\"twitter:label1\" content=\"Dur\u00e9e de lecture estim\u00e9e\" \/>\n\t<meta name=\"twitter:data1\" content=\"2 minutes\" \/>\n<script type=\"application\/ld+json\" class=\"yoast-schema-graph\">{\"@context\":\"https:\/\/schema.org\",\"@graph\":[{\"@type\":\"WebPage\",\"@id\":\"https:\/\/deveho.com\/fr\/produits\/marketplace-sage-x3\/sage-enterprise-intelligence\/\",\"url\":\"https:\/\/deveho.com\/fr\/produits\/marketplace-sage-x3\/sage-enterprise-intelligence\/\",\"name\":\"Sage Enterprise Intelligence , plus intelligent et plus rapide - Deveho\",\"isPartOf\":{\"@id\":\"https:\/\/deveho.com\/#website\"},\"datePublished\":\"2022-03-25T08:10:34+00:00\",\"dateModified\":\"2025-03-28T10:08:35+00:00\",\"description\":\"Garantissez la fiabilit\u00e9 des informations commerciales essentielles avec Sage Enterprise Intelligence et acc\u00e9dez aux donn\u00e9es sans effort.\",\"breadcrumb\":{\"@id\":\"https:\/\/deveho.com\/fr\/produits\/marketplace-sage-x3\/sage-enterprise-intelligence\/#breadcrumb\"},\"inLanguage\":\"fr-FR\",\"potentialAction\":[{\"@type\":\"ReadAction\",\"target\":[\"https:\/\/deveho.com\/fr\/produits\/marketplace-sage-x3\/sage-enterprise-intelligence\/\"]}]},{\"@type\":\"BreadcrumbList\",\"@id\":\"https:\/\/deveho.com\/fr\/produits\/marketplace-sage-x3\/sage-enterprise-intelligence\/#breadcrumb\",\"itemListElement\":[{\"@type\":\"ListItem\",\"position\":1,\"name\":\"Home\",\"item\":\"https:\/\/deveho.com\/fr\/\"},{\"@type\":\"ListItem\",\"position\":2,\"name\":\"Produits\",\"item\":\"https:\/\/deveho.com\/fr\/produits\/\"},{\"@type\":\"ListItem\",\"position\":3,\"name\":\"Marketplace Sage X3\",\"item\":\"https:\/\/deveho.com\/fr\/produits\/marketplace-sage-x3\/\"},{\"@type\":\"ListItem\",\"position\":4,\"name\":\"Sage Enterprise Intelligence\"}]},{\"@type\":\"WebSite\",\"@id\":\"https:\/\/deveho.com\/#website\",\"url\":\"https:\/\/deveho.com\/\",\"name\":\"Deveho Consulting Group\",\"description\":\"Let\u2019s boost your growth\",\"publisher\":{\"@id\":\"https:\/\/deveho.com\/#organization\"},\"potentialAction\":[{\"@type\":\"SearchAction\",\"target\":{\"@type\":\"EntryPoint\",\"urlTemplate\":\"https:\/\/deveho.com\/?s={search_term_string}\"},\"query-input\":{\"@type\":\"PropertyValueSpecification\",\"valueRequired\":true,\"valueName\":\"search_term_string\"}}],\"inLanguage\":\"fr-FR\"},{\"@type\":\"Organization\",\"@id\":\"https:\/\/deveho.com\/#organization\",\"name\":\"Deveho Consulting Group\",\"url\":\"https:\/\/deveho.com\/\",\"logo\":{\"@type\":\"ImageObject\",\"inLanguage\":\"fr-FR\",\"@id\":\"https:\/\/deveho.com\/#\/schema\/logo\/image\/\",\"url\":\"https:\/\/deveho.com\/wp-content\/uploads\/2023\/02\/DEVEHO-LOGO-Baseline-COLOR.png\",\"contentUrl\":\"https:\/\/deveho.com\/wp-content\/uploads\/2023\/02\/DEVEHO-LOGO-Baseline-COLOR.png\",\"width\":2251,\"height\":585,\"caption\":\"Deveho Consulting Group\"},\"image\":{\"@id\":\"https:\/\/deveho.com\/#\/schema\/logo\/image\/\"},\"sameAs\":[\"https:\/\/www.facebook.com\/deveho\",\"https:\/\/x.com\/Deveho1\",\"https:\/\/www.linkedin.com\/company\/deveho-consulting\/\"]}]}<\/script>\n<!-- \/ Yoast SEO plugin. -->","yoast_head_json":{"title":"Sage Enterprise Intelligence , plus intelligent et plus rapide - Deveho","description":"Garantissez la fiabilit\u00e9 des informations commerciales essentielles avec Sage Enterprise Intelligence et acc\u00e9dez aux donn\u00e9es sans effort.","robots":{"index":"index","follow":"follow","max-snippet":"max-snippet:-1","max-image-preview":"max-image-preview:large","max-video-preview":"max-video-preview:-1"},"canonical":"https:\/\/deveho.com\/fr\/produits\/marketplace-sage-x3\/sage-enterprise-intelligence\/","og_locale":"fr_FR","og_type":"article","og_title":"Sage Enterprise Intelligence , plus intelligent et plus rapide - Deveho","og_description":"Garantissez la fiabilit\u00e9 des informations commerciales essentielles avec Sage Enterprise Intelligence et acc\u00e9dez aux donn\u00e9es sans effort.","og_url":"https:\/\/deveho.com\/fr\/produits\/marketplace-sage-x3\/sage-enterprise-intelligence\/","og_site_name":"Deveho","article_publisher":"https:\/\/www.facebook.com\/deveho","article_modified_time":"2025-03-28T10:08:35+00:00","twitter_card":"summary_large_image","twitter_site":"@Deveho1","twitter_misc":{"Dur\u00e9e de lecture estim\u00e9e":"2 minutes"},"schema":{"@context":"https:\/\/schema.org","@graph":[{"@type":"WebPage","@id":"https:\/\/deveho.com\/fr\/produits\/marketplace-sage-x3\/sage-enterprise-intelligence\/","url":"https:\/\/deveho.com\/fr\/produits\/marketplace-sage-x3\/sage-enterprise-intelligence\/","name":"Sage Enterprise Intelligence , plus intelligent et plus rapide - Deveho","isPartOf":{"@id":"https:\/\/deveho.com\/#website"},"datePublished":"2022-03-25T08:10:34+00:00","dateModified":"2025-03-28T10:08:35+00:00","description":"Garantissez la fiabilit\u00e9 des informations commerciales essentielles avec Sage Enterprise Intelligence et acc\u00e9dez aux donn\u00e9es sans effort.","breadcrumb":{"@id":"https:\/\/deveho.com\/fr\/produits\/marketplace-sage-x3\/sage-enterprise-intelligence\/#breadcrumb"},"inLanguage":"fr-FR","potentialAction":[{"@type":"ReadAction","target":["https:\/\/deveho.com\/fr\/produits\/marketplace-sage-x3\/sage-enterprise-intelligence\/"]}]},{"@type":"BreadcrumbList","@id":"https:\/\/deveho.com\/fr\/produits\/marketplace-sage-x3\/sage-enterprise-intelligence\/#breadcrumb","itemListElement":[{"@type":"ListItem","position":1,"name":"Home","item":"https:\/\/deveho.com\/fr\/"},{"@type":"ListItem","position":2,"name":"Produits","item":"https:\/\/deveho.com\/fr\/produits\/"},{"@type":"ListItem","position":3,"name":"Marketplace Sage X3","item":"https:\/\/deveho.com\/fr\/produits\/marketplace-sage-x3\/"},{"@type":"ListItem","position":4,"name":"Sage Enterprise Intelligence"}]},{"@type":"WebSite","@id":"https:\/\/deveho.com\/#website","url":"https:\/\/deveho.com\/","name":"Deveho Consulting Group","description":"Let\u2019s boost your growth","publisher":{"@id":"https:\/\/deveho.com\/#organization"},"potentialAction":[{"@type":"SearchAction","target":{"@type":"EntryPoint","urlTemplate":"https:\/\/deveho.com\/?s={search_term_string}"},"query-input":{"@type":"PropertyValueSpecification","valueRequired":true,"valueName":"search_term_string"}}],"inLanguage":"fr-FR"},{"@type":"Organization","@id":"https:\/\/deveho.com\/#organization","name":"Deveho Consulting Group","url":"https:\/\/deveho.com\/","logo":{"@type":"ImageObject","inLanguage":"fr-FR","@id":"https:\/\/deveho.com\/#\/schema\/logo\/image\/","url":"https:\/\/deveho.com\/wp-content\/uploads\/2023\/02\/DEVEHO-LOGO-Baseline-COLOR.png","contentUrl":"https:\/\/deveho.com\/wp-content\/uploads\/2023\/02\/DEVEHO-LOGO-Baseline-COLOR.png","width":2251,"height":585,"caption":"Deveho Consulting Group"},"image":{"@id":"https:\/\/deveho.com\/#\/schema\/logo\/image\/"},"sameAs":["https:\/\/www.facebook.com\/deveho","https:\/\/x.com\/Deveho1","https:\/\/www.linkedin.com\/company\/deveho-consulting\/"]}]}},"_links":{"self":[{"href":"https:\/\/deveho.com\/fr\/wp-json\/wp\/v2\/pages\/9560"}],"collection":[{"href":"https:\/\/deveho.com\/fr\/wp-json\/wp\/v2\/pages"}],"about":[{"href":"https:\/\/deveho.com\/fr\/wp-json\/wp\/v2\/types\/page"}],"author":[{"embeddable":true,"href":"https:\/\/deveho.com\/fr\/wp-json\/wp\/v2\/users\/3"}],"replies":[{"embeddable":true,"href":"https:\/\/deveho.com\/fr\/wp-json\/wp\/v2\/comments?post=9560"}],"version-history":[{"count":2,"href":"https:\/\/deveho.com\/fr\/wp-json\/wp\/v2\/pages\/9560\/revisions"}],"predecessor-version":[{"id":39008,"href":"https:\/\/deveho.com\/fr\/wp-json\/wp\/v2\/pages\/9560\/revisions\/39008"}],"up":[{"embeddable":true,"href":"https:\/\/deveho.com\/fr\/wp-json\/wp\/v2\/pages\/9533"}],"wp:attachment":[{"href":"https:\/\/deveho.com\/fr\/wp-json\/wp\/v2\/media?parent=9560"}],"curies":[{"name":"wp","href":"https:\/\/api.w.org\/{rel}","templated":true}]}}