{"id":10253,"date":"2022-05-16T15:02:33","date_gmt":"2022-05-16T15:02:33","guid":{"rendered":"https:\/\/deveho2.sfdbeta.be\/uzleti-intelligencia\/"},"modified":"2022-10-27T11:50:33","modified_gmt":"2022-10-27T09:50:33","slug":"uzleti-intelligencia","status":"publish","type":"page","link":"https:\/\/deveho.com\/hu\/szolgaltatasok\/uzleti-intelligencia\/","title":{"rendered":"\u00dczleti Intelligencia"},"content":{"rendered":"<br \/>\n<h2><red>Az \u00fczleti intelligencia kih\u00edv\u00e1sai <\/red><\/h2>\n<h3>Az adatok \u00e9vente \u00e1tlagosan 56%-kal n\u0151nek.<\/h3>\n<p><p>A v\u00e1llalatvezet\u0151k sz\u00e1m\u00e1ra kritikuss\u00e1 v\u00e1lt, hogy \u00e1tv\u00e9szelj\u00e9k a rendetlens\u00e9get, \u00e9s pontos adatokhoz \u00e9s betekint\u00e9si lehet\u0151s\u00e9gekhez jussanak, amelyek az intelligens, id\u0151szer\u0171 d\u00f6nt\u00e9sek meghozatal\u00e1hoz sz\u00fcks\u00e9gesek.<\/p>\n<\/p>\n<h3>Az \u00fczleti bizonytalans\u00e1g lek\u00fczd\u00e9se relev\u00e1ns, szem\u00e9lyre szabott jelent\u00e9sekkel<\/h3>\n<p><p>A teljes\u00edtm\u00e9ny l\u00e1that\u00f3s\u00e1g\u00e1val, a m\u0171k\u00f6d\u00e9si sil\u00f3kkal, a p\u00e9nz\u00fcgyi bonyolults\u00e1ggal \u00e9s a termel\u00e9kenys\u00e9g cs\u00f6kken\u00e9s\u00e9vel kapcsolatos kih\u00edv\u00e1sok mind \u00fczleti bizonytalans\u00e1ghoz vezetnek.<\/p>\n<\/p>\n<h3>A progressz\u00edv v\u00e1llalkoz\u00e1sok nagyobb \u00e9rt\u00e9ket l\u00e1tnak a betekint\u00e9s megoszt\u00e1s\u00e1ban<\/h3>\n<p><p>A koll\u00e9g\u00e1k adatokhoz val\u00f3 hozz\u00e1f\u00e9r\u00e9s\u00e9nek kiterjeszt\u00e9se el\u0151seg\u00edtheti az elsz\u00e1moltathat\u00f3s\u00e1got, az innov\u00e1ci\u00f3t \u00e9s a nagy teljes\u00edtm\u00e9nyt.<\/p>\n<\/p>\n<h3>Adjon meg relev\u00e1ns inform\u00e1ci\u00f3kat <\/h3>\n<p><p>A felhaszn\u00e1l\u00f3nak, hogy a legjobb d\u00f6nt\u00e9seket hozza meg a v\u00e1llalat strat\u00e9gi\u00e1j\u00e1nak vagy tev\u00e9kenys\u00e9g\u00e9nek ir\u00e1ny\u00edt\u00e1s\u00e1ra.<\/p>\n<\/p>\n<h2><\/h2>\n<h3>Az \u00fczleti intelligencia lehet\u0151v\u00e9 teszi, hogy:<\/h3>\n<h3><\/h3>\n<ul>\n<li>\u00c1ll\u00edtsa \u00f6sszhangba v\u00e1llalkoz\u00e1s\u00e1t a kulcsfontoss\u00e1g\u00fa teljes\u00edtm\u00e9nymutat\u00f3k \u00e9s -m\u00e9r\u00e9sek koherens k\u00e9szlete alapj\u00e1n,<\/li>\n<li>Hozzon d\u00f6nt\u00e9seket gyorsabban<\/li>\n<li>Egyszer\u0171s\u00edtse a mutat\u00f3k grafikus \u00e1br\u00e1zol\u00e1s\u00e1t<\/li>\n<li>Mutasson be megb\u00edzhat\u00f3 inform\u00e1ci\u00f3kat egys\u00e9ges m\u00f3don<\/li>\n<li>Az inform\u00e1ci\u00f3gy\u0171jt\u00e9s \u00e9s -eloszt\u00e1s felgyors\u00edt\u00e1sa automatiz\u00e1l\u00e1ssal<\/li>\n<\/ul>\n<h2>A Sage X3 a Sage Enterprise Intelligence (SEI) nev\u0171 \u00fczleti intelligencia megold\u00e1st k\u00edn\u00e1lja.<\/h2>\n<p>A Sage Enterprise Intelligence integr\u00e1lt BI-megold\u00e1sa seg\u00edt a felhaszn\u00e1l\u00f3knak gyorsabban meghozni a legjobb d\u00f6nt\u00e9seket az \u00f6sszes sz\u00fcks\u00e9ges adat birtok\u00e1ban.<\/p>\n<p>A SEI seg\u00edts\u00e9g\u00e9vel az adatok kinyer\u00e9se, \u00e1talak\u00edt\u00e1sa, konszolid\u00e1l\u00e1sa, migr\u00e1l\u00e1sa \u00e9s megjelen\u00edt\u00e9se egyszer\u0171 form\u00e1ban, val\u00f3s id\u0151ben, \u00f6nkiszolg\u00e1l\u00f3 m\u00f3dban \u00e9s n\u00e9h\u00e1ny kattint\u00e1ssal el\u00e9rhet\u0151.<\/p>\n<p>Ergonomikus, a SEI-megold\u00e1s el\u0151seg\u00edti a felhaszn\u00e1l\u00f3i \u00f6n\u00e1ll\u00f3s\u00e1got, an\u00e9lk\u00fcl, hogy k\u00fcl\u00f6nleges k\u00e9szs\u00e9gekre lenne sz\u00fcks\u00e9g.<\/p>\n<h2><\/h2>\n<h3>Kapcsol\u00f3d\u00f3 Oldalak<\/h3>\n<\/p>\n<h3><\/h3>\n<\/p>\n<h3><\/h3><\/p>\n","protected":false},"excerpt":{"rendered":"<p>Az \u00fczleti intelligencia a felhaszn\u00e1lt adatok megb\u00edzhat\u00f3s\u00e1g\u00e1nak elv\u00e9n alapul. Feldolgoz\u00e1suk, valamint a munkav\u00e1llal\u00f3k \u00e1ltal olvashat\u00f3 jelent\u00e9sekben val\u00f3 megfogalmaz\u00e1sa lehet\u0151v\u00e9 teszi a megfelel\u0151 d\u00f6nt\u00e9sek megfelel\u0151 id\u0151ben t\u00f6rt\u00e9n\u0151 meghozatal\u00e1t.<\/p>\n","protected":false},"author":3,"featured_media":0,"parent":10339,"menu_order":0,"comment_status":"closed","ping_status":"closed","template":"templates\/template-prod_serv.php","meta":{"_acf_changed":false,"footnotes":""},"class_list":["post-10253","page","type-page","status-publish","hentry"],"acf":[],"yoast_head":"<!-- This site is optimized with the Yoast SEO plugin v23.5 - https:\/\/yoast.com\/wordpress\/plugins\/seo\/ -->\n<title>\u00dczleti Intelligencia - Deveho<\/title>\n<meta name=\"robots\" content=\"index, follow, max-snippet:-1, max-image-preview:large, max-video-preview:-1\" \/>\n<link rel=\"canonical\" href=\"https:\/\/deveho.com\/hu\/szolgaltatasok\/uzleti-intelligencia\/\" \/>\n<meta property=\"og:locale\" content=\"hu_HU\" \/>\n<meta property=\"og:type\" content=\"article\" \/>\n<meta property=\"og:title\" content=\"\u00dczleti Intelligencia - Deveho\" \/>\n<meta property=\"og:description\" content=\"Az \u00fczleti intelligencia a felhaszn\u00e1lt adatok megb\u00edzhat\u00f3s\u00e1g\u00e1nak elv\u00e9n alapul. Feldolgoz\u00e1suk, valamint a munkav\u00e1llal\u00f3k \u00e1ltal olvashat\u00f3 jelent\u00e9sekben val\u00f3 megfogalmaz\u00e1sa lehet\u0151v\u00e9 teszi a megfelel\u0151 d\u00f6nt\u00e9sek megfelel\u0151 id\u0151ben t\u00f6rt\u00e9n\u0151 meghozatal\u00e1t.\" \/>\n<meta property=\"og:url\" content=\"https:\/\/deveho.com\/hu\/szolgaltatasok\/uzleti-intelligencia\/\" \/>\n<meta property=\"og:site_name\" content=\"Deveho\" \/>\n<meta property=\"article:publisher\" content=\"https:\/\/www.facebook.com\/deveho\" \/>\n<meta property=\"article:modified_time\" content=\"2022-10-27T09:50:33+00:00\" \/>\n<meta name=\"twitter:card\" content=\"summary_large_image\" \/>\n<meta name=\"twitter:site\" content=\"@Deveho1\" \/>\n<meta name=\"twitter:label1\" content=\"Becs\u00fclt olvas\u00e1si id\u0151\" \/>\n\t<meta name=\"twitter:data1\" content=\"2 perc\" \/>\n<script type=\"application\/ld+json\" class=\"yoast-schema-graph\">{\"@context\":\"https:\/\/schema.org\",\"@graph\":[{\"@type\":\"WebPage\",\"@id\":\"https:\/\/deveho.com\/hu\/szolgaltatasok\/uzleti-intelligencia\/\",\"url\":\"https:\/\/deveho.com\/hu\/szolgaltatasok\/uzleti-intelligencia\/\",\"name\":\"\u00dczleti Intelligencia - Deveho\",\"isPartOf\":{\"@id\":\"https:\/\/deveho.com\/#website\"},\"datePublished\":\"2022-05-16T15:02:33+00:00\",\"dateModified\":\"2022-10-27T09:50:33+00:00\",\"breadcrumb\":{\"@id\":\"https:\/\/deveho.com\/hu\/szolgaltatasok\/uzleti-intelligencia\/#breadcrumb\"},\"inLanguage\":\"hu\",\"potentialAction\":[{\"@type\":\"ReadAction\",\"target\":[\"https:\/\/deveho.com\/hu\/szolgaltatasok\/uzleti-intelligencia\/\"]}]},{\"@type\":\"BreadcrumbList\",\"@id\":\"https:\/\/deveho.com\/hu\/szolgaltatasok\/uzleti-intelligencia\/#breadcrumb\",\"itemListElement\":[{\"@type\":\"ListItem\",\"position\":1,\"name\":\"Home\",\"item\":\"https:\/\/deveho.com\/hu\/\"},{\"@type\":\"ListItem\",\"position\":2,\"name\":\"Szolg\u00e1ltat\u00e1sok\",\"item\":\"https:\/\/deveho.com\/hu\/szolgaltatasok\/\"},{\"@type\":\"ListItem\",\"position\":3,\"name\":\"\u00dczleti Intelligencia\"}]},{\"@type\":\"WebSite\",\"@id\":\"https:\/\/deveho.com\/#website\",\"url\":\"https:\/\/deveho.com\/\",\"name\":\"Deveho Consulting Group\",\"description\":\"Let\u2019s boost your growth\",\"publisher\":{\"@id\":\"https:\/\/deveho.com\/#organization\"},\"potentialAction\":[{\"@type\":\"SearchAction\",\"target\":{\"@type\":\"EntryPoint\",\"urlTemplate\":\"https:\/\/deveho.com\/?s={search_term_string}\"},\"query-input\":{\"@type\":\"PropertyValueSpecification\",\"valueRequired\":true,\"valueName\":\"search_term_string\"}}],\"inLanguage\":\"hu\"},{\"@type\":\"Organization\",\"@id\":\"https:\/\/deveho.com\/#organization\",\"name\":\"Deveho Consulting Group\",\"url\":\"https:\/\/deveho.com\/\",\"logo\":{\"@type\":\"ImageObject\",\"inLanguage\":\"hu\",\"@id\":\"https:\/\/deveho.com\/#\/schema\/logo\/image\/\",\"url\":\"https:\/\/deveho.com\/wp-content\/uploads\/2023\/02\/DEVEHO-LOGO-Baseline-COLOR.png\",\"contentUrl\":\"https:\/\/deveho.com\/wp-content\/uploads\/2023\/02\/DEVEHO-LOGO-Baseline-COLOR.png\",\"width\":2251,\"height\":585,\"caption\":\"Deveho Consulting Group\"},\"image\":{\"@id\":\"https:\/\/deveho.com\/#\/schema\/logo\/image\/\"},\"sameAs\":[\"https:\/\/www.facebook.com\/deveho\",\"https:\/\/x.com\/Deveho1\",\"https:\/\/www.linkedin.com\/company\/deveho-consulting\/\"]}]}<\/script>\n<!-- \/ Yoast SEO plugin. -->","yoast_head_json":{"title":"\u00dczleti Intelligencia - Deveho","robots":{"index":"index","follow":"follow","max-snippet":"max-snippet:-1","max-image-preview":"max-image-preview:large","max-video-preview":"max-video-preview:-1"},"canonical":"https:\/\/deveho.com\/hu\/szolgaltatasok\/uzleti-intelligencia\/","og_locale":"hu_HU","og_type":"article","og_title":"\u00dczleti Intelligencia - Deveho","og_description":"Az \u00fczleti intelligencia a felhaszn\u00e1lt adatok megb\u00edzhat\u00f3s\u00e1g\u00e1nak elv\u00e9n alapul. Feldolgoz\u00e1suk, valamint a munkav\u00e1llal\u00f3k \u00e1ltal olvashat\u00f3 jelent\u00e9sekben val\u00f3 megfogalmaz\u00e1sa lehet\u0151v\u00e9 teszi a megfelel\u0151 d\u00f6nt\u00e9sek megfelel\u0151 id\u0151ben t\u00f6rt\u00e9n\u0151 meghozatal\u00e1t.","og_url":"https:\/\/deveho.com\/hu\/szolgaltatasok\/uzleti-intelligencia\/","og_site_name":"Deveho","article_publisher":"https:\/\/www.facebook.com\/deveho","article_modified_time":"2022-10-27T09:50:33+00:00","twitter_card":"summary_large_image","twitter_site":"@Deveho1","twitter_misc":{"Becs\u00fclt olvas\u00e1si id\u0151":"2 perc"},"schema":{"@context":"https:\/\/schema.org","@graph":[{"@type":"WebPage","@id":"https:\/\/deveho.com\/hu\/szolgaltatasok\/uzleti-intelligencia\/","url":"https:\/\/deveho.com\/hu\/szolgaltatasok\/uzleti-intelligencia\/","name":"\u00dczleti Intelligencia - Deveho","isPartOf":{"@id":"https:\/\/deveho.com\/#website"},"datePublished":"2022-05-16T15:02:33+00:00","dateModified":"2022-10-27T09:50:33+00:00","breadcrumb":{"@id":"https:\/\/deveho.com\/hu\/szolgaltatasok\/uzleti-intelligencia\/#breadcrumb"},"inLanguage":"hu","potentialAction":[{"@type":"ReadAction","target":["https:\/\/deveho.com\/hu\/szolgaltatasok\/uzleti-intelligencia\/"]}]},{"@type":"BreadcrumbList","@id":"https:\/\/deveho.com\/hu\/szolgaltatasok\/uzleti-intelligencia\/#breadcrumb","itemListElement":[{"@type":"ListItem","position":1,"name":"Home","item":"https:\/\/deveho.com\/hu\/"},{"@type":"ListItem","position":2,"name":"Szolg\u00e1ltat\u00e1sok","item":"https:\/\/deveho.com\/hu\/szolgaltatasok\/"},{"@type":"ListItem","position":3,"name":"\u00dczleti Intelligencia"}]},{"@type":"WebSite","@id":"https:\/\/deveho.com\/#website","url":"https:\/\/deveho.com\/","name":"Deveho Consulting Group","description":"Let\u2019s boost your growth","publisher":{"@id":"https:\/\/deveho.com\/#organization"},"potentialAction":[{"@type":"SearchAction","target":{"@type":"EntryPoint","urlTemplate":"https:\/\/deveho.com\/?s={search_term_string}"},"query-input":{"@type":"PropertyValueSpecification","valueRequired":true,"valueName":"search_term_string"}}],"inLanguage":"hu"},{"@type":"Organization","@id":"https:\/\/deveho.com\/#organization","name":"Deveho Consulting Group","url":"https:\/\/deveho.com\/","logo":{"@type":"ImageObject","inLanguage":"hu","@id":"https:\/\/deveho.com\/#\/schema\/logo\/image\/","url":"https:\/\/deveho.com\/wp-content\/uploads\/2023\/02\/DEVEHO-LOGO-Baseline-COLOR.png","contentUrl":"https:\/\/deveho.com\/wp-content\/uploads\/2023\/02\/DEVEHO-LOGO-Baseline-COLOR.png","width":2251,"height":585,"caption":"Deveho Consulting Group"},"image":{"@id":"https:\/\/deveho.com\/#\/schema\/logo\/image\/"},"sameAs":["https:\/\/www.facebook.com\/deveho","https:\/\/x.com\/Deveho1","https:\/\/www.linkedin.com\/company\/deveho-consulting\/"]}]}},"_links":{"self":[{"href":"https:\/\/deveho.com\/hu\/wp-json\/wp\/v2\/pages\/10253"}],"collection":[{"href":"https:\/\/deveho.com\/hu\/wp-json\/wp\/v2\/pages"}],"about":[{"href":"https:\/\/deveho.com\/hu\/wp-json\/wp\/v2\/types\/page"}],"author":[{"embeddable":true,"href":"https:\/\/deveho.com\/hu\/wp-json\/wp\/v2\/users\/3"}],"replies":[{"embeddable":true,"href":"https:\/\/deveho.com\/hu\/wp-json\/wp\/v2\/comments?post=10253"}],"version-history":[{"count":0,"href":"https:\/\/deveho.com\/hu\/wp-json\/wp\/v2\/pages\/10253\/revisions"}],"up":[{"embeddable":true,"href":"https:\/\/deveho.com\/hu\/wp-json\/wp\/v2\/pages\/10339"}],"wp:attachment":[{"href":"https:\/\/deveho.com\/hu\/wp-json\/wp\/v2\/media?parent=10253"}],"curies":[{"name":"wp","href":"https:\/\/api.w.org\/{rel}","templated":true}]}}