{"id":10309,"date":"2022-05-24T15:03:38","date_gmt":"2022-05-24T15:03:38","guid":{"rendered":"https:\/\/deveho2.sfdbeta.be\/sage-frp-1000\/"},"modified":"2022-10-26T16:27:59","modified_gmt":"2022-10-26T14:27:59","slug":"sage-frp-1000","status":"publish","type":"page","link":"https:\/\/deveho.com\/hu\/termekek\/sage-frp-1000\/","title":{"rendered":"Sage FRP 1000"},"content":{"rendered":"<br \/>\n<h2>V\u00e1lassza ki az ig\u00e9nyeinek megfelel\u0151 p\u00e9nz\u00fcgyi menedzsment eszk\u00f6zt. <\/h2>\n<h3>Egyetlen megold\u00e1s a komplex kezel\u00e9shez<\/h3>\n<p><p>A CFO \u00f6sszes sz\u00fcks\u00e9glete egyetlen eszk\u00f6zben van csoportos\u00edtva: sz\u00e1mvitel, m\u0171k\u00f6d\u00e9si folyamat, k\u00f6lts\u00e9gvet\u00e9s-gazd\u00e1lkod\u00e1s stb. Ezenk\u00edv\u00fcl a Sage FRP 1000 modul\u00e1ris fel\u00e9p\u00edt\u00e9s\u0171, \u00d6n csak azt haszn\u00e1lja, amire sz\u00fcks\u00e9ge van, \u00e9s a megold\u00e1st v\u00e1llalkoz\u00e1sa ig\u00e9nyei szerint fejleszti.<\/p>\n<\/p>\n<h3>Alkalmazkodik t\u00f6bb v\u00e1llalat kezel\u00e9s\u00e9hez<\/h3>\n<p><p>Egyed\u00fcl\u00e1ll\u00f3 adatb\u00e1zis\u00e1nak k\u00f6sz\u00f6nhet\u0151en a Sage FRP 1000 lehet\u0151v\u00e9 teszi az adatok egyszer\u0171 \u00e9s gyors \u00f6sszes\u00edt\u00e9s\u00e9t, a repository harmoniz\u00e1l\u00e1s\u00e1t \u00e9s biztons\u00e1goss\u00e1 t\u00e9tel\u00e9t, valamint a nat\u00edv csoporton bel\u00fcli kezel\u00e9st.<\/p>\n<\/p>\n<h3>Nyitott technol\u00f3giai platform<\/h3>\n<p><p>\u00d6sszekapcsol\u00e1s minden t\u00edpus\u00fa alkalmaz\u00e1ssal, el\u00e9rhet\u0151 a felh\u0151ben vagy a helysz\u00ednen. A Sage FRP 1000 egy azonnali megold\u00e1s, amely gyorsan \u00fczembe helyezhet\u0151, \u00e9s t\u00f6k\u00e9letesen alkalmazkodik az \u00d6n v\u00e1llalkoz\u00e1s\u00e1hoz.<\/p>\n<\/p>\n<h3>Kezelje \u00fczleti m\u0171veleteit: a beszerz\u00e9st, az \u00e9rt\u00e9kes\u00edt\u00e9st \u00e9s a k\u00e9szleteket <\/h3>\n<p><p>A megold\u00e1s sz\u00e9les funkcion\u00e1lis lefedetts\u00e9ggel rendelkezik, amely minden \u00e1ltal\u00e1nos, elemz\u00e9si, k\u00f6lts\u00e9gvet\u00e9si \u00e9s kieg\u00e9sz\u00edt\u0151 sz\u00e1mviteli ig\u00e9nyt kiel\u00e9g\u00edt, a k\u00f6nyvel\u00e9si t\u00e9telek bevitel\u00e9t\u0151l a fizet\u00e9sek automatiz\u00e1lt kezel\u00e9s\u00e9ig.<\/p>\n<\/p>\n<h2>Sage FRP 1000<\/h2>\n<h3><\/h3>\n<h3>K\u00f6nyvel\u00e9s kezel\u00e9se<\/h3>\n<\/p>\n<h2>Sage FRP 1000 <\/h2>\n<h3><\/h3>\n<h3>P\u00e9nz\u00fcgyi folyamatok<\/h3>\n<\/p>\n<h2>Sage FRP 1000 <\/h2>\n<h3><\/h3>\n<h3>M\u0171l\u00f6d\u00e9si folyamatok<\/h3>\n<\/p>\n<h2>Kapcsol\u00f3d\u00f3 oldalak<\/h2>\n<h3><\/h3>\n<\/p>\n<h3><\/h3>\n<\/p>\n<h3><\/h3><\/p>\n","protected":false},"excerpt":{"rendered":"<p>A Sage FRP 1000 felh\u0151 egy integr\u00e1lt p\u00e9nz\u00fcgyi csomag, amely egy egy\u00fcttm\u0171k\u00f6d\u0151 \u00e9s produkt\u00edv platformon alapul a szem\u00e9lyre szabott megt\u00e9r\u00fcl\u00e9shez \u00e9s a szak\u00e9rt\u0151i funkcion\u00e1lis lefedetts\u00e9ghez. A Sage FRP 1000 seg\u00edts\u00e9g\u00e9vel olyan p\u00e9nz\u00fcgyi menedzsment megold\u00e1st \u00e9lvezhet, amely lehet\u0151v\u00e9 teszi a p\u00e9nz\u00fcgyi teljes\u00edtm\u00e9ny, a kapcsol\u00f3d\u00f3 k\u00f6lts\u00e9gek \u00e9s kock\u00e1zatok jobb ellen\u0151rz\u00e9s\u00e9t.<br \/>\nA Sage FRPO 1000 szoftver gazdag funkcion\u00e1lis lefedetts\u00e9ggel rendelkezik szak\u00e9rt\u0151i funkci\u00f3kkal a k\u00fcl\u00f6nf\u00e9le l\u00e9tes\u00edtm\u00e9nyek fejlett p\u00e9nz\u00fcgyi kezel\u00e9s\u00e9hez. <\/p>\n","protected":false},"author":8,"featured_media":0,"parent":10338,"menu_order":0,"comment_status":"closed","ping_status":"closed","template":"templates\/template-prod_serv.php","meta":{"_acf_changed":false,"footnotes":""},"class_list":["post-10309","page","type-page","status-publish","hentry"],"acf":[],"yoast_head":"<!-- This site is optimized with the Yoast SEO plugin v23.5 - https:\/\/yoast.com\/wordpress\/plugins\/seo\/ -->\n<title>Sage FRP 1000 - Deveho<\/title>\n<meta name=\"robots\" content=\"index, follow, max-snippet:-1, max-image-preview:large, max-video-preview:-1\" \/>\n<link rel=\"canonical\" href=\"https:\/\/deveho.com\/hu\/termekek\/sage-frp-1000\/\" \/>\n<meta property=\"og:locale\" content=\"hu_HU\" \/>\n<meta property=\"og:type\" content=\"article\" \/>\n<meta property=\"og:title\" content=\"Sage FRP 1000 - Deveho\" \/>\n<meta property=\"og:description\" content=\"A Sage FRP 1000 felh\u0151 egy integr\u00e1lt p\u00e9nz\u00fcgyi csomag, amely egy egy\u00fcttm\u0171k\u00f6d\u0151 \u00e9s produkt\u00edv platformon alapul a szem\u00e9lyre szabott megt\u00e9r\u00fcl\u00e9shez \u00e9s a szak\u00e9rt\u0151i funkcion\u00e1lis lefedetts\u00e9ghez. A Sage FRP 1000 seg\u00edts\u00e9g\u00e9vel olyan p\u00e9nz\u00fcgyi menedzsment megold\u00e1st \u00e9lvezhet, amely lehet\u0151v\u00e9 teszi a p\u00e9nz\u00fcgyi teljes\u00edtm\u00e9ny, a kapcsol\u00f3d\u00f3 k\u00f6lts\u00e9gek \u00e9s kock\u00e1zatok jobb ellen\u0151rz\u00e9s\u00e9t.  A Sage FRPO 1000 szoftver gazdag funkcion\u00e1lis lefedetts\u00e9ggel rendelkezik szak\u00e9rt\u0151i funkci\u00f3kkal a k\u00fcl\u00f6nf\u00e9le l\u00e9tes\u00edtm\u00e9nyek fejlett p\u00e9nz\u00fcgyi kezel\u00e9s\u00e9hez.\" \/>\n<meta property=\"og:url\" content=\"https:\/\/deveho.com\/hu\/termekek\/sage-frp-1000\/\" \/>\n<meta property=\"og:site_name\" content=\"Deveho\" \/>\n<meta property=\"article:publisher\" content=\"https:\/\/www.facebook.com\/deveho\" \/>\n<meta property=\"article:modified_time\" content=\"2022-10-26T14:27:59+00:00\" \/>\n<meta name=\"twitter:card\" content=\"summary_large_image\" \/>\n<meta name=\"twitter:site\" content=\"@Deveho1\" \/>\n<meta name=\"twitter:label1\" content=\"Becs\u00fclt olvas\u00e1si id\u0151\" \/>\n\t<meta name=\"twitter:data1\" content=\"1 perc\" \/>\n<script type=\"application\/ld+json\" class=\"yoast-schema-graph\">{\"@context\":\"https:\/\/schema.org\",\"@graph\":[{\"@type\":\"WebPage\",\"@id\":\"https:\/\/deveho.com\/hu\/termekek\/sage-frp-1000\/\",\"url\":\"https:\/\/deveho.com\/hu\/termekek\/sage-frp-1000\/\",\"name\":\"Sage FRP 1000 - Deveho\",\"isPartOf\":{\"@id\":\"https:\/\/deveho.com\/#website\"},\"datePublished\":\"2022-05-24T15:03:38+00:00\",\"dateModified\":\"2022-10-26T14:27:59+00:00\",\"breadcrumb\":{\"@id\":\"https:\/\/deveho.com\/hu\/termekek\/sage-frp-1000\/#breadcrumb\"},\"inLanguage\":\"hu\",\"potentialAction\":[{\"@type\":\"ReadAction\",\"target\":[\"https:\/\/deveho.com\/hu\/termekek\/sage-frp-1000\/\"]}]},{\"@type\":\"BreadcrumbList\",\"@id\":\"https:\/\/deveho.com\/hu\/termekek\/sage-frp-1000\/#breadcrumb\",\"itemListElement\":[{\"@type\":\"ListItem\",\"position\":1,\"name\":\"Home\",\"item\":\"https:\/\/deveho.com\/hu\/\"},{\"@type\":\"ListItem\",\"position\":2,\"name\":\"Term\u00e9kek\",\"item\":\"https:\/\/deveho.com\/hu\/termekek\/\"},{\"@type\":\"ListItem\",\"position\":3,\"name\":\"Sage FRP 1000\"}]},{\"@type\":\"WebSite\",\"@id\":\"https:\/\/deveho.com\/#website\",\"url\":\"https:\/\/deveho.com\/\",\"name\":\"Deveho Consulting Group\",\"description\":\"Let\u2019s boost your growth\",\"publisher\":{\"@id\":\"https:\/\/deveho.com\/#organization\"},\"potentialAction\":[{\"@type\":\"SearchAction\",\"target\":{\"@type\":\"EntryPoint\",\"urlTemplate\":\"https:\/\/deveho.com\/?s={search_term_string}\"},\"query-input\":{\"@type\":\"PropertyValueSpecification\",\"valueRequired\":true,\"valueName\":\"search_term_string\"}}],\"inLanguage\":\"hu\"},{\"@type\":\"Organization\",\"@id\":\"https:\/\/deveho.com\/#organization\",\"name\":\"Deveho Consulting Group\",\"url\":\"https:\/\/deveho.com\/\",\"logo\":{\"@type\":\"ImageObject\",\"inLanguage\":\"hu\",\"@id\":\"https:\/\/deveho.com\/#\/schema\/logo\/image\/\",\"url\":\"https:\/\/deveho.com\/wp-content\/uploads\/2023\/02\/DEVEHO-LOGO-Baseline-COLOR.png\",\"contentUrl\":\"https:\/\/deveho.com\/wp-content\/uploads\/2023\/02\/DEVEHO-LOGO-Baseline-COLOR.png\",\"width\":2251,\"height\":585,\"caption\":\"Deveho Consulting Group\"},\"image\":{\"@id\":\"https:\/\/deveho.com\/#\/schema\/logo\/image\/\"},\"sameAs\":[\"https:\/\/www.facebook.com\/deveho\",\"https:\/\/x.com\/Deveho1\",\"https:\/\/www.linkedin.com\/company\/deveho-consulting\/\"]}]}<\/script>\n<!-- \/ Yoast SEO plugin. -->","yoast_head_json":{"title":"Sage FRP 1000 - Deveho","robots":{"index":"index","follow":"follow","max-snippet":"max-snippet:-1","max-image-preview":"max-image-preview:large","max-video-preview":"max-video-preview:-1"},"canonical":"https:\/\/deveho.com\/hu\/termekek\/sage-frp-1000\/","og_locale":"hu_HU","og_type":"article","og_title":"Sage FRP 1000 - Deveho","og_description":"A Sage FRP 1000 felh\u0151 egy integr\u00e1lt p\u00e9nz\u00fcgyi csomag, amely egy egy\u00fcttm\u0171k\u00f6d\u0151 \u00e9s produkt\u00edv platformon alapul a szem\u00e9lyre szabott megt\u00e9r\u00fcl\u00e9shez \u00e9s a szak\u00e9rt\u0151i funkcion\u00e1lis lefedetts\u00e9ghez. A Sage FRP 1000 seg\u00edts\u00e9g\u00e9vel olyan p\u00e9nz\u00fcgyi menedzsment megold\u00e1st \u00e9lvezhet, amely lehet\u0151v\u00e9 teszi a p\u00e9nz\u00fcgyi teljes\u00edtm\u00e9ny, a kapcsol\u00f3d\u00f3 k\u00f6lts\u00e9gek \u00e9s kock\u00e1zatok jobb ellen\u0151rz\u00e9s\u00e9t.  A Sage FRPO 1000 szoftver gazdag funkcion\u00e1lis lefedetts\u00e9ggel rendelkezik szak\u00e9rt\u0151i funkci\u00f3kkal a k\u00fcl\u00f6nf\u00e9le l\u00e9tes\u00edtm\u00e9nyek fejlett p\u00e9nz\u00fcgyi kezel\u00e9s\u00e9hez.","og_url":"https:\/\/deveho.com\/hu\/termekek\/sage-frp-1000\/","og_site_name":"Deveho","article_publisher":"https:\/\/www.facebook.com\/deveho","article_modified_time":"2022-10-26T14:27:59+00:00","twitter_card":"summary_large_image","twitter_site":"@Deveho1","twitter_misc":{"Becs\u00fclt olvas\u00e1si id\u0151":"1 perc"},"schema":{"@context":"https:\/\/schema.org","@graph":[{"@type":"WebPage","@id":"https:\/\/deveho.com\/hu\/termekek\/sage-frp-1000\/","url":"https:\/\/deveho.com\/hu\/termekek\/sage-frp-1000\/","name":"Sage FRP 1000 - Deveho","isPartOf":{"@id":"https:\/\/deveho.com\/#website"},"datePublished":"2022-05-24T15:03:38+00:00","dateModified":"2022-10-26T14:27:59+00:00","breadcrumb":{"@id":"https:\/\/deveho.com\/hu\/termekek\/sage-frp-1000\/#breadcrumb"},"inLanguage":"hu","potentialAction":[{"@type":"ReadAction","target":["https:\/\/deveho.com\/hu\/termekek\/sage-frp-1000\/"]}]},{"@type":"BreadcrumbList","@id":"https:\/\/deveho.com\/hu\/termekek\/sage-frp-1000\/#breadcrumb","itemListElement":[{"@type":"ListItem","position":1,"name":"Home","item":"https:\/\/deveho.com\/hu\/"},{"@type":"ListItem","position":2,"name":"Term\u00e9kek","item":"https:\/\/deveho.com\/hu\/termekek\/"},{"@type":"ListItem","position":3,"name":"Sage FRP 1000"}]},{"@type":"WebSite","@id":"https:\/\/deveho.com\/#website","url":"https:\/\/deveho.com\/","name":"Deveho Consulting Group","description":"Let\u2019s boost your growth","publisher":{"@id":"https:\/\/deveho.com\/#organization"},"potentialAction":[{"@type":"SearchAction","target":{"@type":"EntryPoint","urlTemplate":"https:\/\/deveho.com\/?s={search_term_string}"},"query-input":{"@type":"PropertyValueSpecification","valueRequired":true,"valueName":"search_term_string"}}],"inLanguage":"hu"},{"@type":"Organization","@id":"https:\/\/deveho.com\/#organization","name":"Deveho Consulting Group","url":"https:\/\/deveho.com\/","logo":{"@type":"ImageObject","inLanguage":"hu","@id":"https:\/\/deveho.com\/#\/schema\/logo\/image\/","url":"https:\/\/deveho.com\/wp-content\/uploads\/2023\/02\/DEVEHO-LOGO-Baseline-COLOR.png","contentUrl":"https:\/\/deveho.com\/wp-content\/uploads\/2023\/02\/DEVEHO-LOGO-Baseline-COLOR.png","width":2251,"height":585,"caption":"Deveho Consulting Group"},"image":{"@id":"https:\/\/deveho.com\/#\/schema\/logo\/image\/"},"sameAs":["https:\/\/www.facebook.com\/deveho","https:\/\/x.com\/Deveho1","https:\/\/www.linkedin.com\/company\/deveho-consulting\/"]}]}},"_links":{"self":[{"href":"https:\/\/deveho.com\/hu\/wp-json\/wp\/v2\/pages\/10309"}],"collection":[{"href":"https:\/\/deveho.com\/hu\/wp-json\/wp\/v2\/pages"}],"about":[{"href":"https:\/\/deveho.com\/hu\/wp-json\/wp\/v2\/types\/page"}],"author":[{"embeddable":true,"href":"https:\/\/deveho.com\/hu\/wp-json\/wp\/v2\/users\/8"}],"replies":[{"embeddable":true,"href":"https:\/\/deveho.com\/hu\/wp-json\/wp\/v2\/comments?post=10309"}],"version-history":[{"count":0,"href":"https:\/\/deveho.com\/hu\/wp-json\/wp\/v2\/pages\/10309\/revisions"}],"up":[{"embeddable":true,"href":"https:\/\/deveho.com\/hu\/wp-json\/wp\/v2\/pages\/10338"}],"wp:attachment":[{"href":"https:\/\/deveho.com\/hu\/wp-json\/wp\/v2\/media?parent=10309"}],"curies":[{"name":"wp","href":"https:\/\/api.w.org\/{rel}","templated":true}]}}