{"id":10311,"date":"2022-05-26T08:32:35","date_gmt":"2022-05-26T08:32:35","guid":{"rendered":"https:\/\/deveho2.sfdbeta.be\/ovh\/"},"modified":"2022-12-05T15:03:50","modified_gmt":"2022-12-05T13:03:50","slug":"ovh","status":"publish","type":"page","link":"https:\/\/deveho.com\/hu\/szolgaltatasok\/cloud-es-tarhely\/ovh\/","title":{"rendered":"OVH"},"content":{"rendered":"<br \/>\n<h2>\u00c1ltal\u00e1nos inform\u00e1ci\u00f3k az OVH-r\u00f3l <\/h2>\n<\/p>\n<p><p>Az OVH felh\u0151 okosabb alternat\u00edv\u00e1t k\u00edn\u00e1l a webt\u00e1rhely, e-mailek, szerverek, hosztolt priv\u00e1t felh\u0151, hibrid \u00e9s nyilv\u00e1nos felh\u0151 megold\u00e1sok sz\u00e1m\u00e1ra. A csoport 30 adatk\u00f6zpontot kezel 12 telephelyen 4 kontinensen, saj\u00e1t szervereket gy\u00e1rtanak, saj\u00e1t adatk\u00f6zpontokat \u00e9p\u00edtenek, \u00e9s saj\u00e1t \u00fcvegsz\u00e1las glob\u00e1lis h\u00e1l\u00f3zatot telep\u00edtenek a maxim\u00e1lis hat\u00e9konys\u00e1g el\u00e9r\u00e9se \u00e9rdek\u00e9ben.<\/p>\n<\/p>\n<p><p>Az OVH felh\u0151 szellem\u00e9n kereszt\u00fcl, amely kih\u00edv\u00e1st jelent a fenn\u00e1l\u00f3 \u00e1llspot sz\u00e1m\u00e1ra, a v\u00e1llalat szabads\u00e1got, biztons\u00e1got \u00e9s innov\u00e1ci\u00f3t k\u00edn\u00e1l az adatokkal kapcsolatos kih\u00edv\u00e1sok megold\u00e1s\u00e1hoz \u2013 ma \u00e9s holnap. 20 \u00e9ves m\u00falttal \u00e9s szil\u00e1rd eur\u00f3pai alapokkal az OVH felh\u0151 elk\u00f6telezett a felel\u0151s technol\u00f3gi\u00e1k fejleszt\u00e9se mellett, mivel a csoport arra t\u00f6rekszik, hogy a k\u00f6vetkez\u0151 felh\u0151 evol\u00faci\u00f3 hajt\u00f3ereje legyen.<\/p>\n<\/p>\n<h2>Az OVH <red>el\u0151nyei<\/red>      <\/h2>\n<h3>SZOLG\u00c1LTAT\u00c1SOK<\/h3>\n<p><p>Az OVH IT-szolg\u00e1ltat\u00e1sok sz\u00e9les sk\u00e1l\u00e1j\u00e1t k\u00edn\u00e1lja a v\u00e1llalkoz\u00e1sok sz\u00e1m\u00e1ra: a webt\u00e1rhelyt\u0151l a virtu\u00e1lis adatk\u00f6zpontokig, dedik\u00e1lt szerverekig, t\u00e1rol\u00e1si megold\u00e1sokig, valamint xDSL- \u00e9s VoIP-kapcsolatokig minden szolg\u00e1ltat\u00e1s a folyamatos innov\u00e1ci\u00f3 el\u0151nyeit \u00e9lvezi, \u00e9s rendszeresen \u00faj funkci\u00f3kkal b\u0151v\u00fcl.<\/p>\n<\/p>\n<h3>EGY TULAJDONOS VIL\u00c1GSZER\u0170 H\u00c1L\u00d3ZAT<\/h3>\n<p><p>OVH\u2019s international reach is primarily based on its proprietary network, through which it delivers flawless quality of service. This ultra-secure network, with guaranteed bandwidth, offers a unique advantage in today\u2019s hosting market.<\/p>\n<\/p>\n<h3>LELKES \u00dcGYF\u00c9LSZOLG\u00c1LAT<\/h3>\n<p><p>At OVH, the phrase \u201calways at your service\u201d is the basis for a true commitment. From your very first conversation with the support team, you will be interacting with advanced users who will bring their technical expertise to bear in helping you to choose the right solution.<\/p>\n<\/p>\n<h3>KIAD\u00c1SAINAK OPTIMALIZ\u00c1L\u00c1SA<\/h3>\n<p><p>A legt\u00f6bb versenyt\u00e1rs csak mag\u00e1t a hosting szolg\u00e1ltat\u00e1st kezeli. A szerverek gy\u00e1rt\u00e1s\u00e1t ez\u00e9rt kiszervezik; az adatk\u00f6zpontokat harmadik f\u00e9lt\u0151l b\u00e9rlik, ak\u00e1rcsak a h\u00e1l\u00f3zatot, amelyet kulcsrak\u00e9sz alapon alv\u00e1llalkoz\u00f3k biztos\u00edtanak. K\u00f6vetkez\u00e9sk\u00e9ppen neh\u00e9z garant\u00e1lni a szolg\u00e1ltat\u00e1sok d\u00edjait, \u00e9s azokat versenyk\u00e9pes szinten tartani. Az OVH.com-n\u00e1l a k\u00f6lts\u00e9gszerkezetet a legteljesebb m\u00e9rt\u00e9kben racionaliz\u00e1lt\u00e1k.<\/p>\n<\/p>\n<h3>HAT\u00c1ROZOTTAN F\u00dcGGETLEN <\/h3>\n<p><p>Az OVH egy csal\u00e1di tulajdonban l\u00e9v\u0151, p\u00e9nz\u00fcgyileg f\u00fcggetlen v\u00e1llalat, amely \u00fagy d\u00f6nt\u00f6tt, hogy teljes nyeres\u00e9g\u00e9t a fejleszt\u00e9s\u00e9be fekteti vissza.<\/p>\n<\/p>\n<h2>Dedik\u00e1lt szerver: A felel\u0151ss\u00e9g megoszt\u00e1sa <\/h2>\n<h3>DEVEHO HAT\u00c1LY<\/h3>\n<p><p>Oper\u00e1ci\u00f3s rendszerek \u00e9s Sage X3 alkalmaz\u00e1sok megval\u00f3s\u00edt\u00e1sa, adminisztr\u00e1ci\u00f3ja \u00e9s karbantart\u00e1sa.<\/p>\n<p>Az OVH mag\u00e1nh\u00e1l\u00f3zati megold\u00e1s\u00e1n bel\u00fcl ki\u00e9p\u00edtett h\u00e1l\u00f3zati megold\u00e1sok tervez\u00e9se, megval\u00f3s\u00edt\u00e1sa, esetleges karbantart\u00e1sa.<\/p>\n<\/p>\n<h3>OVH HAT\u00c1LY<\/h3>\n<p><p>Szerverek \u00e9s adatk\u00f6zpontok gy\u00e1rt\u00e1sa, routing, sz\u00e1ll\u00edt\u00e1s, hardver karbantart\u00e1s.<\/p>\n<p>A nyilv\u00e1nos \u00e9s mag\u00e1nh\u00e1l\u00f3zati infrastrukt\u00fara architekt\u00far\u00e1ja, megval\u00f3s\u00edt\u00e1sa \u00e9s hardveres karbantart\u00e1sa<\/p>\n<\/p>\n<h3><red>DEVEHO felh\u0151 H\u00e1zigazda: OVH <\/red>      <\/h3>\n<\/p>\n<p>Dedik\u00e1lt infrastrukt\u00fara\n<\/p>\n<p>Szerverek sz\u00e9les v\u00e1laszt\u00e9ka k\u00fcl\u00f6nf\u00e9le felhaszn\u00e1l\u00e1sokhoz:<br \/>\nVirtualiz\u00e1ci\u00f3,<br \/>\nT\u00e1rol\u00e1s,<br \/>\nNagy adat,<br \/>\nAdminisztr\u00e1ci\u00f3 stb.\n<\/p>\n<p>Testreszabhat\u00f3 konfigur\u00e1ci\u00f3k: RAM \/ CPU \/ Lemez \/ Raid\n<\/p>\n<p>A leg\u00fajabb technol\u00f3giai fejleszt\u00e9sek\n<\/p>\n<p>Er\u0151forr\u00e1sok havonta\n<\/p>\n<p>T\u00f6bb telephelyes mag\u00e1nh\u00e1l\u00f3zat az OVH-t\u00f3l: vRack\n<\/p>\n<h2><\/h2>\n<h3>Kapcsol\u00f3d\u00f3 oldalak<\/h3>\n<\/p>\n<h3><\/h3>\n<\/p>\n<h3><\/h3><\/p>\n","protected":false},"excerpt":{"rendered":"<p>Az OVH glob\u00e1lis hipersk\u00e1l\u00e1j\u00fa felh\u0151szolg\u00e1ltat\u00f3 Eur\u00f3p\u00e1ban. Az OVH IT-szolg\u00e1ltat\u00e1sok sz\u00e9les sk\u00e1l\u00e1j\u00e1t k\u00edn\u00e1lja a v\u00e1llalkoz\u00e1sok sz\u00e1m\u00e1ra: a webt\u00e1rhelyt\u0151l a virtu\u00e1lis adatk\u00f6zpontokig, dedik\u00e1lt szerverekig, t\u00e1rol\u00e1si megold\u00e1sokig, valamint xDSL- \u00e9s VoIP-kapcsolatokig minden szolg\u00e1ltat\u00e1s a folyamatos innov\u00e1ci\u00f3 el\u0151nyeit \u00e9lvezi, \u00e9s rendszeresen \u00faj funkci\u00f3kkal b\u0151v\u00fcl.<\/p>\n","protected":false},"author":8,"featured_media":0,"parent":10336,"menu_order":0,"comment_status":"closed","ping_status":"closed","template":"templates\/template-prod_serv.php","meta":{"_acf_changed":false,"footnotes":""},"class_list":["post-10311","page","type-page","status-publish","hentry"],"acf":[],"yoast_head":"<!-- This site is optimized with the Yoast SEO plugin v23.5 - https:\/\/yoast.com\/wordpress\/plugins\/seo\/ -->\n<title>OVH - Deveho<\/title>\n<meta name=\"robots\" content=\"index, follow, max-snippet:-1, max-image-preview:large, max-video-preview:-1\" \/>\n<link rel=\"canonical\" href=\"https:\/\/deveho.com\/services\/cloud-hosting\/ovh-cloud\/\" \/>\n<meta property=\"og:locale\" content=\"hu_HU\" \/>\n<meta property=\"og:type\" content=\"article\" \/>\n<meta property=\"og:title\" content=\"OVH - Deveho\" \/>\n<meta property=\"og:description\" content=\"Az OVH glob\u00e1lis hipersk\u00e1l\u00e1j\u00fa felh\u0151szolg\u00e1ltat\u00f3 Eur\u00f3p\u00e1ban. Az OVH IT-szolg\u00e1ltat\u00e1sok sz\u00e9les sk\u00e1l\u00e1j\u00e1t k\u00edn\u00e1lja a v\u00e1llalkoz\u00e1sok sz\u00e1m\u00e1ra: a webt\u00e1rhelyt\u0151l a virtu\u00e1lis adatk\u00f6zpontokig, dedik\u00e1lt szerverekig, t\u00e1rol\u00e1si megold\u00e1sokig, valamint xDSL- \u00e9s VoIP-kapcsolatokig minden szolg\u00e1ltat\u00e1s a folyamatos innov\u00e1ci\u00f3 el\u0151nyeit \u00e9lvezi, \u00e9s rendszeresen \u00faj funkci\u00f3kkal b\u0151v\u00fcl.\" \/>\n<meta property=\"og:url\" content=\"https:\/\/deveho.com\/services\/cloud-hosting\/ovh-cloud\/\" \/>\n<meta property=\"og:site_name\" content=\"Deveho\" \/>\n<meta property=\"article:publisher\" content=\"https:\/\/www.facebook.com\/deveho\" \/>\n<meta property=\"article:modified_time\" content=\"2022-12-05T13:03:50+00:00\" \/>\n<meta name=\"twitter:card\" content=\"summary_large_image\" \/>\n<meta name=\"twitter:site\" content=\"@Deveho1\" \/>\n<meta name=\"twitter:label1\" content=\"Becs\u00fclt olvas\u00e1si id\u0151\" \/>\n\t<meta name=\"twitter:data1\" content=\"3 perc\" \/>\n<script type=\"application\/ld+json\" class=\"yoast-schema-graph\">{\"@context\":\"https:\/\/schema.org\",\"@graph\":[{\"@type\":\"WebPage\",\"@id\":\"https:\/\/deveho.com\/services\/cloud-hosting\/ovh-cloud\/\",\"url\":\"https:\/\/deveho.com\/services\/cloud-hosting\/ovh-cloud\/\",\"name\":\"OVH - Deveho\",\"isPartOf\":{\"@id\":\"https:\/\/deveho.com\/#website\"},\"datePublished\":\"2022-05-26T08:32:35+00:00\",\"dateModified\":\"2022-12-05T13:03:50+00:00\",\"breadcrumb\":{\"@id\":\"https:\/\/deveho.com\/services\/cloud-hosting\/ovh-cloud\/#breadcrumb\"},\"inLanguage\":\"hu\",\"potentialAction\":[{\"@type\":\"ReadAction\",\"target\":[\"https:\/\/deveho.com\/services\/cloud-hosting\/ovh-cloud\/\"]}]},{\"@type\":\"BreadcrumbList\",\"@id\":\"https:\/\/deveho.com\/services\/cloud-hosting\/ovh-cloud\/#breadcrumb\",\"itemListElement\":[{\"@type\":\"ListItem\",\"position\":1,\"name\":\"Home\",\"item\":\"https:\/\/deveho.com\/hu\/\"},{\"@type\":\"ListItem\",\"position\":2,\"name\":\"Szolg\u00e1ltat\u00e1sok\",\"item\":\"https:\/\/deveho.com\/hu\/szolgaltatasok\/\"},{\"@type\":\"ListItem\",\"position\":3,\"name\":\"Cloud \u00e9s T\u00e1rhely\",\"item\":\"https:\/\/deveho.com\/hu\/szolgaltatasok\/cloud-es-tarhely\/\"},{\"@type\":\"ListItem\",\"position\":4,\"name\":\"OVH\"}]},{\"@type\":\"WebSite\",\"@id\":\"https:\/\/deveho.com\/#website\",\"url\":\"https:\/\/deveho.com\/\",\"name\":\"Deveho Consulting Group\",\"description\":\"Let\u2019s boost your growth\",\"publisher\":{\"@id\":\"https:\/\/deveho.com\/#organization\"},\"potentialAction\":[{\"@type\":\"SearchAction\",\"target\":{\"@type\":\"EntryPoint\",\"urlTemplate\":\"https:\/\/deveho.com\/?s={search_term_string}\"},\"query-input\":{\"@type\":\"PropertyValueSpecification\",\"valueRequired\":true,\"valueName\":\"search_term_string\"}}],\"inLanguage\":\"hu\"},{\"@type\":\"Organization\",\"@id\":\"https:\/\/deveho.com\/#organization\",\"name\":\"Deveho Consulting Group\",\"url\":\"https:\/\/deveho.com\/\",\"logo\":{\"@type\":\"ImageObject\",\"inLanguage\":\"hu\",\"@id\":\"https:\/\/deveho.com\/#\/schema\/logo\/image\/\",\"url\":\"https:\/\/deveho.com\/wp-content\/uploads\/2023\/02\/DEVEHO-LOGO-Baseline-COLOR.png\",\"contentUrl\":\"https:\/\/deveho.com\/wp-content\/uploads\/2023\/02\/DEVEHO-LOGO-Baseline-COLOR.png\",\"width\":2251,\"height\":585,\"caption\":\"Deveho Consulting Group\"},\"image\":{\"@id\":\"https:\/\/deveho.com\/#\/schema\/logo\/image\/\"},\"sameAs\":[\"https:\/\/www.facebook.com\/deveho\",\"https:\/\/x.com\/Deveho1\",\"https:\/\/www.linkedin.com\/company\/deveho-consulting\/\"]}]}<\/script>\n<!-- \/ Yoast SEO plugin. -->","yoast_head_json":{"title":"OVH - Deveho","robots":{"index":"index","follow":"follow","max-snippet":"max-snippet:-1","max-image-preview":"max-image-preview:large","max-video-preview":"max-video-preview:-1"},"canonical":"https:\/\/deveho.com\/services\/cloud-hosting\/ovh-cloud\/","og_locale":"hu_HU","og_type":"article","og_title":"OVH - Deveho","og_description":"Az OVH glob\u00e1lis hipersk\u00e1l\u00e1j\u00fa felh\u0151szolg\u00e1ltat\u00f3 Eur\u00f3p\u00e1ban. Az OVH IT-szolg\u00e1ltat\u00e1sok sz\u00e9les sk\u00e1l\u00e1j\u00e1t k\u00edn\u00e1lja a v\u00e1llalkoz\u00e1sok sz\u00e1m\u00e1ra: a webt\u00e1rhelyt\u0151l a virtu\u00e1lis adatk\u00f6zpontokig, dedik\u00e1lt szerverekig, t\u00e1rol\u00e1si megold\u00e1sokig, valamint xDSL- \u00e9s VoIP-kapcsolatokig minden szolg\u00e1ltat\u00e1s a folyamatos innov\u00e1ci\u00f3 el\u0151nyeit \u00e9lvezi, \u00e9s rendszeresen \u00faj funkci\u00f3kkal b\u0151v\u00fcl.","og_url":"https:\/\/deveho.com\/services\/cloud-hosting\/ovh-cloud\/","og_site_name":"Deveho","article_publisher":"https:\/\/www.facebook.com\/deveho","article_modified_time":"2022-12-05T13:03:50+00:00","twitter_card":"summary_large_image","twitter_site":"@Deveho1","twitter_misc":{"Becs\u00fclt olvas\u00e1si id\u0151":"3 perc"},"schema":{"@context":"https:\/\/schema.org","@graph":[{"@type":"WebPage","@id":"https:\/\/deveho.com\/services\/cloud-hosting\/ovh-cloud\/","url":"https:\/\/deveho.com\/services\/cloud-hosting\/ovh-cloud\/","name":"OVH - Deveho","isPartOf":{"@id":"https:\/\/deveho.com\/#website"},"datePublished":"2022-05-26T08:32:35+00:00","dateModified":"2022-12-05T13:03:50+00:00","breadcrumb":{"@id":"https:\/\/deveho.com\/services\/cloud-hosting\/ovh-cloud\/#breadcrumb"},"inLanguage":"hu","potentialAction":[{"@type":"ReadAction","target":["https:\/\/deveho.com\/services\/cloud-hosting\/ovh-cloud\/"]}]},{"@type":"BreadcrumbList","@id":"https:\/\/deveho.com\/services\/cloud-hosting\/ovh-cloud\/#breadcrumb","itemListElement":[{"@type":"ListItem","position":1,"name":"Home","item":"https:\/\/deveho.com\/hu\/"},{"@type":"ListItem","position":2,"name":"Szolg\u00e1ltat\u00e1sok","item":"https:\/\/deveho.com\/hu\/szolgaltatasok\/"},{"@type":"ListItem","position":3,"name":"Cloud \u00e9s T\u00e1rhely","item":"https:\/\/deveho.com\/hu\/szolgaltatasok\/cloud-es-tarhely\/"},{"@type":"ListItem","position":4,"name":"OVH"}]},{"@type":"WebSite","@id":"https:\/\/deveho.com\/#website","url":"https:\/\/deveho.com\/","name":"Deveho Consulting Group","description":"Let\u2019s boost your growth","publisher":{"@id":"https:\/\/deveho.com\/#organization"},"potentialAction":[{"@type":"SearchAction","target":{"@type":"EntryPoint","urlTemplate":"https:\/\/deveho.com\/?s={search_term_string}"},"query-input":{"@type":"PropertyValueSpecification","valueRequired":true,"valueName":"search_term_string"}}],"inLanguage":"hu"},{"@type":"Organization","@id":"https:\/\/deveho.com\/#organization","name":"Deveho Consulting Group","url":"https:\/\/deveho.com\/","logo":{"@type":"ImageObject","inLanguage":"hu","@id":"https:\/\/deveho.com\/#\/schema\/logo\/image\/","url":"https:\/\/deveho.com\/wp-content\/uploads\/2023\/02\/DEVEHO-LOGO-Baseline-COLOR.png","contentUrl":"https:\/\/deveho.com\/wp-content\/uploads\/2023\/02\/DEVEHO-LOGO-Baseline-COLOR.png","width":2251,"height":585,"caption":"Deveho Consulting Group"},"image":{"@id":"https:\/\/deveho.com\/#\/schema\/logo\/image\/"},"sameAs":["https:\/\/www.facebook.com\/deveho","https:\/\/x.com\/Deveho1","https:\/\/www.linkedin.com\/company\/deveho-consulting\/"]}]}},"_links":{"self":[{"href":"https:\/\/deveho.com\/hu\/wp-json\/wp\/v2\/pages\/10311"}],"collection":[{"href":"https:\/\/deveho.com\/hu\/wp-json\/wp\/v2\/pages"}],"about":[{"href":"https:\/\/deveho.com\/hu\/wp-json\/wp\/v2\/types\/page"}],"author":[{"embeddable":true,"href":"https:\/\/deveho.com\/hu\/wp-json\/wp\/v2\/users\/8"}],"replies":[{"embeddable":true,"href":"https:\/\/deveho.com\/hu\/wp-json\/wp\/v2\/comments?post=10311"}],"version-history":[{"count":0,"href":"https:\/\/deveho.com\/hu\/wp-json\/wp\/v2\/pages\/10311\/revisions"}],"up":[{"embeddable":true,"href":"https:\/\/deveho.com\/hu\/wp-json\/wp\/v2\/pages\/10336"}],"wp:attachment":[{"href":"https:\/\/deveho.com\/hu\/wp-json\/wp\/v2\/media?parent=10311"}],"curies":[{"name":"wp","href":"https:\/\/api.w.org\/{rel}","templated":true}]}}