{"id":10326,"date":"2022-05-26T11:12:04","date_gmt":"2022-05-26T11:12:04","guid":{"rendered":"https:\/\/deveho2.sfdbeta.be\/sage-x3-megvalositasi-szolgaltatasok\/"},"modified":"2022-10-27T10:42:56","modified_gmt":"2022-10-27T08:42:56","slug":"sage-x3-megvalositasi-szolgaltatasok","status":"publish","type":"page","link":"https:\/\/deveho.com\/hu\/szolgaltatasok\/sage-x3-megvalositasi-szolgaltatasok\/","title":{"rendered":"Sage X3 megval\u00f3s\u00edt\u00e1si szolg\u00e1ltat\u00e1sok"},"content":{"rendered":"<br \/>\n<h2><\/h2>\n<h3><b>Deveho Implementation tapasztalat <\/b><\/h3>\n<h3><\/h3>\n<p><p>Egy ERP szoftver bevezet\u00e9s\u00e9nek sz\u00e1mos el\u0151nye van. Jav\u00edthatja az \u00fczleti teljes\u00edtm\u00e9nyt, az adatok integrit\u00e1s\u00e1t, a szervezeti megfelel\u0151s\u00e9get \u00e9s a projektek, csapatok \u00e9s irod\u00e1k k\u00f6z\u00f6tti interakci\u00f3t.<\/p>\n<p>Csapatunk kiterjedt t\u00f6bb jogi, t\u00f6bb fisk\u00e1lis \u00e9s t\u00f6bbnyelv\u0171 k\u00e9pess\u00e9ggel rendelkezik, \u00e9s \u00e1tfog\u00f3 tapasztalattal rendelkezik a nemzetk\u00f6zi projektek v\u00e9grehajt\u00e1s\u00e1ban \u00e9s megval\u00f3s\u00edt\u00e1s\u00e1ban.<\/p>\n<p>A Sage X3 ter\u00fclet\u00e9n szerzett t\u00f6bb mint 15 \u00e9ves tapasztalatunknak k\u00f6sz\u00f6nhet\u0151en f\u00f3kuszter\u00fcleteink a megval\u00f3s\u00edt\u00e1s minden aspektus\u00e1t lefedik.<\/p>\n<\/p>\n<h2><\/h2>\n<h3>Sage X3 Megval\u00f3s\u00edt\u00e1s<\/h3>\n<h3>A becs\u00fclt \u00e1tfut\u00e1si id\u0151n bel\u00fcli sikeres megval\u00f3s\u00edt\u00e1s \u00e9rdek\u00e9ben m\u00f3dszertanunk a k\u00f6vetkez\u0151 elveken alapul:<\/h3>\n<\/p>\n<h2><\/h2>\n<h3>Kapcsol\u00f3d\u00f3 Oldalak<\/h3>\n<\/p>\n<h3><\/h3>\n<\/p>\n<h3><\/h3><\/p>\n","protected":false},"excerpt":{"rendered":"<p>A DEVEHO Consulting Group a legmagasabb szint\u0171 strat\u00e9giai Sage megval\u00f3s\u00edt\u00e1st k\u00edn\u00e1lja, mik\u00f6zben leegyszer\u0171s\u00edti az \u00fczleti folyamatokat, \u00e9s biztos\u00edtja az alkalmaz\u00e1sok z\u00f6kken\u0151mentes integr\u00e1l\u00e1s\u00e1t, hogy egyetlen megold\u00e1st hozzanak l\u00e9tre.<\/p>\n","protected":false},"author":3,"featured_media":0,"parent":10339,"menu_order":0,"comment_status":"closed","ping_status":"closed","template":"templates\/template-prod_serv.php","meta":{"_acf_changed":false,"footnotes":""},"class_list":["post-10326","page","type-page","status-publish","hentry"],"acf":[],"yoast_head":"<!-- This site is optimized with the Yoast SEO plugin v23.5 - https:\/\/yoast.com\/wordpress\/plugins\/seo\/ -->\n<title>Sage X3 megval\u00f3s\u00edt\u00e1si szolg\u00e1ltat\u00e1sok - Deveho<\/title>\n<meta name=\"robots\" content=\"index, follow, max-snippet:-1, max-image-preview:large, max-video-preview:-1\" \/>\n<link rel=\"canonical\" href=\"https:\/\/deveho.com\/hu\/szolgaltatasok\/sage-x3-megvalositasi-szolgaltatasok\/\" \/>\n<meta property=\"og:locale\" content=\"hu_HU\" \/>\n<meta property=\"og:type\" content=\"article\" \/>\n<meta property=\"og:title\" content=\"Sage X3 megval\u00f3s\u00edt\u00e1si szolg\u00e1ltat\u00e1sok - Deveho\" \/>\n<meta property=\"og:description\" content=\"A DEVEHO Consulting Group a legmagasabb szint\u0171 strat\u00e9giai Sage megval\u00f3s\u00edt\u00e1st k\u00edn\u00e1lja, mik\u00f6zben leegyszer\u0171s\u00edti az \u00fczleti folyamatokat, \u00e9s biztos\u00edtja az alkalmaz\u00e1sok z\u00f6kken\u0151mentes integr\u00e1l\u00e1s\u00e1t, hogy egyetlen megold\u00e1st hozzanak l\u00e9tre.\" \/>\n<meta property=\"og:url\" content=\"https:\/\/deveho.com\/hu\/szolgaltatasok\/sage-x3-megvalositasi-szolgaltatasok\/\" \/>\n<meta property=\"og:site_name\" content=\"Deveho\" \/>\n<meta property=\"article:publisher\" content=\"https:\/\/www.facebook.com\/deveho\" \/>\n<meta property=\"article:modified_time\" content=\"2022-10-27T08:42:56+00:00\" \/>\n<meta name=\"twitter:card\" content=\"summary_large_image\" \/>\n<meta name=\"twitter:site\" content=\"@Deveho1\" \/>\n<meta name=\"twitter:label1\" content=\"Becs\u00fclt olvas\u00e1si id\u0151\" \/>\n\t<meta name=\"twitter:data1\" content=\"1 perc\" \/>\n<script type=\"application\/ld+json\" class=\"yoast-schema-graph\">{\"@context\":\"https:\/\/schema.org\",\"@graph\":[{\"@type\":\"WebPage\",\"@id\":\"https:\/\/deveho.com\/hu\/szolgaltatasok\/sage-x3-megvalositasi-szolgaltatasok\/\",\"url\":\"https:\/\/deveho.com\/hu\/szolgaltatasok\/sage-x3-megvalositasi-szolgaltatasok\/\",\"name\":\"Sage X3 megval\u00f3s\u00edt\u00e1si szolg\u00e1ltat\u00e1sok - Deveho\",\"isPartOf\":{\"@id\":\"https:\/\/deveho.com\/#website\"},\"datePublished\":\"2022-05-26T11:12:04+00:00\",\"dateModified\":\"2022-10-27T08:42:56+00:00\",\"breadcrumb\":{\"@id\":\"https:\/\/deveho.com\/hu\/szolgaltatasok\/sage-x3-megvalositasi-szolgaltatasok\/#breadcrumb\"},\"inLanguage\":\"hu\",\"potentialAction\":[{\"@type\":\"ReadAction\",\"target\":[\"https:\/\/deveho.com\/hu\/szolgaltatasok\/sage-x3-megvalositasi-szolgaltatasok\/\"]}]},{\"@type\":\"BreadcrumbList\",\"@id\":\"https:\/\/deveho.com\/hu\/szolgaltatasok\/sage-x3-megvalositasi-szolgaltatasok\/#breadcrumb\",\"itemListElement\":[{\"@type\":\"ListItem\",\"position\":1,\"name\":\"Home\",\"item\":\"https:\/\/deveho.com\/hu\/\"},{\"@type\":\"ListItem\",\"position\":2,\"name\":\"Szolg\u00e1ltat\u00e1sok\",\"item\":\"https:\/\/deveho.com\/hu\/szolgaltatasok\/\"},{\"@type\":\"ListItem\",\"position\":3,\"name\":\"Sage X3 megval\u00f3s\u00edt\u00e1si szolg\u00e1ltat\u00e1sok\"}]},{\"@type\":\"WebSite\",\"@id\":\"https:\/\/deveho.com\/#website\",\"url\":\"https:\/\/deveho.com\/\",\"name\":\"Deveho Consulting Group\",\"description\":\"Let\u2019s boost your growth\",\"publisher\":{\"@id\":\"https:\/\/deveho.com\/#organization\"},\"potentialAction\":[{\"@type\":\"SearchAction\",\"target\":{\"@type\":\"EntryPoint\",\"urlTemplate\":\"https:\/\/deveho.com\/?s={search_term_string}\"},\"query-input\":{\"@type\":\"PropertyValueSpecification\",\"valueRequired\":true,\"valueName\":\"search_term_string\"}}],\"inLanguage\":\"hu\"},{\"@type\":\"Organization\",\"@id\":\"https:\/\/deveho.com\/#organization\",\"name\":\"Deveho Consulting Group\",\"url\":\"https:\/\/deveho.com\/\",\"logo\":{\"@type\":\"ImageObject\",\"inLanguage\":\"hu\",\"@id\":\"https:\/\/deveho.com\/#\/schema\/logo\/image\/\",\"url\":\"https:\/\/deveho.com\/wp-content\/uploads\/2023\/02\/DEVEHO-LOGO-Baseline-COLOR.png\",\"contentUrl\":\"https:\/\/deveho.com\/wp-content\/uploads\/2023\/02\/DEVEHO-LOGO-Baseline-COLOR.png\",\"width\":2251,\"height\":585,\"caption\":\"Deveho Consulting Group\"},\"image\":{\"@id\":\"https:\/\/deveho.com\/#\/schema\/logo\/image\/\"},\"sameAs\":[\"https:\/\/www.facebook.com\/deveho\",\"https:\/\/x.com\/Deveho1\",\"https:\/\/www.linkedin.com\/company\/deveho-consulting\/\"]}]}<\/script>\n<!-- \/ Yoast SEO plugin. -->","yoast_head_json":{"title":"Sage X3 megval\u00f3s\u00edt\u00e1si szolg\u00e1ltat\u00e1sok - Deveho","robots":{"index":"index","follow":"follow","max-snippet":"max-snippet:-1","max-image-preview":"max-image-preview:large","max-video-preview":"max-video-preview:-1"},"canonical":"https:\/\/deveho.com\/hu\/szolgaltatasok\/sage-x3-megvalositasi-szolgaltatasok\/","og_locale":"hu_HU","og_type":"article","og_title":"Sage X3 megval\u00f3s\u00edt\u00e1si szolg\u00e1ltat\u00e1sok - Deveho","og_description":"A DEVEHO Consulting Group a legmagasabb szint\u0171 strat\u00e9giai Sage megval\u00f3s\u00edt\u00e1st k\u00edn\u00e1lja, mik\u00f6zben leegyszer\u0171s\u00edti az \u00fczleti folyamatokat, \u00e9s biztos\u00edtja az alkalmaz\u00e1sok z\u00f6kken\u0151mentes integr\u00e1l\u00e1s\u00e1t, hogy egyetlen megold\u00e1st hozzanak l\u00e9tre.","og_url":"https:\/\/deveho.com\/hu\/szolgaltatasok\/sage-x3-megvalositasi-szolgaltatasok\/","og_site_name":"Deveho","article_publisher":"https:\/\/www.facebook.com\/deveho","article_modified_time":"2022-10-27T08:42:56+00:00","twitter_card":"summary_large_image","twitter_site":"@Deveho1","twitter_misc":{"Becs\u00fclt olvas\u00e1si id\u0151":"1 perc"},"schema":{"@context":"https:\/\/schema.org","@graph":[{"@type":"WebPage","@id":"https:\/\/deveho.com\/hu\/szolgaltatasok\/sage-x3-megvalositasi-szolgaltatasok\/","url":"https:\/\/deveho.com\/hu\/szolgaltatasok\/sage-x3-megvalositasi-szolgaltatasok\/","name":"Sage X3 megval\u00f3s\u00edt\u00e1si szolg\u00e1ltat\u00e1sok - Deveho","isPartOf":{"@id":"https:\/\/deveho.com\/#website"},"datePublished":"2022-05-26T11:12:04+00:00","dateModified":"2022-10-27T08:42:56+00:00","breadcrumb":{"@id":"https:\/\/deveho.com\/hu\/szolgaltatasok\/sage-x3-megvalositasi-szolgaltatasok\/#breadcrumb"},"inLanguage":"hu","potentialAction":[{"@type":"ReadAction","target":["https:\/\/deveho.com\/hu\/szolgaltatasok\/sage-x3-megvalositasi-szolgaltatasok\/"]}]},{"@type":"BreadcrumbList","@id":"https:\/\/deveho.com\/hu\/szolgaltatasok\/sage-x3-megvalositasi-szolgaltatasok\/#breadcrumb","itemListElement":[{"@type":"ListItem","position":1,"name":"Home","item":"https:\/\/deveho.com\/hu\/"},{"@type":"ListItem","position":2,"name":"Szolg\u00e1ltat\u00e1sok","item":"https:\/\/deveho.com\/hu\/szolgaltatasok\/"},{"@type":"ListItem","position":3,"name":"Sage X3 megval\u00f3s\u00edt\u00e1si szolg\u00e1ltat\u00e1sok"}]},{"@type":"WebSite","@id":"https:\/\/deveho.com\/#website","url":"https:\/\/deveho.com\/","name":"Deveho Consulting Group","description":"Let\u2019s boost your growth","publisher":{"@id":"https:\/\/deveho.com\/#organization"},"potentialAction":[{"@type":"SearchAction","target":{"@type":"EntryPoint","urlTemplate":"https:\/\/deveho.com\/?s={search_term_string}"},"query-input":{"@type":"PropertyValueSpecification","valueRequired":true,"valueName":"search_term_string"}}],"inLanguage":"hu"},{"@type":"Organization","@id":"https:\/\/deveho.com\/#organization","name":"Deveho Consulting Group","url":"https:\/\/deveho.com\/","logo":{"@type":"ImageObject","inLanguage":"hu","@id":"https:\/\/deveho.com\/#\/schema\/logo\/image\/","url":"https:\/\/deveho.com\/wp-content\/uploads\/2023\/02\/DEVEHO-LOGO-Baseline-COLOR.png","contentUrl":"https:\/\/deveho.com\/wp-content\/uploads\/2023\/02\/DEVEHO-LOGO-Baseline-COLOR.png","width":2251,"height":585,"caption":"Deveho Consulting Group"},"image":{"@id":"https:\/\/deveho.com\/#\/schema\/logo\/image\/"},"sameAs":["https:\/\/www.facebook.com\/deveho","https:\/\/x.com\/Deveho1","https:\/\/www.linkedin.com\/company\/deveho-consulting\/"]}]}},"_links":{"self":[{"href":"https:\/\/deveho.com\/hu\/wp-json\/wp\/v2\/pages\/10326"}],"collection":[{"href":"https:\/\/deveho.com\/hu\/wp-json\/wp\/v2\/pages"}],"about":[{"href":"https:\/\/deveho.com\/hu\/wp-json\/wp\/v2\/types\/page"}],"author":[{"embeddable":true,"href":"https:\/\/deveho.com\/hu\/wp-json\/wp\/v2\/users\/3"}],"replies":[{"embeddable":true,"href":"https:\/\/deveho.com\/hu\/wp-json\/wp\/v2\/comments?post=10326"}],"version-history":[{"count":0,"href":"https:\/\/deveho.com\/hu\/wp-json\/wp\/v2\/pages\/10326\/revisions"}],"up":[{"embeddable":true,"href":"https:\/\/deveho.com\/hu\/wp-json\/wp\/v2\/pages\/10339"}],"wp:attachment":[{"href":"https:\/\/deveho.com\/hu\/wp-json\/wp\/v2\/media?parent=10326"}],"curies":[{"name":"wp","href":"https:\/\/api.w.org\/{rel}","templated":true}]}}