{"id":10328,"date":"2022-05-26T12:38:53","date_gmt":"2022-05-26T12:38:53","guid":{"rendered":"https:\/\/deveho2.sfdbeta.be\/a-sage-megoldas-tamogatasa\/"},"modified":"2022-10-27T11:12:46","modified_gmt":"2022-10-27T09:12:46","slug":"a-sage-megoldas-tamogatasa","status":"publish","type":"page","link":"https:\/\/deveho.com\/hu\/szolgaltatasok\/a-sage-megoldas-tamogatasa\/","title":{"rendered":"A Sage megold\u00e1s t\u00e1mogat\u00e1sa"},"content":{"rendered":"<br \/>\n<h3>K\u00f6rnyezeti szolg\u00e1ltat\u00e1s \u00e9s menedzsment<\/h3>\n<\/p>\n<p>Az OVH-val \u00e9s az AWS-szel \u00e1polt szoros egy\u00fcttm\u0171k\u00f6d\u00e9s\u00fcnknek megfelel\u0151en tudjuk biztos\u00edtani \u00e9s kezelni az \u00fcgyf\u00e9l Sage X3 m\u0171szaki k\u00f6rnyezet\u00e9t, garant\u00e1lva a legjobb teljes\u00edtm\u00e9nyt \u00e9s biztons\u00e1gi szabv\u00e1nyokat.<\/p>\n<h3>Friss\u00edt\u00e9sek<\/h3>\n<\/p>\n<p>Karbantart\u00e1si szolg\u00e1ltat\u00e1saink r\u00e9szek\u00e9nt lehet\u0151s\u00e9g\u00fcnk van a Sage X3 komponensek friss\u00edt\u00e9s\u00e9re, hogy a legt\u00f6bbet hozhassuk ki a szoftver fejleszt\u00e9seib\u0151l.<\/p>\n<h3>T\u00e1mogat\u00e1s<\/h3>\n<\/p>\n<p>Szak\u00e9rtelm\u00fcnkre alapozva t\u00e1mogat\u00e1st \u00e9s seg\u00edts\u00e9get ny\u00fajtunk, ha a Sage X3 \u00e9letben van: m\u0171k\u00f6d\u00e9si t\u00e1mogat\u00e1s, \u00fczemeltet\u00e9si probl\u00e9m\u00e1k, b\u0151v\u00edt\u00e9si k\u00e9r\u00e9sek, k\u00e9pz\u00e9s.<\/p>\n<p>Kiv\u00e1l\u00f3 min\u0151s\u00e9g\u0171 t\u00e1mogat\u00e1si \u00e9s alkalmaz\u00e1s-karbantart\u00e1si kiszervez\u00e9s (AMO)<\/p>\n<p>Az AMO-nak szentelt csapat a Sage X3-on<\/p>\n<p>A Sage X3-nak szentelt technikai csapat<\/p>\n<h2><\/h2>\n<h3>Kapcsol\u00f3d\u00f3 Oldalak<\/h3>\n<\/p>\n<h3><\/h3>\n<\/p>\n<h3><\/h3><\/p>\n","protected":false},"excerpt":{"rendered":"<p>A Deveho egy tapasztalt funkcion\u00e1lis \u00e9s m\u0171szaki tan\u00e1csad\u00f3 csapattal rendelkezik, akik nagy tapasztalattal rendelkeznek a Sage X3 ter\u00fclet\u00e9n, \u00e9s t\u00e1mogat\u00e1st ny\u00fajtanak az \u00f6sszes szoftvercsomagunkban \u00e9s modulunkban (p\u00e9nz\u00fcgy, forgalmaz\u00e1s, termel\u00e9sir\u00e1ny\u00edt\u00e1s, t\u00e1rgyi eszk\u00f6z\u00f6k, HR b\u00e9rsz\u00e1mfejt\u00e9s, jelent\u00e9sk\u00e9sz\u00edt\u00e9s, fejleszt\u00e9s stb.).<br \/>\nMin\u0151s\u00e9gi szolg\u00e1ltat\u00e1sokat \u00e9s t\u00e1mogat\u00e1st ny\u00fajtunk k\u00f6lts\u00e9gkereten \u00e9s id\u0151ben, minden alkalommal! <\/p>\n","protected":false},"author":3,"featured_media":0,"parent":10339,"menu_order":0,"comment_status":"closed","ping_status":"closed","template":"templates\/template-prod_serv.php","meta":{"_acf_changed":false,"footnotes":""},"class_list":["post-10328","page","type-page","status-publish","hentry"],"acf":[],"yoast_head":"<!-- This site is optimized with the Yoast SEO plugin v23.5 - https:\/\/yoast.com\/wordpress\/plugins\/seo\/ -->\n<title>A Sage megold\u00e1s t\u00e1mogat\u00e1sa - Deveho<\/title>\n<meta name=\"robots\" content=\"index, follow, max-snippet:-1, max-image-preview:large, max-video-preview:-1\" \/>\n<link rel=\"canonical\" href=\"https:\/\/deveho.com\/hu\/szolgaltatasok\/a-sage-megoldas-tamogatasa\/\" \/>\n<meta property=\"og:locale\" content=\"hu_HU\" \/>\n<meta property=\"og:type\" content=\"article\" \/>\n<meta property=\"og:title\" content=\"A Sage megold\u00e1s t\u00e1mogat\u00e1sa - Deveho\" \/>\n<meta property=\"og:description\" content=\"A Deveho egy tapasztalt funkcion\u00e1lis \u00e9s m\u0171szaki tan\u00e1csad\u00f3 csapattal rendelkezik, akik nagy tapasztalattal rendelkeznek a Sage X3 ter\u00fclet\u00e9n, \u00e9s t\u00e1mogat\u00e1st ny\u00fajtanak az \u00f6sszes szoftvercsomagunkban \u00e9s modulunkban (p\u00e9nz\u00fcgy, forgalmaz\u00e1s, termel\u00e9sir\u00e1ny\u00edt\u00e1s, t\u00e1rgyi eszk\u00f6z\u00f6k, HR b\u00e9rsz\u00e1mfejt\u00e9s, jelent\u00e9sk\u00e9sz\u00edt\u00e9s, fejleszt\u00e9s stb.). Min\u0151s\u00e9gi szolg\u00e1ltat\u00e1sokat \u00e9s t\u00e1mogat\u00e1st ny\u00fajtunk k\u00f6lts\u00e9gkereten \u00e9s id\u0151ben, minden alkalommal!\" \/>\n<meta property=\"og:url\" content=\"https:\/\/deveho.com\/hu\/szolgaltatasok\/a-sage-megoldas-tamogatasa\/\" \/>\n<meta property=\"og:site_name\" content=\"Deveho\" \/>\n<meta property=\"article:publisher\" content=\"https:\/\/www.facebook.com\/deveho\" \/>\n<meta property=\"article:modified_time\" content=\"2022-10-27T09:12:46+00:00\" \/>\n<meta name=\"twitter:card\" content=\"summary_large_image\" \/>\n<meta name=\"twitter:site\" content=\"@Deveho1\" \/>\n<meta name=\"twitter:label1\" content=\"Becs\u00fclt olvas\u00e1si id\u0151\" \/>\n\t<meta name=\"twitter:data1\" content=\"1 perc\" \/>\n<script type=\"application\/ld+json\" class=\"yoast-schema-graph\">{\"@context\":\"https:\/\/schema.org\",\"@graph\":[{\"@type\":\"WebPage\",\"@id\":\"https:\/\/deveho.com\/hu\/szolgaltatasok\/a-sage-megoldas-tamogatasa\/\",\"url\":\"https:\/\/deveho.com\/hu\/szolgaltatasok\/a-sage-megoldas-tamogatasa\/\",\"name\":\"A Sage megold\u00e1s t\u00e1mogat\u00e1sa - Deveho\",\"isPartOf\":{\"@id\":\"https:\/\/deveho.com\/#website\"},\"datePublished\":\"2022-05-26T12:38:53+00:00\",\"dateModified\":\"2022-10-27T09:12:46+00:00\",\"breadcrumb\":{\"@id\":\"https:\/\/deveho.com\/hu\/szolgaltatasok\/a-sage-megoldas-tamogatasa\/#breadcrumb\"},\"inLanguage\":\"hu\",\"potentialAction\":[{\"@type\":\"ReadAction\",\"target\":[\"https:\/\/deveho.com\/hu\/szolgaltatasok\/a-sage-megoldas-tamogatasa\/\"]}]},{\"@type\":\"BreadcrumbList\",\"@id\":\"https:\/\/deveho.com\/hu\/szolgaltatasok\/a-sage-megoldas-tamogatasa\/#breadcrumb\",\"itemListElement\":[{\"@type\":\"ListItem\",\"position\":1,\"name\":\"Home\",\"item\":\"https:\/\/deveho.com\/hu\/\"},{\"@type\":\"ListItem\",\"position\":2,\"name\":\"Szolg\u00e1ltat\u00e1sok\",\"item\":\"https:\/\/deveho.com\/hu\/szolgaltatasok\/\"},{\"@type\":\"ListItem\",\"position\":3,\"name\":\"A Sage megold\u00e1s t\u00e1mogat\u00e1sa\"}]},{\"@type\":\"WebSite\",\"@id\":\"https:\/\/deveho.com\/#website\",\"url\":\"https:\/\/deveho.com\/\",\"name\":\"Deveho Consulting Group\",\"description\":\"Let\u2019s boost your growth\",\"publisher\":{\"@id\":\"https:\/\/deveho.com\/#organization\"},\"potentialAction\":[{\"@type\":\"SearchAction\",\"target\":{\"@type\":\"EntryPoint\",\"urlTemplate\":\"https:\/\/deveho.com\/?s={search_term_string}\"},\"query-input\":{\"@type\":\"PropertyValueSpecification\",\"valueRequired\":true,\"valueName\":\"search_term_string\"}}],\"inLanguage\":\"hu\"},{\"@type\":\"Organization\",\"@id\":\"https:\/\/deveho.com\/#organization\",\"name\":\"Deveho Consulting Group\",\"url\":\"https:\/\/deveho.com\/\",\"logo\":{\"@type\":\"ImageObject\",\"inLanguage\":\"hu\",\"@id\":\"https:\/\/deveho.com\/#\/schema\/logo\/image\/\",\"url\":\"https:\/\/deveho.com\/wp-content\/uploads\/2023\/02\/DEVEHO-LOGO-Baseline-COLOR.png\",\"contentUrl\":\"https:\/\/deveho.com\/wp-content\/uploads\/2023\/02\/DEVEHO-LOGO-Baseline-COLOR.png\",\"width\":2251,\"height\":585,\"caption\":\"Deveho Consulting Group\"},\"image\":{\"@id\":\"https:\/\/deveho.com\/#\/schema\/logo\/image\/\"},\"sameAs\":[\"https:\/\/www.facebook.com\/deveho\",\"https:\/\/x.com\/Deveho1\",\"https:\/\/www.linkedin.com\/company\/deveho-consulting\/\"]}]}<\/script>\n<!-- \/ Yoast SEO plugin. -->","yoast_head_json":{"title":"A Sage megold\u00e1s t\u00e1mogat\u00e1sa - Deveho","robots":{"index":"index","follow":"follow","max-snippet":"max-snippet:-1","max-image-preview":"max-image-preview:large","max-video-preview":"max-video-preview:-1"},"canonical":"https:\/\/deveho.com\/hu\/szolgaltatasok\/a-sage-megoldas-tamogatasa\/","og_locale":"hu_HU","og_type":"article","og_title":"A Sage megold\u00e1s t\u00e1mogat\u00e1sa - Deveho","og_description":"A Deveho egy tapasztalt funkcion\u00e1lis \u00e9s m\u0171szaki tan\u00e1csad\u00f3 csapattal rendelkezik, akik nagy tapasztalattal rendelkeznek a Sage X3 ter\u00fclet\u00e9n, \u00e9s t\u00e1mogat\u00e1st ny\u00fajtanak az \u00f6sszes szoftvercsomagunkban \u00e9s modulunkban (p\u00e9nz\u00fcgy, forgalmaz\u00e1s, termel\u00e9sir\u00e1ny\u00edt\u00e1s, t\u00e1rgyi eszk\u00f6z\u00f6k, HR b\u00e9rsz\u00e1mfejt\u00e9s, jelent\u00e9sk\u00e9sz\u00edt\u00e9s, fejleszt\u00e9s stb.). Min\u0151s\u00e9gi szolg\u00e1ltat\u00e1sokat \u00e9s t\u00e1mogat\u00e1st ny\u00fajtunk k\u00f6lts\u00e9gkereten \u00e9s id\u0151ben, minden alkalommal!","og_url":"https:\/\/deveho.com\/hu\/szolgaltatasok\/a-sage-megoldas-tamogatasa\/","og_site_name":"Deveho","article_publisher":"https:\/\/www.facebook.com\/deveho","article_modified_time":"2022-10-27T09:12:46+00:00","twitter_card":"summary_large_image","twitter_site":"@Deveho1","twitter_misc":{"Becs\u00fclt olvas\u00e1si id\u0151":"1 perc"},"schema":{"@context":"https:\/\/schema.org","@graph":[{"@type":"WebPage","@id":"https:\/\/deveho.com\/hu\/szolgaltatasok\/a-sage-megoldas-tamogatasa\/","url":"https:\/\/deveho.com\/hu\/szolgaltatasok\/a-sage-megoldas-tamogatasa\/","name":"A Sage megold\u00e1s t\u00e1mogat\u00e1sa - Deveho","isPartOf":{"@id":"https:\/\/deveho.com\/#website"},"datePublished":"2022-05-26T12:38:53+00:00","dateModified":"2022-10-27T09:12:46+00:00","breadcrumb":{"@id":"https:\/\/deveho.com\/hu\/szolgaltatasok\/a-sage-megoldas-tamogatasa\/#breadcrumb"},"inLanguage":"hu","potentialAction":[{"@type":"ReadAction","target":["https:\/\/deveho.com\/hu\/szolgaltatasok\/a-sage-megoldas-tamogatasa\/"]}]},{"@type":"BreadcrumbList","@id":"https:\/\/deveho.com\/hu\/szolgaltatasok\/a-sage-megoldas-tamogatasa\/#breadcrumb","itemListElement":[{"@type":"ListItem","position":1,"name":"Home","item":"https:\/\/deveho.com\/hu\/"},{"@type":"ListItem","position":2,"name":"Szolg\u00e1ltat\u00e1sok","item":"https:\/\/deveho.com\/hu\/szolgaltatasok\/"},{"@type":"ListItem","position":3,"name":"A Sage megold\u00e1s t\u00e1mogat\u00e1sa"}]},{"@type":"WebSite","@id":"https:\/\/deveho.com\/#website","url":"https:\/\/deveho.com\/","name":"Deveho Consulting Group","description":"Let\u2019s boost your growth","publisher":{"@id":"https:\/\/deveho.com\/#organization"},"potentialAction":[{"@type":"SearchAction","target":{"@type":"EntryPoint","urlTemplate":"https:\/\/deveho.com\/?s={search_term_string}"},"query-input":{"@type":"PropertyValueSpecification","valueRequired":true,"valueName":"search_term_string"}}],"inLanguage":"hu"},{"@type":"Organization","@id":"https:\/\/deveho.com\/#organization","name":"Deveho Consulting Group","url":"https:\/\/deveho.com\/","logo":{"@type":"ImageObject","inLanguage":"hu","@id":"https:\/\/deveho.com\/#\/schema\/logo\/image\/","url":"https:\/\/deveho.com\/wp-content\/uploads\/2023\/02\/DEVEHO-LOGO-Baseline-COLOR.png","contentUrl":"https:\/\/deveho.com\/wp-content\/uploads\/2023\/02\/DEVEHO-LOGO-Baseline-COLOR.png","width":2251,"height":585,"caption":"Deveho Consulting Group"},"image":{"@id":"https:\/\/deveho.com\/#\/schema\/logo\/image\/"},"sameAs":["https:\/\/www.facebook.com\/deveho","https:\/\/x.com\/Deveho1","https:\/\/www.linkedin.com\/company\/deveho-consulting\/"]}]}},"_links":{"self":[{"href":"https:\/\/deveho.com\/hu\/wp-json\/wp\/v2\/pages\/10328"}],"collection":[{"href":"https:\/\/deveho.com\/hu\/wp-json\/wp\/v2\/pages"}],"about":[{"href":"https:\/\/deveho.com\/hu\/wp-json\/wp\/v2\/types\/page"}],"author":[{"embeddable":true,"href":"https:\/\/deveho.com\/hu\/wp-json\/wp\/v2\/users\/3"}],"replies":[{"embeddable":true,"href":"https:\/\/deveho.com\/hu\/wp-json\/wp\/v2\/comments?post=10328"}],"version-history":[{"count":0,"href":"https:\/\/deveho.com\/hu\/wp-json\/wp\/v2\/pages\/10328\/revisions"}],"up":[{"embeddable":true,"href":"https:\/\/deveho.com\/hu\/wp-json\/wp\/v2\/pages\/10339"}],"wp:attachment":[{"href":"https:\/\/deveho.com\/hu\/wp-json\/wp\/v2\/media?parent=10328"}],"curies":[{"name":"wp","href":"https:\/\/api.w.org\/{rel}","templated":true}]}}