{"id":10329,"date":"2022-05-26T12:53:03","date_gmt":"2022-05-26T12:53:03","guid":{"rendered":"https:\/\/deveho2.sfdbeta.be\/aws\/"},"modified":"2022-12-05T14:55:27","modified_gmt":"2022-12-05T12:55:27","slug":"aws","status":"publish","type":"page","link":"https:\/\/deveho.com\/hu\/szolgaltatasok\/cloud-es-tarhely\/aws\/","title":{"rendered":"AWS"},"content":{"rendered":"<br \/>\n<h2><\/h2>\n<h3>Amazon webszolg\u00e1ltat\u00e1sok<\/h3>\n<h3>Az Amazon Web Services (AWS) a vil\u00e1g leg\u00e1tfog\u00f3bb \u00e9s legsz\u00e9lesebb k\u00f6rben elfogadott felh\u0151platformja, amely t\u00f6bb mint 200 teljes k\u00f6r\u0171 szolg\u00e1ltat\u00e1st k\u00edn\u00e1l adatk\u00f6zpontokb\u00f3l vil\u00e1gszerte. \u00dcgyfelek milli\u00f3i \u2013 k\u00f6zt\u00fck a leggyorsabban n\u00f6vekv\u0151 startupok, a legnagyobb v\u00e1llalatok \u00e9s a vezet\u0151 korm\u00e1nyzati szervek \u2013 haszn\u00e1lj\u00e1k az AWS-t a k\u00f6lts\u00e9gek cs\u00f6kkent\u00e9se, agilisabb\u00e1 v\u00e1l\u00e1sa \u00e9s a gyorsabb innov\u00e1ci\u00f3 \u00e9rdek\u00e9ben.<\/h3>\n<\/p>\n<h2><\/h2>\n<h3>Kapcsol\u00f3d\u00f3 Oldalak<\/h3>\n<\/p>\n<h3><\/h3>\n<\/p>\n<h3><\/h3><\/p>\n","protected":false},"excerpt":{"rendered":"<p>Sage X3 az Amazon webszolg\u00e1ltat\u00e1son<\/p>\n","protected":false},"author":3,"featured_media":0,"parent":10336,"menu_order":0,"comment_status":"closed","ping_status":"closed","template":"templates\/template-prod_serv.php","meta":{"_acf_changed":false,"footnotes":""},"class_list":["post-10329","page","type-page","status-publish","hentry"],"acf":[],"yoast_head":"<!-- This site is optimized with the Yoast SEO plugin v23.5 - https:\/\/yoast.com\/wordpress\/plugins\/seo\/ -->\n<title>AWS - Deveho<\/title>\n<meta name=\"robots\" content=\"index, follow, max-snippet:-1, max-image-preview:large, max-video-preview:-1\" \/>\n<link rel=\"canonical\" href=\"https:\/\/deveho.com\/services\/cloud-hosting\/amazon-web-services\/\" \/>\n<meta property=\"og:locale\" content=\"hu_HU\" \/>\n<meta property=\"og:type\" content=\"article\" \/>\n<meta property=\"og:title\" content=\"AWS - Deveho\" \/>\n<meta property=\"og:description\" content=\"Sage X3 az Amazon webszolg\u00e1ltat\u00e1son\" \/>\n<meta property=\"og:url\" content=\"https:\/\/deveho.com\/services\/cloud-hosting\/amazon-web-services\/\" \/>\n<meta property=\"og:site_name\" content=\"Deveho\" \/>\n<meta property=\"article:publisher\" content=\"https:\/\/www.facebook.com\/deveho\" \/>\n<meta property=\"article:modified_time\" content=\"2022-12-05T12:55:27+00:00\" \/>\n<meta name=\"twitter:card\" content=\"summary_large_image\" \/>\n<meta name=\"twitter:site\" content=\"@Deveho1\" \/>\n<script type=\"application\/ld+json\" class=\"yoast-schema-graph\">{\"@context\":\"https:\/\/schema.org\",\"@graph\":[{\"@type\":\"WebPage\",\"@id\":\"https:\/\/deveho.com\/services\/cloud-hosting\/amazon-web-services\/\",\"url\":\"https:\/\/deveho.com\/services\/cloud-hosting\/amazon-web-services\/\",\"name\":\"AWS - Deveho\",\"isPartOf\":{\"@id\":\"https:\/\/deveho.com\/#website\"},\"datePublished\":\"2022-05-26T12:53:03+00:00\",\"dateModified\":\"2022-12-05T12:55:27+00:00\",\"breadcrumb\":{\"@id\":\"https:\/\/deveho.com\/services\/cloud-hosting\/amazon-web-services\/#breadcrumb\"},\"inLanguage\":\"hu\",\"potentialAction\":[{\"@type\":\"ReadAction\",\"target\":[\"https:\/\/deveho.com\/services\/cloud-hosting\/amazon-web-services\/\"]}]},{\"@type\":\"BreadcrumbList\",\"@id\":\"https:\/\/deveho.com\/services\/cloud-hosting\/amazon-web-services\/#breadcrumb\",\"itemListElement\":[{\"@type\":\"ListItem\",\"position\":1,\"name\":\"Home\",\"item\":\"https:\/\/deveho.com\/hu\/\"},{\"@type\":\"ListItem\",\"position\":2,\"name\":\"Szolg\u00e1ltat\u00e1sok\",\"item\":\"https:\/\/deveho.com\/hu\/szolgaltatasok\/\"},{\"@type\":\"ListItem\",\"position\":3,\"name\":\"Cloud \u00e9s T\u00e1rhely\",\"item\":\"https:\/\/deveho.com\/hu\/szolgaltatasok\/cloud-es-tarhely\/\"},{\"@type\":\"ListItem\",\"position\":4,\"name\":\"AWS\"}]},{\"@type\":\"WebSite\",\"@id\":\"https:\/\/deveho.com\/#website\",\"url\":\"https:\/\/deveho.com\/\",\"name\":\"Deveho Consulting Group\",\"description\":\"Let\u2019s boost your growth\",\"publisher\":{\"@id\":\"https:\/\/deveho.com\/#organization\"},\"potentialAction\":[{\"@type\":\"SearchAction\",\"target\":{\"@type\":\"EntryPoint\",\"urlTemplate\":\"https:\/\/deveho.com\/?s={search_term_string}\"},\"query-input\":{\"@type\":\"PropertyValueSpecification\",\"valueRequired\":true,\"valueName\":\"search_term_string\"}}],\"inLanguage\":\"hu\"},{\"@type\":\"Organization\",\"@id\":\"https:\/\/deveho.com\/#organization\",\"name\":\"Deveho Consulting Group\",\"url\":\"https:\/\/deveho.com\/\",\"logo\":{\"@type\":\"ImageObject\",\"inLanguage\":\"hu\",\"@id\":\"https:\/\/deveho.com\/#\/schema\/logo\/image\/\",\"url\":\"https:\/\/deveho.com\/wp-content\/uploads\/2023\/02\/DEVEHO-LOGO-Baseline-COLOR.png\",\"contentUrl\":\"https:\/\/deveho.com\/wp-content\/uploads\/2023\/02\/DEVEHO-LOGO-Baseline-COLOR.png\",\"width\":2251,\"height\":585,\"caption\":\"Deveho Consulting Group\"},\"image\":{\"@id\":\"https:\/\/deveho.com\/#\/schema\/logo\/image\/\"},\"sameAs\":[\"https:\/\/www.facebook.com\/deveho\",\"https:\/\/x.com\/Deveho1\",\"https:\/\/www.linkedin.com\/company\/deveho-consulting\/\"]}]}<\/script>\n<!-- \/ Yoast SEO plugin. -->","yoast_head_json":{"title":"AWS - Deveho","robots":{"index":"index","follow":"follow","max-snippet":"max-snippet:-1","max-image-preview":"max-image-preview:large","max-video-preview":"max-video-preview:-1"},"canonical":"https:\/\/deveho.com\/services\/cloud-hosting\/amazon-web-services\/","og_locale":"hu_HU","og_type":"article","og_title":"AWS - Deveho","og_description":"Sage X3 az Amazon webszolg\u00e1ltat\u00e1son","og_url":"https:\/\/deveho.com\/services\/cloud-hosting\/amazon-web-services\/","og_site_name":"Deveho","article_publisher":"https:\/\/www.facebook.com\/deveho","article_modified_time":"2022-12-05T12:55:27+00:00","twitter_card":"summary_large_image","twitter_site":"@Deveho1","schema":{"@context":"https:\/\/schema.org","@graph":[{"@type":"WebPage","@id":"https:\/\/deveho.com\/services\/cloud-hosting\/amazon-web-services\/","url":"https:\/\/deveho.com\/services\/cloud-hosting\/amazon-web-services\/","name":"AWS - Deveho","isPartOf":{"@id":"https:\/\/deveho.com\/#website"},"datePublished":"2022-05-26T12:53:03+00:00","dateModified":"2022-12-05T12:55:27+00:00","breadcrumb":{"@id":"https:\/\/deveho.com\/services\/cloud-hosting\/amazon-web-services\/#breadcrumb"},"inLanguage":"hu","potentialAction":[{"@type":"ReadAction","target":["https:\/\/deveho.com\/services\/cloud-hosting\/amazon-web-services\/"]}]},{"@type":"BreadcrumbList","@id":"https:\/\/deveho.com\/services\/cloud-hosting\/amazon-web-services\/#breadcrumb","itemListElement":[{"@type":"ListItem","position":1,"name":"Home","item":"https:\/\/deveho.com\/hu\/"},{"@type":"ListItem","position":2,"name":"Szolg\u00e1ltat\u00e1sok","item":"https:\/\/deveho.com\/hu\/szolgaltatasok\/"},{"@type":"ListItem","position":3,"name":"Cloud \u00e9s T\u00e1rhely","item":"https:\/\/deveho.com\/hu\/szolgaltatasok\/cloud-es-tarhely\/"},{"@type":"ListItem","position":4,"name":"AWS"}]},{"@type":"WebSite","@id":"https:\/\/deveho.com\/#website","url":"https:\/\/deveho.com\/","name":"Deveho Consulting Group","description":"Let\u2019s boost your growth","publisher":{"@id":"https:\/\/deveho.com\/#organization"},"potentialAction":[{"@type":"SearchAction","target":{"@type":"EntryPoint","urlTemplate":"https:\/\/deveho.com\/?s={search_term_string}"},"query-input":{"@type":"PropertyValueSpecification","valueRequired":true,"valueName":"search_term_string"}}],"inLanguage":"hu"},{"@type":"Organization","@id":"https:\/\/deveho.com\/#organization","name":"Deveho Consulting Group","url":"https:\/\/deveho.com\/","logo":{"@type":"ImageObject","inLanguage":"hu","@id":"https:\/\/deveho.com\/#\/schema\/logo\/image\/","url":"https:\/\/deveho.com\/wp-content\/uploads\/2023\/02\/DEVEHO-LOGO-Baseline-COLOR.png","contentUrl":"https:\/\/deveho.com\/wp-content\/uploads\/2023\/02\/DEVEHO-LOGO-Baseline-COLOR.png","width":2251,"height":585,"caption":"Deveho Consulting Group"},"image":{"@id":"https:\/\/deveho.com\/#\/schema\/logo\/image\/"},"sameAs":["https:\/\/www.facebook.com\/deveho","https:\/\/x.com\/Deveho1","https:\/\/www.linkedin.com\/company\/deveho-consulting\/"]}]}},"_links":{"self":[{"href":"https:\/\/deveho.com\/hu\/wp-json\/wp\/v2\/pages\/10329"}],"collection":[{"href":"https:\/\/deveho.com\/hu\/wp-json\/wp\/v2\/pages"}],"about":[{"href":"https:\/\/deveho.com\/hu\/wp-json\/wp\/v2\/types\/page"}],"author":[{"embeddable":true,"href":"https:\/\/deveho.com\/hu\/wp-json\/wp\/v2\/users\/3"}],"replies":[{"embeddable":true,"href":"https:\/\/deveho.com\/hu\/wp-json\/wp\/v2\/comments?post=10329"}],"version-history":[{"count":0,"href":"https:\/\/deveho.com\/hu\/wp-json\/wp\/v2\/pages\/10329\/revisions"}],"up":[{"embeddable":true,"href":"https:\/\/deveho.com\/hu\/wp-json\/wp\/v2\/pages\/10336"}],"wp:attachment":[{"href":"https:\/\/deveho.com\/hu\/wp-json\/wp\/v2\/media?parent=10329"}],"curies":[{"name":"wp","href":"https:\/\/api.w.org\/{rel}","templated":true}]}}