{"id":10336,"date":"2022-05-26T14:40:41","date_gmt":"2022-05-26T14:40:41","guid":{"rendered":"https:\/\/deveho2.sfdbeta.be\/felho-es-tarhely\/"},"modified":"2023-09-08T17:41:37","modified_gmt":"2023-09-08T15:41:37","slug":"cloud-es-tarhely","status":"publish","type":"page","link":"https:\/\/deveho.com\/hu\/szolgaltatasok\/cloud-es-tarhely\/","title":{"rendered":"Cloud \u00e9s T\u00e1rhely"},"content":{"rendered":"<br \/>\n<h2><\/h2>\n<h3>\u00c1ltal\u00e1nos inform\u00e1ci\u00f3k a Cloud x3-r\u00f3l<\/h3>\n<h3><\/h3>\n<p><p>A Sage X3 megval\u00f3s\u00edthat\u00f3 \u201ehelysz\u00edni\u201d (telephelyi) vagy hosztolt m\u00f3dban (priv\u00e1t felh\u0151n vagy nyilv\u00e1nos felh\u0151n is egyar\u00e1nt). A Sage X3 egy sor \u00faj technol\u00f3giai komponenst mutat be, amelyek a legjobb \u00e9s legel\u0151remutat\u00f3bb v\u00e1laszt\u00e1sok az ipar\u00e1gban a t\u00f6bbb\u00f6ng\u00e9sz\u0151s \u00e9s mobilhaszn\u00e1lat, a keres\u00e9si sebess\u00e9g, a webszolg\u00e1ltat\u00e1s-fejleszt\u00e9s, a felh\u0151alap\u00fa adatb\u00e1zis-integr\u00e1ci\u00f3 \u00e9s a dokumentumkezel\u00e9s ter\u00e9n.<\/p>\n<ul>\n<li><a href=\"https:\/\/deveho.com\/hu\/szolgaltatasok\/felho-es-tarhely\/aws\/\">AWS \u203a<\/a><\/li>\n<li><a href=\"https:\/\/deveho.com\/hu\/szolgaltatasok\/felho-es-tarhely\/ovh\/\">OVH \u203a<\/a><\/li>\n<\/ul>\n<h2><red><b>El\u0151ny\u00f6k<\/b><\/red>      <\/h2>\n<h3>KIV\u00c1L\u00d3 FUNKCION\u00c1LIS HAT\u00c1LY \u00c9S INTEGR\u00c1CI\u00d3<\/h3>\n<p><p>Ne k\u00f6ss\u00f6n kompromisszumot a felh\u0151technol\u00f3gia \u00fczleti funkci\u00f3it illet\u0151en. A Sage X3 egy egyed\u00fcl\u00e1ll\u00f3 integr\u00e1lt felh\u0151megold\u00e1son kereszt\u00fcl kezeli az \u00f6sszes folyamat\u00e1t, a finansz\u00edroz\u00e1st\u00f3l a terjeszt\u00e9sig \u00e9s a gy\u00e1rt\u00e1sig. Az eredm\u00e9ny egyszer\u0171s\u00edtett m\u0171veletek, val\u00f3s idej\u0171 inform\u00e1ci\u00f3k a tev\u00e9kenys\u00e9geir\u0151l \u00e9s jobb teljes\u00edtm\u00e9ny.<\/p>\n<\/p>\n<h3>KIV\u00c1L\u00d3 T\u00c1MOGAT\u00c1S GLOB\u00c1LIS SZERVEZETEK SZ\u00c1M\u00c1RA<\/h3>\n<p><p>Ne hagyja, hogy a felh\u0151alap\u00fa megold\u00e1sok korl\u00e1tozz\u00e1k terjeszked\u00e9si amb\u00edci\u00f3it. A Sage X3 t\u00e1mogatja az elosztott \u00e9s nemzetk\u00f6zi m\u0171veletek menedzsel\u00e9s\u00e9t, komplex szervezeti \u00e9s jelent\u00e9si strukt\u00far\u00e1k kezel\u00e9s\u00e9t (t\u00f6bb v\u00e1llalat, t\u00f6bb telephely, t\u00f6bb gy\u00e1rt\u00e1si m\u00f3d, t\u00f6bb f\u0151k\u00f6nyv \u00e9s t\u00f6bb jogszab\u00e1ly).<\/p>\n<\/p>\n<h3>IPAR-SPECIFIKUS M\u0170VELETEKRE \u00c9P\u00cdTETT<\/h3>\n<p><p>Ne korl\u00e1tozza mag\u00e1t az egy m\u00e9retben haszn\u00e1lhat\u00f3 felh\u0151megold\u00e1sokra. A Sage X3 a gy\u00e1rt\u00f3i, logisztikai \u00e9s szolg\u00e1ltat\u00f3i ipar\u00e1gakra lett szabva, kiterjedt \u00e9s haszn\u00e1latra k\u00e9sz funkcionalit\u00e1st biztos\u00edtva, amely lehet\u0151v\u00e9 teszi a m\u0171veletek gyorsabb kezel\u00e9s\u00e9t \u00e9s a teljes\u00edtm\u00e9ny jav\u00edt\u00e1s\u00e1t.<\/p>\n<\/p>\n<h3>KIV\u00c1L\u00d3 RUGALMASS\u00c1G \u00c9S TESTRESZAB\u00c1SI K\u00c9PESS\u00c9GEK<\/h3>\n<p><p>Ne hagyja, hogy a technol\u00f3gia vez\u00e9relje \u00fczleti ig\u00e9nyeit. A Sage X3 rendk\u00edv\u00fcl rugalmas, \u00e9s hozz\u00e1igaz\u00edthat\u00f3 az \u00fczletspecifikus folyamatokhoz \u00e9s munkafolyamatokhoz. A megold\u00e1st saj\u00e1t priv\u00e1t infrastrukt\u00far\u00e1j\u00e1n bel\u00fcl is haszn\u00e1lhatja (helysz\u00ednen vagy egy partner \u00e1ltal \u00fczemeltetett), adat- vagy funkci\u00f3veszt\u00e9s n\u00e9lk\u00fcl.<\/p>\n<\/p>\n<h3>KIV\u00c1L\u00d3 BIZTONS\u00c1G, TELJES\u00cdTM\u00c9NY \u00c9S TESTRESZABHAT\u00d3S\u00c1G<\/h3>\n<p><p>Nem minden felh\u0151megold\u00e1s egyforma. A Sage X3 a vil\u00e1gvezet\u0151 felh\u0151-infrastrukt\u00far\u00e1ra \u00e9p\u00edt, hogy a legink\u00e1bb m\u00e9retezhet\u0151, legmegb\u00edzhat\u00f3bb \u00e9s legbiztons\u00e1gosabb felh\u0151platformot biztos\u00edtsa, amint azt a sz\u00e1mos kapott tan\u00fas\u00edtv\u00e1ny, valamint a titoktart\u00e1sra vonatkoz\u00f3 k\u00fcl\u00f6nf\u00e9le ir\u00e1nyelvek \u00e9s region\u00e1lis t\u00f6rv\u00e9nyek szigor\u00fa betart\u00e1sa is igazolja.<\/p>\n<\/p>\n<h3>UNIVERZ\u00c1LIS WEB- \u00c9S MOBIL EL\u00c9RHET\u0150S\u00c9G<\/h3>\n<p><p>A mobilit\u00e1s nem a fels\u0151vezet\u0151k hat\u00e1sk\u00f6re. A Sage X3 seg\u00edts\u00e9g\u00e9vel minden felhaszn\u00e1l\u00f3 biztons\u00e1gos hozz\u00e1f\u00e9r\u00e9st biztos\u00edt a rendszerben l\u00e9v\u0151 \u00f6sszes adathoz \u00e9s funkci\u00f3hoz, b\u00e1rmilyen b\u00f6ng\u00e9sz\u0151r\u0151l vagy mobileszk\u00f6zr\u0151l, f\u00fcggetlen\u00fcl att\u00f3l, hogy hol tart\u00f3zkodik, \u00e9s egy sor sz\u00e9les k\u00f6rben haszn\u00e1lt termin\u00e1lon. A HTML5 interf\u00e9sz intuit\u00edv b\u00f6ng\u00e9sz\u00e9si \u00e9lm\u00e9nyt biztos\u00edt, \u00e9s lehet\u0151v\u00e9 teszi a felhaszn\u00e1l\u00f3k sz\u00e1m\u00e1ra a k\u00f6nny\u0171 szem\u00e9lyre szab\u00e1st.<\/p>\n<\/p>\n<h2><\/h2>\n<h3>Kapcsol\u00f3d\u00f3 Oldalak <\/h3>\n<\/p>\n<h3><\/h3>\n<\/p>\n<h3><\/h3><\/p>\n","protected":false},"excerpt":{"rendered":"<p>A Deveho tan\u00e1csad\u00f3 csoport felh\u0151- \u00e9s hosting szolg\u00e1ltat\u00e1sokat ny\u00fajt, amelyek testreszabottak az \u00d6n megl\u00e9v\u0151 szervezeti er\u0151ss\u00e9geihez, valamint figyelembe veszik j\u00f6v\u0151beli n\u00f6veked\u00e9si amb\u00edci\u00f3it. <\/p>\n","protected":false},"author":3,"featured_media":0,"parent":10339,"menu_order":0,"comment_status":"closed","ping_status":"closed","template":"templates\/template-prod_serv.php","meta":{"_acf_changed":false,"footnotes":""},"class_list":["post-10336","page","type-page","status-publish","hentry"],"acf":[],"yoast_head":"<!-- This site is optimized with the Yoast SEO plugin v23.5 - https:\/\/yoast.com\/wordpress\/plugins\/seo\/ -->\n<title>Cloud \u00e9s T\u00e1rhely - Deveho<\/title>\n<meta name=\"robots\" content=\"index, follow, max-snippet:-1, max-image-preview:large, max-video-preview:-1\" \/>\n<link rel=\"canonical\" href=\"https:\/\/deveho.com\/hu\/szolgaltatasok\/cloud-es-tarhely\/\" \/>\n<meta property=\"og:locale\" content=\"hu_HU\" \/>\n<meta property=\"og:type\" content=\"article\" \/>\n<meta property=\"og:title\" content=\"Cloud \u00e9s T\u00e1rhely - Deveho\" \/>\n<meta property=\"og:description\" content=\"A Deveho tan\u00e1csad\u00f3 csoport felh\u0151- \u00e9s hosting szolg\u00e1ltat\u00e1sokat ny\u00fajt, amelyek testreszabottak az \u00d6n megl\u00e9v\u0151 szervezeti er\u0151ss\u00e9geihez, valamint figyelembe veszik j\u00f6v\u0151beli n\u00f6veked\u00e9si amb\u00edci\u00f3it.\" \/>\n<meta property=\"og:url\" content=\"https:\/\/deveho.com\/hu\/szolgaltatasok\/cloud-es-tarhely\/\" \/>\n<meta property=\"og:site_name\" content=\"Deveho\" \/>\n<meta property=\"article:publisher\" content=\"https:\/\/www.facebook.com\/deveho\" \/>\n<meta property=\"article:modified_time\" content=\"2023-09-08T15:41:37+00:00\" \/>\n<meta name=\"twitter:card\" content=\"summary_large_image\" \/>\n<meta name=\"twitter:site\" content=\"@Deveho1\" \/>\n<meta name=\"twitter:label1\" content=\"Becs\u00fclt olvas\u00e1si id\u0151\" \/>\n\t<meta name=\"twitter:data1\" content=\"2 perc\" \/>\n<script type=\"application\/ld+json\" class=\"yoast-schema-graph\">{\"@context\":\"https:\/\/schema.org\",\"@graph\":[{\"@type\":\"WebPage\",\"@id\":\"https:\/\/deveho.com\/hu\/szolgaltatasok\/cloud-es-tarhely\/\",\"url\":\"https:\/\/deveho.com\/hu\/szolgaltatasok\/cloud-es-tarhely\/\",\"name\":\"Cloud \u00e9s T\u00e1rhely - Deveho\",\"isPartOf\":{\"@id\":\"https:\/\/deveho.com\/#website\"},\"datePublished\":\"2022-05-26T14:40:41+00:00\",\"dateModified\":\"2023-09-08T15:41:37+00:00\",\"breadcrumb\":{\"@id\":\"https:\/\/deveho.com\/hu\/szolgaltatasok\/cloud-es-tarhely\/#breadcrumb\"},\"inLanguage\":\"hu\",\"potentialAction\":[{\"@type\":\"ReadAction\",\"target\":[\"https:\/\/deveho.com\/hu\/szolgaltatasok\/cloud-es-tarhely\/\"]}]},{\"@type\":\"BreadcrumbList\",\"@id\":\"https:\/\/deveho.com\/hu\/szolgaltatasok\/cloud-es-tarhely\/#breadcrumb\",\"itemListElement\":[{\"@type\":\"ListItem\",\"position\":1,\"name\":\"Home\",\"item\":\"https:\/\/deveho.com\/hu\/\"},{\"@type\":\"ListItem\",\"position\":2,\"name\":\"Szolg\u00e1ltat\u00e1sok\",\"item\":\"https:\/\/deveho.com\/hu\/szolgaltatasok\/\"},{\"@type\":\"ListItem\",\"position\":3,\"name\":\"Cloud \u00e9s T\u00e1rhely\"}]},{\"@type\":\"WebSite\",\"@id\":\"https:\/\/deveho.com\/#website\",\"url\":\"https:\/\/deveho.com\/\",\"name\":\"Deveho Consulting Group\",\"description\":\"Let\u2019s boost your growth\",\"publisher\":{\"@id\":\"https:\/\/deveho.com\/#organization\"},\"potentialAction\":[{\"@type\":\"SearchAction\",\"target\":{\"@type\":\"EntryPoint\",\"urlTemplate\":\"https:\/\/deveho.com\/?s={search_term_string}\"},\"query-input\":{\"@type\":\"PropertyValueSpecification\",\"valueRequired\":true,\"valueName\":\"search_term_string\"}}],\"inLanguage\":\"hu\"},{\"@type\":\"Organization\",\"@id\":\"https:\/\/deveho.com\/#organization\",\"name\":\"Deveho Consulting Group\",\"url\":\"https:\/\/deveho.com\/\",\"logo\":{\"@type\":\"ImageObject\",\"inLanguage\":\"hu\",\"@id\":\"https:\/\/deveho.com\/#\/schema\/logo\/image\/\",\"url\":\"https:\/\/deveho.com\/wp-content\/uploads\/2023\/02\/DEVEHO-LOGO-Baseline-COLOR.png\",\"contentUrl\":\"https:\/\/deveho.com\/wp-content\/uploads\/2023\/02\/DEVEHO-LOGO-Baseline-COLOR.png\",\"width\":2251,\"height\":585,\"caption\":\"Deveho Consulting Group\"},\"image\":{\"@id\":\"https:\/\/deveho.com\/#\/schema\/logo\/image\/\"},\"sameAs\":[\"https:\/\/www.facebook.com\/deveho\",\"https:\/\/x.com\/Deveho1\",\"https:\/\/www.linkedin.com\/company\/deveho-consulting\/\"]}]}<\/script>\n<!-- \/ Yoast SEO plugin. -->","yoast_head_json":{"title":"Cloud \u00e9s T\u00e1rhely - Deveho","robots":{"index":"index","follow":"follow","max-snippet":"max-snippet:-1","max-image-preview":"max-image-preview:large","max-video-preview":"max-video-preview:-1"},"canonical":"https:\/\/deveho.com\/hu\/szolgaltatasok\/cloud-es-tarhely\/","og_locale":"hu_HU","og_type":"article","og_title":"Cloud \u00e9s T\u00e1rhely - Deveho","og_description":"A Deveho tan\u00e1csad\u00f3 csoport felh\u0151- \u00e9s hosting szolg\u00e1ltat\u00e1sokat ny\u00fajt, amelyek testreszabottak az \u00d6n megl\u00e9v\u0151 szervezeti er\u0151ss\u00e9geihez, valamint figyelembe veszik j\u00f6v\u0151beli n\u00f6veked\u00e9si amb\u00edci\u00f3it.","og_url":"https:\/\/deveho.com\/hu\/szolgaltatasok\/cloud-es-tarhely\/","og_site_name":"Deveho","article_publisher":"https:\/\/www.facebook.com\/deveho","article_modified_time":"2023-09-08T15:41:37+00:00","twitter_card":"summary_large_image","twitter_site":"@Deveho1","twitter_misc":{"Becs\u00fclt olvas\u00e1si id\u0151":"2 perc"},"schema":{"@context":"https:\/\/schema.org","@graph":[{"@type":"WebPage","@id":"https:\/\/deveho.com\/hu\/szolgaltatasok\/cloud-es-tarhely\/","url":"https:\/\/deveho.com\/hu\/szolgaltatasok\/cloud-es-tarhely\/","name":"Cloud \u00e9s T\u00e1rhely - Deveho","isPartOf":{"@id":"https:\/\/deveho.com\/#website"},"datePublished":"2022-05-26T14:40:41+00:00","dateModified":"2023-09-08T15:41:37+00:00","breadcrumb":{"@id":"https:\/\/deveho.com\/hu\/szolgaltatasok\/cloud-es-tarhely\/#breadcrumb"},"inLanguage":"hu","potentialAction":[{"@type":"ReadAction","target":["https:\/\/deveho.com\/hu\/szolgaltatasok\/cloud-es-tarhely\/"]}]},{"@type":"BreadcrumbList","@id":"https:\/\/deveho.com\/hu\/szolgaltatasok\/cloud-es-tarhely\/#breadcrumb","itemListElement":[{"@type":"ListItem","position":1,"name":"Home","item":"https:\/\/deveho.com\/hu\/"},{"@type":"ListItem","position":2,"name":"Szolg\u00e1ltat\u00e1sok","item":"https:\/\/deveho.com\/hu\/szolgaltatasok\/"},{"@type":"ListItem","position":3,"name":"Cloud \u00e9s T\u00e1rhely"}]},{"@type":"WebSite","@id":"https:\/\/deveho.com\/#website","url":"https:\/\/deveho.com\/","name":"Deveho Consulting Group","description":"Let\u2019s boost your growth","publisher":{"@id":"https:\/\/deveho.com\/#organization"},"potentialAction":[{"@type":"SearchAction","target":{"@type":"EntryPoint","urlTemplate":"https:\/\/deveho.com\/?s={search_term_string}"},"query-input":{"@type":"PropertyValueSpecification","valueRequired":true,"valueName":"search_term_string"}}],"inLanguage":"hu"},{"@type":"Organization","@id":"https:\/\/deveho.com\/#organization","name":"Deveho Consulting Group","url":"https:\/\/deveho.com\/","logo":{"@type":"ImageObject","inLanguage":"hu","@id":"https:\/\/deveho.com\/#\/schema\/logo\/image\/","url":"https:\/\/deveho.com\/wp-content\/uploads\/2023\/02\/DEVEHO-LOGO-Baseline-COLOR.png","contentUrl":"https:\/\/deveho.com\/wp-content\/uploads\/2023\/02\/DEVEHO-LOGO-Baseline-COLOR.png","width":2251,"height":585,"caption":"Deveho Consulting Group"},"image":{"@id":"https:\/\/deveho.com\/#\/schema\/logo\/image\/"},"sameAs":["https:\/\/www.facebook.com\/deveho","https:\/\/x.com\/Deveho1","https:\/\/www.linkedin.com\/company\/deveho-consulting\/"]}]}},"_links":{"self":[{"href":"https:\/\/deveho.com\/hu\/wp-json\/wp\/v2\/pages\/10336"}],"collection":[{"href":"https:\/\/deveho.com\/hu\/wp-json\/wp\/v2\/pages"}],"about":[{"href":"https:\/\/deveho.com\/hu\/wp-json\/wp\/v2\/types\/page"}],"author":[{"embeddable":true,"href":"https:\/\/deveho.com\/hu\/wp-json\/wp\/v2\/users\/3"}],"replies":[{"embeddable":true,"href":"https:\/\/deveho.com\/hu\/wp-json\/wp\/v2\/comments?post=10336"}],"version-history":[{"count":0,"href":"https:\/\/deveho.com\/hu\/wp-json\/wp\/v2\/pages\/10336\/revisions"}],"up":[{"embeddable":true,"href":"https:\/\/deveho.com\/hu\/wp-json\/wp\/v2\/pages\/10339"}],"wp:attachment":[{"href":"https:\/\/deveho.com\/hu\/wp-json\/wp\/v2\/media?parent=10336"}],"curies":[{"name":"wp","href":"https:\/\/api.w.org\/{rel}","templated":true}]}}