{"id":10337,"date":"2022-05-26T14:51:34","date_gmt":"2022-05-26T14:51:34","guid":{"rendered":"https:\/\/deveho2.sfdbeta.be\/sage-frp-1000\/sage-frp-1000-dematerializacio\/"},"modified":"2022-08-10T07:00:59","modified_gmt":"2022-08-10T07:00:59","slug":"sage-frp-1000-dematerializacio","status":"publish","type":"page","link":"https:\/\/deveho.com\/hu\/termekek\/sage-frp-1000\/sage-frp-1000-dematerializacio\/","title":{"rendered":"SAGE FRP 1000 Dematerializ\u00e1ci\u00f3"},"content":{"rendered":"<br \/>\n<h2><\/h2>\n<h3><\/h3>\n<h3><red>A dematerializ\u00e1ci\u00f3 hozz\u00e1j\u00e1rul a pap\u00edrfelhaszn\u00e1l\u00e1s cs\u00f6kkent\u00e9s\u00e9hez, ami jelent\u0151s \u00f6kol\u00f3giai probl\u00e9ma, \u00e9s seg\u00edt jav\u00edtani a v\u00e1llalat CSR-\u00e9rt\u00e9kel\u00e9s\u00e9t. Az automatiz\u00e1l\u00e1s cs\u00f6kkenti a m\u0171k\u00f6d\u00e9si k\u00f6lts\u00e9geket \u00e9s a feldolgoz\u00e1si id\u0151t, mik\u00f6zben jav\u00edtja a nyomon k\u00f6vethet\u0151s\u00e9get \u00e9s a szab\u00e1lyoz\u00e1sok nyomon k\u00f6vet\u00e9s\u00e9t.<\/red>   <\/h3>\n<\/p>\n<h2>L\u00c1TOGASSA MEG BLOGUNKAT, HOGY V\u00c1LLALKOZ\u00c1S\u00c1NAK F\u0150 K\u00c9RD\u00c9SEIT C\u00c9LZ\u00d3 CIKKEKET \u00c9S INFORM\u00c1CI\u00d3KAT \u00c9RJEN EL<\/h2>\n<h3><\/h3>\n<\/p>\n<h3>Kapcsol\u00f3d\u00f3 profilok<\/h3>\n<p>Fedezze fel profilja alapj\u00e1n kialak\u00edtott tan\u00e1csad\u00e1si pontjait, amelyek seg\u00edtenek \u00e9s t\u00e1mogatj\u00e1k v\u00e1llalkoz\u00e1sa fejl\u0151d\u00e9s\u00e9t.<\/p>\n<h3>Kapcsol\u00f3d\u00f3 szolg\u00e1ltat\u00e1sok<\/h3>\n<p>Ismerje meg a kapcsol\u00f3d\u00f3 szolg\u00e1ltat\u00e1sainkat, melyekkel v\u00e1llalata fejl\u0151d\u00e9s\u00e9t t\u00e1mogathatjuk.<\/p>\n","protected":false},"excerpt":{"rendered":"<p>Aenean eu leo quam. Pellentesque ornare sem lacinia quam venenatis vestibulum. Fusce dapibus, tellus ac cursus commodo, tortor mauris condimentum nibh, ut fermentum massa justo sit amet risus. Cum sociis natoque.<\/p>\n","protected":false},"author":6,"featured_media":0,"parent":10309,"menu_order":0,"comment_status":"closed","ping_status":"closed","template":"templates\/template-prod_serv.php","meta":{"_acf_changed":false,"footnotes":""},"class_list":["post-10337","page","type-page","status-publish","hentry"],"acf":[],"yoast_head":"<!-- This site is optimized with the Yoast SEO plugin v23.5 - https:\/\/yoast.com\/wordpress\/plugins\/seo\/ -->\n<title>SAGE FRP 1000 Dematerializ\u00e1ci\u00f3 - Deveho<\/title>\n<meta name=\"robots\" content=\"index, follow, max-snippet:-1, max-image-preview:large, max-video-preview:-1\" \/>\n<link rel=\"canonical\" href=\"https:\/\/deveho.com\/products\/sage-frp-1000\/sage-frp-1000-dematerialisation\/\" \/>\n<meta property=\"og:locale\" content=\"hu_HU\" \/>\n<meta property=\"og:type\" content=\"article\" \/>\n<meta property=\"og:title\" content=\"SAGE FRP 1000 Dematerializ\u00e1ci\u00f3 - Deveho\" \/>\n<meta property=\"og:description\" content=\"Aenean eu leo quam. Pellentesque ornare sem lacinia quam venenatis vestibulum. Fusce dapibus, tellus ac cursus commodo, tortor mauris condimentum nibh, ut fermentum massa justo sit amet risus. Cum sociis natoque.\" \/>\n<meta property=\"og:url\" content=\"https:\/\/deveho.com\/products\/sage-frp-1000\/sage-frp-1000-dematerialisation\/\" \/>\n<meta property=\"og:site_name\" content=\"Deveho\" \/>\n<meta property=\"article:publisher\" content=\"https:\/\/www.facebook.com\/deveho\" \/>\n<meta property=\"article:modified_time\" content=\"2022-08-10T07:00:59+00:00\" \/>\n<meta name=\"twitter:card\" content=\"summary_large_image\" \/>\n<meta name=\"twitter:site\" content=\"@Deveho1\" \/>\n<meta name=\"twitter:label1\" content=\"Becs\u00fclt olvas\u00e1si id\u0151\" \/>\n\t<meta name=\"twitter:data1\" content=\"1 perc\" \/>\n<script type=\"application\/ld+json\" class=\"yoast-schema-graph\">{\"@context\":\"https:\/\/schema.org\",\"@graph\":[{\"@type\":\"WebPage\",\"@id\":\"https:\/\/deveho.com\/products\/sage-frp-1000\/sage-frp-1000-dematerialisation\/\",\"url\":\"https:\/\/deveho.com\/products\/sage-frp-1000\/sage-frp-1000-dematerialisation\/\",\"name\":\"SAGE FRP 1000 Dematerializ\u00e1ci\u00f3 - Deveho\",\"isPartOf\":{\"@id\":\"https:\/\/deveho.com\/#website\"},\"datePublished\":\"2022-05-26T14:51:34+00:00\",\"dateModified\":\"2022-08-10T07:00:59+00:00\",\"breadcrumb\":{\"@id\":\"https:\/\/deveho.com\/products\/sage-frp-1000\/sage-frp-1000-dematerialisation\/#breadcrumb\"},\"inLanguage\":\"hu\",\"potentialAction\":[{\"@type\":\"ReadAction\",\"target\":[\"https:\/\/deveho.com\/products\/sage-frp-1000\/sage-frp-1000-dematerialisation\/\"]}]},{\"@type\":\"BreadcrumbList\",\"@id\":\"https:\/\/deveho.com\/products\/sage-frp-1000\/sage-frp-1000-dematerialisation\/#breadcrumb\",\"itemListElement\":[{\"@type\":\"ListItem\",\"position\":1,\"name\":\"Home\",\"item\":\"https:\/\/deveho.com\/hu\/\"},{\"@type\":\"ListItem\",\"position\":2,\"name\":\"Term\u00e9kek\",\"item\":\"https:\/\/deveho.com\/hu\/termekek\/\"},{\"@type\":\"ListItem\",\"position\":3,\"name\":\"Sage FRP 1000\",\"item\":\"https:\/\/deveho.com\/hu\/termekek\/sage-frp-1000\/\"},{\"@type\":\"ListItem\",\"position\":4,\"name\":\"SAGE FRP 1000 Dematerializ\u00e1ci\u00f3\"}]},{\"@type\":\"WebSite\",\"@id\":\"https:\/\/deveho.com\/#website\",\"url\":\"https:\/\/deveho.com\/\",\"name\":\"Deveho Consulting Group\",\"description\":\"Let\u2019s boost your growth\",\"publisher\":{\"@id\":\"https:\/\/deveho.com\/#organization\"},\"potentialAction\":[{\"@type\":\"SearchAction\",\"target\":{\"@type\":\"EntryPoint\",\"urlTemplate\":\"https:\/\/deveho.com\/?s={search_term_string}\"},\"query-input\":{\"@type\":\"PropertyValueSpecification\",\"valueRequired\":true,\"valueName\":\"search_term_string\"}}],\"inLanguage\":\"hu\"},{\"@type\":\"Organization\",\"@id\":\"https:\/\/deveho.com\/#organization\",\"name\":\"Deveho Consulting Group\",\"url\":\"https:\/\/deveho.com\/\",\"logo\":{\"@type\":\"ImageObject\",\"inLanguage\":\"hu\",\"@id\":\"https:\/\/deveho.com\/#\/schema\/logo\/image\/\",\"url\":\"https:\/\/deveho.com\/wp-content\/uploads\/2023\/02\/DEVEHO-LOGO-Baseline-COLOR.png\",\"contentUrl\":\"https:\/\/deveho.com\/wp-content\/uploads\/2023\/02\/DEVEHO-LOGO-Baseline-COLOR.png\",\"width\":2251,\"height\":585,\"caption\":\"Deveho Consulting Group\"},\"image\":{\"@id\":\"https:\/\/deveho.com\/#\/schema\/logo\/image\/\"},\"sameAs\":[\"https:\/\/www.facebook.com\/deveho\",\"https:\/\/x.com\/Deveho1\",\"https:\/\/www.linkedin.com\/company\/deveho-consulting\/\"]}]}<\/script>\n<!-- \/ Yoast SEO plugin. -->","yoast_head_json":{"title":"SAGE FRP 1000 Dematerializ\u00e1ci\u00f3 - Deveho","robots":{"index":"index","follow":"follow","max-snippet":"max-snippet:-1","max-image-preview":"max-image-preview:large","max-video-preview":"max-video-preview:-1"},"canonical":"https:\/\/deveho.com\/products\/sage-frp-1000\/sage-frp-1000-dematerialisation\/","og_locale":"hu_HU","og_type":"article","og_title":"SAGE FRP 1000 Dematerializ\u00e1ci\u00f3 - Deveho","og_description":"Aenean eu leo quam. Pellentesque ornare sem lacinia quam venenatis vestibulum. Fusce dapibus, tellus ac cursus commodo, tortor mauris condimentum nibh, ut fermentum massa justo sit amet risus. Cum sociis natoque.","og_url":"https:\/\/deveho.com\/products\/sage-frp-1000\/sage-frp-1000-dematerialisation\/","og_site_name":"Deveho","article_publisher":"https:\/\/www.facebook.com\/deveho","article_modified_time":"2022-08-10T07:00:59+00:00","twitter_card":"summary_large_image","twitter_site":"@Deveho1","twitter_misc":{"Becs\u00fclt olvas\u00e1si id\u0151":"1 perc"},"schema":{"@context":"https:\/\/schema.org","@graph":[{"@type":"WebPage","@id":"https:\/\/deveho.com\/products\/sage-frp-1000\/sage-frp-1000-dematerialisation\/","url":"https:\/\/deveho.com\/products\/sage-frp-1000\/sage-frp-1000-dematerialisation\/","name":"SAGE FRP 1000 Dematerializ\u00e1ci\u00f3 - Deveho","isPartOf":{"@id":"https:\/\/deveho.com\/#website"},"datePublished":"2022-05-26T14:51:34+00:00","dateModified":"2022-08-10T07:00:59+00:00","breadcrumb":{"@id":"https:\/\/deveho.com\/products\/sage-frp-1000\/sage-frp-1000-dematerialisation\/#breadcrumb"},"inLanguage":"hu","potentialAction":[{"@type":"ReadAction","target":["https:\/\/deveho.com\/products\/sage-frp-1000\/sage-frp-1000-dematerialisation\/"]}]},{"@type":"BreadcrumbList","@id":"https:\/\/deveho.com\/products\/sage-frp-1000\/sage-frp-1000-dematerialisation\/#breadcrumb","itemListElement":[{"@type":"ListItem","position":1,"name":"Home","item":"https:\/\/deveho.com\/hu\/"},{"@type":"ListItem","position":2,"name":"Term\u00e9kek","item":"https:\/\/deveho.com\/hu\/termekek\/"},{"@type":"ListItem","position":3,"name":"Sage FRP 1000","item":"https:\/\/deveho.com\/hu\/termekek\/sage-frp-1000\/"},{"@type":"ListItem","position":4,"name":"SAGE FRP 1000 Dematerializ\u00e1ci\u00f3"}]},{"@type":"WebSite","@id":"https:\/\/deveho.com\/#website","url":"https:\/\/deveho.com\/","name":"Deveho Consulting Group","description":"Let\u2019s boost your growth","publisher":{"@id":"https:\/\/deveho.com\/#organization"},"potentialAction":[{"@type":"SearchAction","target":{"@type":"EntryPoint","urlTemplate":"https:\/\/deveho.com\/?s={search_term_string}"},"query-input":{"@type":"PropertyValueSpecification","valueRequired":true,"valueName":"search_term_string"}}],"inLanguage":"hu"},{"@type":"Organization","@id":"https:\/\/deveho.com\/#organization","name":"Deveho Consulting Group","url":"https:\/\/deveho.com\/","logo":{"@type":"ImageObject","inLanguage":"hu","@id":"https:\/\/deveho.com\/#\/schema\/logo\/image\/","url":"https:\/\/deveho.com\/wp-content\/uploads\/2023\/02\/DEVEHO-LOGO-Baseline-COLOR.png","contentUrl":"https:\/\/deveho.com\/wp-content\/uploads\/2023\/02\/DEVEHO-LOGO-Baseline-COLOR.png","width":2251,"height":585,"caption":"Deveho Consulting Group"},"image":{"@id":"https:\/\/deveho.com\/#\/schema\/logo\/image\/"},"sameAs":["https:\/\/www.facebook.com\/deveho","https:\/\/x.com\/Deveho1","https:\/\/www.linkedin.com\/company\/deveho-consulting\/"]}]}},"_links":{"self":[{"href":"https:\/\/deveho.com\/hu\/wp-json\/wp\/v2\/pages\/10337"}],"collection":[{"href":"https:\/\/deveho.com\/hu\/wp-json\/wp\/v2\/pages"}],"about":[{"href":"https:\/\/deveho.com\/hu\/wp-json\/wp\/v2\/types\/page"}],"author":[{"embeddable":true,"href":"https:\/\/deveho.com\/hu\/wp-json\/wp\/v2\/users\/6"}],"replies":[{"embeddable":true,"href":"https:\/\/deveho.com\/hu\/wp-json\/wp\/v2\/comments?post=10337"}],"version-history":[{"count":0,"href":"https:\/\/deveho.com\/hu\/wp-json\/wp\/v2\/pages\/10337\/revisions"}],"up":[{"embeddable":true,"href":"https:\/\/deveho.com\/hu\/wp-json\/wp\/v2\/pages\/10309"}],"wp:attachment":[{"href":"https:\/\/deveho.com\/hu\/wp-json\/wp\/v2\/media?parent=10337"}],"curies":[{"name":"wp","href":"https:\/\/api.w.org\/{rel}","templated":true}]}}