{"id":10345,"date":"2022-05-27T09:47:11","date_gmt":"2022-05-27T09:47:11","guid":{"rendered":"https:\/\/deveho2.sfdbeta.be\/termekek\/sage-xrt-solutions\/"},"modified":"2022-10-26T15:57:11","modified_gmt":"2022-10-26T13:57:11","slug":"sage-xrt-solutions","status":"publish","type":"page","link":"https:\/\/deveho.com\/hu\/termekek\/sage-xrt-solutions\/","title":{"rendered":"Sage XRT"},"content":{"rendered":"<br \/>\n<h2>Mi\u00e9rt \u00e9redmes a Sage XRT Solutions-t v\u00e1lasztani ?<\/h2>\n<h3>Biztons\u00e1g<\/h3>\n<p><p>ISO 27001\/27018 \u00e9s ISAE 3402 tan\u00fas\u00edtv\u00e1ny, SWIFTReady for Corporates \u2013 Cash Management c\u00edmke<\/p>\n<\/p>\n<h3>Gyorsas\u00e1g \u00e9s agilit\u00e1s<\/h3>\n<p><p>A megold\u00e1s integr\u00e1l\u00e1sa 20 nap alatt<\/p>\n<\/p>\n<h3>Teljes\u00edtm\u00e9ny<\/h3>\n<div id=\"flexitem-c2c160bab3ef4eeea3840d1427b61c05-1\" class=\"flex-item\">\n<div id=\"stylebox-158b6b18ec2b406ca846335f248bd090-0\" class=\"score-style-box\" data-ux-module=\"score_bootstrap\/Components\/StyleBox\" data-ux-state=\"loaded\">\n<div id=\"highlight-e8e038f240c3433d8ae0a7c178d633bd-0\" class=\"score-highlight highlight--horizontal\">\n<div class=\"caption\">\n<div class=\"score-highlight-body\">100,000 k\u00f6nyvel\u00e9si sor 20 m\u00e1sodperc alatt<\/div>\n<\/div>\n<\/div>\n<\/div>\n<\/div>\n<div id=\"flexitem-4ac2555df4cb4237a831f91ef63b4536-1\" class=\"flex-item\">\n<div id=\"stylebox-53bb1a7cced64bffa7db982351240792-0\" class=\"score-style-box\" data-ux-module=\"score_bootstrap\/Components\/StyleBox\" data-ux-state=\"loaded\">\n<div id=\"highlight-72ccb4d4c3a7403686f86acbae58adf1-0\" class=\"score-highlight highlight--horizontal\"><\/div>\n<\/div>\n<\/div>\n<h3>Megb\u00edzhat\u00f3s\u00e1g<\/h3>\n<p><p>A legnagyobb francia bankok \u00e1ltal haszn\u00e1lt megold\u00e1s<\/p>\n<\/p>\n<h3>El\u00e9gedetts\u00e9g<\/h3>\n<p><p>T\u00f6bb mint 2,300 \u00fcgyf\u00e9l haszn\u00e1lja az XRT Solutions-t<\/p>\n<\/p>\n<h2>Optimaliz\u00e1lja a forg\u00f3t\u0151ke kezel\u00e9s\u00e9t, a likvidit\u00e1st, vezessen hat\u00e9kony strat\u00e9gi\u00e1t \u00e9s szerezzen versenyel\u0151nyt.<\/h2>\n<h3>Cash-flowj\u00e1nak kontroll\u00e1l\u00e1sa<\/h3>\n<p><p>Likvidit\u00e1s\u00e1nak val\u00f3s idej\u0171 \u00e1ttekint\u00e9se lehet\u0151v\u00e9 teszi, hogy szigor\u00fa kompromisszumokat k\u00f6ss\u00f6n, figyelemmel k\u00eds\u00e9rje a t\u00e1rsas\u00e1g \u00e9s le\u00e1nyv\u00e1llalatai tev\u00e9kenys\u00e9g\u00e9t, \u00e9s optimaliz\u00e1lja a banki partnerekkel fenntartott kapcsolatokat.<\/p>\n<\/p>\n<h3>P\u00e9nz\u00fcgyi folymatainak egyeztet\u00e9se<\/h3>\n<p><p>Egy hat\u00e9kony automatiz\u00e1lt egyeztet\u0151 eszk\u00f6z (ak\u00e1r 90%) optimaliz\u00e1lja a feldolgoz\u00e1si id\u0151ket nagy mennyis\u00e9g\u0171 adathoz. Az egyeztet\u00e9si krit\u00e9riumok korl\u00e1tlanok, finomhangol\u00e1s\u00faak \u00e9s nagyon fejlettek. A felhaszn\u00e1l\u00f3 \u00e1ltal testreszabhat\u00f3 k\u00e9perny\u0151nek k\u00f6sz\u00f6nhet\u0151en a k\u00e9zi egyeztet\u00e9s nagym\u00e9rt\u00e9kben megk\u00f6nny\u00edthet\u0151.<\/p>\n<\/p>\n<h3>Banki hat\u00e1sk\u00f6r\u00f6k kezel\u00e9se<\/h3>\n<p><p>A banki jogk\u00f6r\u00f6k l\u00e9nyeges elemei a v\u00e1llalat p\u00e9nz\u00fcgyi biztons\u00e1gi l\u00e1nc\u00e1nak. Meghat\u00e1rozz\u00e1k, hogy ki mit tehet a v\u00e1llalati banksz\u00e1ml\u00e1kon.<\/p>\n<\/p>\n<h3>Jelent\u00e9sek<\/h3>\n<p><p>A legfontosabb mutat\u00f3kat tartalmaz\u00f3 \u00fczleti ir\u00e1ny\u00edt\u00f3pultok a v\u00e1llalat tev\u00e9kenys\u00e9g\u00e9nek \u00e9s az egyes felhaszn\u00e1l\u00f3k profilj\u00e1nak megfelel\u0151en testreszabottak. A be\u00e9p\u00edtett jelent\u00e9stervez\u0151 sz\u00e1mos lehet\u0151s\u00e9get k\u00edn\u00e1l az adatok elemz\u00e9s\u00e9re ak\u00e1r adatr\u00e1cson, pivot t\u00e1bl\u00e1n vagy grafikonon kereszt\u00fcl, ak\u00e1r adatok export\u00e1l\u00e1s\u00e1ra k\u00fcl\u00f6nf\u00e9le form\u00e1tumokban (Excel\u00ae, PDF, egy\u00e9b konfigur\u00e1lhat\u00f3 form\u00e1tumok).<\/p>\n<\/p>\n<h3>Egy\u00fcttm\u0171k\u00f6d\u0151 \u00e9s nyitott munkaplatform<\/h3>\n<p><p>Megk\u00f6nny\u00edti a cser\u00e9t c\u00e9ge p\u00e9nz\u00fcgyi szerepl\u0151ivel (p\u00e9nzt\u00e1ros, p\u00e9nz\u00fcgyi igazgat\u00f3, bankok stb.), \u00e9s integr\u00e1lhat\u00f3 a Sage megold\u00e1saival, valamint a piacon l\u00e9v\u0151 \u00f6sszes ERP rendszerrel. Az adatcser\u00e9t megk\u00f6nny\u00edti a konverterekkel gazdag\u00edtott konfigur\u00e1lhat\u00f3 interf\u00e9sz.<\/p>\n<\/p>\n<h3>A le\u00e1nyv\u00e1llalat-holding kapcsolat optimaliz\u00e1l\u00e1sa<\/h3>\n<p><p>A csoporton bel\u00fcli szervezeti fel\u00e9p\u00edt\u00e9st, valamint az anyav\u00e1llalat \u00e9s le\u00e1nyv\u00e1llalatai k\u00f6z\u00f6tti kapcsolatot a t\u00e1rsas\u00e1g bels\u0151 szervezet\u00e9nek megfelel\u0151en kell meghat\u00e1rozni. K\u00fcl\u00f6nf\u00e9le t\u00edpus\u00fa kapcsolatok lehets\u00e9gesek, p\u00e9ld\u00e1ul p\u00e9nzeszk\u00f6z\u00f6k vagy k\u00f6lcs\u00f6n\u00f6k \u00e1tutal\u00e1sa.<\/p>\n<\/p>\n<h3>Megn\u00f6velt termel\u00e9kenys\u00e9g<\/h3>\n<p><p>Az egyszer\u0171 internetb\u00f6ng\u00e9sz\u0151n kereszt\u00fcl \u00e9s k\u00fcl\u00f6nb\u00f6z\u0151 eszk\u00f6z\u00f6kr\u0151l (sz\u00e1m\u00edt\u00f3g\u00e9p, t\u00e1blag\u00e9p, okostelefon) el\u00e9rhet\u0151, egyszer\u0171, intuit\u00edv \u00e9s felhaszn\u00e1l\u00f3bar\u00e1t navig\u00e1ci\u00f3t k\u00edn\u00e1l\u00f3 platform biztons\u00e1gos hozz\u00e1f\u00e9r\u00e9st tesz lehet\u0151v\u00e9 b\u00e1rhol \u00e9s b\u00e1rmikor a p\u00e9nz\u00fcgyi inform\u00e1ci\u00f3k megoszt\u00e1s\u00e1hoz.<\/p>\n<\/p>\n<h3><red>Haszn\u00e1lja ki likvidit\u00e1sa teljes k\u00f6r\u0171 \u00e9s val\u00f3s idej\u0171 l\u00e1that\u00f3s\u00e1g\u00e1t, \u00e9s optimaliz\u00e1lja p\u00e9nz\u00fcgyi er\u0151forr\u00e1sait<\/red>.<\/h3>\n<\/p>\n<p>Hozz\u00e1f\u00e9rhet\u0151 technol\u00f3gia<\/p>\n<p>A likvidit\u00e1s glob\u00e1lis k\u00e9pe<\/p>\n<p>Teljes kompatibilt\u00e1s<\/p>\n<p>Hat\u00e9konyabb d\u00f6nt\u00e9sek<\/p>\n<p>Meger\u0151s\u00edtett biztons\u00e1g<\/p>\n<p>Cs\u00f6kkentett kock\u00e1zat<\/p>\n<p>Cs\u00f6kkentett k\u00f6lts\u00e9gek<\/p>\n<p>Nagyobb hat\u00e1konys\u00e1g<\/p>\n<p>Z\u00f6kken\u0151mentes integr\u00e1ci\u00f3<\/p>\n<p>\u00c9rthet\u0151 cash flow menedzsment<\/p>\n<p>Normat\u00edv megfelel\u00e9s<\/p>\n<h2><\/h2>\n<h3>Kapcsol\u00f3d\u00f3 oldalak<\/h3>\n<\/p>\n<h3><\/h3>\n<\/p>\n<h3><\/h3><\/p>\n","protected":false},"excerpt":{"rendered":"<p>A Sage XRT (Treasury, Business Exchange, Online Banking) megold\u00e1sok lehet\u0151v\u00e9 teszik a v\u00e1llalkoz\u00e1sok sz\u00e1m\u00e1ra a p\u00e9nzforgalmi inform\u00e1ci\u00f3k k\u00f6zpontos\u00edt\u00e1s\u00e1t, a strat\u00e9giai \u00fczleti folyamatok \u00e9sszer\u0171s\u00edt\u00e9s\u00e9t, valamint az \u00fczleti \u00e9s banki partnerekkel folytatott p\u00e9nz\u00fcgyi kommunik\u00e1ci\u00f3 automatiz\u00e1l\u00e1s\u00e1t. . Hat\u00e9kony funkci\u00f3ival a Sage XRT Solutions seg\u00edti a v\u00e1llalkoz\u00e1sokat p\u00e9nzt\u00e1ri, k\u00e9szp\u00e9nzkezel\u00e9si \u00e9s online banki feladataik ell\u00e1t\u00e1s\u00e1ban. Ez a h\u00e1rom dimenzi\u00f3 a v\u00e1llalatok fenntarthat\u00f3s\u00e1ga szempontj\u00e1b\u00f3l n\u00e9lk\u00fcl\u00f6zhetetlen, a n\u00f6veked\u00e9s\u00fcket t\u00e1mogat\u00f3 szil\u00e1rd strat\u00e9gi\u00e1k pill\u00e9re is.<\/p>\n","protected":false},"author":3,"featured_media":0,"parent":10338,"menu_order":0,"comment_status":"closed","ping_status":"closed","template":"templates\/template-prod_serv.php","meta":{"_acf_changed":false,"footnotes":""},"class_list":["post-10345","page","type-page","status-publish","hentry"],"acf":[],"yoast_head":"<!-- This site is optimized with the Yoast SEO plugin v23.5 - https:\/\/yoast.com\/wordpress\/plugins\/seo\/ -->\n<title>Sage XRT - Deveho<\/title>\n<meta name=\"robots\" content=\"index, follow, max-snippet:-1, max-image-preview:large, max-video-preview:-1\" \/>\n<link rel=\"canonical\" href=\"https:\/\/deveho.com\/hu\/termekek\/sage-xrt-solutions\/\" \/>\n<meta property=\"og:locale\" content=\"hu_HU\" \/>\n<meta property=\"og:type\" content=\"article\" \/>\n<meta property=\"og:title\" content=\"Sage XRT - Deveho\" \/>\n<meta property=\"og:description\" content=\"A Sage XRT (Treasury, Business Exchange, Online Banking) megold\u00e1sok lehet\u0151v\u00e9 teszik a v\u00e1llalkoz\u00e1sok sz\u00e1m\u00e1ra a p\u00e9nzforgalmi inform\u00e1ci\u00f3k k\u00f6zpontos\u00edt\u00e1s\u00e1t, a strat\u00e9giai \u00fczleti folyamatok \u00e9sszer\u0171s\u00edt\u00e9s\u00e9t, valamint az \u00fczleti \u00e9s banki partnerekkel folytatott p\u00e9nz\u00fcgyi kommunik\u00e1ci\u00f3 automatiz\u00e1l\u00e1s\u00e1t. . Hat\u00e9kony funkci\u00f3ival a Sage XRT Solutions seg\u00edti a v\u00e1llalkoz\u00e1sokat p\u00e9nzt\u00e1ri, k\u00e9szp\u00e9nzkezel\u00e9si \u00e9s online banki feladataik ell\u00e1t\u00e1s\u00e1ban. Ez a h\u00e1rom dimenzi\u00f3 a v\u00e1llalatok fenntarthat\u00f3s\u00e1ga szempontj\u00e1b\u00f3l n\u00e9lk\u00fcl\u00f6zhetetlen, a n\u00f6veked\u00e9s\u00fcket t\u00e1mogat\u00f3 szil\u00e1rd strat\u00e9gi\u00e1k pill\u00e9re is.\" \/>\n<meta property=\"og:url\" content=\"https:\/\/deveho.com\/hu\/termekek\/sage-xrt-solutions\/\" \/>\n<meta property=\"og:site_name\" content=\"Deveho\" \/>\n<meta property=\"article:publisher\" content=\"https:\/\/www.facebook.com\/deveho\" \/>\n<meta property=\"article:modified_time\" content=\"2022-10-26T13:57:11+00:00\" \/>\n<meta name=\"twitter:card\" content=\"summary_large_image\" \/>\n<meta name=\"twitter:site\" content=\"@Deveho1\" \/>\n<meta name=\"twitter:label1\" content=\"Becs\u00fclt olvas\u00e1si id\u0151\" \/>\n\t<meta name=\"twitter:data1\" content=\"3 perc\" \/>\n<script type=\"application\/ld+json\" class=\"yoast-schema-graph\">{\"@context\":\"https:\/\/schema.org\",\"@graph\":[{\"@type\":\"WebPage\",\"@id\":\"https:\/\/deveho.com\/hu\/termekek\/sage-xrt-solutions\/\",\"url\":\"https:\/\/deveho.com\/hu\/termekek\/sage-xrt-solutions\/\",\"name\":\"Sage XRT - Deveho\",\"isPartOf\":{\"@id\":\"https:\/\/deveho.com\/#website\"},\"datePublished\":\"2022-05-27T09:47:11+00:00\",\"dateModified\":\"2022-10-26T13:57:11+00:00\",\"breadcrumb\":{\"@id\":\"https:\/\/deveho.com\/hu\/termekek\/sage-xrt-solutions\/#breadcrumb\"},\"inLanguage\":\"hu\",\"potentialAction\":[{\"@type\":\"ReadAction\",\"target\":[\"https:\/\/deveho.com\/hu\/termekek\/sage-xrt-solutions\/\"]}]},{\"@type\":\"BreadcrumbList\",\"@id\":\"https:\/\/deveho.com\/hu\/termekek\/sage-xrt-solutions\/#breadcrumb\",\"itemListElement\":[{\"@type\":\"ListItem\",\"position\":1,\"name\":\"Home\",\"item\":\"https:\/\/deveho.com\/hu\/\"},{\"@type\":\"ListItem\",\"position\":2,\"name\":\"Term\u00e9kek\",\"item\":\"https:\/\/deveho.com\/hu\/termekek\/\"},{\"@type\":\"ListItem\",\"position\":3,\"name\":\"Sage XRT\"}]},{\"@type\":\"WebSite\",\"@id\":\"https:\/\/deveho.com\/#website\",\"url\":\"https:\/\/deveho.com\/\",\"name\":\"Deveho Consulting Group\",\"description\":\"Let\u2019s boost your growth\",\"publisher\":{\"@id\":\"https:\/\/deveho.com\/#organization\"},\"potentialAction\":[{\"@type\":\"SearchAction\",\"target\":{\"@type\":\"EntryPoint\",\"urlTemplate\":\"https:\/\/deveho.com\/?s={search_term_string}\"},\"query-input\":{\"@type\":\"PropertyValueSpecification\",\"valueRequired\":true,\"valueName\":\"search_term_string\"}}],\"inLanguage\":\"hu\"},{\"@type\":\"Organization\",\"@id\":\"https:\/\/deveho.com\/#organization\",\"name\":\"Deveho Consulting Group\",\"url\":\"https:\/\/deveho.com\/\",\"logo\":{\"@type\":\"ImageObject\",\"inLanguage\":\"hu\",\"@id\":\"https:\/\/deveho.com\/#\/schema\/logo\/image\/\",\"url\":\"https:\/\/deveho.com\/wp-content\/uploads\/2023\/02\/DEVEHO-LOGO-Baseline-COLOR.png\",\"contentUrl\":\"https:\/\/deveho.com\/wp-content\/uploads\/2023\/02\/DEVEHO-LOGO-Baseline-COLOR.png\",\"width\":2251,\"height\":585,\"caption\":\"Deveho Consulting Group\"},\"image\":{\"@id\":\"https:\/\/deveho.com\/#\/schema\/logo\/image\/\"},\"sameAs\":[\"https:\/\/www.facebook.com\/deveho\",\"https:\/\/x.com\/Deveho1\",\"https:\/\/www.linkedin.com\/company\/deveho-consulting\/\"]}]}<\/script>\n<!-- \/ Yoast SEO plugin. -->","yoast_head_json":{"title":"Sage XRT - Deveho","robots":{"index":"index","follow":"follow","max-snippet":"max-snippet:-1","max-image-preview":"max-image-preview:large","max-video-preview":"max-video-preview:-1"},"canonical":"https:\/\/deveho.com\/hu\/termekek\/sage-xrt-solutions\/","og_locale":"hu_HU","og_type":"article","og_title":"Sage XRT - Deveho","og_description":"A Sage XRT (Treasury, Business Exchange, Online Banking) megold\u00e1sok lehet\u0151v\u00e9 teszik a v\u00e1llalkoz\u00e1sok sz\u00e1m\u00e1ra a p\u00e9nzforgalmi inform\u00e1ci\u00f3k k\u00f6zpontos\u00edt\u00e1s\u00e1t, a strat\u00e9giai \u00fczleti folyamatok \u00e9sszer\u0171s\u00edt\u00e9s\u00e9t, valamint az \u00fczleti \u00e9s banki partnerekkel folytatott p\u00e9nz\u00fcgyi kommunik\u00e1ci\u00f3 automatiz\u00e1l\u00e1s\u00e1t. . Hat\u00e9kony funkci\u00f3ival a Sage XRT Solutions seg\u00edti a v\u00e1llalkoz\u00e1sokat p\u00e9nzt\u00e1ri, k\u00e9szp\u00e9nzkezel\u00e9si \u00e9s online banki feladataik ell\u00e1t\u00e1s\u00e1ban. Ez a h\u00e1rom dimenzi\u00f3 a v\u00e1llalatok fenntarthat\u00f3s\u00e1ga szempontj\u00e1b\u00f3l n\u00e9lk\u00fcl\u00f6zhetetlen, a n\u00f6veked\u00e9s\u00fcket t\u00e1mogat\u00f3 szil\u00e1rd strat\u00e9gi\u00e1k pill\u00e9re is.","og_url":"https:\/\/deveho.com\/hu\/termekek\/sage-xrt-solutions\/","og_site_name":"Deveho","article_publisher":"https:\/\/www.facebook.com\/deveho","article_modified_time":"2022-10-26T13:57:11+00:00","twitter_card":"summary_large_image","twitter_site":"@Deveho1","twitter_misc":{"Becs\u00fclt olvas\u00e1si id\u0151":"3 perc"},"schema":{"@context":"https:\/\/schema.org","@graph":[{"@type":"WebPage","@id":"https:\/\/deveho.com\/hu\/termekek\/sage-xrt-solutions\/","url":"https:\/\/deveho.com\/hu\/termekek\/sage-xrt-solutions\/","name":"Sage XRT - Deveho","isPartOf":{"@id":"https:\/\/deveho.com\/#website"},"datePublished":"2022-05-27T09:47:11+00:00","dateModified":"2022-10-26T13:57:11+00:00","breadcrumb":{"@id":"https:\/\/deveho.com\/hu\/termekek\/sage-xrt-solutions\/#breadcrumb"},"inLanguage":"hu","potentialAction":[{"@type":"ReadAction","target":["https:\/\/deveho.com\/hu\/termekek\/sage-xrt-solutions\/"]}]},{"@type":"BreadcrumbList","@id":"https:\/\/deveho.com\/hu\/termekek\/sage-xrt-solutions\/#breadcrumb","itemListElement":[{"@type":"ListItem","position":1,"name":"Home","item":"https:\/\/deveho.com\/hu\/"},{"@type":"ListItem","position":2,"name":"Term\u00e9kek","item":"https:\/\/deveho.com\/hu\/termekek\/"},{"@type":"ListItem","position":3,"name":"Sage XRT"}]},{"@type":"WebSite","@id":"https:\/\/deveho.com\/#website","url":"https:\/\/deveho.com\/","name":"Deveho Consulting Group","description":"Let\u2019s boost your growth","publisher":{"@id":"https:\/\/deveho.com\/#organization"},"potentialAction":[{"@type":"SearchAction","target":{"@type":"EntryPoint","urlTemplate":"https:\/\/deveho.com\/?s={search_term_string}"},"query-input":{"@type":"PropertyValueSpecification","valueRequired":true,"valueName":"search_term_string"}}],"inLanguage":"hu"},{"@type":"Organization","@id":"https:\/\/deveho.com\/#organization","name":"Deveho Consulting Group","url":"https:\/\/deveho.com\/","logo":{"@type":"ImageObject","inLanguage":"hu","@id":"https:\/\/deveho.com\/#\/schema\/logo\/image\/","url":"https:\/\/deveho.com\/wp-content\/uploads\/2023\/02\/DEVEHO-LOGO-Baseline-COLOR.png","contentUrl":"https:\/\/deveho.com\/wp-content\/uploads\/2023\/02\/DEVEHO-LOGO-Baseline-COLOR.png","width":2251,"height":585,"caption":"Deveho Consulting Group"},"image":{"@id":"https:\/\/deveho.com\/#\/schema\/logo\/image\/"},"sameAs":["https:\/\/www.facebook.com\/deveho","https:\/\/x.com\/Deveho1","https:\/\/www.linkedin.com\/company\/deveho-consulting\/"]}]}},"_links":{"self":[{"href":"https:\/\/deveho.com\/hu\/wp-json\/wp\/v2\/pages\/10345"}],"collection":[{"href":"https:\/\/deveho.com\/hu\/wp-json\/wp\/v2\/pages"}],"about":[{"href":"https:\/\/deveho.com\/hu\/wp-json\/wp\/v2\/types\/page"}],"author":[{"embeddable":true,"href":"https:\/\/deveho.com\/hu\/wp-json\/wp\/v2\/users\/3"}],"replies":[{"embeddable":true,"href":"https:\/\/deveho.com\/hu\/wp-json\/wp\/v2\/comments?post=10345"}],"version-history":[{"count":0,"href":"https:\/\/deveho.com\/hu\/wp-json\/wp\/v2\/pages\/10345\/revisions"}],"up":[{"embeddable":true,"href":"https:\/\/deveho.com\/hu\/wp-json\/wp\/v2\/pages\/10338"}],"wp:attachment":[{"href":"https:\/\/deveho.com\/hu\/wp-json\/wp\/v2\/media?parent=10345"}],"curies":[{"name":"wp","href":"https:\/\/api.w.org\/{rel}","templated":true}]}}