{"id":28328,"date":"2024-02-27T15:55:51","date_gmt":"2024-02-27T13:55:51","guid":{"rendered":"https:\/\/deveho.com\/szolgaltatasok\/e-invoicing\/"},"modified":"2025-12-18T18:20:09","modified_gmt":"2025-12-18T16:20:09","slug":"e-szamlazasi-utemterv","status":"publish","type":"page","link":"https:\/\/deveho.com\/hu\/szolgaltatasok\/e-szamlazasi-utemterv\/","title":{"rendered":"E-sz\u00e1ml\u00e1z\u00e1si \u00fctemterv"},"content":{"rendered":"<br \/>\n<h2><\/h2>\n<h3>Eur\u00f3pai<br \/>e-sz\u00e1ml\u00e1z\u00e1si <br \/><red>\u00fctemterv<\/red> <\/h3>\n<h3>Franciaorsz\u00e1gban, Hollandi\u00e1ban, Sv\u00e1jcban, Spanyolorsz\u00e1gban, Marokk\u00f3ban, Lettorsz\u00e1gban, Litv\u00e1ni\u00e1ban, Lengyelorsz\u00e1gban, Csehorsz\u00e1gban, Szlov\u00e1ki\u00e1ban, Magyarorsz\u00e1gon \u00e9s Rom\u00e1ni\u00e1ban helyi csapatokkal a Deveho Consulting Group seg\u00edthet \u00d6nnek a pap\u00edrmentes k\u00f6nyvel\u00e9s kezel\u00e9s\u00e9ben \u00e9s annak az \u00d6n piac\u00e1nak e-sz\u00e1ml\u00e1z\u00e1si k\u00f6vetelm\u00e9nyeihez val\u00f3 alkalmaz\u00e1s\u00e1ban.<br \/>\n<\/h3>\n<p><p>Az e-sz\u00e1ml\u00e1z\u00e1s bevezet\u00e9se orsz\u00e1gonk\u00e9nt v\u00e1ltozhat, mivel gyakran a helyi ad\u00f3hat\u00f3s\u00e1gok \u00e1ltal meghat\u00e1rozott speci\u00e1lis standardok \u00e9s k\u00f6vetelm\u00e9nyek vannak \u00e9rv\u00e9nyben.<br \/>\nIsmerje meg a helyi elektronikus sz\u00e1ml\u00e1z\u00e1si k\u00f6vetelm\u00e9nyeket.<br \/>\nTov\u00e1bbi inform\u00e1ci\u00f3k<\/p><\/p>\n","protected":false},"excerpt":{"rendered":"<p>Egyszer\u0171s\u00edtse a sz\u00e1mlakezel\u00e9st \u00e9s maximaliz\u00e1lja a termel\u00e9kenys\u00e9get az e-sz\u00e1ml\u00e1z\u00e1snak k\u00f6sz\u00f6nhet\u0151en. B\u00edzjon a Deveho Consulting Group-ban az \u00d6n sz\u00e1mviteli dokumentumainak dematerializ\u00e1l\u00e1s\u00e1ban.<\/p>\n","protected":false},"author":34,"featured_media":0,"parent":10339,"menu_order":0,"comment_status":"closed","ping_status":"closed","template":"templates\/template-prod_serv.php","meta":{"_acf_changed":false,"footnotes":""},"class_list":["post-28328","page","type-page","status-publish","hentry"],"acf":[],"yoast_head":"<!-- This site is optimized with the Yoast SEO plugin v23.5 - https:\/\/yoast.com\/wordpress\/plugins\/seo\/ -->\n<title>E-sz\u00e1ml\u00e1z\u00e1si \u00fctemterv - Deveho<\/title>\n<meta name=\"description\" content=\"Find out about the government&#039;s new e-invoicing regulations. Anticipate the regulations and get ready for electronic invoicing.\" \/>\n<meta name=\"robots\" content=\"index, follow, max-snippet:-1, max-image-preview:large, max-video-preview:-1\" \/>\n<link rel=\"canonical\" href=\"https:\/\/deveho.com\/hu\/szolgaltatasok\/e-szamlazasi-utemterv\/\" \/>\n<meta property=\"og:locale\" content=\"hu_HU\" \/>\n<meta property=\"og:type\" content=\"article\" \/>\n<meta property=\"og:title\" content=\"E-sz\u00e1ml\u00e1z\u00e1si \u00fctemterv - Deveho\" \/>\n<meta property=\"og:description\" content=\"Find out about the government&#039;s new e-invoicing regulations. Anticipate the regulations and get ready for electronic invoicing.\" \/>\n<meta property=\"og:url\" content=\"https:\/\/deveho.com\/hu\/szolgaltatasok\/e-szamlazasi-utemterv\/\" \/>\n<meta property=\"og:site_name\" content=\"Deveho\" \/>\n<meta property=\"article:publisher\" content=\"https:\/\/www.facebook.com\/deveho\" \/>\n<meta property=\"article:modified_time\" content=\"2025-12-18T16:20:09+00:00\" \/>\n<meta name=\"twitter:card\" content=\"summary_large_image\" \/>\n<meta name=\"twitter:site\" content=\"@Deveho1\" \/>\n<meta name=\"twitter:label1\" content=\"Becs\u00fclt olvas\u00e1si id\u0151\" \/>\n\t<meta name=\"twitter:data1\" content=\"1 perc\" \/>\n<script type=\"application\/ld+json\" class=\"yoast-schema-graph\">{\"@context\":\"https:\/\/schema.org\",\"@graph\":[{\"@type\":\"WebPage\",\"@id\":\"https:\/\/deveho.com\/hu\/szolgaltatasok\/e-szamlazasi-utemterv\/\",\"url\":\"https:\/\/deveho.com\/hu\/szolgaltatasok\/e-szamlazasi-utemterv\/\",\"name\":\"E-sz\u00e1ml\u00e1z\u00e1si \u00fctemterv - Deveho\",\"isPartOf\":{\"@id\":\"https:\/\/deveho.com\/#website\"},\"datePublished\":\"2024-02-27T13:55:51+00:00\",\"dateModified\":\"2025-12-18T16:20:09+00:00\",\"description\":\"Find out about the government's new e-invoicing regulations. Anticipate the regulations and get ready for electronic invoicing.\",\"breadcrumb\":{\"@id\":\"https:\/\/deveho.com\/hu\/szolgaltatasok\/e-szamlazasi-utemterv\/#breadcrumb\"},\"inLanguage\":\"hu\",\"potentialAction\":[{\"@type\":\"ReadAction\",\"target\":[\"https:\/\/deveho.com\/hu\/szolgaltatasok\/e-szamlazasi-utemterv\/\"]}]},{\"@type\":\"BreadcrumbList\",\"@id\":\"https:\/\/deveho.com\/hu\/szolgaltatasok\/e-szamlazasi-utemterv\/#breadcrumb\",\"itemListElement\":[{\"@type\":\"ListItem\",\"position\":1,\"name\":\"Home\",\"item\":\"https:\/\/deveho.com\/hu\/\"},{\"@type\":\"ListItem\",\"position\":2,\"name\":\"Szolg\u00e1ltat\u00e1sok\",\"item\":\"https:\/\/deveho.com\/hu\/szolgaltatasok\/\"},{\"@type\":\"ListItem\",\"position\":3,\"name\":\"E-sz\u00e1ml\u00e1z\u00e1si \u00fctemterv\"}]},{\"@type\":\"WebSite\",\"@id\":\"https:\/\/deveho.com\/#website\",\"url\":\"https:\/\/deveho.com\/\",\"name\":\"Deveho Consulting Group\",\"description\":\"Let\u2019s boost your growth\",\"publisher\":{\"@id\":\"https:\/\/deveho.com\/#organization\"},\"potentialAction\":[{\"@type\":\"SearchAction\",\"target\":{\"@type\":\"EntryPoint\",\"urlTemplate\":\"https:\/\/deveho.com\/?s={search_term_string}\"},\"query-input\":{\"@type\":\"PropertyValueSpecification\",\"valueRequired\":true,\"valueName\":\"search_term_string\"}}],\"inLanguage\":\"hu\"},{\"@type\":\"Organization\",\"@id\":\"https:\/\/deveho.com\/#organization\",\"name\":\"Deveho Consulting Group\",\"url\":\"https:\/\/deveho.com\/\",\"logo\":{\"@type\":\"ImageObject\",\"inLanguage\":\"hu\",\"@id\":\"https:\/\/deveho.com\/#\/schema\/logo\/image\/\",\"url\":\"https:\/\/deveho.com\/wp-content\/uploads\/2023\/02\/DEVEHO-LOGO-Baseline-COLOR.png\",\"contentUrl\":\"https:\/\/deveho.com\/wp-content\/uploads\/2023\/02\/DEVEHO-LOGO-Baseline-COLOR.png\",\"width\":2251,\"height\":585,\"caption\":\"Deveho Consulting Group\"},\"image\":{\"@id\":\"https:\/\/deveho.com\/#\/schema\/logo\/image\/\"},\"sameAs\":[\"https:\/\/www.facebook.com\/deveho\",\"https:\/\/x.com\/Deveho1\",\"https:\/\/www.linkedin.com\/company\/deveho-consulting\/\"]}]}<\/script>\n<!-- \/ Yoast SEO plugin. -->","yoast_head_json":{"title":"E-sz\u00e1ml\u00e1z\u00e1si \u00fctemterv - Deveho","description":"Find out about the government's new e-invoicing regulations. Anticipate the regulations and get ready for electronic invoicing.","robots":{"index":"index","follow":"follow","max-snippet":"max-snippet:-1","max-image-preview":"max-image-preview:large","max-video-preview":"max-video-preview:-1"},"canonical":"https:\/\/deveho.com\/hu\/szolgaltatasok\/e-szamlazasi-utemterv\/","og_locale":"hu_HU","og_type":"article","og_title":"E-sz\u00e1ml\u00e1z\u00e1si \u00fctemterv - Deveho","og_description":"Find out about the government's new e-invoicing regulations. Anticipate the regulations and get ready for electronic invoicing.","og_url":"https:\/\/deveho.com\/hu\/szolgaltatasok\/e-szamlazasi-utemterv\/","og_site_name":"Deveho","article_publisher":"https:\/\/www.facebook.com\/deveho","article_modified_time":"2025-12-18T16:20:09+00:00","twitter_card":"summary_large_image","twitter_site":"@Deveho1","twitter_misc":{"Becs\u00fclt olvas\u00e1si id\u0151":"1 perc"},"schema":{"@context":"https:\/\/schema.org","@graph":[{"@type":"WebPage","@id":"https:\/\/deveho.com\/hu\/szolgaltatasok\/e-szamlazasi-utemterv\/","url":"https:\/\/deveho.com\/hu\/szolgaltatasok\/e-szamlazasi-utemterv\/","name":"E-sz\u00e1ml\u00e1z\u00e1si \u00fctemterv - Deveho","isPartOf":{"@id":"https:\/\/deveho.com\/#website"},"datePublished":"2024-02-27T13:55:51+00:00","dateModified":"2025-12-18T16:20:09+00:00","description":"Find out about the government's new e-invoicing regulations. Anticipate the regulations and get ready for electronic invoicing.","breadcrumb":{"@id":"https:\/\/deveho.com\/hu\/szolgaltatasok\/e-szamlazasi-utemterv\/#breadcrumb"},"inLanguage":"hu","potentialAction":[{"@type":"ReadAction","target":["https:\/\/deveho.com\/hu\/szolgaltatasok\/e-szamlazasi-utemterv\/"]}]},{"@type":"BreadcrumbList","@id":"https:\/\/deveho.com\/hu\/szolgaltatasok\/e-szamlazasi-utemterv\/#breadcrumb","itemListElement":[{"@type":"ListItem","position":1,"name":"Home","item":"https:\/\/deveho.com\/hu\/"},{"@type":"ListItem","position":2,"name":"Szolg\u00e1ltat\u00e1sok","item":"https:\/\/deveho.com\/hu\/szolgaltatasok\/"},{"@type":"ListItem","position":3,"name":"E-sz\u00e1ml\u00e1z\u00e1si \u00fctemterv"}]},{"@type":"WebSite","@id":"https:\/\/deveho.com\/#website","url":"https:\/\/deveho.com\/","name":"Deveho Consulting Group","description":"Let\u2019s boost your growth","publisher":{"@id":"https:\/\/deveho.com\/#organization"},"potentialAction":[{"@type":"SearchAction","target":{"@type":"EntryPoint","urlTemplate":"https:\/\/deveho.com\/?s={search_term_string}"},"query-input":{"@type":"PropertyValueSpecification","valueRequired":true,"valueName":"search_term_string"}}],"inLanguage":"hu"},{"@type":"Organization","@id":"https:\/\/deveho.com\/#organization","name":"Deveho Consulting Group","url":"https:\/\/deveho.com\/","logo":{"@type":"ImageObject","inLanguage":"hu","@id":"https:\/\/deveho.com\/#\/schema\/logo\/image\/","url":"https:\/\/deveho.com\/wp-content\/uploads\/2023\/02\/DEVEHO-LOGO-Baseline-COLOR.png","contentUrl":"https:\/\/deveho.com\/wp-content\/uploads\/2023\/02\/DEVEHO-LOGO-Baseline-COLOR.png","width":2251,"height":585,"caption":"Deveho Consulting Group"},"image":{"@id":"https:\/\/deveho.com\/#\/schema\/logo\/image\/"},"sameAs":["https:\/\/www.facebook.com\/deveho","https:\/\/x.com\/Deveho1","https:\/\/www.linkedin.com\/company\/deveho-consulting\/"]}]}},"_links":{"self":[{"href":"https:\/\/deveho.com\/hu\/wp-json\/wp\/v2\/pages\/28328"}],"collection":[{"href":"https:\/\/deveho.com\/hu\/wp-json\/wp\/v2\/pages"}],"about":[{"href":"https:\/\/deveho.com\/hu\/wp-json\/wp\/v2\/types\/page"}],"author":[{"embeddable":true,"href":"https:\/\/deveho.com\/hu\/wp-json\/wp\/v2\/users\/34"}],"replies":[{"embeddable":true,"href":"https:\/\/deveho.com\/hu\/wp-json\/wp\/v2\/comments?post=28328"}],"version-history":[{"count":5,"href":"https:\/\/deveho.com\/hu\/wp-json\/wp\/v2\/pages\/28328\/revisions"}],"predecessor-version":[{"id":44793,"href":"https:\/\/deveho.com\/hu\/wp-json\/wp\/v2\/pages\/28328\/revisions\/44793"}],"up":[{"embeddable":true,"href":"https:\/\/deveho.com\/hu\/wp-json\/wp\/v2\/pages\/10339"}],"wp:attachment":[{"href":"https:\/\/deveho.com\/hu\/wp-json\/wp\/v2\/media?parent=28328"}],"curies":[{"name":"wp","href":"https:\/\/api.w.org\/{rel}","templated":true}]}}