{"id":28347,"date":"2024-02-27T16:01:48","date_gmt":"2024-02-27T14:01:48","guid":{"rendered":"https:\/\/deveho.com\/?page_id=28347"},"modified":"2024-10-28T16:34:36","modified_gmt":"2024-10-28T14:34:36","slug":"franciaorszagban","status":"publish","type":"page","link":"https:\/\/deveho.com\/hu\/szolgaltatasok\/e-szamlazasi-utemterv\/franciaorszagban\/","title":{"rendered":"E-sz\u00e1ml\u00e1z\u00e1si Rendszer Franciaorsz\u00e1gban"},"content":{"rendered":"<br \/>\n<h2>Minden az elektronikus sz\u00e1ml\u00e1z\u00e1sr\u00f3l<\/h2>\n<h3><red>\u00daj \u00fctemterv <\/red>az E-sz\u00e1ml\u00e1z\u00e1s el\u0151k\u00e9sz\u00edt\u00e9s\u00e9re Franciaorsz\u00e1gban!<\/h3>\n<h3>A DGFIP bejelentette az E-sz\u00e1mla bevezet\u00e9s\u00e9nek \u00faj hat\u00e1ridej\u00e9t Franciaorsz\u00e1gban <b><br \/>2026. szeptember 1-j\u00e9t\u0151l.<br \/>\n<br \/><red>Kezdje el a felk\u00e9sz\u00fcl\u00e9st most.<\/red> <\/b><br \/>\n<br \/>Csapataink itt vannak, hogy seg\u00edtsenek \u00d6nnek az e-sz\u00e1ml\u00e1z\u00e1si \u00fctemterv\u00e9nek kidolgoz\u00e1s\u00e1ban.<\/h3>\n<p><p>Az e-sz\u00e1ml\u00e1z\u00e1s Franciaorsz\u00e1gban r\u00e9sze a pap\u00edrmentes tranzakci\u00f3k fel\u00e9 vezet\u0151 \u00e1talakul\u00e1snak. 2026 szeptember\u00e9t\u0151l minden francia v\u00e1llalkoz\u00e1snak, m\u00e9rett\u0151l f\u00fcggetlen\u00fcl, k\u00e9pesnek kell lennie elektronikus form\u00e1tum\u00fa sz\u00e1ml\u00e1k fogad\u00e1s\u00e1ra.<\/p>\n<p>Ezt a projektet a francia korm\u00e1ny vezeti, c\u00e9lja a sz\u00e1ml\u00e1z\u00e1si \u00e9s kifizet\u00e9si l\u00e1nc egyszer\u0171s\u00edt\u00e9se, valamint az \u00c1FA beszed\u00e9s\u00e9nek optimaliz\u00e1l\u00e1sa. Jelent\u0151s hat\u00e1ssal lesz. Ez\u00e9rt fontos meg\u00e9rteni, hogy az e-sz\u00e1ml\u00e1z\u00e1s hogyan befoly\u00e1solja a v\u00e1llalkoz\u00e1sokat.<\/p>\n<p>Besz\u00e9lhet\u00fcnk a pap\u00edrmentes csere n\u00f6veked\u00e9s\u00e9r\u0151l.<\/p>\n<p>A reform megval\u00f3s\u00edt\u00e1s\u00e1nak \u00fctemez\u00e9se azt jelenti, hogy a c\u00e9gek \u00e9s partnereik (sz\u00e1ml\u00e1z\u00f3 szoftver kiad\u00f3k, adatfolyam platformok stb.) gyorsan szervezhetik magukat.<\/p>\n<p><img loading=\"lazy\" decoding=\"async\" class=\"aligncenter wp-image-28306\" src=\"https:\/\/deveho.com\/wp-content\/uploads\/2024\/02\/3-2-e1709025340587.jpg\" alt=\"calendar FR e-invoice system\" width=\"495\" height=\"316\" srcset=\"https:\/\/deveho.com\/wp-content\/uploads\/2024\/02\/3-2-e1709025340587.jpg 1200w, https:\/\/deveho.com\/wp-content\/uploads\/2024\/02\/3-2-e1709025340587-300x192.jpg 300w, https:\/\/deveho.com\/wp-content\/uploads\/2024\/02\/3-2-e1709025340587-1024x654.jpg 1024w, https:\/\/deveho.com\/wp-content\/uploads\/2024\/02\/3-2-e1709025340587-150x96.jpg 150w, https:\/\/deveho.com\/wp-content\/uploads\/2024\/02\/3-2-e1709025340587-768x490.jpg 768w\" sizes=\"(max-width: 495px) 100vw, 495px\" \/><\/p>\n<p>Tudja meg a helyi k\u00f6vetelm\u00e9nyeket az e-sz\u00e1ml\u00e1z\u00e1sra Franciaorsz\u00e1gban.<\/p>\n<\/p>\n<h2>El\u0151rel\u00e1t\u00e1s, Meg\u00e9rt\u00e9s, Kommunik\u00e1ci\u00f3<\/h2>\n<p>Annak \u00e9rdek\u00e9ben, hogy a v\u00e1llalkoz\u00e1sok k\u00f6nnyebben megfelelhessenek, a menedzsment megold\u00e1sok egyre ink\u00e1bb az adatok automatikus r\u00f6gz\u00edt\u00e9se, a banki adatok import\u00e1l\u00e1sa \u00e9s a pap\u00edrmentes sz\u00e1ml\u00e1z\u00e1s ir\u00e1ny\u00e1ba mozdulnak el.<\/p>\n<p><p><strong>Mik a v\u00e1ltoz\u00e1sok az e-sz\u00e1ml\u00e1z\u00e1s kapcs\u00e1n?<\/strong><\/p>\n<p>A k\u00f6telez\u0151 B2B e-sz\u00e1ml\u00e1z\u00e1s egyszer\u0171s\u00edti a bej\u00f6v\u0151 \u00e9s kimen\u0151 sz\u00e1ml\u00e1k feldolgoz\u00e1s\u00e1t, valamint az \u00c1FA-bevall\u00e1sok beny\u00fajt\u00e1s\u00e1t.<\/p>\n<p>&nbsp;<\/p>\n<\/p>\n<p><p>K\u00f6nnyebb integr\u00e1l\u00e1s az \u00f6sszes bej\u00f6v\u0151 sz\u00e1ml\u00e1nak a v\u00e1llalkoz\u00e1sok k\u00f6nyvel\u00e9si rendszereibe.<br \/>\nA kimen\u0151 sz\u00e1ml\u00e1k megfelel\u0151s\u00e9g\u00e9nek el\u0151zetes ellen\u0151rz\u00e9se \u00e9s a nem megfelel\u0151 sz\u00e1ml\u00e1k forr\u00e1son t\u00f6rt\u00e9n\u0151 elutas\u00edt\u00e1sa.<br \/>\n\u00c1tl\u00e1that\u00f3s\u00e1g a v\u00e1s\u00e1rl\u00f3k sz\u00e1m\u00e1ra a sz\u00e1mlafeldolgoz\u00e1s el\u0151rehalad\u00e1s\u00e1r\u00f3l.<\/p>\n<p>Fedezze fel az <a href=\"https:\/\/deveho.com\/hu\/szolgaltatasok\/e-szamlazasi-utemterv\/\">e-sz\u00e1ml\u00e1z\u00e1s k\u00f6vetelm\u00e9nyeit vil\u00e1gszerte.<\/a><\/p>\n<\/p>\n<h2><\/h2>\n<h3>Az \u00faj <red>k\u00f6vetelm\u00e9nyek<\/red><\/h3>\n<h3>2026. szeptember 1-j\u00e9t\u0151l k\u00e9pesnek kell lennie elektronikus sz\u00e1mla fogad\u00e1s\u00e1ra, \u00faj k\u00f6telezetts\u00e9geket fokozatosan adnak hozz\u00e1 2027-ig.<\/h3>\n<\/p>\n<h2><\/h2>\n<h3>Az E-sz\u00e1ml\u00e1z\u00e1s <red>Jellemz\u0151i<\/red> <\/h3>\n<h3><\/h3>\n<\/p>\n<h2><\/h2>\n<h3>Az E-sz\u00e1ml\u00e1z\u00e1s <red>El\u0151nyei<\/red><\/h3>\n<h3><\/h3><\/p>\n","protected":false},"excerpt":{"rendered":"<p>Az elektronikus sz\u00e1mla (vagy E-sz\u00e1mla) egy pap\u00edrmentes sz\u00e1mla. A sz\u00e1mla l\u00e9trehoz\u00e1s\u00e1nak, k\u00fcld\u00e9s\u00e9nek, fogad\u00e1s\u00e1nak \u00e9s integr\u00e1l\u00e1s\u00e1nak l\u00e9p\u00e9sei mind pap\u00edrmentesek, \u00edgy k\u00f6nnyebb\u00e9 teszik a sz\u00e1mla integr\u00e1l\u00e1s\u00e1t a k\u00f6nyvel\u00e9si rendszer\u00e9be!<\/p>\n","protected":false},"author":34,"featured_media":0,"parent":28328,"menu_order":0,"comment_status":"closed","ping_status":"closed","template":"templates\/template-prod_serv.php","meta":{"_acf_changed":false,"footnotes":""},"class_list":["post-28347","page","type-page","status-publish","hentry"],"acf":[],"yoast_head":"<!-- This site is optimized with the Yoast SEO plugin v23.5 - https:\/\/yoast.com\/wordpress\/plugins\/seo\/ -->\n<title>E-invoicing in France - Deveho<\/title>\n<meta name=\"description\" content=\"Find out about the french government&#039;s new e-invoicing regulations. Anticipate the regulations and get ready for E-invoicing in France.\" \/>\n<meta name=\"robots\" content=\"index, follow, max-snippet:-1, max-image-preview:large, max-video-preview:-1\" \/>\n<link rel=\"canonical\" href=\"https:\/\/deveho.com\/hu\/szolgaltatasok\/e-szamlazasi-utemterv\/franciaorszagban\/\" \/>\n<meta property=\"og:locale\" content=\"hu_HU\" \/>\n<meta property=\"og:type\" content=\"article\" \/>\n<meta property=\"og:title\" content=\"E-invoicing in France - Deveho\" \/>\n<meta property=\"og:description\" content=\"Find out about the french government&#039;s new e-invoicing regulations. Anticipate the regulations and get ready for E-invoicing in France.\" \/>\n<meta property=\"og:url\" content=\"https:\/\/deveho.com\/hu\/szolgaltatasok\/e-szamlazasi-utemterv\/franciaorszagban\/\" \/>\n<meta property=\"og:site_name\" content=\"Deveho\" \/>\n<meta property=\"article:publisher\" content=\"https:\/\/www.facebook.com\/deveho\" \/>\n<meta property=\"article:modified_time\" content=\"2024-10-28T14:34:36+00:00\" \/>\n<meta property=\"og:image\" content=\"https:\/\/deveho.com\/wp-content\/uploads\/2024\/02\/3-2-e1709025340587.jpg\" \/>\n<meta name=\"twitter:card\" content=\"summary_large_image\" \/>\n<meta name=\"twitter:site\" content=\"@Deveho1\" \/>\n<meta name=\"twitter:label1\" content=\"Becs\u00fclt olvas\u00e1si id\u0151\" \/>\n\t<meta name=\"twitter:data1\" content=\"2 perc\" \/>\n<script type=\"application\/ld+json\" class=\"yoast-schema-graph\">{\"@context\":\"https:\/\/schema.org\",\"@graph\":[{\"@type\":\"WebPage\",\"@id\":\"https:\/\/deveho.com\/hu\/szolgaltatasok\/e-szamlazasi-utemterv\/franciaorszagban\/\",\"url\":\"https:\/\/deveho.com\/hu\/szolgaltatasok\/e-szamlazasi-utemterv\/franciaorszagban\/\",\"name\":\"E-invoicing in France - Deveho\",\"isPartOf\":{\"@id\":\"https:\/\/deveho.com\/#website\"},\"primaryImageOfPage\":{\"@id\":\"https:\/\/deveho.com\/hu\/szolgaltatasok\/e-szamlazasi-utemterv\/franciaorszagban\/#primaryimage\"},\"image\":{\"@id\":\"https:\/\/deveho.com\/hu\/szolgaltatasok\/e-szamlazasi-utemterv\/franciaorszagban\/#primaryimage\"},\"thumbnailUrl\":\"https:\/\/deveho.com\/wp-content\/uploads\/2024\/02\/3-2-e1709025340587.jpg\",\"datePublished\":\"2024-02-27T14:01:48+00:00\",\"dateModified\":\"2024-10-28T14:34:36+00:00\",\"description\":\"Find out about the french government's new e-invoicing regulations. Anticipate the regulations and get ready for E-invoicing in France.\",\"breadcrumb\":{\"@id\":\"https:\/\/deveho.com\/hu\/szolgaltatasok\/e-szamlazasi-utemterv\/franciaorszagban\/#breadcrumb\"},\"inLanguage\":\"hu\",\"potentialAction\":[{\"@type\":\"ReadAction\",\"target\":[\"https:\/\/deveho.com\/hu\/szolgaltatasok\/e-szamlazasi-utemterv\/franciaorszagban\/\"]}]},{\"@type\":\"ImageObject\",\"inLanguage\":\"hu\",\"@id\":\"https:\/\/deveho.com\/hu\/szolgaltatasok\/e-szamlazasi-utemterv\/franciaorszagban\/#primaryimage\",\"url\":\"https:\/\/deveho.com\/wp-content\/uploads\/2024\/02\/3-2-e1709025340587.jpg\",\"contentUrl\":\"https:\/\/deveho.com\/wp-content\/uploads\/2024\/02\/3-2-e1709025340587.jpg\"},{\"@type\":\"BreadcrumbList\",\"@id\":\"https:\/\/deveho.com\/hu\/szolgaltatasok\/e-szamlazasi-utemterv\/franciaorszagban\/#breadcrumb\",\"itemListElement\":[{\"@type\":\"ListItem\",\"position\":1,\"name\":\"Home\",\"item\":\"https:\/\/deveho.com\/hu\/\"},{\"@type\":\"ListItem\",\"position\":2,\"name\":\"Szolg\u00e1ltat\u00e1sok\",\"item\":\"https:\/\/deveho.com\/hu\/szolgaltatasok\/\"},{\"@type\":\"ListItem\",\"position\":3,\"name\":\"E-sz\u00e1ml\u00e1z\u00e1si \u00fctemterv\",\"item\":\"https:\/\/deveho.com\/hu\/szolgaltatasok\/e-szamlazasi-utemterv\/\"},{\"@type\":\"ListItem\",\"position\":4,\"name\":\"E-sz\u00e1ml\u00e1z\u00e1si Rendszer Franciaorsz\u00e1gban\"}]},{\"@type\":\"WebSite\",\"@id\":\"https:\/\/deveho.com\/#website\",\"url\":\"https:\/\/deveho.com\/\",\"name\":\"Deveho Consulting Group\",\"description\":\"Let\u2019s boost your growth\",\"publisher\":{\"@id\":\"https:\/\/deveho.com\/#organization\"},\"potentialAction\":[{\"@type\":\"SearchAction\",\"target\":{\"@type\":\"EntryPoint\",\"urlTemplate\":\"https:\/\/deveho.com\/?s={search_term_string}\"},\"query-input\":{\"@type\":\"PropertyValueSpecification\",\"valueRequired\":true,\"valueName\":\"search_term_string\"}}],\"inLanguage\":\"hu\"},{\"@type\":\"Organization\",\"@id\":\"https:\/\/deveho.com\/#organization\",\"name\":\"Deveho Consulting Group\",\"url\":\"https:\/\/deveho.com\/\",\"logo\":{\"@type\":\"ImageObject\",\"inLanguage\":\"hu\",\"@id\":\"https:\/\/deveho.com\/#\/schema\/logo\/image\/\",\"url\":\"https:\/\/deveho.com\/wp-content\/uploads\/2023\/02\/DEVEHO-LOGO-Baseline-COLOR.png\",\"contentUrl\":\"https:\/\/deveho.com\/wp-content\/uploads\/2023\/02\/DEVEHO-LOGO-Baseline-COLOR.png\",\"width\":2251,\"height\":585,\"caption\":\"Deveho Consulting Group\"},\"image\":{\"@id\":\"https:\/\/deveho.com\/#\/schema\/logo\/image\/\"},\"sameAs\":[\"https:\/\/www.facebook.com\/deveho\",\"https:\/\/x.com\/Deveho1\",\"https:\/\/www.linkedin.com\/company\/deveho-consulting\/\"]}]}<\/script>\n<!-- \/ Yoast SEO plugin. -->","yoast_head_json":{"title":"E-invoicing in France - Deveho","description":"Find out about the french government's new e-invoicing regulations. Anticipate the regulations and get ready for E-invoicing in France.","robots":{"index":"index","follow":"follow","max-snippet":"max-snippet:-1","max-image-preview":"max-image-preview:large","max-video-preview":"max-video-preview:-1"},"canonical":"https:\/\/deveho.com\/hu\/szolgaltatasok\/e-szamlazasi-utemterv\/franciaorszagban\/","og_locale":"hu_HU","og_type":"article","og_title":"E-invoicing in France - Deveho","og_description":"Find out about the french government's new e-invoicing regulations. Anticipate the regulations and get ready for E-invoicing in France.","og_url":"https:\/\/deveho.com\/hu\/szolgaltatasok\/e-szamlazasi-utemterv\/franciaorszagban\/","og_site_name":"Deveho","article_publisher":"https:\/\/www.facebook.com\/deveho","article_modified_time":"2024-10-28T14:34:36+00:00","og_image":[{"url":"https:\/\/deveho.com\/wp-content\/uploads\/2024\/02\/3-2-e1709025340587.jpg"}],"twitter_card":"summary_large_image","twitter_site":"@Deveho1","twitter_misc":{"Becs\u00fclt olvas\u00e1si id\u0151":"2 perc"},"schema":{"@context":"https:\/\/schema.org","@graph":[{"@type":"WebPage","@id":"https:\/\/deveho.com\/hu\/szolgaltatasok\/e-szamlazasi-utemterv\/franciaorszagban\/","url":"https:\/\/deveho.com\/hu\/szolgaltatasok\/e-szamlazasi-utemterv\/franciaorszagban\/","name":"E-invoicing in France - Deveho","isPartOf":{"@id":"https:\/\/deveho.com\/#website"},"primaryImageOfPage":{"@id":"https:\/\/deveho.com\/hu\/szolgaltatasok\/e-szamlazasi-utemterv\/franciaorszagban\/#primaryimage"},"image":{"@id":"https:\/\/deveho.com\/hu\/szolgaltatasok\/e-szamlazasi-utemterv\/franciaorszagban\/#primaryimage"},"thumbnailUrl":"https:\/\/deveho.com\/wp-content\/uploads\/2024\/02\/3-2-e1709025340587.jpg","datePublished":"2024-02-27T14:01:48+00:00","dateModified":"2024-10-28T14:34:36+00:00","description":"Find out about the french government's new e-invoicing regulations. Anticipate the regulations and get ready for E-invoicing in France.","breadcrumb":{"@id":"https:\/\/deveho.com\/hu\/szolgaltatasok\/e-szamlazasi-utemterv\/franciaorszagban\/#breadcrumb"},"inLanguage":"hu","potentialAction":[{"@type":"ReadAction","target":["https:\/\/deveho.com\/hu\/szolgaltatasok\/e-szamlazasi-utemterv\/franciaorszagban\/"]}]},{"@type":"ImageObject","inLanguage":"hu","@id":"https:\/\/deveho.com\/hu\/szolgaltatasok\/e-szamlazasi-utemterv\/franciaorszagban\/#primaryimage","url":"https:\/\/deveho.com\/wp-content\/uploads\/2024\/02\/3-2-e1709025340587.jpg","contentUrl":"https:\/\/deveho.com\/wp-content\/uploads\/2024\/02\/3-2-e1709025340587.jpg"},{"@type":"BreadcrumbList","@id":"https:\/\/deveho.com\/hu\/szolgaltatasok\/e-szamlazasi-utemterv\/franciaorszagban\/#breadcrumb","itemListElement":[{"@type":"ListItem","position":1,"name":"Home","item":"https:\/\/deveho.com\/hu\/"},{"@type":"ListItem","position":2,"name":"Szolg\u00e1ltat\u00e1sok","item":"https:\/\/deveho.com\/hu\/szolgaltatasok\/"},{"@type":"ListItem","position":3,"name":"E-sz\u00e1ml\u00e1z\u00e1si \u00fctemterv","item":"https:\/\/deveho.com\/hu\/szolgaltatasok\/e-szamlazasi-utemterv\/"},{"@type":"ListItem","position":4,"name":"E-sz\u00e1ml\u00e1z\u00e1si Rendszer Franciaorsz\u00e1gban"}]},{"@type":"WebSite","@id":"https:\/\/deveho.com\/#website","url":"https:\/\/deveho.com\/","name":"Deveho Consulting Group","description":"Let\u2019s boost your growth","publisher":{"@id":"https:\/\/deveho.com\/#organization"},"potentialAction":[{"@type":"SearchAction","target":{"@type":"EntryPoint","urlTemplate":"https:\/\/deveho.com\/?s={search_term_string}"},"query-input":{"@type":"PropertyValueSpecification","valueRequired":true,"valueName":"search_term_string"}}],"inLanguage":"hu"},{"@type":"Organization","@id":"https:\/\/deveho.com\/#organization","name":"Deveho Consulting Group","url":"https:\/\/deveho.com\/","logo":{"@type":"ImageObject","inLanguage":"hu","@id":"https:\/\/deveho.com\/#\/schema\/logo\/image\/","url":"https:\/\/deveho.com\/wp-content\/uploads\/2023\/02\/DEVEHO-LOGO-Baseline-COLOR.png","contentUrl":"https:\/\/deveho.com\/wp-content\/uploads\/2023\/02\/DEVEHO-LOGO-Baseline-COLOR.png","width":2251,"height":585,"caption":"Deveho Consulting Group"},"image":{"@id":"https:\/\/deveho.com\/#\/schema\/logo\/image\/"},"sameAs":["https:\/\/www.facebook.com\/deveho","https:\/\/x.com\/Deveho1","https:\/\/www.linkedin.com\/company\/deveho-consulting\/"]}]}},"_links":{"self":[{"href":"https:\/\/deveho.com\/hu\/wp-json\/wp\/v2\/pages\/28347"}],"collection":[{"href":"https:\/\/deveho.com\/hu\/wp-json\/wp\/v2\/pages"}],"about":[{"href":"https:\/\/deveho.com\/hu\/wp-json\/wp\/v2\/types\/page"}],"author":[{"embeddable":true,"href":"https:\/\/deveho.com\/hu\/wp-json\/wp\/v2\/users\/34"}],"replies":[{"embeddable":true,"href":"https:\/\/deveho.com\/hu\/wp-json\/wp\/v2\/comments?post=28347"}],"version-history":[{"count":3,"href":"https:\/\/deveho.com\/hu\/wp-json\/wp\/v2\/pages\/28347\/revisions"}],"predecessor-version":[{"id":34491,"href":"https:\/\/deveho.com\/hu\/wp-json\/wp\/v2\/pages\/28347\/revisions\/34491"}],"up":[{"embeddable":true,"href":"https:\/\/deveho.com\/hu\/wp-json\/wp\/v2\/pages\/28328"}],"wp:attachment":[{"href":"https:\/\/deveho.com\/hu\/wp-json\/wp\/v2\/media?parent=28347"}],"curies":[{"name":"wp","href":"https:\/\/api.w.org\/{rel}","templated":true}]}}