{"id":28367,"date":"2024-02-27T16:05:54","date_gmt":"2024-02-27T14:05:54","guid":{"rendered":"https:\/\/deveho.com\/?page_id=28367"},"modified":"2024-10-28T16:49:12","modified_gmt":"2024-10-28T14:49:12","slug":"romaniaban","status":"publish","type":"page","link":"https:\/\/deveho.com\/hu\/szolgaltatasok\/e-szamlazasi-utemterv\/romaniaban\/","title":{"rendered":"E-sz\u00e1ml\u00e1z\u00e1si rendszer Rom\u00e1ni\u00e1ban"},"content":{"rendered":"<br \/>\n<h2><\/h2>\n<h3>Rom\u00e1n <br \/>E-sz\u00e1ml\u00e1z\u00e1si rendszer k\u00f6vetelm\u00e9nyei<\/h3>\n<h3><\/h3>\n<p><p>Az elektronikus sz\u00e1ml\u00e1z\u00e1s modern \u00e9s hat\u00e9kony megold\u00e1sk\u00e9nt jelent meg az \u00fczleti tranzakci\u00f3k glob\u00e1lis szint\u0171 kezel\u00e9s\u00e9re. Rom\u00e1ni\u00e1ban az e-sz\u00e1ml\u00e1z\u00e1si szab\u00e1lyoz\u00e1sok az ilyen trendek t\u00fckr\u00f6z\u00e9s\u00e9re \u00e9s a hat\u00e9konyabb m\u00f3dszerek alkalmaz\u00e1s\u00e1nak \u00f6szt\u00f6nz\u00e9s\u00e9re fejl\u0151dtek.<br \/>\nRom\u00e1nia t\u00f6bb megold\u00e1st dolgozott ki az elektronikus sz\u00e1ml\u00e1z\u00e1s n\u00f6veked\u00e9s\u00e9nek kezel\u00e9s\u00e9re:<\/p>\n<ul>\n<li><a href=\"https:\/\/deveho.com\/hu\/szolgaltatasok\/e-szamlazasi-utemterv\/romaniaban\/e-factura\/\"><strong>E-FACTURA<\/strong><\/a><\/li>\n<li><strong>E-TRANSPORT<\/strong><\/li>\n<\/ul>\n<p>2023. december 15-\u00e9n egy m\u00f3dos\u00edt\u00e1si csomag l\u00e9pett \u00e9letbe a RO E-Transport Rendszerben. Az EGO 115\/2023 k\u00f6zz\u00e9t\u00e9tel\u00e9t megel\u0151z\u0151en a RO E-Transport rendszer kiz\u00e1r\u00f3lag a Rom\u00e1ni\u00e1n bel\u00fcli, magas fisk\u00e1lis kock\u00e1zat\u00fa \u00e1ruk k\u00f6z\u00fati sz\u00e1ll\u00edt\u00e1s\u00e1ra vonatkozott. Ez k\u00fcl\u00f6nf\u00e9le bejelent\u00e9si k\u00f6telezetts\u00e9geket foglalt mag\u00e1ban a tranzakci\u00f3kban r\u00e9szt vev\u0151 entit\u00e1sok sz\u00e1m\u00e1ra, illetve az ilyen \u00e1ruk k\u00f6z\u00fati sz\u00e1ll\u00edt\u00e1s\u00e1val kapcsolatban.<\/p>\n<p>Azonban az \u00faj k\u00f6zz\u00e9t\u00e9tel k\u00f6vetkezt\u00e9ben a RO E-Transport rendszer hat\u00e1lya kiterjedt az \u00e1ruk nemzetk\u00f6zi k\u00f6z\u00fati sz\u00e1ll\u00edt\u00e1s\u00e1ra vonatkoz\u00f3 bejelent\u00e9si k\u00f6telezetts\u00e9gre is. Az ilyen sz\u00e1ll\u00edtm\u00e1nyokat f\u00fcggetlen\u00fcl az \u00e1ruk term\u00e9szet\u00e9t\u0151l (azaz nem csak a magas fisk\u00e1lis kock\u00e1zat\u00fa \u00e1rukra) jelenteni kell.<\/p>\n<p>B\u00e1r a nemzetk\u00f6zi k\u00f6z\u00fati \u00e1rusz\u00e1ll\u00edt\u00e1sra vonatkoz\u00f3 bejelent\u00e9si int\u00e9zked\u00e9sek m\u00e1r 2023. december 15-\u00e9n \u00e9letbe l\u00e9ptek, a nem teljes\u00edt\u00e9ssel kapcsolatos szankci\u00f3k a nemzetk\u00f6zi k\u00f6z\u00fati \u00e1rusz\u00e1ll\u00edt\u00e1s \u00faj k\u00f6telezetts\u00e9geivel kapcsolatban 2024. j\u00falius 1-j\u00e9n l\u00e9pnek hat\u00e1lyba.<\/p>\n<p>A RO E-Transport Rendszerben az \u00e1ruk nemzetk\u00f6zi sz\u00e1ll\u00edt\u00e1s\u00e1ra vonatkoz\u00f3 adatok bejelent\u00e9si k\u00f6telezetts\u00e9ge a k\u00f6vetkez\u0151 felhaszn\u00e1l\u00f3kat terheli:<\/p>\n<p>&#8211; Az import v\u00e1mtartalm\u00fa nyilatkozatban szerepl\u0151 c\u00edmzett vagy az export v\u00e1mtartalm\u00fa nyilatkozatban szerepl\u0151 felad\u00f3, amennyiben alkalmazhat\u00f3, az import vagy export m\u0171veletek al\u00e1 tartoz\u00f3 \u00e1ruk eset\u00e9ben;<br \/>\n&#8211; A kedvezm\u00e9nyezett Rom\u00e1ni\u00e1ban bels\u0151 k\u00f6z\u00f6ss\u00e9gi beszerz\u00e9s eset\u00e9n;<br \/>\n&#8211; A sz\u00e1ll\u00edt\u00f3 Rom\u00e1ni\u00e1ban, bels\u0151 k\u00f6z\u00f6ss\u00e9gi \u00e1rusz\u00e1ll\u00edt\u00e1s eset\u00e9n;<br \/>\n&#8211; A let\u00e9tkezel\u0151, bels\u0151 k\u00f6z\u00f6ss\u00e9gi tranzakci\u00f3kra vonatkoz\u00f3an \u00e1tvitt \u00e1ruk eset\u00e9n.<\/p>\n<\/p>\n<h2><\/h2>\n<h3><red>Szab\u00e1lyoz\u00e1si k\u00f6rnyezet az e-sz\u00e1ml\u00e1z\u00e1s sz\u00e1m\u00e1ra Rom\u00e1ni\u00e1ban<\/red><\/h3>\n<h3><\/h3>\n<\/p>\n<h2><\/h2>\n<h3>Az e-sz\u00e1ml\u00e1z\u00e1s <br \/>el\u0151nyei Rom\u00e1ni\u00e1ban<\/h3>\n<h3><\/h3><\/p>\n","protected":false},"excerpt":{"rendered":"<p>A rom\u00e1n e-sz\u00e1ml\u00e1z\u00e1si port\u00e1l a sz\u00e1ml\u00e1k cser\u00e9j\u00e9re szolg\u00e1l az \u00e1llami hat\u00f3s\u00e1gok (B2G) \u00e9s \u00f6nk\u00e9ntesen a mag\u00e1nc\u00e9gek (B2B) k\u00f6z\u00f6tt. A c\u00e9gek k\u00f6z\u00f6tti elektronikus sz\u00e1ml\u00e1z\u00e1st nem fokozatosan vezetik be, hanem 2024. janu\u00e1r 1-j\u00e9t\u0151l minden c\u00e9g sz\u00e1m\u00e1ra k\u00f6telez\u0151v\u00e9 v\u00e1lik.<\/p>\n","protected":false},"author":34,"featured_media":0,"parent":28328,"menu_order":0,"comment_status":"closed","ping_status":"closed","template":"templates\/template-prod_serv.php","meta":{"_acf_changed":false,"footnotes":""},"class_list":["post-28367","page","type-page","status-publish","hentry"],"acf":[],"yoast_head":"<!-- This site is optimized with the Yoast SEO plugin v23.5 - https:\/\/yoast.com\/wordpress\/plugins\/seo\/ -->\n<title>E-sz\u00e1ml\u00e1z\u00e1si rendszer Rom\u00e1ni\u00e1ban - Deveho<\/title>\n<meta name=\"description\" content=\"Find out about the romanian government&#039;s new e-invoicing regulations. Anticipate the regulations and get ready for E-invoicing in Romania.\" \/>\n<meta name=\"robots\" content=\"index, follow, max-snippet:-1, max-image-preview:large, max-video-preview:-1\" \/>\n<link rel=\"canonical\" href=\"https:\/\/deveho.com\/hu\/szolgaltatasok\/e-szamlazasi-utemterv\/romaniaban\/\" \/>\n<meta property=\"og:locale\" content=\"hu_HU\" \/>\n<meta property=\"og:type\" content=\"article\" \/>\n<meta property=\"og:title\" content=\"E-sz\u00e1ml\u00e1z\u00e1si rendszer Rom\u00e1ni\u00e1ban - Deveho\" \/>\n<meta property=\"og:description\" content=\"Find out about the romanian government&#039;s new e-invoicing regulations. Anticipate the regulations and get ready for E-invoicing in Romania.\" \/>\n<meta property=\"og:url\" content=\"https:\/\/deveho.com\/hu\/szolgaltatasok\/e-szamlazasi-utemterv\/romaniaban\/\" \/>\n<meta property=\"og:site_name\" content=\"Deveho\" \/>\n<meta property=\"article:publisher\" content=\"https:\/\/www.facebook.com\/deveho\" \/>\n<meta property=\"article:modified_time\" content=\"2024-10-28T14:49:12+00:00\" \/>\n<meta name=\"twitter:card\" content=\"summary_large_image\" \/>\n<meta name=\"twitter:site\" content=\"@Deveho1\" \/>\n<meta name=\"twitter:label1\" content=\"Becs\u00fclt olvas\u00e1si id\u0151\" \/>\n\t<meta name=\"twitter:data1\" content=\"2 perc\" \/>\n<script type=\"application\/ld+json\" class=\"yoast-schema-graph\">{\"@context\":\"https:\/\/schema.org\",\"@graph\":[{\"@type\":\"WebPage\",\"@id\":\"https:\/\/deveho.com\/hu\/szolgaltatasok\/e-szamlazasi-utemterv\/romaniaban\/\",\"url\":\"https:\/\/deveho.com\/hu\/szolgaltatasok\/e-szamlazasi-utemterv\/romaniaban\/\",\"name\":\"E-sz\u00e1ml\u00e1z\u00e1si rendszer Rom\u00e1ni\u00e1ban - Deveho\",\"isPartOf\":{\"@id\":\"https:\/\/deveho.com\/#website\"},\"datePublished\":\"2024-02-27T14:05:54+00:00\",\"dateModified\":\"2024-10-28T14:49:12+00:00\",\"description\":\"Find out about the romanian government's new e-invoicing regulations. Anticipate the regulations and get ready for E-invoicing in Romania.\",\"breadcrumb\":{\"@id\":\"https:\/\/deveho.com\/hu\/szolgaltatasok\/e-szamlazasi-utemterv\/romaniaban\/#breadcrumb\"},\"inLanguage\":\"hu\",\"potentialAction\":[{\"@type\":\"ReadAction\",\"target\":[\"https:\/\/deveho.com\/hu\/szolgaltatasok\/e-szamlazasi-utemterv\/romaniaban\/\"]}]},{\"@type\":\"BreadcrumbList\",\"@id\":\"https:\/\/deveho.com\/hu\/szolgaltatasok\/e-szamlazasi-utemterv\/romaniaban\/#breadcrumb\",\"itemListElement\":[{\"@type\":\"ListItem\",\"position\":1,\"name\":\"Home\",\"item\":\"https:\/\/deveho.com\/hu\/\"},{\"@type\":\"ListItem\",\"position\":2,\"name\":\"Szolg\u00e1ltat\u00e1sok\",\"item\":\"https:\/\/deveho.com\/hu\/szolgaltatasok\/\"},{\"@type\":\"ListItem\",\"position\":3,\"name\":\"E-sz\u00e1ml\u00e1z\u00e1si \u00fctemterv\",\"item\":\"https:\/\/deveho.com\/hu\/szolgaltatasok\/e-szamlazasi-utemterv\/\"},{\"@type\":\"ListItem\",\"position\":4,\"name\":\"E-sz\u00e1ml\u00e1z\u00e1si rendszer Rom\u00e1ni\u00e1ban\"}]},{\"@type\":\"WebSite\",\"@id\":\"https:\/\/deveho.com\/#website\",\"url\":\"https:\/\/deveho.com\/\",\"name\":\"Deveho Consulting Group\",\"description\":\"Let\u2019s boost your growth\",\"publisher\":{\"@id\":\"https:\/\/deveho.com\/#organization\"},\"potentialAction\":[{\"@type\":\"SearchAction\",\"target\":{\"@type\":\"EntryPoint\",\"urlTemplate\":\"https:\/\/deveho.com\/?s={search_term_string}\"},\"query-input\":{\"@type\":\"PropertyValueSpecification\",\"valueRequired\":true,\"valueName\":\"search_term_string\"}}],\"inLanguage\":\"hu\"},{\"@type\":\"Organization\",\"@id\":\"https:\/\/deveho.com\/#organization\",\"name\":\"Deveho Consulting Group\",\"url\":\"https:\/\/deveho.com\/\",\"logo\":{\"@type\":\"ImageObject\",\"inLanguage\":\"hu\",\"@id\":\"https:\/\/deveho.com\/#\/schema\/logo\/image\/\",\"url\":\"https:\/\/deveho.com\/wp-content\/uploads\/2023\/02\/DEVEHO-LOGO-Baseline-COLOR.png\",\"contentUrl\":\"https:\/\/deveho.com\/wp-content\/uploads\/2023\/02\/DEVEHO-LOGO-Baseline-COLOR.png\",\"width\":2251,\"height\":585,\"caption\":\"Deveho Consulting Group\"},\"image\":{\"@id\":\"https:\/\/deveho.com\/#\/schema\/logo\/image\/\"},\"sameAs\":[\"https:\/\/www.facebook.com\/deveho\",\"https:\/\/x.com\/Deveho1\",\"https:\/\/www.linkedin.com\/company\/deveho-consulting\/\"]}]}<\/script>\n<!-- \/ Yoast SEO plugin. -->","yoast_head_json":{"title":"E-sz\u00e1ml\u00e1z\u00e1si rendszer Rom\u00e1ni\u00e1ban - Deveho","description":"Find out about the romanian government's new e-invoicing regulations. Anticipate the regulations and get ready for E-invoicing in Romania.","robots":{"index":"index","follow":"follow","max-snippet":"max-snippet:-1","max-image-preview":"max-image-preview:large","max-video-preview":"max-video-preview:-1"},"canonical":"https:\/\/deveho.com\/hu\/szolgaltatasok\/e-szamlazasi-utemterv\/romaniaban\/","og_locale":"hu_HU","og_type":"article","og_title":"E-sz\u00e1ml\u00e1z\u00e1si rendszer Rom\u00e1ni\u00e1ban - Deveho","og_description":"Find out about the romanian government's new e-invoicing regulations. Anticipate the regulations and get ready for E-invoicing in Romania.","og_url":"https:\/\/deveho.com\/hu\/szolgaltatasok\/e-szamlazasi-utemterv\/romaniaban\/","og_site_name":"Deveho","article_publisher":"https:\/\/www.facebook.com\/deveho","article_modified_time":"2024-10-28T14:49:12+00:00","twitter_card":"summary_large_image","twitter_site":"@Deveho1","twitter_misc":{"Becs\u00fclt olvas\u00e1si id\u0151":"2 perc"},"schema":{"@context":"https:\/\/schema.org","@graph":[{"@type":"WebPage","@id":"https:\/\/deveho.com\/hu\/szolgaltatasok\/e-szamlazasi-utemterv\/romaniaban\/","url":"https:\/\/deveho.com\/hu\/szolgaltatasok\/e-szamlazasi-utemterv\/romaniaban\/","name":"E-sz\u00e1ml\u00e1z\u00e1si rendszer Rom\u00e1ni\u00e1ban - Deveho","isPartOf":{"@id":"https:\/\/deveho.com\/#website"},"datePublished":"2024-02-27T14:05:54+00:00","dateModified":"2024-10-28T14:49:12+00:00","description":"Find out about the romanian government's new e-invoicing regulations. Anticipate the regulations and get ready for E-invoicing in Romania.","breadcrumb":{"@id":"https:\/\/deveho.com\/hu\/szolgaltatasok\/e-szamlazasi-utemterv\/romaniaban\/#breadcrumb"},"inLanguage":"hu","potentialAction":[{"@type":"ReadAction","target":["https:\/\/deveho.com\/hu\/szolgaltatasok\/e-szamlazasi-utemterv\/romaniaban\/"]}]},{"@type":"BreadcrumbList","@id":"https:\/\/deveho.com\/hu\/szolgaltatasok\/e-szamlazasi-utemterv\/romaniaban\/#breadcrumb","itemListElement":[{"@type":"ListItem","position":1,"name":"Home","item":"https:\/\/deveho.com\/hu\/"},{"@type":"ListItem","position":2,"name":"Szolg\u00e1ltat\u00e1sok","item":"https:\/\/deveho.com\/hu\/szolgaltatasok\/"},{"@type":"ListItem","position":3,"name":"E-sz\u00e1ml\u00e1z\u00e1si \u00fctemterv","item":"https:\/\/deveho.com\/hu\/szolgaltatasok\/e-szamlazasi-utemterv\/"},{"@type":"ListItem","position":4,"name":"E-sz\u00e1ml\u00e1z\u00e1si rendszer Rom\u00e1ni\u00e1ban"}]},{"@type":"WebSite","@id":"https:\/\/deveho.com\/#website","url":"https:\/\/deveho.com\/","name":"Deveho Consulting Group","description":"Let\u2019s boost your growth","publisher":{"@id":"https:\/\/deveho.com\/#organization"},"potentialAction":[{"@type":"SearchAction","target":{"@type":"EntryPoint","urlTemplate":"https:\/\/deveho.com\/?s={search_term_string}"},"query-input":{"@type":"PropertyValueSpecification","valueRequired":true,"valueName":"search_term_string"}}],"inLanguage":"hu"},{"@type":"Organization","@id":"https:\/\/deveho.com\/#organization","name":"Deveho Consulting Group","url":"https:\/\/deveho.com\/","logo":{"@type":"ImageObject","inLanguage":"hu","@id":"https:\/\/deveho.com\/#\/schema\/logo\/image\/","url":"https:\/\/deveho.com\/wp-content\/uploads\/2023\/02\/DEVEHO-LOGO-Baseline-COLOR.png","contentUrl":"https:\/\/deveho.com\/wp-content\/uploads\/2023\/02\/DEVEHO-LOGO-Baseline-COLOR.png","width":2251,"height":585,"caption":"Deveho Consulting Group"},"image":{"@id":"https:\/\/deveho.com\/#\/schema\/logo\/image\/"},"sameAs":["https:\/\/www.facebook.com\/deveho","https:\/\/x.com\/Deveho1","https:\/\/www.linkedin.com\/company\/deveho-consulting\/"]}]}},"_links":{"self":[{"href":"https:\/\/deveho.com\/hu\/wp-json\/wp\/v2\/pages\/28367"}],"collection":[{"href":"https:\/\/deveho.com\/hu\/wp-json\/wp\/v2\/pages"}],"about":[{"href":"https:\/\/deveho.com\/hu\/wp-json\/wp\/v2\/types\/page"}],"author":[{"embeddable":true,"href":"https:\/\/deveho.com\/hu\/wp-json\/wp\/v2\/users\/34"}],"replies":[{"embeddable":true,"href":"https:\/\/deveho.com\/hu\/wp-json\/wp\/v2\/comments?post=28367"}],"version-history":[{"count":3,"href":"https:\/\/deveho.com\/hu\/wp-json\/wp\/v2\/pages\/28367\/revisions"}],"predecessor-version":[{"id":34500,"href":"https:\/\/deveho.com\/hu\/wp-json\/wp\/v2\/pages\/28367\/revisions\/34500"}],"up":[{"embeddable":true,"href":"https:\/\/deveho.com\/hu\/wp-json\/wp\/v2\/pages\/28328"}],"wp:attachment":[{"href":"https:\/\/deveho.com\/hu\/wp-json\/wp\/v2\/media?parent=28367"}],"curies":[{"name":"wp","href":"https:\/\/api.w.org\/{rel}","templated":true}]}}