{"id":32075,"date":"2024-07-17T15:41:28","date_gmt":"2024-07-17T13:41:28","guid":{"rendered":"https:\/\/deveho.com\/?page_id=32075"},"modified":"2024-10-28T15:02:44","modified_gmt":"2024-10-28T13:02:44","slug":"yooz-solution","status":"publish","type":"page","link":"https:\/\/deveho.com\/hu\/termekek\/sage-x3-marketplace\/yooz-solution\/","title":{"rendered":"Yooz"},"content":{"rendered":"<br \/>\n<h2><\/h2>\n<h3>Mi az a Yooz?<\/h3>\n<h3><\/h3>\n<p><p>A Yooz megold\u00e1s egy hat\u00e9kony szoftver mint szolg\u00e1ltat\u00e1s (SaaS) megold\u00e1s, amely a besz\u00e1ll\u00edt\u00f3i sz\u00e1ml\u00e1k feldolgoz\u00e1s\u00e1ra \u00e9s dematerializ\u00e1l\u00e1s\u00e1ra szolg\u00e1l.<br \/>\nA v\u00e1s\u00e1rl\u00e1si rendel\u00e9sekt\u0151l a sz\u00e1ml\u00e1k \u00e1tv\u00e9tel\u00e9ig automatiz\u00e1lja a teljes Beszerz\u00e9s-t\u0151l-Fizet\u00e9sig (P2P) folyamatot. Ez mag\u00e1ban foglalja az ERP integr\u00e1ci\u00f3t, az enged\u00e9lyez\u00e9si elj\u00e1r\u00e1sokat \u00e9s a kifizet\u00e9sek feldolgoz\u00e1s\u00e1t, mindezt egyetlen, \u00f6sszes\u00edtett rendszerrel kezelve.<\/p>\n<\/p>\n<h2><\/h2>\n<h3>A Deveho integr\u00e1lja a Yooz megold\u00e1st a Sage X3-al.<\/h3>\n<h3>Sz\u00e1ml\u00e1z\u00e1si automatiz\u00e1l\u00e1si platformunk a technol\u00f3gi\u00e1t egyszer\u0171s\u00e9ggel \u00e9s megfizethet\u0151s\u00e9ggel \u00f6tv\u00f6zi. Sp\u00f3roljon id\u0151t \u00e9s p\u00e9nzt, \u00e9s automatiz\u00e1lja AP munkafolyamatait a Yooz seg\u00edts\u00e9g\u00e9vel.<br \/>\n<\/h3>\n<p><div style=\"width: 640px;\" class=\"wp-video\"><video class=\"wp-video-shortcode\" id=\"video-32075-2\" width=\"640\" height=\"360\" poster=\"https:\/\/deveho.com\/wp-content\/uploads\/2024\/07\/yooz-video.png\" preload=\"metadata\" controls=\"controls\"><source type=\"video\/mp4\" src=\"https:\/\/deveho.com\/wp-content\/uploads\/2024\/07\/We-Are-Yooz-EN.mp4?_=2\" \/><a href=\"https:\/\/deveho.com\/wp-content\/uploads\/2024\/07\/We-Are-Yooz-EN.mp4\">https:\/\/deveho.com\/wp-content\/uploads\/2024\/07\/We-Are-Yooz-EN.mp4<\/a><\/video><\/div>\n<\/p>\n<h3><red><b>Fedezze fel, mi\u00e9rt v\u00e1lasztj\u00e1k \u00fcgyfeleink a Yooz-t!<\/red><\/b><\/h3>\n<p><p>A <strong>Yooz<\/strong> sz\u00e1ml\u00e1z\u00e1si automatiz\u00e1l\u00e1si megold\u00e1s a termel\u00e9kenys\u00e9gi, hat\u00e9konys\u00e1gi \u00e9s megfelel\u0151s\u00e9gi kih\u00edv\u00e1sokra ad v\u00e1laszt.<br \/>\nAutomatiz\u00e1lja beszerz\u00e9si \u00e9s \u00fcgyf\u00e9l sz\u00e1ml\u00e1z\u00e1si folyamatait egyetlen megold\u00e1ssal.<\/p>\n<\/p>\n<p>K\u00f6nnyen be\u00e1ll\u00edthat\u00f3.\n<\/p>\n<p>80%-os k\u00f6lts\u00e9gcs\u00f6kkent\u00e9s.\n<\/p>\n<p>R\u00f6videbb \u00e9rv\u00e9nyes\u00edt\u00e9si id\u0151k.\n<\/p>\n<p>N\u00f6velt folyamatl\u00e1that\u00f3s\u00e1g.\n<\/p>\n<p>Csal\u00e1sdetekt\u00e1l\u00e1s \u00e9s dokumentumbiztons\u00e1g.\n<\/p>\n<p>Z\u00e9r\u00f3 kock\u00e1zat a sz\u00e1ml\u00e1k dematerializ\u00e1l\u00e1sa sor\u00e1n.\n<\/p>\n<h2><\/h2>\n<h3>A Yooz el\u0151nyei<\/h3>\n<h3><\/h3>\n<\/p>\n<h2><red>Az EU Business School<\/red> a k\u00f6vetkez\u0151 szintre l\u00e9p a p\u00e9nzgazd\u00e1lkod\u00e1sban a Sage X3 seg\u00edts\u00e9g\u00e9vel a Deveho \u00e1ltal<\/h2>\n<\/p>\n<p>&#8222;Kapcsolatba l\u00e9pt\u00fcnk a Yooz-zal, egy sz\u00e1ml\u00e1z\u00e1si automatiz\u00e1l\u00e1si platformmal, valamint az Akad\u00e9miai szoftver\u00fcnkkel.&#8221;<br \/>\nAnne-Claire Aubert, a EU Business School csoport p\u00e9nz\u00fcgyi igazgat\u00f3ja.\n<\/p>\n<h2><\/h2>\n<h3>Kapcsol\u00f3d\u00f3 oldalak<\/h3>\n<\/p>\n<h3><\/h3>\n<\/p>\n<h3><\/h3><\/p>\n","protected":false},"excerpt":{"rendered":"<p>Yooz solution provides the smartest, most powerful, and easiest-to-use cloud-based E-invoicing and Purchase-to-Pay (P2P) automation solution. It delivers unmatched savings, speed, and security with affordable zero-risk subscriptions to more than 5,000 customers and 300,000 users worldwide.<\/p>\n","protected":false},"author":34,"featured_media":0,"parent":9615,"menu_order":0,"comment_status":"closed","ping_status":"closed","template":"templates\/template-prod_serv.php","meta":{"_acf_changed":false,"footnotes":""},"class_list":["post-32075","page","type-page","status-publish","hentry"],"acf":[],"yoast_head":"<!-- This site is optimized with the Yoast SEO plugin v23.5 - https:\/\/yoast.com\/wordpress\/plugins\/seo\/ -->\n<title>Yooz solution, dematerialising suppliers invoices - Deveho<\/title>\n<meta name=\"description\" content=\"Yooz solution is a fast-growing, award-winning, SaaS innovator that is the perfect fit for mid-size organisations across all sectors.\" \/>\n<meta name=\"robots\" content=\"index, follow, max-snippet:-1, max-image-preview:large, max-video-preview:-1\" \/>\n<link rel=\"canonical\" href=\"https:\/\/deveho.com\/hu\/termekek\/sage-x3-marketplace\/yooz-solution\/\" \/>\n<meta property=\"og:locale\" content=\"hu_HU\" \/>\n<meta property=\"og:type\" content=\"article\" \/>\n<meta property=\"og:title\" content=\"Yooz solution, dematerialising suppliers invoices - Deveho\" \/>\n<meta property=\"og:description\" content=\"Yooz solution is a fast-growing, award-winning, SaaS innovator that is the perfect fit for mid-size organisations across all sectors.\" \/>\n<meta property=\"og:url\" content=\"https:\/\/deveho.com\/hu\/termekek\/sage-x3-marketplace\/yooz-solution\/\" \/>\n<meta property=\"og:site_name\" content=\"Deveho\" \/>\n<meta property=\"article:publisher\" content=\"https:\/\/www.facebook.com\/deveho\" \/>\n<meta property=\"article:modified_time\" content=\"2024-10-28T13:02:44+00:00\" \/>\n<meta name=\"twitter:card\" content=\"summary_large_image\" \/>\n<meta name=\"twitter:site\" content=\"@Deveho1\" \/>\n<meta name=\"twitter:label1\" content=\"Becs\u00fclt olvas\u00e1si id\u0151\" \/>\n\t<meta name=\"twitter:data1\" content=\"1 perc\" \/>\n<script type=\"application\/ld+json\" class=\"yoast-schema-graph\">{\"@context\":\"https:\/\/schema.org\",\"@graph\":[{\"@type\":\"WebPage\",\"@id\":\"https:\/\/deveho.com\/hu\/termekek\/sage-x3-marketplace\/yooz-solution\/\",\"url\":\"https:\/\/deveho.com\/hu\/termekek\/sage-x3-marketplace\/yooz-solution\/\",\"name\":\"Yooz solution, dematerialising suppliers invoices - Deveho\",\"isPartOf\":{\"@id\":\"https:\/\/deveho.com\/#website\"},\"datePublished\":\"2024-07-17T13:41:28+00:00\",\"dateModified\":\"2024-10-28T13:02:44+00:00\",\"description\":\"Yooz solution is a fast-growing, award-winning, SaaS innovator that is the perfect fit for mid-size organisations across all sectors.\",\"breadcrumb\":{\"@id\":\"https:\/\/deveho.com\/hu\/termekek\/sage-x3-marketplace\/yooz-solution\/#breadcrumb\"},\"inLanguage\":\"hu\",\"potentialAction\":[{\"@type\":\"ReadAction\",\"target\":[\"https:\/\/deveho.com\/hu\/termekek\/sage-x3-marketplace\/yooz-solution\/\"]}]},{\"@type\":\"BreadcrumbList\",\"@id\":\"https:\/\/deveho.com\/hu\/termekek\/sage-x3-marketplace\/yooz-solution\/#breadcrumb\",\"itemListElement\":[{\"@type\":\"ListItem\",\"position\":1,\"name\":\"Home\",\"item\":\"https:\/\/deveho.com\/hu\/\"},{\"@type\":\"ListItem\",\"position\":2,\"name\":\"Term\u00e9kek\",\"item\":\"https:\/\/deveho.com\/hu\/termekek\/\"},{\"@type\":\"ListItem\",\"position\":3,\"name\":\"Sage X3 Marketplace\",\"item\":\"https:\/\/deveho.com\/hu\/termekek\/sage-x3-marketplace\/\"},{\"@type\":\"ListItem\",\"position\":4,\"name\":\"Yooz\"}]},{\"@type\":\"WebSite\",\"@id\":\"https:\/\/deveho.com\/#website\",\"url\":\"https:\/\/deveho.com\/\",\"name\":\"Deveho Consulting Group\",\"description\":\"Let\u2019s boost your growth\",\"publisher\":{\"@id\":\"https:\/\/deveho.com\/#organization\"},\"potentialAction\":[{\"@type\":\"SearchAction\",\"target\":{\"@type\":\"EntryPoint\",\"urlTemplate\":\"https:\/\/deveho.com\/?s={search_term_string}\"},\"query-input\":{\"@type\":\"PropertyValueSpecification\",\"valueRequired\":true,\"valueName\":\"search_term_string\"}}],\"inLanguage\":\"hu\"},{\"@type\":\"Organization\",\"@id\":\"https:\/\/deveho.com\/#organization\",\"name\":\"Deveho Consulting Group\",\"url\":\"https:\/\/deveho.com\/\",\"logo\":{\"@type\":\"ImageObject\",\"inLanguage\":\"hu\",\"@id\":\"https:\/\/deveho.com\/#\/schema\/logo\/image\/\",\"url\":\"https:\/\/deveho.com\/wp-content\/uploads\/2023\/02\/DEVEHO-LOGO-Baseline-COLOR.png\",\"contentUrl\":\"https:\/\/deveho.com\/wp-content\/uploads\/2023\/02\/DEVEHO-LOGO-Baseline-COLOR.png\",\"width\":2251,\"height\":585,\"caption\":\"Deveho Consulting Group\"},\"image\":{\"@id\":\"https:\/\/deveho.com\/#\/schema\/logo\/image\/\"},\"sameAs\":[\"https:\/\/www.facebook.com\/deveho\",\"https:\/\/x.com\/Deveho1\",\"https:\/\/www.linkedin.com\/company\/deveho-consulting\/\"]}]}<\/script>\n<!-- \/ Yoast SEO plugin. -->","yoast_head_json":{"title":"Yooz solution, dematerialising suppliers invoices - Deveho","description":"Yooz solution is a fast-growing, award-winning, SaaS innovator that is the perfect fit for mid-size organisations across all sectors.","robots":{"index":"index","follow":"follow","max-snippet":"max-snippet:-1","max-image-preview":"max-image-preview:large","max-video-preview":"max-video-preview:-1"},"canonical":"https:\/\/deveho.com\/hu\/termekek\/sage-x3-marketplace\/yooz-solution\/","og_locale":"hu_HU","og_type":"article","og_title":"Yooz solution, dematerialising suppliers invoices - Deveho","og_description":"Yooz solution is a fast-growing, award-winning, SaaS innovator that is the perfect fit for mid-size organisations across all sectors.","og_url":"https:\/\/deveho.com\/hu\/termekek\/sage-x3-marketplace\/yooz-solution\/","og_site_name":"Deveho","article_publisher":"https:\/\/www.facebook.com\/deveho","article_modified_time":"2024-10-28T13:02:44+00:00","twitter_card":"summary_large_image","twitter_site":"@Deveho1","twitter_misc":{"Becs\u00fclt olvas\u00e1si id\u0151":"1 perc"},"schema":{"@context":"https:\/\/schema.org","@graph":[{"@type":"WebPage","@id":"https:\/\/deveho.com\/hu\/termekek\/sage-x3-marketplace\/yooz-solution\/","url":"https:\/\/deveho.com\/hu\/termekek\/sage-x3-marketplace\/yooz-solution\/","name":"Yooz solution, dematerialising suppliers invoices - Deveho","isPartOf":{"@id":"https:\/\/deveho.com\/#website"},"datePublished":"2024-07-17T13:41:28+00:00","dateModified":"2024-10-28T13:02:44+00:00","description":"Yooz solution is a fast-growing, award-winning, SaaS innovator that is the perfect fit for mid-size organisations across all sectors.","breadcrumb":{"@id":"https:\/\/deveho.com\/hu\/termekek\/sage-x3-marketplace\/yooz-solution\/#breadcrumb"},"inLanguage":"hu","potentialAction":[{"@type":"ReadAction","target":["https:\/\/deveho.com\/hu\/termekek\/sage-x3-marketplace\/yooz-solution\/"]}]},{"@type":"BreadcrumbList","@id":"https:\/\/deveho.com\/hu\/termekek\/sage-x3-marketplace\/yooz-solution\/#breadcrumb","itemListElement":[{"@type":"ListItem","position":1,"name":"Home","item":"https:\/\/deveho.com\/hu\/"},{"@type":"ListItem","position":2,"name":"Term\u00e9kek","item":"https:\/\/deveho.com\/hu\/termekek\/"},{"@type":"ListItem","position":3,"name":"Sage X3 Marketplace","item":"https:\/\/deveho.com\/hu\/termekek\/sage-x3-marketplace\/"},{"@type":"ListItem","position":4,"name":"Yooz"}]},{"@type":"WebSite","@id":"https:\/\/deveho.com\/#website","url":"https:\/\/deveho.com\/","name":"Deveho Consulting Group","description":"Let\u2019s boost your growth","publisher":{"@id":"https:\/\/deveho.com\/#organization"},"potentialAction":[{"@type":"SearchAction","target":{"@type":"EntryPoint","urlTemplate":"https:\/\/deveho.com\/?s={search_term_string}"},"query-input":{"@type":"PropertyValueSpecification","valueRequired":true,"valueName":"search_term_string"}}],"inLanguage":"hu"},{"@type":"Organization","@id":"https:\/\/deveho.com\/#organization","name":"Deveho Consulting Group","url":"https:\/\/deveho.com\/","logo":{"@type":"ImageObject","inLanguage":"hu","@id":"https:\/\/deveho.com\/#\/schema\/logo\/image\/","url":"https:\/\/deveho.com\/wp-content\/uploads\/2023\/02\/DEVEHO-LOGO-Baseline-COLOR.png","contentUrl":"https:\/\/deveho.com\/wp-content\/uploads\/2023\/02\/DEVEHO-LOGO-Baseline-COLOR.png","width":2251,"height":585,"caption":"Deveho Consulting Group"},"image":{"@id":"https:\/\/deveho.com\/#\/schema\/logo\/image\/"},"sameAs":["https:\/\/www.facebook.com\/deveho","https:\/\/x.com\/Deveho1","https:\/\/www.linkedin.com\/company\/deveho-consulting\/"]}]}},"_links":{"self":[{"href":"https:\/\/deveho.com\/hu\/wp-json\/wp\/v2\/pages\/32075"}],"collection":[{"href":"https:\/\/deveho.com\/hu\/wp-json\/wp\/v2\/pages"}],"about":[{"href":"https:\/\/deveho.com\/hu\/wp-json\/wp\/v2\/types\/page"}],"author":[{"embeddable":true,"href":"https:\/\/deveho.com\/hu\/wp-json\/wp\/v2\/users\/34"}],"replies":[{"embeddable":true,"href":"https:\/\/deveho.com\/hu\/wp-json\/wp\/v2\/comments?post=32075"}],"version-history":[{"count":3,"href":"https:\/\/deveho.com\/hu\/wp-json\/wp\/v2\/pages\/32075\/revisions"}],"predecessor-version":[{"id":34479,"href":"https:\/\/deveho.com\/hu\/wp-json\/wp\/v2\/pages\/32075\/revisions\/34479"}],"up":[{"embeddable":true,"href":"https:\/\/deveho.com\/hu\/wp-json\/wp\/v2\/pages\/9615"}],"wp:attachment":[{"href":"https:\/\/deveho.com\/hu\/wp-json\/wp\/v2\/media?parent=32075"}],"curies":[{"name":"wp","href":"https:\/\/api.w.org\/{rel}","templated":true}]}}