{"id":32999,"date":"2024-07-25T09:03:19","date_gmt":"2024-07-25T07:03:19","guid":{"rendered":"https:\/\/deveho.com\/?page_id=32999"},"modified":"2025-03-10T15:26:17","modified_gmt":"2025-03-10T13:26:17","slug":"sage-intacct-solution","status":"publish","type":"page","link":"https:\/\/deveho.com\/hu\/termekek\/sage-intacct-solution\/","title":{"rendered":"Sage Intacct"},"content":{"rendered":"<br \/>\n<h2><\/h2>\n<h3><red>Mi\u00e9rt v\u00e1lassza a Sage Intacct megold\u00e1st? <\/red><\/h3>\n<h3><\/h3>\n<ul>\n<li>Cs\u00f6kkentse automatiz\u00e1l\u00e1ssal a havi z\u00e1r\u00e1s idej\u00e9t ak\u00e1r 66%-kal.<\/li>\n<li>Kapjon val\u00f3s idej\u0171, t\u00f6bbr\u00e9teg\u0171 jelent\u00e9seket. V\u00e9get vethet az Excel f\u00e1jlok elburj\u00e1nz\u00e1s\u00e1nak!<\/li>\n<li>Szabad\u00edtsa fel a p\u00e9nz\u00fcgyi oszt\u00e1ly\u00e1t, hogy a v\u00e1llalkoz\u00e1s n\u00f6veked\u00e9s\u00e9nek kezel\u00e9s\u00e9re \u00f6sszpontos\u00edthasson.<\/li>\n<li>150 \u00f3ra gyors telep\u00edt\u00e9s.<\/li>\n<li>1 milli\u00e1rd API h\u00edv\u00e1s havonta.<\/li>\n<li>100 egys\u00e9g m\u00e1sodpercek alatt.<\/li>\n<\/ul>\n<h2>Felh\u0151alap\u00fa p\u00e9nz\u00fcgyi menedzsment a j\u00f6v\u0151orient\u00e1lt p\u00e9nz\u00fcgyi vezet\u0151k sz\u00e1m\u00e1ra<\/h2>\n<\/p>\n<p>A Sage Intacct a legjobban \u00e9rt\u00e9kelt felh\u0151alap\u00fa k\u00f6nyvel\u00e9si \u00e9s p\u00e9nz\u00fcgyi menedzsment szoftver az \u00fcgyf\u00e9lel\u00e9gedetts\u00e9g ter\u00e9n!<br \/>\nA Sage Intacct seg\u00edts\u00e9g\u00e9vel a j\u00f6v\u0151orient\u00e1lt CFO-k \u00e9s p\u00e9nz\u00fcgyi vezet\u0151k n\u00e9h\u00e1ny perc alatt, nem pedig napok alatt hozz\u00e1f\u00e9rhetnek az \u00f6sszes \u00fczleti egys\u00e9g integr\u00e1lt p\u00e9nz\u00fcgyi \u00e9s menedzsment jelleg\u0171 jelent\u00e9seihez, \u00edgy hat\u00e9konyan n\u00f6velhetik \u00e9s ir\u00e1ny\u00edthatj\u00e1k v\u00e1llalkoz\u00e1saikat.<\/p>\n<h2><\/h2>\n<h3><red><b>Az \u00d6n \u00fcgyf\u00e9lk\u00f6nyvel\u00e9si szoftvere<\/b><\/red><\/h3>\n<h3><\/h3>\n<p><p>A<strong> Sage Intacct<\/strong> megold\u00e1s nyitott, kommunik\u00e1l\u00f3 platformot biztos\u00edt API-jain kereszt\u00fcl, lehet\u0151v\u00e9 t\u00e9ve a sz\u00e9lesk\u00f6r\u0171 kapcsol\u00f3d\u00f3 megold\u00e1sokkal val\u00f3 egyszer\u0171 integr\u00e1ci\u00f3t \u00e9s interakci\u00f3t.<br \/>\nEnnek eredm\u00e9nyek\u00e9nt a<strong> Sage Intacct<\/strong> t\u00f6k\u00e9letesen alkalmazkodik az \u00fczleti ig\u00e9nyeihez \u00e9s az ipar\u00e1g\u00e1hoz.<\/p>\n<\/p>\n<h2><\/h2>\n<h3>A Sage Intacct k\u00e9pess\u00e9gei<\/h3>\n<h3><\/h3>\n<\/p>\n<h2><\/h2>\n<h3>Kapcsol\u00f3d\u00f3 oldalak<\/h3>\n<\/p>\n<h3><\/h3>\n<\/p>\n<h3><\/h3><\/p>\n","protected":false},"excerpt":{"rendered":"<p>Recouvrez vos paiements plus rapidement et am\u00e9liorez vos flux de tr\u00e9sorerie gr\u00e2ce \u00e0 la comptabilit\u00e9 client qui fait partie de Sage Intacct.<\/p>\n","protected":false},"author":34,"featured_media":0,"parent":10338,"menu_order":0,"comment_status":"closed","ping_status":"closed","template":"templates\/template-prod_serv.php","meta":{"_acf_changed":false,"footnotes":""},"class_list":["post-32999","page","type-page","status-publish","hentry"],"acf":[],"yoast_head":"<!-- This site is optimized with the Yoast SEO plugin v23.5 - https:\/\/yoast.com\/wordpress\/plugins\/seo\/ -->\n<title>Sage Intacct solution - Customer accounting software - Deveho<\/title>\n<meta name=\"description\" content=\"With Accounts Receivable, part of Sage Intacct solution, you can collect payments faster and improve your cash flow.\" \/>\n<meta name=\"robots\" content=\"index, follow, max-snippet:-1, max-image-preview:large, max-video-preview:-1\" \/>\n<link rel=\"canonical\" href=\"https:\/\/deveho.com\/hu\/termekek\/sage-intacct-solution\/\" \/>\n<meta property=\"og:locale\" content=\"hu_HU\" \/>\n<meta property=\"og:type\" content=\"article\" \/>\n<meta property=\"og:title\" content=\"Sage Intacct solution - Customer accounting software - Deveho\" \/>\n<meta property=\"og:description\" content=\"With Accounts Receivable, part of Sage Intacct solution, you can collect payments faster and improve your cash flow.\" \/>\n<meta property=\"og:url\" content=\"https:\/\/deveho.com\/hu\/termekek\/sage-intacct-solution\/\" \/>\n<meta property=\"og:site_name\" content=\"Deveho\" \/>\n<meta property=\"article:publisher\" content=\"https:\/\/www.facebook.com\/deveho\" \/>\n<meta property=\"article:modified_time\" content=\"2025-03-10T13:26:17+00:00\" \/>\n<meta name=\"twitter:card\" content=\"summary_large_image\" \/>\n<meta name=\"twitter:site\" content=\"@Deveho1\" \/>\n<meta name=\"twitter:label1\" content=\"Becs\u00fclt olvas\u00e1si id\u0151\" \/>\n\t<meta name=\"twitter:data1\" content=\"1 perc\" \/>\n<script type=\"application\/ld+json\" class=\"yoast-schema-graph\">{\"@context\":\"https:\/\/schema.org\",\"@graph\":[{\"@type\":\"WebPage\",\"@id\":\"https:\/\/deveho.com\/hu\/termekek\/sage-intacct-solution\/\",\"url\":\"https:\/\/deveho.com\/hu\/termekek\/sage-intacct-solution\/\",\"name\":\"Sage Intacct solution - Customer accounting software - Deveho\",\"isPartOf\":{\"@id\":\"https:\/\/deveho.com\/#website\"},\"datePublished\":\"2024-07-25T07:03:19+00:00\",\"dateModified\":\"2025-03-10T13:26:17+00:00\",\"description\":\"With Accounts Receivable, part of Sage Intacct solution, you can collect payments faster and improve your cash flow.\",\"breadcrumb\":{\"@id\":\"https:\/\/deveho.com\/hu\/termekek\/sage-intacct-solution\/#breadcrumb\"},\"inLanguage\":\"hu\",\"potentialAction\":[{\"@type\":\"ReadAction\",\"target\":[\"https:\/\/deveho.com\/hu\/termekek\/sage-intacct-solution\/\"]}]},{\"@type\":\"BreadcrumbList\",\"@id\":\"https:\/\/deveho.com\/hu\/termekek\/sage-intacct-solution\/#breadcrumb\",\"itemListElement\":[{\"@type\":\"ListItem\",\"position\":1,\"name\":\"Home\",\"item\":\"https:\/\/deveho.com\/hu\/\"},{\"@type\":\"ListItem\",\"position\":2,\"name\":\"Term\u00e9kek\",\"item\":\"https:\/\/deveho.com\/hu\/termekek\/\"},{\"@type\":\"ListItem\",\"position\":3,\"name\":\"Sage Intacct\"}]},{\"@type\":\"WebSite\",\"@id\":\"https:\/\/deveho.com\/#website\",\"url\":\"https:\/\/deveho.com\/\",\"name\":\"Deveho Consulting Group\",\"description\":\"Let\u2019s boost your growth\",\"publisher\":{\"@id\":\"https:\/\/deveho.com\/#organization\"},\"potentialAction\":[{\"@type\":\"SearchAction\",\"target\":{\"@type\":\"EntryPoint\",\"urlTemplate\":\"https:\/\/deveho.com\/?s={search_term_string}\"},\"query-input\":{\"@type\":\"PropertyValueSpecification\",\"valueRequired\":true,\"valueName\":\"search_term_string\"}}],\"inLanguage\":\"hu\"},{\"@type\":\"Organization\",\"@id\":\"https:\/\/deveho.com\/#organization\",\"name\":\"Deveho Consulting Group\",\"url\":\"https:\/\/deveho.com\/\",\"logo\":{\"@type\":\"ImageObject\",\"inLanguage\":\"hu\",\"@id\":\"https:\/\/deveho.com\/#\/schema\/logo\/image\/\",\"url\":\"https:\/\/deveho.com\/wp-content\/uploads\/2023\/02\/DEVEHO-LOGO-Baseline-COLOR.png\",\"contentUrl\":\"https:\/\/deveho.com\/wp-content\/uploads\/2023\/02\/DEVEHO-LOGO-Baseline-COLOR.png\",\"width\":2251,\"height\":585,\"caption\":\"Deveho Consulting Group\"},\"image\":{\"@id\":\"https:\/\/deveho.com\/#\/schema\/logo\/image\/\"},\"sameAs\":[\"https:\/\/www.facebook.com\/deveho\",\"https:\/\/x.com\/Deveho1\",\"https:\/\/www.linkedin.com\/company\/deveho-consulting\/\"]}]}<\/script>\n<!-- \/ Yoast SEO plugin. -->","yoast_head_json":{"title":"Sage Intacct solution - Customer accounting software - Deveho","description":"With Accounts Receivable, part of Sage Intacct solution, you can collect payments faster and improve your cash flow.","robots":{"index":"index","follow":"follow","max-snippet":"max-snippet:-1","max-image-preview":"max-image-preview:large","max-video-preview":"max-video-preview:-1"},"canonical":"https:\/\/deveho.com\/hu\/termekek\/sage-intacct-solution\/","og_locale":"hu_HU","og_type":"article","og_title":"Sage Intacct solution - Customer accounting software - Deveho","og_description":"With Accounts Receivable, part of Sage Intacct solution, you can collect payments faster and improve your cash flow.","og_url":"https:\/\/deveho.com\/hu\/termekek\/sage-intacct-solution\/","og_site_name":"Deveho","article_publisher":"https:\/\/www.facebook.com\/deveho","article_modified_time":"2025-03-10T13:26:17+00:00","twitter_card":"summary_large_image","twitter_site":"@Deveho1","twitter_misc":{"Becs\u00fclt olvas\u00e1si id\u0151":"1 perc"},"schema":{"@context":"https:\/\/schema.org","@graph":[{"@type":"WebPage","@id":"https:\/\/deveho.com\/hu\/termekek\/sage-intacct-solution\/","url":"https:\/\/deveho.com\/hu\/termekek\/sage-intacct-solution\/","name":"Sage Intacct solution - Customer accounting software - Deveho","isPartOf":{"@id":"https:\/\/deveho.com\/#website"},"datePublished":"2024-07-25T07:03:19+00:00","dateModified":"2025-03-10T13:26:17+00:00","description":"With Accounts Receivable, part of Sage Intacct solution, you can collect payments faster and improve your cash flow.","breadcrumb":{"@id":"https:\/\/deveho.com\/hu\/termekek\/sage-intacct-solution\/#breadcrumb"},"inLanguage":"hu","potentialAction":[{"@type":"ReadAction","target":["https:\/\/deveho.com\/hu\/termekek\/sage-intacct-solution\/"]}]},{"@type":"BreadcrumbList","@id":"https:\/\/deveho.com\/hu\/termekek\/sage-intacct-solution\/#breadcrumb","itemListElement":[{"@type":"ListItem","position":1,"name":"Home","item":"https:\/\/deveho.com\/hu\/"},{"@type":"ListItem","position":2,"name":"Term\u00e9kek","item":"https:\/\/deveho.com\/hu\/termekek\/"},{"@type":"ListItem","position":3,"name":"Sage Intacct"}]},{"@type":"WebSite","@id":"https:\/\/deveho.com\/#website","url":"https:\/\/deveho.com\/","name":"Deveho Consulting Group","description":"Let\u2019s boost your growth","publisher":{"@id":"https:\/\/deveho.com\/#organization"},"potentialAction":[{"@type":"SearchAction","target":{"@type":"EntryPoint","urlTemplate":"https:\/\/deveho.com\/?s={search_term_string}"},"query-input":{"@type":"PropertyValueSpecification","valueRequired":true,"valueName":"search_term_string"}}],"inLanguage":"hu"},{"@type":"Organization","@id":"https:\/\/deveho.com\/#organization","name":"Deveho Consulting Group","url":"https:\/\/deveho.com\/","logo":{"@type":"ImageObject","inLanguage":"hu","@id":"https:\/\/deveho.com\/#\/schema\/logo\/image\/","url":"https:\/\/deveho.com\/wp-content\/uploads\/2023\/02\/DEVEHO-LOGO-Baseline-COLOR.png","contentUrl":"https:\/\/deveho.com\/wp-content\/uploads\/2023\/02\/DEVEHO-LOGO-Baseline-COLOR.png","width":2251,"height":585,"caption":"Deveho Consulting Group"},"image":{"@id":"https:\/\/deveho.com\/#\/schema\/logo\/image\/"},"sameAs":["https:\/\/www.facebook.com\/deveho","https:\/\/x.com\/Deveho1","https:\/\/www.linkedin.com\/company\/deveho-consulting\/"]}]}},"_links":{"self":[{"href":"https:\/\/deveho.com\/hu\/wp-json\/wp\/v2\/pages\/32999"}],"collection":[{"href":"https:\/\/deveho.com\/hu\/wp-json\/wp\/v2\/pages"}],"about":[{"href":"https:\/\/deveho.com\/hu\/wp-json\/wp\/v2\/types\/page"}],"author":[{"embeddable":true,"href":"https:\/\/deveho.com\/hu\/wp-json\/wp\/v2\/users\/34"}],"replies":[{"embeddable":true,"href":"https:\/\/deveho.com\/hu\/wp-json\/wp\/v2\/comments?post=32999"}],"version-history":[{"count":5,"href":"https:\/\/deveho.com\/hu\/wp-json\/wp\/v2\/pages\/32999\/revisions"}],"predecessor-version":[{"id":38760,"href":"https:\/\/deveho.com\/hu\/wp-json\/wp\/v2\/pages\/32999\/revisions\/38760"}],"up":[{"embeddable":true,"href":"https:\/\/deveho.com\/hu\/wp-json\/wp\/v2\/pages\/10338"}],"wp:attachment":[{"href":"https:\/\/deveho.com\/hu\/wp-json\/wp\/v2\/media?parent=32999"}],"curies":[{"name":"wp","href":"https:\/\/api.w.org\/{rel}","templated":true}]}}