{"id":46188,"date":"2026-01-23T17:16:36","date_gmt":"2026-01-23T15:16:36","guid":{"rendered":"https:\/\/deveho.com\/?page_id=46188"},"modified":"2026-03-13T16:03:22","modified_gmt":"2026-03-13T14:03:22","slug":"lokalizaciok","status":"publish","type":"page","link":"https:\/\/deveho.com\/hu\/otthon\/lokalizaciok\/","title":{"rendered":"Lokaliz\u00e1ci\u00f3k"},"content":{"rendered":"<br \/>\n<h2><\/h2>\n<h3>Deveho <br \/> <red>lokaliz\u00e1ci\u00f3s csomagok<\/red><\/h3>\n<h3>A lokaliz\u00e1ci\u00f3s csomag olyan el\u0151re konfigur\u00e1lt friss\u00edt\u00e9sek, modulok \u00e9s kieg\u00e9sz\u00edt\u0151k gy\u0171jtem\u00e9nye, amely biztos\u00edtja, hogy a Sage X3 megfeleljen egy adott orsz\u00e1g vagy r\u00e9gi\u00f3 helyi jogi \u00e9s szab\u00e1lyoz\u00e1si k\u00f6vetelm\u00e9nyeinek.<\/h3>\n<p><p>Lokaliz\u00e1ci\u00f3s csomagunk el\u0151seg\u00edti a megold\u00e1s hat\u00e9kony \u00e9s szab\u00e1lyszer\u0171 haszn\u00e1lat\u00e1t a multinacion\u00e1lis szervezetek helyi felhaszn\u00e1l\u00f3i sz\u00e1m\u00e1ra. A k\u00f6telez\u0151 szab\u00e1lyoz\u00e1si elemek mellett a csomag olyan opcion\u00e1lis funkci\u00f3kat is tartalmaz, amelyek b\u00e1r jogilag nem k\u00f6telez\u0151ek, a helyi felhaszn\u00e1l\u00f3k nagyra \u00e9rt\u00e9kelik \u0151ket. A lokaliz\u00e1ci\u00f3s csomag els\u0151sorban a p\u00e9nz\u00fcgyre \u00e9s a sz\u00e1mvitelre \u00f6sszpontos\u00edt, mivel ezek a ter\u00fcletek mutatj\u00e1k a legnagyobb szab\u00e1lyoz\u00e1si elt\u00e9r\u00e9seket a piacokon. Lefedi tov\u00e1bb\u00e1 a m\u00e1s funkcion\u00e1lis ter\u00fcleteken felmer\u00fcl\u0151 k\u00f6telez\u0151 jelent\u00e9st\u00e9teli k\u00f6vetelm\u00e9nyeket is.<\/p>\n<p>Minden bevezet\u00e9s tartalmaz nyelvi t\u00e1mogat\u00e1st, biztos\u00edtva a helyi munkanyelvet \u00e9s a ford\u00edtott tartalmakat, bizonyos kiv\u00e9telekkel, mint p\u00e9ld\u00e1ul az online s\u00fag\u00f3, a k\u00fcls\u0151 kieg\u00e9sz\u00edt\u0151k \u00e9s egyes riportok.<\/p>\n<p><img loading=\"lazy\" decoding=\"async\" class=\"aligncenter wp-image-45536 size-full\" src=\"https:\/\/deveho.com\/wp-content\/uploads\/2026\/01\/Map-legislations.png\" alt=\"\" width=\"1996\" height=\"1294\" srcset=\"https:\/\/deveho.com\/wp-content\/uploads\/2026\/01\/Map-legislations.png 1996w, https:\/\/deveho.com\/wp-content\/uploads\/2026\/01\/Map-legislations-300x194.png 300w, https:\/\/deveho.com\/wp-content\/uploads\/2026\/01\/Map-legislations-1024x664.png 1024w, https:\/\/deveho.com\/wp-content\/uploads\/2026\/01\/Map-legislations-150x97.png 150w, https:\/\/deveho.com\/wp-content\/uploads\/2026\/01\/Map-legislations-768x498.png 768w, https:\/\/deveho.com\/wp-content\/uploads\/2026\/01\/Map-legislations-1536x996.png 1536w, https:\/\/deveho.com\/wp-content\/uploads\/2026\/01\/Map-legislations-1920x1245.png 1920w\" sizes=\"(max-width: 1996px) 100vw, 1996px\" \/><\/p>\n<p>&nbsp;<\/p>\n<\/p>\n<h2>A lokaliz\u00e1ci\u00f3<red> f\u0151bb jellemz\u0151i<\/red><\/h2>\n<h3>T\u00f6bbnyelv\u0171 t\u00e1mogat\u00e1s<\/h3>\n<p><p>Soksz\u00edn\u0171 csapatunk t\u00f6bb mint 18 nemzetis\u00e9get \u00e9s nyelvet k\u00e9pvisel, ami z\u00f6kken\u0151mentess\u00e9 teszi a hat\u00e1rokon \u00e1tny\u00fal\u00f3 kommunik\u00e1ci\u00f3t \u00e9s biztos\u00edtja a hat\u00e9kony \u00fcgyf\u00e9lt\u00e1mogat\u00e1st t\u00f6bb r\u00e9gi\u00f3ban.<\/p>\n<\/p>\n<h3>T\u00f6bb jogszab\u00e1lyi k\u00f6rnyezetnek val\u00f3 megfelel\u00e9s<\/h3>\n<p><p>A Deveho 8 dedik\u00e1lt lokaliz\u00e1ci\u00f3s kieg\u00e9sz\u00edt\u0151n kereszt\u00fcl fejlesztette ki saj\u00e1t jogszab\u00e1lyi csomagjait, lefedve Hollandi\u00e1t, Rom\u00e1ni\u00e1t, Csehorsz\u00e1got, Szlov\u00e1ki\u00e1t, Magyarorsz\u00e1got, Marokk\u00f3, Litv\u00e1ni\u00e1t \u00e9s Lettorsz\u00e1got.<\/p>\n<\/p>\n<h3>T\u00f6bb orsz\u00e1gra kiterjed\u0151 m\u0171k\u00f6d\u00e9s<\/h3>\n<p><p>A Deveho Consulting Group t\u00e1mogatja az \u00d6n helyi \u00e9s nemzetk\u00f6zi fejleszt\u00e9si projektjeit. C\u00e9lunk, hogy val\u00f3ban<strong> \u201eGLOK\u00c1LIS\u201d<\/strong> partnerek legy\u00fcnk, hossz\u00fa t\u00e1v\u00fa egy\u00fcttm\u0171k\u00f6d\u00e9st k\u00edn\u00e1lva b\u00e1rhol, ahol \u00d6n tev\u00e9kenykedik.<\/p>\n<\/p>\n<h3>Teljes megfelel\u0151s\u00e9g a nemzetk\u00f6zi sztenderdeknek<\/h3>\n<p><p>Olyan lokaliz\u00e1ci\u00f3s megold\u00e1sokat tervez\u00fcnk, amelyek teljes m\u00e9rt\u00e9kben illeszkednek a nemzeti jogi keretekhez, mik\u00f6zben \u00f6sszhangban maradnak a Sage X3 glob\u00e1lis sztenderdjeivel.<\/p>\n<\/p>\n<h2><\/h2>\n<h3>Deveho <red>lokaliz\u00e1ci\u00f3s <\/red>\u00e1ttekint\u00e9s<\/h3>\n<h3><red><b>Szab\u00e1lyoz\u00e1si megfelel\u0151s\u00e9g<\/red><\/b> <br \/>A mai glob\u00e1lis piacon a szab\u00e1lyoz\u00e1si megfelel\u0151s\u00e9g biztos\u00edt\u00e1sa d\u00f6nt\u0151 fontoss\u00e1g\u00fa az \u00faj r\u00e9gi\u00f3kba val\u00f3 sikeres bel\u00e9p\u00e9shez \u00e9s m\u0171k\u00f6d\u00e9shez. A Deveh\u00f3n\u00e1l a komplex szab\u00e1lyoz\u00e1si k\u00f6rnyezetben val\u00f3 eligazod\u00e1sra specializ\u00e1l\u00f3dtunk, hogy biztos\u00edtsuk \u00fczlete megfelel\u0151s\u00e9g\u00e9t minden jogi \u00e9s ipar\u00e1g-specifikus k\u00f6vetelm\u00e9nynek a k\u00fcl\u00f6nb\u00f6z\u0151 piacokon. Lokaliz\u00e1ci\u00f3s megk\u00f6zel\u00edt\u00e9s\u00fcnk minden szakaszban integr\u00e1lja a megfelel\u0151s\u00e9get, a tartalom adapt\u00e1l\u00e1s\u00e1t\u00f3l a rendszerintegr\u00e1ci\u00f3ig.<\/h3>\n<p><p>&nbsp;<\/p>\n<table style=\"height: 721px;\" width=\"2079\">\n<tbody>\n<tr>\n<td style=\"text-align: center;\" width=\"85\">Funkci\u00f3 \/ Orsz\u00e1g<\/td>\n<td style=\"text-align: center;\" width=\"76\">Nyelv<\/td>\n<td style=\"text-align: center;\" width=\"85\">\u00c1FA bevall\u00e1s<\/td>\n<td style=\"text-align: center;\" width=\"85\">EU nyilatkozat<\/td>\n<td style=\"text-align: center;\" width=\"66\">Intrastat<\/td>\n<td style=\"text-align: center;\" width=\"57\">T\u00e1rgyi eszk\u00f6z\u00f6k<\/td>\n<td style=\"text-align: center;\" width=\"47\">K\u00e9szlet<\/td>\n<td style=\"text-align: center;\" width=\"76\">\u00c1rfolyam import<\/td>\n<td style=\"text-align: center;\" width=\"57\">Partner ellen\u0151rz\u00e9s<\/td>\n<td style=\"text-align: center;\" width=\"76\">E-sz\u00e1mla<\/td>\n<td style=\"text-align: center;\" width=\"47\"><strong>Saf-t<\/strong><\/td>\n<\/tr>\n<tr>\n<td width=\"85\"><strong>Csehorsz\u00e1g<\/strong><\/td>\n<td width=\"76\">\u2713<\/td>\n<td width=\"85\">\u2713<\/td>\n<td width=\"85\">\u2713<\/td>\n<td width=\"66\">\u2713<\/td>\n<td width=\"57\">\u2713<\/td>\n<td width=\"47\">\u2713<\/td>\n<td width=\"76\">\u2713<\/td>\n<td width=\"57\">\u2713<\/td>\n<td width=\"76\"><\/td>\n<td width=\"47\"><\/td>\n<\/tr>\n<tr>\n<td width=\"85\"><strong>Magyarorsz\u00e1g<\/strong><\/td>\n<td width=\"76\">\u2713<\/td>\n<td width=\"85\">\u2713<\/td>\n<td width=\"85\">\u2713<\/td>\n<td width=\"66\">\u2713<\/td>\n<td width=\"57\">\u2713<\/td>\n<td width=\"47\">\u2713<\/td>\n<td width=\"76\">\u2713<\/td>\n<td width=\"57\">\u2713<\/td>\n<td width=\"76\">\u2713<\/td>\n<td width=\"47\"><\/td>\n<\/tr>\n<tr>\n<td width=\"85\"><strong>Lettorsz\u00e1g<\/strong><\/td>\n<td width=\"76\">\u2713<\/td>\n<td width=\"85\">\u2713<\/td>\n<td width=\"85\">\u2713<\/td>\n<td width=\"66\">\u2713<\/td>\n<td width=\"57\">\u2713<\/td>\n<td width=\"47\">\u2713<\/td>\n<td width=\"76\">\u2713<\/td>\n<td width=\"57\"><\/td>\n<td width=\"76\">1\/1\/2028<\/td>\n<td width=\"47\"><\/td>\n<\/tr>\n<tr>\n<td width=\"85\"><strong>Litv\u00e1nia<\/strong><\/td>\n<td width=\"76\">\u2713<\/td>\n<td width=\"85\">\u2713<\/td>\n<td width=\"85\">\u2713<\/td>\n<td width=\"66\">\u2713<\/td>\n<td width=\"57\">\u2713<\/td>\n<td width=\"47\">\u2713<\/td>\n<td width=\"76\">\u2713<\/td>\n<td width=\"57\"><\/td>\n<td width=\"76\">1\/1\/2028<\/td>\n<td width=\"47\">\u2713<\/td>\n<\/tr>\n<tr>\n<td width=\"85\"><strong>Rom\u00e1nia <\/strong><\/td>\n<td width=\"76\">\u2713<\/td>\n<td width=\"85\">\u2713<\/td>\n<td width=\"85\">\u2713<\/td>\n<td width=\"66\">\u2713<\/td>\n<td width=\"57\">\u2713<\/td>\n<td width=\"47\">\u2713<\/td>\n<td width=\"76\">\u2713<\/td>\n<td width=\"57\">\u2713<\/td>\n<td width=\"76\">\u2713<\/td>\n<td width=\"47\">\u2713<\/td>\n<\/tr>\n<tr>\n<td width=\"85\"><strong><br \/>\nSzlov\u00e1kia<br \/>\n<\/strong><\/td>\n<td width=\"76\">\u2713<\/td>\n<td width=\"85\">\u2713<\/td>\n<td width=\"85\">\u2713<\/td>\n<td width=\"66\">\u2713<\/td>\n<td width=\"57\">\u2713<\/td>\n<td width=\"47\">\u2713<\/td>\n<td width=\"76\"><\/td>\n<td width=\"57\"><\/td>\n<td width=\"76\">1\/1\/2027<\/td>\n<td width=\"47\"><\/td>\n<\/tr>\n<tr>\n<td width=\"85\"><strong>Hollandia<\/strong><\/td>\n<td width=\"76\">\u2713<\/td>\n<td width=\"85\">\u2713<\/td>\n<td width=\"85\">\u2713<\/td>\n<td width=\"66\">\u2713<\/td>\n<td width=\"57\">\u2713<\/td>\n<td width=\"47\">\u2713<\/td>\n<td width=\"76\"><\/td>\n<td width=\"57\"><\/td>\n<td width=\"76\"><\/td>\n<td width=\"47\"><\/td>\n<\/tr>\n<\/tbody>\n<\/table>\n<h2><\/h2>\n<h3><red>Jogszab\u00e1lyi megold\u00e1saink<\/red><\/h3>\n<h3>8 sztenderd lokaliz\u00e1ci\u00f3<\/h3>\n<\/p>\n<h2><\/h2>\n<h3><b>K\u00fcls\u0151 felek \u00e1ltal biztos\u00edtott jogszab\u00e1lyi \u00fatmutat\u00f3nk <\/b><\/h3>\n<h3>Ez az \u00fatmutat\u00f3 seg\u00edt azonos\u00edtani azokat a megb\u00edzhat\u00f3 k\u00fcls\u0151 megold\u00e1sokat, amelyek megfelelnek a helyi szab\u00e1lyoz\u00e1si k\u00f6vetelm\u00e9nyeknek, mik\u00f6zben fenntartj\u00e1k a magas min\u0151s\u00e9gi \u00e9s kompatibilit\u00e1si sztenderdeket.<\/h3>\n<p><p><a href=\"https:\/\/www.sage.com\/en-gb\/\" target=\"_blank\" rel=\"noopener\"><img loading=\"lazy\" decoding=\"async\" class=\"aligncenter wp-image-44634\" src=\"https:\/\/deveho.com\/wp-content\/uploads\/2025\/12\/Sage_Partner-Badge_Black_RGB.png\" alt=\"Sage partner bagde for Localisations page\" width=\"387\" height=\"117\" srcset=\"https:\/\/deveho.com\/wp-content\/uploads\/2025\/12\/Sage_Partner-Badge_Black_RGB.png 1706w, https:\/\/deveho.com\/wp-content\/uploads\/2025\/12\/Sage_Partner-Badge_Black_RGB-300x91.png 300w, https:\/\/deveho.com\/wp-content\/uploads\/2025\/12\/Sage_Partner-Badge_Black_RGB-1024x310.png 1024w, https:\/\/deveho.com\/wp-content\/uploads\/2025\/12\/Sage_Partner-Badge_Black_RGB-150x45.png 150w, https:\/\/deveho.com\/wp-content\/uploads\/2025\/12\/Sage_Partner-Badge_Black_RGB-768x232.png 768w, https:\/\/deveho.com\/wp-content\/uploads\/2025\/12\/Sage_Partner-Badge_Black_RGB-1536x465.png 1536w\" sizes=\"(max-width: 387px) 100vw, 387px\" \/><\/a><\/p>\n<p>&nbsp;<\/p>\n<p>R\u00e9szletek\u00e9rt k\u00e9rj\u00fck, keresse \u00e9rt\u00e9kes\u00edt\u00e9si csapatunkat.<\/p>\n<\/p>\n<h2><\/h2>\n<h3>Hogyan vezetj\u00fck be a lokaliz\u00e1ci\u00f3t?<\/h3>\n<h3><\/h3>\n<p><p>A lokaliz\u00e1ci\u00f3 bevezet\u00e9se f\u00fcgg az \u00e9rintett orsz\u00e1gt\u00f3l \u00e9s az \u00d6n \u00fczleti folyamatainak \u00f6sszetetts\u00e9g\u00e9t\u0151l is. Ez\u00e9rt minden projektet egyedileg kezel\u00fcnk.<\/p>\n<p>C\u00e9lunk, hogy a lokaliz\u00e1ci\u00f3s projektet a min\u0151s\u00e9g,<strong> a k\u00f6lts\u00e9gvet\u00e9s \u00e9s a hat\u00e1rid\u0151k teljes k\u00f6r\u0171 ellen\u0151rz\u00e9se mellett k\u00f6z\u00f6s sikerre vigy\u00fck.<\/strong> Szorosan egy\u00fcttm\u0171k\u00f6d\u00fcnk csapataival a helyi ig\u00e9nyek elemz\u00e9se \u00e9s a megfelel\u0151 terjedelem meghat\u00e1roz\u00e1sa \u00e9rdek\u00e9ben, hogy olyan megold\u00e1st sz\u00e1ll\u00edtsunk, amely teljes m\u00e9rt\u00e9kben szab\u00e1lyszer\u0171, mik\u00f6zben illeszkedik az \u00d6n operat\u00edv ig\u00e9nyeihez.<\/p>\n<p>A projekt sor\u00e1n tapasztalt tan\u00e1csad\u00f3ink bev\u00e1lt m\u00f3dszertanokat \u00e9s legjobb gyakorlatokat alkalmaznak a z\u00f6kken\u0151mentes, megb\u00edzhat\u00f3 \u00e9s hat\u00e9kony bevezet\u00e9s garant\u00e1l\u00e1sa \u00e9rdek\u00e9ben.<\/p>\n<\/p>\n<h2><\/h2>\n<h3><red>A lokaliz\u00e1ci\u00f3 bevezet\u00e9se ut\u00e1n: mi a k\u00f6vetkez\u0151 l\u00e9p\u00e9s?<\/red><\/h3>\n<h3><\/h3>\n<p><p>A lokaliz\u00e1ci\u00f3 nem egyszeri feladat. A szab\u00e1lyoz\u00e1sok folyamatosan v\u00e1ltoznak, a megfelel\u0151s\u00e9g fenntart\u00e1sa pedig elengedhetetlen.<\/p>\n<p>Egy neves k\u00f6nyvvizsg\u00e1l\u00f3 c\u00e9ggel egy\u00fcttm\u0171k\u00f6dve folyamatos jogi ir\u00e1nymutat\u00e1st ny\u00fajtunk, \u00e9s rendszeres friss\u00edt\u00e9sekkel k\u00e9sz\u00fcl\u00fcnk a szab\u00e1lyoz\u00e1si v\u00e1ltoz\u00e1sokra a Sage X3 lokaliz\u00e1lt verzi\u00f3iban. Ez biztos\u00edtja, hogy rendszere megfeleljen a helyi jogszab\u00e1lyoknak \u00e9s \u00f6sszhangban maradjon a piaci legjobb gyakorlatokkal.<\/p>\n<p>Hossz\u00fa t\u00e1v\u00fa t\u00e1mogat\u00e1si megk\u00f6zel\u00edt\u00e9s\u00fcnk lehet\u0151v\u00e9 teszi, hogy \u00d6n a f\u0151 tev\u00e9kenys\u00e9g\u00e9re koncentr\u00e1ljon, mik\u00f6zben mi gondoskodunk a jogi \u00e9s szab\u00e1lyoz\u00e1si v\u00e1ltoz\u00e1sok nyomon k\u00f6vet\u00e9s\u00e9r\u0151l \u00e9s integr\u00e1l\u00e1s\u00e1r\u00f3l.<\/p>\n<\/p>\n<h2><\/h2>\n<h3>Friss\u00edt\u00e9sek \u00e9s rev\u00edzi\u00f3k<\/h3>\n<h3><\/h3>\n<p><p>A lokaliz\u00e1ci\u00f3s csomagok friss\u00edt\u00e9seit els\u0151sorban a helyi szab\u00e1lyoz\u00e1s v\u00e1ltoz\u00e1sai vez\u00e9rlik. Tan\u00e1csad\u00f3inkkal \u00e9s jogi partnereinkkel szoros egy\u00fcttm\u0171k\u00f6d\u00e9sben folyamatosan figyelemmel k\u00eds\u00e9rj\u00fck az egyes piacok jogi k\u00f6vetelm\u00e9nyeit, \u00e9s id\u0151ben megold\u00e1sokat sz\u00e1ll\u00edtunk a helyi t\u00f6rv\u00e9nyeknek val\u00f3 megfelel\u00e9s \u00e9rdek\u00e9ben.<\/p>\n<p>Ezzel p\u00e1rhuzamosan k\u00f6vetj\u00fck bels\u0151 term\u00e9k-\u00fctemterv\u00fcnket (roadmap) a funkcion\u00e1lis jav\u00edt\u00e1sok \u00e9s fejleszt\u00e9sek bevezet\u00e9se \u00e9rdek\u00e9ben. Elk\u00f6telezettek vagyunk amellett, hogy \u00fcgyfeleinket t\u00e1j\u00e9koztassuk a lokaliz\u00e1ci\u00f3s funkci\u00f3k k\u00f6r\u00e9r\u0151l \u00e9s fejl\u0151d\u00e9s\u00e9r\u0151l.<\/p>\n<p>Az \u00faj szab\u00e1lyoz\u00e1si vagy funkcion\u00e1lis jellemz\u0151k beker\u00fclhetnek az \u00fctemterv\u00fcnkbe, \u00e9s jelleg\u00fckt\u0151l f\u00fcgg\u0151en fel\u00e1r ellen\u00e9ben \u00e9rhet\u0151ek el.<\/p><\/p>\n","protected":false},"excerpt":{"rendered":"<p>Sage Business Partnerk\u00e9nt a Deveho Consulting Group a Sage X3 sztenderd lokaliz\u00e1lt verzi\u00f3it teszi k\u00f6zz\u00e9. Katal\u00f3gust k\u00edn\u00e1lunk a Sage X3 alaprendszer lokaliz\u00e1lt verzi\u00f3ib\u00f3l. Jogszab\u00e1lyi megfelel\u0151s\u00e9get biztos\u00edt\u00f3 verzi\u00f3ink lefedik az ad\u00f3z\u00e1si k\u00f6vetelm\u00e9nyeket \u00e9s a helyi gyakorlatokat. El\u0151re konfigur\u00e1lt param\u00e9tereket is biztos\u00edtanak a jogi el\u0151\u00edr\u00e1soknak \u00e9s a helyi sz\u00e1mviteli szab\u00e1lyoknak val\u00f3 megfelel\u00e9s \u00e9rdek\u00e9ben.<\/p>\n","protected":false},"author":34,"featured_media":0,"parent":9155,"menu_order":0,"comment_status":"closed","ping_status":"closed","template":"templates\/template-prod_serv.php","meta":{"_acf_changed":false,"footnotes":""},"class_list":["post-46188","page","type-page","status-publish","hentry"],"acf":[],"yoast_head":"<!-- This site is optimized with the Yoast SEO plugin v23.5 - https:\/\/yoast.com\/wordpress\/plugins\/seo\/ -->\n<title>Lokaliz\u00e1ci\u00f3k - Deveho<\/title>\n<meta name=\"description\" content=\"Sage Partnerk\u00e9nt a Deveho k\u00f6zz\u00e9teszi a sztenderd Sage X3 lokaliz\u00e1ci\u00f3kat, bele\u00e9rtve saj\u00e1t, 8 orsz\u00e1got lefed\u0151 jogszab\u00e1lyi csomagjainkat is.\" \/>\n<meta name=\"robots\" content=\"index, follow, max-snippet:-1, max-image-preview:large, max-video-preview:-1\" \/>\n<link rel=\"canonical\" href=\"https:\/\/deveho.com\/hu\/otthon\/lokalizaciok\/\" \/>\n<meta property=\"og:locale\" content=\"hu_HU\" \/>\n<meta property=\"og:type\" content=\"article\" \/>\n<meta property=\"og:title\" content=\"Lokaliz\u00e1ci\u00f3k - Deveho\" \/>\n<meta property=\"og:description\" content=\"Sage Partnerk\u00e9nt a Deveho k\u00f6zz\u00e9teszi a sztenderd Sage X3 lokaliz\u00e1ci\u00f3kat, bele\u00e9rtve saj\u00e1t, 8 orsz\u00e1got lefed\u0151 jogszab\u00e1lyi csomagjainkat is.\" \/>\n<meta property=\"og:url\" content=\"https:\/\/deveho.com\/hu\/otthon\/lokalizaciok\/\" \/>\n<meta property=\"og:site_name\" content=\"Deveho\" \/>\n<meta property=\"article:publisher\" content=\"https:\/\/www.facebook.com\/deveho\" \/>\n<meta property=\"article:modified_time\" content=\"2026-03-13T14:03:22+00:00\" \/>\n<meta property=\"og:image\" content=\"https:\/\/deveho.com\/wp-content\/uploads\/2026\/01\/Map-legislations.png\" \/>\n<meta name=\"twitter:card\" content=\"summary_large_image\" \/>\n<meta name=\"twitter:site\" content=\"@Deveho1\" \/>\n<meta name=\"twitter:label1\" content=\"Becs\u00fclt olvas\u00e1si id\u0151\" \/>\n\t<meta name=\"twitter:data1\" content=\"4 perc\" \/>\n<script type=\"application\/ld+json\" class=\"yoast-schema-graph\">{\"@context\":\"https:\/\/schema.org\",\"@graph\":[{\"@type\":\"WebPage\",\"@id\":\"https:\/\/deveho.com\/hu\/otthon\/lokalizaciok\/\",\"url\":\"https:\/\/deveho.com\/hu\/otthon\/lokalizaciok\/\",\"name\":\"Lokaliz\u00e1ci\u00f3k - Deveho\",\"isPartOf\":{\"@id\":\"https:\/\/deveho.com\/#website\"},\"primaryImageOfPage\":{\"@id\":\"https:\/\/deveho.com\/hu\/otthon\/lokalizaciok\/#primaryimage\"},\"image\":{\"@id\":\"https:\/\/deveho.com\/hu\/otthon\/lokalizaciok\/#primaryimage\"},\"thumbnailUrl\":\"https:\/\/deveho.com\/wp-content\/uploads\/2026\/01\/Map-legislations.png\",\"datePublished\":\"2026-01-23T15:16:36+00:00\",\"dateModified\":\"2026-03-13T14:03:22+00:00\",\"description\":\"Sage Partnerk\u00e9nt a Deveho k\u00f6zz\u00e9teszi a sztenderd Sage X3 lokaliz\u00e1ci\u00f3kat, bele\u00e9rtve saj\u00e1t, 8 orsz\u00e1got lefed\u0151 jogszab\u00e1lyi csomagjainkat is.\",\"breadcrumb\":{\"@id\":\"https:\/\/deveho.com\/hu\/otthon\/lokalizaciok\/#breadcrumb\"},\"inLanguage\":\"hu\",\"potentialAction\":[{\"@type\":\"ReadAction\",\"target\":[\"https:\/\/deveho.com\/hu\/otthon\/lokalizaciok\/\"]}]},{\"@type\":\"ImageObject\",\"inLanguage\":\"hu\",\"@id\":\"https:\/\/deveho.com\/hu\/otthon\/lokalizaciok\/#primaryimage\",\"url\":\"https:\/\/deveho.com\/wp-content\/uploads\/2026\/01\/Map-legislations.png\",\"contentUrl\":\"https:\/\/deveho.com\/wp-content\/uploads\/2026\/01\/Map-legislations.png\"},{\"@type\":\"BreadcrumbList\",\"@id\":\"https:\/\/deveho.com\/hu\/otthon\/lokalizaciok\/#breadcrumb\",\"itemListElement\":[{\"@type\":\"ListItem\",\"position\":1,\"name\":\"Home\",\"item\":\"https:\/\/deveho.com\/hu\/\"},{\"@type\":\"ListItem\",\"position\":2,\"name\":\"Otthon\",\"item\":\"https:\/\/deveho.com\/hu\/\"},{\"@type\":\"ListItem\",\"position\":3,\"name\":\"Lokaliz\u00e1ci\u00f3k\"}]},{\"@type\":\"WebSite\",\"@id\":\"https:\/\/deveho.com\/#website\",\"url\":\"https:\/\/deveho.com\/\",\"name\":\"Deveho Consulting Group\",\"description\":\"Let\u2019s boost your growth\",\"publisher\":{\"@id\":\"https:\/\/deveho.com\/#organization\"},\"potentialAction\":[{\"@type\":\"SearchAction\",\"target\":{\"@type\":\"EntryPoint\",\"urlTemplate\":\"https:\/\/deveho.com\/?s={search_term_string}\"},\"query-input\":{\"@type\":\"PropertyValueSpecification\",\"valueRequired\":true,\"valueName\":\"search_term_string\"}}],\"inLanguage\":\"hu\"},{\"@type\":\"Organization\",\"@id\":\"https:\/\/deveho.com\/#organization\",\"name\":\"Deveho Consulting Group\",\"url\":\"https:\/\/deveho.com\/\",\"logo\":{\"@type\":\"ImageObject\",\"inLanguage\":\"hu\",\"@id\":\"https:\/\/deveho.com\/#\/schema\/logo\/image\/\",\"url\":\"https:\/\/deveho.com\/wp-content\/uploads\/2023\/02\/DEVEHO-LOGO-Baseline-COLOR.png\",\"contentUrl\":\"https:\/\/deveho.com\/wp-content\/uploads\/2023\/02\/DEVEHO-LOGO-Baseline-COLOR.png\",\"width\":2251,\"height\":585,\"caption\":\"Deveho Consulting Group\"},\"image\":{\"@id\":\"https:\/\/deveho.com\/#\/schema\/logo\/image\/\"},\"sameAs\":[\"https:\/\/www.facebook.com\/deveho\",\"https:\/\/x.com\/Deveho1\",\"https:\/\/www.linkedin.com\/company\/deveho-consulting\/\"]}]}<\/script>\n<!-- \/ Yoast SEO plugin. -->","yoast_head_json":{"title":"Lokaliz\u00e1ci\u00f3k - Deveho","description":"Sage Partnerk\u00e9nt a Deveho k\u00f6zz\u00e9teszi a sztenderd Sage X3 lokaliz\u00e1ci\u00f3kat, bele\u00e9rtve saj\u00e1t, 8 orsz\u00e1got lefed\u0151 jogszab\u00e1lyi csomagjainkat is.","robots":{"index":"index","follow":"follow","max-snippet":"max-snippet:-1","max-image-preview":"max-image-preview:large","max-video-preview":"max-video-preview:-1"},"canonical":"https:\/\/deveho.com\/hu\/otthon\/lokalizaciok\/","og_locale":"hu_HU","og_type":"article","og_title":"Lokaliz\u00e1ci\u00f3k - Deveho","og_description":"Sage Partnerk\u00e9nt a Deveho k\u00f6zz\u00e9teszi a sztenderd Sage X3 lokaliz\u00e1ci\u00f3kat, bele\u00e9rtve saj\u00e1t, 8 orsz\u00e1got lefed\u0151 jogszab\u00e1lyi csomagjainkat is.","og_url":"https:\/\/deveho.com\/hu\/otthon\/lokalizaciok\/","og_site_name":"Deveho","article_publisher":"https:\/\/www.facebook.com\/deveho","article_modified_time":"2026-03-13T14:03:22+00:00","og_image":[{"url":"https:\/\/deveho.com\/wp-content\/uploads\/2026\/01\/Map-legislations.png"}],"twitter_card":"summary_large_image","twitter_site":"@Deveho1","twitter_misc":{"Becs\u00fclt olvas\u00e1si id\u0151":"4 perc"},"schema":{"@context":"https:\/\/schema.org","@graph":[{"@type":"WebPage","@id":"https:\/\/deveho.com\/hu\/otthon\/lokalizaciok\/","url":"https:\/\/deveho.com\/hu\/otthon\/lokalizaciok\/","name":"Lokaliz\u00e1ci\u00f3k - Deveho","isPartOf":{"@id":"https:\/\/deveho.com\/#website"},"primaryImageOfPage":{"@id":"https:\/\/deveho.com\/hu\/otthon\/lokalizaciok\/#primaryimage"},"image":{"@id":"https:\/\/deveho.com\/hu\/otthon\/lokalizaciok\/#primaryimage"},"thumbnailUrl":"https:\/\/deveho.com\/wp-content\/uploads\/2026\/01\/Map-legislations.png","datePublished":"2026-01-23T15:16:36+00:00","dateModified":"2026-03-13T14:03:22+00:00","description":"Sage Partnerk\u00e9nt a Deveho k\u00f6zz\u00e9teszi a sztenderd Sage X3 lokaliz\u00e1ci\u00f3kat, bele\u00e9rtve saj\u00e1t, 8 orsz\u00e1got lefed\u0151 jogszab\u00e1lyi csomagjainkat is.","breadcrumb":{"@id":"https:\/\/deveho.com\/hu\/otthon\/lokalizaciok\/#breadcrumb"},"inLanguage":"hu","potentialAction":[{"@type":"ReadAction","target":["https:\/\/deveho.com\/hu\/otthon\/lokalizaciok\/"]}]},{"@type":"ImageObject","inLanguage":"hu","@id":"https:\/\/deveho.com\/hu\/otthon\/lokalizaciok\/#primaryimage","url":"https:\/\/deveho.com\/wp-content\/uploads\/2026\/01\/Map-legislations.png","contentUrl":"https:\/\/deveho.com\/wp-content\/uploads\/2026\/01\/Map-legislations.png"},{"@type":"BreadcrumbList","@id":"https:\/\/deveho.com\/hu\/otthon\/lokalizaciok\/#breadcrumb","itemListElement":[{"@type":"ListItem","position":1,"name":"Home","item":"https:\/\/deveho.com\/hu\/"},{"@type":"ListItem","position":2,"name":"Otthon","item":"https:\/\/deveho.com\/hu\/"},{"@type":"ListItem","position":3,"name":"Lokaliz\u00e1ci\u00f3k"}]},{"@type":"WebSite","@id":"https:\/\/deveho.com\/#website","url":"https:\/\/deveho.com\/","name":"Deveho Consulting Group","description":"Let\u2019s boost your growth","publisher":{"@id":"https:\/\/deveho.com\/#organization"},"potentialAction":[{"@type":"SearchAction","target":{"@type":"EntryPoint","urlTemplate":"https:\/\/deveho.com\/?s={search_term_string}"},"query-input":{"@type":"PropertyValueSpecification","valueRequired":true,"valueName":"search_term_string"}}],"inLanguage":"hu"},{"@type":"Organization","@id":"https:\/\/deveho.com\/#organization","name":"Deveho Consulting Group","url":"https:\/\/deveho.com\/","logo":{"@type":"ImageObject","inLanguage":"hu","@id":"https:\/\/deveho.com\/#\/schema\/logo\/image\/","url":"https:\/\/deveho.com\/wp-content\/uploads\/2023\/02\/DEVEHO-LOGO-Baseline-COLOR.png","contentUrl":"https:\/\/deveho.com\/wp-content\/uploads\/2023\/02\/DEVEHO-LOGO-Baseline-COLOR.png","width":2251,"height":585,"caption":"Deveho Consulting Group"},"image":{"@id":"https:\/\/deveho.com\/#\/schema\/logo\/image\/"},"sameAs":["https:\/\/www.facebook.com\/deveho","https:\/\/x.com\/Deveho1","https:\/\/www.linkedin.com\/company\/deveho-consulting\/"]}]}},"_links":{"self":[{"href":"https:\/\/deveho.com\/hu\/wp-json\/wp\/v2\/pages\/46188"}],"collection":[{"href":"https:\/\/deveho.com\/hu\/wp-json\/wp\/v2\/pages"}],"about":[{"href":"https:\/\/deveho.com\/hu\/wp-json\/wp\/v2\/types\/page"}],"author":[{"embeddable":true,"href":"https:\/\/deveho.com\/hu\/wp-json\/wp\/v2\/users\/34"}],"replies":[{"embeddable":true,"href":"https:\/\/deveho.com\/hu\/wp-json\/wp\/v2\/comments?post=46188"}],"version-history":[{"count":18,"href":"https:\/\/deveho.com\/hu\/wp-json\/wp\/v2\/pages\/46188\/revisions"}],"predecessor-version":[{"id":47250,"href":"https:\/\/deveho.com\/hu\/wp-json\/wp\/v2\/pages\/46188\/revisions\/47250"}],"up":[{"embeddable":true,"href":"https:\/\/deveho.com\/hu\/wp-json\/wp\/v2\/pages\/9155"}],"wp:attachment":[{"href":"https:\/\/deveho.com\/hu\/wp-json\/wp\/v2\/media?parent=46188"}],"curies":[{"name":"wp","href":"https:\/\/api.w.org\/{rel}","templated":true}]}}