{"id":9254,"date":"2022-02-24T11:21:55","date_gmt":"2022-02-24T11:21:55","guid":{"rendered":"https:\/\/deveho2.sfdbeta.be\/vallalati-vezeto\/"},"modified":"2022-10-28T13:44:33","modified_gmt":"2022-10-28T11:44:33","slug":"vallalati-vezeto","status":"publish","type":"page","link":"https:\/\/deveho.com\/hu\/profilok\/vallalati-vezeto\/","title":{"rendered":"V\u00e1llalati vezet\u0151"},"content":{"rendered":"<br \/>\n<h2>V\u00e1llalatir\u00e1ny\u00edt\u00e1s a Sage X3-mal c\u00e9gvezet\u0151knek <\/h2>\n<h3><\/h3>\n<h3>A Sage X3 menedzsment modullal \u00e1tfog\u00f3 k\u00e9pet kaphat v\u00e1llalkoz\u00e1sa \u00e9letciklus\u00e1r\u00f3l, az aj\u00e1nlat elk\u00e9sz\u00edt\u00e9s\u00e9t\u0151l kezdve a k\u00f6lts\u00e9gbont\u00e1son, a sz\u00e1ml\u00e1z\u00e1son, a k\u00f6lts\u00e9gvet\u00e9s nyomon k\u00f6vet\u00e9s\u00e9n \u00e9s a finansz\u00edroz\u00e1son \u00e1t a beszerz\u00e9sig.<br \/>\nGy\u00e1rt\u00e1s.<\/h3>\n<\/p>\n<h2><\/h2>\n<h3>Kapcsol\u00f3d\u00f3 oldalak<\/h3><\/p>\n","protected":false},"excerpt":{"rendered":"<p>A Sage X3 seg\u00edts\u00e9get ny\u00fajt abban, hogy nyomon k\u00f6vesse a beszerz\u00e9si k\u00e9relmeket, a l\u00e9trehozott rendel\u00e9seket \u00e9s sz\u00e1ll\u00edt\u00e1sokat, az alv\u00e1llalkoz\u00f3i rendel\u00e9seket, a vev\u0151i munkaterhel\u00e9st \u2013 a j\u00f3v\u00e1hagy\u00e1si folyamatot a megrendel\u00e9st\u0151l a nyugt\u00e1n \u00e1t a sz\u00e1ml\u00e1z\u00e1sig \u2013, mik\u00f6zben \u00f6sszegy\u0171jti a besz\u00e1ll\u00edt\u00f3i statisztik\u00e1kat \u00e9s rangsorol\u00e1st.<\/p>\n","protected":false},"author":6,"featured_media":0,"parent":10340,"menu_order":0,"comment_status":"closed","ping_status":"closed","template":"templates\/template-inner.php","meta":{"_acf_changed":false,"footnotes":""},"class_list":["post-9254","page","type-page","status-publish","hentry"],"acf":[],"yoast_head":"<!-- This site is optimized with the Yoast SEO plugin v23.5 - https:\/\/yoast.com\/wordpress\/plugins\/seo\/ -->\n<title>V\u00e1llalati vezet\u0151 - Deveho<\/title>\n<meta name=\"robots\" content=\"index, follow, max-snippet:-1, max-image-preview:large, max-video-preview:-1\" \/>\n<link rel=\"canonical\" href=\"https:\/\/deveho.com\/profiles\/company-managers\/\" \/>\n<meta property=\"og:locale\" content=\"hu_HU\" \/>\n<meta property=\"og:type\" content=\"article\" \/>\n<meta property=\"og:title\" content=\"V\u00e1llalati vezet\u0151 - Deveho\" \/>\n<meta property=\"og:description\" content=\"A Sage X3 seg\u00edts\u00e9get ny\u00fajt abban, hogy nyomon k\u00f6vesse a beszerz\u00e9si k\u00e9relmeket, a l\u00e9trehozott rendel\u00e9seket \u00e9s sz\u00e1ll\u00edt\u00e1sokat, az alv\u00e1llalkoz\u00f3i rendel\u00e9seket, a vev\u0151i munkaterhel\u00e9st \u2013 a j\u00f3v\u00e1hagy\u00e1si folyamatot a megrendel\u00e9st\u0151l a nyugt\u00e1n \u00e1t a sz\u00e1ml\u00e1z\u00e1sig \u2013, mik\u00f6zben \u00f6sszegy\u0171jti a besz\u00e1ll\u00edt\u00f3i statisztik\u00e1kat \u00e9s rangsorol\u00e1st.\" \/>\n<meta property=\"og:url\" content=\"https:\/\/deveho.com\/profiles\/company-managers\/\" \/>\n<meta property=\"og:site_name\" content=\"Deveho\" \/>\n<meta property=\"article:publisher\" content=\"https:\/\/www.facebook.com\/deveho\" \/>\n<meta property=\"article:modified_time\" content=\"2022-10-28T11:44:33+00:00\" \/>\n<meta name=\"twitter:card\" content=\"summary_large_image\" \/>\n<meta name=\"twitter:site\" content=\"@Deveho1\" \/>\n<script type=\"application\/ld+json\" class=\"yoast-schema-graph\">{\"@context\":\"https:\/\/schema.org\",\"@graph\":[{\"@type\":\"WebPage\",\"@id\":\"https:\/\/deveho.com\/profiles\/company-managers\/\",\"url\":\"https:\/\/deveho.com\/profiles\/company-managers\/\",\"name\":\"V\u00e1llalati vezet\u0151 - Deveho\",\"isPartOf\":{\"@id\":\"https:\/\/deveho.com\/#website\"},\"datePublished\":\"2022-02-24T11:21:55+00:00\",\"dateModified\":\"2022-10-28T11:44:33+00:00\",\"breadcrumb\":{\"@id\":\"https:\/\/deveho.com\/profiles\/company-managers\/#breadcrumb\"},\"inLanguage\":\"hu\",\"potentialAction\":[{\"@type\":\"ReadAction\",\"target\":[\"https:\/\/deveho.com\/profiles\/company-managers\/\"]}]},{\"@type\":\"BreadcrumbList\",\"@id\":\"https:\/\/deveho.com\/profiles\/company-managers\/#breadcrumb\",\"itemListElement\":[{\"@type\":\"ListItem\",\"position\":1,\"name\":\"Home\",\"item\":\"https:\/\/deveho.com\/hu\/\"},{\"@type\":\"ListItem\",\"position\":2,\"name\":\"Profilok\",\"item\":\"https:\/\/deveho.com\/hu\/profilok\/\"},{\"@type\":\"ListItem\",\"position\":3,\"name\":\"V\u00e1llalati vezet\u0151\"}]},{\"@type\":\"WebSite\",\"@id\":\"https:\/\/deveho.com\/#website\",\"url\":\"https:\/\/deveho.com\/\",\"name\":\"Deveho Consulting Group\",\"description\":\"Let\u2019s boost your growth\",\"publisher\":{\"@id\":\"https:\/\/deveho.com\/#organization\"},\"potentialAction\":[{\"@type\":\"SearchAction\",\"target\":{\"@type\":\"EntryPoint\",\"urlTemplate\":\"https:\/\/deveho.com\/?s={search_term_string}\"},\"query-input\":{\"@type\":\"PropertyValueSpecification\",\"valueRequired\":true,\"valueName\":\"search_term_string\"}}],\"inLanguage\":\"hu\"},{\"@type\":\"Organization\",\"@id\":\"https:\/\/deveho.com\/#organization\",\"name\":\"Deveho Consulting Group\",\"url\":\"https:\/\/deveho.com\/\",\"logo\":{\"@type\":\"ImageObject\",\"inLanguage\":\"hu\",\"@id\":\"https:\/\/deveho.com\/#\/schema\/logo\/image\/\",\"url\":\"https:\/\/deveho.com\/wp-content\/uploads\/2023\/02\/DEVEHO-LOGO-Baseline-COLOR.png\",\"contentUrl\":\"https:\/\/deveho.com\/wp-content\/uploads\/2023\/02\/DEVEHO-LOGO-Baseline-COLOR.png\",\"width\":2251,\"height\":585,\"caption\":\"Deveho Consulting Group\"},\"image\":{\"@id\":\"https:\/\/deveho.com\/#\/schema\/logo\/image\/\"},\"sameAs\":[\"https:\/\/www.facebook.com\/deveho\",\"https:\/\/x.com\/Deveho1\",\"https:\/\/www.linkedin.com\/company\/deveho-consulting\/\"]}]}<\/script>\n<!-- \/ Yoast SEO plugin. -->","yoast_head_json":{"title":"V\u00e1llalati vezet\u0151 - Deveho","robots":{"index":"index","follow":"follow","max-snippet":"max-snippet:-1","max-image-preview":"max-image-preview:large","max-video-preview":"max-video-preview:-1"},"canonical":"https:\/\/deveho.com\/profiles\/company-managers\/","og_locale":"hu_HU","og_type":"article","og_title":"V\u00e1llalati vezet\u0151 - Deveho","og_description":"A Sage X3 seg\u00edts\u00e9get ny\u00fajt abban, hogy nyomon k\u00f6vesse a beszerz\u00e9si k\u00e9relmeket, a l\u00e9trehozott rendel\u00e9seket \u00e9s sz\u00e1ll\u00edt\u00e1sokat, az alv\u00e1llalkoz\u00f3i rendel\u00e9seket, a vev\u0151i munkaterhel\u00e9st \u2013 a j\u00f3v\u00e1hagy\u00e1si folyamatot a megrendel\u00e9st\u0151l a nyugt\u00e1n \u00e1t a sz\u00e1ml\u00e1z\u00e1sig \u2013, mik\u00f6zben \u00f6sszegy\u0171jti a besz\u00e1ll\u00edt\u00f3i statisztik\u00e1kat \u00e9s rangsorol\u00e1st.","og_url":"https:\/\/deveho.com\/profiles\/company-managers\/","og_site_name":"Deveho","article_publisher":"https:\/\/www.facebook.com\/deveho","article_modified_time":"2022-10-28T11:44:33+00:00","twitter_card":"summary_large_image","twitter_site":"@Deveho1","schema":{"@context":"https:\/\/schema.org","@graph":[{"@type":"WebPage","@id":"https:\/\/deveho.com\/profiles\/company-managers\/","url":"https:\/\/deveho.com\/profiles\/company-managers\/","name":"V\u00e1llalati vezet\u0151 - Deveho","isPartOf":{"@id":"https:\/\/deveho.com\/#website"},"datePublished":"2022-02-24T11:21:55+00:00","dateModified":"2022-10-28T11:44:33+00:00","breadcrumb":{"@id":"https:\/\/deveho.com\/profiles\/company-managers\/#breadcrumb"},"inLanguage":"hu","potentialAction":[{"@type":"ReadAction","target":["https:\/\/deveho.com\/profiles\/company-managers\/"]}]},{"@type":"BreadcrumbList","@id":"https:\/\/deveho.com\/profiles\/company-managers\/#breadcrumb","itemListElement":[{"@type":"ListItem","position":1,"name":"Home","item":"https:\/\/deveho.com\/hu\/"},{"@type":"ListItem","position":2,"name":"Profilok","item":"https:\/\/deveho.com\/hu\/profilok\/"},{"@type":"ListItem","position":3,"name":"V\u00e1llalati vezet\u0151"}]},{"@type":"WebSite","@id":"https:\/\/deveho.com\/#website","url":"https:\/\/deveho.com\/","name":"Deveho Consulting Group","description":"Let\u2019s boost your growth","publisher":{"@id":"https:\/\/deveho.com\/#organization"},"potentialAction":[{"@type":"SearchAction","target":{"@type":"EntryPoint","urlTemplate":"https:\/\/deveho.com\/?s={search_term_string}"},"query-input":{"@type":"PropertyValueSpecification","valueRequired":true,"valueName":"search_term_string"}}],"inLanguage":"hu"},{"@type":"Organization","@id":"https:\/\/deveho.com\/#organization","name":"Deveho Consulting Group","url":"https:\/\/deveho.com\/","logo":{"@type":"ImageObject","inLanguage":"hu","@id":"https:\/\/deveho.com\/#\/schema\/logo\/image\/","url":"https:\/\/deveho.com\/wp-content\/uploads\/2023\/02\/DEVEHO-LOGO-Baseline-COLOR.png","contentUrl":"https:\/\/deveho.com\/wp-content\/uploads\/2023\/02\/DEVEHO-LOGO-Baseline-COLOR.png","width":2251,"height":585,"caption":"Deveho Consulting Group"},"image":{"@id":"https:\/\/deveho.com\/#\/schema\/logo\/image\/"},"sameAs":["https:\/\/www.facebook.com\/deveho","https:\/\/x.com\/Deveho1","https:\/\/www.linkedin.com\/company\/deveho-consulting\/"]}]}},"_links":{"self":[{"href":"https:\/\/deveho.com\/hu\/wp-json\/wp\/v2\/pages\/9254"}],"collection":[{"href":"https:\/\/deveho.com\/hu\/wp-json\/wp\/v2\/pages"}],"about":[{"href":"https:\/\/deveho.com\/hu\/wp-json\/wp\/v2\/types\/page"}],"author":[{"embeddable":true,"href":"https:\/\/deveho.com\/hu\/wp-json\/wp\/v2\/users\/6"}],"replies":[{"embeddable":true,"href":"https:\/\/deveho.com\/hu\/wp-json\/wp\/v2\/comments?post=9254"}],"version-history":[{"count":0,"href":"https:\/\/deveho.com\/hu\/wp-json\/wp\/v2\/pages\/9254\/revisions"}],"up":[{"embeddable":true,"href":"https:\/\/deveho.com\/hu\/wp-json\/wp\/v2\/pages\/10340"}],"wp:attachment":[{"href":"https:\/\/deveho.com\/hu\/wp-json\/wp\/v2\/media?parent=9254"}],"curies":[{"name":"wp","href":"https:\/\/api.w.org\/{rel}","templated":true}]}}