{"id":9264,"date":"2022-02-25T13:24:41","date_gmt":"2022-02-25T13:24:41","guid":{"rendered":"https:\/\/deveho2.sfdbeta.be\/az-ipar\/"},"modified":"2022-10-27T17:13:05","modified_gmt":"2022-10-27T15:13:05","slug":"az-ipar","status":"publish","type":"page","link":"https:\/\/deveho.com\/hu\/szektorok\/az-ipar\/","title":{"rendered":"Ipar"},"content":{"rendered":"<br \/>\n<h3>Az \u00d6n <b><red>el\u0151nyei<\/b><\/red>   <\/h3>\n<p><p>A Sage X3 gyorsabban \u00e9s hat\u00e9konyabban kezeli az \u00d6n tev\u00e9kenys\u00e9geit (beszerz\u00e9s, rakt\u00e1roz\u00e1s, \u00e9rt\u00e9kes\u00edt\u00e9s \u00e9s p\u00e9nz\u00fcgyi szempontok), valamint jobban r\u00e1vil\u00e1g\u00edt a k\u00f6lts\u00e9gekre \u00e9s az \u00e1rr\u00e9sre. Az eredm\u00e9ny az \u00e9rt\u00e9kes\u00edt\u00e9si folyamatok leegyszer\u0171s\u00edt\u00e9se, a bev\u00e9tel n\u00f6veked\u00e9se, a k\u00e9szletek pontosabb \u00e1ttekint\u00e9se \u00e9s a kereslet jobb tervez\u00e9se.<\/p>\n<p>&#8211; Cs\u00facstechnol\u00f3gia<br \/>\n&#8211; Ipari berendez\u00e9sek<br \/>\n&#8211; Orvosi eszk\u00f6z\u00f6k<br \/>\n&#8211; F\u00e9mgy\u00e1rt\u00e1s<\/p>\n<\/p>\n<p>Reag\u00e1ljon gyorsabban az \u00fcgyfelek v\u00e1ltoz\u00f3 ig\u00e9nyeire, \u00e9s fel\u00fcgyelje hat\u00e9konyabban az elv\u00e1r\u00e1sokat.<\/p>\n<p>Alkalmazkodjon gyorsabban az \u00faj el\u0151\u00edr\u00e1sokhoz \u00e9s megfelel\u00e9si k\u00f6vetelm\u00e9nyekhez.<\/p>\n<p>Minimaliz\u00e1lja a hullad\u00e9kot, a szennyez\u0151d\u00e9s kock\u00e1zat\u00e1t, ez\u00e1ltal a felmer\u00fcl\u0151 k\u00f6lts\u00e9geket.<\/p>\n<p>Cs\u00f6kkentse kock\u00e1zat\u00e1t a visszat\u00e9r\u00e9sek mennyis\u00e9g\u00e9t illet\u0151en term\u00e9kei min\u0151s\u00e9g\u00e9nek biztos\u00edt\u00e1s\u00e1val.<\/p>\n<h2><b>A Sage X3<\/b> <b><red>jellemz\u0151i<\/b><\/red><\/h2>\n<h3><\/h3>\n<p><p>Gy\u00e1rt\u00e1si folyamatok kezel\u00e9se (k\u00f6tegelt vagy folyamatos)<\/p>\n<\/p>\n<h3><\/h3>\n<p><p>Kapacit\u00e1sig\u00e9ny-tervez\u00e9s (CRP) \u00e9s f\u0151 gy\u00e1rt\u00e1si \u00fctemterv (MPS)<\/p>\n<\/p>\n<h3><\/h3>\n<p><p>Vegyes m\u00f3d\u00fa gy\u00e1rt\u00e1si folyamat tervez\u00e9se<\/p>\n<\/p>\n<h3><\/h3>\n<p><p>Bev\u00e9tel- \u00e9s potenciakezel\u00e9s<\/p>\n<\/p>\n<h3><\/h3>\n<p><p>A t\u00e9telek, alt\u00e9telek, \u00f6sszetev\u0151k \u00e9s allerg\u00e9nek sz\u00e9lesk\u00f6r\u0171 min\u0151s\u00e9gellen\u0151rz\u00e9se \u00e9s nyomonk\u00f6vethet\u0151s\u00e9ge<\/p>\n<\/p>\n<h3><\/h3>\n<p><p>Gy\u00e1rt\u00e1si priorit\u00e1sok \u00fajratervez\u00e9se az \u00d6n ig\u00e9nyei szerint<\/p>\n<\/p>\n<h3><\/h3>\n<p><p>A k\u00e9szletst\u00e1tusz \u00e9s szavatoss\u00e1g-kezel\u00e9s, lej\u00e1rati d\u00e1tum nyomonk\u00f6vet\u00e9se a min\u0151s\u00e9g biztos\u00edt\u00e1sa \u00e9rdek\u00e9ben a teljes ell\u00e1t\u00e1si l\u00e1ncban<\/p>\n<\/p>\n<h3><\/h3>\n<p><p>Ut\u00e1np\u00f3tl\u00e1s \u00e9s telephely-k\u00f6z\u00f6tti mozg\u00e1sok<\/p>\n<\/p>\n<h2><\/h2>\n<h3>Kapcsol\u00f3d\u00f3 Oldalak<\/h3>\n<\/p>\n<h3><\/h3>\n<\/p>\n<h3><\/h3><\/p>\n","protected":false},"excerpt":{"rendered":"<p>A globaliz\u00e1ci\u00f3ban az \u00faj piacszerz\u00e9s, az \u00fcgyfelek el\u00e9gedetts\u00e9ge, a kiv\u00e1l\u00f3 min\u0151s\u00e9g\u0171 term\u00e9kek \u00e9s szolg\u00e1ltat\u00e1sok biztos\u00edt\u00e1sa, valamint az \u00fczlet megfelel\u0151 ir\u00e1ny\u00edt\u00e1sa jelentik a v\u00e1llalatok f\u0151 neh\u00e9zs\u00e9geit. <\/p>\n","protected":false},"author":3,"featured_media":0,"parent":10342,"menu_order":0,"comment_status":"closed","ping_status":"closed","template":"templates\/template-inner.php","meta":{"_acf_changed":false,"footnotes":""},"class_list":["post-9264","page","type-page","status-publish","hentry"],"acf":[],"yoast_head":"<!-- This site is optimized with the Yoast SEO plugin v23.5 - https:\/\/yoast.com\/wordpress\/plugins\/seo\/ -->\n<title>Ipar - Deveho<\/title>\n<meta name=\"robots\" content=\"index, follow, max-snippet:-1, max-image-preview:large, max-video-preview:-1\" \/>\n<link rel=\"canonical\" href=\"https:\/\/deveho.com\/hu\/szektorok\/az-ipar\/\" \/>\n<meta property=\"og:locale\" content=\"hu_HU\" \/>\n<meta property=\"og:type\" content=\"article\" \/>\n<meta property=\"og:title\" content=\"Ipar - Deveho\" \/>\n<meta property=\"og:description\" content=\"A globaliz\u00e1ci\u00f3ban az \u00faj piacszerz\u00e9s, az \u00fcgyfelek el\u00e9gedetts\u00e9ge, a kiv\u00e1l\u00f3 min\u0151s\u00e9g\u0171 term\u00e9kek \u00e9s szolg\u00e1ltat\u00e1sok biztos\u00edt\u00e1sa, valamint az \u00fczlet megfelel\u0151 ir\u00e1ny\u00edt\u00e1sa jelentik a v\u00e1llalatok f\u0151 neh\u00e9zs\u00e9geit.\" \/>\n<meta property=\"og:url\" content=\"https:\/\/deveho.com\/hu\/szektorok\/az-ipar\/\" \/>\n<meta property=\"og:site_name\" content=\"Deveho\" \/>\n<meta property=\"article:publisher\" content=\"https:\/\/www.facebook.com\/deveho\" \/>\n<meta property=\"article:modified_time\" content=\"2022-10-27T15:13:05+00:00\" \/>\n<meta name=\"twitter:card\" content=\"summary_large_image\" \/>\n<meta name=\"twitter:site\" content=\"@Deveho1\" \/>\n<meta name=\"twitter:label1\" content=\"Becs\u00fclt olvas\u00e1si id\u0151\" \/>\n\t<meta name=\"twitter:data1\" content=\"1 perc\" \/>\n<script type=\"application\/ld+json\" class=\"yoast-schema-graph\">{\"@context\":\"https:\/\/schema.org\",\"@graph\":[{\"@type\":\"WebPage\",\"@id\":\"https:\/\/deveho.com\/hu\/szektorok\/az-ipar\/\",\"url\":\"https:\/\/deveho.com\/hu\/szektorok\/az-ipar\/\",\"name\":\"Ipar - Deveho\",\"isPartOf\":{\"@id\":\"https:\/\/deveho.com\/#website\"},\"datePublished\":\"2022-02-25T13:24:41+00:00\",\"dateModified\":\"2022-10-27T15:13:05+00:00\",\"breadcrumb\":{\"@id\":\"https:\/\/deveho.com\/hu\/szektorok\/az-ipar\/#breadcrumb\"},\"inLanguage\":\"hu\",\"potentialAction\":[{\"@type\":\"ReadAction\",\"target\":[\"https:\/\/deveho.com\/hu\/szektorok\/az-ipar\/\"]}]},{\"@type\":\"BreadcrumbList\",\"@id\":\"https:\/\/deveho.com\/hu\/szektorok\/az-ipar\/#breadcrumb\",\"itemListElement\":[{\"@type\":\"ListItem\",\"position\":1,\"name\":\"Home\",\"item\":\"https:\/\/deveho.com\/hu\/\"},{\"@type\":\"ListItem\",\"position\":2,\"name\":\"Szektorok\",\"item\":\"https:\/\/deveho.com\/hu\/szektorok\/\"},{\"@type\":\"ListItem\",\"position\":3,\"name\":\"Ipar\"}]},{\"@type\":\"WebSite\",\"@id\":\"https:\/\/deveho.com\/#website\",\"url\":\"https:\/\/deveho.com\/\",\"name\":\"Deveho Consulting Group\",\"description\":\"Let\u2019s boost your growth\",\"publisher\":{\"@id\":\"https:\/\/deveho.com\/#organization\"},\"potentialAction\":[{\"@type\":\"SearchAction\",\"target\":{\"@type\":\"EntryPoint\",\"urlTemplate\":\"https:\/\/deveho.com\/?s={search_term_string}\"},\"query-input\":{\"@type\":\"PropertyValueSpecification\",\"valueRequired\":true,\"valueName\":\"search_term_string\"}}],\"inLanguage\":\"hu\"},{\"@type\":\"Organization\",\"@id\":\"https:\/\/deveho.com\/#organization\",\"name\":\"Deveho Consulting Group\",\"url\":\"https:\/\/deveho.com\/\",\"logo\":{\"@type\":\"ImageObject\",\"inLanguage\":\"hu\",\"@id\":\"https:\/\/deveho.com\/#\/schema\/logo\/image\/\",\"url\":\"https:\/\/deveho.com\/wp-content\/uploads\/2023\/02\/DEVEHO-LOGO-Baseline-COLOR.png\",\"contentUrl\":\"https:\/\/deveho.com\/wp-content\/uploads\/2023\/02\/DEVEHO-LOGO-Baseline-COLOR.png\",\"width\":2251,\"height\":585,\"caption\":\"Deveho Consulting Group\"},\"image\":{\"@id\":\"https:\/\/deveho.com\/#\/schema\/logo\/image\/\"},\"sameAs\":[\"https:\/\/www.facebook.com\/deveho\",\"https:\/\/x.com\/Deveho1\",\"https:\/\/www.linkedin.com\/company\/deveho-consulting\/\"]}]}<\/script>\n<!-- \/ Yoast SEO plugin. -->","yoast_head_json":{"title":"Ipar - Deveho","robots":{"index":"index","follow":"follow","max-snippet":"max-snippet:-1","max-image-preview":"max-image-preview:large","max-video-preview":"max-video-preview:-1"},"canonical":"https:\/\/deveho.com\/hu\/szektorok\/az-ipar\/","og_locale":"hu_HU","og_type":"article","og_title":"Ipar - Deveho","og_description":"A globaliz\u00e1ci\u00f3ban az \u00faj piacszerz\u00e9s, az \u00fcgyfelek el\u00e9gedetts\u00e9ge, a kiv\u00e1l\u00f3 min\u0151s\u00e9g\u0171 term\u00e9kek \u00e9s szolg\u00e1ltat\u00e1sok biztos\u00edt\u00e1sa, valamint az \u00fczlet megfelel\u0151 ir\u00e1ny\u00edt\u00e1sa jelentik a v\u00e1llalatok f\u0151 neh\u00e9zs\u00e9geit.","og_url":"https:\/\/deveho.com\/hu\/szektorok\/az-ipar\/","og_site_name":"Deveho","article_publisher":"https:\/\/www.facebook.com\/deveho","article_modified_time":"2022-10-27T15:13:05+00:00","twitter_card":"summary_large_image","twitter_site":"@Deveho1","twitter_misc":{"Becs\u00fclt olvas\u00e1si id\u0151":"1 perc"},"schema":{"@context":"https:\/\/schema.org","@graph":[{"@type":"WebPage","@id":"https:\/\/deveho.com\/hu\/szektorok\/az-ipar\/","url":"https:\/\/deveho.com\/hu\/szektorok\/az-ipar\/","name":"Ipar - Deveho","isPartOf":{"@id":"https:\/\/deveho.com\/#website"},"datePublished":"2022-02-25T13:24:41+00:00","dateModified":"2022-10-27T15:13:05+00:00","breadcrumb":{"@id":"https:\/\/deveho.com\/hu\/szektorok\/az-ipar\/#breadcrumb"},"inLanguage":"hu","potentialAction":[{"@type":"ReadAction","target":["https:\/\/deveho.com\/hu\/szektorok\/az-ipar\/"]}]},{"@type":"BreadcrumbList","@id":"https:\/\/deveho.com\/hu\/szektorok\/az-ipar\/#breadcrumb","itemListElement":[{"@type":"ListItem","position":1,"name":"Home","item":"https:\/\/deveho.com\/hu\/"},{"@type":"ListItem","position":2,"name":"Szektorok","item":"https:\/\/deveho.com\/hu\/szektorok\/"},{"@type":"ListItem","position":3,"name":"Ipar"}]},{"@type":"WebSite","@id":"https:\/\/deveho.com\/#website","url":"https:\/\/deveho.com\/","name":"Deveho Consulting Group","description":"Let\u2019s boost your growth","publisher":{"@id":"https:\/\/deveho.com\/#organization"},"potentialAction":[{"@type":"SearchAction","target":{"@type":"EntryPoint","urlTemplate":"https:\/\/deveho.com\/?s={search_term_string}"},"query-input":{"@type":"PropertyValueSpecification","valueRequired":true,"valueName":"search_term_string"}}],"inLanguage":"hu"},{"@type":"Organization","@id":"https:\/\/deveho.com\/#organization","name":"Deveho Consulting Group","url":"https:\/\/deveho.com\/","logo":{"@type":"ImageObject","inLanguage":"hu","@id":"https:\/\/deveho.com\/#\/schema\/logo\/image\/","url":"https:\/\/deveho.com\/wp-content\/uploads\/2023\/02\/DEVEHO-LOGO-Baseline-COLOR.png","contentUrl":"https:\/\/deveho.com\/wp-content\/uploads\/2023\/02\/DEVEHO-LOGO-Baseline-COLOR.png","width":2251,"height":585,"caption":"Deveho Consulting Group"},"image":{"@id":"https:\/\/deveho.com\/#\/schema\/logo\/image\/"},"sameAs":["https:\/\/www.facebook.com\/deveho","https:\/\/x.com\/Deveho1","https:\/\/www.linkedin.com\/company\/deveho-consulting\/"]}]}},"_links":{"self":[{"href":"https:\/\/deveho.com\/hu\/wp-json\/wp\/v2\/pages\/9264"}],"collection":[{"href":"https:\/\/deveho.com\/hu\/wp-json\/wp\/v2\/pages"}],"about":[{"href":"https:\/\/deveho.com\/hu\/wp-json\/wp\/v2\/types\/page"}],"author":[{"embeddable":true,"href":"https:\/\/deveho.com\/hu\/wp-json\/wp\/v2\/users\/3"}],"replies":[{"embeddable":true,"href":"https:\/\/deveho.com\/hu\/wp-json\/wp\/v2\/comments?post=9264"}],"version-history":[{"count":0,"href":"https:\/\/deveho.com\/hu\/wp-json\/wp\/v2\/pages\/9264\/revisions"}],"up":[{"embeddable":true,"href":"https:\/\/deveho.com\/hu\/wp-json\/wp\/v2\/pages\/10342"}],"wp:attachment":[{"href":"https:\/\/deveho.com\/hu\/wp-json\/wp\/v2\/media?parent=9264"}],"curies":[{"name":"wp","href":"https:\/\/api.w.org\/{rel}","templated":true}]}}