{"id":9302,"date":"2022-02-28T10:28:46","date_gmt":"2022-02-28T10:28:46","guid":{"rendered":"https:\/\/deveho2.sfdbeta.be\/vegyi-anyagok-es-gyogyszereszet\/"},"modified":"2023-11-17T13:58:10","modified_gmt":"2023-11-17T11:58:10","slug":"vegyi-anyagok-es-gyogyszereszet","status":"publish","type":"page","link":"https:\/\/deveho.com\/hu\/szektorok\/vegyi-anyagok-es-gyogyszereszet\/","title":{"rendered":"Vegyi anyagok \u00e9s gy\u00f3gyszer\u00e9szet"},"content":{"rendered":"<br \/>\n<h2>Sage X3 a vegyipar sz\u00e1m\u00e1ra<\/h2>\n<p>A Sage X3 olyan be\u00e9p\u00edtett k\u00e9pess\u00e9gekkel rendelkezik, mint a min\u0151s\u00e9g-ellen\u0151rz\u00e9s, t\u00e9telk\u00f6vet\u00e9s, az el\u0151\u00edr\u00e1sokhoz val\u00f3 alkalmazkod\u00e1s, melyekkel seg\u00edti a vegyipari v\u00e1llalatok nyeres\u00e9gess\u00e9g\u00e9t \u00e9s a bizonytalan j\u00f6v\u0151h\u00f6z val\u00f3 alkalmazkod\u00e1s\u00e1t.<\/p>\n<\/p>\n<h3>Az \u00d6n <b><red>el\u0151nyei<\/b><\/red>   <\/h3>\n<p><p>A Sage X3 egy k\u00f6vetkez\u0151 gener\u00e1ci\u00f3s v\u00e1llalatir\u00e1ny\u00edt\u00e1si rendszer, amelyet kifejezetten a vegyszergy\u00e1rt\u00f3k ig\u00e9nyeinek kiel\u00e9g\u00edt\u00e9s\u00e9re terveztek. \u00d6sszegy\u0171jti az \u00f6sszes kritikus adatot, hogy n\u00f6velje a k\u00fcl\u00f6n\u00e1ll\u00f3 laborat\u00f3riumok, ell\u00e1t\u00e1si l\u00e1ncok, gy\u00e1rt\u00e1si \u00e9s p\u00e9nz\u00fcgyi folyamatok \u00fczemeltet\u00e9s\u00e9nek hat\u00e9konys\u00e1g\u00e1t.<br \/>\nA Sage X3 olyan be\u00e9p\u00edtett k\u00e9pess\u00e9gekkel rendelkezik, mint a min\u0151s\u00e9g-ellen\u0151rz\u00e9s, t\u00e9telk\u00f6vet\u00e9s, az el\u0151\u00edr\u00e1sokhoz val\u00f3 alkalmazkod\u00e1s, melyekkel seg\u00edti a vegyipari v\u00e1llalatok nyeres\u00e9gess\u00e9g\u00e9t \u00e9s a bizonytalan j\u00f6v\u0151h\u00f6z val\u00f3 alkalmazkod\u00e1s\u00e1t. <\/p>\n<p>&#8211; Az ell\u00e1t\u00e1s optimaliz\u00e1l\u00e1sa<br \/>\n&#8211; T\u00e9vedhetetlen megfelel\u00e9s minden szinten<br \/>\n&#8211; Adataihoz val\u00f3 hozz\u00e1f\u00e9r\u00e9s b\u00e1rhol, b\u00e1rmikor<br \/>\n &#8211; Term\u00e9kek \u00e9s elj\u00e1r\u00e1sok \u00f6sszhangja<\/p>\n<\/p>\n<p>Ell\u00e1t\u00e1s optimaliz\u00e1l\u00e1s<\/p>\n<p>Term\u00e9kek \u00e9s folyamatok konzisztenci\u00e1ja<\/p>\n<p>Teljes k\u00f6r\u0171 glob\u00e1lis megfelel\u0151s\u00e9g<\/p>\n<p>Megn\u00f6velt reakci\u00f3k\u00e9ss\u00e9g<\/p>\n<p>Cs\u00f6kkentett kock\u00e1zat<\/p>\n<p>Alacsonyabb k\u00f6lts\u00e9gek \u00e9s kevesebb hullad\u00e9k<\/p>\n<p>B\u00e1rmikor, b\u00e1rhonnan el\u00e9rhet\u0151 <\/p>\n<h2><b>A Sage X3<\/b> <b><red>jellemz\u0151i<\/b><\/red><\/h2>\n<h3><\/h3>\n<p><p>Az ell\u00e1t\u00e1s optimaliz\u00e1l\u00e1sa<\/p>\n<p>Gyorsabban reag\u00e1lhat \u00fcgyfelei v\u00e1ltozatos ig\u00e9nyeire \u00e9s jobban kezelheti a v\u00e1s\u00e1rl\u00e1s, a gy\u00e1rt\u00e1s \u00e9s a sz\u00e1ll\u00edt\u00e1s sor\u00e1n felmer\u00fcl\u0151 v\u00e1ratlan esem\u00e9nyeket.<\/p>\n<\/p>\n<h3><\/h3>\n<p><p>Term\u00e9kek \u00e9s elj\u00e1r\u00e1sok \u00f6sszhangja<\/p>\n<p>Gy\u0151z\u0151dj\u00f6n meg arr\u00f3l, hogy a technol\u00f3gia mindenkor a term\u00e9kei min\u0151s\u00e9g\u00e9nek, biztons\u00e1g\u00e1nak \u00e9s hat\u00e9konys\u00e1g\u00e1nak szolg\u00e1lat\u00e1ban \u00e1ll, mik\u00f6zben rugalmass\u00e1got biztos\u00edt minden lehet\u0151s\u00e9g megragad\u00e1s\u00e1hoz.<\/p>\n<\/p>\n<h3><\/h3>\n<p><p>T\u00e9vedhetetlen megfelel\u00e9s minden szinten<\/p>\n<p>Gy\u0151z\u0151dj\u00f6n meg arr\u00f3l, hogy a rendszer hat\u00e9konyan integr\u00e1lja a nemzetk\u00f6zi t\u00f6rv\u00e9nyek \u00e9s szab\u00e1lyoz\u00e1sok labirintus\u00e1t a megfelel\u0151s\u00e9g egyszer\u0171s\u00edt\u00e9se \u00e9rdek\u00e9ben, f\u00fcggetlen\u00fcl a p\u00e9nznemekt\u0151l, orsz\u00e1gokt\u00f3l \u00e9s szabv\u00e1nyokt\u00f3l.<\/p>\n<\/p>\n<h3><\/h3>\n<p><p>Adataihoz val\u00f3 hozz\u00e1f\u00e9r\u00e9s b\u00e1rhol, b\u00e1rmikor<\/p>\n<p>V\u00e1lasszon egy gyorsan telep\u00edthet\u0151 \u00e9s k\u00f6nnyen kezelhet\u0151 megold\u00e1st, amely megk\u00f6nny\u00edti a fel\u00fcgyeleti tev\u00e9kenys\u00e9get a b\u00e1rmely csatlakoztatott eszk\u00f6zr\u0151l el\u00e9rhet\u0151 webes fel\u00fcletnek k\u00f6sz\u00f6nhet\u0151en.<\/p>\n<\/p>\n<h2><\/h2>\n<h3>Kapcsol\u00f3d\u00f3 oldalak<\/h3>\n<\/p>\n<h3><\/h3>\n<\/p>\n<h3><\/h3><\/p>\n","protected":false},"excerpt":{"rendered":"<p>A vegyipari v\u00e1llalat vezet\u00e9se bonyolult lehet. A Glob\u00e1lisan Harmoniz\u00e1lt Rendszer (GHS) probl\u00e9m\u00e1i a sz\u00e1ll\u00edt\u00e1ssal \u00e9s transzportal, a munkahelyi biztons\u00e1ggal \u00e9s egy\u00e9b kapcsol\u00f3d\u00f3 szempontokkal mind olyan kih\u00edv\u00e1sokat jelentenek, amelyekkel naponta meg kell k\u00fczden\u00fcnk. Ahhoz, hogy ellen\u00e1lljon a piaci verseny nyom\u00e1s\u00e1nak \u00e9s optimaliz\u00e1lja leg\u00e9rt\u00e9kesebb er\u0151forr\u00e1sait, olyan megold\u00e1sra van sz\u00fcks\u00e9ge, amely radik\u00e1lisan leegyszer\u0171s\u00edti a m\u0171veleteket ahelyett, hogy bonyolultabb rendszereket \u00e9s merev folyamatokat adna hozz\u00e1.<\/p>\n","protected":false},"author":3,"featured_media":0,"parent":10342,"menu_order":0,"comment_status":"closed","ping_status":"closed","template":"templates\/template-inner.php","meta":{"_acf_changed":false,"footnotes":""},"class_list":["post-9302","page","type-page","status-publish","hentry"],"acf":[],"yoast_head":"<!-- This site is optimized with the Yoast SEO plugin v23.5 - https:\/\/yoast.com\/wordpress\/plugins\/seo\/ -->\n<title>Vegyi anyagok \u00e9s gy\u00f3gyszer\u00e9szet - Deveho<\/title>\n<meta name=\"robots\" content=\"index, follow, max-snippet:-1, max-image-preview:large, max-video-preview:-1\" \/>\n<link rel=\"canonical\" href=\"https:\/\/deveho.com\/sectors\/chemicals-pharmacy\/\" \/>\n<meta property=\"og:locale\" content=\"hu_HU\" \/>\n<meta property=\"og:type\" content=\"article\" \/>\n<meta property=\"og:title\" content=\"Vegyi anyagok \u00e9s gy\u00f3gyszer\u00e9szet - Deveho\" \/>\n<meta property=\"og:description\" content=\"A vegyipari v\u00e1llalat vezet\u00e9se bonyolult lehet. A Glob\u00e1lisan Harmoniz\u00e1lt Rendszer (GHS) probl\u00e9m\u00e1i a sz\u00e1ll\u00edt\u00e1ssal \u00e9s transzportal, a munkahelyi biztons\u00e1ggal \u00e9s egy\u00e9b kapcsol\u00f3d\u00f3 szempontokkal mind olyan kih\u00edv\u00e1sokat jelentenek, amelyekkel naponta meg kell k\u00fczden\u00fcnk. Ahhoz, hogy ellen\u00e1lljon a piaci verseny nyom\u00e1s\u00e1nak \u00e9s optimaliz\u00e1lja leg\u00e9rt\u00e9kesebb er\u0151forr\u00e1sait, olyan megold\u00e1sra van sz\u00fcks\u00e9ge, amely radik\u00e1lisan leegyszer\u0171s\u00edti a m\u0171veleteket ahelyett, hogy bonyolultabb rendszereket \u00e9s merev folyamatokat adna hozz\u00e1.\" \/>\n<meta property=\"og:url\" content=\"https:\/\/deveho.com\/sectors\/chemicals-pharmacy\/\" \/>\n<meta property=\"og:site_name\" content=\"Deveho\" \/>\n<meta property=\"article:publisher\" content=\"https:\/\/www.facebook.com\/deveho\" \/>\n<meta property=\"article:modified_time\" content=\"2023-11-17T11:58:10+00:00\" \/>\n<meta name=\"twitter:card\" content=\"summary_large_image\" \/>\n<meta name=\"twitter:site\" content=\"@Deveho1\" \/>\n<meta name=\"twitter:label1\" content=\"Becs\u00fclt olvas\u00e1si id\u0151\" \/>\n\t<meta name=\"twitter:data1\" content=\"2 perc\" \/>\n<script type=\"application\/ld+json\" class=\"yoast-schema-graph\">{\"@context\":\"https:\/\/schema.org\",\"@graph\":[{\"@type\":\"WebPage\",\"@id\":\"https:\/\/deveho.com\/sectors\/chemicals-pharmacy\/\",\"url\":\"https:\/\/deveho.com\/sectors\/chemicals-pharmacy\/\",\"name\":\"Vegyi anyagok \u00e9s gy\u00f3gyszer\u00e9szet - Deveho\",\"isPartOf\":{\"@id\":\"https:\/\/deveho.com\/#website\"},\"datePublished\":\"2022-02-28T10:28:46+00:00\",\"dateModified\":\"2023-11-17T11:58:10+00:00\",\"breadcrumb\":{\"@id\":\"https:\/\/deveho.com\/sectors\/chemicals-pharmacy\/#breadcrumb\"},\"inLanguage\":\"hu\",\"potentialAction\":[{\"@type\":\"ReadAction\",\"target\":[\"https:\/\/deveho.com\/sectors\/chemicals-pharmacy\/\"]}]},{\"@type\":\"BreadcrumbList\",\"@id\":\"https:\/\/deveho.com\/sectors\/chemicals-pharmacy\/#breadcrumb\",\"itemListElement\":[{\"@type\":\"ListItem\",\"position\":1,\"name\":\"Home\",\"item\":\"https:\/\/deveho.com\/hu\/\"},{\"@type\":\"ListItem\",\"position\":2,\"name\":\"Szektorok\",\"item\":\"https:\/\/deveho.com\/hu\/szektorok\/\"},{\"@type\":\"ListItem\",\"position\":3,\"name\":\"Vegyi anyagok \u00e9s gy\u00f3gyszer\u00e9szet\"}]},{\"@type\":\"WebSite\",\"@id\":\"https:\/\/deveho.com\/#website\",\"url\":\"https:\/\/deveho.com\/\",\"name\":\"Deveho Consulting Group\",\"description\":\"Let\u2019s boost your growth\",\"publisher\":{\"@id\":\"https:\/\/deveho.com\/#organization\"},\"potentialAction\":[{\"@type\":\"SearchAction\",\"target\":{\"@type\":\"EntryPoint\",\"urlTemplate\":\"https:\/\/deveho.com\/?s={search_term_string}\"},\"query-input\":{\"@type\":\"PropertyValueSpecification\",\"valueRequired\":true,\"valueName\":\"search_term_string\"}}],\"inLanguage\":\"hu\"},{\"@type\":\"Organization\",\"@id\":\"https:\/\/deveho.com\/#organization\",\"name\":\"Deveho Consulting Group\",\"url\":\"https:\/\/deveho.com\/\",\"logo\":{\"@type\":\"ImageObject\",\"inLanguage\":\"hu\",\"@id\":\"https:\/\/deveho.com\/#\/schema\/logo\/image\/\",\"url\":\"https:\/\/deveho.com\/wp-content\/uploads\/2023\/02\/DEVEHO-LOGO-Baseline-COLOR.png\",\"contentUrl\":\"https:\/\/deveho.com\/wp-content\/uploads\/2023\/02\/DEVEHO-LOGO-Baseline-COLOR.png\",\"width\":2251,\"height\":585,\"caption\":\"Deveho Consulting Group\"},\"image\":{\"@id\":\"https:\/\/deveho.com\/#\/schema\/logo\/image\/\"},\"sameAs\":[\"https:\/\/www.facebook.com\/deveho\",\"https:\/\/x.com\/Deveho1\",\"https:\/\/www.linkedin.com\/company\/deveho-consulting\/\"]}]}<\/script>\n<!-- \/ Yoast SEO plugin. -->","yoast_head_json":{"title":"Vegyi anyagok \u00e9s gy\u00f3gyszer\u00e9szet - Deveho","robots":{"index":"index","follow":"follow","max-snippet":"max-snippet:-1","max-image-preview":"max-image-preview:large","max-video-preview":"max-video-preview:-1"},"canonical":"https:\/\/deveho.com\/sectors\/chemicals-pharmacy\/","og_locale":"hu_HU","og_type":"article","og_title":"Vegyi anyagok \u00e9s gy\u00f3gyszer\u00e9szet - Deveho","og_description":"A vegyipari v\u00e1llalat vezet\u00e9se bonyolult lehet. A Glob\u00e1lisan Harmoniz\u00e1lt Rendszer (GHS) probl\u00e9m\u00e1i a sz\u00e1ll\u00edt\u00e1ssal \u00e9s transzportal, a munkahelyi biztons\u00e1ggal \u00e9s egy\u00e9b kapcsol\u00f3d\u00f3 szempontokkal mind olyan kih\u00edv\u00e1sokat jelentenek, amelyekkel naponta meg kell k\u00fczden\u00fcnk. Ahhoz, hogy ellen\u00e1lljon a piaci verseny nyom\u00e1s\u00e1nak \u00e9s optimaliz\u00e1lja leg\u00e9rt\u00e9kesebb er\u0151forr\u00e1sait, olyan megold\u00e1sra van sz\u00fcks\u00e9ge, amely radik\u00e1lisan leegyszer\u0171s\u00edti a m\u0171veleteket ahelyett, hogy bonyolultabb rendszereket \u00e9s merev folyamatokat adna hozz\u00e1.","og_url":"https:\/\/deveho.com\/sectors\/chemicals-pharmacy\/","og_site_name":"Deveho","article_publisher":"https:\/\/www.facebook.com\/deveho","article_modified_time":"2023-11-17T11:58:10+00:00","twitter_card":"summary_large_image","twitter_site":"@Deveho1","twitter_misc":{"Becs\u00fclt olvas\u00e1si id\u0151":"2 perc"},"schema":{"@context":"https:\/\/schema.org","@graph":[{"@type":"WebPage","@id":"https:\/\/deveho.com\/sectors\/chemicals-pharmacy\/","url":"https:\/\/deveho.com\/sectors\/chemicals-pharmacy\/","name":"Vegyi anyagok \u00e9s gy\u00f3gyszer\u00e9szet - Deveho","isPartOf":{"@id":"https:\/\/deveho.com\/#website"},"datePublished":"2022-02-28T10:28:46+00:00","dateModified":"2023-11-17T11:58:10+00:00","breadcrumb":{"@id":"https:\/\/deveho.com\/sectors\/chemicals-pharmacy\/#breadcrumb"},"inLanguage":"hu","potentialAction":[{"@type":"ReadAction","target":["https:\/\/deveho.com\/sectors\/chemicals-pharmacy\/"]}]},{"@type":"BreadcrumbList","@id":"https:\/\/deveho.com\/sectors\/chemicals-pharmacy\/#breadcrumb","itemListElement":[{"@type":"ListItem","position":1,"name":"Home","item":"https:\/\/deveho.com\/hu\/"},{"@type":"ListItem","position":2,"name":"Szektorok","item":"https:\/\/deveho.com\/hu\/szektorok\/"},{"@type":"ListItem","position":3,"name":"Vegyi anyagok \u00e9s gy\u00f3gyszer\u00e9szet"}]},{"@type":"WebSite","@id":"https:\/\/deveho.com\/#website","url":"https:\/\/deveho.com\/","name":"Deveho Consulting Group","description":"Let\u2019s boost your growth","publisher":{"@id":"https:\/\/deveho.com\/#organization"},"potentialAction":[{"@type":"SearchAction","target":{"@type":"EntryPoint","urlTemplate":"https:\/\/deveho.com\/?s={search_term_string}"},"query-input":{"@type":"PropertyValueSpecification","valueRequired":true,"valueName":"search_term_string"}}],"inLanguage":"hu"},{"@type":"Organization","@id":"https:\/\/deveho.com\/#organization","name":"Deveho Consulting Group","url":"https:\/\/deveho.com\/","logo":{"@type":"ImageObject","inLanguage":"hu","@id":"https:\/\/deveho.com\/#\/schema\/logo\/image\/","url":"https:\/\/deveho.com\/wp-content\/uploads\/2023\/02\/DEVEHO-LOGO-Baseline-COLOR.png","contentUrl":"https:\/\/deveho.com\/wp-content\/uploads\/2023\/02\/DEVEHO-LOGO-Baseline-COLOR.png","width":2251,"height":585,"caption":"Deveho Consulting Group"},"image":{"@id":"https:\/\/deveho.com\/#\/schema\/logo\/image\/"},"sameAs":["https:\/\/www.facebook.com\/deveho","https:\/\/x.com\/Deveho1","https:\/\/www.linkedin.com\/company\/deveho-consulting\/"]}]}},"_links":{"self":[{"href":"https:\/\/deveho.com\/hu\/wp-json\/wp\/v2\/pages\/9302"}],"collection":[{"href":"https:\/\/deveho.com\/hu\/wp-json\/wp\/v2\/pages"}],"about":[{"href":"https:\/\/deveho.com\/hu\/wp-json\/wp\/v2\/types\/page"}],"author":[{"embeddable":true,"href":"https:\/\/deveho.com\/hu\/wp-json\/wp\/v2\/users\/3"}],"replies":[{"embeddable":true,"href":"https:\/\/deveho.com\/hu\/wp-json\/wp\/v2\/comments?post=9302"}],"version-history":[{"count":0,"href":"https:\/\/deveho.com\/hu\/wp-json\/wp\/v2\/pages\/9302\/revisions"}],"up":[{"embeddable":true,"href":"https:\/\/deveho.com\/hu\/wp-json\/wp\/v2\/pages\/10342"}],"wp:attachment":[{"href":"https:\/\/deveho.com\/hu\/wp-json\/wp\/v2\/media?parent=9302"}],"curies":[{"name":"wp","href":"https:\/\/api.w.org\/{rel}","templated":true}]}}