{"id":9304,"date":"2022-02-28T12:01:30","date_gmt":"2022-02-28T12:01:30","guid":{"rendered":"https:\/\/deveho2.sfdbeta.be\/professzionalis-szolgaltatasok\/"},"modified":"2023-01-05T17:20:01","modified_gmt":"2023-01-05T15:20:01","slug":"professzionalis-szolgaltatasok","status":"publish","type":"page","link":"https:\/\/deveho.com\/hu\/szektorok\/professzionalis-szolgaltatasok\/","title":{"rendered":"Professzion\u00e1lis szolg\u00e1ltat\u00e1sok"},"content":{"rendered":"<br \/>\n<h3>Az \u00d6n <b><red>el\u0151nyei<\/b><\/red>   <\/h3>\n<p><p>A Sage X3 a szolg\u00e1ltat\u00e1si tev\u00e9kenys\u00e9gek kezel\u00e9s\u00e9nek egyszer\u0171s\u00edt\u00e9s\u00e9t \u00e9s a projektek m\u0171k\u00f6d\u00e9si, kereskedelmi \u00e9s p\u00e9nz\u00fcgyi szempontjainak szoros figyelemmel k\u00eds\u00e9r\u00e9s\u00e9t szolg\u00e1lja. \u00c1ltal\u00e1nosabban fogalmazva, a Sage X3 haszn\u00e1lhat\u00f3 a projekt teljes \u00e9letciklus\u00e1nak kezel\u00e9s\u00e9re (aj\u00e1nlatt\u00e9tel, ind\u00edt\u00e1s, allok\u00e1ci\u00f3, monitoroz\u00e1s, rendszeres elemz\u00e9s, sz\u00e1ml\u00e1z\u00e1s \u00e9s k\u00f6nyvel\u00e9s), \u00e9s gyorsan reag\u00e1lhat a piaci v\u00e1ltoz\u00e1sokra, lehet\u0151v\u00e9 t\u00e9ve, hogy a v\u00e1s\u00e1rl\u00f3i \u00e9lm\u00e9ny min\u0151s\u00e9g\u00e9re \u00f6sszpontos\u00edtson. <\/p>\n<\/p>\n<p>Reag\u00e1ljon gyorsabban az \u00fcgyfelek k\u00e9rd\u00e9seire a pontos projektk\u00f6lts\u00e9g- \u00e9s \u00e1rinform\u00e1ci\u00f3kkal.<\/p>\n<p>Mobileszk\u00f6z seg\u00edts\u00e9g\u00e9vel k\u00f6vesse nyomon az \u00e1tfut\u00e1si id\u0151t \u00e9s k\u00f6lts\u00e9geket, hogy val\u00f3s idej\u0171 \u00e1ttekint\u00e9st kapjon az elv\u00e9gzett feladatokr\u00f3l.<\/p>\n<p>Jav\u00edtsa a sz\u00e1mviteli folyamatokat az \u00fcgyfelek sz\u00e1ml\u00e1inak, bev\u00e9tel-elsz\u00e1mol\u00e1si bejegyz\u00e9seinek \u00e9s k\u00f6lts\u00e9gvet\u00e9si kiigaz\u00edt\u00e1sainak automatiz\u00e1ci\u00f3j\u00e1val.<\/p>\n<p>N\u00f6velje az \u00fczleti agilit\u00e1st \u00e9s a rugalmass\u00e1got<\/p>\n<p>Legyen j\u00f6v\u0151biztos szolg\u00e1ltat\u00e1si \u00fczlet\u00e1ga<\/p>\n<p>Jav\u00edtsa a cash flow-t szolg\u00e1ltat\u00e1si \u00fczlet\u00e1gban<\/p>\n<h2><b>A Sage X3<\/b> <b><red>jellemz\u0151i<\/b><\/red><\/h2>\n<h3><\/h3>\n<p><p>T\u00f6bb projektsablon<\/p>\n<\/p>\n<h3><\/h3>\n<p><p>Teljes projekt-\u00e9letciklus kezel\u00e9s<\/p>\n<\/p>\n<h3><\/h3>\n<p><p>Aj\u00e1nlott \u00e1r automatikus kisz\u00e1m\u00edt\u00e1sa<\/p>\n<\/p>\n<h3><\/h3>\n<p><p>K\u00f6lts\u00e9gvet\u00e9si el\u0151rejelz\u00e9s feladatonk\u00e9nt \u00e9s projektenk\u00e9nt<\/p>\n<\/p>\n<h3><\/h3>\n<p><p>A projekt \u00f6sszes fel\u00fclvizsg\u00e1lat\u00e1nak \u00e9s m\u00f3dos\u00edt\u00e1s\u00e1nak nyilv\u00e1ntart\u00e1sa<\/p>\n<\/p>\n<h3><\/h3>\n<p><p>T\u00f6bbf\u00e9le sz\u00e1ml\u00e1z\u00e1si m\u00f3d<\/p>\n<\/p>\n<h2><\/h2>\n<h3>Kapcsol\u00f3d\u00f3 oldalak<\/h3>\n<\/p>\n<h3><\/h3>\n<\/p>\n<h3><\/h3><\/p>\n","protected":false},"excerpt":{"rendered":"<p>Az \u00d6n el\u0151nyei A Sage X3 a szolg\u00e1ltat\u00e1si tev\u00e9kenys\u00e9gek kezel\u00e9s\u00e9nek egyszer\u0171s\u00edt\u00e9s\u00e9t \u00e9s a projektek m\u0171k\u00f6d\u00e9si, kereskedelmi \u00e9s p\u00e9nz\u00fcgyi szempontjainak szoros figyelemmel k\u00eds\u00e9r\u00e9s\u00e9t szolg\u00e1lja. \u00c1ltal\u00e1nosabban fogalmazva, a Sage X3 haszn\u00e1lhat\u00f3 a projekt teljes \u00e9letciklus\u00e1nak kezel\u00e9s\u00e9re (aj\u00e1nlatt\u00e9tel, ind\u00edt\u00e1s, allok\u00e1ci\u00f3, monitoroz\u00e1s, rendszeres elemz\u00e9s, sz\u00e1ml\u00e1z\u00e1s \u00e9s k\u00f6nyvel\u00e9s), \u00e9s gyorsan reag\u00e1lhat a piaci v\u00e1ltoz\u00e1sokra, lehet\u0151v\u00e9 t\u00e9ve, hogy a v\u00e1s\u00e1rl\u00f3i \u00e9lm\u00e9ny [&hellip;]<\/p>\n","protected":false},"author":3,"featured_media":0,"parent":10342,"menu_order":0,"comment_status":"closed","ping_status":"closed","template":"templates\/template-inner.php","meta":{"_acf_changed":false,"footnotes":""},"class_list":["post-9304","page","type-page","status-publish","hentry"],"acf":[],"yoast_head":"<!-- This site is optimized with the Yoast SEO plugin v23.5 - https:\/\/yoast.com\/wordpress\/plugins\/seo\/ -->\n<title>Professzion\u00e1lis szolg\u00e1ltat\u00e1sok - Deveho<\/title>\n<meta name=\"robots\" content=\"index, follow, max-snippet:-1, max-image-preview:large, max-video-preview:-1\" \/>\n<link rel=\"canonical\" href=\"https:\/\/deveho.com\/sectors\/professional-services\/\" \/>\n<meta property=\"og:locale\" content=\"hu_HU\" \/>\n<meta property=\"og:type\" content=\"article\" \/>\n<meta property=\"og:title\" content=\"Professzion\u00e1lis szolg\u00e1ltat\u00e1sok - Deveho\" \/>\n<meta property=\"og:description\" content=\"Az \u00d6n el\u0151nyei A Sage X3 a szolg\u00e1ltat\u00e1si tev\u00e9kenys\u00e9gek kezel\u00e9s\u00e9nek egyszer\u0171s\u00edt\u00e9s\u00e9t \u00e9s a projektek m\u0171k\u00f6d\u00e9si, kereskedelmi \u00e9s p\u00e9nz\u00fcgyi szempontjainak szoros figyelemmel k\u00eds\u00e9r\u00e9s\u00e9t szolg\u00e1lja. \u00c1ltal\u00e1nosabban fogalmazva, a Sage X3 haszn\u00e1lhat\u00f3 a projekt teljes \u00e9letciklus\u00e1nak kezel\u00e9s\u00e9re (aj\u00e1nlatt\u00e9tel, ind\u00edt\u00e1s, allok\u00e1ci\u00f3, monitoroz\u00e1s, rendszeres elemz\u00e9s, sz\u00e1ml\u00e1z\u00e1s \u00e9s k\u00f6nyvel\u00e9s), \u00e9s gyorsan reag\u00e1lhat a piaci v\u00e1ltoz\u00e1sokra, lehet\u0151v\u00e9 t\u00e9ve, hogy a v\u00e1s\u00e1rl\u00f3i \u00e9lm\u00e9ny [&hellip;]\" \/>\n<meta property=\"og:url\" content=\"https:\/\/deveho.com\/sectors\/professional-services\/\" \/>\n<meta property=\"og:site_name\" content=\"Deveho\" \/>\n<meta property=\"article:publisher\" content=\"https:\/\/www.facebook.com\/deveho\" \/>\n<meta property=\"article:modified_time\" content=\"2023-01-05T15:20:01+00:00\" \/>\n<meta name=\"twitter:card\" content=\"summary_large_image\" \/>\n<meta name=\"twitter:site\" content=\"@Deveho1\" \/>\n<meta name=\"twitter:label1\" content=\"Becs\u00fclt olvas\u00e1si id\u0151\" \/>\n\t<meta name=\"twitter:data1\" content=\"1 perc\" \/>\n<script type=\"application\/ld+json\" class=\"yoast-schema-graph\">{\"@context\":\"https:\/\/schema.org\",\"@graph\":[{\"@type\":\"WebPage\",\"@id\":\"https:\/\/deveho.com\/sectors\/professional-services\/\",\"url\":\"https:\/\/deveho.com\/sectors\/professional-services\/\",\"name\":\"Professzion\u00e1lis szolg\u00e1ltat\u00e1sok - Deveho\",\"isPartOf\":{\"@id\":\"https:\/\/deveho.com\/#website\"},\"datePublished\":\"2022-02-28T12:01:30+00:00\",\"dateModified\":\"2023-01-05T15:20:01+00:00\",\"breadcrumb\":{\"@id\":\"https:\/\/deveho.com\/sectors\/professional-services\/#breadcrumb\"},\"inLanguage\":\"hu\",\"potentialAction\":[{\"@type\":\"ReadAction\",\"target\":[\"https:\/\/deveho.com\/sectors\/professional-services\/\"]}]},{\"@type\":\"BreadcrumbList\",\"@id\":\"https:\/\/deveho.com\/sectors\/professional-services\/#breadcrumb\",\"itemListElement\":[{\"@type\":\"ListItem\",\"position\":1,\"name\":\"Home\",\"item\":\"https:\/\/deveho.com\/hu\/\"},{\"@type\":\"ListItem\",\"position\":2,\"name\":\"Szektorok\",\"item\":\"https:\/\/deveho.com\/hu\/szektorok\/\"},{\"@type\":\"ListItem\",\"position\":3,\"name\":\"Professzion\u00e1lis szolg\u00e1ltat\u00e1sok\"}]},{\"@type\":\"WebSite\",\"@id\":\"https:\/\/deveho.com\/#website\",\"url\":\"https:\/\/deveho.com\/\",\"name\":\"Deveho Consulting Group\",\"description\":\"Let\u2019s boost your growth\",\"publisher\":{\"@id\":\"https:\/\/deveho.com\/#organization\"},\"potentialAction\":[{\"@type\":\"SearchAction\",\"target\":{\"@type\":\"EntryPoint\",\"urlTemplate\":\"https:\/\/deveho.com\/?s={search_term_string}\"},\"query-input\":{\"@type\":\"PropertyValueSpecification\",\"valueRequired\":true,\"valueName\":\"search_term_string\"}}],\"inLanguage\":\"hu\"},{\"@type\":\"Organization\",\"@id\":\"https:\/\/deveho.com\/#organization\",\"name\":\"Deveho Consulting Group\",\"url\":\"https:\/\/deveho.com\/\",\"logo\":{\"@type\":\"ImageObject\",\"inLanguage\":\"hu\",\"@id\":\"https:\/\/deveho.com\/#\/schema\/logo\/image\/\",\"url\":\"https:\/\/deveho.com\/wp-content\/uploads\/2023\/02\/DEVEHO-LOGO-Baseline-COLOR.png\",\"contentUrl\":\"https:\/\/deveho.com\/wp-content\/uploads\/2023\/02\/DEVEHO-LOGO-Baseline-COLOR.png\",\"width\":2251,\"height\":585,\"caption\":\"Deveho Consulting Group\"},\"image\":{\"@id\":\"https:\/\/deveho.com\/#\/schema\/logo\/image\/\"},\"sameAs\":[\"https:\/\/www.facebook.com\/deveho\",\"https:\/\/x.com\/Deveho1\",\"https:\/\/www.linkedin.com\/company\/deveho-consulting\/\"]}]}<\/script>\n<!-- \/ Yoast SEO plugin. -->","yoast_head_json":{"title":"Professzion\u00e1lis szolg\u00e1ltat\u00e1sok - Deveho","robots":{"index":"index","follow":"follow","max-snippet":"max-snippet:-1","max-image-preview":"max-image-preview:large","max-video-preview":"max-video-preview:-1"},"canonical":"https:\/\/deveho.com\/sectors\/professional-services\/","og_locale":"hu_HU","og_type":"article","og_title":"Professzion\u00e1lis szolg\u00e1ltat\u00e1sok - Deveho","og_description":"Az \u00d6n el\u0151nyei A Sage X3 a szolg\u00e1ltat\u00e1si tev\u00e9kenys\u00e9gek kezel\u00e9s\u00e9nek egyszer\u0171s\u00edt\u00e9s\u00e9t \u00e9s a projektek m\u0171k\u00f6d\u00e9si, kereskedelmi \u00e9s p\u00e9nz\u00fcgyi szempontjainak szoros figyelemmel k\u00eds\u00e9r\u00e9s\u00e9t szolg\u00e1lja. \u00c1ltal\u00e1nosabban fogalmazva, a Sage X3 haszn\u00e1lhat\u00f3 a projekt teljes \u00e9letciklus\u00e1nak kezel\u00e9s\u00e9re (aj\u00e1nlatt\u00e9tel, ind\u00edt\u00e1s, allok\u00e1ci\u00f3, monitoroz\u00e1s, rendszeres elemz\u00e9s, sz\u00e1ml\u00e1z\u00e1s \u00e9s k\u00f6nyvel\u00e9s), \u00e9s gyorsan reag\u00e1lhat a piaci v\u00e1ltoz\u00e1sokra, lehet\u0151v\u00e9 t\u00e9ve, hogy a v\u00e1s\u00e1rl\u00f3i \u00e9lm\u00e9ny [&hellip;]","og_url":"https:\/\/deveho.com\/sectors\/professional-services\/","og_site_name":"Deveho","article_publisher":"https:\/\/www.facebook.com\/deveho","article_modified_time":"2023-01-05T15:20:01+00:00","twitter_card":"summary_large_image","twitter_site":"@Deveho1","twitter_misc":{"Becs\u00fclt olvas\u00e1si id\u0151":"1 perc"},"schema":{"@context":"https:\/\/schema.org","@graph":[{"@type":"WebPage","@id":"https:\/\/deveho.com\/sectors\/professional-services\/","url":"https:\/\/deveho.com\/sectors\/professional-services\/","name":"Professzion\u00e1lis szolg\u00e1ltat\u00e1sok - Deveho","isPartOf":{"@id":"https:\/\/deveho.com\/#website"},"datePublished":"2022-02-28T12:01:30+00:00","dateModified":"2023-01-05T15:20:01+00:00","breadcrumb":{"@id":"https:\/\/deveho.com\/sectors\/professional-services\/#breadcrumb"},"inLanguage":"hu","potentialAction":[{"@type":"ReadAction","target":["https:\/\/deveho.com\/sectors\/professional-services\/"]}]},{"@type":"BreadcrumbList","@id":"https:\/\/deveho.com\/sectors\/professional-services\/#breadcrumb","itemListElement":[{"@type":"ListItem","position":1,"name":"Home","item":"https:\/\/deveho.com\/hu\/"},{"@type":"ListItem","position":2,"name":"Szektorok","item":"https:\/\/deveho.com\/hu\/szektorok\/"},{"@type":"ListItem","position":3,"name":"Professzion\u00e1lis szolg\u00e1ltat\u00e1sok"}]},{"@type":"WebSite","@id":"https:\/\/deveho.com\/#website","url":"https:\/\/deveho.com\/","name":"Deveho Consulting Group","description":"Let\u2019s boost your growth","publisher":{"@id":"https:\/\/deveho.com\/#organization"},"potentialAction":[{"@type":"SearchAction","target":{"@type":"EntryPoint","urlTemplate":"https:\/\/deveho.com\/?s={search_term_string}"},"query-input":{"@type":"PropertyValueSpecification","valueRequired":true,"valueName":"search_term_string"}}],"inLanguage":"hu"},{"@type":"Organization","@id":"https:\/\/deveho.com\/#organization","name":"Deveho Consulting Group","url":"https:\/\/deveho.com\/","logo":{"@type":"ImageObject","inLanguage":"hu","@id":"https:\/\/deveho.com\/#\/schema\/logo\/image\/","url":"https:\/\/deveho.com\/wp-content\/uploads\/2023\/02\/DEVEHO-LOGO-Baseline-COLOR.png","contentUrl":"https:\/\/deveho.com\/wp-content\/uploads\/2023\/02\/DEVEHO-LOGO-Baseline-COLOR.png","width":2251,"height":585,"caption":"Deveho Consulting Group"},"image":{"@id":"https:\/\/deveho.com\/#\/schema\/logo\/image\/"},"sameAs":["https:\/\/www.facebook.com\/deveho","https:\/\/x.com\/Deveho1","https:\/\/www.linkedin.com\/company\/deveho-consulting\/"]}]}},"_links":{"self":[{"href":"https:\/\/deveho.com\/hu\/wp-json\/wp\/v2\/pages\/9304"}],"collection":[{"href":"https:\/\/deveho.com\/hu\/wp-json\/wp\/v2\/pages"}],"about":[{"href":"https:\/\/deveho.com\/hu\/wp-json\/wp\/v2\/types\/page"}],"author":[{"embeddable":true,"href":"https:\/\/deveho.com\/hu\/wp-json\/wp\/v2\/users\/3"}],"replies":[{"embeddable":true,"href":"https:\/\/deveho.com\/hu\/wp-json\/wp\/v2\/comments?post=9304"}],"version-history":[{"count":0,"href":"https:\/\/deveho.com\/hu\/wp-json\/wp\/v2\/pages\/9304\/revisions"}],"up":[{"embeddable":true,"href":"https:\/\/deveho.com\/hu\/wp-json\/wp\/v2\/pages\/10342"}],"wp:attachment":[{"href":"https:\/\/deveho.com\/hu\/wp-json\/wp\/v2\/media?parent=9304"}],"curies":[{"name":"wp","href":"https:\/\/api.w.org\/{rel}","templated":true}]}}