{"id":9309,"date":"2022-02-28T13:36:24","date_gmt":"2022-02-28T13:36:24","guid":{"rendered":"https:\/\/deveho2.sfdbeta.be\/etel-is-ital\/"},"modified":"2025-01-27T14:55:09","modified_gmt":"2025-01-27T12:55:09","slug":"etel-is-ital","status":"publish","type":"page","link":"https:\/\/deveho.com\/hu\/szektorok\/etel-is-ital\/","title":{"rendered":"\u00c9tel \u00e9s ital"},"content":{"rendered":"<br \/>\n<h2>Sage X3 \u00e9lelmiszer- \u00e9s italgy\u00e1rt\u00f3 c\u00e9gek sz\u00e1m\u00e1ra<\/h2>\n<p>A Sage X3 az \u00e9lelmiszer- \u00e9s italipar sz\u00e1m\u00e1ra k\u00e9sz\u00fclt. A Sage X3 a hullad\u00e9k minimaliz\u00e1l\u00e1s\u00e1ra \u00e9s a kock\u00e1zatok cs\u00f6kkent\u00e9s\u00e9re \u00f6sszpontos\u00edt, mik\u00f6zben biztos\u00edtja az anyagok min\u0151s\u00e9g\u00e9t, nyomon k\u00f6vethet\u0151s\u00e9g\u00e9t \u00e9s biztons\u00e1g\u00e1t.<\/p>\n<\/p>\n<h3>Az \u00d6n <b><red>el\u0151nyei<\/red><\/b> <\/h3>\n<p><p>A speci\u00e1lis ipar\u00e1gi k\u00f6vetelm\u00e9nyekhez hangolt Sage X3 olyan fejlett funkci\u00f3kat k\u00edn\u00e1l, amelyekre sz\u00fcks\u00e9g van ahhoz, hogy versenyk\u00e9pes maradhasson a neh\u00e9z kih\u00edv\u00e1sokkal szemben.<\/p>\n<p>&#8211; M\u0171veletek<br \/>\n&#8211; Ell\u00e1t\u00e1si l\u00e1nc<br \/>\n&#8211; Rakt\u00e1r \u00e9s k\u00e9szletek<br \/>\n&#8211; P\u00e9nz\u00fcgy \u00e9s sz\u00e1mvitel<br \/>\n&#8211; \u00c9rt\u00e9kes\u00edt\u00e9s \u00e9s marketing<br \/>\n&#8211; \u00dcgyf\u00e9lszolg\u00e1lat<\/p>\n<\/p>\n<p>Feleljen meg az elv\u00e1r\u00e1soknak, mik\u00f6zben kezeli a k\u00f6lts\u00e9geket<\/p>\n<p>K\u00e9sz\u00fclj\u00f6n fel az esetleges visszak\u00fcld\u00e9sre<\/p>\n<p>Takar\u00edtson meg id\u0151t (\u00e9s p\u00e9nzt!), mik\u00f6zben megfelel az el\u0151\u00edr\u00e1soknak<\/p>\n<p>Szerezzen jobb r\u00e1l\u00e1t\u00e1st az \u00e9lelmiszer- \u00e9s ital\u00fczleti tev\u00e9kenys\u00e9g\u00e9re<\/p>\n<p>Ellen\u0151rizze k\u00f6lts\u00e9geit \u00e9s cs\u00f6kkentse hullad\u00e9k\u00e1t<\/p>\n<p>N\u00f6velje fogyaszt\u00f3i bizalm\u00e1t a nyomon k\u00f6vethet\u0151s\u00e9g r\u00e9v\u00e9n<\/p>\n<p>Minimaliz\u00e1lja a hullad\u00e9kot a k\u00f6lts\u00e9gek \u00e9s kock\u00e1zatok cs\u00f6kkent\u00e9se \u00e9rdek\u00e9ben<\/p>\n<p>Gyors\u00edtsa meg az elv\u00e1r\u00e1soknak val\u00f3 megfelel\u00e9st<\/p>\n<h2>A Sage X3 jellemz\u0151i<\/h2>\n<h3><\/h3>\n<p><p>M\u0170VELETEK<\/p>\n<p>Haszn\u00e1lja ki az \u00e9lelmiszer-biztons\u00e1gi, nyomonk\u00f6vethet\u0151s\u00e9gi, visszah\u00edv\u00e1skezel\u00e9si, allerg\u00e9nek bejelent\u00e9si \u00e9s egy\u00e9b megold\u00e1sait.<\/p>\n<\/p>\n<h3><\/h3>\n<p><p>ELL\u00c1T\u00c1SI L\u00c1NC<\/p>\n<p>Kezelje, ir\u00e1ny\u00edtsa, \u00e9s biztos\u00edtsa a megfelel\u0151s\u00e9get nemzetk\u00f6zi besz\u00e1ll\u00edt\u00f3ival szemben.<\/p>\n<\/p>\n<h3><\/h3>\n<p><p>RAKT\u00c1R \u00c9S K\u00c9SZLETEK<\/p>\n<p>Kezelje az \u00e9lelmiszerk\u00e9szlet nyomon k\u00f6vet\u00e9s\u00e9t, a term\u00e9k j\u00f6vedelmez\u0151s\u00e9g\u00e9t \u00e9s cs\u00f6kkentse a romland\u00f3 \u00e1ruk vesztes\u00e9g\u00e9t.<\/p>\n<\/p>\n<h3><\/h3>\n<p><p>SZ\u00c1MVITEL \u00c9S P\u00c9NZ\u00dcGY<\/p>\n<p>Kezelje a cash flow-t, a megfelel\u0151s\u00e9get, a j\u00f6vedelmez\u0151s\u00e9get, az \u00e1ll\u00f3eszk\u00f6z\u00f6ket \u00e9s a sz\u00e1mviteli elj\u00e1r\u00e1sokat.<\/p>\n<\/p>\n<h3><\/h3>\n<p><p>\u00c9RT\u00c9KES\u00edT\u00c9S \u00c9S MARKETING<\/p>\n<p>Kombin\u00e1lja az \u00fcgyf\u00e9lszolg\u00e1lat \u00e9s a mobilalkalmaz\u00e1sok erej\u00e9t, hogy felszabad\u00edtsa az \u00e9rt\u00e9kes\u00edt\u00e9si \u00e9s marketingtev\u00e9kenys\u00e9gben rejl\u0151 lehet\u0151s\u00e9geket.<\/p>\n<\/p>\n<h3><\/h3>\n<p><p>\u00dcGYF\u00c9LSZOLG\u00c1LAT<\/p>\n<p>Szerezzen gyors hozz\u00e1f\u00e9r\u00e9st az adatokhoz \u00e9s kezelje az \u00fcgyfelek k\u00e9r\u00e9seit.<\/p>\n<\/p>\n<h2><\/h2>\n<h3><red>Kapcsol\u00f3d\u00f3 oldalak<\/red> <\/h3>\n<\/p>\n<h3><\/h3>\n<\/p>\n<h3><\/h3><\/p>\n","protected":false},"excerpt":{"rendered":"<p>Sage X3 \u00e9lelmiszer- \u00e9s italgy\u00e1rt\u00f3 c\u00e9gek sz\u00e1m\u00e1ra A Sage X3 az \u00e9lelmiszer- \u00e9s italipar sz\u00e1m\u00e1ra k\u00e9sz\u00fclt. A Sage X3 a hullad\u00e9k minimaliz\u00e1l\u00e1s\u00e1ra \u00e9s a kock\u00e1zatok cs\u00f6kkent\u00e9s\u00e9re \u00f6sszpontos\u00edt, mik\u00f6zben biztos\u00edtja az anyagok min\u0151s\u00e9g\u00e9t, nyomon k\u00f6vethet\u0151s\u00e9g\u00e9t \u00e9s biztons\u00e1g\u00e1t. Az \u00d6n el\u0151nyei A speci\u00e1lis ipar\u00e1gi k\u00f6vetelm\u00e9nyekhez hangolt Sage X3 olyan fejlett funkci\u00f3kat k\u00edn\u00e1l, amelyekre sz\u00fcks\u00e9g van ahhoz, hogy [&hellip;]<\/p>\n","protected":false},"author":3,"featured_media":0,"parent":10342,"menu_order":0,"comment_status":"closed","ping_status":"closed","template":"templates\/template-inner.php","meta":{"_acf_changed":false,"footnotes":""},"class_list":["post-9309","page","type-page","status-publish","hentry"],"acf":[],"yoast_head":"<!-- This site is optimized with the Yoast SEO plugin v23.5 - https:\/\/yoast.com\/wordpress\/plugins\/seo\/ -->\n<title>\u00c9tel \u00e9s ital - Deveho<\/title>\n<meta name=\"robots\" content=\"index, follow, max-snippet:-1, max-image-preview:large, max-video-preview:-1\" \/>\n<link rel=\"canonical\" href=\"https:\/\/deveho.com\/hu\/szektorok\/etel-is-ital\/\" \/>\n<meta property=\"og:locale\" content=\"hu_HU\" \/>\n<meta property=\"og:type\" content=\"article\" \/>\n<meta property=\"og:title\" content=\"\u00c9tel \u00e9s ital - Deveho\" \/>\n<meta property=\"og:description\" content=\"Sage X3 \u00e9lelmiszer- \u00e9s italgy\u00e1rt\u00f3 c\u00e9gek sz\u00e1m\u00e1ra A Sage X3 az \u00e9lelmiszer- \u00e9s italipar sz\u00e1m\u00e1ra k\u00e9sz\u00fclt. A Sage X3 a hullad\u00e9k minimaliz\u00e1l\u00e1s\u00e1ra \u00e9s a kock\u00e1zatok cs\u00f6kkent\u00e9s\u00e9re \u00f6sszpontos\u00edt, mik\u00f6zben biztos\u00edtja az anyagok min\u0151s\u00e9g\u00e9t, nyomon k\u00f6vethet\u0151s\u00e9g\u00e9t \u00e9s biztons\u00e1g\u00e1t. Az \u00d6n el\u0151nyei A speci\u00e1lis ipar\u00e1gi k\u00f6vetelm\u00e9nyekhez hangolt Sage X3 olyan fejlett funkci\u00f3kat k\u00edn\u00e1l, amelyekre sz\u00fcks\u00e9g van ahhoz, hogy [&hellip;]\" \/>\n<meta property=\"og:url\" content=\"https:\/\/deveho.com\/hu\/szektorok\/etel-is-ital\/\" \/>\n<meta property=\"og:site_name\" content=\"Deveho\" \/>\n<meta property=\"article:publisher\" content=\"https:\/\/www.facebook.com\/deveho\" \/>\n<meta property=\"article:modified_time\" content=\"2025-01-27T12:55:09+00:00\" \/>\n<meta name=\"twitter:card\" content=\"summary_large_image\" \/>\n<meta name=\"twitter:site\" content=\"@Deveho1\" \/>\n<meta name=\"twitter:label1\" content=\"Becs\u00fclt olvas\u00e1si id\u0151\" \/>\n\t<meta name=\"twitter:data1\" content=\"1 perc\" \/>\n<script type=\"application\/ld+json\" class=\"yoast-schema-graph\">{\"@context\":\"https:\/\/schema.org\",\"@graph\":[{\"@type\":\"WebPage\",\"@id\":\"https:\/\/deveho.com\/hu\/szektorok\/etel-is-ital\/\",\"url\":\"https:\/\/deveho.com\/hu\/szektorok\/etel-is-ital\/\",\"name\":\"\u00c9tel \u00e9s ital - Deveho\",\"isPartOf\":{\"@id\":\"https:\/\/deveho.com\/#website\"},\"datePublished\":\"2022-02-28T13:36:24+00:00\",\"dateModified\":\"2025-01-27T12:55:09+00:00\",\"breadcrumb\":{\"@id\":\"https:\/\/deveho.com\/hu\/szektorok\/etel-is-ital\/#breadcrumb\"},\"inLanguage\":\"hu\",\"potentialAction\":[{\"@type\":\"ReadAction\",\"target\":[\"https:\/\/deveho.com\/hu\/szektorok\/etel-is-ital\/\"]}]},{\"@type\":\"BreadcrumbList\",\"@id\":\"https:\/\/deveho.com\/hu\/szektorok\/etel-is-ital\/#breadcrumb\",\"itemListElement\":[{\"@type\":\"ListItem\",\"position\":1,\"name\":\"Home\",\"item\":\"https:\/\/deveho.com\/hu\/\"},{\"@type\":\"ListItem\",\"position\":2,\"name\":\"Szektorok\",\"item\":\"https:\/\/deveho.com\/hu\/szektorok\/\"},{\"@type\":\"ListItem\",\"position\":3,\"name\":\"\u00c9tel \u00e9s ital\"}]},{\"@type\":\"WebSite\",\"@id\":\"https:\/\/deveho.com\/#website\",\"url\":\"https:\/\/deveho.com\/\",\"name\":\"Deveho Consulting Group\",\"description\":\"Let\u2019s boost your growth\",\"publisher\":{\"@id\":\"https:\/\/deveho.com\/#organization\"},\"potentialAction\":[{\"@type\":\"SearchAction\",\"target\":{\"@type\":\"EntryPoint\",\"urlTemplate\":\"https:\/\/deveho.com\/?s={search_term_string}\"},\"query-input\":{\"@type\":\"PropertyValueSpecification\",\"valueRequired\":true,\"valueName\":\"search_term_string\"}}],\"inLanguage\":\"hu\"},{\"@type\":\"Organization\",\"@id\":\"https:\/\/deveho.com\/#organization\",\"name\":\"Deveho Consulting Group\",\"url\":\"https:\/\/deveho.com\/\",\"logo\":{\"@type\":\"ImageObject\",\"inLanguage\":\"hu\",\"@id\":\"https:\/\/deveho.com\/#\/schema\/logo\/image\/\",\"url\":\"https:\/\/deveho.com\/wp-content\/uploads\/2023\/02\/DEVEHO-LOGO-Baseline-COLOR.png\",\"contentUrl\":\"https:\/\/deveho.com\/wp-content\/uploads\/2023\/02\/DEVEHO-LOGO-Baseline-COLOR.png\",\"width\":2251,\"height\":585,\"caption\":\"Deveho Consulting Group\"},\"image\":{\"@id\":\"https:\/\/deveho.com\/#\/schema\/logo\/image\/\"},\"sameAs\":[\"https:\/\/www.facebook.com\/deveho\",\"https:\/\/x.com\/Deveho1\",\"https:\/\/www.linkedin.com\/company\/deveho-consulting\/\"]}]}<\/script>\n<!-- \/ Yoast SEO plugin. -->","yoast_head_json":{"title":"\u00c9tel \u00e9s ital - Deveho","robots":{"index":"index","follow":"follow","max-snippet":"max-snippet:-1","max-image-preview":"max-image-preview:large","max-video-preview":"max-video-preview:-1"},"canonical":"https:\/\/deveho.com\/hu\/szektorok\/etel-is-ital\/","og_locale":"hu_HU","og_type":"article","og_title":"\u00c9tel \u00e9s ital - Deveho","og_description":"Sage X3 \u00e9lelmiszer- \u00e9s italgy\u00e1rt\u00f3 c\u00e9gek sz\u00e1m\u00e1ra A Sage X3 az \u00e9lelmiszer- \u00e9s italipar sz\u00e1m\u00e1ra k\u00e9sz\u00fclt. A Sage X3 a hullad\u00e9k minimaliz\u00e1l\u00e1s\u00e1ra \u00e9s a kock\u00e1zatok cs\u00f6kkent\u00e9s\u00e9re \u00f6sszpontos\u00edt, mik\u00f6zben biztos\u00edtja az anyagok min\u0151s\u00e9g\u00e9t, nyomon k\u00f6vethet\u0151s\u00e9g\u00e9t \u00e9s biztons\u00e1g\u00e1t. Az \u00d6n el\u0151nyei A speci\u00e1lis ipar\u00e1gi k\u00f6vetelm\u00e9nyekhez hangolt Sage X3 olyan fejlett funkci\u00f3kat k\u00edn\u00e1l, amelyekre sz\u00fcks\u00e9g van ahhoz, hogy [&hellip;]","og_url":"https:\/\/deveho.com\/hu\/szektorok\/etel-is-ital\/","og_site_name":"Deveho","article_publisher":"https:\/\/www.facebook.com\/deveho","article_modified_time":"2025-01-27T12:55:09+00:00","twitter_card":"summary_large_image","twitter_site":"@Deveho1","twitter_misc":{"Becs\u00fclt olvas\u00e1si id\u0151":"1 perc"},"schema":{"@context":"https:\/\/schema.org","@graph":[{"@type":"WebPage","@id":"https:\/\/deveho.com\/hu\/szektorok\/etel-is-ital\/","url":"https:\/\/deveho.com\/hu\/szektorok\/etel-is-ital\/","name":"\u00c9tel \u00e9s ital - Deveho","isPartOf":{"@id":"https:\/\/deveho.com\/#website"},"datePublished":"2022-02-28T13:36:24+00:00","dateModified":"2025-01-27T12:55:09+00:00","breadcrumb":{"@id":"https:\/\/deveho.com\/hu\/szektorok\/etel-is-ital\/#breadcrumb"},"inLanguage":"hu","potentialAction":[{"@type":"ReadAction","target":["https:\/\/deveho.com\/hu\/szektorok\/etel-is-ital\/"]}]},{"@type":"BreadcrumbList","@id":"https:\/\/deveho.com\/hu\/szektorok\/etel-is-ital\/#breadcrumb","itemListElement":[{"@type":"ListItem","position":1,"name":"Home","item":"https:\/\/deveho.com\/hu\/"},{"@type":"ListItem","position":2,"name":"Szektorok","item":"https:\/\/deveho.com\/hu\/szektorok\/"},{"@type":"ListItem","position":3,"name":"\u00c9tel \u00e9s ital"}]},{"@type":"WebSite","@id":"https:\/\/deveho.com\/#website","url":"https:\/\/deveho.com\/","name":"Deveho Consulting Group","description":"Let\u2019s boost your growth","publisher":{"@id":"https:\/\/deveho.com\/#organization"},"potentialAction":[{"@type":"SearchAction","target":{"@type":"EntryPoint","urlTemplate":"https:\/\/deveho.com\/?s={search_term_string}"},"query-input":{"@type":"PropertyValueSpecification","valueRequired":true,"valueName":"search_term_string"}}],"inLanguage":"hu"},{"@type":"Organization","@id":"https:\/\/deveho.com\/#organization","name":"Deveho Consulting Group","url":"https:\/\/deveho.com\/","logo":{"@type":"ImageObject","inLanguage":"hu","@id":"https:\/\/deveho.com\/#\/schema\/logo\/image\/","url":"https:\/\/deveho.com\/wp-content\/uploads\/2023\/02\/DEVEHO-LOGO-Baseline-COLOR.png","contentUrl":"https:\/\/deveho.com\/wp-content\/uploads\/2023\/02\/DEVEHO-LOGO-Baseline-COLOR.png","width":2251,"height":585,"caption":"Deveho Consulting Group"},"image":{"@id":"https:\/\/deveho.com\/#\/schema\/logo\/image\/"},"sameAs":["https:\/\/www.facebook.com\/deveho","https:\/\/x.com\/Deveho1","https:\/\/www.linkedin.com\/company\/deveho-consulting\/"]}]}},"_links":{"self":[{"href":"https:\/\/deveho.com\/hu\/wp-json\/wp\/v2\/pages\/9309"}],"collection":[{"href":"https:\/\/deveho.com\/hu\/wp-json\/wp\/v2\/pages"}],"about":[{"href":"https:\/\/deveho.com\/hu\/wp-json\/wp\/v2\/types\/page"}],"author":[{"embeddable":true,"href":"https:\/\/deveho.com\/hu\/wp-json\/wp\/v2\/users\/3"}],"replies":[{"embeddable":true,"href":"https:\/\/deveho.com\/hu\/wp-json\/wp\/v2\/comments?post=9309"}],"version-history":[{"count":3,"href":"https:\/\/deveho.com\/hu\/wp-json\/wp\/v2\/pages\/9309\/revisions"}],"predecessor-version":[{"id":37120,"href":"https:\/\/deveho.com\/hu\/wp-json\/wp\/v2\/pages\/9309\/revisions\/37120"}],"up":[{"embeddable":true,"href":"https:\/\/deveho.com\/hu\/wp-json\/wp\/v2\/pages\/10342"}],"wp:attachment":[{"href":"https:\/\/deveho.com\/hu\/wp-json\/wp\/v2\/media?parent=9309"}],"curies":[{"name":"wp","href":"https:\/\/api.w.org\/{rel}","templated":true}]}}