{"id":9312,"date":"2022-02-28T15:30:30","date_gmt":"2022-02-28T15:30:30","guid":{"rendered":"https:\/\/deveho2.sfdbeta.be\/penzugy\/"},"modified":"2022-10-28T10:24:19","modified_gmt":"2022-10-28T08:24:19","slug":"penzugy","status":"publish","type":"page","link":"https:\/\/deveho.com\/hu\/szektorok\/penzugy\/","title":{"rendered":"P\u00e9nz\u00fcgy"},"content":{"rendered":"<br \/>\n<h3>Az \u00d6n <b> <red>el\u0151nyei<\/b><\/red>   <\/h3>\n<p><p>Biztos\u00edtsa be alkalmazottai hat\u00e9kony \u00e9s gyors v\u00e1laszad\u00e1si k\u00e9pess\u00e9g\u00e9t a panaszok \u00e9s vit\u00e1k megold\u00e1s\u00e1hoz sz\u00fcks\u00e9ges inform\u00e1ci\u00f3kkal, ez\u00e1ltal megn\u00f6velheti v\u00e1s\u00e1rl\u00f3i el\u00e9gedetts\u00e9g\u00e9t. A p\u00e9nz\u00fcgyi szolg\u00e1ltat\u00e1sok szempontj\u00e1b\u00f3l kulcsfontoss\u00e1g\u00fa, hogy bev\u00e9teleit is n\u00f6velheti az\u00e1ltal, hogy minden \u00e9rt\u00e9kes\u00edt\u00e9si lehet\u0151s\u00e9get megragad \u00e9s nyomon k\u00f6vet, mik\u00f6zben gondoskodik arr\u00f3l, hogy a lehet\u0151 legjobb \u00e1rakat t\u00e1rgyalj\u00e1k besz\u00e1ll\u00edt\u00f3ival, \u00e9s a kapcsolatokat optim\u00e1lisan kezelj\u00e9k.<\/p>\n<\/p>\n<p>Dimenzi\u00f3s sz\u00e1mvitel<\/p>\n<p>Import\/Export funkcionalit\u00e1s<\/p>\n<p>T\u00f6bb f\u0151k\u00f6nyvi k\u00e9pess\u00e9g<\/p>\n<p>T\u00f6bb jogrendszer lehet\u0151s\u00e9gek <\/p>\n<p>Ir\u00e1ny\u00edtsa az eredm\u00e9nyeket pontoss\u00e1ggal<\/p>\n<p>V\u00e1ljon el\u0151ny\u00e9re a glob\u00e1lis \u00e9s val\u00f3s idej\u0171 l\u00e1that\u00f3s\u00e1g<\/p>\n<p>Helyi k\u00f6vetelm\u00e9nyeknek val\u00f3 megfelel\u00e9s.<\/p>\n<h2><b>A Sage X3<\/b> <b><red>jellemz\u0151i<\/b><\/red><\/h2>\n<h3><\/h3>\n<p><p>F\u0151k\u00f6nyv t\u00f6bb sz\u00e1mlat\u00fck\u00f6rrel<\/p>\n<\/p>\n<h3><\/h3>\n<p><p>K\u00f6vetel\u00e9sek, kintlev\u0151s\u00e9gek<\/p>\n<\/p>\n<h3><\/h3>\n<p><p>Cash flow kezel\u00e9s<\/p>\n<\/p>\n<h3><\/h3>\n<p><p>Bank kezel\u00e9s<\/p>\n<\/p>\n<h3><\/h3>\n<p><p>K\u00f6lts\u00e9g- \u00e9s analitikus k\u00f6nyvel\u00e9s<\/p>\n<\/p>\n<h3><\/h3>\n<p><p>Kiad\u00e1sok<\/p>\n<\/p>\n<h3><\/h3>\n<p><p>K\u00f6lts\u00e9gvet\u00e9sek \u00e9s k\u00f6telezetts\u00e9gek<\/p>\n<\/p>\n<h2><\/h2>\n<h3>Kapcsol\u00f3d\u00f3 oldalak<\/h3>\n<\/p>\n<h3><\/h3>\n<\/p>\n<h3><\/h3><\/p>\n","protected":false},"excerpt":{"rendered":"<p>Az \u00d6n el\u0151nyei Biztos\u00edtsa be alkalmazottai hat\u00e9kony \u00e9s gyors v\u00e1laszad\u00e1si k\u00e9pess\u00e9g\u00e9t a panaszok \u00e9s vit\u00e1k megold\u00e1s\u00e1hoz sz\u00fcks\u00e9ges inform\u00e1ci\u00f3kkal, ez\u00e1ltal megn\u00f6velheti v\u00e1s\u00e1rl\u00f3i el\u00e9gedetts\u00e9g\u00e9t. A p\u00e9nz\u00fcgyi szolg\u00e1ltat\u00e1sok szempontj\u00e1b\u00f3l kulcsfontoss\u00e1g\u00fa, hogy bev\u00e9teleit is n\u00f6velheti az\u00e1ltal, hogy minden \u00e9rt\u00e9kes\u00edt\u00e9si lehet\u0151s\u00e9get megragad \u00e9s nyomon k\u00f6vet, mik\u00f6zben gondoskodik arr\u00f3l, hogy a lehet\u0151 legjobb \u00e1rakat t\u00e1rgyalj\u00e1k besz\u00e1ll\u00edt\u00f3ival, \u00e9s a kapcsolatokat optim\u00e1lisan kezelj\u00e9k. [&hellip;]<\/p>\n","protected":false},"author":3,"featured_media":0,"parent":10342,"menu_order":0,"comment_status":"closed","ping_status":"closed","template":"templates\/template-inner.php","meta":{"_acf_changed":false,"footnotes":""},"class_list":["post-9312","page","type-page","status-publish","hentry"],"acf":[],"yoast_head":"<!-- This site is optimized with the Yoast SEO plugin v23.5 - https:\/\/yoast.com\/wordpress\/plugins\/seo\/ -->\n<title>P\u00e9nz\u00fcgy - Deveho<\/title>\n<meta name=\"robots\" content=\"index, follow, max-snippet:-1, max-image-preview:large, max-video-preview:-1\" \/>\n<link rel=\"canonical\" href=\"https:\/\/deveho.com\/sectors\/finance\/\" \/>\n<meta property=\"og:locale\" content=\"hu_HU\" \/>\n<meta property=\"og:type\" content=\"article\" \/>\n<meta property=\"og:title\" content=\"P\u00e9nz\u00fcgy - Deveho\" \/>\n<meta property=\"og:description\" content=\"Az \u00d6n el\u0151nyei Biztos\u00edtsa be alkalmazottai hat\u00e9kony \u00e9s gyors v\u00e1laszad\u00e1si k\u00e9pess\u00e9g\u00e9t a panaszok \u00e9s vit\u00e1k megold\u00e1s\u00e1hoz sz\u00fcks\u00e9ges inform\u00e1ci\u00f3kkal, ez\u00e1ltal megn\u00f6velheti v\u00e1s\u00e1rl\u00f3i el\u00e9gedetts\u00e9g\u00e9t. A p\u00e9nz\u00fcgyi szolg\u00e1ltat\u00e1sok szempontj\u00e1b\u00f3l kulcsfontoss\u00e1g\u00fa, hogy bev\u00e9teleit is n\u00f6velheti az\u00e1ltal, hogy minden \u00e9rt\u00e9kes\u00edt\u00e9si lehet\u0151s\u00e9get megragad \u00e9s nyomon k\u00f6vet, mik\u00f6zben gondoskodik arr\u00f3l, hogy a lehet\u0151 legjobb \u00e1rakat t\u00e1rgyalj\u00e1k besz\u00e1ll\u00edt\u00f3ival, \u00e9s a kapcsolatokat optim\u00e1lisan kezelj\u00e9k. [&hellip;]\" \/>\n<meta property=\"og:url\" content=\"https:\/\/deveho.com\/sectors\/finance\/\" \/>\n<meta property=\"og:site_name\" content=\"Deveho\" \/>\n<meta property=\"article:publisher\" content=\"https:\/\/www.facebook.com\/deveho\" \/>\n<meta property=\"article:modified_time\" content=\"2022-10-28T08:24:19+00:00\" \/>\n<meta name=\"twitter:card\" content=\"summary_large_image\" \/>\n<meta name=\"twitter:site\" content=\"@Deveho1\" \/>\n<meta name=\"twitter:label1\" content=\"Becs\u00fclt olvas\u00e1si id\u0151\" \/>\n\t<meta name=\"twitter:data1\" content=\"1 perc\" \/>\n<script type=\"application\/ld+json\" class=\"yoast-schema-graph\">{\"@context\":\"https:\/\/schema.org\",\"@graph\":[{\"@type\":\"WebPage\",\"@id\":\"https:\/\/deveho.com\/sectors\/finance\/\",\"url\":\"https:\/\/deveho.com\/sectors\/finance\/\",\"name\":\"P\u00e9nz\u00fcgy - Deveho\",\"isPartOf\":{\"@id\":\"https:\/\/deveho.com\/#website\"},\"datePublished\":\"2022-02-28T15:30:30+00:00\",\"dateModified\":\"2022-10-28T08:24:19+00:00\",\"breadcrumb\":{\"@id\":\"https:\/\/deveho.com\/sectors\/finance\/#breadcrumb\"},\"inLanguage\":\"hu\",\"potentialAction\":[{\"@type\":\"ReadAction\",\"target\":[\"https:\/\/deveho.com\/sectors\/finance\/\"]}]},{\"@type\":\"BreadcrumbList\",\"@id\":\"https:\/\/deveho.com\/sectors\/finance\/#breadcrumb\",\"itemListElement\":[{\"@type\":\"ListItem\",\"position\":1,\"name\":\"Home\",\"item\":\"https:\/\/deveho.com\/hu\/\"},{\"@type\":\"ListItem\",\"position\":2,\"name\":\"Szektorok\",\"item\":\"https:\/\/deveho.com\/hu\/szektorok\/\"},{\"@type\":\"ListItem\",\"position\":3,\"name\":\"P\u00e9nz\u00fcgy\"}]},{\"@type\":\"WebSite\",\"@id\":\"https:\/\/deveho.com\/#website\",\"url\":\"https:\/\/deveho.com\/\",\"name\":\"Deveho Consulting Group\",\"description\":\"Let\u2019s boost your growth\",\"publisher\":{\"@id\":\"https:\/\/deveho.com\/#organization\"},\"potentialAction\":[{\"@type\":\"SearchAction\",\"target\":{\"@type\":\"EntryPoint\",\"urlTemplate\":\"https:\/\/deveho.com\/?s={search_term_string}\"},\"query-input\":{\"@type\":\"PropertyValueSpecification\",\"valueRequired\":true,\"valueName\":\"search_term_string\"}}],\"inLanguage\":\"hu\"},{\"@type\":\"Organization\",\"@id\":\"https:\/\/deveho.com\/#organization\",\"name\":\"Deveho Consulting Group\",\"url\":\"https:\/\/deveho.com\/\",\"logo\":{\"@type\":\"ImageObject\",\"inLanguage\":\"hu\",\"@id\":\"https:\/\/deveho.com\/#\/schema\/logo\/image\/\",\"url\":\"https:\/\/deveho.com\/wp-content\/uploads\/2023\/02\/DEVEHO-LOGO-Baseline-COLOR.png\",\"contentUrl\":\"https:\/\/deveho.com\/wp-content\/uploads\/2023\/02\/DEVEHO-LOGO-Baseline-COLOR.png\",\"width\":2251,\"height\":585,\"caption\":\"Deveho Consulting Group\"},\"image\":{\"@id\":\"https:\/\/deveho.com\/#\/schema\/logo\/image\/\"},\"sameAs\":[\"https:\/\/www.facebook.com\/deveho\",\"https:\/\/x.com\/Deveho1\",\"https:\/\/www.linkedin.com\/company\/deveho-consulting\/\"]}]}<\/script>\n<!-- \/ Yoast SEO plugin. -->","yoast_head_json":{"title":"P\u00e9nz\u00fcgy - Deveho","robots":{"index":"index","follow":"follow","max-snippet":"max-snippet:-1","max-image-preview":"max-image-preview:large","max-video-preview":"max-video-preview:-1"},"canonical":"https:\/\/deveho.com\/sectors\/finance\/","og_locale":"hu_HU","og_type":"article","og_title":"P\u00e9nz\u00fcgy - Deveho","og_description":"Az \u00d6n el\u0151nyei Biztos\u00edtsa be alkalmazottai hat\u00e9kony \u00e9s gyors v\u00e1laszad\u00e1si k\u00e9pess\u00e9g\u00e9t a panaszok \u00e9s vit\u00e1k megold\u00e1s\u00e1hoz sz\u00fcks\u00e9ges inform\u00e1ci\u00f3kkal, ez\u00e1ltal megn\u00f6velheti v\u00e1s\u00e1rl\u00f3i el\u00e9gedetts\u00e9g\u00e9t. A p\u00e9nz\u00fcgyi szolg\u00e1ltat\u00e1sok szempontj\u00e1b\u00f3l kulcsfontoss\u00e1g\u00fa, hogy bev\u00e9teleit is n\u00f6velheti az\u00e1ltal, hogy minden \u00e9rt\u00e9kes\u00edt\u00e9si lehet\u0151s\u00e9get megragad \u00e9s nyomon k\u00f6vet, mik\u00f6zben gondoskodik arr\u00f3l, hogy a lehet\u0151 legjobb \u00e1rakat t\u00e1rgyalj\u00e1k besz\u00e1ll\u00edt\u00f3ival, \u00e9s a kapcsolatokat optim\u00e1lisan kezelj\u00e9k. [&hellip;]","og_url":"https:\/\/deveho.com\/sectors\/finance\/","og_site_name":"Deveho","article_publisher":"https:\/\/www.facebook.com\/deveho","article_modified_time":"2022-10-28T08:24:19+00:00","twitter_card":"summary_large_image","twitter_site":"@Deveho1","twitter_misc":{"Becs\u00fclt olvas\u00e1si id\u0151":"1 perc"},"schema":{"@context":"https:\/\/schema.org","@graph":[{"@type":"WebPage","@id":"https:\/\/deveho.com\/sectors\/finance\/","url":"https:\/\/deveho.com\/sectors\/finance\/","name":"P\u00e9nz\u00fcgy - Deveho","isPartOf":{"@id":"https:\/\/deveho.com\/#website"},"datePublished":"2022-02-28T15:30:30+00:00","dateModified":"2022-10-28T08:24:19+00:00","breadcrumb":{"@id":"https:\/\/deveho.com\/sectors\/finance\/#breadcrumb"},"inLanguage":"hu","potentialAction":[{"@type":"ReadAction","target":["https:\/\/deveho.com\/sectors\/finance\/"]}]},{"@type":"BreadcrumbList","@id":"https:\/\/deveho.com\/sectors\/finance\/#breadcrumb","itemListElement":[{"@type":"ListItem","position":1,"name":"Home","item":"https:\/\/deveho.com\/hu\/"},{"@type":"ListItem","position":2,"name":"Szektorok","item":"https:\/\/deveho.com\/hu\/szektorok\/"},{"@type":"ListItem","position":3,"name":"P\u00e9nz\u00fcgy"}]},{"@type":"WebSite","@id":"https:\/\/deveho.com\/#website","url":"https:\/\/deveho.com\/","name":"Deveho Consulting Group","description":"Let\u2019s boost your growth","publisher":{"@id":"https:\/\/deveho.com\/#organization"},"potentialAction":[{"@type":"SearchAction","target":{"@type":"EntryPoint","urlTemplate":"https:\/\/deveho.com\/?s={search_term_string}"},"query-input":{"@type":"PropertyValueSpecification","valueRequired":true,"valueName":"search_term_string"}}],"inLanguage":"hu"},{"@type":"Organization","@id":"https:\/\/deveho.com\/#organization","name":"Deveho Consulting Group","url":"https:\/\/deveho.com\/","logo":{"@type":"ImageObject","inLanguage":"hu","@id":"https:\/\/deveho.com\/#\/schema\/logo\/image\/","url":"https:\/\/deveho.com\/wp-content\/uploads\/2023\/02\/DEVEHO-LOGO-Baseline-COLOR.png","contentUrl":"https:\/\/deveho.com\/wp-content\/uploads\/2023\/02\/DEVEHO-LOGO-Baseline-COLOR.png","width":2251,"height":585,"caption":"Deveho Consulting Group"},"image":{"@id":"https:\/\/deveho.com\/#\/schema\/logo\/image\/"},"sameAs":["https:\/\/www.facebook.com\/deveho","https:\/\/x.com\/Deveho1","https:\/\/www.linkedin.com\/company\/deveho-consulting\/"]}]}},"_links":{"self":[{"href":"https:\/\/deveho.com\/hu\/wp-json\/wp\/v2\/pages\/9312"}],"collection":[{"href":"https:\/\/deveho.com\/hu\/wp-json\/wp\/v2\/pages"}],"about":[{"href":"https:\/\/deveho.com\/hu\/wp-json\/wp\/v2\/types\/page"}],"author":[{"embeddable":true,"href":"https:\/\/deveho.com\/hu\/wp-json\/wp\/v2\/users\/3"}],"replies":[{"embeddable":true,"href":"https:\/\/deveho.com\/hu\/wp-json\/wp\/v2\/comments?post=9312"}],"version-history":[{"count":0,"href":"https:\/\/deveho.com\/hu\/wp-json\/wp\/v2\/pages\/9312\/revisions"}],"up":[{"embeddable":true,"href":"https:\/\/deveho.com\/hu\/wp-json\/wp\/v2\/pages\/10342"}],"wp:attachment":[{"href":"https:\/\/deveho.com\/hu\/wp-json\/wp\/v2\/media?parent=9312"}],"curies":[{"name":"wp","href":"https:\/\/api.w.org\/{rel}","templated":true}]}}