{"id":9313,"date":"2022-02-28T16:19:16","date_gmt":"2022-02-28T16:19:16","guid":{"rendered":"https:\/\/deveho2.sfdbeta.be\/penzugyi-vezeto\/"},"modified":"2022-10-28T11:01:41","modified_gmt":"2022-10-28T09:01:41","slug":"penzugyi-vezeto","status":"publish","type":"page","link":"https:\/\/deveho.com\/hu\/profilok\/penzugyi-vezeto\/","title":{"rendered":"P\u00e9nz\u00fcgyi Vezet\u0151"},"content":{"rendered":"<br \/>\n<h2><b> <red>Ideje v\u00e1ltoztatni v\u00e1llalkoz\u00e1sa p\u00e9nz\u00fcgyeinek kezel\u00e9s\u00e9n? <\/red>   <\/b><\/h2>\n<h3>Az \u00d6n C\u00e9ljai <\/h3>\n<ul>\n<li>Harmoniz\u00e1lja a folyamatait<\/li>\n<li>Egyszer\u0171s\u00edti a sz\u00e1ml\u00e1z\u00e1st \u00e9s a beszed\u00e9st<\/li>\n<li>Megsz\u00fcnteti a sz\u00e1mviteli hib\u00e1kat \u00e9s a nyilv\u00e1ntart\u00e1si redundanci\u00e1t<\/li>\n<li>Biztos\u00edtja az ad\u00f3z\u00e1si \u00e9s sz\u00e1mviteli el\u0151\u00edr\u00e1sok betart\u00e1s\u00e1t<\/li>\n<li>Rugalmass\u00e1got \u00e9s terjeszked\u00e9si lehet\u0151s\u00e9get biztos\u00edt<\/li>\n<\/ul>\n<h3>Az ERP szoftver el\u0151nyei<\/h3>\n<ul>\n<li>Kezeli az adattov\u00e1bb\u00edt\u00e1st (bele\u00e9rtve az inform\u00e1ci\u00f3s tev\u00e9kenys\u00e9gek tervez\u00e9s\u00e9t, szervez\u00e9s\u00e9t, struktur\u00e1l\u00e1s\u00e1t, feldolgoz\u00e1s\u00e1t, ellen\u0151rz\u00e9s\u00e9t, \u00e9rt\u00e9kel\u00e9s\u00e9t illetve jelent\u00e9s\u00e9t)<\/li>\n<li>Kontroll\u00e1lja \u00e9s kezeli a kock\u00e1zatokat<\/li>\n<li>T\u00e1mogatja a n\u00f6veked\u00e9st \u00e9s a nemzetk\u00f6zi tev\u00e9kenys\u00e9get<\/li>\n<li>Okos adatok elemz\u00e9sre \u00e9s audithoz<\/li>\n<\/ul>\n<h2><\/h2>\n<h3>Kapcsol\u00f3d\u00f3 oldalak<\/h3><\/p>\n","protected":false},"excerpt":{"rendered":"<p>A hat\u00e9kony p\u00e9nz\u00fcgyi ir\u00e1ny\u00edt\u00e1si rendszerek jav\u00edtj\u00e1k az \u00fczleti teljes\u00edtm\u00e9nyt a SAGE X3 v\u00e1laszt\u00e1s\u00e1val.<\/p>\n","protected":false},"author":6,"featured_media":0,"parent":10340,"menu_order":0,"comment_status":"closed","ping_status":"closed","template":"templates\/template-inner.php","meta":{"_acf_changed":false,"footnotes":""},"class_list":["post-9313","page","type-page","status-publish","hentry"],"acf":[],"yoast_head":"<!-- This site is optimized with the Yoast SEO plugin v23.5 - https:\/\/yoast.com\/wordpress\/plugins\/seo\/ -->\n<title>P\u00e9nz\u00fcgyi Vezet\u0151 - Deveho<\/title>\n<meta name=\"robots\" content=\"index, follow, max-snippet:-1, max-image-preview:large, max-video-preview:-1\" \/>\n<link rel=\"canonical\" href=\"https:\/\/deveho.com\/hu\/profilok\/penzugyi-vezeto\/\" \/>\n<meta property=\"og:locale\" content=\"hu_HU\" \/>\n<meta property=\"og:type\" content=\"article\" \/>\n<meta property=\"og:title\" content=\"P\u00e9nz\u00fcgyi Vezet\u0151 - Deveho\" \/>\n<meta property=\"og:description\" content=\"A hat\u00e9kony p\u00e9nz\u00fcgyi ir\u00e1ny\u00edt\u00e1si rendszerek jav\u00edtj\u00e1k az \u00fczleti teljes\u00edtm\u00e9nyt a SAGE X3 v\u00e1laszt\u00e1s\u00e1val.\" \/>\n<meta property=\"og:url\" content=\"https:\/\/deveho.com\/hu\/profilok\/penzugyi-vezeto\/\" \/>\n<meta property=\"og:site_name\" content=\"Deveho\" \/>\n<meta property=\"article:publisher\" content=\"https:\/\/www.facebook.com\/deveho\" \/>\n<meta property=\"article:modified_time\" content=\"2022-10-28T09:01:41+00:00\" \/>\n<meta name=\"twitter:card\" content=\"summary_large_image\" \/>\n<meta name=\"twitter:site\" content=\"@Deveho1\" \/>\n<meta name=\"twitter:label1\" content=\"Becs\u00fclt olvas\u00e1si id\u0151\" \/>\n\t<meta name=\"twitter:data1\" content=\"1 perc\" \/>\n<script type=\"application\/ld+json\" class=\"yoast-schema-graph\">{\"@context\":\"https:\/\/schema.org\",\"@graph\":[{\"@type\":\"WebPage\",\"@id\":\"https:\/\/deveho.com\/hu\/profilok\/penzugyi-vezeto\/\",\"url\":\"https:\/\/deveho.com\/hu\/profilok\/penzugyi-vezeto\/\",\"name\":\"P\u00e9nz\u00fcgyi Vezet\u0151 - Deveho\",\"isPartOf\":{\"@id\":\"https:\/\/deveho.com\/#website\"},\"datePublished\":\"2022-02-28T16:19:16+00:00\",\"dateModified\":\"2022-10-28T09:01:41+00:00\",\"breadcrumb\":{\"@id\":\"https:\/\/deveho.com\/hu\/profilok\/penzugyi-vezeto\/#breadcrumb\"},\"inLanguage\":\"hu\",\"potentialAction\":[{\"@type\":\"ReadAction\",\"target\":[\"https:\/\/deveho.com\/hu\/profilok\/penzugyi-vezeto\/\"]}]},{\"@type\":\"BreadcrumbList\",\"@id\":\"https:\/\/deveho.com\/hu\/profilok\/penzugyi-vezeto\/#breadcrumb\",\"itemListElement\":[{\"@type\":\"ListItem\",\"position\":1,\"name\":\"Home\",\"item\":\"https:\/\/deveho.com\/hu\/\"},{\"@type\":\"ListItem\",\"position\":2,\"name\":\"Profilok\",\"item\":\"https:\/\/deveho.com\/hu\/profilok\/\"},{\"@type\":\"ListItem\",\"position\":3,\"name\":\"P\u00e9nz\u00fcgyi Vezet\u0151\"}]},{\"@type\":\"WebSite\",\"@id\":\"https:\/\/deveho.com\/#website\",\"url\":\"https:\/\/deveho.com\/\",\"name\":\"Deveho Consulting Group\",\"description\":\"Let\u2019s boost your growth\",\"publisher\":{\"@id\":\"https:\/\/deveho.com\/#organization\"},\"potentialAction\":[{\"@type\":\"SearchAction\",\"target\":{\"@type\":\"EntryPoint\",\"urlTemplate\":\"https:\/\/deveho.com\/?s={search_term_string}\"},\"query-input\":{\"@type\":\"PropertyValueSpecification\",\"valueRequired\":true,\"valueName\":\"search_term_string\"}}],\"inLanguage\":\"hu\"},{\"@type\":\"Organization\",\"@id\":\"https:\/\/deveho.com\/#organization\",\"name\":\"Deveho Consulting Group\",\"url\":\"https:\/\/deveho.com\/\",\"logo\":{\"@type\":\"ImageObject\",\"inLanguage\":\"hu\",\"@id\":\"https:\/\/deveho.com\/#\/schema\/logo\/image\/\",\"url\":\"https:\/\/deveho.com\/wp-content\/uploads\/2023\/02\/DEVEHO-LOGO-Baseline-COLOR.png\",\"contentUrl\":\"https:\/\/deveho.com\/wp-content\/uploads\/2023\/02\/DEVEHO-LOGO-Baseline-COLOR.png\",\"width\":2251,\"height\":585,\"caption\":\"Deveho Consulting Group\"},\"image\":{\"@id\":\"https:\/\/deveho.com\/#\/schema\/logo\/image\/\"},\"sameAs\":[\"https:\/\/www.facebook.com\/deveho\",\"https:\/\/x.com\/Deveho1\",\"https:\/\/www.linkedin.com\/company\/deveho-consulting\/\"]}]}<\/script>\n<!-- \/ Yoast SEO plugin. -->","yoast_head_json":{"title":"P\u00e9nz\u00fcgyi Vezet\u0151 - Deveho","robots":{"index":"index","follow":"follow","max-snippet":"max-snippet:-1","max-image-preview":"max-image-preview:large","max-video-preview":"max-video-preview:-1"},"canonical":"https:\/\/deveho.com\/hu\/profilok\/penzugyi-vezeto\/","og_locale":"hu_HU","og_type":"article","og_title":"P\u00e9nz\u00fcgyi Vezet\u0151 - Deveho","og_description":"A hat\u00e9kony p\u00e9nz\u00fcgyi ir\u00e1ny\u00edt\u00e1si rendszerek jav\u00edtj\u00e1k az \u00fczleti teljes\u00edtm\u00e9nyt a SAGE X3 v\u00e1laszt\u00e1s\u00e1val.","og_url":"https:\/\/deveho.com\/hu\/profilok\/penzugyi-vezeto\/","og_site_name":"Deveho","article_publisher":"https:\/\/www.facebook.com\/deveho","article_modified_time":"2022-10-28T09:01:41+00:00","twitter_card":"summary_large_image","twitter_site":"@Deveho1","twitter_misc":{"Becs\u00fclt olvas\u00e1si id\u0151":"1 perc"},"schema":{"@context":"https:\/\/schema.org","@graph":[{"@type":"WebPage","@id":"https:\/\/deveho.com\/hu\/profilok\/penzugyi-vezeto\/","url":"https:\/\/deveho.com\/hu\/profilok\/penzugyi-vezeto\/","name":"P\u00e9nz\u00fcgyi Vezet\u0151 - Deveho","isPartOf":{"@id":"https:\/\/deveho.com\/#website"},"datePublished":"2022-02-28T16:19:16+00:00","dateModified":"2022-10-28T09:01:41+00:00","breadcrumb":{"@id":"https:\/\/deveho.com\/hu\/profilok\/penzugyi-vezeto\/#breadcrumb"},"inLanguage":"hu","potentialAction":[{"@type":"ReadAction","target":["https:\/\/deveho.com\/hu\/profilok\/penzugyi-vezeto\/"]}]},{"@type":"BreadcrumbList","@id":"https:\/\/deveho.com\/hu\/profilok\/penzugyi-vezeto\/#breadcrumb","itemListElement":[{"@type":"ListItem","position":1,"name":"Home","item":"https:\/\/deveho.com\/hu\/"},{"@type":"ListItem","position":2,"name":"Profilok","item":"https:\/\/deveho.com\/hu\/profilok\/"},{"@type":"ListItem","position":3,"name":"P\u00e9nz\u00fcgyi Vezet\u0151"}]},{"@type":"WebSite","@id":"https:\/\/deveho.com\/#website","url":"https:\/\/deveho.com\/","name":"Deveho Consulting Group","description":"Let\u2019s boost your growth","publisher":{"@id":"https:\/\/deveho.com\/#organization"},"potentialAction":[{"@type":"SearchAction","target":{"@type":"EntryPoint","urlTemplate":"https:\/\/deveho.com\/?s={search_term_string}"},"query-input":{"@type":"PropertyValueSpecification","valueRequired":true,"valueName":"search_term_string"}}],"inLanguage":"hu"},{"@type":"Organization","@id":"https:\/\/deveho.com\/#organization","name":"Deveho Consulting Group","url":"https:\/\/deveho.com\/","logo":{"@type":"ImageObject","inLanguage":"hu","@id":"https:\/\/deveho.com\/#\/schema\/logo\/image\/","url":"https:\/\/deveho.com\/wp-content\/uploads\/2023\/02\/DEVEHO-LOGO-Baseline-COLOR.png","contentUrl":"https:\/\/deveho.com\/wp-content\/uploads\/2023\/02\/DEVEHO-LOGO-Baseline-COLOR.png","width":2251,"height":585,"caption":"Deveho Consulting Group"},"image":{"@id":"https:\/\/deveho.com\/#\/schema\/logo\/image\/"},"sameAs":["https:\/\/www.facebook.com\/deveho","https:\/\/x.com\/Deveho1","https:\/\/www.linkedin.com\/company\/deveho-consulting\/"]}]}},"_links":{"self":[{"href":"https:\/\/deveho.com\/hu\/wp-json\/wp\/v2\/pages\/9313"}],"collection":[{"href":"https:\/\/deveho.com\/hu\/wp-json\/wp\/v2\/pages"}],"about":[{"href":"https:\/\/deveho.com\/hu\/wp-json\/wp\/v2\/types\/page"}],"author":[{"embeddable":true,"href":"https:\/\/deveho.com\/hu\/wp-json\/wp\/v2\/users\/6"}],"replies":[{"embeddable":true,"href":"https:\/\/deveho.com\/hu\/wp-json\/wp\/v2\/comments?post=9313"}],"version-history":[{"count":0,"href":"https:\/\/deveho.com\/hu\/wp-json\/wp\/v2\/pages\/9313\/revisions"}],"up":[{"embeddable":true,"href":"https:\/\/deveho.com\/hu\/wp-json\/wp\/v2\/pages\/10340"}],"wp:attachment":[{"href":"https:\/\/deveho.com\/hu\/wp-json\/wp\/v2\/media?parent=9313"}],"curies":[{"name":"wp","href":"https:\/\/api.w.org\/{rel}","templated":true}]}}