{"id":9315,"date":"2022-03-01T13:07:22","date_gmt":"2022-03-01T13:07:22","guid":{"rendered":"https:\/\/deveho2.sfdbeta.be\/epitkezes\/"},"modified":"2022-10-28T10:39:20","modified_gmt":"2022-10-28T08:39:20","slug":"epitkezes","status":"publish","type":"page","link":"https:\/\/deveho.com\/hu\/szektorok\/epitkezes\/","title":{"rendered":"\u00c9p\u00edtkez\u00e9s"},"content":{"rendered":"<br \/>\n<h3>Az \u00d6n <b><red>el\u0151nyei<\/b><\/red>   <\/h3>\n<p><p>Teljesk\u00f6r\u0171, intuit\u00edv \u00e9s hat\u00e9kony \u00e9p\u00edt\u00e9sfel\u00fcgyeleti szoftver\u00fcnk t\u00e1mogatja \u00d6nt a mindennapi k\u00fcldet\u00e9sben. Haszn\u00e1lja ki az \u00e9p\u00edt\u0151szoftver el\u0151nyeit az \u00e1raj\u00e1nlatok elk\u00e9sz\u00edt\u00e9s\u00e9hez, a sz\u00e1ml\u00e1k szerkeszt\u00e9s\u00e9hez \u00e9s elk\u00fcld\u00e9s\u00e9hez, valamint a telephelyek kezel\u00e9s\u00e9nek \u00e9s fel\u00fcgyelet\u00e9nek biztos\u00edt\u00e1s\u00e1hoz.<\/p>\n<\/p>\n<p>B\u00e1tor\u00edtsa a projektmenedzsereket, hogy jobb d\u00f6nt\u00e9seket hozzanak a projekt \u00f6sszes kock\u00e1zat\u00e1nak \u00e9s k\u00f6lts\u00e9g\u00e9nek naprak\u00e9sz betekint\u00e9s\u00e9vel<\/p>\n<p>Ossza meg \u00e9s r\u00f6gz\u00edtse a telephely adatait b\u00e1rmely mobileszk\u00f6z\u00f6n az efekt\u00edv kommunik\u00e1ci\u00f3 \u00e9s a jobb egy\u00fcttm\u0171k\u00f6d\u00e9s \u00e9rdek\u00e9ben<\/p>\n<p>Cs\u00f6kkentse kock\u00e1zatait \u00e9s v\u00e9dje meg j\u00f6vedelmez\u0151s\u00e9g\u00e9t a projekttel kapcsolatos probl\u00e9m\u00e1k gyorsabb felismer\u00e9s\u00e9vel<\/p>\n<p>Elemezze az \u00fctemezett k\u00f6lts\u00e9gek elt\u00e9r\u00e9seit a t\u00e9nyleges k\u00f6lts\u00e9gekhez k\u00e9pest b\u00e1rmely szinten az EVM ipar\u00e1g legjobb gyakorlatai \u00e9s a WBS vizualiz\u00e1ci\u00f3k seg\u00edts\u00e9g\u00e9vel<\/p>\n<p>Cs\u00f6kkentse a k\u00e9szletez\u00e9si k\u00f6lts\u00e9geket \u00e9s szab\u00e1lyozza a beszerz\u00e9st az\u00e1ltal, hogy korl\u00e1tozza, mely term\u00e9kek szerezhet\u0151k be az adott \u00e9p\u00edt\u00e9si projekthez<\/p>\n<p>Cs\u00f6kkentse a p\u00e9nz\u00fcgyi kock\u00e1zatokat a cash flow el\u0151rejelz\u00e9s\u00e9vel \u00e9s kezel\u00e9s\u00e9vel t\u00f6bb nemzetk\u00f6zi projekten, ez\u00e1ltal magabiztosabban tehet aj\u00e1nlatokat \u00faj lehet\u0151s\u00e9gekre<\/p>\n<p>Haszn\u00e1ljon egyetlen rendszert t\u00f6bb telephelyen \u00e9s t\u00f6bb \u00fczleti egys\u00e9gen kereszt\u00fcl, bele\u00e9rtve t\u00f6bb orsz\u00e1got \u00e9s valut\u00e1t kezel\u0151 projekteket is<\/p>\n<p>N\u00f6vekedjen magabiztosan egy integr\u00e1lt \u00e9p\u00edt\u00e9sir\u00e1ny\u00edt\u00e1si rendszerrel, amely a leg\u00f6sszetettebb megaprojektekre is alkalmazhat\u00f3<\/p>\n<h2><b>Sage X3<\/b> <b><red>jellemz\u0151i<\/b><\/red> <\/h2>\n<h3><\/h3>\n<p><p>Projekt analitika \u00e9s ipar\u00e1gi teljes\u00edtm\u00e9nymutat\u00f3k<\/p>\n<\/p>\n<h3><\/h3>\n<p><p>Treasury \u00e9s cash flow menedzsment<\/p>\n<\/p>\n<h3><\/h3>\n<p><p>Munkaid\u0151-nyilv\u00e1ntart\u00e1s k\u00f6vet\u00e9se<\/p>\n<\/p>\n<h3><\/h3>\n<p><p>Dokumentum kezel\u00e9s<\/p>\n<\/p>\n<h3><\/h3>\n<p><p>Szerz\u0151d\u00e9sek \u00e9s mell\u00e9kletek kezel\u00e9se<\/p>\n<\/p>\n<h3><\/h3>\n<p><p>K\u00e9szlet- \u00e9s beszerz\u00e9smenedzsment<\/p>\n<\/p>\n<h3><\/h3>\n<p><p>Projekt k\u00f6lts\u00e9gsz\u00e1m\u00edt\u00e1s \u00e9s p\u00e9nz\u00fcgyi menedzsment<\/p>\n<\/p>\n<h3><\/h3>\n<p><p>R\u00e9szletes WBS projekt vizualiz\u00e1ci\u00f3<\/p>\n<\/p>\n<h3><\/h3>\n<p><p>\u00c9p\u00edt\u00e9si projekt menedzsment<\/p>\n<\/p>\n<h3><\/h3>\n<p><p>Integr\u00e1lt becsl\u00e9s \u00e9s aj\u00e1nlatkezel\u00e9s<\/p>\n<\/p>\n<h2><\/h2>\n<h3>Kapcsol\u00f3d\u00f3 oldalak<\/h3><\/p>\n","protected":false},"excerpt":{"rendered":"<p>A Sage X3 egy teljesen modern, mobilis, adatvez\u00e9relt \u00fczleti menedzsment rendszer, amelyet az \u00e9p\u00edt\u0151iparban dolgoz\u00f3 profik \u00e9p\u00edtettek az alapokt\u00f3l kezdve, \u00e9p\u00edt\u0151ipari szakemberek sz\u00e1m\u00e1ra. Vegye \u00e1t az ir\u00e1ny\u00edt\u00e1st m\u00e9g a leg\u00f6sszetettebb \u00e9p\u00edt\u00e9si projektjei felett is, minimaliz\u00e1lja a k\u00f6lts\u00e9gt\u00fall\u00e9p\u00e9seket, \u00e9s v\u00e9dje meg a projekt j\u00f6vedelmez\u0151s\u00e9g\u00e9t a k\u00f6zvetlen\u00fcl a terepen r\u00f6gz\u00edtett, naprak\u00e9sz munkaadatok seg\u00edts\u00e9g\u00e9vel.<\/p>\n","protected":false},"author":3,"featured_media":0,"parent":10342,"menu_order":0,"comment_status":"closed","ping_status":"closed","template":"templates\/template-inner.php","meta":{"_acf_changed":false,"footnotes":""},"class_list":["post-9315","page","type-page","status-publish","hentry"],"acf":[],"yoast_head":"<!-- This site is optimized with the Yoast SEO plugin v23.5 - https:\/\/yoast.com\/wordpress\/plugins\/seo\/ -->\n<title>\u00c9p\u00edtkez\u00e9s - Deveho<\/title>\n<meta name=\"robots\" content=\"index, follow, max-snippet:-1, max-image-preview:large, max-video-preview:-1\" \/>\n<link rel=\"canonical\" href=\"https:\/\/deveho.com\/hu\/szektorok\/epitkezes\/\" \/>\n<meta property=\"og:locale\" content=\"hu_HU\" \/>\n<meta property=\"og:type\" content=\"article\" \/>\n<meta property=\"og:title\" content=\"\u00c9p\u00edtkez\u00e9s - Deveho\" \/>\n<meta property=\"og:description\" content=\"A Sage X3 egy teljesen modern, mobilis, adatvez\u00e9relt \u00fczleti menedzsment rendszer, amelyet az \u00e9p\u00edt\u0151iparban dolgoz\u00f3 profik \u00e9p\u00edtettek az alapokt\u00f3l kezdve, \u00e9p\u00edt\u0151ipari szakemberek sz\u00e1m\u00e1ra. Vegye \u00e1t az ir\u00e1ny\u00edt\u00e1st m\u00e9g a leg\u00f6sszetettebb \u00e9p\u00edt\u00e9si projektjei felett is, minimaliz\u00e1lja a k\u00f6lts\u00e9gt\u00fall\u00e9p\u00e9seket, \u00e9s v\u00e9dje meg a projekt j\u00f6vedelmez\u0151s\u00e9g\u00e9t a k\u00f6zvetlen\u00fcl a terepen r\u00f6gz\u00edtett, naprak\u00e9sz munkaadatok seg\u00edts\u00e9g\u00e9vel.\" \/>\n<meta property=\"og:url\" content=\"https:\/\/deveho.com\/hu\/szektorok\/epitkezes\/\" \/>\n<meta property=\"og:site_name\" content=\"Deveho\" \/>\n<meta property=\"article:publisher\" content=\"https:\/\/www.facebook.com\/deveho\" \/>\n<meta property=\"article:modified_time\" content=\"2022-10-28T08:39:20+00:00\" \/>\n<meta name=\"twitter:card\" content=\"summary_large_image\" \/>\n<meta name=\"twitter:site\" content=\"@Deveho1\" \/>\n<meta name=\"twitter:label1\" content=\"Becs\u00fclt olvas\u00e1si id\u0151\" \/>\n\t<meta name=\"twitter:data1\" content=\"2 perc\" \/>\n<script type=\"application\/ld+json\" class=\"yoast-schema-graph\">{\"@context\":\"https:\/\/schema.org\",\"@graph\":[{\"@type\":\"WebPage\",\"@id\":\"https:\/\/deveho.com\/hu\/szektorok\/epitkezes\/\",\"url\":\"https:\/\/deveho.com\/hu\/szektorok\/epitkezes\/\",\"name\":\"\u00c9p\u00edtkez\u00e9s - Deveho\",\"isPartOf\":{\"@id\":\"https:\/\/deveho.com\/#website\"},\"datePublished\":\"2022-03-01T13:07:22+00:00\",\"dateModified\":\"2022-10-28T08:39:20+00:00\",\"breadcrumb\":{\"@id\":\"https:\/\/deveho.com\/hu\/szektorok\/epitkezes\/#breadcrumb\"},\"inLanguage\":\"hu\",\"potentialAction\":[{\"@type\":\"ReadAction\",\"target\":[\"https:\/\/deveho.com\/hu\/szektorok\/epitkezes\/\"]}]},{\"@type\":\"BreadcrumbList\",\"@id\":\"https:\/\/deveho.com\/hu\/szektorok\/epitkezes\/#breadcrumb\",\"itemListElement\":[{\"@type\":\"ListItem\",\"position\":1,\"name\":\"Home\",\"item\":\"https:\/\/deveho.com\/hu\/\"},{\"@type\":\"ListItem\",\"position\":2,\"name\":\"Szektorok\",\"item\":\"https:\/\/deveho.com\/hu\/szektorok\/\"},{\"@type\":\"ListItem\",\"position\":3,\"name\":\"\u00c9p\u00edtkez\u00e9s\"}]},{\"@type\":\"WebSite\",\"@id\":\"https:\/\/deveho.com\/#website\",\"url\":\"https:\/\/deveho.com\/\",\"name\":\"Deveho Consulting Group\",\"description\":\"Let\u2019s boost your growth\",\"publisher\":{\"@id\":\"https:\/\/deveho.com\/#organization\"},\"potentialAction\":[{\"@type\":\"SearchAction\",\"target\":{\"@type\":\"EntryPoint\",\"urlTemplate\":\"https:\/\/deveho.com\/?s={search_term_string}\"},\"query-input\":{\"@type\":\"PropertyValueSpecification\",\"valueRequired\":true,\"valueName\":\"search_term_string\"}}],\"inLanguage\":\"hu\"},{\"@type\":\"Organization\",\"@id\":\"https:\/\/deveho.com\/#organization\",\"name\":\"Deveho Consulting Group\",\"url\":\"https:\/\/deveho.com\/\",\"logo\":{\"@type\":\"ImageObject\",\"inLanguage\":\"hu\",\"@id\":\"https:\/\/deveho.com\/#\/schema\/logo\/image\/\",\"url\":\"https:\/\/deveho.com\/wp-content\/uploads\/2023\/02\/DEVEHO-LOGO-Baseline-COLOR.png\",\"contentUrl\":\"https:\/\/deveho.com\/wp-content\/uploads\/2023\/02\/DEVEHO-LOGO-Baseline-COLOR.png\",\"width\":2251,\"height\":585,\"caption\":\"Deveho Consulting Group\"},\"image\":{\"@id\":\"https:\/\/deveho.com\/#\/schema\/logo\/image\/\"},\"sameAs\":[\"https:\/\/www.facebook.com\/deveho\",\"https:\/\/x.com\/Deveho1\",\"https:\/\/www.linkedin.com\/company\/deveho-consulting\/\"]}]}<\/script>\n<!-- \/ Yoast SEO plugin. -->","yoast_head_json":{"title":"\u00c9p\u00edtkez\u00e9s - Deveho","robots":{"index":"index","follow":"follow","max-snippet":"max-snippet:-1","max-image-preview":"max-image-preview:large","max-video-preview":"max-video-preview:-1"},"canonical":"https:\/\/deveho.com\/hu\/szektorok\/epitkezes\/","og_locale":"hu_HU","og_type":"article","og_title":"\u00c9p\u00edtkez\u00e9s - Deveho","og_description":"A Sage X3 egy teljesen modern, mobilis, adatvez\u00e9relt \u00fczleti menedzsment rendszer, amelyet az \u00e9p\u00edt\u0151iparban dolgoz\u00f3 profik \u00e9p\u00edtettek az alapokt\u00f3l kezdve, \u00e9p\u00edt\u0151ipari szakemberek sz\u00e1m\u00e1ra. Vegye \u00e1t az ir\u00e1ny\u00edt\u00e1st m\u00e9g a leg\u00f6sszetettebb \u00e9p\u00edt\u00e9si projektjei felett is, minimaliz\u00e1lja a k\u00f6lts\u00e9gt\u00fall\u00e9p\u00e9seket, \u00e9s v\u00e9dje meg a projekt j\u00f6vedelmez\u0151s\u00e9g\u00e9t a k\u00f6zvetlen\u00fcl a terepen r\u00f6gz\u00edtett, naprak\u00e9sz munkaadatok seg\u00edts\u00e9g\u00e9vel.","og_url":"https:\/\/deveho.com\/hu\/szektorok\/epitkezes\/","og_site_name":"Deveho","article_publisher":"https:\/\/www.facebook.com\/deveho","article_modified_time":"2022-10-28T08:39:20+00:00","twitter_card":"summary_large_image","twitter_site":"@Deveho1","twitter_misc":{"Becs\u00fclt olvas\u00e1si id\u0151":"2 perc"},"schema":{"@context":"https:\/\/schema.org","@graph":[{"@type":"WebPage","@id":"https:\/\/deveho.com\/hu\/szektorok\/epitkezes\/","url":"https:\/\/deveho.com\/hu\/szektorok\/epitkezes\/","name":"\u00c9p\u00edtkez\u00e9s - Deveho","isPartOf":{"@id":"https:\/\/deveho.com\/#website"},"datePublished":"2022-03-01T13:07:22+00:00","dateModified":"2022-10-28T08:39:20+00:00","breadcrumb":{"@id":"https:\/\/deveho.com\/hu\/szektorok\/epitkezes\/#breadcrumb"},"inLanguage":"hu","potentialAction":[{"@type":"ReadAction","target":["https:\/\/deveho.com\/hu\/szektorok\/epitkezes\/"]}]},{"@type":"BreadcrumbList","@id":"https:\/\/deveho.com\/hu\/szektorok\/epitkezes\/#breadcrumb","itemListElement":[{"@type":"ListItem","position":1,"name":"Home","item":"https:\/\/deveho.com\/hu\/"},{"@type":"ListItem","position":2,"name":"Szektorok","item":"https:\/\/deveho.com\/hu\/szektorok\/"},{"@type":"ListItem","position":3,"name":"\u00c9p\u00edtkez\u00e9s"}]},{"@type":"WebSite","@id":"https:\/\/deveho.com\/#website","url":"https:\/\/deveho.com\/","name":"Deveho Consulting Group","description":"Let\u2019s boost your growth","publisher":{"@id":"https:\/\/deveho.com\/#organization"},"potentialAction":[{"@type":"SearchAction","target":{"@type":"EntryPoint","urlTemplate":"https:\/\/deveho.com\/?s={search_term_string}"},"query-input":{"@type":"PropertyValueSpecification","valueRequired":true,"valueName":"search_term_string"}}],"inLanguage":"hu"},{"@type":"Organization","@id":"https:\/\/deveho.com\/#organization","name":"Deveho Consulting Group","url":"https:\/\/deveho.com\/","logo":{"@type":"ImageObject","inLanguage":"hu","@id":"https:\/\/deveho.com\/#\/schema\/logo\/image\/","url":"https:\/\/deveho.com\/wp-content\/uploads\/2023\/02\/DEVEHO-LOGO-Baseline-COLOR.png","contentUrl":"https:\/\/deveho.com\/wp-content\/uploads\/2023\/02\/DEVEHO-LOGO-Baseline-COLOR.png","width":2251,"height":585,"caption":"Deveho Consulting Group"},"image":{"@id":"https:\/\/deveho.com\/#\/schema\/logo\/image\/"},"sameAs":["https:\/\/www.facebook.com\/deveho","https:\/\/x.com\/Deveho1","https:\/\/www.linkedin.com\/company\/deveho-consulting\/"]}]}},"_links":{"self":[{"href":"https:\/\/deveho.com\/hu\/wp-json\/wp\/v2\/pages\/9315"}],"collection":[{"href":"https:\/\/deveho.com\/hu\/wp-json\/wp\/v2\/pages"}],"about":[{"href":"https:\/\/deveho.com\/hu\/wp-json\/wp\/v2\/types\/page"}],"author":[{"embeddable":true,"href":"https:\/\/deveho.com\/hu\/wp-json\/wp\/v2\/users\/3"}],"replies":[{"embeddable":true,"href":"https:\/\/deveho.com\/hu\/wp-json\/wp\/v2\/comments?post=9315"}],"version-history":[{"count":0,"href":"https:\/\/deveho.com\/hu\/wp-json\/wp\/v2\/pages\/9315\/revisions"}],"up":[{"embeddable":true,"href":"https:\/\/deveho.com\/hu\/wp-json\/wp\/v2\/pages\/10342"}],"wp:attachment":[{"href":"https:\/\/deveho.com\/hu\/wp-json\/wp\/v2\/media?parent=9315"}],"curies":[{"name":"wp","href":"https:\/\/api.w.org\/{rel}","templated":true}]}}