{"id":9316,"date":"2022-03-01T13:27:51","date_gmt":"2022-03-01T13:27:51","guid":{"rendered":"https:\/\/deveho2.sfdbeta.be\/logisztika\/"},"modified":"2023-01-05T16:56:01","modified_gmt":"2023-01-05T14:56:01","slug":"logisztika","status":"publish","type":"page","link":"https:\/\/deveho.com\/hu\/szektorok\/logisztika\/","title":{"rendered":"Logisztika"},"content":{"rendered":"<br \/>\n<h2>Sage X3 \u00e9s Logisztika<\/h2>\n<p>Disztrib\u00faci\u00f3s \u00fczlet\u00e9nek kor\u00e1bban val\u00f3sz\u00edn\u0171leg t\u00f6bb rendszerre is sz\u00fcks\u00e9ge volt p\u00e1rhuzamosan. Tekintse meg, hogyan alak\u00edthatja \u00e1t disztrib\u00faci\u00f3ja nyomon k\u00f6vethet\u0151s\u00e9g\u00e9t \u00e9s kisz\u00e1ll\u00edt\u00e1sai hat\u00e9konys\u00e1g\u00e1t egyetlen rendszer, a Sage X3 seg\u00edts\u00e9g\u00e9vel. <\/p>\n<\/p>\n<h2><\/h2>\n<h3><\/h3>\n<h3>A beszerz\u00e9st\u0151l \u00e9s rakt\u00e1roz\u00e1st\u00f3l az \u00e9rt\u00e9kes\u00edt\u00e9sig \u00e9s p\u00e9nz\u00fcgyekig a Sage X3 olyan \u00e1tl\u00e1that\u00f3s\u00e1got \u00e9s ir\u00e1ny\u00edt\u00e1st biztos\u00edt, amelyre sz\u00fcks\u00e9ge van egy sikeres \u00fczlet hat\u00e9konyabb m\u0171k\u00f6dtet\u00e9s\u00e9hez itthon \u00e9s k\u00fclf\u00f6ld\u00f6n egyar\u00e1nt. Becs\u00fclje meg pontosan a k\u00f6lts\u00e9geket \u00e9s a bev\u00e9telt, mik\u00f6zben jav\u00edtja \u00e9rt\u00e9kes\u00edt\u00e9si csapat\u00e1nak mobilit\u00e1s\u00e1t.<\/h3>\n<\/p>\n<h2><b>A Sage X3<\/b> <b><red>jellemz\u0151i<\/b><\/red><\/h2>\n<h3><\/h3>\n<p><p>Teljesen integr\u00e1lt logisztikai funkci\u00f3k<\/p>\n<\/p>\n<h3><\/h3>\n<p><p>Glob\u00e1lis beszerz\u00e9s, import \u00e9s export, valamint k\u00e9szletkezel\u00e9s<\/p>\n<\/p>\n<h3><\/h3>\n<p><p>A besz\u00e1ll\u00edt\u00f3kkal folytatott \u00fcgyletek k\u00f6vethet\u0151s\u00e9ge a min\u0151s\u00e9g \u00e9s a megfelel\u0151s\u00e9g biztos\u00edt\u00e1sa \u00e9rdek\u00e9ben<\/p>\n<\/p>\n<h3><\/h3>\n<p><p>A k\u00e9szletek val\u00f3s idej\u0171 nyomonk\u00f6vet\u00e9se \u00e9s optimaliz\u00e1l\u00e1sa<\/p>\n<\/p>\n<h3><\/h3>\n<p><p>Nat\u00edv mobilalkalmaz\u00e1sok \u00e9rt\u00e9kes\u00edt\u00e9shez \u00e9s beszerz\u00e9shez<\/p>\n<\/p>\n<h3>Az \u00d6n <b><red>el\u0151nyei<\/b><\/red>   <\/h3>\n<p><p>Most m\u00e1r jobb betekint\u00e9st nyerhet a k\u00f6lts\u00e9gekbe \u00e9s az \u00e1rr\u00e9sbe, mik\u00f6zben lehet\u0151v\u00e9 teszi a mobil \u00e9rt\u00e9kes\u00edt\u00e9st. Lehetetlen egyszer\u0171s\u00edteni a m\u0171veleteket, ha az ERP, a CRM \u00e9s az ell\u00e1t\u00e1si l\u00e1nc folyamatai nincsenek \u00f6sszek\u00f6ttet\u00e9sben.<\/p>\n<p>&#8211; Kiskereskedelem<br \/>\n&#8211; Sz\u00e1ll\u00edt\u00e1s \u00e9s logisztika<br \/>\n&#8211; Nagykereskedelem<br \/>\n&#8211; Alkatr\u00e9szgy\u00e1rt\u00e1s<\/p>\n<\/p>\n<p>Optimaliz\u00e1lja logisztikai folyamatait<\/p>\n<p>Feleljen meg \u00fcgyfelei ig\u00e9nyeinek<\/p>\n<p>Cs\u00f6kkentse k\u00f6lts\u00e9geit \u00e9s az \u00e1tfut\u00e1si id\u0151t<\/p>\n<p>Jav\u00edtsa term\u00e9kei j\u00f6vedelmez\u0151s\u00e9g\u00e9t<\/p>\n<p>Egyszer\u0171s\u00edtse logisztikai l\u00e1nc\u00e1t<\/p>\n<p>N\u00f6velje \u00fcgyfelei el\u00e9gedetts\u00e9g\u00e9t<\/p>\n<p>N\u00f6velje \u00e9rt\u00e9kes\u00edt\u00e9seit<\/p>\n<p>N\u00f6velje \u00fcgyfelei lojalit\u00e1s\u00e1t<\/p>\n<p>Adjon hozz\u00e1adott \u00e9rt\u00e9ket az egy\u00fcttm\u0171k\u00f6d\u00e9s sor\u00e1n<\/p>\n<p>K\u00f6nny\u00edtse meg a d\u00f6nt\u00e9shozatalt<\/p>\n<h2><\/h2>\n<h3>Kapcsol\u00f3d\u00f3 Oldalak<\/h3>\n<\/p>\n<h3><\/h3>\n<\/p>\n<h3><\/h3><\/p>\n","protected":false},"excerpt":{"rendered":"<p>A beszerz\u00e9st\u0151l a rakt\u00e1roz\u00e1son \u00e1t az \u00e9rt\u00e9kes\u00edt\u00e9sig \u00e9s p\u00e9nz\u00fcgyekig a Sage X3 biztos\u00edtja azt az \u00e1tl\u00e1that\u00f3s\u00e1got \u00e9s ir\u00e1ny\u00edt\u00e1st, amelyre sz\u00fcks\u00e9ge van a v\u00e1llalkoz\u00e1sa hat\u00e9konyabb ir\u00e1ny\u00edt\u00e1s\u00e1hoz ak\u00e1r belf\u00f6ld\u00f6n, ak\u00e1r k\u00fclf\u00f6ld\u00f6n egyar\u00e1nt. <\/p>\n","protected":false},"author":6,"featured_media":0,"parent":10342,"menu_order":0,"comment_status":"closed","ping_status":"closed","template":"templates\/template-inner.php","meta":{"_acf_changed":false,"footnotes":""},"class_list":["post-9316","page","type-page","status-publish","hentry"],"acf":[],"yoast_head":"<!-- This site is optimized with the Yoast SEO plugin v23.5 - https:\/\/yoast.com\/wordpress\/plugins\/seo\/ -->\n<title>Logisztika - Deveho<\/title>\n<meta name=\"robots\" content=\"index, follow, max-snippet:-1, max-image-preview:large, max-video-preview:-1\" \/>\n<link rel=\"canonical\" href=\"https:\/\/deveho.com\/sectors\/distribution\/\" \/>\n<meta property=\"og:locale\" content=\"hu_HU\" \/>\n<meta property=\"og:type\" content=\"article\" \/>\n<meta property=\"og:title\" content=\"Logisztika - Deveho\" \/>\n<meta property=\"og:description\" content=\"A beszerz\u00e9st\u0151l a rakt\u00e1roz\u00e1son \u00e1t az \u00e9rt\u00e9kes\u00edt\u00e9sig \u00e9s p\u00e9nz\u00fcgyekig a Sage X3 biztos\u00edtja azt az \u00e1tl\u00e1that\u00f3s\u00e1got \u00e9s ir\u00e1ny\u00edt\u00e1st, amelyre sz\u00fcks\u00e9ge van a v\u00e1llalkoz\u00e1sa hat\u00e9konyabb ir\u00e1ny\u00edt\u00e1s\u00e1hoz ak\u00e1r belf\u00f6ld\u00f6n, ak\u00e1r k\u00fclf\u00f6ld\u00f6n egyar\u00e1nt.\" \/>\n<meta property=\"og:url\" content=\"https:\/\/deveho.com\/sectors\/distribution\/\" \/>\n<meta property=\"og:site_name\" content=\"Deveho\" \/>\n<meta property=\"article:publisher\" content=\"https:\/\/www.facebook.com\/deveho\" \/>\n<meta property=\"article:modified_time\" content=\"2023-01-05T14:56:01+00:00\" \/>\n<meta name=\"twitter:card\" content=\"summary_large_image\" \/>\n<meta name=\"twitter:site\" content=\"@Deveho1\" \/>\n<meta name=\"twitter:label1\" content=\"Becs\u00fclt olvas\u00e1si id\u0151\" \/>\n\t<meta name=\"twitter:data1\" content=\"2 perc\" \/>\n<script type=\"application\/ld+json\" class=\"yoast-schema-graph\">{\"@context\":\"https:\/\/schema.org\",\"@graph\":[{\"@type\":\"WebPage\",\"@id\":\"https:\/\/deveho.com\/sectors\/distribution\/\",\"url\":\"https:\/\/deveho.com\/sectors\/distribution\/\",\"name\":\"Logisztika - Deveho\",\"isPartOf\":{\"@id\":\"https:\/\/deveho.com\/#website\"},\"datePublished\":\"2022-03-01T13:27:51+00:00\",\"dateModified\":\"2023-01-05T14:56:01+00:00\",\"breadcrumb\":{\"@id\":\"https:\/\/deveho.com\/sectors\/distribution\/#breadcrumb\"},\"inLanguage\":\"hu\",\"potentialAction\":[{\"@type\":\"ReadAction\",\"target\":[\"https:\/\/deveho.com\/sectors\/distribution\/\"]}]},{\"@type\":\"BreadcrumbList\",\"@id\":\"https:\/\/deveho.com\/sectors\/distribution\/#breadcrumb\",\"itemListElement\":[{\"@type\":\"ListItem\",\"position\":1,\"name\":\"Home\",\"item\":\"https:\/\/deveho.com\/hu\/\"},{\"@type\":\"ListItem\",\"position\":2,\"name\":\"Szektorok\",\"item\":\"https:\/\/deveho.com\/hu\/szektorok\/\"},{\"@type\":\"ListItem\",\"position\":3,\"name\":\"Logisztika\"}]},{\"@type\":\"WebSite\",\"@id\":\"https:\/\/deveho.com\/#website\",\"url\":\"https:\/\/deveho.com\/\",\"name\":\"Deveho Consulting Group\",\"description\":\"Let\u2019s boost your growth\",\"publisher\":{\"@id\":\"https:\/\/deveho.com\/#organization\"},\"potentialAction\":[{\"@type\":\"SearchAction\",\"target\":{\"@type\":\"EntryPoint\",\"urlTemplate\":\"https:\/\/deveho.com\/?s={search_term_string}\"},\"query-input\":{\"@type\":\"PropertyValueSpecification\",\"valueRequired\":true,\"valueName\":\"search_term_string\"}}],\"inLanguage\":\"hu\"},{\"@type\":\"Organization\",\"@id\":\"https:\/\/deveho.com\/#organization\",\"name\":\"Deveho Consulting Group\",\"url\":\"https:\/\/deveho.com\/\",\"logo\":{\"@type\":\"ImageObject\",\"inLanguage\":\"hu\",\"@id\":\"https:\/\/deveho.com\/#\/schema\/logo\/image\/\",\"url\":\"https:\/\/deveho.com\/wp-content\/uploads\/2023\/02\/DEVEHO-LOGO-Baseline-COLOR.png\",\"contentUrl\":\"https:\/\/deveho.com\/wp-content\/uploads\/2023\/02\/DEVEHO-LOGO-Baseline-COLOR.png\",\"width\":2251,\"height\":585,\"caption\":\"Deveho Consulting Group\"},\"image\":{\"@id\":\"https:\/\/deveho.com\/#\/schema\/logo\/image\/\"},\"sameAs\":[\"https:\/\/www.facebook.com\/deveho\",\"https:\/\/x.com\/Deveho1\",\"https:\/\/www.linkedin.com\/company\/deveho-consulting\/\"]}]}<\/script>\n<!-- \/ Yoast SEO plugin. -->","yoast_head_json":{"title":"Logisztika - Deveho","robots":{"index":"index","follow":"follow","max-snippet":"max-snippet:-1","max-image-preview":"max-image-preview:large","max-video-preview":"max-video-preview:-1"},"canonical":"https:\/\/deveho.com\/sectors\/distribution\/","og_locale":"hu_HU","og_type":"article","og_title":"Logisztika - Deveho","og_description":"A beszerz\u00e9st\u0151l a rakt\u00e1roz\u00e1son \u00e1t az \u00e9rt\u00e9kes\u00edt\u00e9sig \u00e9s p\u00e9nz\u00fcgyekig a Sage X3 biztos\u00edtja azt az \u00e1tl\u00e1that\u00f3s\u00e1got \u00e9s ir\u00e1ny\u00edt\u00e1st, amelyre sz\u00fcks\u00e9ge van a v\u00e1llalkoz\u00e1sa hat\u00e9konyabb ir\u00e1ny\u00edt\u00e1s\u00e1hoz ak\u00e1r belf\u00f6ld\u00f6n, ak\u00e1r k\u00fclf\u00f6ld\u00f6n egyar\u00e1nt.","og_url":"https:\/\/deveho.com\/sectors\/distribution\/","og_site_name":"Deveho","article_publisher":"https:\/\/www.facebook.com\/deveho","article_modified_time":"2023-01-05T14:56:01+00:00","twitter_card":"summary_large_image","twitter_site":"@Deveho1","twitter_misc":{"Becs\u00fclt olvas\u00e1si id\u0151":"2 perc"},"schema":{"@context":"https:\/\/schema.org","@graph":[{"@type":"WebPage","@id":"https:\/\/deveho.com\/sectors\/distribution\/","url":"https:\/\/deveho.com\/sectors\/distribution\/","name":"Logisztika - Deveho","isPartOf":{"@id":"https:\/\/deveho.com\/#website"},"datePublished":"2022-03-01T13:27:51+00:00","dateModified":"2023-01-05T14:56:01+00:00","breadcrumb":{"@id":"https:\/\/deveho.com\/sectors\/distribution\/#breadcrumb"},"inLanguage":"hu","potentialAction":[{"@type":"ReadAction","target":["https:\/\/deveho.com\/sectors\/distribution\/"]}]},{"@type":"BreadcrumbList","@id":"https:\/\/deveho.com\/sectors\/distribution\/#breadcrumb","itemListElement":[{"@type":"ListItem","position":1,"name":"Home","item":"https:\/\/deveho.com\/hu\/"},{"@type":"ListItem","position":2,"name":"Szektorok","item":"https:\/\/deveho.com\/hu\/szektorok\/"},{"@type":"ListItem","position":3,"name":"Logisztika"}]},{"@type":"WebSite","@id":"https:\/\/deveho.com\/#website","url":"https:\/\/deveho.com\/","name":"Deveho Consulting Group","description":"Let\u2019s boost your growth","publisher":{"@id":"https:\/\/deveho.com\/#organization"},"potentialAction":[{"@type":"SearchAction","target":{"@type":"EntryPoint","urlTemplate":"https:\/\/deveho.com\/?s={search_term_string}"},"query-input":{"@type":"PropertyValueSpecification","valueRequired":true,"valueName":"search_term_string"}}],"inLanguage":"hu"},{"@type":"Organization","@id":"https:\/\/deveho.com\/#organization","name":"Deveho Consulting Group","url":"https:\/\/deveho.com\/","logo":{"@type":"ImageObject","inLanguage":"hu","@id":"https:\/\/deveho.com\/#\/schema\/logo\/image\/","url":"https:\/\/deveho.com\/wp-content\/uploads\/2023\/02\/DEVEHO-LOGO-Baseline-COLOR.png","contentUrl":"https:\/\/deveho.com\/wp-content\/uploads\/2023\/02\/DEVEHO-LOGO-Baseline-COLOR.png","width":2251,"height":585,"caption":"Deveho Consulting Group"},"image":{"@id":"https:\/\/deveho.com\/#\/schema\/logo\/image\/"},"sameAs":["https:\/\/www.facebook.com\/deveho","https:\/\/x.com\/Deveho1","https:\/\/www.linkedin.com\/company\/deveho-consulting\/"]}]}},"_links":{"self":[{"href":"https:\/\/deveho.com\/hu\/wp-json\/wp\/v2\/pages\/9316"}],"collection":[{"href":"https:\/\/deveho.com\/hu\/wp-json\/wp\/v2\/pages"}],"about":[{"href":"https:\/\/deveho.com\/hu\/wp-json\/wp\/v2\/types\/page"}],"author":[{"embeddable":true,"href":"https:\/\/deveho.com\/hu\/wp-json\/wp\/v2\/users\/6"}],"replies":[{"embeddable":true,"href":"https:\/\/deveho.com\/hu\/wp-json\/wp\/v2\/comments?post=9316"}],"version-history":[{"count":0,"href":"https:\/\/deveho.com\/hu\/wp-json\/wp\/v2\/pages\/9316\/revisions"}],"up":[{"embeddable":true,"href":"https:\/\/deveho.com\/hu\/wp-json\/wp\/v2\/pages\/10342"}],"wp:attachment":[{"href":"https:\/\/deveho.com\/hu\/wp-json\/wp\/v2\/media?parent=9316"}],"curies":[{"name":"wp","href":"https:\/\/api.w.org\/{rel}","templated":true}]}}