{"id":9317,"date":"2022-03-01T13:47:46","date_gmt":"2022-03-01T13:47:46","guid":{"rendered":"https:\/\/deveho2.sfdbeta.be\/raktar-es-logisztikai-menedzserek\/"},"modified":"2022-10-28T13:33:04","modified_gmt":"2022-10-28T11:33:04","slug":"raktar-es-logisztikai-menedzserek","status":"publish","type":"page","link":"https:\/\/deveho.com\/hu\/profilok\/raktar-es-logisztikai-menedzserek\/","title":{"rendered":"Rakt\u00e1r- \u00e9s logisztikai menedzserek"},"content":{"rendered":"<br \/>\n<h3><red><b>Rakt\u00e1r- \u00e9s logisztikai menedzser<\/red> <\/b> el\u0151nyei<\/h3>\n<p><p>A rakt\u00e1rkezel\u00e9s egy vezet\u00e9k n\u00e9lk\u00fcli rakt\u00e1rfel\u00fcgyeleti megold\u00e1s, amely strapab\u00edr\u00f3 k\u00e9zi szkennerekkel \u00e9s dedik\u00e1lt k\u00e9perny\u0151kkel csatlakozik \u00e9s a rakt\u00e1ri szem\u00e9lyzetet sz\u00e9lesk\u00f6r\u0171 k\u00e9pess\u00e9gekkel ruh\u00e1zza fel az \u00f6sszes alapvet\u0151 rakt\u00e1rm\u0171velet sor\u00e1n; a rakt\u00e1rr\u00f3l t\u00f6rt\u00e9n\u0151 lek\u00e9rdez\u00e9st\u0151l a komissi\u00f3z\u00e1sig, \u00e1tv\u00e9telig, kioszt\u00e1sig, lelt\u00e1roz\u00e1sig, \u00e1tutal\u00e1sokig, munkamegrendel\u00e9sekkel kapcsolatos k\u00e9rd\u00e9sekig \u00e9s m\u00e9g sok minden m\u00e1sig. <\/p>\n<\/p>\n<p>N\u00f6velje 25%-kal a rakt\u00e1rhelymeghat\u00e1roz\u00e1s pontoss\u00e1g\u00e1t az automatikusan t\u00f6rt\u00e9n\u0151 mennyis\u00e9gek \u00e9s elhelyez\u00e9sek r\u00f6gz\u00edt\u00e9s\u00e9vel<\/p>\n<p>N\u00f6velje a k\u00e9szlet pontoss\u00e1g\u00e1t 99%-ra a rakt\u00e1rmozg\u00e1sok precizit\u00e1s\u00e1nak k\u00f6sz\u00f6nhet\u0151en<\/p>\n<p>N\u00f6velje a komissi\u00f3z\u00e1si sebess\u00e9get 25%-kal, mik\u00f6zben minimaliz\u00e1lja a hib\u00e1kat \u00e9s n\u00f6veli az egyes komissi\u00f3z\u00f3k teljes\u00edtm\u00e9ny\u00e9t<\/p>\n<p>\u00c9rjen el 75%-os lelt\u00e1roz\u00e1si hat\u00e9konys\u00e1g-n\u00f6veked\u00e9st, ahol a szkennel\u0151 eszk\u00f6z\u00f6k r\u00e1vezetik a felhaszn\u00e1l\u00f3kat a k\u00e9szletek eredeti elhelyez\u00e9s\u00e9re \u00e9s egy\u00e9b inform\u00e1ci\u00f3kra a lelt\u00e1rellen\u0151rz\u00e9s sor\u00e1n.<\/p>\n<p>T\u00e1mogassa rakt\u00e1ri alkalmazottait, mik\u00f6zben fenntartja a Sage X3 ellen\u0151rz\u00e9st<\/p>\n<p>N\u00f6velje hat\u00e9konys\u00e1g\u00e1t az ism\u00e9tl\u0151d\u0151 \u00e9s k\u00e9zi adatbevitel megsz\u00fcntet\u00e9s\u00e9vel<\/p>\n<p>Jav\u00edtsa az \u00fcgyf\u00e9lszolg\u00e1ltat\u00e1st megb\u00edzhat\u00f3 rendel\u00e9si pontoss\u00e1g \u00e9s a val\u00f3s idej\u0171 rakt\u00e1rk\u00e9szlet r\u00e9v\u00e9n<\/p>\n<h2><\/h2>\n<h3>Kapcsol\u00f3d\u00f3 oldalak<\/h3><\/p>\n","protected":false},"excerpt":{"rendered":"<p>Rakt\u00e1r- \u00e9s logisztikai menedzser el\u0151nyei A rakt\u00e1rkezel\u00e9s egy vezet\u00e9k n\u00e9lk\u00fcli rakt\u00e1rfel\u00fcgyeleti megold\u00e1s, amely strapab\u00edr\u00f3 k\u00e9zi szkennerekkel \u00e9s dedik\u00e1lt k\u00e9perny\u0151kkel csatlakozik \u00e9s a rakt\u00e1ri szem\u00e9lyzetet sz\u00e9lesk\u00f6r\u0171 k\u00e9pess\u00e9gekkel ruh\u00e1zza fel az \u00f6sszes alapvet\u0151 rakt\u00e1rm\u0171velet sor\u00e1n; a rakt\u00e1rr\u00f3l t\u00f6rt\u00e9n\u0151 lek\u00e9rdez\u00e9st\u0151l a komissi\u00f3z\u00e1sig, \u00e1tv\u00e9telig, kioszt\u00e1sig, lelt\u00e1roz\u00e1sig, \u00e1tutal\u00e1sokig, munkamegrendel\u00e9sekkel kapcsolatos k\u00e9rd\u00e9sekig \u00e9s m\u00e9g sok minden m\u00e1sig. N\u00f6velje 25%-kal a rakt\u00e1rhelymeghat\u00e1roz\u00e1s [&hellip;]<\/p>\n","protected":false},"author":6,"featured_media":0,"parent":10340,"menu_order":0,"comment_status":"closed","ping_status":"closed","template":"templates\/template-inner.php","meta":{"_acf_changed":false,"footnotes":""},"class_list":["post-9317","page","type-page","status-publish","hentry"],"acf":[],"yoast_head":"<!-- This site is optimized with the Yoast SEO plugin v23.5 - https:\/\/yoast.com\/wordpress\/plugins\/seo\/ -->\n<title>Rakt\u00e1r- \u00e9s logisztikai menedzserek - Deveho<\/title>\n<meta name=\"robots\" content=\"index, follow, max-snippet:-1, max-image-preview:large, max-video-preview:-1\" \/>\n<link rel=\"canonical\" href=\"https:\/\/deveho.com\/hu\/profilok\/raktar-es-logisztikai-menedzserek\/\" \/>\n<meta property=\"og:locale\" content=\"hu_HU\" \/>\n<meta property=\"og:type\" content=\"article\" \/>\n<meta property=\"og:title\" content=\"Rakt\u00e1r- \u00e9s logisztikai menedzserek - Deveho\" \/>\n<meta property=\"og:description\" content=\"Rakt\u00e1r- \u00e9s logisztikai menedzser el\u0151nyei A rakt\u00e1rkezel\u00e9s egy vezet\u00e9k n\u00e9lk\u00fcli rakt\u00e1rfel\u00fcgyeleti megold\u00e1s, amely strapab\u00edr\u00f3 k\u00e9zi szkennerekkel \u00e9s dedik\u00e1lt k\u00e9perny\u0151kkel csatlakozik \u00e9s a rakt\u00e1ri szem\u00e9lyzetet sz\u00e9lesk\u00f6r\u0171 k\u00e9pess\u00e9gekkel ruh\u00e1zza fel az \u00f6sszes alapvet\u0151 rakt\u00e1rm\u0171velet sor\u00e1n; a rakt\u00e1rr\u00f3l t\u00f6rt\u00e9n\u0151 lek\u00e9rdez\u00e9st\u0151l a komissi\u00f3z\u00e1sig, \u00e1tv\u00e9telig, kioszt\u00e1sig, lelt\u00e1roz\u00e1sig, \u00e1tutal\u00e1sokig, munkamegrendel\u00e9sekkel kapcsolatos k\u00e9rd\u00e9sekig \u00e9s m\u00e9g sok minden m\u00e1sig. N\u00f6velje 25%-kal a rakt\u00e1rhelymeghat\u00e1roz\u00e1s [&hellip;]\" \/>\n<meta property=\"og:url\" content=\"https:\/\/deveho.com\/hu\/profilok\/raktar-es-logisztikai-menedzserek\/\" \/>\n<meta property=\"og:site_name\" content=\"Deveho\" \/>\n<meta property=\"article:publisher\" content=\"https:\/\/www.facebook.com\/deveho\" \/>\n<meta property=\"article:modified_time\" content=\"2022-10-28T11:33:04+00:00\" \/>\n<meta name=\"twitter:card\" content=\"summary_large_image\" \/>\n<meta name=\"twitter:site\" content=\"@Deveho1\" \/>\n<meta name=\"twitter:label1\" content=\"Becs\u00fclt olvas\u00e1si id\u0151\" \/>\n\t<meta name=\"twitter:data1\" content=\"1 perc\" \/>\n<script type=\"application\/ld+json\" class=\"yoast-schema-graph\">{\"@context\":\"https:\/\/schema.org\",\"@graph\":[{\"@type\":\"WebPage\",\"@id\":\"https:\/\/deveho.com\/hu\/profilok\/raktar-es-logisztikai-menedzserek\/\",\"url\":\"https:\/\/deveho.com\/hu\/profilok\/raktar-es-logisztikai-menedzserek\/\",\"name\":\"Rakt\u00e1r- \u00e9s logisztikai menedzserek - Deveho\",\"isPartOf\":{\"@id\":\"https:\/\/deveho.com\/#website\"},\"datePublished\":\"2022-03-01T13:47:46+00:00\",\"dateModified\":\"2022-10-28T11:33:04+00:00\",\"breadcrumb\":{\"@id\":\"https:\/\/deveho.com\/hu\/profilok\/raktar-es-logisztikai-menedzserek\/#breadcrumb\"},\"inLanguage\":\"hu\",\"potentialAction\":[{\"@type\":\"ReadAction\",\"target\":[\"https:\/\/deveho.com\/hu\/profilok\/raktar-es-logisztikai-menedzserek\/\"]}]},{\"@type\":\"BreadcrumbList\",\"@id\":\"https:\/\/deveho.com\/hu\/profilok\/raktar-es-logisztikai-menedzserek\/#breadcrumb\",\"itemListElement\":[{\"@type\":\"ListItem\",\"position\":1,\"name\":\"Home\",\"item\":\"https:\/\/deveho.com\/hu\/\"},{\"@type\":\"ListItem\",\"position\":2,\"name\":\"Profilok\",\"item\":\"https:\/\/deveho.com\/hu\/profilok\/\"},{\"@type\":\"ListItem\",\"position\":3,\"name\":\"Rakt\u00e1r- \u00e9s logisztikai menedzserek\"}]},{\"@type\":\"WebSite\",\"@id\":\"https:\/\/deveho.com\/#website\",\"url\":\"https:\/\/deveho.com\/\",\"name\":\"Deveho Consulting Group\",\"description\":\"Let\u2019s boost your growth\",\"publisher\":{\"@id\":\"https:\/\/deveho.com\/#organization\"},\"potentialAction\":[{\"@type\":\"SearchAction\",\"target\":{\"@type\":\"EntryPoint\",\"urlTemplate\":\"https:\/\/deveho.com\/?s={search_term_string}\"},\"query-input\":{\"@type\":\"PropertyValueSpecification\",\"valueRequired\":true,\"valueName\":\"search_term_string\"}}],\"inLanguage\":\"hu\"},{\"@type\":\"Organization\",\"@id\":\"https:\/\/deveho.com\/#organization\",\"name\":\"Deveho Consulting Group\",\"url\":\"https:\/\/deveho.com\/\",\"logo\":{\"@type\":\"ImageObject\",\"inLanguage\":\"hu\",\"@id\":\"https:\/\/deveho.com\/#\/schema\/logo\/image\/\",\"url\":\"https:\/\/deveho.com\/wp-content\/uploads\/2023\/02\/DEVEHO-LOGO-Baseline-COLOR.png\",\"contentUrl\":\"https:\/\/deveho.com\/wp-content\/uploads\/2023\/02\/DEVEHO-LOGO-Baseline-COLOR.png\",\"width\":2251,\"height\":585,\"caption\":\"Deveho Consulting Group\"},\"image\":{\"@id\":\"https:\/\/deveho.com\/#\/schema\/logo\/image\/\"},\"sameAs\":[\"https:\/\/www.facebook.com\/deveho\",\"https:\/\/x.com\/Deveho1\",\"https:\/\/www.linkedin.com\/company\/deveho-consulting\/\"]}]}<\/script>\n<!-- \/ Yoast SEO plugin. -->","yoast_head_json":{"title":"Rakt\u00e1r- \u00e9s logisztikai menedzserek - Deveho","robots":{"index":"index","follow":"follow","max-snippet":"max-snippet:-1","max-image-preview":"max-image-preview:large","max-video-preview":"max-video-preview:-1"},"canonical":"https:\/\/deveho.com\/hu\/profilok\/raktar-es-logisztikai-menedzserek\/","og_locale":"hu_HU","og_type":"article","og_title":"Rakt\u00e1r- \u00e9s logisztikai menedzserek - Deveho","og_description":"Rakt\u00e1r- \u00e9s logisztikai menedzser el\u0151nyei A rakt\u00e1rkezel\u00e9s egy vezet\u00e9k n\u00e9lk\u00fcli rakt\u00e1rfel\u00fcgyeleti megold\u00e1s, amely strapab\u00edr\u00f3 k\u00e9zi szkennerekkel \u00e9s dedik\u00e1lt k\u00e9perny\u0151kkel csatlakozik \u00e9s a rakt\u00e1ri szem\u00e9lyzetet sz\u00e9lesk\u00f6r\u0171 k\u00e9pess\u00e9gekkel ruh\u00e1zza fel az \u00f6sszes alapvet\u0151 rakt\u00e1rm\u0171velet sor\u00e1n; a rakt\u00e1rr\u00f3l t\u00f6rt\u00e9n\u0151 lek\u00e9rdez\u00e9st\u0151l a komissi\u00f3z\u00e1sig, \u00e1tv\u00e9telig, kioszt\u00e1sig, lelt\u00e1roz\u00e1sig, \u00e1tutal\u00e1sokig, munkamegrendel\u00e9sekkel kapcsolatos k\u00e9rd\u00e9sekig \u00e9s m\u00e9g sok minden m\u00e1sig. N\u00f6velje 25%-kal a rakt\u00e1rhelymeghat\u00e1roz\u00e1s [&hellip;]","og_url":"https:\/\/deveho.com\/hu\/profilok\/raktar-es-logisztikai-menedzserek\/","og_site_name":"Deveho","article_publisher":"https:\/\/www.facebook.com\/deveho","article_modified_time":"2022-10-28T11:33:04+00:00","twitter_card":"summary_large_image","twitter_site":"@Deveho1","twitter_misc":{"Becs\u00fclt olvas\u00e1si id\u0151":"1 perc"},"schema":{"@context":"https:\/\/schema.org","@graph":[{"@type":"WebPage","@id":"https:\/\/deveho.com\/hu\/profilok\/raktar-es-logisztikai-menedzserek\/","url":"https:\/\/deveho.com\/hu\/profilok\/raktar-es-logisztikai-menedzserek\/","name":"Rakt\u00e1r- \u00e9s logisztikai menedzserek - Deveho","isPartOf":{"@id":"https:\/\/deveho.com\/#website"},"datePublished":"2022-03-01T13:47:46+00:00","dateModified":"2022-10-28T11:33:04+00:00","breadcrumb":{"@id":"https:\/\/deveho.com\/hu\/profilok\/raktar-es-logisztikai-menedzserek\/#breadcrumb"},"inLanguage":"hu","potentialAction":[{"@type":"ReadAction","target":["https:\/\/deveho.com\/hu\/profilok\/raktar-es-logisztikai-menedzserek\/"]}]},{"@type":"BreadcrumbList","@id":"https:\/\/deveho.com\/hu\/profilok\/raktar-es-logisztikai-menedzserek\/#breadcrumb","itemListElement":[{"@type":"ListItem","position":1,"name":"Home","item":"https:\/\/deveho.com\/hu\/"},{"@type":"ListItem","position":2,"name":"Profilok","item":"https:\/\/deveho.com\/hu\/profilok\/"},{"@type":"ListItem","position":3,"name":"Rakt\u00e1r- \u00e9s logisztikai menedzserek"}]},{"@type":"WebSite","@id":"https:\/\/deveho.com\/#website","url":"https:\/\/deveho.com\/","name":"Deveho Consulting Group","description":"Let\u2019s boost your growth","publisher":{"@id":"https:\/\/deveho.com\/#organization"},"potentialAction":[{"@type":"SearchAction","target":{"@type":"EntryPoint","urlTemplate":"https:\/\/deveho.com\/?s={search_term_string}"},"query-input":{"@type":"PropertyValueSpecification","valueRequired":true,"valueName":"search_term_string"}}],"inLanguage":"hu"},{"@type":"Organization","@id":"https:\/\/deveho.com\/#organization","name":"Deveho Consulting Group","url":"https:\/\/deveho.com\/","logo":{"@type":"ImageObject","inLanguage":"hu","@id":"https:\/\/deveho.com\/#\/schema\/logo\/image\/","url":"https:\/\/deveho.com\/wp-content\/uploads\/2023\/02\/DEVEHO-LOGO-Baseline-COLOR.png","contentUrl":"https:\/\/deveho.com\/wp-content\/uploads\/2023\/02\/DEVEHO-LOGO-Baseline-COLOR.png","width":2251,"height":585,"caption":"Deveho Consulting Group"},"image":{"@id":"https:\/\/deveho.com\/#\/schema\/logo\/image\/"},"sameAs":["https:\/\/www.facebook.com\/deveho","https:\/\/x.com\/Deveho1","https:\/\/www.linkedin.com\/company\/deveho-consulting\/"]}]}},"_links":{"self":[{"href":"https:\/\/deveho.com\/hu\/wp-json\/wp\/v2\/pages\/9317"}],"collection":[{"href":"https:\/\/deveho.com\/hu\/wp-json\/wp\/v2\/pages"}],"about":[{"href":"https:\/\/deveho.com\/hu\/wp-json\/wp\/v2\/types\/page"}],"author":[{"embeddable":true,"href":"https:\/\/deveho.com\/hu\/wp-json\/wp\/v2\/users\/6"}],"replies":[{"embeddable":true,"href":"https:\/\/deveho.com\/hu\/wp-json\/wp\/v2\/comments?post=9317"}],"version-history":[{"count":0,"href":"https:\/\/deveho.com\/hu\/wp-json\/wp\/v2\/pages\/9317\/revisions"}],"up":[{"embeddable":true,"href":"https:\/\/deveho.com\/hu\/wp-json\/wp\/v2\/pages\/10340"}],"wp:attachment":[{"href":"https:\/\/deveho.com\/hu\/wp-json\/wp\/v2\/media?parent=9317"}],"curies":[{"name":"wp","href":"https:\/\/api.w.org\/{rel}","templated":true}]}}