{"id":9496,"date":"2022-03-17T09:14:54","date_gmt":"2022-03-17T09:14:54","guid":{"rendered":"https:\/\/deveho2.sfdbeta.be\/sage-x3\/"},"modified":"2025-12-08T12:58:07","modified_gmt":"2025-12-08T10:58:07","slug":"sage-x3","status":"publish","type":"page","link":"https:\/\/deveho.com\/hu\/termekek\/sage-x3\/","title":{"rendered":"Sage X3"},"content":{"rendered":"<br \/>\n<h2>A leggyorsabb, legegyszer\u0171bb \u00e9s <b>legrugalmasabb ERP<\/b><\/h2>\n<p>A Sage X3 ERP seg\u00edts\u00e9g\u00e9vel \u00d6n ir\u00e1ny\u00edthatja teljes v\u00e1llalkoz\u00e1s\u00e1t, az ell\u00e1t\u00e1si l\u00e1nct\u00f3l kezdve az \u00e9rt\u00e9kes\u00edt\u00e9sen, a gy\u00e1rt\u00e1son, a szolg\u00e1ltat\u00e1son \u00e9s a p\u00e9nz\u00fcgyeken \u00e1t. Ez a megold\u00e1s azoknak a v\u00e1llalatoknak sz\u00f3l, akik n\u00f6velni szeretn\u00e9k hat\u00e9konys\u00e1gukat, rugalmass\u00e1gukat \u00e9s szak\u00e9rtelm\u00fcket.<\/p>\n<p>Az a k\u00e9pess\u00e9ge, hogy sz\u00e1mos jogszab\u00e1lyt betart, \u00e9s az \u00fczleti vertikumok sz\u00e9les k\u00f6r\u00e9t integr\u00e1lja, lehet\u0151v\u00e9 teszi \u00f6sszetett szervezetek nemzetk\u00f6zi t\u00e1mogat\u00e1s\u00e1t.<\/p>\n<p>A Sage X3 lehet\u0151v\u00e9 teszi a v\u00e1llalatok sz\u00e1m\u00e1ra, hogy val\u00f3s id\u0151ben ir\u00e1ny\u00edts\u00e1k tev\u00e9kenys\u00e9geiket, mind m\u0171k\u00f6d\u00e9si, mind p\u00e9nz\u00fcgyi szempontb\u00f3l.<\/p>\n<h2>MI TAL\u00c1LHAT\u00d3 A LEG\u00daJABB SAGE X3 V12 FRISS\u00cdT\u00c9SBEN?<\/h2>\n<h3><red>\u00daj kiad\u00e1s <\/red><br \/>Sage X3 2025<\/h3>\n<h3>2025 R2 (12.0.38)<\/h3>\n<\/p>\n<h2>REGI VERZIOT FUTTAT?<\/h2>\n<h3><red>Migr\u00e1ljon<\/red> <br \/>a Sage X3 V12-re<\/h3>\n<h3>A Sage X3 ERP leg\u00fajabb verzi\u00f3j\u00e1ra val\u00f3 migr\u00e1ci\u00f3 lehet\u0151s\u00e9get ad a folyamatainak digitaliz\u00e1l\u00e1s\u00e1ra, valamint a sz\u00e9lesk\u00f6r\u0171 automatiz\u00e1l\u00e1sok, a friss\u00edt\u00e9s alatti nem regresszi\u00f3s tesztel\u00e9s, a specifikus fejleszt\u00e9sek, a b\u0151v\u00edtm\u00e9nyek iparos\u00edt\u00e1sa, valamint az \u00faj alapmodell konfigur\u00e1ci\u00f3j\u00e1nak \u00e9s telep\u00edt\u00e9s\u00e9nek nem regresszi\u00f3s tesztel\u00e9s\u00e9nek kihaszn\u00e1l\u00e1s\u00e1ra.<br \/>\n<\/h3>\n<p><p>&nbsp;<\/p>\n<p style=\"margin: 0in; font-family: Calibri; font-size: 11.0pt;\">Szeretne t\u00f6bbet megtudni? Tov\u00e1bbi inform\u00e1ci\u00f3k\u00e9rt l\u00e9pjen <a href=\"https:\/\/deveho.com\/hu\/kapcsolat\/\">kapcsolatba vel\u00fcnk<\/a>.<\/p>\n<p>&nbsp;<\/p>\n<p><img loading=\"lazy\" decoding=\"async\" class=\"alignnone wp-image-33378\" src=\"https:\/\/deveho.com\/wp-content\/uploads\/2024\/09\/Posts-LinkedIn-e1726040958656.png\" alt=\"Migration Sage X3\" width=\"400\" height=\"298\" \/><\/p>\n<\/p>\n<h2>T\u00f6bb mint ERP<\/h2>\n<h3>Sage X3 <red>A term\u00e9k k\u00e9pess\u00e9gei<\/red>    <\/h3>\n<h3><\/h3>\n<\/p>\n<h2>A Sage X3 lehet\u0151v\u00e9 teszi, hogy v\u00e1llalkoz\u00e1sa gyorsabban fejl\u0151dhessen.<\/h2>\n<p>A X3 k\u00fcl\u00f6nb\u00f6zik a hagyom\u00e1nyos ERP-rendszerekt\u0151l, lehet\u0151v\u00e9 t\u00e9ve a v\u00e1llalati menedzsment \u00e9sszer\u0171s\u00edt\u00e9s\u00e9t az\u00e1ltal, hogy leegyszer\u0171s\u00edti a m\u0171veleteket.<\/p>\n<p><p>A <strong>X3<\/strong> egyed\u00fcl\u00e1ll\u00f3 \u00e9s nemzetk\u00f6zi megold\u00e1s, amely a vil\u00e1g k\u00f6z\u00e9pv\u00e1llalatait c\u00e9lozza meg. A <strong>X3<\/strong> k\u00f6r\u00fclbel\u00fcl 100 orsz\u00e1gban \u00e9rhet\u0151 el, \u00e9s t\u00f6bb mint 5200 v\u00e1llalat \u00e9s 240 000 felhaszn\u00e1l\u00f3 sz\u00e1m\u00e1ra a v\u00e1lasztott megold\u00e1s a k\u00f6nny\u0171 haszn\u00e1lhat\u00f3s\u00e1g\u00e1nak, valamint a gyors \u00e9s k\u00f6lts\u00e9ghat\u00e9kony megval\u00f3s\u00edt\u00e1s\u00e1nak k\u00f6sz\u00f6nhet\u0151en.<\/p>\n<\/p>\n<p><p>A <strong>X3<\/strong> els\u0151sorban a 100-500 alkalmazottat foglalkoztat\u00f3 c\u00e9geket c\u00e9lozza meg az eloszt\u00f3, gy\u00e1rt\u00f3 \u00e9s szolg\u00e1ltat\u00f3 ipar\u00e1gakban. A <strong>X3<\/strong> t\u00e1mogatja a helyi vagy nemzetk\u00f6zi szinten m\u0171k\u00f6d\u0151 c\u00e9geket, f\u00fcggetlen\u00fcl att\u00f3l, hogy f\u00fcggetlenek vagy egy nagyobb csoport r\u00e9szei. Eredm\u00e9nyek: egyszer\u0171s\u00edtett m\u0171veletek, val\u00f3s idej\u0171 inform\u00e1ci\u00f3k a v\u00e1llalkoz\u00e1sr\u00f3l \u00e9s jobb teljes\u00edtm\u00e9ny. Eredm\u00e9nyek: egyszer\u0171s\u00edtett m\u0171veletek, val\u00f3s idej\u0171 inform\u00e1ci\u00f3k a v\u00e1llalkoz\u00e1sr\u00f3l \u00e9s jobb teljes\u00edtm\u00e9ny.<\/p>\n<\/p>\n<h2>Az ERP kiv\u00e1laszt\u00e1s\u00e1nak jelent\u0151s\u00e9ge<\/h2>\n<p>A k\u00f6z\u00e9pv\u00e1llalatok ism\u00e9telten szembes\u00fclnek azzal a probl\u00e9m\u00e1val, hogy meg kell el\u00e9gedni\u00fck a rossz min\u0151s\u00e9g\u0171, nehezen hozz\u00e1f\u00e9rhet\u0151 \u00e9s \u00e9rtelmezhet\u0151 bels\u0151 adatokkal, ami visszafogja n\u00f6veked\u00e9s\u00fcket \u00e9s j\u00f6vedelmez\u0151s\u00e9g\u00fcket.<\/p>\n<p>Az elavult ir\u00e1ny\u00edt\u00e1si rendszerek \u00e9s a nem megfelel\u0151 megold\u00e1sok miatt a v\u00e1llalatoknak sz\u00e1mos manu\u00e1lis folyamatot kell v\u00e9grehajtaniuk, amelyek az eg\u00e9sz szervezetben cs\u00f6kkentik a hat\u00e9konys\u00e1got.<\/p>\n<h2><red>Mit v\u00e1r el \u00d6n egy ERP-t\u00f3l?<\/red>   <\/h2>\n<p>Egy v\u00e1llalatnak integr\u00e1lt menedzsment szoftvercsomagra van sz\u00fcks\u00e9ge ahhoz, hogy optimaliz\u00e1lja \u00e9s megk\u00f6nny\u00edtse az \u00f6sszes ir\u00e1ny\u00edt\u00e1si folyamatot, termel\u00e9kenys\u00e9g\u00e9t vagy ak\u00e1r er\u0151forr\u00e1sait. Egy ERP-eszk\u00f6z beszerz\u00e9se sz\u00e1mos el\u0151nnyel j\u00e1r minden strukt\u00fara eset\u00e9ben.<\/p>\n<h2><\/h2>\n<h3>Kapcsol\u00f3d\u00f3 oldalak<\/h3>\n<\/p>\n<h3><\/h3>\n<\/p>\n<h3><\/h3>\n<\/p>\n<h2>Vegye r\u00e9szt a Sage X3 interakt\u00edv term\u00e9kt\u00far\u00e1n<\/h2>\n<p>N\u00e9zze meg a vide\u00f3t, \u00e9s tudja meg, hogyan t\u00e1mogatja \u00e9s t\u00e1mogatja a Sage X3 a forgalmaz\u00e1si, gy\u00e1rt\u00e1si \u00e9s szolg\u00e1ltat\u00e1si \u00e1gazatot.<\/p><\/p>\n","protected":false},"excerpt":{"rendered":"<p>A Sage X3 a hagyom\u00e1nyos ERP-n\u00e9l gyorsabb, intuit\u00edvabb \u00e9s szem\u00e9lyre szabottabb \u00fczleti menedzsment megold\u00e1sokat k\u00edn\u00e1l a term\u00e9kk\u00f6zpont\u00fa v\u00e1llalkoz\u00e1sok sz\u00e1m\u00e1ra, amelyek a n\u00f6vekv\u0151 komplexit\u00e1s mellett szeretn\u00e9nek boldogulni \u00e9s versenyk\u00e9pesek maradni. A Sage X3 \u00e1talak\u00edtja az emberek, a folyamatok \u00e9s a m\u0171veletek ir\u00e1ny\u00edt\u00e1s\u00e1t, lehet\u0151v\u00e9 t\u00e9ve a v\u00e1llalkoz\u00e1sok sz\u00e1m\u00e1ra, hogy gyorsan hozz\u00e1f\u00e9rjenek a v\u00e1ltoz\u00e1sokhoz.<\/p>\n","protected":false},"author":8,"featured_media":0,"parent":10338,"menu_order":0,"comment_status":"closed","ping_status":"closed","template":"templates\/template-prod_serv.php","meta":{"_acf_changed":false,"footnotes":""},"class_list":["post-9496","page","type-page","status-publish","hentry"],"acf":[],"yoast_head":"<!-- This site is optimized with the Yoast SEO plugin v23.5 - https:\/\/yoast.com\/wordpress\/plugins\/seo\/ -->\n<title>Sage X3 - Deveho<\/title>\n<meta name=\"description\" content=\"A Sage X3 gyorsabb, intuit\u00edv \u00e9s szem\u00e9lyre szabott v\u00e1llalatir\u00e1ny\u00edt\u00e1si megold\u00e1sokat k\u00edn\u00e1l. Szeretne t\u00f6bbet megtudni?\" \/>\n<meta name=\"robots\" content=\"index, follow, max-snippet:-1, max-image-preview:large, max-video-preview:-1\" \/>\n<link rel=\"canonical\" href=\"https:\/\/deveho.com\/hu\/termekek\/sage-x3\/\" \/>\n<meta property=\"og:locale\" content=\"hu_HU\" \/>\n<meta property=\"og:type\" content=\"article\" \/>\n<meta property=\"og:title\" content=\"Sage X3 - Deveho\" \/>\n<meta property=\"og:description\" content=\"A Sage X3 gyorsabb, intuit\u00edv \u00e9s szem\u00e9lyre szabott v\u00e1llalatir\u00e1ny\u00edt\u00e1si megold\u00e1sokat k\u00edn\u00e1l. Szeretne t\u00f6bbet megtudni?\" \/>\n<meta property=\"og:url\" content=\"https:\/\/deveho.com\/hu\/termekek\/sage-x3\/\" \/>\n<meta property=\"og:site_name\" content=\"Deveho\" \/>\n<meta property=\"article:publisher\" content=\"https:\/\/www.facebook.com\/deveho\" \/>\n<meta property=\"article:modified_time\" content=\"2025-12-08T10:58:07+00:00\" \/>\n<meta property=\"og:image\" content=\"https:\/\/deveho.com\/wp-content\/uploads\/2024\/09\/Posts-LinkedIn-e1726040958656.png\" \/>\n<meta name=\"twitter:card\" content=\"summary_large_image\" \/>\n<meta name=\"twitter:site\" content=\"@Deveho1\" \/>\n<meta name=\"twitter:label1\" content=\"Becs\u00fclt olvas\u00e1si id\u0151\" \/>\n\t<meta name=\"twitter:data1\" content=\"2 perc\" \/>\n<script type=\"application\/ld+json\" class=\"yoast-schema-graph\">{\"@context\":\"https:\/\/schema.org\",\"@graph\":[{\"@type\":\"WebPage\",\"@id\":\"https:\/\/deveho.com\/hu\/termekek\/sage-x3\/\",\"url\":\"https:\/\/deveho.com\/hu\/termekek\/sage-x3\/\",\"name\":\"Sage X3 - Deveho\",\"isPartOf\":{\"@id\":\"https:\/\/deveho.com\/#website\"},\"primaryImageOfPage\":{\"@id\":\"https:\/\/deveho.com\/hu\/termekek\/sage-x3\/#primaryimage\"},\"image\":{\"@id\":\"https:\/\/deveho.com\/hu\/termekek\/sage-x3\/#primaryimage\"},\"thumbnailUrl\":\"https:\/\/deveho.com\/wp-content\/uploads\/2024\/09\/Posts-LinkedIn-e1726040958656.png\",\"datePublished\":\"2022-03-17T09:14:54+00:00\",\"dateModified\":\"2025-12-08T10:58:07+00:00\",\"description\":\"A Sage X3 gyorsabb, intuit\u00edv \u00e9s szem\u00e9lyre szabott v\u00e1llalatir\u00e1ny\u00edt\u00e1si megold\u00e1sokat k\u00edn\u00e1l. Szeretne t\u00f6bbet megtudni?\",\"breadcrumb\":{\"@id\":\"https:\/\/deveho.com\/hu\/termekek\/sage-x3\/#breadcrumb\"},\"inLanguage\":\"hu\",\"potentialAction\":[{\"@type\":\"ReadAction\",\"target\":[\"https:\/\/deveho.com\/hu\/termekek\/sage-x3\/\"]}]},{\"@type\":\"ImageObject\",\"inLanguage\":\"hu\",\"@id\":\"https:\/\/deveho.com\/hu\/termekek\/sage-x3\/#primaryimage\",\"url\":\"https:\/\/deveho.com\/wp-content\/uploads\/2024\/09\/Posts-LinkedIn-e1726040958656.png\",\"contentUrl\":\"https:\/\/deveho.com\/wp-content\/uploads\/2024\/09\/Posts-LinkedIn-e1726040958656.png\"},{\"@type\":\"BreadcrumbList\",\"@id\":\"https:\/\/deveho.com\/hu\/termekek\/sage-x3\/#breadcrumb\",\"itemListElement\":[{\"@type\":\"ListItem\",\"position\":1,\"name\":\"Home\",\"item\":\"https:\/\/deveho.com\/hu\/\"},{\"@type\":\"ListItem\",\"position\":2,\"name\":\"Term\u00e9kek\",\"item\":\"https:\/\/deveho.com\/hu\/termekek\/\"},{\"@type\":\"ListItem\",\"position\":3,\"name\":\"Sage X3\"}]},{\"@type\":\"WebSite\",\"@id\":\"https:\/\/deveho.com\/#website\",\"url\":\"https:\/\/deveho.com\/\",\"name\":\"Deveho Consulting Group\",\"description\":\"Let\u2019s boost your growth\",\"publisher\":{\"@id\":\"https:\/\/deveho.com\/#organization\"},\"potentialAction\":[{\"@type\":\"SearchAction\",\"target\":{\"@type\":\"EntryPoint\",\"urlTemplate\":\"https:\/\/deveho.com\/?s={search_term_string}\"},\"query-input\":{\"@type\":\"PropertyValueSpecification\",\"valueRequired\":true,\"valueName\":\"search_term_string\"}}],\"inLanguage\":\"hu\"},{\"@type\":\"Organization\",\"@id\":\"https:\/\/deveho.com\/#organization\",\"name\":\"Deveho Consulting Group\",\"url\":\"https:\/\/deveho.com\/\",\"logo\":{\"@type\":\"ImageObject\",\"inLanguage\":\"hu\",\"@id\":\"https:\/\/deveho.com\/#\/schema\/logo\/image\/\",\"url\":\"https:\/\/deveho.com\/wp-content\/uploads\/2023\/02\/DEVEHO-LOGO-Baseline-COLOR.png\",\"contentUrl\":\"https:\/\/deveho.com\/wp-content\/uploads\/2023\/02\/DEVEHO-LOGO-Baseline-COLOR.png\",\"width\":2251,\"height\":585,\"caption\":\"Deveho Consulting Group\"},\"image\":{\"@id\":\"https:\/\/deveho.com\/#\/schema\/logo\/image\/\"},\"sameAs\":[\"https:\/\/www.facebook.com\/deveho\",\"https:\/\/x.com\/Deveho1\",\"https:\/\/www.linkedin.com\/company\/deveho-consulting\/\"]}]}<\/script>\n<!-- \/ Yoast SEO plugin. -->","yoast_head_json":{"title":"Sage X3 - Deveho","description":"A Sage X3 gyorsabb, intuit\u00edv \u00e9s szem\u00e9lyre szabott v\u00e1llalatir\u00e1ny\u00edt\u00e1si megold\u00e1sokat k\u00edn\u00e1l. Szeretne t\u00f6bbet megtudni?","robots":{"index":"index","follow":"follow","max-snippet":"max-snippet:-1","max-image-preview":"max-image-preview:large","max-video-preview":"max-video-preview:-1"},"canonical":"https:\/\/deveho.com\/hu\/termekek\/sage-x3\/","og_locale":"hu_HU","og_type":"article","og_title":"Sage X3 - Deveho","og_description":"A Sage X3 gyorsabb, intuit\u00edv \u00e9s szem\u00e9lyre szabott v\u00e1llalatir\u00e1ny\u00edt\u00e1si megold\u00e1sokat k\u00edn\u00e1l. Szeretne t\u00f6bbet megtudni?","og_url":"https:\/\/deveho.com\/hu\/termekek\/sage-x3\/","og_site_name":"Deveho","article_publisher":"https:\/\/www.facebook.com\/deveho","article_modified_time":"2025-12-08T10:58:07+00:00","og_image":[{"url":"https:\/\/deveho.com\/wp-content\/uploads\/2024\/09\/Posts-LinkedIn-e1726040958656.png"}],"twitter_card":"summary_large_image","twitter_site":"@Deveho1","twitter_misc":{"Becs\u00fclt olvas\u00e1si id\u0151":"2 perc"},"schema":{"@context":"https:\/\/schema.org","@graph":[{"@type":"WebPage","@id":"https:\/\/deveho.com\/hu\/termekek\/sage-x3\/","url":"https:\/\/deveho.com\/hu\/termekek\/sage-x3\/","name":"Sage X3 - Deveho","isPartOf":{"@id":"https:\/\/deveho.com\/#website"},"primaryImageOfPage":{"@id":"https:\/\/deveho.com\/hu\/termekek\/sage-x3\/#primaryimage"},"image":{"@id":"https:\/\/deveho.com\/hu\/termekek\/sage-x3\/#primaryimage"},"thumbnailUrl":"https:\/\/deveho.com\/wp-content\/uploads\/2024\/09\/Posts-LinkedIn-e1726040958656.png","datePublished":"2022-03-17T09:14:54+00:00","dateModified":"2025-12-08T10:58:07+00:00","description":"A Sage X3 gyorsabb, intuit\u00edv \u00e9s szem\u00e9lyre szabott v\u00e1llalatir\u00e1ny\u00edt\u00e1si megold\u00e1sokat k\u00edn\u00e1l. Szeretne t\u00f6bbet megtudni?","breadcrumb":{"@id":"https:\/\/deveho.com\/hu\/termekek\/sage-x3\/#breadcrumb"},"inLanguage":"hu","potentialAction":[{"@type":"ReadAction","target":["https:\/\/deveho.com\/hu\/termekek\/sage-x3\/"]}]},{"@type":"ImageObject","inLanguage":"hu","@id":"https:\/\/deveho.com\/hu\/termekek\/sage-x3\/#primaryimage","url":"https:\/\/deveho.com\/wp-content\/uploads\/2024\/09\/Posts-LinkedIn-e1726040958656.png","contentUrl":"https:\/\/deveho.com\/wp-content\/uploads\/2024\/09\/Posts-LinkedIn-e1726040958656.png"},{"@type":"BreadcrumbList","@id":"https:\/\/deveho.com\/hu\/termekek\/sage-x3\/#breadcrumb","itemListElement":[{"@type":"ListItem","position":1,"name":"Home","item":"https:\/\/deveho.com\/hu\/"},{"@type":"ListItem","position":2,"name":"Term\u00e9kek","item":"https:\/\/deveho.com\/hu\/termekek\/"},{"@type":"ListItem","position":3,"name":"Sage X3"}]},{"@type":"WebSite","@id":"https:\/\/deveho.com\/#website","url":"https:\/\/deveho.com\/","name":"Deveho Consulting Group","description":"Let\u2019s boost your growth","publisher":{"@id":"https:\/\/deveho.com\/#organization"},"potentialAction":[{"@type":"SearchAction","target":{"@type":"EntryPoint","urlTemplate":"https:\/\/deveho.com\/?s={search_term_string}"},"query-input":{"@type":"PropertyValueSpecification","valueRequired":true,"valueName":"search_term_string"}}],"inLanguage":"hu"},{"@type":"Organization","@id":"https:\/\/deveho.com\/#organization","name":"Deveho Consulting Group","url":"https:\/\/deveho.com\/","logo":{"@type":"ImageObject","inLanguage":"hu","@id":"https:\/\/deveho.com\/#\/schema\/logo\/image\/","url":"https:\/\/deveho.com\/wp-content\/uploads\/2023\/02\/DEVEHO-LOGO-Baseline-COLOR.png","contentUrl":"https:\/\/deveho.com\/wp-content\/uploads\/2023\/02\/DEVEHO-LOGO-Baseline-COLOR.png","width":2251,"height":585,"caption":"Deveho Consulting Group"},"image":{"@id":"https:\/\/deveho.com\/#\/schema\/logo\/image\/"},"sameAs":["https:\/\/www.facebook.com\/deveho","https:\/\/x.com\/Deveho1","https:\/\/www.linkedin.com\/company\/deveho-consulting\/"]}]}},"_links":{"self":[{"href":"https:\/\/deveho.com\/hu\/wp-json\/wp\/v2\/pages\/9496"}],"collection":[{"href":"https:\/\/deveho.com\/hu\/wp-json\/wp\/v2\/pages"}],"about":[{"href":"https:\/\/deveho.com\/hu\/wp-json\/wp\/v2\/types\/page"}],"author":[{"embeddable":true,"href":"https:\/\/deveho.com\/hu\/wp-json\/wp\/v2\/users\/8"}],"replies":[{"embeddable":true,"href":"https:\/\/deveho.com\/hu\/wp-json\/wp\/v2\/comments?post=9496"}],"version-history":[{"count":11,"href":"https:\/\/deveho.com\/hu\/wp-json\/wp\/v2\/pages\/9496\/revisions"}],"predecessor-version":[{"id":44520,"href":"https:\/\/deveho.com\/hu\/wp-json\/wp\/v2\/pages\/9496\/revisions\/44520"}],"up":[{"embeddable":true,"href":"https:\/\/deveho.com\/hu\/wp-json\/wp\/v2\/pages\/10338"}],"wp:attachment":[{"href":"https:\/\/deveho.com\/hu\/wp-json\/wp\/v2\/media?parent=9496"}],"curies":[{"name":"wp","href":"https:\/\/api.w.org\/{rel}","templated":true}]}}