{"id":9502,"date":"2022-03-17T13:09:52","date_gmt":"2022-03-17T13:09:52","guid":{"rendered":"https:\/\/deveho2.sfdbeta.be\/uzleti-kiegeszito-integracio\/"},"modified":"2026-04-07T09:43:07","modified_gmt":"2026-04-07T07:43:07","slug":"uzleti-kiegeszito-integracio","status":"publish","type":"page","link":"https:\/\/deveho.com\/hu\/termekek\/uzleti-kiegeszito-integracio\/","title":{"rendered":"\u00dczleti kieg\u00e9sz\u00edt\u0151 integr\u00e1ci\u00f3"},"content":{"rendered":"<br \/>\n<h2><\/h2>\n<h3><red> Automatiz\u00e1lt Sz\u00e1ll\u00edt\u00f3 k\u00f6nyvel\u00e9s<\/red>   <\/h3>\n<h3><\/h3>\n<p><p>A Sage X3-mal val\u00f3 integr\u00e1ci\u00f3 a Sage X3-t\u00f3l kezdve a t\u00f6rzsadatok (sz\u00e1ll\u00edt\u00f3k, sz\u00e1mlat\u00fck\u00f6r, fizet\u00e9si m\u00f3dok\u2026), beszerz\u00e9si rendel\u00e9sek \u00e9s\/vagy nyugt\u00e1k megoszt\u00e1s\u00e1b\u00f3l \u00e1ll. Cser\u00e9be a digitaliz\u00e1lt sz\u00e1ll\u00edt\u00f3i sz\u00e1ml\u00e1z\u00f3 megold\u00e1s elk\u00fcldi a rendel\u00e9sekkel\/bev\u00e9telekkel egyez\u0151 sz\u00e1ml\u00e1kat. V\u00e9g\u00fcl a Sage X3 el tudja k\u00fcldeni a fizet\u00e9si inform\u00e1ci\u00f3kat a digitaliz\u00e1ci\u00f3s megold\u00e1snak.<\/p>\n<p>Az \u00fcgyfelek ig\u00e9nyei alapj\u00e1n a Deveho rendszeresen telep\u00edt integr\u00e1ci\u00f3s projekteket a k\u00f6vetkez\u0151 szoftverekkel:<\/p>\n<\/p>\n<h2><\/h2>\n<h3>Stripe<\/h3>\n<p><p>Fizet\u00e9si infrastrukt\u00fara az e-kereskedelemhez. Haszn\u00e1lja a Stripe szoftver\u00e9t \u00e9s API-jait fizet\u00e9sek fogad\u00e1s\u00e1ra, \u00e1tutal\u00e1sok v\u00e9grehajt\u00e1s\u00e1ra \u00e9s online \u00fczleteinek kezel\u00e9s\u00e9re.<\/p>\n<p><a href=\"https:\/\/stripe.com\/\">https:\/\/stripe.com\/<\/a><\/p>\n<\/p>\n<h3><red>DEVEHO kieg\u00e9sz\u00edt\u0151 integr\u00e1ci\u00f3k a Sage X3-hoz <\/red>      <\/h3>\n<p><p>A Deveho bizonyos kieg\u00e9sz\u00edt\u0151ket \u00e9p\u00edtett az X3 megold\u00e1s tov\u00e1bbfejleszt\u00e9s\u00e9re. Melyek a k\u00f6vetkez\u0151k:<\/p>\n<\/p>\n<p>K\u00f6z\u00f6s k\u00e9szlet t\u00f6bb sz\u00e1ll\u00edt\u00f3 sz\u00e1m\u00e1ra <\/p>\n<p>Valuta \u00e1rfolyamok automatikus integr\u00e1ci\u00f3ja<\/p>\n<p>\u00c9rt\u00e9kes\u00edt\u00e9si sz\u00e1ml\u00e1k k\u00fcld\u00e9se e-mailben k\u00f6tegelt m\u00f3dban<\/p>\n<p>Egy besz\u00e1ll\u00edt\u00f3 kezel\u00e9se term\u00e9khelyenk\u00e9nt a POS-hoz<\/p>\n<p>El\u0151rejelz\u00e9sek l\u00e9trehoz\u00e1sa az anyagfelhaszn\u00e1l\u00e1s (MRP) megism\u00e9tl\u00e9s\u00e9vel<\/p>\n<p>File-ok \u00e9s riportok megnevez\u00e9se<\/p>\n<p>Akt\u00edv\/inakt\u00edv jelz\u0151 kezel\u00e9se a fizet\u00e9si felt\u00e9telekn\u00e9l<\/p>\n<p>K\u00e9szletjelent\u00e9s kezdeti \u00e9s v\u00e9gs\u0151 mennyis\u00e9gekkel \u00e9s \u00e9rt\u00e9kkel<\/p>\n<p>K\u00e9szlet egyenleg (kezdeti, id\u0151szak +\/-, v\u00e9gleges) mennyis\u00e9gben \u00e9s \u00f6sszegben<\/p>\n<p>EDI Edifact (messages INVRPT, DESADV, ANMOV, INVOIC, ORDER, IFTMIN)<\/p>\n<p>Addon Deveho sFTP (manage files transfer with sFTP)<\/p>\n<h3>Integr\u00e1ci\u00f3 a Treasury megold\u00e1sokkal <\/h3>\n<p><p>A Deveho rendszeresen integr\u00e1lja a Sage X3 Treasury megold\u00e1sokat Kyriba \u00e9s Sage XRT n\u00e9ven a k\u00f6vetkez\u0151 folyamatokhoz:<\/p>\n<\/p>\n<p>Bank file-ok<\/p>\n<p>Valuta \u00e1rfolyamok<\/p>\n<p>T\u00f6rzsadat (\u00fczleti partnerek)<\/p>\n<p>Teljes\u00edtett fizet\u00e9sek<\/p>\n<p>Bank kivonatok<\/p>\n<h3><red>Integr\u00e1ci\u00f3 b\u00e9rsz\u00e1mfejt\u00e9si \u00e9s kiad\u00e1skezel\u0151 szoftverrel<\/red>   <\/h3>\n<\/p>\n<p>A Deveho szabv\u00e1nyos\u00edtott importsablonok alapj\u00e1n k\u00f6nyvel\u00e9si t\u00e9telk\u00e9nt integr\u00e1lja a b\u00e9rsz\u00e1mfejt\u00e9si folyamatokat.<\/p>\n<p>Ugyanolyan importsablonok haszn\u00e1lat\u00e1val a Deveho az alkalmazottak k\u00f6lts\u00e9geit k\u00f6nyvel\u00e9si t\u00e9telk\u00e9nt integr\u00e1lja.<\/p>\n<h3>Konszolid\u00e1ci\u00f3s applik\u00e1ci\u00f3k<\/h3>\n<\/p>\n<p>Egyenlegek szabv\u00e1nyos\u00edtott exportsablonjait haszn\u00e1lva a Deveho gyakran integr\u00e1lja a konszolid\u00e1ci\u00f3s megold\u00e1sokat.<\/p>\n<h2><\/h2>\n<h3>Kapcsol\u00f3d\u00f3 oldalak <\/h3>\n<\/p>\n<h3><\/h3>\n<\/p>\n<h3><\/h3><\/p>\n","protected":false},"excerpt":{"rendered":"<p>Sage X3 integr\u00e1tork\u00e9nt, a Deveho rendszeresen telep\u00edti az interf\u00e9szek sz\u00e9les sk\u00e1l\u00e1j\u00e1t harmadik f\u00e9lt\u0151l sz\u00e1rmaz\u00f3 megold\u00e1sokkal. A Deveho komoly tapasztalattal rendelkezik a piac k\u00fcl\u00f6nb\u00f6z\u0151 szoftvereivel vagy h\u00e1zon bel\u00fcli alkalmaz\u00e1saival kapcsolatban.<\/p>\n","protected":false},"author":3,"featured_media":0,"parent":10338,"menu_order":0,"comment_status":"closed","ping_status":"closed","template":"templates\/template-prod_serv.php","meta":{"_acf_changed":false,"footnotes":""},"class_list":["post-9502","page","type-page","status-publish","hentry"],"acf":[],"yoast_head":"<!-- This site is optimized with the Yoast SEO plugin v23.5 - https:\/\/yoast.com\/wordpress\/plugins\/seo\/ -->\n<title>\u00dczleti kieg\u00e9sz\u00edt\u0151 integr\u00e1ci\u00f3 - Deveho<\/title>\n<meta name=\"robots\" content=\"index, follow, max-snippet:-1, max-image-preview:large, max-video-preview:-1\" \/>\n<link rel=\"canonical\" href=\"https:\/\/deveho.com\/hu\/termekek\/uzleti-kiegeszito-integracio\/\" \/>\n<meta property=\"og:locale\" content=\"hu_HU\" \/>\n<meta property=\"og:type\" content=\"article\" \/>\n<meta property=\"og:title\" content=\"\u00dczleti kieg\u00e9sz\u00edt\u0151 integr\u00e1ci\u00f3 - Deveho\" \/>\n<meta property=\"og:description\" content=\"Sage X3 integr\u00e1tork\u00e9nt, a Deveho rendszeresen telep\u00edti az interf\u00e9szek sz\u00e9les sk\u00e1l\u00e1j\u00e1t harmadik f\u00e9lt\u0151l sz\u00e1rmaz\u00f3 megold\u00e1sokkal. A Deveho komoly tapasztalattal rendelkezik a piac k\u00fcl\u00f6nb\u00f6z\u0151 szoftvereivel vagy h\u00e1zon bel\u00fcli alkalmaz\u00e1saival kapcsolatban.\" \/>\n<meta property=\"og:url\" content=\"https:\/\/deveho.com\/hu\/termekek\/uzleti-kiegeszito-integracio\/\" \/>\n<meta property=\"og:site_name\" content=\"Deveho\" \/>\n<meta property=\"article:publisher\" content=\"https:\/\/www.facebook.com\/deveho\" \/>\n<meta property=\"article:modified_time\" content=\"2026-04-07T07:43:07+00:00\" \/>\n<meta name=\"twitter:card\" content=\"summary_large_image\" \/>\n<meta name=\"twitter:site\" content=\"@Deveho1\" \/>\n<meta name=\"twitter:label1\" content=\"Becs\u00fclt olvas\u00e1si id\u0151\" \/>\n\t<meta name=\"twitter:data1\" content=\"2 perc\" \/>\n<script type=\"application\/ld+json\" class=\"yoast-schema-graph\">{\"@context\":\"https:\/\/schema.org\",\"@graph\":[{\"@type\":\"WebPage\",\"@id\":\"https:\/\/deveho.com\/hu\/termekek\/uzleti-kiegeszito-integracio\/\",\"url\":\"https:\/\/deveho.com\/hu\/termekek\/uzleti-kiegeszito-integracio\/\",\"name\":\"\u00dczleti kieg\u00e9sz\u00edt\u0151 integr\u00e1ci\u00f3 - Deveho\",\"isPartOf\":{\"@id\":\"https:\/\/deveho.com\/#website\"},\"datePublished\":\"2022-03-17T13:09:52+00:00\",\"dateModified\":\"2026-04-07T07:43:07+00:00\",\"breadcrumb\":{\"@id\":\"https:\/\/deveho.com\/hu\/termekek\/uzleti-kiegeszito-integracio\/#breadcrumb\"},\"inLanguage\":\"hu\",\"potentialAction\":[{\"@type\":\"ReadAction\",\"target\":[\"https:\/\/deveho.com\/hu\/termekek\/uzleti-kiegeszito-integracio\/\"]}]},{\"@type\":\"BreadcrumbList\",\"@id\":\"https:\/\/deveho.com\/hu\/termekek\/uzleti-kiegeszito-integracio\/#breadcrumb\",\"itemListElement\":[{\"@type\":\"ListItem\",\"position\":1,\"name\":\"Home\",\"item\":\"https:\/\/deveho.com\/hu\/\"},{\"@type\":\"ListItem\",\"position\":2,\"name\":\"Term\u00e9kek\",\"item\":\"https:\/\/deveho.com\/hu\/termekek\/\"},{\"@type\":\"ListItem\",\"position\":3,\"name\":\"\u00dczleti kieg\u00e9sz\u00edt\u0151 integr\u00e1ci\u00f3\"}]},{\"@type\":\"WebSite\",\"@id\":\"https:\/\/deveho.com\/#website\",\"url\":\"https:\/\/deveho.com\/\",\"name\":\"Deveho Consulting Group\",\"description\":\"Let\u2019s boost your growth\",\"publisher\":{\"@id\":\"https:\/\/deveho.com\/#organization\"},\"potentialAction\":[{\"@type\":\"SearchAction\",\"target\":{\"@type\":\"EntryPoint\",\"urlTemplate\":\"https:\/\/deveho.com\/?s={search_term_string}\"},\"query-input\":{\"@type\":\"PropertyValueSpecification\",\"valueRequired\":true,\"valueName\":\"search_term_string\"}}],\"inLanguage\":\"hu\"},{\"@type\":\"Organization\",\"@id\":\"https:\/\/deveho.com\/#organization\",\"name\":\"Deveho Consulting Group\",\"url\":\"https:\/\/deveho.com\/\",\"logo\":{\"@type\":\"ImageObject\",\"inLanguage\":\"hu\",\"@id\":\"https:\/\/deveho.com\/#\/schema\/logo\/image\/\",\"url\":\"https:\/\/deveho.com\/wp-content\/uploads\/2023\/02\/DEVEHO-LOGO-Baseline-COLOR.png\",\"contentUrl\":\"https:\/\/deveho.com\/wp-content\/uploads\/2023\/02\/DEVEHO-LOGO-Baseline-COLOR.png\",\"width\":2251,\"height\":585,\"caption\":\"Deveho Consulting Group\"},\"image\":{\"@id\":\"https:\/\/deveho.com\/#\/schema\/logo\/image\/\"},\"sameAs\":[\"https:\/\/www.facebook.com\/deveho\",\"https:\/\/x.com\/Deveho1\",\"https:\/\/www.linkedin.com\/company\/deveho-consulting\/\"]}]}<\/script>\n<!-- \/ Yoast SEO plugin. -->","yoast_head_json":{"title":"\u00dczleti kieg\u00e9sz\u00edt\u0151 integr\u00e1ci\u00f3 - Deveho","robots":{"index":"index","follow":"follow","max-snippet":"max-snippet:-1","max-image-preview":"max-image-preview:large","max-video-preview":"max-video-preview:-1"},"canonical":"https:\/\/deveho.com\/hu\/termekek\/uzleti-kiegeszito-integracio\/","og_locale":"hu_HU","og_type":"article","og_title":"\u00dczleti kieg\u00e9sz\u00edt\u0151 integr\u00e1ci\u00f3 - Deveho","og_description":"Sage X3 integr\u00e1tork\u00e9nt, a Deveho rendszeresen telep\u00edti az interf\u00e9szek sz\u00e9les sk\u00e1l\u00e1j\u00e1t harmadik f\u00e9lt\u0151l sz\u00e1rmaz\u00f3 megold\u00e1sokkal. A Deveho komoly tapasztalattal rendelkezik a piac k\u00fcl\u00f6nb\u00f6z\u0151 szoftvereivel vagy h\u00e1zon bel\u00fcli alkalmaz\u00e1saival kapcsolatban.","og_url":"https:\/\/deveho.com\/hu\/termekek\/uzleti-kiegeszito-integracio\/","og_site_name":"Deveho","article_publisher":"https:\/\/www.facebook.com\/deveho","article_modified_time":"2026-04-07T07:43:07+00:00","twitter_card":"summary_large_image","twitter_site":"@Deveho1","twitter_misc":{"Becs\u00fclt olvas\u00e1si id\u0151":"2 perc"},"schema":{"@context":"https:\/\/schema.org","@graph":[{"@type":"WebPage","@id":"https:\/\/deveho.com\/hu\/termekek\/uzleti-kiegeszito-integracio\/","url":"https:\/\/deveho.com\/hu\/termekek\/uzleti-kiegeszito-integracio\/","name":"\u00dczleti kieg\u00e9sz\u00edt\u0151 integr\u00e1ci\u00f3 - Deveho","isPartOf":{"@id":"https:\/\/deveho.com\/#website"},"datePublished":"2022-03-17T13:09:52+00:00","dateModified":"2026-04-07T07:43:07+00:00","breadcrumb":{"@id":"https:\/\/deveho.com\/hu\/termekek\/uzleti-kiegeszito-integracio\/#breadcrumb"},"inLanguage":"hu","potentialAction":[{"@type":"ReadAction","target":["https:\/\/deveho.com\/hu\/termekek\/uzleti-kiegeszito-integracio\/"]}]},{"@type":"BreadcrumbList","@id":"https:\/\/deveho.com\/hu\/termekek\/uzleti-kiegeszito-integracio\/#breadcrumb","itemListElement":[{"@type":"ListItem","position":1,"name":"Home","item":"https:\/\/deveho.com\/hu\/"},{"@type":"ListItem","position":2,"name":"Term\u00e9kek","item":"https:\/\/deveho.com\/hu\/termekek\/"},{"@type":"ListItem","position":3,"name":"\u00dczleti kieg\u00e9sz\u00edt\u0151 integr\u00e1ci\u00f3"}]},{"@type":"WebSite","@id":"https:\/\/deveho.com\/#website","url":"https:\/\/deveho.com\/","name":"Deveho Consulting Group","description":"Let\u2019s boost your growth","publisher":{"@id":"https:\/\/deveho.com\/#organization"},"potentialAction":[{"@type":"SearchAction","target":{"@type":"EntryPoint","urlTemplate":"https:\/\/deveho.com\/?s={search_term_string}"},"query-input":{"@type":"PropertyValueSpecification","valueRequired":true,"valueName":"search_term_string"}}],"inLanguage":"hu"},{"@type":"Organization","@id":"https:\/\/deveho.com\/#organization","name":"Deveho Consulting Group","url":"https:\/\/deveho.com\/","logo":{"@type":"ImageObject","inLanguage":"hu","@id":"https:\/\/deveho.com\/#\/schema\/logo\/image\/","url":"https:\/\/deveho.com\/wp-content\/uploads\/2023\/02\/DEVEHO-LOGO-Baseline-COLOR.png","contentUrl":"https:\/\/deveho.com\/wp-content\/uploads\/2023\/02\/DEVEHO-LOGO-Baseline-COLOR.png","width":2251,"height":585,"caption":"Deveho Consulting Group"},"image":{"@id":"https:\/\/deveho.com\/#\/schema\/logo\/image\/"},"sameAs":["https:\/\/www.facebook.com\/deveho","https:\/\/x.com\/Deveho1","https:\/\/www.linkedin.com\/company\/deveho-consulting\/"]}]}},"_links":{"self":[{"href":"https:\/\/deveho.com\/hu\/wp-json\/wp\/v2\/pages\/9502"}],"collection":[{"href":"https:\/\/deveho.com\/hu\/wp-json\/wp\/v2\/pages"}],"about":[{"href":"https:\/\/deveho.com\/hu\/wp-json\/wp\/v2\/types\/page"}],"author":[{"embeddable":true,"href":"https:\/\/deveho.com\/hu\/wp-json\/wp\/v2\/users\/3"}],"replies":[{"embeddable":true,"href":"https:\/\/deveho.com\/hu\/wp-json\/wp\/v2\/comments?post=9502"}],"version-history":[{"count":5,"href":"https:\/\/deveho.com\/hu\/wp-json\/wp\/v2\/pages\/9502\/revisions"}],"predecessor-version":[{"id":48070,"href":"https:\/\/deveho.com\/hu\/wp-json\/wp\/v2\/pages\/9502\/revisions\/48070"}],"up":[{"embeddable":true,"href":"https:\/\/deveho.com\/hu\/wp-json\/wp\/v2\/pages\/10338"}],"wp:attachment":[{"href":"https:\/\/deveho.com\/hu\/wp-json\/wp\/v2\/media?parent=9502"}],"curies":[{"name":"wp","href":"https:\/\/api.w.org\/{rel}","templated":true}]}}