{"id":9550,"date":"2022-03-24T10:38:52","date_gmt":"2022-03-24T10:38:52","guid":{"rendered":"https:\/\/deveho2.sfdbeta.be\/datalinx-computer-systems\/"},"modified":"2022-07-28T08:31:28","modified_gmt":"2022-07-28T08:31:28","slug":"datalinx-computer-systems","status":"publish","type":"page","link":"https:\/\/deveho.com\/hu\/termekek\/sage-x3-marketplace\/datalinx-computer-systems\/","title":{"rendered":"DATALINX Computer Systems"},"content":{"rendered":"<br \/>\n<h2>T\u00f6bb ipar\u00e1gi \u00e1gazathoz, p\u00e9ld\u00e1ul a gy\u00e1rt\u00e1shoz, a kiskereskedelemhez, a forgalmaz\u00e1shoz \u00e9s a gy\u00f3gyszeriparhoz tervezett rendszereinket a helysz\u00ednen telep\u00edtj\u00fck, \u00e9s be\u00e1gyazzuk az \u00d6n Sage k\u00f6nyvel\u00e9si rendszer\u00e9be, ahol a rakt\u00e1ri kezel\u0151k vezet\u00e9k n\u00e9lk\u00fcl csatlakoznak a k\u00f6zponti Sage rendszerhez, a leg\u00fajabb vezet\u00e9k n\u00e9lk\u00fcli hardvert \u00e9s dedik\u00e1lt Rakt\u00e1rkezel\u0151 k\u00e9perny\u0151ket haszn\u00e1lva.<\/h2>\n<h3>Datalinx Warehouse Manager X3<\/h3>\n<h3>Sage integr\u00e1ci\u00f3: Amikor a Datalinx Warehouse Manager alkalmaz\u00e1s telep\u00edtve van, a Sage ISV Developer ir\u00e1nyelveivel \u00f6sszhangban sz\u00e1mos tov\u00e1bbi adatmez\u0151, amely a term\u00e9kekhez \u00e9s p\u00e9ld\u00e1ul a helyekhez kapcsol\u00f3dik, tov\u00e1bbi \u00fczleti logik\u00e1val egy\u00fctt, amely lehet\u0151v\u00e9 teszi a Datalinx Warehouse Manager rendszer sz\u00e1m\u00e1ra a rakt\u00e1ri felhaszn\u00e1l\u00f3k \u00e1ltal az alapcsomagon bel\u00fcli funkcionalit\u00e1st. <\/h3>\n<\/p>\n<p>A Datalinx az egyetlen olyan glob\u00e1lis SAGE fejleszt\u0151, amely kiz\u00e1r\u00f3lag vonalk\u00f3dol\u00e1sra \u00e9s rakt\u00e1rkezel\u00e9sre szakosodott, SAGE tan\u00fas\u00edtott \u00e9s akkredit\u00e1lt megold\u00e1sokkal. Ez azt jelenti, hogy tiszt\u00e1ban vagyunk az \u00d6n SAGE rendszer\u00e9nek m\u0171k\u00f6d\u00e9s\u00e9vel, bele\u00e9rtve annak konfigur\u00e1ci\u00f3j\u00e1t \u00e9s m\u00f3dos\u00edt\u00e1s\u00e1t, \u00e9s ezt a tud\u00e1st haszn\u00e1ljuk annak biztos\u00edt\u00e1s\u00e1ra, hogy SAGE vonalk\u00f3dol\u00f3 \u00e9s k\u00e9szletszab\u00e1lyoz\u00e1si term\u00e9keink teljes m\u00e9rt\u00e9kben integr\u00e1l\u00f3djanak \u00e9s \u00f6sszhangban m\u0171k\u00f6djenek a SAGE szoftverrel.<\/p>\n<h2>L\u00e1togason el blogunkra, ahol olyan cikkeket \u00e9s inform\u00e1ci\u00f3kat tal\u00e1lhat, amelyek v\u00e1llalkoz\u00e1sa kulcsfontoss\u00e1g\u00fa t\u00e9m\u00e1iban \u00e9rdekeltek.<\/h2>\n<h3><\/h3>\n<\/p>\n<h3>Kapcsol\u00f3d\u00f3 profilok<\/h3>\n<p>Fedezze fel profilja alapj\u00e1n kialak\u00edtott tan\u00e1csad\u00e1si pontjait, amelyek seg\u00edtenek \u00e9s t\u00e1mogatj\u00e1k v\u00e1llalkoz\u00e1sa fejl\u0151d\u00e9s\u00e9t.<\/p>\n<h3>Kapcsol\u00f3d\u00f3 szolg\u00e1ltat\u00e1sok<\/h3>\n<p>Ismerje meg a kapcsol\u00f3d\u00f3 szolg\u00e1ltat\u00e1sainkat, melyekkel v\u00e1llalata fejl\u0151d\u00e9s\u00e9t t\u00e1mogathatjuk.<\/p>\n","protected":false},"excerpt":{"rendered":"<p>A Datalinx Warehouse Manager a SAGE k\u00f6nyvel\u00e9si rendszer\u00e9be integr\u00e1lt teljes megold\u00e1st k\u00edn\u00e1l, amely kiterjedt funkcionalit\u00e1ssal kezeli az \u00fczleti folyamatot a term\u00e9k meg\u00e9rkez\u00e9s\u00e9t\u0151l kezdve, az \u00f6sszes tranzakci\u00f3s mozg\u00e1son \u00e1t a csomagol\u00e1son \u00e9s kisz\u00e1ll\u00edt\u00e1sig.<\/p>\n","protected":false},"author":6,"featured_media":0,"parent":9615,"menu_order":0,"comment_status":"closed","ping_status":"closed","template":"templates\/template-prod_serv.php","meta":{"_acf_changed":false,"footnotes":""},"class_list":["post-9550","page","type-page","status-publish","hentry"],"acf":[],"yoast_head":"<!-- This site is optimized with the Yoast SEO plugin v23.5 - https:\/\/yoast.com\/wordpress\/plugins\/seo\/ -->\n<title>DATALINX Computer Systems - Deveho<\/title>\n<meta name=\"robots\" content=\"index, follow, max-snippet:-1, max-image-preview:large, max-video-preview:-1\" \/>\n<link rel=\"canonical\" href=\"https:\/\/deveho.com\/hu\/termekek\/sage-x3-marketplace\/datalinx-computer-systems\/\" \/>\n<meta property=\"og:locale\" content=\"hu_HU\" \/>\n<meta property=\"og:type\" content=\"article\" \/>\n<meta property=\"og:title\" content=\"DATALINX Computer Systems - Deveho\" \/>\n<meta property=\"og:description\" content=\"A Datalinx Warehouse Manager a SAGE k\u00f6nyvel\u00e9si rendszer\u00e9be integr\u00e1lt teljes megold\u00e1st k\u00edn\u00e1l, amely kiterjedt funkcionalit\u00e1ssal kezeli az \u00fczleti folyamatot a term\u00e9k meg\u00e9rkez\u00e9s\u00e9t\u0151l kezdve, az \u00f6sszes tranzakci\u00f3s mozg\u00e1son \u00e1t a csomagol\u00e1son \u00e9s kisz\u00e1ll\u00edt\u00e1sig.\" \/>\n<meta property=\"og:url\" content=\"https:\/\/deveho.com\/hu\/termekek\/sage-x3-marketplace\/datalinx-computer-systems\/\" \/>\n<meta property=\"og:site_name\" content=\"Deveho\" \/>\n<meta property=\"article:publisher\" content=\"https:\/\/www.facebook.com\/deveho\" \/>\n<meta property=\"article:modified_time\" content=\"2022-07-28T08:31:28+00:00\" \/>\n<meta name=\"twitter:card\" content=\"summary_large_image\" \/>\n<meta name=\"twitter:site\" content=\"@Deveho1\" \/>\n<meta name=\"twitter:label1\" content=\"Becs\u00fclt olvas\u00e1si id\u0151\" \/>\n\t<meta name=\"twitter:data1\" content=\"2 perc\" \/>\n<script type=\"application\/ld+json\" class=\"yoast-schema-graph\">{\"@context\":\"https:\/\/schema.org\",\"@graph\":[{\"@type\":\"WebPage\",\"@id\":\"https:\/\/deveho.com\/hu\/termekek\/sage-x3-marketplace\/datalinx-computer-systems\/\",\"url\":\"https:\/\/deveho.com\/hu\/termekek\/sage-x3-marketplace\/datalinx-computer-systems\/\",\"name\":\"DATALINX Computer Systems - Deveho\",\"isPartOf\":{\"@id\":\"https:\/\/deveho.com\/#website\"},\"datePublished\":\"2022-03-24T10:38:52+00:00\",\"dateModified\":\"2022-07-28T08:31:28+00:00\",\"breadcrumb\":{\"@id\":\"https:\/\/deveho.com\/hu\/termekek\/sage-x3-marketplace\/datalinx-computer-systems\/#breadcrumb\"},\"inLanguage\":\"hu\",\"potentialAction\":[{\"@type\":\"ReadAction\",\"target\":[\"https:\/\/deveho.com\/hu\/termekek\/sage-x3-marketplace\/datalinx-computer-systems\/\"]}]},{\"@type\":\"BreadcrumbList\",\"@id\":\"https:\/\/deveho.com\/hu\/termekek\/sage-x3-marketplace\/datalinx-computer-systems\/#breadcrumb\",\"itemListElement\":[{\"@type\":\"ListItem\",\"position\":1,\"name\":\"Home\",\"item\":\"https:\/\/deveho.com\/hu\/\"},{\"@type\":\"ListItem\",\"position\":2,\"name\":\"Term\u00e9kek\",\"item\":\"https:\/\/deveho.com\/hu\/termekek\/\"},{\"@type\":\"ListItem\",\"position\":3,\"name\":\"Sage X3 Marketplace\",\"item\":\"https:\/\/deveho.com\/hu\/termekek\/sage-x3-marketplace\/\"},{\"@type\":\"ListItem\",\"position\":4,\"name\":\"DATALINX Computer Systems\"}]},{\"@type\":\"WebSite\",\"@id\":\"https:\/\/deveho.com\/#website\",\"url\":\"https:\/\/deveho.com\/\",\"name\":\"Deveho Consulting Group\",\"description\":\"Let\u2019s boost your growth\",\"publisher\":{\"@id\":\"https:\/\/deveho.com\/#organization\"},\"potentialAction\":[{\"@type\":\"SearchAction\",\"target\":{\"@type\":\"EntryPoint\",\"urlTemplate\":\"https:\/\/deveho.com\/?s={search_term_string}\"},\"query-input\":{\"@type\":\"PropertyValueSpecification\",\"valueRequired\":true,\"valueName\":\"search_term_string\"}}],\"inLanguage\":\"hu\"},{\"@type\":\"Organization\",\"@id\":\"https:\/\/deveho.com\/#organization\",\"name\":\"Deveho Consulting Group\",\"url\":\"https:\/\/deveho.com\/\",\"logo\":{\"@type\":\"ImageObject\",\"inLanguage\":\"hu\",\"@id\":\"https:\/\/deveho.com\/#\/schema\/logo\/image\/\",\"url\":\"https:\/\/deveho.com\/wp-content\/uploads\/2023\/02\/DEVEHO-LOGO-Baseline-COLOR.png\",\"contentUrl\":\"https:\/\/deveho.com\/wp-content\/uploads\/2023\/02\/DEVEHO-LOGO-Baseline-COLOR.png\",\"width\":2251,\"height\":585,\"caption\":\"Deveho Consulting Group\"},\"image\":{\"@id\":\"https:\/\/deveho.com\/#\/schema\/logo\/image\/\"},\"sameAs\":[\"https:\/\/www.facebook.com\/deveho\",\"https:\/\/x.com\/Deveho1\",\"https:\/\/www.linkedin.com\/company\/deveho-consulting\/\"]}]}<\/script>\n<!-- \/ Yoast SEO plugin. -->","yoast_head_json":{"title":"DATALINX Computer Systems - Deveho","robots":{"index":"index","follow":"follow","max-snippet":"max-snippet:-1","max-image-preview":"max-image-preview:large","max-video-preview":"max-video-preview:-1"},"canonical":"https:\/\/deveho.com\/hu\/termekek\/sage-x3-marketplace\/datalinx-computer-systems\/","og_locale":"hu_HU","og_type":"article","og_title":"DATALINX Computer Systems - Deveho","og_description":"A Datalinx Warehouse Manager a SAGE k\u00f6nyvel\u00e9si rendszer\u00e9be integr\u00e1lt teljes megold\u00e1st k\u00edn\u00e1l, amely kiterjedt funkcionalit\u00e1ssal kezeli az \u00fczleti folyamatot a term\u00e9k meg\u00e9rkez\u00e9s\u00e9t\u0151l kezdve, az \u00f6sszes tranzakci\u00f3s mozg\u00e1son \u00e1t a csomagol\u00e1son \u00e9s kisz\u00e1ll\u00edt\u00e1sig.","og_url":"https:\/\/deveho.com\/hu\/termekek\/sage-x3-marketplace\/datalinx-computer-systems\/","og_site_name":"Deveho","article_publisher":"https:\/\/www.facebook.com\/deveho","article_modified_time":"2022-07-28T08:31:28+00:00","twitter_card":"summary_large_image","twitter_site":"@Deveho1","twitter_misc":{"Becs\u00fclt olvas\u00e1si id\u0151":"2 perc"},"schema":{"@context":"https:\/\/schema.org","@graph":[{"@type":"WebPage","@id":"https:\/\/deveho.com\/hu\/termekek\/sage-x3-marketplace\/datalinx-computer-systems\/","url":"https:\/\/deveho.com\/hu\/termekek\/sage-x3-marketplace\/datalinx-computer-systems\/","name":"DATALINX Computer Systems - Deveho","isPartOf":{"@id":"https:\/\/deveho.com\/#website"},"datePublished":"2022-03-24T10:38:52+00:00","dateModified":"2022-07-28T08:31:28+00:00","breadcrumb":{"@id":"https:\/\/deveho.com\/hu\/termekek\/sage-x3-marketplace\/datalinx-computer-systems\/#breadcrumb"},"inLanguage":"hu","potentialAction":[{"@type":"ReadAction","target":["https:\/\/deveho.com\/hu\/termekek\/sage-x3-marketplace\/datalinx-computer-systems\/"]}]},{"@type":"BreadcrumbList","@id":"https:\/\/deveho.com\/hu\/termekek\/sage-x3-marketplace\/datalinx-computer-systems\/#breadcrumb","itemListElement":[{"@type":"ListItem","position":1,"name":"Home","item":"https:\/\/deveho.com\/hu\/"},{"@type":"ListItem","position":2,"name":"Term\u00e9kek","item":"https:\/\/deveho.com\/hu\/termekek\/"},{"@type":"ListItem","position":3,"name":"Sage X3 Marketplace","item":"https:\/\/deveho.com\/hu\/termekek\/sage-x3-marketplace\/"},{"@type":"ListItem","position":4,"name":"DATALINX Computer Systems"}]},{"@type":"WebSite","@id":"https:\/\/deveho.com\/#website","url":"https:\/\/deveho.com\/","name":"Deveho Consulting Group","description":"Let\u2019s boost your growth","publisher":{"@id":"https:\/\/deveho.com\/#organization"},"potentialAction":[{"@type":"SearchAction","target":{"@type":"EntryPoint","urlTemplate":"https:\/\/deveho.com\/?s={search_term_string}"},"query-input":{"@type":"PropertyValueSpecification","valueRequired":true,"valueName":"search_term_string"}}],"inLanguage":"hu"},{"@type":"Organization","@id":"https:\/\/deveho.com\/#organization","name":"Deveho Consulting Group","url":"https:\/\/deveho.com\/","logo":{"@type":"ImageObject","inLanguage":"hu","@id":"https:\/\/deveho.com\/#\/schema\/logo\/image\/","url":"https:\/\/deveho.com\/wp-content\/uploads\/2023\/02\/DEVEHO-LOGO-Baseline-COLOR.png","contentUrl":"https:\/\/deveho.com\/wp-content\/uploads\/2023\/02\/DEVEHO-LOGO-Baseline-COLOR.png","width":2251,"height":585,"caption":"Deveho Consulting Group"},"image":{"@id":"https:\/\/deveho.com\/#\/schema\/logo\/image\/"},"sameAs":["https:\/\/www.facebook.com\/deveho","https:\/\/x.com\/Deveho1","https:\/\/www.linkedin.com\/company\/deveho-consulting\/"]}]}},"_links":{"self":[{"href":"https:\/\/deveho.com\/hu\/wp-json\/wp\/v2\/pages\/9550"}],"collection":[{"href":"https:\/\/deveho.com\/hu\/wp-json\/wp\/v2\/pages"}],"about":[{"href":"https:\/\/deveho.com\/hu\/wp-json\/wp\/v2\/types\/page"}],"author":[{"embeddable":true,"href":"https:\/\/deveho.com\/hu\/wp-json\/wp\/v2\/users\/6"}],"replies":[{"embeddable":true,"href":"https:\/\/deveho.com\/hu\/wp-json\/wp\/v2\/comments?post=9550"}],"version-history":[{"count":0,"href":"https:\/\/deveho.com\/hu\/wp-json\/wp\/v2\/pages\/9550\/revisions"}],"up":[{"embeddable":true,"href":"https:\/\/deveho.com\/hu\/wp-json\/wp\/v2\/pages\/9615"}],"wp:attachment":[{"href":"https:\/\/deveho.com\/hu\/wp-json\/wp\/v2\/media?parent=9550"}],"curies":[{"name":"wp","href":"https:\/\/api.w.org\/{rel}","templated":true}]}}