{"id":9555,"date":"2022-03-24T15:53:51","date_gmt":"2022-03-24T15:53:51","guid":{"rendered":"https:\/\/deveho2.sfdbeta.be\/sage-enterprise-intelligence\/"},"modified":"2025-03-28T12:09:09","modified_gmt":"2025-03-28T10:09:09","slug":"sage-enterprise-intelligence","status":"publish","type":"page","link":"https:\/\/deveho.com\/hu\/termekek\/sage-x3-marketplace\/sage-enterprise-intelligence\/","title":{"rendered":"Sage Enterprise Intelligence"},"content":{"rendered":"<br \/>\n<h2><\/h2>\n<h3>A Sage Enterprise Intelligence seg\u00edthet \u00d6nnek<\/h3>\n<h3>Mik ERP Business Intelligence modul el\u0151nyei?<\/h3>\n<\/p>\n<h3>A Sage Enterprise Intelligence <red><b>El\u0151nyei<\/b><\/red><\/h3>\n<\/p>\n<p><b>Egyszer\u0171:<\/b> Intuit\u00edv, k\u00f6nnyen haszn\u00e1lhat\u00f3 \u00fczleti intelligencia-megold\u00e1s biztos\u00edt\u00e1s\u00e1val lehet\u0151v\u00e9 teszi a felhaszn\u00e1l\u00f3k sz\u00e1m\u00e1ra, hogy \u00f6n\u00e1ll\u00f3 m\u00f3don elemezz\u00e9k \u00e9s jelents\u00e9k az inform\u00e1ci\u00f3kat.<\/p>\n<p><b>Gyors:<\/b> Cs\u00f6kkenti az elemz\u00e9sre \u00e9s jelent\u00e9sk\u00e9sz\u00edt\u00e9sre ford\u00edtott id\u0151t, \u00e9s gyorsabb \u00e9s t\u00e1j\u00e9kozottabb d\u00f6nt\u00e9shozatalt tesz lehet\u0151v\u00e9 szervezet\u00e9ben az\u00e1ltal, hogy gyors hozz\u00e1f\u00e9r\u00e9st biztos\u00edt a felhaszn\u00e1l\u00f3knak az inform\u00e1ci\u00f3khoz.<\/p>\n<p><b>\u00c1tfog\u00f3:<\/b> Tiszta k\u00e9pet ad teljes \u00fczlet\u00e9r\u0151l, \u00e9s fejleszti az egy\u00fcttm\u0171k\u00f6d\u00e9st a r\u00e9szlegek k\u00f6z\u00f6tt. A Sage Business Cloud X3-mal val\u00f3 szoros \u00e9s biztons\u00e1gos integr\u00e1ci\u00f3 biztos\u00edtja a kritikus \u00fczleti inform\u00e1ci\u00f3k megb\u00edzhat\u00f3s\u00e1g\u00e1t, koherens betekint\u00e9st ny\u00fajt az \u00fczleti felhaszn\u00e1l\u00f3k sz\u00e1m\u00e1ra a val\u00f3s idej\u0171 v\u00e1llalati adatokba, t\u00e1mogatja a koherens d\u00f6nt\u00e9shozatalt, \u00e9s el\u0151seg\u00edti a folyamatos keresztfunkcion\u00e1lis fejleszt\u00e9seket.<\/p>\n<h3>A Sage Enterprise Intelligence <red><b>Jellemz\u0151i<\/b><\/red><\/h3>\n<\/p>\n<p>Intuit\u00edv UI<\/p>\n<p>T\u00f6bb b\u00f6ng\u00e9sz\u0151s k\u00e9pess\u00e9gek<\/p>\n<p>Val\u00f3s idej\u0171 adatok, teljesen integr\u00e1lva a Sage X3-mal<\/p>\n<p>Nagy mennyis\u00e9g\u0171 adat gyors feldolgoz\u00e1sa<\/p>\n<p>Haszn\u00e1latra k\u00e9sz KPI-k \u00e9s sablonok<\/p>\n<p>Kiterjedt adatvizualiz\u00e1ci\u00f3 (m\u00e9r\u0151eszk\u00f6z\u00f6k, t\u00e9rk\u00e9pek, diagramok)<\/p>\n<p>Kiterjesztett keres\u00e9si k\u00e9pess\u00e9gek<\/p>\n<p>Mobilit\u00e1si k\u00e9pess\u00e9gek<\/p>\n<p>Microsoft\u00ae Excel\u00ae Add-In<\/p>\n<p>Integr\u00e1ci\u00f3 az \u00fczleti menedzsment megold\u00e1ssal \u00e9s m\u00e1s forr\u00e1sokkal<\/p>\n<p>Megoszt\u00e1sra k\u00e9sz analitk\u00e1k<\/p>\n<h3>A Sage Enterprise Intelligence a k\u00f6vetkez\u0151kkel kompatibilis: <\/h3>\n<p><p>A Sage Enterprise Intelligence (SEI) egy teljesen integr\u00e1lt \u00fczleti intelligencia \u00e9s adatkezel\u00e9si megold\u00e1s, amely seg\u00edti a szervezeteket a val\u00f3s idej\u0171 adatok alapj\u00e1n megalapozott d\u00f6nt\u00e9sek meghozatal\u00e1ban. Az \u00f6sszes felhaszn\u00e1l\u00f3t seg\u00edti egy egyszer\u0171 fel\u00fclettel, hogy \u00f6n\u00e1ll\u00f3 m\u00f3don t\u00f6rt\u00e9n\u0151 \u00e9rj\u00e9k el \u00e9s elemezz\u00e9k az adatokat, valamint kik\u00fcsz\u00f6b\u00f6li az elt\u00e9r\u0151 eszk\u00f6z\u00f6k \u00e9s speci\u00e1lis ismeretek sz\u00fcks\u00e9gess\u00e9g\u00e9t.<\/p>\n<\/p>\n<p>Sage X3<\/p>\n<p>Sage 100<\/p>\n<p>Sage 200<\/p>\n<p>Sage 500<\/p>\n<p>Sage 300<\/p>\n<p>Sage CRM<\/p>\n<p>Sage XRT<\/p>\n<h2><\/h2>\n<h3>Kapcsol\u00f3d\u00f3 oldalak<\/h3>\n<\/p>\n<h3><\/h3>\n<\/p>\n<h3><\/h3><\/p>\n","protected":false},"excerpt":{"rendered":"<p>A Sage Enterprise Intelligence integr\u00e1lt BI-megold\u00e1sa seg\u00edt a felhaszn\u00e1l\u00f3knak gyorsabban meghozni a legjobb d\u00f6nt\u00e9seket az \u00f6sszes sz\u00fcks\u00e9ges adat birtok\u00e1ban.<br \/>\nA SEI seg\u00edts\u00e9g\u00e9vel az adatok kinyer\u00e9se, \u00e1talak\u00edt\u00e1sa, konszolid\u00e1l\u00e1sa, migr\u00e1ci\u00f3ja \u00e9s megjelen\u00edt\u00e9se egyszer\u0171 form\u00e1ban, val\u00f3s id\u0151ben, \u00f6nkiszolg\u00e1l\u00f3 m\u00f3dban \u00e9s n\u00e9h\u00e1ny kattint\u00e1ssal el\u00e9rhet\u0151.<br \/>\nErgonomikus, a SEI-megold\u00e1s el\u0151seg\u00edti a felhaszn\u00e1l\u00f3i \u00f6n\u00e1ll\u00f3s\u00e1got, an\u00e9lk\u00fcl, hogy k\u00fcl\u00f6nleges k\u00e9szs\u00e9gekre lenne sz\u00fcks\u00e9g.<\/p>\n","protected":false},"author":3,"featured_media":0,"parent":9615,"menu_order":0,"comment_status":"closed","ping_status":"closed","template":"templates\/template-prod_serv.php","meta":{"_acf_changed":false,"footnotes":""},"class_list":["post-9555","page","type-page","status-publish","hentry"],"acf":[],"yoast_head":"<!-- This site is optimized with the Yoast SEO plugin v23.5 - https:\/\/yoast.com\/wordpress\/plugins\/seo\/ -->\n<title>Sage Enterprise Intelligence - Deveho<\/title>\n<meta name=\"robots\" content=\"index, follow, max-snippet:-1, max-image-preview:large, max-video-preview:-1\" \/>\n<link rel=\"canonical\" href=\"https:\/\/deveho.com\/hu\/termekek\/sage-x3-marketplace\/sage-enterprise-intelligence\/\" \/>\n<meta property=\"og:locale\" content=\"hu_HU\" \/>\n<meta property=\"og:type\" content=\"article\" \/>\n<meta property=\"og:title\" content=\"Sage Enterprise Intelligence - Deveho\" \/>\n<meta property=\"og:description\" content=\"A Sage Enterprise Intelligence integr\u00e1lt BI-megold\u00e1sa seg\u00edt a felhaszn\u00e1l\u00f3knak gyorsabban meghozni a legjobb d\u00f6nt\u00e9seket az \u00f6sszes sz\u00fcks\u00e9ges adat birtok\u00e1ban. A SEI seg\u00edts\u00e9g\u00e9vel az adatok kinyer\u00e9se, \u00e1talak\u00edt\u00e1sa, konszolid\u00e1l\u00e1sa, migr\u00e1ci\u00f3ja \u00e9s megjelen\u00edt\u00e9se egyszer\u0171 form\u00e1ban, val\u00f3s id\u0151ben, \u00f6nkiszolg\u00e1l\u00f3 m\u00f3dban \u00e9s n\u00e9h\u00e1ny kattint\u00e1ssal el\u00e9rhet\u0151. Ergonomikus, a SEI-megold\u00e1s el\u0151seg\u00edti a felhaszn\u00e1l\u00f3i \u00f6n\u00e1ll\u00f3s\u00e1got, an\u00e9lk\u00fcl, hogy k\u00fcl\u00f6nleges k\u00e9szs\u00e9gekre lenne sz\u00fcks\u00e9g.\" \/>\n<meta property=\"og:url\" content=\"https:\/\/deveho.com\/hu\/termekek\/sage-x3-marketplace\/sage-enterprise-intelligence\/\" \/>\n<meta property=\"og:site_name\" content=\"Deveho\" \/>\n<meta property=\"article:publisher\" content=\"https:\/\/www.facebook.com\/deveho\" \/>\n<meta property=\"article:modified_time\" content=\"2025-03-28T10:09:09+00:00\" \/>\n<meta name=\"twitter:card\" content=\"summary_large_image\" \/>\n<meta name=\"twitter:site\" content=\"@Deveho1\" \/>\n<meta name=\"twitter:label1\" content=\"Becs\u00fclt olvas\u00e1si id\u0151\" \/>\n\t<meta name=\"twitter:data1\" content=\"2 perc\" \/>\n<script type=\"application\/ld+json\" class=\"yoast-schema-graph\">{\"@context\":\"https:\/\/schema.org\",\"@graph\":[{\"@type\":\"WebPage\",\"@id\":\"https:\/\/deveho.com\/hu\/termekek\/sage-x3-marketplace\/sage-enterprise-intelligence\/\",\"url\":\"https:\/\/deveho.com\/hu\/termekek\/sage-x3-marketplace\/sage-enterprise-intelligence\/\",\"name\":\"Sage Enterprise Intelligence - Deveho\",\"isPartOf\":{\"@id\":\"https:\/\/deveho.com\/#website\"},\"datePublished\":\"2022-03-24T15:53:51+00:00\",\"dateModified\":\"2025-03-28T10:09:09+00:00\",\"breadcrumb\":{\"@id\":\"https:\/\/deveho.com\/hu\/termekek\/sage-x3-marketplace\/sage-enterprise-intelligence\/#breadcrumb\"},\"inLanguage\":\"hu\",\"potentialAction\":[{\"@type\":\"ReadAction\",\"target\":[\"https:\/\/deveho.com\/hu\/termekek\/sage-x3-marketplace\/sage-enterprise-intelligence\/\"]}]},{\"@type\":\"BreadcrumbList\",\"@id\":\"https:\/\/deveho.com\/hu\/termekek\/sage-x3-marketplace\/sage-enterprise-intelligence\/#breadcrumb\",\"itemListElement\":[{\"@type\":\"ListItem\",\"position\":1,\"name\":\"Home\",\"item\":\"https:\/\/deveho.com\/hu\/\"},{\"@type\":\"ListItem\",\"position\":2,\"name\":\"Term\u00e9kek\",\"item\":\"https:\/\/deveho.com\/hu\/termekek\/\"},{\"@type\":\"ListItem\",\"position\":3,\"name\":\"Sage X3 Marketplace\",\"item\":\"https:\/\/deveho.com\/hu\/termekek\/sage-x3-marketplace\/\"},{\"@type\":\"ListItem\",\"position\":4,\"name\":\"Sage Enterprise Intelligence\"}]},{\"@type\":\"WebSite\",\"@id\":\"https:\/\/deveho.com\/#website\",\"url\":\"https:\/\/deveho.com\/\",\"name\":\"Deveho Consulting Group\",\"description\":\"Let\u2019s boost your growth\",\"publisher\":{\"@id\":\"https:\/\/deveho.com\/#organization\"},\"potentialAction\":[{\"@type\":\"SearchAction\",\"target\":{\"@type\":\"EntryPoint\",\"urlTemplate\":\"https:\/\/deveho.com\/?s={search_term_string}\"},\"query-input\":{\"@type\":\"PropertyValueSpecification\",\"valueRequired\":true,\"valueName\":\"search_term_string\"}}],\"inLanguage\":\"hu\"},{\"@type\":\"Organization\",\"@id\":\"https:\/\/deveho.com\/#organization\",\"name\":\"Deveho Consulting Group\",\"url\":\"https:\/\/deveho.com\/\",\"logo\":{\"@type\":\"ImageObject\",\"inLanguage\":\"hu\",\"@id\":\"https:\/\/deveho.com\/#\/schema\/logo\/image\/\",\"url\":\"https:\/\/deveho.com\/wp-content\/uploads\/2023\/02\/DEVEHO-LOGO-Baseline-COLOR.png\",\"contentUrl\":\"https:\/\/deveho.com\/wp-content\/uploads\/2023\/02\/DEVEHO-LOGO-Baseline-COLOR.png\",\"width\":2251,\"height\":585,\"caption\":\"Deveho Consulting Group\"},\"image\":{\"@id\":\"https:\/\/deveho.com\/#\/schema\/logo\/image\/\"},\"sameAs\":[\"https:\/\/www.facebook.com\/deveho\",\"https:\/\/x.com\/Deveho1\",\"https:\/\/www.linkedin.com\/company\/deveho-consulting\/\"]}]}<\/script>\n<!-- \/ Yoast SEO plugin. -->","yoast_head_json":{"title":"Sage Enterprise Intelligence - Deveho","robots":{"index":"index","follow":"follow","max-snippet":"max-snippet:-1","max-image-preview":"max-image-preview:large","max-video-preview":"max-video-preview:-1"},"canonical":"https:\/\/deveho.com\/hu\/termekek\/sage-x3-marketplace\/sage-enterprise-intelligence\/","og_locale":"hu_HU","og_type":"article","og_title":"Sage Enterprise Intelligence - Deveho","og_description":"A Sage Enterprise Intelligence integr\u00e1lt BI-megold\u00e1sa seg\u00edt a felhaszn\u00e1l\u00f3knak gyorsabban meghozni a legjobb d\u00f6nt\u00e9seket az \u00f6sszes sz\u00fcks\u00e9ges adat birtok\u00e1ban. A SEI seg\u00edts\u00e9g\u00e9vel az adatok kinyer\u00e9se, \u00e1talak\u00edt\u00e1sa, konszolid\u00e1l\u00e1sa, migr\u00e1ci\u00f3ja \u00e9s megjelen\u00edt\u00e9se egyszer\u0171 form\u00e1ban, val\u00f3s id\u0151ben, \u00f6nkiszolg\u00e1l\u00f3 m\u00f3dban \u00e9s n\u00e9h\u00e1ny kattint\u00e1ssal el\u00e9rhet\u0151. Ergonomikus, a SEI-megold\u00e1s el\u0151seg\u00edti a felhaszn\u00e1l\u00f3i \u00f6n\u00e1ll\u00f3s\u00e1got, an\u00e9lk\u00fcl, hogy k\u00fcl\u00f6nleges k\u00e9szs\u00e9gekre lenne sz\u00fcks\u00e9g.","og_url":"https:\/\/deveho.com\/hu\/termekek\/sage-x3-marketplace\/sage-enterprise-intelligence\/","og_site_name":"Deveho","article_publisher":"https:\/\/www.facebook.com\/deveho","article_modified_time":"2025-03-28T10:09:09+00:00","twitter_card":"summary_large_image","twitter_site":"@Deveho1","twitter_misc":{"Becs\u00fclt olvas\u00e1si id\u0151":"2 perc"},"schema":{"@context":"https:\/\/schema.org","@graph":[{"@type":"WebPage","@id":"https:\/\/deveho.com\/hu\/termekek\/sage-x3-marketplace\/sage-enterprise-intelligence\/","url":"https:\/\/deveho.com\/hu\/termekek\/sage-x3-marketplace\/sage-enterprise-intelligence\/","name":"Sage Enterprise Intelligence - Deveho","isPartOf":{"@id":"https:\/\/deveho.com\/#website"},"datePublished":"2022-03-24T15:53:51+00:00","dateModified":"2025-03-28T10:09:09+00:00","breadcrumb":{"@id":"https:\/\/deveho.com\/hu\/termekek\/sage-x3-marketplace\/sage-enterprise-intelligence\/#breadcrumb"},"inLanguage":"hu","potentialAction":[{"@type":"ReadAction","target":["https:\/\/deveho.com\/hu\/termekek\/sage-x3-marketplace\/sage-enterprise-intelligence\/"]}]},{"@type":"BreadcrumbList","@id":"https:\/\/deveho.com\/hu\/termekek\/sage-x3-marketplace\/sage-enterprise-intelligence\/#breadcrumb","itemListElement":[{"@type":"ListItem","position":1,"name":"Home","item":"https:\/\/deveho.com\/hu\/"},{"@type":"ListItem","position":2,"name":"Term\u00e9kek","item":"https:\/\/deveho.com\/hu\/termekek\/"},{"@type":"ListItem","position":3,"name":"Sage X3 Marketplace","item":"https:\/\/deveho.com\/hu\/termekek\/sage-x3-marketplace\/"},{"@type":"ListItem","position":4,"name":"Sage Enterprise Intelligence"}]},{"@type":"WebSite","@id":"https:\/\/deveho.com\/#website","url":"https:\/\/deveho.com\/","name":"Deveho Consulting Group","description":"Let\u2019s boost your growth","publisher":{"@id":"https:\/\/deveho.com\/#organization"},"potentialAction":[{"@type":"SearchAction","target":{"@type":"EntryPoint","urlTemplate":"https:\/\/deveho.com\/?s={search_term_string}"},"query-input":{"@type":"PropertyValueSpecification","valueRequired":true,"valueName":"search_term_string"}}],"inLanguage":"hu"},{"@type":"Organization","@id":"https:\/\/deveho.com\/#organization","name":"Deveho Consulting Group","url":"https:\/\/deveho.com\/","logo":{"@type":"ImageObject","inLanguage":"hu","@id":"https:\/\/deveho.com\/#\/schema\/logo\/image\/","url":"https:\/\/deveho.com\/wp-content\/uploads\/2023\/02\/DEVEHO-LOGO-Baseline-COLOR.png","contentUrl":"https:\/\/deveho.com\/wp-content\/uploads\/2023\/02\/DEVEHO-LOGO-Baseline-COLOR.png","width":2251,"height":585,"caption":"Deveho Consulting Group"},"image":{"@id":"https:\/\/deveho.com\/#\/schema\/logo\/image\/"},"sameAs":["https:\/\/www.facebook.com\/deveho","https:\/\/x.com\/Deveho1","https:\/\/www.linkedin.com\/company\/deveho-consulting\/"]}]}},"_links":{"self":[{"href":"https:\/\/deveho.com\/hu\/wp-json\/wp\/v2\/pages\/9555"}],"collection":[{"href":"https:\/\/deveho.com\/hu\/wp-json\/wp\/v2\/pages"}],"about":[{"href":"https:\/\/deveho.com\/hu\/wp-json\/wp\/v2\/types\/page"}],"author":[{"embeddable":true,"href":"https:\/\/deveho.com\/hu\/wp-json\/wp\/v2\/users\/3"}],"replies":[{"embeddable":true,"href":"https:\/\/deveho.com\/hu\/wp-json\/wp\/v2\/comments?post=9555"}],"version-history":[{"count":2,"href":"https:\/\/deveho.com\/hu\/wp-json\/wp\/v2\/pages\/9555\/revisions"}],"predecessor-version":[{"id":39010,"href":"https:\/\/deveho.com\/hu\/wp-json\/wp\/v2\/pages\/9555\/revisions\/39010"}],"up":[{"embeddable":true,"href":"https:\/\/deveho.com\/hu\/wp-json\/wp\/v2\/pages\/9615"}],"wp:attachment":[{"href":"https:\/\/deveho.com\/hu\/wp-json\/wp\/v2\/media?parent=9555"}],"curies":[{"name":"wp","href":"https:\/\/api.w.org\/{rel}","templated":true}]}}