{"id":9600,"date":"2022-03-30T12:14:22","date_gmt":"2022-03-30T12:14:22","guid":{"rendered":"https:\/\/deveho2.sfdbeta.be\/sage-crm\/"},"modified":"2023-09-28T16:02:32","modified_gmt":"2023-09-28T14:02:32","slug":"sage-crm","status":"publish","type":"page","link":"https:\/\/deveho.com\/hu\/termekek\/sage-x3-marketplace\/sage-crm\/","title":{"rendered":"Sage CRM"},"content":{"rendered":"<br \/>\n<h2><\/h2>\n<h3><\/h3>\n<h3>A Sage CRM megold\u00e1st a v\u00e1llalkoz\u00e1sok ig\u00e9nyeire tervezt\u00e9k, biztos\u00edtva, hogy tov\u00e1bbra is megfizethet\u0151, adapt\u00e1lhat\u00f3 \u00e9s hihetetlen\u00fcl k\u00f6nnyen haszn\u00e1lhat\u00f3 legyen, mik\u00f6zben bemutatja a sk\u00e1l\u00e1zhat\u00f3s\u00e1g lehet\u0151s\u00e9g\u00e9t, amely k\u00e9pes figyelemmel k\u00eds\u00e9rni az \u00d6n tev\u00e9kenys\u00e9g\u00e9nek alakul\u00e1s\u00e1t.<\/h3>\n<\/p>\n<h2><\/h2>\n<h3>Kapcsol\u00f3d\u00f3 Oldalak<\/h3><\/p>\n","protected":false},"excerpt":{"rendered":"<p>A Sage CRM megold\u00e1st a v\u00e1llalkoz\u00e1sok ig\u00e9nyeire tervezt\u00e9k, biztos\u00edtva, hogy tov\u00e1bbra is megfizethet\u0151, adapt\u00e1lhat\u00f3 \u00e9s hihetetlen\u00fcl k\u00f6nnyen haszn\u00e1lhat\u00f3 legyen, mik\u00f6zben bemutatja a sk\u00e1l\u00e1zhat\u00f3s\u00e1g lehet\u0151s\u00e9g\u00e9t, amely k\u00e9pes figyelemmel k\u00eds\u00e9rni az \u00d6n tev\u00e9kenys\u00e9g\u00e9nek alakul\u00e1s\u00e1t. Kapcsol\u00f3d\u00f3 Oldalak<\/p>\n","protected":false},"author":3,"featured_media":0,"parent":9615,"menu_order":0,"comment_status":"closed","ping_status":"closed","template":"templates\/template-prod_serv.php","meta":{"_acf_changed":false,"footnotes":""},"class_list":["post-9600","page","type-page","status-publish","hentry"],"acf":[],"yoast_head":"<!-- This site is optimized with the Yoast SEO plugin v23.5 - https:\/\/yoast.com\/wordpress\/plugins\/seo\/ -->\n<title>Sage CRM - Deveho<\/title>\n<meta name=\"robots\" content=\"index, follow, max-snippet:-1, max-image-preview:large, max-video-preview:-1\" \/>\n<link rel=\"canonical\" href=\"https:\/\/deveho.com\/hu\/termekek\/sage-x3-marketplace\/sage-crm\/\" \/>\n<meta property=\"og:locale\" content=\"hu_HU\" \/>\n<meta property=\"og:type\" content=\"article\" \/>\n<meta property=\"og:title\" content=\"Sage CRM - Deveho\" \/>\n<meta property=\"og:description\" content=\"A Sage CRM megold\u00e1st a v\u00e1llalkoz\u00e1sok ig\u00e9nyeire tervezt\u00e9k, biztos\u00edtva, hogy tov\u00e1bbra is megfizethet\u0151, adapt\u00e1lhat\u00f3 \u00e9s hihetetlen\u00fcl k\u00f6nnyen haszn\u00e1lhat\u00f3 legyen, mik\u00f6zben bemutatja a sk\u00e1l\u00e1zhat\u00f3s\u00e1g lehet\u0151s\u00e9g\u00e9t, amely k\u00e9pes figyelemmel k\u00eds\u00e9rni az \u00d6n tev\u00e9kenys\u00e9g\u00e9nek alakul\u00e1s\u00e1t. Kapcsol\u00f3d\u00f3 Oldalak\" \/>\n<meta property=\"og:url\" content=\"https:\/\/deveho.com\/hu\/termekek\/sage-x3-marketplace\/sage-crm\/\" \/>\n<meta property=\"og:site_name\" content=\"Deveho\" \/>\n<meta property=\"article:publisher\" content=\"https:\/\/www.facebook.com\/deveho\" \/>\n<meta property=\"article:modified_time\" content=\"2023-09-28T14:02:32+00:00\" \/>\n<meta name=\"twitter:card\" content=\"summary_large_image\" \/>\n<meta name=\"twitter:site\" content=\"@Deveho1\" \/>\n<meta name=\"twitter:label1\" content=\"Becs\u00fclt olvas\u00e1si id\u0151\" \/>\n\t<meta name=\"twitter:data1\" content=\"1 perc\" \/>\n<script type=\"application\/ld+json\" class=\"yoast-schema-graph\">{\"@context\":\"https:\/\/schema.org\",\"@graph\":[{\"@type\":\"WebPage\",\"@id\":\"https:\/\/deveho.com\/hu\/termekek\/sage-x3-marketplace\/sage-crm\/\",\"url\":\"https:\/\/deveho.com\/hu\/termekek\/sage-x3-marketplace\/sage-crm\/\",\"name\":\"Sage CRM - Deveho\",\"isPartOf\":{\"@id\":\"https:\/\/deveho.com\/#website\"},\"datePublished\":\"2022-03-30T12:14:22+00:00\",\"dateModified\":\"2023-09-28T14:02:32+00:00\",\"breadcrumb\":{\"@id\":\"https:\/\/deveho.com\/hu\/termekek\/sage-x3-marketplace\/sage-crm\/#breadcrumb\"},\"inLanguage\":\"hu\",\"potentialAction\":[{\"@type\":\"ReadAction\",\"target\":[\"https:\/\/deveho.com\/hu\/termekek\/sage-x3-marketplace\/sage-crm\/\"]}]},{\"@type\":\"BreadcrumbList\",\"@id\":\"https:\/\/deveho.com\/hu\/termekek\/sage-x3-marketplace\/sage-crm\/#breadcrumb\",\"itemListElement\":[{\"@type\":\"ListItem\",\"position\":1,\"name\":\"Home\",\"item\":\"https:\/\/deveho.com\/hu\/\"},{\"@type\":\"ListItem\",\"position\":2,\"name\":\"Term\u00e9kek\",\"item\":\"https:\/\/deveho.com\/hu\/termekek\/\"},{\"@type\":\"ListItem\",\"position\":3,\"name\":\"Sage X3 Marketplace\",\"item\":\"https:\/\/deveho.com\/hu\/termekek\/sage-x3-marketplace\/\"},{\"@type\":\"ListItem\",\"position\":4,\"name\":\"Sage CRM\"}]},{\"@type\":\"WebSite\",\"@id\":\"https:\/\/deveho.com\/#website\",\"url\":\"https:\/\/deveho.com\/\",\"name\":\"Deveho Consulting Group\",\"description\":\"Let\u2019s boost your growth\",\"publisher\":{\"@id\":\"https:\/\/deveho.com\/#organization\"},\"potentialAction\":[{\"@type\":\"SearchAction\",\"target\":{\"@type\":\"EntryPoint\",\"urlTemplate\":\"https:\/\/deveho.com\/?s={search_term_string}\"},\"query-input\":{\"@type\":\"PropertyValueSpecification\",\"valueRequired\":true,\"valueName\":\"search_term_string\"}}],\"inLanguage\":\"hu\"},{\"@type\":\"Organization\",\"@id\":\"https:\/\/deveho.com\/#organization\",\"name\":\"Deveho Consulting Group\",\"url\":\"https:\/\/deveho.com\/\",\"logo\":{\"@type\":\"ImageObject\",\"inLanguage\":\"hu\",\"@id\":\"https:\/\/deveho.com\/#\/schema\/logo\/image\/\",\"url\":\"https:\/\/deveho.com\/wp-content\/uploads\/2023\/02\/DEVEHO-LOGO-Baseline-COLOR.png\",\"contentUrl\":\"https:\/\/deveho.com\/wp-content\/uploads\/2023\/02\/DEVEHO-LOGO-Baseline-COLOR.png\",\"width\":2251,\"height\":585,\"caption\":\"Deveho Consulting Group\"},\"image\":{\"@id\":\"https:\/\/deveho.com\/#\/schema\/logo\/image\/\"},\"sameAs\":[\"https:\/\/www.facebook.com\/deveho\",\"https:\/\/x.com\/Deveho1\",\"https:\/\/www.linkedin.com\/company\/deveho-consulting\/\"]}]}<\/script>\n<!-- \/ Yoast SEO plugin. -->","yoast_head_json":{"title":"Sage CRM - Deveho","robots":{"index":"index","follow":"follow","max-snippet":"max-snippet:-1","max-image-preview":"max-image-preview:large","max-video-preview":"max-video-preview:-1"},"canonical":"https:\/\/deveho.com\/hu\/termekek\/sage-x3-marketplace\/sage-crm\/","og_locale":"hu_HU","og_type":"article","og_title":"Sage CRM - Deveho","og_description":"A Sage CRM megold\u00e1st a v\u00e1llalkoz\u00e1sok ig\u00e9nyeire tervezt\u00e9k, biztos\u00edtva, hogy tov\u00e1bbra is megfizethet\u0151, adapt\u00e1lhat\u00f3 \u00e9s hihetetlen\u00fcl k\u00f6nnyen haszn\u00e1lhat\u00f3 legyen, mik\u00f6zben bemutatja a sk\u00e1l\u00e1zhat\u00f3s\u00e1g lehet\u0151s\u00e9g\u00e9t, amely k\u00e9pes figyelemmel k\u00eds\u00e9rni az \u00d6n tev\u00e9kenys\u00e9g\u00e9nek alakul\u00e1s\u00e1t. Kapcsol\u00f3d\u00f3 Oldalak","og_url":"https:\/\/deveho.com\/hu\/termekek\/sage-x3-marketplace\/sage-crm\/","og_site_name":"Deveho","article_publisher":"https:\/\/www.facebook.com\/deveho","article_modified_time":"2023-09-28T14:02:32+00:00","twitter_card":"summary_large_image","twitter_site":"@Deveho1","twitter_misc":{"Becs\u00fclt olvas\u00e1si id\u0151":"1 perc"},"schema":{"@context":"https:\/\/schema.org","@graph":[{"@type":"WebPage","@id":"https:\/\/deveho.com\/hu\/termekek\/sage-x3-marketplace\/sage-crm\/","url":"https:\/\/deveho.com\/hu\/termekek\/sage-x3-marketplace\/sage-crm\/","name":"Sage CRM - Deveho","isPartOf":{"@id":"https:\/\/deveho.com\/#website"},"datePublished":"2022-03-30T12:14:22+00:00","dateModified":"2023-09-28T14:02:32+00:00","breadcrumb":{"@id":"https:\/\/deveho.com\/hu\/termekek\/sage-x3-marketplace\/sage-crm\/#breadcrumb"},"inLanguage":"hu","potentialAction":[{"@type":"ReadAction","target":["https:\/\/deveho.com\/hu\/termekek\/sage-x3-marketplace\/sage-crm\/"]}]},{"@type":"BreadcrumbList","@id":"https:\/\/deveho.com\/hu\/termekek\/sage-x3-marketplace\/sage-crm\/#breadcrumb","itemListElement":[{"@type":"ListItem","position":1,"name":"Home","item":"https:\/\/deveho.com\/hu\/"},{"@type":"ListItem","position":2,"name":"Term\u00e9kek","item":"https:\/\/deveho.com\/hu\/termekek\/"},{"@type":"ListItem","position":3,"name":"Sage X3 Marketplace","item":"https:\/\/deveho.com\/hu\/termekek\/sage-x3-marketplace\/"},{"@type":"ListItem","position":4,"name":"Sage CRM"}]},{"@type":"WebSite","@id":"https:\/\/deveho.com\/#website","url":"https:\/\/deveho.com\/","name":"Deveho Consulting Group","description":"Let\u2019s boost your growth","publisher":{"@id":"https:\/\/deveho.com\/#organization"},"potentialAction":[{"@type":"SearchAction","target":{"@type":"EntryPoint","urlTemplate":"https:\/\/deveho.com\/?s={search_term_string}"},"query-input":{"@type":"PropertyValueSpecification","valueRequired":true,"valueName":"search_term_string"}}],"inLanguage":"hu"},{"@type":"Organization","@id":"https:\/\/deveho.com\/#organization","name":"Deveho Consulting Group","url":"https:\/\/deveho.com\/","logo":{"@type":"ImageObject","inLanguage":"hu","@id":"https:\/\/deveho.com\/#\/schema\/logo\/image\/","url":"https:\/\/deveho.com\/wp-content\/uploads\/2023\/02\/DEVEHO-LOGO-Baseline-COLOR.png","contentUrl":"https:\/\/deveho.com\/wp-content\/uploads\/2023\/02\/DEVEHO-LOGO-Baseline-COLOR.png","width":2251,"height":585,"caption":"Deveho Consulting Group"},"image":{"@id":"https:\/\/deveho.com\/#\/schema\/logo\/image\/"},"sameAs":["https:\/\/www.facebook.com\/deveho","https:\/\/x.com\/Deveho1","https:\/\/www.linkedin.com\/company\/deveho-consulting\/"]}]}},"_links":{"self":[{"href":"https:\/\/deveho.com\/hu\/wp-json\/wp\/v2\/pages\/9600"}],"collection":[{"href":"https:\/\/deveho.com\/hu\/wp-json\/wp\/v2\/pages"}],"about":[{"href":"https:\/\/deveho.com\/hu\/wp-json\/wp\/v2\/types\/page"}],"author":[{"embeddable":true,"href":"https:\/\/deveho.com\/hu\/wp-json\/wp\/v2\/users\/3"}],"replies":[{"embeddable":true,"href":"https:\/\/deveho.com\/hu\/wp-json\/wp\/v2\/comments?post=9600"}],"version-history":[{"count":0,"href":"https:\/\/deveho.com\/hu\/wp-json\/wp\/v2\/pages\/9600\/revisions"}],"up":[{"embeddable":true,"href":"https:\/\/deveho.com\/hu\/wp-json\/wp\/v2\/pages\/9615"}],"wp:attachment":[{"href":"https:\/\/deveho.com\/hu\/wp-json\/wp\/v2\/media?parent=9600"}],"curies":[{"name":"wp","href":"https:\/\/api.w.org\/{rel}","templated":true}]}}