{"id":9608,"date":"2022-03-30T13:53:53","date_gmt":"2022-03-30T13:53:53","guid":{"rendered":"https:\/\/deveho2.sfdbeta.be\/sage-eloficash\/"},"modified":"2023-09-28T16:16:14","modified_gmt":"2023-09-28T14:16:14","slug":"sage-eloficash","status":"publish","type":"page","link":"https:\/\/deveho.com\/hu\/termekek\/sage-x3-marketplace\/sage-eloficash\/","title":{"rendered":"Sage Eloficash"},"content":{"rendered":"<br \/>\n<h2><\/h2>\n<h3>Optimaliz\u00e1lja vev\u0151k\u00f6vetel\u00e9seit<\/h3>\n<h3>Az ergon\u00f3mikus, biztons\u00e1gos, egy\u00fcttm\u0171k\u00f6d\u0151 \u00e9s intuit\u00edv Sage Eloficash megold\u00e1s automatiz\u00e1lja minden tev\u00e9kenys\u00e9g\u00e9t, \u00e9s megk\u00f6nny\u00edti a d\u00f6nt\u00e9shozatalt a teljes\u00edtm\u00e9ny \u00e9s a j\u00f6vedelmez\u0151s\u00e9g jav\u00edt\u00e1sa \u00e9rdek\u00e9ben. <\/h3>\n<p><p>Val\u00f3di funkci\u00f3gazdags\u00e1ggal kieg\u00e9sz\u00edtve a Sage Eloficash megold\u00e1s egy val\u00f3di p\u00e9nz\u00fcgyi CRM, lefedi az \u00fcgyf\u00e9l munka\u00e1llom\u00e1sok kezel\u00e9s\u00e9nek minden folyamat\u00e1t az \u00fcgyf\u00e9lf\u00e1jlok k\u00f6zpontos\u00edt\u00e1s\u00e1t\u00f3l, a val\u00f3s idej\u0171 elemz\u00e9sen \u00e9s a szem\u00e9lyre szabott \u00e9s konszolid\u00e1lt m\u0171szerfalakon \u00e1t a vitarendez\u00e9s megk\u00f6nny\u00edt\u00e9s\u00e9ig.<\/p>\n<p>A k\u00f6vetel\u00e9skezel\u00e9si ciklus v\u00e9gpontok k\u00f6z\u00f6tti n\u00e9zete g\u00f6rd\u00fcl\u00e9kenyebb\u00e9 teszi az inform\u00e1ci\u00f3\u00e1raml\u00e1st, megb\u00edzhat\u00f3bb\u00e1 teszi az \u00f6sszes folyamatot, \u00e9s ler\u00f6vid\u00edti a k\u00e9szp\u00e9nz-behajt\u00e1si ciklust.<\/p>\n<\/p>\n<h2><\/h2>\n<h3> A Sage Eloficash <red>el\u0151nyei<\/red><\/h3>\n<h3><\/h3>\n<ul>\n<li>A v\u00e1llalat \u00e1tl\u00f3s megk\u00f6zel\u00edt\u00e9se \u00e9s a k\u00f6vetel\u00e9skezel\u00e9s 360\u00b0-os j\u00f6v\u0151k\u00e9pe<\/li>\n<li>Nat\u00edv integr\u00e1ci\u00f3 a SAGE X3-al \u00e9s a SAGE FRP 1000-el<\/li>\n<li>A DSO jelent\u0151s cs\u00f6kkent\u00e9se<\/li>\n<li>Korm\u00e1nym\u0171szerfalak t\u00f6bbdimenzi\u00f3s elemz\u00e9sekkel<\/li>\n<li>Optimaliz\u00e1lt felsz\u00f3l\u00edt\u00e1si forgat\u00f3k\u00f6nyvek minden \u00fcgyf\u00e9lt\u00edpushoz igazodva<\/li>\n<li>Az OWASP biztons\u00e1gi szabv\u00e1nyoknak val\u00f3 megfelel\u00e9s<\/li>\n<li>Funkcion\u00e1lis \u00e9s szerkezeti sk\u00e1l\u00e1zhat\u00f3s\u00e1g, t\u00e9rfogati megk\u00f6t\u00e9sek n\u00e9lk\u00fcl<\/li>\n<li>Figyelmeztet\u0151 rendszer a hitelkock\u00e1zat el\u0151rejelz\u00e9s\u00e9re \u00e9s kezel\u00e9s\u00e9re<\/li>\n<li>Hozz\u00e1f\u00e9r\u00e9s a felhaszn\u00e1l\u00f3i profilok \u00e9s a k\u00e9perny\u0151 testreszab\u00e1sa r\u00e9v\u00e9n<\/li>\n<li>Mobil haszn\u00e1lat (okostelefon, tablet)<\/li>\n<\/ul>\n<h2> A Sage Eloficash <red>f\u0151 jellemz\u0151i<\/red><\/h2>\n<h3><\/h3>\n<p><p>T\u00f6bbnyelv\u0171, t\u00f6bb adatb\u00e1zis, t\u00f6bb entit\u00e1s, t\u00f6bb p\u00e9nznem, t\u00f6bbfelhaszn\u00e1l\u00f3s, t\u00f6bb munkamenetes megold\u00e1s.<\/p>\n<\/p>\n<h3><\/h3>\n<p><p>Testreszabhat\u00f3 ir\u00e1ny\u00edt\u00f3pultok felhaszn\u00e1l\u00f3i profil szerint.<\/p>\n<\/p>\n<h3><\/h3>\n<p><p>T\u00f6bbdomenzi\u00f3s elemz\u00e9s.<\/p>\n<\/p>\n<h3><\/h3>\n<p><p>Elemz\u00e9s pontoz\u00e1ssal \u00e9s \u00e9rt\u00e9kel\u00e9ssel.<\/p>\n<\/p>\n<h3><\/h3>\n<p><p>Integr\u00e1ci\u00f3 k\u00fcls\u0151 p\u00e1nz\u00f3gyi adatokkal.<\/p>\n<\/p>\n<h3><\/h3>\n<p><p>Bels\u0151 jelent\u00e9sszerkeszt\u0151 (dinamikus jelent\u00e9sek, jelent\u00e9sek l\u00e9trehoz\u00e1sa, testreszab\u00e1sa \u00e9s \u00fctemezett k\u00fcld\u00e9se).<\/p>\n<\/p>\n<h2><\/h2>\n<h3>Kapcsol\u00f3d\u00f3 Oldalak<\/h3>\n<\/p>\n<h3><\/h3>\n<\/p>\n<h3><\/h3><\/p>\n","protected":false},"excerpt":{"rendered":"<p>Aenean eu leo quam. Pellentesque ornare sem lacinia quam venenatis vestibulum. Morbi leo risus, porta ac.<\/p>\n","protected":false},"author":3,"featured_media":0,"parent":9615,"menu_order":0,"comment_status":"closed","ping_status":"closed","template":"templates\/template-prod_serv.php","meta":{"_acf_changed":false,"footnotes":""},"class_list":["post-9608","page","type-page","status-publish","hentry"],"acf":[],"yoast_head":"<!-- This site is optimized with the Yoast SEO plugin v23.5 - https:\/\/yoast.com\/wordpress\/plugins\/seo\/ -->\n<title>Sage Eloficash - Deveho<\/title>\n<meta name=\"robots\" content=\"index, follow, max-snippet:-1, max-image-preview:large, max-video-preview:-1\" \/>\n<link rel=\"canonical\" href=\"https:\/\/deveho.com\/hu\/termekek\/sage-x3-marketplace\/sage-eloficash\/\" \/>\n<meta property=\"og:locale\" content=\"hu_HU\" \/>\n<meta property=\"og:type\" content=\"article\" \/>\n<meta property=\"og:title\" content=\"Sage Eloficash - Deveho\" \/>\n<meta property=\"og:description\" content=\"Aenean eu leo quam. Pellentesque ornare sem lacinia quam venenatis vestibulum. Morbi leo risus, porta ac.\" \/>\n<meta property=\"og:url\" content=\"https:\/\/deveho.com\/hu\/termekek\/sage-x3-marketplace\/sage-eloficash\/\" \/>\n<meta property=\"og:site_name\" content=\"Deveho\" \/>\n<meta property=\"article:publisher\" content=\"https:\/\/www.facebook.com\/deveho\" \/>\n<meta property=\"article:modified_time\" content=\"2023-09-28T14:16:14+00:00\" \/>\n<meta name=\"twitter:card\" content=\"summary_large_image\" \/>\n<meta name=\"twitter:site\" content=\"@Deveho1\" \/>\n<meta name=\"twitter:label1\" content=\"Becs\u00fclt olvas\u00e1si id\u0151\" \/>\n\t<meta name=\"twitter:data1\" content=\"1 perc\" \/>\n<script type=\"application\/ld+json\" class=\"yoast-schema-graph\">{\"@context\":\"https:\/\/schema.org\",\"@graph\":[{\"@type\":\"WebPage\",\"@id\":\"https:\/\/deveho.com\/hu\/termekek\/sage-x3-marketplace\/sage-eloficash\/\",\"url\":\"https:\/\/deveho.com\/hu\/termekek\/sage-x3-marketplace\/sage-eloficash\/\",\"name\":\"Sage Eloficash - Deveho\",\"isPartOf\":{\"@id\":\"https:\/\/deveho.com\/#website\"},\"datePublished\":\"2022-03-30T13:53:53+00:00\",\"dateModified\":\"2023-09-28T14:16:14+00:00\",\"breadcrumb\":{\"@id\":\"https:\/\/deveho.com\/hu\/termekek\/sage-x3-marketplace\/sage-eloficash\/#breadcrumb\"},\"inLanguage\":\"hu\",\"potentialAction\":[{\"@type\":\"ReadAction\",\"target\":[\"https:\/\/deveho.com\/hu\/termekek\/sage-x3-marketplace\/sage-eloficash\/\"]}]},{\"@type\":\"BreadcrumbList\",\"@id\":\"https:\/\/deveho.com\/hu\/termekek\/sage-x3-marketplace\/sage-eloficash\/#breadcrumb\",\"itemListElement\":[{\"@type\":\"ListItem\",\"position\":1,\"name\":\"Home\",\"item\":\"https:\/\/deveho.com\/hu\/\"},{\"@type\":\"ListItem\",\"position\":2,\"name\":\"Term\u00e9kek\",\"item\":\"https:\/\/deveho.com\/hu\/termekek\/\"},{\"@type\":\"ListItem\",\"position\":3,\"name\":\"Sage X3 Marketplace\",\"item\":\"https:\/\/deveho.com\/hu\/termekek\/sage-x3-marketplace\/\"},{\"@type\":\"ListItem\",\"position\":4,\"name\":\"Sage Eloficash\"}]},{\"@type\":\"WebSite\",\"@id\":\"https:\/\/deveho.com\/#website\",\"url\":\"https:\/\/deveho.com\/\",\"name\":\"Deveho Consulting Group\",\"description\":\"Let\u2019s boost your growth\",\"publisher\":{\"@id\":\"https:\/\/deveho.com\/#organization\"},\"potentialAction\":[{\"@type\":\"SearchAction\",\"target\":{\"@type\":\"EntryPoint\",\"urlTemplate\":\"https:\/\/deveho.com\/?s={search_term_string}\"},\"query-input\":{\"@type\":\"PropertyValueSpecification\",\"valueRequired\":true,\"valueName\":\"search_term_string\"}}],\"inLanguage\":\"hu\"},{\"@type\":\"Organization\",\"@id\":\"https:\/\/deveho.com\/#organization\",\"name\":\"Deveho Consulting Group\",\"url\":\"https:\/\/deveho.com\/\",\"logo\":{\"@type\":\"ImageObject\",\"inLanguage\":\"hu\",\"@id\":\"https:\/\/deveho.com\/#\/schema\/logo\/image\/\",\"url\":\"https:\/\/deveho.com\/wp-content\/uploads\/2023\/02\/DEVEHO-LOGO-Baseline-COLOR.png\",\"contentUrl\":\"https:\/\/deveho.com\/wp-content\/uploads\/2023\/02\/DEVEHO-LOGO-Baseline-COLOR.png\",\"width\":2251,\"height\":585,\"caption\":\"Deveho Consulting Group\"},\"image\":{\"@id\":\"https:\/\/deveho.com\/#\/schema\/logo\/image\/\"},\"sameAs\":[\"https:\/\/www.facebook.com\/deveho\",\"https:\/\/x.com\/Deveho1\",\"https:\/\/www.linkedin.com\/company\/deveho-consulting\/\"]}]}<\/script>\n<!-- \/ Yoast SEO plugin. -->","yoast_head_json":{"title":"Sage Eloficash - Deveho","robots":{"index":"index","follow":"follow","max-snippet":"max-snippet:-1","max-image-preview":"max-image-preview:large","max-video-preview":"max-video-preview:-1"},"canonical":"https:\/\/deveho.com\/hu\/termekek\/sage-x3-marketplace\/sage-eloficash\/","og_locale":"hu_HU","og_type":"article","og_title":"Sage Eloficash - Deveho","og_description":"Aenean eu leo quam. Pellentesque ornare sem lacinia quam venenatis vestibulum. Morbi leo risus, porta ac.","og_url":"https:\/\/deveho.com\/hu\/termekek\/sage-x3-marketplace\/sage-eloficash\/","og_site_name":"Deveho","article_publisher":"https:\/\/www.facebook.com\/deveho","article_modified_time":"2023-09-28T14:16:14+00:00","twitter_card":"summary_large_image","twitter_site":"@Deveho1","twitter_misc":{"Becs\u00fclt olvas\u00e1si id\u0151":"1 perc"},"schema":{"@context":"https:\/\/schema.org","@graph":[{"@type":"WebPage","@id":"https:\/\/deveho.com\/hu\/termekek\/sage-x3-marketplace\/sage-eloficash\/","url":"https:\/\/deveho.com\/hu\/termekek\/sage-x3-marketplace\/sage-eloficash\/","name":"Sage Eloficash - Deveho","isPartOf":{"@id":"https:\/\/deveho.com\/#website"},"datePublished":"2022-03-30T13:53:53+00:00","dateModified":"2023-09-28T14:16:14+00:00","breadcrumb":{"@id":"https:\/\/deveho.com\/hu\/termekek\/sage-x3-marketplace\/sage-eloficash\/#breadcrumb"},"inLanguage":"hu","potentialAction":[{"@type":"ReadAction","target":["https:\/\/deveho.com\/hu\/termekek\/sage-x3-marketplace\/sage-eloficash\/"]}]},{"@type":"BreadcrumbList","@id":"https:\/\/deveho.com\/hu\/termekek\/sage-x3-marketplace\/sage-eloficash\/#breadcrumb","itemListElement":[{"@type":"ListItem","position":1,"name":"Home","item":"https:\/\/deveho.com\/hu\/"},{"@type":"ListItem","position":2,"name":"Term\u00e9kek","item":"https:\/\/deveho.com\/hu\/termekek\/"},{"@type":"ListItem","position":3,"name":"Sage X3 Marketplace","item":"https:\/\/deveho.com\/hu\/termekek\/sage-x3-marketplace\/"},{"@type":"ListItem","position":4,"name":"Sage Eloficash"}]},{"@type":"WebSite","@id":"https:\/\/deveho.com\/#website","url":"https:\/\/deveho.com\/","name":"Deveho Consulting Group","description":"Let\u2019s boost your growth","publisher":{"@id":"https:\/\/deveho.com\/#organization"},"potentialAction":[{"@type":"SearchAction","target":{"@type":"EntryPoint","urlTemplate":"https:\/\/deveho.com\/?s={search_term_string}"},"query-input":{"@type":"PropertyValueSpecification","valueRequired":true,"valueName":"search_term_string"}}],"inLanguage":"hu"},{"@type":"Organization","@id":"https:\/\/deveho.com\/#organization","name":"Deveho Consulting Group","url":"https:\/\/deveho.com\/","logo":{"@type":"ImageObject","inLanguage":"hu","@id":"https:\/\/deveho.com\/#\/schema\/logo\/image\/","url":"https:\/\/deveho.com\/wp-content\/uploads\/2023\/02\/DEVEHO-LOGO-Baseline-COLOR.png","contentUrl":"https:\/\/deveho.com\/wp-content\/uploads\/2023\/02\/DEVEHO-LOGO-Baseline-COLOR.png","width":2251,"height":585,"caption":"Deveho Consulting Group"},"image":{"@id":"https:\/\/deveho.com\/#\/schema\/logo\/image\/"},"sameAs":["https:\/\/www.facebook.com\/deveho","https:\/\/x.com\/Deveho1","https:\/\/www.linkedin.com\/company\/deveho-consulting\/"]}]}},"_links":{"self":[{"href":"https:\/\/deveho.com\/hu\/wp-json\/wp\/v2\/pages\/9608"}],"collection":[{"href":"https:\/\/deveho.com\/hu\/wp-json\/wp\/v2\/pages"}],"about":[{"href":"https:\/\/deveho.com\/hu\/wp-json\/wp\/v2\/types\/page"}],"author":[{"embeddable":true,"href":"https:\/\/deveho.com\/hu\/wp-json\/wp\/v2\/users\/3"}],"replies":[{"embeddable":true,"href":"https:\/\/deveho.com\/hu\/wp-json\/wp\/v2\/comments?post=9608"}],"version-history":[{"count":0,"href":"https:\/\/deveho.com\/hu\/wp-json\/wp\/v2\/pages\/9608\/revisions"}],"up":[{"embeddable":true,"href":"https:\/\/deveho.com\/hu\/wp-json\/wp\/v2\/pages\/9615"}],"wp:attachment":[{"href":"https:\/\/deveho.com\/hu\/wp-json\/wp\/v2\/media?parent=9608"}],"curies":[{"name":"wp","href":"https:\/\/api.w.org\/{rel}","templated":true}]}}