{"id":9612,"date":"2022-03-30T14:48:44","date_gmt":"2022-03-30T14:48:44","guid":{"rendered":"https:\/\/deveho2.sfdbeta.be\/sage-web-scheduling\/"},"modified":"2023-09-28T14:53:08","modified_gmt":"2023-09-28T12:53:08","slug":"sage-web-scheduling","status":"publish","type":"page","link":"https:\/\/deveho.com\/hu\/termekek\/sage-x3-marketplace\/sage-web-scheduling\/","title":{"rendered":"Sage Web Scheduling"},"content":{"rendered":"<br \/>\n<h2><\/h2>\n<h3>A Sage Web Scheduling <red>el\u0151nyei<\/red><\/h3>\n<h3>A Sage X3 Web Scheduling szinkroniz\u00e1lja a teljes gy\u00e1rt\u00e1si l\u00e1ncot, kezdve a vev\u0151i \u00e9s gy\u00e1rt\u00e1si rendel\u00e9sekkel, azonos\u00edtva az anyag- \u00e9s szersz\u00e1mkorl\u00e1tokat \u00e9s a sz\u0171k keresztmetszeteket. Az elemz\u00e9st \u00e9s szimul\u00e1ci\u00f3t megk\u00f6nny\u00edt\u0151 m\u0171szerfalaknak k\u00f6sz\u00f6nhet\u0151en hat\u00e9konyan kezelheti a priorit\u00e1sok v\u00e1ltoz\u00e1sait az optimaliz\u00e1lt gy\u00e1rt\u00e1si folyamatok kidolgoz\u00e1s\u00e1val.<\/h3>\n<ul>\n<li>T\u00f6bb k\u00e9nyszer\u0171 \u00fctemez\u0151 \u00e9s t\u00f6bb szimul\u00e1ci\u00f3 l\u00e9trehoz\u00e1sa<\/li>\n<li>K\u00e9sz\u00edtsen megval\u00f3s\u00edthat\u00f3 \u00e9s optimaliz\u00e1lt gy\u00e1rt\u00e1si terveket a Sage X3-ban<\/li>\n<li>Tartsa be a sz\u00e1ll\u00edt\u00e1si hat\u00e1rid\u0151ket, mik\u00f6zben a gy\u00e1rt\u00e1si er\u0151forr\u00e1sokat a lehet\u0151 leghat\u00e9konyabban \u00e9s leghat\u00e9konyabban haszn\u00e1lja fel<\/li>\n<li>A nem termel\u00e9keny id\u0151 cs\u00f6kkent\u00e9se<\/li>\n<li>A teljes ell\u00e1t\u00e1si l\u00e1nc szinkorniz\u00e1l\u00e1sa<\/li>\n<li>A sz\u0171k keresztmetszetek \u00e9s a hi\u00e1nyz\u00f3 anyagok vagy er\u0151forr\u00e1sok azonos\u00edt\u00e1sa \u00e9s megsz\u00fcntet\u00e9se<\/li>\n<li>Jav\u00edtott reag\u00e1l\u00f3k\u00e9pess\u00e9g v\u00e1ratlan esem\u00e9nyekre<\/li>\n<li>Felhaszn\u00e1l\u00f3bar\u00e1t \u00e9s testreszabhat\u00f3 webes fel\u00fclet \u00e9p\u00edt\u00e9si tervekhez, monitoroz\u00e1shoz \u00e9s m\u00f3dos\u00edt\u00e1sokhoz<\/li>\n<li>Szimul\u00e1ci\u00f3k\u00e9sz\u00edt\u00e9s t\u00f6bb szimul\u00e1ci\u00f3s elemz\u00e9ssel k\u00fcl\u00f6nb\u00f6z\u0151 heurisztik\u00e1n alapul\u00f3 forgat\u00f3k\u00f6nyvek szerint<\/li>\n<li>Konfigur\u00e1lhat\u00f3 r\u00e9szletes jelent\u00e9sek szimul\u00e1ci\u00f3s elemz\u00e9shez<\/li>\n<\/ul>\n<h2><\/h2>\n<h3>A Sage Web Scheduling <red>f\u0151 jellemz\u0151i<\/red> <\/h3>\n<h3><\/h3>\n<\/p>\n<h2><\/h2>\n<h3>Kapcsol\u00f3d\u00f3 Oldalak<\/h3>\n<\/p>\n<h3><\/h3>\n<\/p>\n<h3><\/h3><\/p>\n","protected":false},"excerpt":{"rendered":"<p>A Sage X3 Web Scheduling egy \u00e1tfog\u00f3, webalap\u00fa \u00fctemez\u00e9si megold\u00e1s, amely biztos\u00edtja a sz\u00e1ll\u00edt\u00e1si d\u00e1tumok betart\u00e1s\u00e1t, mik\u00f6zben a rendelkez\u00e9sre \u00e1ll\u00f3 termel\u00e9si er\u0151forr\u00e1sokat optim\u00e1lisan \u00e9s a lehet\u0151 leghat\u00e9konyabban haszn\u00e1lja fel. A webes \u00fctemez\u00e9s szinkroniz\u00e1lja a teljes gy\u00e1rt\u00e1si l\u00e1ncot, az \u00e9rt\u00e9kes\u00edt\u00e9si rendel\u00e9sekt\u0151l a gy\u00e1rt\u00e1si rendel\u00e9sekig, azonos\u00edtja az anyag- \u00e9s eszk\u00f6zkorl\u00e1tokat \u00e9s a sz\u0171k keresztmetszeteket.<\/p>\n","protected":false},"author":3,"featured_media":0,"parent":9615,"menu_order":0,"comment_status":"closed","ping_status":"closed","template":"templates\/template-prod_serv.php","meta":{"_acf_changed":false,"footnotes":""},"class_list":["post-9612","page","type-page","status-publish","hentry"],"acf":[],"yoast_head":"<!-- This site is optimized with the Yoast SEO plugin v23.5 - https:\/\/yoast.com\/wordpress\/plugins\/seo\/ -->\n<title>Sage Web Scheduling - Deveho<\/title>\n<meta name=\"robots\" content=\"index, follow, max-snippet:-1, max-image-preview:large, max-video-preview:-1\" \/>\n<link rel=\"canonical\" href=\"https:\/\/deveho.com\/hu\/termekek\/sage-x3-marketplace\/sage-web-scheduling\/\" \/>\n<meta property=\"og:locale\" content=\"hu_HU\" \/>\n<meta property=\"og:type\" content=\"article\" \/>\n<meta property=\"og:title\" content=\"Sage Web Scheduling - Deveho\" \/>\n<meta property=\"og:description\" content=\"A Sage X3 Web Scheduling egy \u00e1tfog\u00f3, webalap\u00fa \u00fctemez\u00e9si megold\u00e1s, amely biztos\u00edtja a sz\u00e1ll\u00edt\u00e1si d\u00e1tumok betart\u00e1s\u00e1t, mik\u00f6zben a rendelkez\u00e9sre \u00e1ll\u00f3 termel\u00e9si er\u0151forr\u00e1sokat optim\u00e1lisan \u00e9s a lehet\u0151 leghat\u00e9konyabban haszn\u00e1lja fel. A webes \u00fctemez\u00e9s szinkroniz\u00e1lja a teljes gy\u00e1rt\u00e1si l\u00e1ncot, az \u00e9rt\u00e9kes\u00edt\u00e9si rendel\u00e9sekt\u0151l a gy\u00e1rt\u00e1si rendel\u00e9sekig, azonos\u00edtja az anyag- \u00e9s eszk\u00f6zkorl\u00e1tokat \u00e9s a sz\u0171k keresztmetszeteket.\" \/>\n<meta property=\"og:url\" content=\"https:\/\/deveho.com\/hu\/termekek\/sage-x3-marketplace\/sage-web-scheduling\/\" \/>\n<meta property=\"og:site_name\" content=\"Deveho\" \/>\n<meta property=\"article:publisher\" content=\"https:\/\/www.facebook.com\/deveho\" \/>\n<meta property=\"article:modified_time\" content=\"2023-09-28T12:53:08+00:00\" \/>\n<meta name=\"twitter:card\" content=\"summary_large_image\" \/>\n<meta name=\"twitter:site\" content=\"@Deveho1\" \/>\n<meta name=\"twitter:label1\" content=\"Becs\u00fclt olvas\u00e1si id\u0151\" \/>\n\t<meta name=\"twitter:data1\" content=\"1 perc\" \/>\n<script type=\"application\/ld+json\" class=\"yoast-schema-graph\">{\"@context\":\"https:\/\/schema.org\",\"@graph\":[{\"@type\":\"WebPage\",\"@id\":\"https:\/\/deveho.com\/hu\/termekek\/sage-x3-marketplace\/sage-web-scheduling\/\",\"url\":\"https:\/\/deveho.com\/hu\/termekek\/sage-x3-marketplace\/sage-web-scheduling\/\",\"name\":\"Sage Web Scheduling - Deveho\",\"isPartOf\":{\"@id\":\"https:\/\/deveho.com\/#website\"},\"datePublished\":\"2022-03-30T14:48:44+00:00\",\"dateModified\":\"2023-09-28T12:53:08+00:00\",\"breadcrumb\":{\"@id\":\"https:\/\/deveho.com\/hu\/termekek\/sage-x3-marketplace\/sage-web-scheduling\/#breadcrumb\"},\"inLanguage\":\"hu\",\"potentialAction\":[{\"@type\":\"ReadAction\",\"target\":[\"https:\/\/deveho.com\/hu\/termekek\/sage-x3-marketplace\/sage-web-scheduling\/\"]}]},{\"@type\":\"BreadcrumbList\",\"@id\":\"https:\/\/deveho.com\/hu\/termekek\/sage-x3-marketplace\/sage-web-scheduling\/#breadcrumb\",\"itemListElement\":[{\"@type\":\"ListItem\",\"position\":1,\"name\":\"Home\",\"item\":\"https:\/\/deveho.com\/hu\/\"},{\"@type\":\"ListItem\",\"position\":2,\"name\":\"Term\u00e9kek\",\"item\":\"https:\/\/deveho.com\/hu\/termekek\/\"},{\"@type\":\"ListItem\",\"position\":3,\"name\":\"Sage X3 Marketplace\",\"item\":\"https:\/\/deveho.com\/hu\/termekek\/sage-x3-marketplace\/\"},{\"@type\":\"ListItem\",\"position\":4,\"name\":\"Sage Web Scheduling\"}]},{\"@type\":\"WebSite\",\"@id\":\"https:\/\/deveho.com\/#website\",\"url\":\"https:\/\/deveho.com\/\",\"name\":\"Deveho Consulting Group\",\"description\":\"Let\u2019s boost your growth\",\"publisher\":{\"@id\":\"https:\/\/deveho.com\/#organization\"},\"potentialAction\":[{\"@type\":\"SearchAction\",\"target\":{\"@type\":\"EntryPoint\",\"urlTemplate\":\"https:\/\/deveho.com\/?s={search_term_string}\"},\"query-input\":{\"@type\":\"PropertyValueSpecification\",\"valueRequired\":true,\"valueName\":\"search_term_string\"}}],\"inLanguage\":\"hu\"},{\"@type\":\"Organization\",\"@id\":\"https:\/\/deveho.com\/#organization\",\"name\":\"Deveho Consulting Group\",\"url\":\"https:\/\/deveho.com\/\",\"logo\":{\"@type\":\"ImageObject\",\"inLanguage\":\"hu\",\"@id\":\"https:\/\/deveho.com\/#\/schema\/logo\/image\/\",\"url\":\"https:\/\/deveho.com\/wp-content\/uploads\/2023\/02\/DEVEHO-LOGO-Baseline-COLOR.png\",\"contentUrl\":\"https:\/\/deveho.com\/wp-content\/uploads\/2023\/02\/DEVEHO-LOGO-Baseline-COLOR.png\",\"width\":2251,\"height\":585,\"caption\":\"Deveho Consulting Group\"},\"image\":{\"@id\":\"https:\/\/deveho.com\/#\/schema\/logo\/image\/\"},\"sameAs\":[\"https:\/\/www.facebook.com\/deveho\",\"https:\/\/x.com\/Deveho1\",\"https:\/\/www.linkedin.com\/company\/deveho-consulting\/\"]}]}<\/script>\n<!-- \/ Yoast SEO plugin. -->","yoast_head_json":{"title":"Sage Web Scheduling - Deveho","robots":{"index":"index","follow":"follow","max-snippet":"max-snippet:-1","max-image-preview":"max-image-preview:large","max-video-preview":"max-video-preview:-1"},"canonical":"https:\/\/deveho.com\/hu\/termekek\/sage-x3-marketplace\/sage-web-scheduling\/","og_locale":"hu_HU","og_type":"article","og_title":"Sage Web Scheduling - Deveho","og_description":"A Sage X3 Web Scheduling egy \u00e1tfog\u00f3, webalap\u00fa \u00fctemez\u00e9si megold\u00e1s, amely biztos\u00edtja a sz\u00e1ll\u00edt\u00e1si d\u00e1tumok betart\u00e1s\u00e1t, mik\u00f6zben a rendelkez\u00e9sre \u00e1ll\u00f3 termel\u00e9si er\u0151forr\u00e1sokat optim\u00e1lisan \u00e9s a lehet\u0151 leghat\u00e9konyabban haszn\u00e1lja fel. A webes \u00fctemez\u00e9s szinkroniz\u00e1lja a teljes gy\u00e1rt\u00e1si l\u00e1ncot, az \u00e9rt\u00e9kes\u00edt\u00e9si rendel\u00e9sekt\u0151l a gy\u00e1rt\u00e1si rendel\u00e9sekig, azonos\u00edtja az anyag- \u00e9s eszk\u00f6zkorl\u00e1tokat \u00e9s a sz\u0171k keresztmetszeteket.","og_url":"https:\/\/deveho.com\/hu\/termekek\/sage-x3-marketplace\/sage-web-scheduling\/","og_site_name":"Deveho","article_publisher":"https:\/\/www.facebook.com\/deveho","article_modified_time":"2023-09-28T12:53:08+00:00","twitter_card":"summary_large_image","twitter_site":"@Deveho1","twitter_misc":{"Becs\u00fclt olvas\u00e1si id\u0151":"1 perc"},"schema":{"@context":"https:\/\/schema.org","@graph":[{"@type":"WebPage","@id":"https:\/\/deveho.com\/hu\/termekek\/sage-x3-marketplace\/sage-web-scheduling\/","url":"https:\/\/deveho.com\/hu\/termekek\/sage-x3-marketplace\/sage-web-scheduling\/","name":"Sage Web Scheduling - Deveho","isPartOf":{"@id":"https:\/\/deveho.com\/#website"},"datePublished":"2022-03-30T14:48:44+00:00","dateModified":"2023-09-28T12:53:08+00:00","breadcrumb":{"@id":"https:\/\/deveho.com\/hu\/termekek\/sage-x3-marketplace\/sage-web-scheduling\/#breadcrumb"},"inLanguage":"hu","potentialAction":[{"@type":"ReadAction","target":["https:\/\/deveho.com\/hu\/termekek\/sage-x3-marketplace\/sage-web-scheduling\/"]}]},{"@type":"BreadcrumbList","@id":"https:\/\/deveho.com\/hu\/termekek\/sage-x3-marketplace\/sage-web-scheduling\/#breadcrumb","itemListElement":[{"@type":"ListItem","position":1,"name":"Home","item":"https:\/\/deveho.com\/hu\/"},{"@type":"ListItem","position":2,"name":"Term\u00e9kek","item":"https:\/\/deveho.com\/hu\/termekek\/"},{"@type":"ListItem","position":3,"name":"Sage X3 Marketplace","item":"https:\/\/deveho.com\/hu\/termekek\/sage-x3-marketplace\/"},{"@type":"ListItem","position":4,"name":"Sage Web Scheduling"}]},{"@type":"WebSite","@id":"https:\/\/deveho.com\/#website","url":"https:\/\/deveho.com\/","name":"Deveho Consulting Group","description":"Let\u2019s boost your growth","publisher":{"@id":"https:\/\/deveho.com\/#organization"},"potentialAction":[{"@type":"SearchAction","target":{"@type":"EntryPoint","urlTemplate":"https:\/\/deveho.com\/?s={search_term_string}"},"query-input":{"@type":"PropertyValueSpecification","valueRequired":true,"valueName":"search_term_string"}}],"inLanguage":"hu"},{"@type":"Organization","@id":"https:\/\/deveho.com\/#organization","name":"Deveho Consulting Group","url":"https:\/\/deveho.com\/","logo":{"@type":"ImageObject","inLanguage":"hu","@id":"https:\/\/deveho.com\/#\/schema\/logo\/image\/","url":"https:\/\/deveho.com\/wp-content\/uploads\/2023\/02\/DEVEHO-LOGO-Baseline-COLOR.png","contentUrl":"https:\/\/deveho.com\/wp-content\/uploads\/2023\/02\/DEVEHO-LOGO-Baseline-COLOR.png","width":2251,"height":585,"caption":"Deveho Consulting Group"},"image":{"@id":"https:\/\/deveho.com\/#\/schema\/logo\/image\/"},"sameAs":["https:\/\/www.facebook.com\/deveho","https:\/\/x.com\/Deveho1","https:\/\/www.linkedin.com\/company\/deveho-consulting\/"]}]}},"_links":{"self":[{"href":"https:\/\/deveho.com\/hu\/wp-json\/wp\/v2\/pages\/9612"}],"collection":[{"href":"https:\/\/deveho.com\/hu\/wp-json\/wp\/v2\/pages"}],"about":[{"href":"https:\/\/deveho.com\/hu\/wp-json\/wp\/v2\/types\/page"}],"author":[{"embeddable":true,"href":"https:\/\/deveho.com\/hu\/wp-json\/wp\/v2\/users\/3"}],"replies":[{"embeddable":true,"href":"https:\/\/deveho.com\/hu\/wp-json\/wp\/v2\/comments?post=9612"}],"version-history":[{"count":0,"href":"https:\/\/deveho.com\/hu\/wp-json\/wp\/v2\/pages\/9612\/revisions"}],"up":[{"embeddable":true,"href":"https:\/\/deveho.com\/hu\/wp-json\/wp\/v2\/pages\/9615"}],"wp:attachment":[{"href":"https:\/\/deveho.com\/hu\/wp-json\/wp\/v2\/media?parent=9612"}],"curies":[{"name":"wp","href":"https:\/\/api.w.org\/{rel}","templated":true}]}}