{"id":9615,"date":"2022-03-30T15:24:16","date_gmt":"2022-03-30T15:24:16","guid":{"rendered":"https:\/\/deveho2.sfdbeta.be\/sage-x3-marketplace-isv\/"},"modified":"2025-12-18T10:08:38","modified_gmt":"2025-12-18T08:08:38","slug":"sage-x3-marketplace","status":"publish","type":"page","link":"https:\/\/deveho.com\/hu\/termekek\/sage-x3-marketplace\/","title":{"rendered":"Sage X3 Marketplace"},"content":{"rendered":"<br \/>\n<h2><\/h2>\n<h3><\/h3>\n<h3><b><red>Hat\u00e9kony kieg\u00e9sz\u00edt\u0151 megold\u00e1sok az \u00d6n egyedi ig\u00e9nyeihez <\/red><\/b>   <\/h3>\n<\/p>\n<h2><\/h2>\n<h3>Kapcsol\u00f3d\u00f3 Oldalak<\/h3>\n<\/p>\n<h3><\/h3>\n<\/p>\n<h3><\/h3>\n<\/p>\n<h2>Tekintse meg a Sage X3 interakt\u00edv term\u00e9kbemutat\u00f3t<\/h2>\n<p>N\u00e9zze meg a vide\u00f3t, \u00e9s tudja meg, hogyan t\u00e1mogatja \u00e9s t\u00e1mogatja a Sage X3 a forgalmaz\u00e1si, gy\u00e1rt\u00e1si \u00e9s szolg\u00e1ltat\u00e1si \u00e1gazatot.<\/p><\/p>\n","protected":false},"excerpt":{"rendered":"<p>Ismerje meg a Sage \u00e9s felhatalmazott partnerei \u00e1ltal k\u00edn\u00e1lt hat\u00e9kony megold\u00e1sok v\u00e1laszt\u00e9k\u00e1t, \u00e9s ismerje meg, hogyan jav\u00edthatj\u00e1k megold\u00e1sa k\u00e9pess\u00e9geit.<\/p>\n","protected":false},"author":3,"featured_media":0,"parent":10338,"menu_order":0,"comment_status":"closed","ping_status":"closed","template":"templates\/template-prod_serv.php","meta":{"_acf_changed":false,"footnotes":""},"class_list":["post-9615","page","type-page","status-publish","hentry"],"acf":[],"yoast_head":"<!-- This site is optimized with the Yoast SEO plugin v23.5 - https:\/\/yoast.com\/wordpress\/plugins\/seo\/ -->\n<title>Sage X3 Marketplace - Deveho<\/title>\n<meta name=\"robots\" content=\"index, follow, max-snippet:-1, max-image-preview:large, max-video-preview:-1\" \/>\n<link rel=\"canonical\" href=\"https:\/\/deveho.com\/hu\/termekek\/sage-x3-marketplace\/\" \/>\n<meta property=\"og:locale\" content=\"hu_HU\" \/>\n<meta property=\"og:type\" content=\"article\" \/>\n<meta property=\"og:title\" content=\"Sage X3 Marketplace - Deveho\" \/>\n<meta property=\"og:description\" content=\"Ismerje meg a Sage \u00e9s felhatalmazott partnerei \u00e1ltal k\u00edn\u00e1lt hat\u00e9kony megold\u00e1sok v\u00e1laszt\u00e9k\u00e1t, \u00e9s ismerje meg, hogyan jav\u00edthatj\u00e1k megold\u00e1sa k\u00e9pess\u00e9geit.\" \/>\n<meta property=\"og:url\" content=\"https:\/\/deveho.com\/hu\/termekek\/sage-x3-marketplace\/\" \/>\n<meta property=\"og:site_name\" content=\"Deveho\" \/>\n<meta property=\"article:publisher\" content=\"https:\/\/www.facebook.com\/deveho\" \/>\n<meta property=\"article:modified_time\" content=\"2025-12-18T08:08:38+00:00\" \/>\n<meta name=\"twitter:card\" content=\"summary_large_image\" \/>\n<meta name=\"twitter:site\" content=\"@Deveho1\" \/>\n<meta name=\"twitter:label1\" content=\"Becs\u00fclt olvas\u00e1si id\u0151\" \/>\n\t<meta name=\"twitter:data1\" content=\"1 perc\" \/>\n<script type=\"application\/ld+json\" class=\"yoast-schema-graph\">{\"@context\":\"https:\/\/schema.org\",\"@graph\":[{\"@type\":\"WebPage\",\"@id\":\"https:\/\/deveho.com\/hu\/termekek\/sage-x3-marketplace\/\",\"url\":\"https:\/\/deveho.com\/hu\/termekek\/sage-x3-marketplace\/\",\"name\":\"Sage X3 Marketplace - Deveho\",\"isPartOf\":{\"@id\":\"https:\/\/deveho.com\/#website\"},\"datePublished\":\"2022-03-30T15:24:16+00:00\",\"dateModified\":\"2025-12-18T08:08:38+00:00\",\"breadcrumb\":{\"@id\":\"https:\/\/deveho.com\/hu\/termekek\/sage-x3-marketplace\/#breadcrumb\"},\"inLanguage\":\"hu\",\"potentialAction\":[{\"@type\":\"ReadAction\",\"target\":[\"https:\/\/deveho.com\/hu\/termekek\/sage-x3-marketplace\/\"]}]},{\"@type\":\"BreadcrumbList\",\"@id\":\"https:\/\/deveho.com\/hu\/termekek\/sage-x3-marketplace\/#breadcrumb\",\"itemListElement\":[{\"@type\":\"ListItem\",\"position\":1,\"name\":\"Home\",\"item\":\"https:\/\/deveho.com\/hu\/\"},{\"@type\":\"ListItem\",\"position\":2,\"name\":\"Term\u00e9kek\",\"item\":\"https:\/\/deveho.com\/hu\/termekek\/\"},{\"@type\":\"ListItem\",\"position\":3,\"name\":\"Sage X3 Marketplace\"}]},{\"@type\":\"WebSite\",\"@id\":\"https:\/\/deveho.com\/#website\",\"url\":\"https:\/\/deveho.com\/\",\"name\":\"Deveho Consulting Group\",\"description\":\"Let\u2019s boost your growth\",\"publisher\":{\"@id\":\"https:\/\/deveho.com\/#organization\"},\"potentialAction\":[{\"@type\":\"SearchAction\",\"target\":{\"@type\":\"EntryPoint\",\"urlTemplate\":\"https:\/\/deveho.com\/?s={search_term_string}\"},\"query-input\":{\"@type\":\"PropertyValueSpecification\",\"valueRequired\":true,\"valueName\":\"search_term_string\"}}],\"inLanguage\":\"hu\"},{\"@type\":\"Organization\",\"@id\":\"https:\/\/deveho.com\/#organization\",\"name\":\"Deveho Consulting Group\",\"url\":\"https:\/\/deveho.com\/\",\"logo\":{\"@type\":\"ImageObject\",\"inLanguage\":\"hu\",\"@id\":\"https:\/\/deveho.com\/#\/schema\/logo\/image\/\",\"url\":\"https:\/\/deveho.com\/wp-content\/uploads\/2023\/02\/DEVEHO-LOGO-Baseline-COLOR.png\",\"contentUrl\":\"https:\/\/deveho.com\/wp-content\/uploads\/2023\/02\/DEVEHO-LOGO-Baseline-COLOR.png\",\"width\":2251,\"height\":585,\"caption\":\"Deveho Consulting Group\"},\"image\":{\"@id\":\"https:\/\/deveho.com\/#\/schema\/logo\/image\/\"},\"sameAs\":[\"https:\/\/www.facebook.com\/deveho\",\"https:\/\/x.com\/Deveho1\",\"https:\/\/www.linkedin.com\/company\/deveho-consulting\/\"]}]}<\/script>\n<!-- \/ Yoast SEO plugin. -->","yoast_head_json":{"title":"Sage X3 Marketplace - Deveho","robots":{"index":"index","follow":"follow","max-snippet":"max-snippet:-1","max-image-preview":"max-image-preview:large","max-video-preview":"max-video-preview:-1"},"canonical":"https:\/\/deveho.com\/hu\/termekek\/sage-x3-marketplace\/","og_locale":"hu_HU","og_type":"article","og_title":"Sage X3 Marketplace - Deveho","og_description":"Ismerje meg a Sage \u00e9s felhatalmazott partnerei \u00e1ltal k\u00edn\u00e1lt hat\u00e9kony megold\u00e1sok v\u00e1laszt\u00e9k\u00e1t, \u00e9s ismerje meg, hogyan jav\u00edthatj\u00e1k megold\u00e1sa k\u00e9pess\u00e9geit.","og_url":"https:\/\/deveho.com\/hu\/termekek\/sage-x3-marketplace\/","og_site_name":"Deveho","article_publisher":"https:\/\/www.facebook.com\/deveho","article_modified_time":"2025-12-18T08:08:38+00:00","twitter_card":"summary_large_image","twitter_site":"@Deveho1","twitter_misc":{"Becs\u00fclt olvas\u00e1si id\u0151":"1 perc"},"schema":{"@context":"https:\/\/schema.org","@graph":[{"@type":"WebPage","@id":"https:\/\/deveho.com\/hu\/termekek\/sage-x3-marketplace\/","url":"https:\/\/deveho.com\/hu\/termekek\/sage-x3-marketplace\/","name":"Sage X3 Marketplace - Deveho","isPartOf":{"@id":"https:\/\/deveho.com\/#website"},"datePublished":"2022-03-30T15:24:16+00:00","dateModified":"2025-12-18T08:08:38+00:00","breadcrumb":{"@id":"https:\/\/deveho.com\/hu\/termekek\/sage-x3-marketplace\/#breadcrumb"},"inLanguage":"hu","potentialAction":[{"@type":"ReadAction","target":["https:\/\/deveho.com\/hu\/termekek\/sage-x3-marketplace\/"]}]},{"@type":"BreadcrumbList","@id":"https:\/\/deveho.com\/hu\/termekek\/sage-x3-marketplace\/#breadcrumb","itemListElement":[{"@type":"ListItem","position":1,"name":"Home","item":"https:\/\/deveho.com\/hu\/"},{"@type":"ListItem","position":2,"name":"Term\u00e9kek","item":"https:\/\/deveho.com\/hu\/termekek\/"},{"@type":"ListItem","position":3,"name":"Sage X3 Marketplace"}]},{"@type":"WebSite","@id":"https:\/\/deveho.com\/#website","url":"https:\/\/deveho.com\/","name":"Deveho Consulting Group","description":"Let\u2019s boost your growth","publisher":{"@id":"https:\/\/deveho.com\/#organization"},"potentialAction":[{"@type":"SearchAction","target":{"@type":"EntryPoint","urlTemplate":"https:\/\/deveho.com\/?s={search_term_string}"},"query-input":{"@type":"PropertyValueSpecification","valueRequired":true,"valueName":"search_term_string"}}],"inLanguage":"hu"},{"@type":"Organization","@id":"https:\/\/deveho.com\/#organization","name":"Deveho Consulting Group","url":"https:\/\/deveho.com\/","logo":{"@type":"ImageObject","inLanguage":"hu","@id":"https:\/\/deveho.com\/#\/schema\/logo\/image\/","url":"https:\/\/deveho.com\/wp-content\/uploads\/2023\/02\/DEVEHO-LOGO-Baseline-COLOR.png","contentUrl":"https:\/\/deveho.com\/wp-content\/uploads\/2023\/02\/DEVEHO-LOGO-Baseline-COLOR.png","width":2251,"height":585,"caption":"Deveho Consulting Group"},"image":{"@id":"https:\/\/deveho.com\/#\/schema\/logo\/image\/"},"sameAs":["https:\/\/www.facebook.com\/deveho","https:\/\/x.com\/Deveho1","https:\/\/www.linkedin.com\/company\/deveho-consulting\/"]}]}},"_links":{"self":[{"href":"https:\/\/deveho.com\/hu\/wp-json\/wp\/v2\/pages\/9615"}],"collection":[{"href":"https:\/\/deveho.com\/hu\/wp-json\/wp\/v2\/pages"}],"about":[{"href":"https:\/\/deveho.com\/hu\/wp-json\/wp\/v2\/types\/page"}],"author":[{"embeddable":true,"href":"https:\/\/deveho.com\/hu\/wp-json\/wp\/v2\/users\/3"}],"replies":[{"embeddable":true,"href":"https:\/\/deveho.com\/hu\/wp-json\/wp\/v2\/comments?post=9615"}],"version-history":[{"count":5,"href":"https:\/\/deveho.com\/hu\/wp-json\/wp\/v2\/pages\/9615\/revisions"}],"predecessor-version":[{"id":44749,"href":"https:\/\/deveho.com\/hu\/wp-json\/wp\/v2\/pages\/9615\/revisions\/44749"}],"up":[{"embeddable":true,"href":"https:\/\/deveho.com\/hu\/wp-json\/wp\/v2\/pages\/10338"}],"wp:attachment":[{"href":"https:\/\/deveho.com\/hu\/wp-json\/wp\/v2\/media?parent=9615"}],"curies":[{"name":"wp","href":"https:\/\/api.w.org\/{rel}","templated":true}]}}