{"id":9625,"date":"2022-03-31T15:02:17","date_gmt":"2022-03-31T15:02:17","guid":{"rendered":"https:\/\/deveho2.sfdbeta.be\/papirmentes-rendszer\/"},"modified":"2023-09-13T12:28:31","modified_gmt":"2023-09-13T10:28:31","slug":"papirmentes-rendszer","status":"publish","type":"page","link":"https:\/\/deveho.com\/hu\/termekek\/papirmentes-rendszer\/","title":{"rendered":"Pap\u00edrmentes Rendszer"},"content":{"rendered":"<br \/>\n<h2>A pap\u00edrmentes rendszer c\u00e9lja a pap\u00edr alap\u00fa rendszerekkel kapcsolatos id\u0151 \u00e9s k\u00f6lts\u00e9g cs\u00f6kkent\u00e9se. <\/h2>\n<h3><\/h3>\n<h3>A pap\u00edrmentess\u00e9g az elektronikus dokumentumok l\u00e9trehoz\u00e1s\u00e1n t\u00falmen\u0151en lehet\u0151s\u00e9get k\u00edn\u00e1l az adatmegoszt\u00e1s \u00e9s a folyamatok optimaliz\u00e1l\u00e1s\u00e1ra egy olyan vil\u00e1gban, ahol a digit\u00e1lis eszk\u00f6z\u00f6k jelentik az inform\u00e1ci\u00f3 \u00e9s a kommunik\u00e1ci\u00f3 f\u0151 vektor\u00e1t. \u00cdgy a megrendel\u00e9sek, \u00e1raj\u00e1nlatok, sz\u00e1ml\u00e1k \u00e9s egy\u00e9b dokumentumok elektronikus \u00faton k\u00e9sz\u00fclnek, megk\u00f6nny\u00edtve azok megoszt\u00e1s\u00e1t, megtekint\u00e9s\u00e9t \u00e9s t\u00e1rol\u00e1s\u00e1t.<\/h3>\n<p><p>A f\u0151 piaci megold\u00e1sokhoz val\u00f3 szabv\u00e1nyos csatlakoz\u00e1sok seg\u00edts\u00e9g\u00e9vel a Sage X3 egy hat\u00e9kony \u00e9s biztons\u00e1gos be\u00e9p\u00edtett elektronikus dokumentumkezel\u0151 rendszer (EDMS) lehet\u0151s\u00e9g\u00e9t k\u00edn\u00e1lja.<\/p>\n<p>Minden dokumentuma \u00f6sszekapcsolva van a Sage X3 megfelel\u0151 funkci\u00f3ival, \u00edgy kik\u00fcsz\u00f6b\u00f6lhet\u0151 a duplik\u00e1ci\u00f3kkal \u00e9s a k\u00fcl\u00f6nb\u00f6z\u0151 verzi\u00f3kkal kapcsolatos probl\u00e9m\u00e1k, mik\u00f6zben optimaliz\u00e1lja a t\u00f6bb tudom\u00e1ny\u00e1gat \u00e1t\u00edvel\u0151 folyamatokat a v\u00e1llalat k\u00fcl\u00f6nb\u00f6z\u0151 r\u00e9szlegei k\u00f6z\u00f6tt.<\/p>\n<\/p>\n<h2><\/h2>\n<h3>Kapcsol\u00f3d\u00f3 oldalak<\/h3>\n<\/p>\n<h3><\/h3>\n<\/p>\n<h3><\/h3><\/p>\n","protected":false},"excerpt":{"rendered":"<p>Optimaliz\u00e1lja \u00e9s tegye biztons\u00e1goss\u00e1 dokumentumait valamint adatait a partnerekkel a hat\u00e9konys\u00e1g n\u00f6vel\u00e9se \u00e9s ez\u00e1ltal a megtakar\u00edt\u00e1sok \u00e9rdek\u00e9ben. A n\u00f6vekv\u0151 adatmennyis\u00e9ggel szemben a pap\u00edrmentes m\u00f3dszerekre val\u00f3 \u00e1t\u00e1ll\u00e1s komoly gondot jelent a v\u00e1llalatok sz\u00e1m\u00e1ra.<\/p>\n","protected":false},"author":3,"featured_media":0,"parent":10338,"menu_order":0,"comment_status":"closed","ping_status":"closed","template":"templates\/template-prod_serv.php","meta":{"_acf_changed":false,"footnotes":""},"class_list":["post-9625","page","type-page","status-publish","hentry"],"acf":[],"yoast_head":"<!-- This site is optimized with the Yoast SEO plugin v23.5 - https:\/\/yoast.com\/wordpress\/plugins\/seo\/ -->\n<title>Pap\u00edrmentes Rendszer - Deveho<\/title>\n<meta name=\"robots\" content=\"index, follow, max-snippet:-1, max-image-preview:large, max-video-preview:-1\" \/>\n<link rel=\"canonical\" href=\"https:\/\/deveho.com\/products\/paperless-system-solution\/\" \/>\n<meta property=\"og:locale\" content=\"hu_HU\" \/>\n<meta property=\"og:type\" content=\"article\" \/>\n<meta property=\"og:title\" content=\"Pap\u00edrmentes Rendszer - Deveho\" \/>\n<meta property=\"og:description\" content=\"Optimaliz\u00e1lja \u00e9s tegye biztons\u00e1goss\u00e1 dokumentumait valamint adatait a partnerekkel a hat\u00e9konys\u00e1g n\u00f6vel\u00e9se \u00e9s ez\u00e1ltal a megtakar\u00edt\u00e1sok \u00e9rdek\u00e9ben. A n\u00f6vekv\u0151 adatmennyis\u00e9ggel szemben a pap\u00edrmentes m\u00f3dszerekre val\u00f3 \u00e1t\u00e1ll\u00e1s komoly gondot jelent a v\u00e1llalatok sz\u00e1m\u00e1ra.\" \/>\n<meta property=\"og:url\" content=\"https:\/\/deveho.com\/products\/paperless-system-solution\/\" \/>\n<meta property=\"og:site_name\" content=\"Deveho\" \/>\n<meta property=\"article:publisher\" content=\"https:\/\/www.facebook.com\/deveho\" \/>\n<meta property=\"article:modified_time\" content=\"2023-09-13T10:28:31+00:00\" \/>\n<meta name=\"twitter:card\" content=\"summary_large_image\" \/>\n<meta name=\"twitter:site\" content=\"@Deveho1\" \/>\n<meta name=\"twitter:label1\" content=\"Becs\u00fclt olvas\u00e1si id\u0151\" \/>\n\t<meta name=\"twitter:data1\" content=\"1 perc\" \/>\n<script type=\"application\/ld+json\" class=\"yoast-schema-graph\">{\"@context\":\"https:\/\/schema.org\",\"@graph\":[{\"@type\":\"WebPage\",\"@id\":\"https:\/\/deveho.com\/products\/paperless-system-solution\/\",\"url\":\"https:\/\/deveho.com\/products\/paperless-system-solution\/\",\"name\":\"Pap\u00edrmentes Rendszer - Deveho\",\"isPartOf\":{\"@id\":\"https:\/\/deveho.com\/#website\"},\"datePublished\":\"2022-03-31T15:02:17+00:00\",\"dateModified\":\"2023-09-13T10:28:31+00:00\",\"breadcrumb\":{\"@id\":\"https:\/\/deveho.com\/products\/paperless-system-solution\/#breadcrumb\"},\"inLanguage\":\"hu\",\"potentialAction\":[{\"@type\":\"ReadAction\",\"target\":[\"https:\/\/deveho.com\/products\/paperless-system-solution\/\"]}]},{\"@type\":\"BreadcrumbList\",\"@id\":\"https:\/\/deveho.com\/products\/paperless-system-solution\/#breadcrumb\",\"itemListElement\":[{\"@type\":\"ListItem\",\"position\":1,\"name\":\"Home\",\"item\":\"https:\/\/deveho.com\/hu\/\"},{\"@type\":\"ListItem\",\"position\":2,\"name\":\"Term\u00e9kek\",\"item\":\"https:\/\/deveho.com\/hu\/termekek\/\"},{\"@type\":\"ListItem\",\"position\":3,\"name\":\"Pap\u00edrmentes Rendszer\"}]},{\"@type\":\"WebSite\",\"@id\":\"https:\/\/deveho.com\/#website\",\"url\":\"https:\/\/deveho.com\/\",\"name\":\"Deveho Consulting Group\",\"description\":\"Let\u2019s boost your growth\",\"publisher\":{\"@id\":\"https:\/\/deveho.com\/#organization\"},\"potentialAction\":[{\"@type\":\"SearchAction\",\"target\":{\"@type\":\"EntryPoint\",\"urlTemplate\":\"https:\/\/deveho.com\/?s={search_term_string}\"},\"query-input\":{\"@type\":\"PropertyValueSpecification\",\"valueRequired\":true,\"valueName\":\"search_term_string\"}}],\"inLanguage\":\"hu\"},{\"@type\":\"Organization\",\"@id\":\"https:\/\/deveho.com\/#organization\",\"name\":\"Deveho Consulting Group\",\"url\":\"https:\/\/deveho.com\/\",\"logo\":{\"@type\":\"ImageObject\",\"inLanguage\":\"hu\",\"@id\":\"https:\/\/deveho.com\/#\/schema\/logo\/image\/\",\"url\":\"https:\/\/deveho.com\/wp-content\/uploads\/2023\/02\/DEVEHO-LOGO-Baseline-COLOR.png\",\"contentUrl\":\"https:\/\/deveho.com\/wp-content\/uploads\/2023\/02\/DEVEHO-LOGO-Baseline-COLOR.png\",\"width\":2251,\"height\":585,\"caption\":\"Deveho Consulting Group\"},\"image\":{\"@id\":\"https:\/\/deveho.com\/#\/schema\/logo\/image\/\"},\"sameAs\":[\"https:\/\/www.facebook.com\/deveho\",\"https:\/\/x.com\/Deveho1\",\"https:\/\/www.linkedin.com\/company\/deveho-consulting\/\"]}]}<\/script>\n<!-- \/ Yoast SEO plugin. -->","yoast_head_json":{"title":"Pap\u00edrmentes Rendszer - Deveho","robots":{"index":"index","follow":"follow","max-snippet":"max-snippet:-1","max-image-preview":"max-image-preview:large","max-video-preview":"max-video-preview:-1"},"canonical":"https:\/\/deveho.com\/products\/paperless-system-solution\/","og_locale":"hu_HU","og_type":"article","og_title":"Pap\u00edrmentes Rendszer - Deveho","og_description":"Optimaliz\u00e1lja \u00e9s tegye biztons\u00e1goss\u00e1 dokumentumait valamint adatait a partnerekkel a hat\u00e9konys\u00e1g n\u00f6vel\u00e9se \u00e9s ez\u00e1ltal a megtakar\u00edt\u00e1sok \u00e9rdek\u00e9ben. A n\u00f6vekv\u0151 adatmennyis\u00e9ggel szemben a pap\u00edrmentes m\u00f3dszerekre val\u00f3 \u00e1t\u00e1ll\u00e1s komoly gondot jelent a v\u00e1llalatok sz\u00e1m\u00e1ra.","og_url":"https:\/\/deveho.com\/products\/paperless-system-solution\/","og_site_name":"Deveho","article_publisher":"https:\/\/www.facebook.com\/deveho","article_modified_time":"2023-09-13T10:28:31+00:00","twitter_card":"summary_large_image","twitter_site":"@Deveho1","twitter_misc":{"Becs\u00fclt olvas\u00e1si id\u0151":"1 perc"},"schema":{"@context":"https:\/\/schema.org","@graph":[{"@type":"WebPage","@id":"https:\/\/deveho.com\/products\/paperless-system-solution\/","url":"https:\/\/deveho.com\/products\/paperless-system-solution\/","name":"Pap\u00edrmentes Rendszer - Deveho","isPartOf":{"@id":"https:\/\/deveho.com\/#website"},"datePublished":"2022-03-31T15:02:17+00:00","dateModified":"2023-09-13T10:28:31+00:00","breadcrumb":{"@id":"https:\/\/deveho.com\/products\/paperless-system-solution\/#breadcrumb"},"inLanguage":"hu","potentialAction":[{"@type":"ReadAction","target":["https:\/\/deveho.com\/products\/paperless-system-solution\/"]}]},{"@type":"BreadcrumbList","@id":"https:\/\/deveho.com\/products\/paperless-system-solution\/#breadcrumb","itemListElement":[{"@type":"ListItem","position":1,"name":"Home","item":"https:\/\/deveho.com\/hu\/"},{"@type":"ListItem","position":2,"name":"Term\u00e9kek","item":"https:\/\/deveho.com\/hu\/termekek\/"},{"@type":"ListItem","position":3,"name":"Pap\u00edrmentes Rendszer"}]},{"@type":"WebSite","@id":"https:\/\/deveho.com\/#website","url":"https:\/\/deveho.com\/","name":"Deveho Consulting Group","description":"Let\u2019s boost your growth","publisher":{"@id":"https:\/\/deveho.com\/#organization"},"potentialAction":[{"@type":"SearchAction","target":{"@type":"EntryPoint","urlTemplate":"https:\/\/deveho.com\/?s={search_term_string}"},"query-input":{"@type":"PropertyValueSpecification","valueRequired":true,"valueName":"search_term_string"}}],"inLanguage":"hu"},{"@type":"Organization","@id":"https:\/\/deveho.com\/#organization","name":"Deveho Consulting Group","url":"https:\/\/deveho.com\/","logo":{"@type":"ImageObject","inLanguage":"hu","@id":"https:\/\/deveho.com\/#\/schema\/logo\/image\/","url":"https:\/\/deveho.com\/wp-content\/uploads\/2023\/02\/DEVEHO-LOGO-Baseline-COLOR.png","contentUrl":"https:\/\/deveho.com\/wp-content\/uploads\/2023\/02\/DEVEHO-LOGO-Baseline-COLOR.png","width":2251,"height":585,"caption":"Deveho Consulting Group"},"image":{"@id":"https:\/\/deveho.com\/#\/schema\/logo\/image\/"},"sameAs":["https:\/\/www.facebook.com\/deveho","https:\/\/x.com\/Deveho1","https:\/\/www.linkedin.com\/company\/deveho-consulting\/"]}]}},"_links":{"self":[{"href":"https:\/\/deveho.com\/hu\/wp-json\/wp\/v2\/pages\/9625"}],"collection":[{"href":"https:\/\/deveho.com\/hu\/wp-json\/wp\/v2\/pages"}],"about":[{"href":"https:\/\/deveho.com\/hu\/wp-json\/wp\/v2\/types\/page"}],"author":[{"embeddable":true,"href":"https:\/\/deveho.com\/hu\/wp-json\/wp\/v2\/users\/3"}],"replies":[{"embeddable":true,"href":"https:\/\/deveho.com\/hu\/wp-json\/wp\/v2\/comments?post=9625"}],"version-history":[{"count":0,"href":"https:\/\/deveho.com\/hu\/wp-json\/wp\/v2\/pages\/9625\/revisions"}],"up":[{"embeddable":true,"href":"https:\/\/deveho.com\/hu\/wp-json\/wp\/v2\/pages\/10338"}],"wp:attachment":[{"href":"https:\/\/deveho.com\/hu\/wp-json\/wp\/v2\/media?parent=9625"}],"curies":[{"name":"wp","href":"https:\/\/api.w.org\/{rel}","templated":true}]}}