{"id":10147,"date":"2022-05-06T13:51:13","date_gmt":"2022-05-06T13:51:13","guid":{"rendered":"https:\/\/deveho2.sfdbeta.be\/sage-frp-1000\/"},"modified":"2023-02-13T12:19:58","modified_gmt":"2023-02-13T10:19:58","slug":"sage-frp-1000","status":"publish","type":"page","link":"https:\/\/deveho.com\/it\/prodotti\/sage-frp-1000\/","title":{"rendered":"Sage FRP 1000"},"content":{"rendered":"<br \/>\n<h2>Scegli lo strumento di gestione finanziaria adatto alle tue esigenze. <\/h2>\n<h3>Un&#8217;unica soluzione per una gestione complessa<\/h3>\n<p><p>Tutte le esigenze del Responsabile Financiario sono raggruppate in un unico strumento: contabilit\u00e0, processo operativo, gestione del budget, ecc. Inoltre, Sage FRP 1000 \u00e8 modulare, prendi solo ci\u00f2 di cui hai bisogno e fai evolvere la tua soluzione con le esigenze della tua attivit\u00e0.<\/p>\n<\/p>\n<h3>Adatta per la gestione multi-aziendale<\/h3>\n<p><p>Grazie al suo database unico, Sage FRP 1000 ti consente: aggregazione facile e veloce dei tuoi dati, armonizzazione e protezione del repository, nonch\u00e9 gestione nativa all&#8217;interno del gruppo.<\/p>\n<\/p>\n<h3>Una piattaforma tecnologica aperta<\/h3>\n<p><p>Interconnessione con tutti i tipi di applicazioni, disponibili in cloud o in loco. Sage FRP 1000 \u00e8 una soluzione pronta all&#8217;uso che si implementa rapidamente e si adatta perfettamente alla tua attivit\u00e0.<\/p>\n<\/p>\n<h3>Gestisci le tue operazioni commerciali: acquisti, vendite, scorte <\/h3>\n<p><p>La soluzione ha un&#8217;ampia copertura funzionale che soddisfa tutte le esigenze di contabilit\u00e0 generale, analitica, di bilancio e ausiliaria, dall&#8217;inserimento delle scritture contabili alla gestione automatizzata dei pagamenti.<\/p>\n<\/p>\n<h2>Sage FRP 1000<\/h2>\n<h3><\/h3>\n<h3>Gestione contabile<\/h3>\n<\/p>\n<h2>Sage FRP 1000 <\/h2>\n<h3><\/h3>\n<h3>Flussi finanziari<\/h3>\n<\/p>\n<h2>Sage FRP 1000 <\/h2>\n<h3><\/h3>\n<h3>Processi operativi<\/h3>\n<\/p>\n<h2><\/h2>\n<h3>Pagine Correlate<\/h3>\n<\/p>\n<h3><\/h3>\n<\/p>\n<h3><\/h3><\/p>\n","protected":false},"excerpt":{"rendered":"<p>Sage FRP 1000 cloud \u00e8 una soluzione finanziaria integrata basata su una piattaforma collaborativa e produttiva per ritorni su misura e copertura funzionale esperta. Con Sage FRP 1000, beneficia di una soluzione di gestione finanziaria che ti consente di controllare meglio le tue prestazioni finanziarie, i costi e i rischi associati.<br \/>\nIl software Sage FRP 1000 ha una ricca copertura funzionale con funzionalit\u00e0 avanzate per la gestione finanziaria avanzata dei vari stabilimenti. <\/p>\n","protected":false},"author":8,"featured_media":0,"parent":10242,"menu_order":0,"comment_status":"closed","ping_status":"closed","template":"templates\/template-prod_serv.php","meta":{"_acf_changed":false,"footnotes":""},"class_list":["post-10147","page","type-page","status-publish","hentry"],"acf":[],"yoast_head":"<!-- This site is optimized with the Yoast SEO plugin v23.5 - https:\/\/yoast.com\/wordpress\/plugins\/seo\/ -->\n<title>Sage FRP 1000 - Deveho<\/title>\n<meta name=\"robots\" content=\"index, follow, max-snippet:-1, max-image-preview:large, max-video-preview:-1\" \/>\n<link rel=\"canonical\" href=\"https:\/\/deveho.com\/products\/sage-frp-1000\/\" \/>\n<meta property=\"og:locale\" content=\"it_IT\" \/>\n<meta property=\"og:type\" content=\"article\" \/>\n<meta property=\"og:title\" content=\"Sage FRP 1000 - Deveho\" \/>\n<meta property=\"og:description\" content=\"Sage FRP 1000 cloud \u00e8 una soluzione finanziaria integrata basata su una piattaforma collaborativa e produttiva per ritorni su misura e copertura funzionale esperta. Con Sage FRP 1000, beneficia di una soluzione di gestione finanziaria che ti consente di controllare meglio le tue prestazioni finanziarie, i costi e i rischi associati.  Il software Sage FRP 1000 ha una ricca copertura funzionale con funzionalit\u00e0 avanzate per la gestione finanziaria avanzata dei vari stabilimenti.\" \/>\n<meta property=\"og:url\" content=\"https:\/\/deveho.com\/products\/sage-frp-1000\/\" \/>\n<meta property=\"og:site_name\" content=\"Deveho\" \/>\n<meta property=\"article:publisher\" content=\"https:\/\/www.facebook.com\/deveho\" \/>\n<meta property=\"article:modified_time\" content=\"2023-02-13T10:19:58+00:00\" \/>\n<meta name=\"twitter:card\" content=\"summary_large_image\" \/>\n<meta name=\"twitter:site\" content=\"@Deveho1\" \/>\n<meta name=\"twitter:label1\" content=\"Tempo di lettura stimato\" \/>\n\t<meta name=\"twitter:data1\" content=\"1 minuto\" \/>\n<script type=\"application\/ld+json\" class=\"yoast-schema-graph\">{\"@context\":\"https:\/\/schema.org\",\"@graph\":[{\"@type\":\"WebPage\",\"@id\":\"https:\/\/deveho.com\/products\/sage-frp-1000\/\",\"url\":\"https:\/\/deveho.com\/products\/sage-frp-1000\/\",\"name\":\"Sage FRP 1000 - Deveho\",\"isPartOf\":{\"@id\":\"https:\/\/deveho.com\/#website\"},\"datePublished\":\"2022-05-06T13:51:13+00:00\",\"dateModified\":\"2023-02-13T10:19:58+00:00\",\"breadcrumb\":{\"@id\":\"https:\/\/deveho.com\/products\/sage-frp-1000\/#breadcrumb\"},\"inLanguage\":\"it-IT\",\"potentialAction\":[{\"@type\":\"ReadAction\",\"target\":[\"https:\/\/deveho.com\/products\/sage-frp-1000\/\"]}]},{\"@type\":\"BreadcrumbList\",\"@id\":\"https:\/\/deveho.com\/products\/sage-frp-1000\/#breadcrumb\",\"itemListElement\":[{\"@type\":\"ListItem\",\"position\":1,\"name\":\"Home\",\"item\":\"https:\/\/deveho.com\/it\/\"},{\"@type\":\"ListItem\",\"position\":2,\"name\":\"Prodotti\",\"item\":\"https:\/\/deveho.com\/it\/prodotti\/\"},{\"@type\":\"ListItem\",\"position\":3,\"name\":\"Sage FRP 1000\"}]},{\"@type\":\"WebSite\",\"@id\":\"https:\/\/deveho.com\/#website\",\"url\":\"https:\/\/deveho.com\/\",\"name\":\"Deveho Consulting Group\",\"description\":\"Let\u2019s boost your growth\",\"publisher\":{\"@id\":\"https:\/\/deveho.com\/#organization\"},\"potentialAction\":[{\"@type\":\"SearchAction\",\"target\":{\"@type\":\"EntryPoint\",\"urlTemplate\":\"https:\/\/deveho.com\/?s={search_term_string}\"},\"query-input\":{\"@type\":\"PropertyValueSpecification\",\"valueRequired\":true,\"valueName\":\"search_term_string\"}}],\"inLanguage\":\"it-IT\"},{\"@type\":\"Organization\",\"@id\":\"https:\/\/deveho.com\/#organization\",\"name\":\"Deveho Consulting Group\",\"url\":\"https:\/\/deveho.com\/\",\"logo\":{\"@type\":\"ImageObject\",\"inLanguage\":\"it-IT\",\"@id\":\"https:\/\/deveho.com\/#\/schema\/logo\/image\/\",\"url\":\"https:\/\/deveho.com\/wp-content\/uploads\/2023\/02\/DEVEHO-LOGO-Baseline-COLOR.png\",\"contentUrl\":\"https:\/\/deveho.com\/wp-content\/uploads\/2023\/02\/DEVEHO-LOGO-Baseline-COLOR.png\",\"width\":2251,\"height\":585,\"caption\":\"Deveho Consulting Group\"},\"image\":{\"@id\":\"https:\/\/deveho.com\/#\/schema\/logo\/image\/\"},\"sameAs\":[\"https:\/\/www.facebook.com\/deveho\",\"https:\/\/x.com\/Deveho1\",\"https:\/\/www.linkedin.com\/company\/deveho-consulting\/\"]}]}<\/script>\n<!-- \/ Yoast SEO plugin. -->","yoast_head_json":{"title":"Sage FRP 1000 - Deveho","robots":{"index":"index","follow":"follow","max-snippet":"max-snippet:-1","max-image-preview":"max-image-preview:large","max-video-preview":"max-video-preview:-1"},"canonical":"https:\/\/deveho.com\/products\/sage-frp-1000\/","og_locale":"it_IT","og_type":"article","og_title":"Sage FRP 1000 - Deveho","og_description":"Sage FRP 1000 cloud \u00e8 una soluzione finanziaria integrata basata su una piattaforma collaborativa e produttiva per ritorni su misura e copertura funzionale esperta. Con Sage FRP 1000, beneficia di una soluzione di gestione finanziaria che ti consente di controllare meglio le tue prestazioni finanziarie, i costi e i rischi associati.  Il software Sage FRP 1000 ha una ricca copertura funzionale con funzionalit\u00e0 avanzate per la gestione finanziaria avanzata dei vari stabilimenti.","og_url":"https:\/\/deveho.com\/products\/sage-frp-1000\/","og_site_name":"Deveho","article_publisher":"https:\/\/www.facebook.com\/deveho","article_modified_time":"2023-02-13T10:19:58+00:00","twitter_card":"summary_large_image","twitter_site":"@Deveho1","twitter_misc":{"Tempo di lettura stimato":"1 minuto"},"schema":{"@context":"https:\/\/schema.org","@graph":[{"@type":"WebPage","@id":"https:\/\/deveho.com\/products\/sage-frp-1000\/","url":"https:\/\/deveho.com\/products\/sage-frp-1000\/","name":"Sage FRP 1000 - Deveho","isPartOf":{"@id":"https:\/\/deveho.com\/#website"},"datePublished":"2022-05-06T13:51:13+00:00","dateModified":"2023-02-13T10:19:58+00:00","breadcrumb":{"@id":"https:\/\/deveho.com\/products\/sage-frp-1000\/#breadcrumb"},"inLanguage":"it-IT","potentialAction":[{"@type":"ReadAction","target":["https:\/\/deveho.com\/products\/sage-frp-1000\/"]}]},{"@type":"BreadcrumbList","@id":"https:\/\/deveho.com\/products\/sage-frp-1000\/#breadcrumb","itemListElement":[{"@type":"ListItem","position":1,"name":"Home","item":"https:\/\/deveho.com\/it\/"},{"@type":"ListItem","position":2,"name":"Prodotti","item":"https:\/\/deveho.com\/it\/prodotti\/"},{"@type":"ListItem","position":3,"name":"Sage FRP 1000"}]},{"@type":"WebSite","@id":"https:\/\/deveho.com\/#website","url":"https:\/\/deveho.com\/","name":"Deveho Consulting Group","description":"Let\u2019s boost your growth","publisher":{"@id":"https:\/\/deveho.com\/#organization"},"potentialAction":[{"@type":"SearchAction","target":{"@type":"EntryPoint","urlTemplate":"https:\/\/deveho.com\/?s={search_term_string}"},"query-input":{"@type":"PropertyValueSpecification","valueRequired":true,"valueName":"search_term_string"}}],"inLanguage":"it-IT"},{"@type":"Organization","@id":"https:\/\/deveho.com\/#organization","name":"Deveho Consulting Group","url":"https:\/\/deveho.com\/","logo":{"@type":"ImageObject","inLanguage":"it-IT","@id":"https:\/\/deveho.com\/#\/schema\/logo\/image\/","url":"https:\/\/deveho.com\/wp-content\/uploads\/2023\/02\/DEVEHO-LOGO-Baseline-COLOR.png","contentUrl":"https:\/\/deveho.com\/wp-content\/uploads\/2023\/02\/DEVEHO-LOGO-Baseline-COLOR.png","width":2251,"height":585,"caption":"Deveho Consulting Group"},"image":{"@id":"https:\/\/deveho.com\/#\/schema\/logo\/image\/"},"sameAs":["https:\/\/www.facebook.com\/deveho","https:\/\/x.com\/Deveho1","https:\/\/www.linkedin.com\/company\/deveho-consulting\/"]}]}},"_links":{"self":[{"href":"https:\/\/deveho.com\/it\/wp-json\/wp\/v2\/pages\/10147"}],"collection":[{"href":"https:\/\/deveho.com\/it\/wp-json\/wp\/v2\/pages"}],"about":[{"href":"https:\/\/deveho.com\/it\/wp-json\/wp\/v2\/types\/page"}],"author":[{"embeddable":true,"href":"https:\/\/deveho.com\/it\/wp-json\/wp\/v2\/users\/8"}],"replies":[{"embeddable":true,"href":"https:\/\/deveho.com\/it\/wp-json\/wp\/v2\/comments?post=10147"}],"version-history":[{"count":0,"href":"https:\/\/deveho.com\/it\/wp-json\/wp\/v2\/pages\/10147\/revisions"}],"up":[{"embeddable":true,"href":"https:\/\/deveho.com\/it\/wp-json\/wp\/v2\/pages\/10242"}],"wp:attachment":[{"href":"https:\/\/deveho.com\/it\/wp-json\/wp\/v2\/media?parent=10147"}],"curies":[{"name":"wp","href":"https:\/\/api.w.org\/{rel}","templated":true}]}}