{"id":10157,"date":"2022-05-09T09:02:12","date_gmt":"2022-05-09T09:02:12","guid":{"rendered":"https:\/\/deveho2.sfdbeta.be\/ovh\/"},"modified":"2022-12-05T15:04:24","modified_gmt":"2022-12-05T13:04:24","slug":"ovh","status":"publish","type":"page","link":"https:\/\/deveho.com\/it\/servizi\/cloud-hosting\/ovh\/","title":{"rendered":"OVH"},"content":{"rendered":"<br \/>\n<h2>Informazioni generali su OVH <\/h2>\n<\/p>\n<p><p>OVHcloud offre un&#8217;alternativa pi\u00f9 intelligente per soluzioni di hosting web, e-mail, server bare metal, ospita cloud privato, soluzioni cloud ibrido e pubblico. Il gruppo gestisce 30 data center in 12 siti in 4 continenti, producendo i propri server, costruendo i propri data center e implementando la propria rete globale in fibra ottica per ottenere la massima efficienza.<\/p>\n<\/p>\n<p><p>Attraverso lo spirito OVHcloud di sfidare lo status quo, l&#8217;azienda porta libert\u00e0, sicurezza e innovazione per risolvere le sfide dei dati, oggi e domani. Con un&#8217;eredit\u00e0 di 20 anni e una solida base europea, OVHcloud si impegna a sviluppare tecnologie responsabili, mentre il gruppo si sforza di essere la forza trainante della prossima evoluzione del cloud.<\/p>\n<\/p>\n<h2><red>Benefici<\/red> di OVH      <\/h2>\n<h3>SERVIZI<\/h3>\n<p><p>OVH offre una vasta gamma di servizi IT per le imprese: dal web hosting ai data center virtuali, server dedicati, soluzioni di archiviazione e connessioni xDSL e VoIP, tutti i servizi beneficiano di una continua innovazione e si arricchiscono periodicamente di nuove funzionalit\u00e0.<\/p>\n<\/p>\n<h3>UNA RETE PROPRIETARIA NEL MONDO<\/h3>\n<p><p>La portata internazionale di OVH si basa principalmente sulla sua rete proprietaria, attraverso la quale offre una qualit\u00e0 del servizio impeccabile. Questa rete ultra sicura, con larghezza di banda garantita, offre un vantaggio unico nel mercato dell&#8217;hosting di oggi.<\/p>\n<\/p>\n<h3>APPASSIONATI DEL SERVIZIO CLIENTI<\/h3>\n<p><p>In OVH la frase \u201csempre al tuo servizio\u201d \u00e8 alla base di un vero impegno. Fin dalla tua prima conversazione con il team di supporto, interagirai con utenti avanzati che metteranno a frutto la loro esperienza tecnica per aiutarti a scegliere la soluzione giusta.<\/p>\n<\/p>\n<h3>OTTIMIZZAZIONE DELLE SPESE<\/h3>\n<p><p>La maggior parte dei concorrenti gestisce solo il servizio di hosting stesso. La produzione dei server \u00e8 quindi esternalizzata; i data center sono noleggiati da terzi, cos\u00ec come la rete, fornita chiavi in mano da subappaltatori. Di conseguenza, \u00e8 difficile garantire tariffe per i servizi e mantenerle a un livello competitivo. In OVH.com la struttura dei costi \u00e8 stata razionalizzata al massimo.<\/p>\n<\/p>\n<h3>DECISAMENTE INDIPENDENTE <\/h3>\n<p><p>OVH \u00e8 un&#8217;azienda a conduzione familiare, finanziariamente indipendente, che ha scelto di reinvestire tutti i suoi profitti nel suo sviluppo.<\/p>\n<\/p>\n<h2>Server dedicato: Ripartizione delle responsabilit\u00e0 <\/h2>\n<h3>SCOPO DI DEVEHO<\/h3>\n<p><p>Implementazione, amministrazione e manutenzione di Sistemi Operativi e Applicazioni Sage X3.<\/p>\n<p>La progettazione, l&#8217;implementazione, l&#8217;eventuale manutenzione delle soluzioni di rete implementate all&#8217;interno della soluzione di rete privata OVH.<\/p>\n<\/p>\n<h3>SCOPO DI OVH<\/h3>\n<p><p>Produzione, routing, delivery, manutenzione hardware di server e data center.<\/p>\n<p>L&#8217;architettura, l&#8217;implementazione e la manutenzione hardware dell&#8217;infrastruttura di rete pubblica e privata<\/p>\n<\/p>\n<h3><red>DEVEHO Cloud ospitato da OVH <\/red>      <\/h3>\n<\/p>\n<p>Infrastruttura dedicata\n<\/p>\n<p>Ampia gamma di server per diversi usi:<br \/>\nVirtualizzazione,<br \/>\nConservazione,<br \/>\nBig Data,<br \/>\nAmministrazione ecc.\n<\/p>\n<p>Configurazioni personalizzabili: RAM \/ CPU \/ Disco \/ Raid\n<\/p>\n<p>Gli ultimi progressi tecnologici\n<\/p>\n<p>Risorse per mese\n<\/p>\n<p>Rete Privata Multisito di OVH: vRack\n<\/p>\n<h2><\/h2>\n<h3>Pagine Correlate <\/h3>\n<\/p>\n<h3><\/h3>\n<\/p>\n<h3><\/h3><\/p>\n","protected":false},"excerpt":{"rendered":"<p>OVH \u00e8 un fornitore globale di cloud hyper-scale in Europa. OVH offre una vasta gamma di servizi IT per le imprese: dal web hosting ai data center virtuali, server dedicati, soluzioni di archiviazione e connessioni xDSL e VoIP, tutti i servizi beneficiano di una continua innovazione e si arricchiscono periodicamente di nuove funzionalit\u00e0.<\/p>\n","protected":false},"author":8,"featured_media":0,"parent":10188,"menu_order":0,"comment_status":"closed","ping_status":"closed","template":"templates\/template-prod_serv.php","meta":{"_acf_changed":false,"footnotes":""},"class_list":["post-10157","page","type-page","status-publish","hentry"],"acf":[],"yoast_head":"<!-- This site is optimized with the Yoast SEO plugin v23.5 - https:\/\/yoast.com\/wordpress\/plugins\/seo\/ -->\n<title>OVH - Deveho<\/title>\n<meta name=\"robots\" content=\"index, follow, max-snippet:-1, max-image-preview:large, max-video-preview:-1\" \/>\n<link rel=\"canonical\" href=\"https:\/\/deveho.com\/it\/servizi\/cloud-hosting\/ovh\/\" \/>\n<meta property=\"og:locale\" content=\"it_IT\" \/>\n<meta property=\"og:type\" content=\"article\" \/>\n<meta property=\"og:title\" content=\"OVH - Deveho\" \/>\n<meta property=\"og:description\" content=\"OVH \u00e8 un fornitore globale di cloud hyper-scale in Europa. OVH offre una vasta gamma di servizi IT per le imprese: dal web hosting ai data center virtuali, server dedicati, soluzioni di archiviazione e connessioni xDSL e VoIP, tutti i servizi beneficiano di una continua innovazione e si arricchiscono periodicamente di nuove funzionalit\u00e0.\" \/>\n<meta property=\"og:url\" content=\"https:\/\/deveho.com\/it\/servizi\/cloud-hosting\/ovh\/\" \/>\n<meta property=\"og:site_name\" content=\"Deveho\" \/>\n<meta property=\"article:publisher\" content=\"https:\/\/www.facebook.com\/deveho\" \/>\n<meta property=\"article:modified_time\" content=\"2022-12-05T13:04:24+00:00\" \/>\n<meta name=\"twitter:card\" content=\"summary_large_image\" \/>\n<meta name=\"twitter:site\" content=\"@Deveho1\" \/>\n<meta name=\"twitter:label1\" content=\"Tempo di lettura stimato\" \/>\n\t<meta name=\"twitter:data1\" content=\"2 minuti\" \/>\n<script type=\"application\/ld+json\" class=\"yoast-schema-graph\">{\"@context\":\"https:\/\/schema.org\",\"@graph\":[{\"@type\":\"WebPage\",\"@id\":\"https:\/\/deveho.com\/it\/servizi\/cloud-hosting\/ovh\/\",\"url\":\"https:\/\/deveho.com\/it\/servizi\/cloud-hosting\/ovh\/\",\"name\":\"OVH - Deveho\",\"isPartOf\":{\"@id\":\"https:\/\/deveho.com\/#website\"},\"datePublished\":\"2022-05-09T09:02:12+00:00\",\"dateModified\":\"2022-12-05T13:04:24+00:00\",\"breadcrumb\":{\"@id\":\"https:\/\/deveho.com\/it\/servizi\/cloud-hosting\/ovh\/#breadcrumb\"},\"inLanguage\":\"it-IT\",\"potentialAction\":[{\"@type\":\"ReadAction\",\"target\":[\"https:\/\/deveho.com\/it\/servizi\/cloud-hosting\/ovh\/\"]}]},{\"@type\":\"BreadcrumbList\",\"@id\":\"https:\/\/deveho.com\/it\/servizi\/cloud-hosting\/ovh\/#breadcrumb\",\"itemListElement\":[{\"@type\":\"ListItem\",\"position\":1,\"name\":\"Home\",\"item\":\"https:\/\/deveho.com\/it\/\"},{\"@type\":\"ListItem\",\"position\":2,\"name\":\"Servizi\",\"item\":\"https:\/\/deveho.com\/it\/servizi\/\"},{\"@type\":\"ListItem\",\"position\":3,\"name\":\"Cloud &#038; Hosting\",\"item\":\"https:\/\/deveho.com\/it\/servizi\/cloud-hosting\/\"},{\"@type\":\"ListItem\",\"position\":4,\"name\":\"OVH\"}]},{\"@type\":\"WebSite\",\"@id\":\"https:\/\/deveho.com\/#website\",\"url\":\"https:\/\/deveho.com\/\",\"name\":\"Deveho Consulting Group\",\"description\":\"Let\u2019s boost your growth\",\"publisher\":{\"@id\":\"https:\/\/deveho.com\/#organization\"},\"potentialAction\":[{\"@type\":\"SearchAction\",\"target\":{\"@type\":\"EntryPoint\",\"urlTemplate\":\"https:\/\/deveho.com\/?s={search_term_string}\"},\"query-input\":{\"@type\":\"PropertyValueSpecification\",\"valueRequired\":true,\"valueName\":\"search_term_string\"}}],\"inLanguage\":\"it-IT\"},{\"@type\":\"Organization\",\"@id\":\"https:\/\/deveho.com\/#organization\",\"name\":\"Deveho Consulting Group\",\"url\":\"https:\/\/deveho.com\/\",\"logo\":{\"@type\":\"ImageObject\",\"inLanguage\":\"it-IT\",\"@id\":\"https:\/\/deveho.com\/#\/schema\/logo\/image\/\",\"url\":\"https:\/\/deveho.com\/wp-content\/uploads\/2023\/02\/DEVEHO-LOGO-Baseline-COLOR.png\",\"contentUrl\":\"https:\/\/deveho.com\/wp-content\/uploads\/2023\/02\/DEVEHO-LOGO-Baseline-COLOR.png\",\"width\":2251,\"height\":585,\"caption\":\"Deveho Consulting Group\"},\"image\":{\"@id\":\"https:\/\/deveho.com\/#\/schema\/logo\/image\/\"},\"sameAs\":[\"https:\/\/www.facebook.com\/deveho\",\"https:\/\/x.com\/Deveho1\",\"https:\/\/www.linkedin.com\/company\/deveho-consulting\/\"]}]}<\/script>\n<!-- \/ Yoast SEO plugin. -->","yoast_head_json":{"title":"OVH - Deveho","robots":{"index":"index","follow":"follow","max-snippet":"max-snippet:-1","max-image-preview":"max-image-preview:large","max-video-preview":"max-video-preview:-1"},"canonical":"https:\/\/deveho.com\/it\/servizi\/cloud-hosting\/ovh\/","og_locale":"it_IT","og_type":"article","og_title":"OVH - Deveho","og_description":"OVH \u00e8 un fornitore globale di cloud hyper-scale in Europa. OVH offre una vasta gamma di servizi IT per le imprese: dal web hosting ai data center virtuali, server dedicati, soluzioni di archiviazione e connessioni xDSL e VoIP, tutti i servizi beneficiano di una continua innovazione e si arricchiscono periodicamente di nuove funzionalit\u00e0.","og_url":"https:\/\/deveho.com\/it\/servizi\/cloud-hosting\/ovh\/","og_site_name":"Deveho","article_publisher":"https:\/\/www.facebook.com\/deveho","article_modified_time":"2022-12-05T13:04:24+00:00","twitter_card":"summary_large_image","twitter_site":"@Deveho1","twitter_misc":{"Tempo di lettura stimato":"2 minuti"},"schema":{"@context":"https:\/\/schema.org","@graph":[{"@type":"WebPage","@id":"https:\/\/deveho.com\/it\/servizi\/cloud-hosting\/ovh\/","url":"https:\/\/deveho.com\/it\/servizi\/cloud-hosting\/ovh\/","name":"OVH - Deveho","isPartOf":{"@id":"https:\/\/deveho.com\/#website"},"datePublished":"2022-05-09T09:02:12+00:00","dateModified":"2022-12-05T13:04:24+00:00","breadcrumb":{"@id":"https:\/\/deveho.com\/it\/servizi\/cloud-hosting\/ovh\/#breadcrumb"},"inLanguage":"it-IT","potentialAction":[{"@type":"ReadAction","target":["https:\/\/deveho.com\/it\/servizi\/cloud-hosting\/ovh\/"]}]},{"@type":"BreadcrumbList","@id":"https:\/\/deveho.com\/it\/servizi\/cloud-hosting\/ovh\/#breadcrumb","itemListElement":[{"@type":"ListItem","position":1,"name":"Home","item":"https:\/\/deveho.com\/it\/"},{"@type":"ListItem","position":2,"name":"Servizi","item":"https:\/\/deveho.com\/it\/servizi\/"},{"@type":"ListItem","position":3,"name":"Cloud &#038; Hosting","item":"https:\/\/deveho.com\/it\/servizi\/cloud-hosting\/"},{"@type":"ListItem","position":4,"name":"OVH"}]},{"@type":"WebSite","@id":"https:\/\/deveho.com\/#website","url":"https:\/\/deveho.com\/","name":"Deveho Consulting Group","description":"Let\u2019s boost your growth","publisher":{"@id":"https:\/\/deveho.com\/#organization"},"potentialAction":[{"@type":"SearchAction","target":{"@type":"EntryPoint","urlTemplate":"https:\/\/deveho.com\/?s={search_term_string}"},"query-input":{"@type":"PropertyValueSpecification","valueRequired":true,"valueName":"search_term_string"}}],"inLanguage":"it-IT"},{"@type":"Organization","@id":"https:\/\/deveho.com\/#organization","name":"Deveho Consulting Group","url":"https:\/\/deveho.com\/","logo":{"@type":"ImageObject","inLanguage":"it-IT","@id":"https:\/\/deveho.com\/#\/schema\/logo\/image\/","url":"https:\/\/deveho.com\/wp-content\/uploads\/2023\/02\/DEVEHO-LOGO-Baseline-COLOR.png","contentUrl":"https:\/\/deveho.com\/wp-content\/uploads\/2023\/02\/DEVEHO-LOGO-Baseline-COLOR.png","width":2251,"height":585,"caption":"Deveho Consulting Group"},"image":{"@id":"https:\/\/deveho.com\/#\/schema\/logo\/image\/"},"sameAs":["https:\/\/www.facebook.com\/deveho","https:\/\/x.com\/Deveho1","https:\/\/www.linkedin.com\/company\/deveho-consulting\/"]}]}},"_links":{"self":[{"href":"https:\/\/deveho.com\/it\/wp-json\/wp\/v2\/pages\/10157"}],"collection":[{"href":"https:\/\/deveho.com\/it\/wp-json\/wp\/v2\/pages"}],"about":[{"href":"https:\/\/deveho.com\/it\/wp-json\/wp\/v2\/types\/page"}],"author":[{"embeddable":true,"href":"https:\/\/deveho.com\/it\/wp-json\/wp\/v2\/users\/8"}],"replies":[{"embeddable":true,"href":"https:\/\/deveho.com\/it\/wp-json\/wp\/v2\/comments?post=10157"}],"version-history":[{"count":0,"href":"https:\/\/deveho.com\/it\/wp-json\/wp\/v2\/pages\/10157\/revisions"}],"up":[{"embeddable":true,"href":"https:\/\/deveho.com\/it\/wp-json\/wp\/v2\/pages\/10188"}],"wp:attachment":[{"href":"https:\/\/deveho.com\/it\/wp-json\/wp\/v2\/media?parent=10157"}],"curies":[{"name":"wp","href":"https:\/\/api.w.org\/{rel}","templated":true}]}}