{"id":10176,"date":"2022-05-09T11:18:51","date_gmt":"2022-05-09T11:18:51","guid":{"rendered":"https:\/\/deveho2.sfdbeta.be\/servizi-di-implementazione-di-sage-x3\/"},"modified":"2022-10-27T10:48:09","modified_gmt":"2022-10-27T08:48:09","slug":"servizi-di-implementazione-di-sage-x3","status":"publish","type":"page","link":"https:\/\/deveho.com\/it\/servizi\/servizi-di-implementazione-di-sage-x3\/","title":{"rendered":"Servizi di implementazione di Sage X3"},"content":{"rendered":"<br \/>\n<h2><\/h2>\n<h3><b>Deveho Implementazione Conoscenza <\/b><\/h3>\n<h3><\/h3>\n<p><p>L&#8217;implementazione di un software gestionale ha molti vantaggi. Pu\u00f2 migliorare le prestazioni aziendali, l&#8217;integrit\u00e0 dei dati, la conformit\u00e0 organizzativa e l&#8217;interazione tra progetti, team e uffici.<\/p>\n<p>Il nostro team ha ampie capacit\u00e0 multi-legali, multi-fiscali e multilingue con un&#8217;esperienza completa nell&#8217;implementazione e nella consegna di progetti internazionali.<\/p>\n<p>Con oltre 15 anni di esperienza in Sage X3, le nostre aree di interesse coprono tutti gli aspetti dell&#8217;implementazione.<\/p>\n<\/p>\n<h2><\/h2>\n<h3>Implementazione Sage X3<\/h3>\n<h3>Per ottenere un&#8217;implementazione di successo entro il tempo di consegna stimato, le nostre metodologie si basano sui seguenti principi:<\/h3>\n<\/p>\n<h2><\/h2>\n<h3>Pagine Correlate<\/h3>\n<\/p>\n<h3><\/h3>\n<\/p>\n<h3><\/h3><\/p>\n","protected":false},"excerpt":{"rendered":"<p>DEVEHO Consulting Group offre il massimo livello di implementazione strategica di Sage, semplificando al contempo i processi aziendali e garantendo che le applicazioni siano perfettamente integrate per creare un&#8217;unica soluzione.<\/p>\n","protected":false},"author":3,"featured_media":0,"parent":10240,"menu_order":0,"comment_status":"closed","ping_status":"closed","template":"templates\/template-prod_serv.php","meta":{"_acf_changed":false,"footnotes":""},"class_list":["post-10176","page","type-page","status-publish","hentry"],"acf":[],"yoast_head":"<!-- This site is optimized with the Yoast SEO plugin v23.5 - https:\/\/yoast.com\/wordpress\/plugins\/seo\/ -->\n<title>Servizi di implementazione di Sage X3 - Deveho<\/title>\n<meta name=\"robots\" content=\"index, follow, max-snippet:-1, max-image-preview:large, max-video-preview:-1\" \/>\n<link rel=\"canonical\" href=\"https:\/\/deveho.com\/services\/sage-x3-implementation-services\/\" \/>\n<meta property=\"og:locale\" content=\"it_IT\" \/>\n<meta property=\"og:type\" content=\"article\" \/>\n<meta property=\"og:title\" content=\"Servizi di implementazione di Sage X3 - Deveho\" \/>\n<meta property=\"og:description\" content=\"DEVEHO Consulting Group offre il massimo livello di implementazione strategica di Sage, semplificando al contempo i processi aziendali e garantendo che le applicazioni siano perfettamente integrate per creare un&#039;unica soluzione.\" \/>\n<meta property=\"og:url\" content=\"https:\/\/deveho.com\/services\/sage-x3-implementation-services\/\" \/>\n<meta property=\"og:site_name\" content=\"Deveho\" \/>\n<meta property=\"article:publisher\" content=\"https:\/\/www.facebook.com\/deveho\" \/>\n<meta property=\"article:modified_time\" content=\"2022-10-27T08:48:09+00:00\" \/>\n<meta name=\"twitter:card\" content=\"summary_large_image\" \/>\n<meta name=\"twitter:site\" content=\"@Deveho1\" \/>\n<script type=\"application\/ld+json\" class=\"yoast-schema-graph\">{\"@context\":\"https:\/\/schema.org\",\"@graph\":[{\"@type\":\"WebPage\",\"@id\":\"https:\/\/deveho.com\/services\/sage-x3-implementation-services\/\",\"url\":\"https:\/\/deveho.com\/services\/sage-x3-implementation-services\/\",\"name\":\"Servizi di implementazione di Sage X3 - Deveho\",\"isPartOf\":{\"@id\":\"https:\/\/deveho.com\/#website\"},\"datePublished\":\"2022-05-09T11:18:51+00:00\",\"dateModified\":\"2022-10-27T08:48:09+00:00\",\"breadcrumb\":{\"@id\":\"https:\/\/deveho.com\/services\/sage-x3-implementation-services\/#breadcrumb\"},\"inLanguage\":\"it-IT\",\"potentialAction\":[{\"@type\":\"ReadAction\",\"target\":[\"https:\/\/deveho.com\/services\/sage-x3-implementation-services\/\"]}]},{\"@type\":\"BreadcrumbList\",\"@id\":\"https:\/\/deveho.com\/services\/sage-x3-implementation-services\/#breadcrumb\",\"itemListElement\":[{\"@type\":\"ListItem\",\"position\":1,\"name\":\"Home\",\"item\":\"https:\/\/deveho.com\/it\/\"},{\"@type\":\"ListItem\",\"position\":2,\"name\":\"Servizi\",\"item\":\"https:\/\/deveho.com\/it\/servizi\/\"},{\"@type\":\"ListItem\",\"position\":3,\"name\":\"Servizi di implementazione di Sage X3\"}]},{\"@type\":\"WebSite\",\"@id\":\"https:\/\/deveho.com\/#website\",\"url\":\"https:\/\/deveho.com\/\",\"name\":\"Deveho Consulting Group\",\"description\":\"Let\u2019s boost your growth\",\"publisher\":{\"@id\":\"https:\/\/deveho.com\/#organization\"},\"potentialAction\":[{\"@type\":\"SearchAction\",\"target\":{\"@type\":\"EntryPoint\",\"urlTemplate\":\"https:\/\/deveho.com\/?s={search_term_string}\"},\"query-input\":{\"@type\":\"PropertyValueSpecification\",\"valueRequired\":true,\"valueName\":\"search_term_string\"}}],\"inLanguage\":\"it-IT\"},{\"@type\":\"Organization\",\"@id\":\"https:\/\/deveho.com\/#organization\",\"name\":\"Deveho Consulting Group\",\"url\":\"https:\/\/deveho.com\/\",\"logo\":{\"@type\":\"ImageObject\",\"inLanguage\":\"it-IT\",\"@id\":\"https:\/\/deveho.com\/#\/schema\/logo\/image\/\",\"url\":\"https:\/\/deveho.com\/wp-content\/uploads\/2023\/02\/DEVEHO-LOGO-Baseline-COLOR.png\",\"contentUrl\":\"https:\/\/deveho.com\/wp-content\/uploads\/2023\/02\/DEVEHO-LOGO-Baseline-COLOR.png\",\"width\":2251,\"height\":585,\"caption\":\"Deveho Consulting Group\"},\"image\":{\"@id\":\"https:\/\/deveho.com\/#\/schema\/logo\/image\/\"},\"sameAs\":[\"https:\/\/www.facebook.com\/deveho\",\"https:\/\/x.com\/Deveho1\",\"https:\/\/www.linkedin.com\/company\/deveho-consulting\/\"]}]}<\/script>\n<!-- \/ Yoast SEO plugin. -->","yoast_head_json":{"title":"Servizi di implementazione di Sage X3 - Deveho","robots":{"index":"index","follow":"follow","max-snippet":"max-snippet:-1","max-image-preview":"max-image-preview:large","max-video-preview":"max-video-preview:-1"},"canonical":"https:\/\/deveho.com\/services\/sage-x3-implementation-services\/","og_locale":"it_IT","og_type":"article","og_title":"Servizi di implementazione di Sage X3 - Deveho","og_description":"DEVEHO Consulting Group offre il massimo livello di implementazione strategica di Sage, semplificando al contempo i processi aziendali e garantendo che le applicazioni siano perfettamente integrate per creare un'unica soluzione.","og_url":"https:\/\/deveho.com\/services\/sage-x3-implementation-services\/","og_site_name":"Deveho","article_publisher":"https:\/\/www.facebook.com\/deveho","article_modified_time":"2022-10-27T08:48:09+00:00","twitter_card":"summary_large_image","twitter_site":"@Deveho1","schema":{"@context":"https:\/\/schema.org","@graph":[{"@type":"WebPage","@id":"https:\/\/deveho.com\/services\/sage-x3-implementation-services\/","url":"https:\/\/deveho.com\/services\/sage-x3-implementation-services\/","name":"Servizi di implementazione di Sage X3 - Deveho","isPartOf":{"@id":"https:\/\/deveho.com\/#website"},"datePublished":"2022-05-09T11:18:51+00:00","dateModified":"2022-10-27T08:48:09+00:00","breadcrumb":{"@id":"https:\/\/deveho.com\/services\/sage-x3-implementation-services\/#breadcrumb"},"inLanguage":"it-IT","potentialAction":[{"@type":"ReadAction","target":["https:\/\/deveho.com\/services\/sage-x3-implementation-services\/"]}]},{"@type":"BreadcrumbList","@id":"https:\/\/deveho.com\/services\/sage-x3-implementation-services\/#breadcrumb","itemListElement":[{"@type":"ListItem","position":1,"name":"Home","item":"https:\/\/deveho.com\/it\/"},{"@type":"ListItem","position":2,"name":"Servizi","item":"https:\/\/deveho.com\/it\/servizi\/"},{"@type":"ListItem","position":3,"name":"Servizi di implementazione di Sage X3"}]},{"@type":"WebSite","@id":"https:\/\/deveho.com\/#website","url":"https:\/\/deveho.com\/","name":"Deveho Consulting Group","description":"Let\u2019s boost your growth","publisher":{"@id":"https:\/\/deveho.com\/#organization"},"potentialAction":[{"@type":"SearchAction","target":{"@type":"EntryPoint","urlTemplate":"https:\/\/deveho.com\/?s={search_term_string}"},"query-input":{"@type":"PropertyValueSpecification","valueRequired":true,"valueName":"search_term_string"}}],"inLanguage":"it-IT"},{"@type":"Organization","@id":"https:\/\/deveho.com\/#organization","name":"Deveho Consulting Group","url":"https:\/\/deveho.com\/","logo":{"@type":"ImageObject","inLanguage":"it-IT","@id":"https:\/\/deveho.com\/#\/schema\/logo\/image\/","url":"https:\/\/deveho.com\/wp-content\/uploads\/2023\/02\/DEVEHO-LOGO-Baseline-COLOR.png","contentUrl":"https:\/\/deveho.com\/wp-content\/uploads\/2023\/02\/DEVEHO-LOGO-Baseline-COLOR.png","width":2251,"height":585,"caption":"Deveho Consulting Group"},"image":{"@id":"https:\/\/deveho.com\/#\/schema\/logo\/image\/"},"sameAs":["https:\/\/www.facebook.com\/deveho","https:\/\/x.com\/Deveho1","https:\/\/www.linkedin.com\/company\/deveho-consulting\/"]}]}},"_links":{"self":[{"href":"https:\/\/deveho.com\/it\/wp-json\/wp\/v2\/pages\/10176"}],"collection":[{"href":"https:\/\/deveho.com\/it\/wp-json\/wp\/v2\/pages"}],"about":[{"href":"https:\/\/deveho.com\/it\/wp-json\/wp\/v2\/types\/page"}],"author":[{"embeddable":true,"href":"https:\/\/deveho.com\/it\/wp-json\/wp\/v2\/users\/3"}],"replies":[{"embeddable":true,"href":"https:\/\/deveho.com\/it\/wp-json\/wp\/v2\/comments?post=10176"}],"version-history":[{"count":0,"href":"https:\/\/deveho.com\/it\/wp-json\/wp\/v2\/pages\/10176\/revisions"}],"up":[{"embeddable":true,"href":"https:\/\/deveho.com\/it\/wp-json\/wp\/v2\/pages\/10240"}],"wp:attachment":[{"href":"https:\/\/deveho.com\/it\/wp-json\/wp\/v2\/media?parent=10176"}],"curies":[{"name":"wp","href":"https:\/\/api.w.org\/{rel}","templated":true}]}}